{"id":11759,"date":"2022-02-10T14:17:45","date_gmt":"2022-02-10T13:17:45","guid":{"rendered":"https:\/\/www.campingvaldevie.fr\/?page_id=11759"},"modified":"2022-03-08T13:58:21","modified_gmt":"2022-03-08T12:58:21","slug":"erfahrungen-neugierige-familie","status":"publish","type":"page","link":"https:\/\/www.campingvaldevie.fr\/de\/experiences-famille-curieuse\/","title":{"rendered":"Erfahrung 100% neugierige Familie"},"content":{"rendered":"<div class=\"wp-block-columns is-layout-flex wp-container-core-columns-is-layout-9d6595d7 wp-block-columns-is-layout-flex\">\n<div class=\"wp-block-column is-layout-flow wp-block-column-is-layout-flow\" style=\"flex-basis:66.66%\">\n<div class=\"wp-block-create-block-sev-encartsimplebg\"><aside class=\"encart-simplebg-sev big\"><a href=\"https:\/\/www.campingvaldevie.fr\/de\/erfahrung-neugierige-familie\/\" class=\"d-flex flex-column align-items-center\"><div class=\"encart-title\"><span>Erlebnisse 100% neugierige Familie: Tag 1<\/span><\/div><img decoding=\"async\" src=\"https:\/\/www.campingvaldevie.fr\/wp-content\/uploads\/2018\/02\/ile-d-yeu-cote-rocheuse.jpg\" alt=\"felsige K\u00fcste der Ile d&#039;Yeu\"\/><button class=\"btn\"><\/button><\/a><\/aside><\/div>\n<\/div>\n\n\n\n<div class=\"wp-block-column is-layout-flow wp-block-column-is-layout-flow\" style=\"flex-basis:33.33%\">\n<div class=\"wp-block-create-block-sev-encartsimplebg\"><aside class=\"encart-simplebg-sev big\"><a href=\"https:\/\/www.campingvaldevie.fr\/de\/experiment-neugierige-familie-2\/\" class=\"d-flex flex-column align-items-center\"><div class=\"encart-title\"><span>Erlebnisse 100% Neugierige Familie: Tag 2<\/span><\/div><img decoding=\"async\" src=\"https:\/\/www.campingvaldevie.fr\/wp-content\/uploads\/2018\/01\/oglissPark-toboggans.jpg\" alt=\"o gliss park\"\/><button class=\"btn\"><\/button><\/a><\/aside><\/div>\n<\/div>\n<\/div>\n\n\n\n<div class=\"wp-block-columns is-layout-flex wp-container-core-columns-is-layout-9d6595d7 wp-block-columns-is-layout-flex\">\n<div class=\"wp-block-column is-layout-flow wp-block-column-is-layout-flow\">\n<div class=\"wp-block-create-block-sev-encartsimplebg\"><aside class=\"encart-simplebg-sev big\"><a href=\"https:\/\/www.campingvaldevie.fr\/de\/experiment-neugierige-familie-3\/\" class=\"d-flex flex-column align-items-center\"><div class=\"encart-title\"><span>Erlebnisse 100% neugierige Familie: Tag 3<\/span><\/div><img decoding=\"async\" src=\"https:\/\/www.campingvaldevie.fr\/wp-content\/uploads\/2022\/02\/Historial-de-la-vendee-Tapisserie-medievale.jpg\" alt=\"historial de la Vend\u00e9e\"\/><button class=\"btn\"><\/button><\/a><\/aside><\/div>\n<\/div>\n<\/div>","protected":false},"excerpt":{"rendered":"","protected":false},"author":1,"featured_media":0,"parent":0,"menu_order":0,"comment_status":"closed","ping_status":"closed","template":"","meta":{"_seopress_robots_primary_cat":"","_seopress_titles_title":"Exp\u00e9riences 100% famille curieuse - Vacances en Vend\u00e9e","_seopress_titles_desc":"Choisissez l&#039;exp\u00e9rience vacances qui vous ressemble et vivez un s\u00e9jour inoubliable au coeur du d\u00e9partement vend\u00e9en","_seopress_robots_index":"","footnotes":""},"class_list":["post-11759","page","type-page","status-publish","hentry"],"_links":{"self":[{"href":"https:\/\/www.campingvaldevie.fr\/de\/wp-json\/wp\/v2\/pages\/11759","targetHints":{"allow":["GET"]}}],"collection":[{"href":"https:\/\/www.campingvaldevie.fr\/de\/wp-json\/wp\/v2\/pages"}],"about":[{"href":"https:\/\/www.campingvaldevie.fr\/de\/wp-json\/wp\/v2\/types\/page"}],"author":[{"embeddable":true,"href":"https:\/\/www.campingvaldevie.fr\/de\/wp-json\/wp\/v2\/users\/1"}],"replies":[{"embeddable":true,"href":"https:\/\/www.campingvaldevie.fr\/de\/wp-json\/wp\/v2\/comments?post=11759"}],"version-history":[{"count":10,"href":"https:\/\/www.campingvaldevie.fr\/de\/wp-json\/wp\/v2\/pages\/11759\/revisions"}],"predecessor-version":[{"id":12401,"href":"https:\/\/www.campingvaldevie.fr\/de\/wp-json\/wp\/v2\/pages\/11759\/revisions\/12401"}],"wp:attachment":[{"href":"https:\/\/www.campingvaldevie.fr\/de\/wp-json\/wp\/v2\/media?parent=11759"}],"curies":[{"name":"wp","href":"https:\/\/api.w.org\/{rel}","templated":true}]}}