{"id":11959,"date":"2022-02-11T11:18:39","date_gmt":"2022-02-11T10:18:39","guid":{"rendered":"https:\/\/www.campingvaldevie.fr\/?page_id=11959"},"modified":"2024-07-23T14:40:53","modified_gmt":"2024-07-23T12:40:53","slug":"freizeitparks","status":"publish","type":"page","link":"https:\/\/www.campingvaldevie.fr\/de\/parcs-de-loisirs\/","title":{"rendered":"Freizeitparks"},"content":{"rendered":"<div class=\"wp-block-columns is-layout-flex wp-container-core-columns-is-layout-9d6595d7 wp-block-columns-is-layout-flex\">\n<div class=\"wp-block-column is-layout-flow wp-block-column-is-layout-flow\">\n<div class=\"wp-block-create-block-sev-encartsimplebg\"><aside class=\"encart-simplebg-sev big\"><a href=\"\/de\/freizeitparks\/le-puy-du-fou\/\" class=\"d-flex flex-column align-items-center\"><div class=\"encart-title\"><span>Puy du Fou<\/span><\/div><img decoding=\"async\" src=\"https:\/\/www.campingvaldevie.fr\/wp-content\/uploads\/2018\/01\/Copyright_Puy_du_Fou_Vendee_Expansion_Vikings-Copier.jpg\" alt=\"Puy du fou\"\/><button class=\"btn\"><\/button><\/a><\/aside><\/div>\n<\/div>\n\n\n\n<div class=\"wp-block-column is-layout-flow wp-block-column-is-layout-flow\">\n<div class=\"wp-block-create-block-sev-encartsimplebg\"><aside class=\"encart-simplebg-sev big\"><a href=\"https:\/\/www.campingvaldevie.fr\/de\/die-grose-herausforderung\/\" class=\"d-flex flex-column align-items-center\"><div class=\"encart-title\"><span>Die gro\u00dfe Herausforderung<\/span><\/div><img decoding=\"async\" src=\"https:\/\/www.campingvaldevie.fr\/wp-content\/uploads\/2018\/01\/lamoureux-granddefi.jpg\" alt=\"camping proche le grand d\u00e9fi\"\/><button class=\"btn\"><\/button><\/a><\/aside><\/div>\n<\/div>\n<\/div>\n\n\n\n<div class=\"wp-block-columns is-layout-flex wp-container-core-columns-is-layout-9d6595d7 wp-block-columns-is-layout-flex\">\n<div class=\"wp-block-column is-layout-flow wp-block-column-is-layout-flow\" style=\"flex-basis:60%\">\n<div class=\"wp-block-create-block-sev-encartsimplebg\"><aside class=\"encart-simplebg-sev big\"><a href=\"https:\/\/www.campingvaldevie.fr\/de\/o-park\/\" class=\"d-flex flex-column align-items-center\"><div class=\"encart-title\"><span>O'fun park &amp; O'gliss park<\/span><\/div><img decoding=\"async\" src=\"https:\/\/www.campingvaldevie.fr\/wp-content\/uploads\/2018\/01\/ogliss-park-moutiers-mauxfaits-vendee-1.jpg\" alt=\"o gliss park\"\/><button class=\"btn\"><\/button><\/a><\/aside><\/div>\n<\/div>\n\n\n\n<div class=\"wp-block-column is-layout-flow wp-block-column-is-layout-flow\" style=\"flex-basis:40%\">\n<div class=\"wp-block-create-block-sev-encartsimplebg\"><aside class=\"encart-simplebg-sev big\"><a href=\"https:\/\/www.campingvaldevie.fr\/de\/wildplanete\/\" class=\"d-flex flex-column align-items-center\"><div class=\"encart-title\"><span>Wilder Planet<\/span><\/div><img decoding=\"async\" src=\"https:\/\/www.campingvaldevie.fr\/wp-content\/uploads\/2018\/02\/planete-sauvage-port-saint-pere-IMG_8288.jpg\" alt=\"Wilder Planet\"\/><button class=\"btn\"><\/button><\/a><\/aside><\/div>\n<\/div>\n<\/div>","protected":false},"excerpt":{"rendered":"","protected":false},"author":1,"featured_media":0,"parent":0,"menu_order":0,"comment_status":"closed","ping_status":"closed","template":"","meta":{"_seopress_robots_primary_cat":"","_seopress_titles_title":"Camping situ\u00e9 proche des parcs de loisirs en Vend\u00e9e","_seopress_titles_desc":"Camping situ\u00e9 proche des parcs de loisirs en Vend\u00e9e ; Puy du Fou, Grand d\u00e9fi, O'fun park ou encore O'Gliss park","_seopress_robots_index":"","footnotes":""},"class_list":["post-11959","page","type-page","status-publish","hentry"],"_links":{"self":[{"href":"https:\/\/www.campingvaldevie.fr\/de\/wp-json\/wp\/v2\/pages\/11959","targetHints":{"allow":["GET"]}}],"collection":[{"href":"https:\/\/www.campingvaldevie.fr\/de\/wp-json\/wp\/v2\/pages"}],"about":[{"href":"https:\/\/www.campingvaldevie.fr\/de\/wp-json\/wp\/v2\/types\/page"}],"author":[{"embeddable":true,"href":"https:\/\/www.campingvaldevie.fr\/de\/wp-json\/wp\/v2\/users\/1"}],"replies":[{"embeddable":true,"href":"https:\/\/www.campingvaldevie.fr\/de\/wp-json\/wp\/v2\/comments?post=11959"}],"version-history":[{"count":5,"href":"https:\/\/www.campingvaldevie.fr\/de\/wp-json\/wp\/v2\/pages\/11959\/revisions"}],"predecessor-version":[{"id":25142,"href":"https:\/\/www.campingvaldevie.fr\/de\/wp-json\/wp\/v2\/pages\/11959\/revisions\/25142"}],"wp:attachment":[{"href":"https:\/\/www.campingvaldevie.fr\/de\/wp-json\/wp\/v2\/media?parent=11959"}],"curies":[{"name":"wp","href":"https:\/\/api.w.org\/{rel}","templated":true}]}}