{"id":1384,"date":"2018-01-10T11:59:17","date_gmt":"2018-01-10T10:59:17","guid":{"rendered":"https:\/\/www.campingvaldevie.fr\/?page_id=1384"},"modified":"2023-12-12T15:09:39","modified_gmt":"2023-12-12T14:09:39","slug":"ile-de-noirmoutier","status":"publish","type":"page","link":"https:\/\/www.campingvaldevie.fr\/de\/tourisme-vendee\/ile-de-noirmoutier\/","title":{"rendered":"Urlaub in der Vend\u00e9e: Kurs auf die Insel Noirmoutier"},"content":{"rendered":"<div class=\"wp-block-media-text has-media-on-the-right is-stacked-on-mobile\" style=\"grid-template-columns:auto 40%\"><div class=\"wp-block-media-text__content\">\n<h2 class=\"wp-block-heading has-text-align-left\">Die Insel Noirmoutier: ein au\u00dfergew\u00f6hnlicher Urlaubsort in der Vend\u00e9e<\/h2>\n\n\n\n<p class=\"translation-block\">Wenn Sie vom Festland kommen und gerade die Br\u00fccke von Noirmoutier oder auch die Passage du Gois passiert haben, werden Sie diese respektvolle Insel finden! Im Golf von Biskaya stellt <strong>die Insel Noirmoutier<\/strong> einen der angenehmsten Urlaubsorte im Westen Frankreichs dar. Sie liegt <strong>weniger als eine Stunde von unserem <\/strong><a href=\"\/de\/\" target=\"_self\"><strong>Campingplatz in der Vend\u00e9e<\/strong><\/a> entfernt.<\/p>\n\n\n\n<p class=\"translation-block\">Die Ile de Noirmoutier ist das <strong>Naturreiseziel <\/strong>der K\u00fcste der Vend\u00e9e mit einer unglaublichen <strong>Landschaftsvielfalt<\/strong>: Str\u00e4nde, W\u00e4lder, S\u00fcmpfe und D\u00fcnen, eine bemerkenswerte Fauna und Flora. Ein Tag auf der Insel und Sie kommen wie ausgewechselt zur\u00fcck! Sie k\u00f6nnen dort sch\u00f6ne <strong>Radtouren<\/strong> auf dem Deich unternehmen, Sie finden dort ein gesch\u00fctztes und klassifiziertes <strong>\"Regionales Naturreservat\"<\/strong> (zahlreiche Wissenschaftler und Naturliebhaber treffen sich dort zur ornithologischen Beobachtung; 170 Vogelarten sind z. B. auf dem Polder S\u00e9bastopol zu sehen!).<\/p>\n\n\n\n<p class=\"translation-block\">Sie k\u00f6nnen auch die <strong>zahlreichen verschiedenen Str\u00e4nde<\/strong> genie\u00dfen, die sich durch ihr Aussehen unterscheiden, sie befinden sich rund um die Insel. Dort finden Sie typische <strong>H\u00e4user<\/strong> und kleine, blumengeschm\u00fcckte Gassen. Schlie\u00dflich k\u00f6nnen Sie die lokale K\u00fcche mit Meeresfr\u00fcchten probieren oder auch die <strong>Salzg\u00e4rten <\/strong> bewundern und das Geheimnis des wei\u00dfen Goldes entdecken...<br><strong>Die Insel Noirmoutier <\/strong> hat f\u00fcr Jung und Alt etwas zu bieten! Alle Voraussetzungen sind gegeben, um <strong>den Besuchern qualitativ hochwertige Momente<\/strong> vor Ort zu bieten. Dies gilt umso mehr, als sie aufgrund ihrer Gr\u00f6\u00dfe an einem Tag besichtigt werden kann.<\/p>\n<\/div><figure class=\"wp-block-media-text__media\"><img loading=\"lazy\" decoding=\"async\" width=\"1024\" height=\"683\" src=\"https:\/\/www.campingvaldevie.fr\/wp-content\/uploads\/2023\/12\/visiter-noirmoutier.jpg\" alt=\"tourismus schwarzmoutier\" class=\"wp-image-22997 size-full\" srcset=\"https:\/\/www.campingvaldevie.fr\/wp-content\/uploads\/2023\/12\/visiter-noirmoutier.jpg 1024w, https:\/\/www.campingvaldevie.fr\/wp-content\/uploads\/2023\/12\/visiter-noirmoutier-300x200.jpg 300w, https:\/\/www.campingvaldevie.fr\/wp-content\/uploads\/2023\/12\/visiter-noirmoutier-768x512.jpg 768w\" sizes=\"auto, (max-width: 1024px) 100vw, 1024px\" \/><\/figure><\/div>\n\n\n\n<div style=\"height:30px\" aria-hidden=\"true\" class=\"wp-block-spacer\"><\/div>\n\n\n\n<div class=\"wp-block-media-text is-stacked-on-mobile\" style=\"grid-template-columns:40% auto\"><figure class=\"wp-block-media-text__media\"><img loading=\"lazy\" decoding=\"async\" width=\"1024\" height=\"683\" src=\"https:\/\/www.campingvaldevie.fr\/wp-content\/uploads\/2023\/12\/marais-salants-noirmoutier.jpg\" alt=\"Salzg\u00e4rten noirmoutier\" class=\"wp-image-23001 size-full\" srcset=\"https:\/\/www.campingvaldevie.fr\/wp-content\/uploads\/2023\/12\/marais-salants-noirmoutier.jpg 1024w, https:\/\/www.campingvaldevie.fr\/wp-content\/uploads\/2023\/12\/marais-salants-noirmoutier-300x200.jpg 300w, https:\/\/www.campingvaldevie.fr\/wp-content\/uploads\/2023\/12\/marais-salants-noirmoutier-768x512.jpg 768w\" sizes=\"auto, (max-width: 1024px) 100vw, 1024px\" \/><\/figure><div class=\"wp-block-media-text__content\">\n<h2 class=\"wp-block-heading has-text-align-left\">Was kann man auf der Insel Noirmoutier besichtigen?<\/h2>\n\n\n\n<p class=\"translation-block\"><strong>Die Insel Noirmoutier <\/strong>erf\u00fcllt die Erwartungen aller Urlauberprofile. Liebhaber der Natur? Begeistert von Wassersportarten? Auf der Suche nach neuen kulinarischen Entdeckungen? Lust, einige der sch\u00f6nsten Kulturg\u00fcter in der Vend\u00e9e zu besichtigen? Wenn Sie mit der Familie, mit Freunden oder allein in der Region unterwegs sind, sollten Sie sich<strong> die unumg\u00e4nglichen Sehensw\u00fcrdigkeiten der Insel <\/strong> laut Besuchermeinungen nicht entgehen lassen.<\/p>\n\n\n\n<h3 class=\"wp-block-heading\">Die Salzg\u00e4rten<\/h3>\n\n\n\n<p class=\"translation-block\">Es ist unm\u00f6glich, auf der Insel Noirmoutier vorbeizukommen, ohne <strong>die Salzg\u00e4rten<\/strong> zu besuchen. Die Salzg\u00e4rten, die seit dem V<sup>. Jahrhundert das Wahrzeichen der Insel sind, sind typische Landschaften, die sich durch mosaikartige <strong>Becken<\/strong> auszeichnen, die Sie zu den Saunag\u00e4ngern f\u00fchren.<\/p>\n<\/div><\/div>\n\n\n\n<div style=\"height:30px\" aria-hidden=\"true\" class=\"wp-block-spacer\"><\/div>\n\n\n\n<div class=\"wp-block-media-text has-media-on-the-right is-stacked-on-mobile\" style=\"grid-template-columns:auto 40%\"><div class=\"wp-block-media-text__content\">\n<h3 class=\"wp-block-heading\">Der Bois de la Chaise<\/h3>\n\n\n\n<p class=\"translation-block\">Der Bois de la Chaise ist<strong> die gr\u00fcne Lunge der Insel<\/strong>. Eine Zeit in Le Bois de la Chaise zu verbringen, klingt vielversprechend. Hier finden Sie die sch\u00f6nsten Str\u00e4nde der <strong>Insel Noirmoutier<\/strong>. Zum Beispiel: der Strand von Souzeaux, der Strand von Anse Rouge oder auch der Strand von Dames, die Nr. 1 der Str\u00e4nde auf der Insel im XX<sup>e<\/sup> Jahrhundert. Sein<strong> Wald aus Mimosen<\/strong>, Eichen und Strandkiefern sowie seine kleinen, charaktervollen Chalets verleihen dem Bois de la Chaise unter anderem eine angenehme Atmosph\u00e4re<strong>, die zur Entspannung und zum Tapetenwechsel anregt<\/strong>.<\/p>\n\n\n\n<h3 class=\"wp-block-heading\">Noirmoutier-en-l'\u00cele<\/h3>\n\n\n\n<p class=\"translation-block\">Verlieren Sie sich in den charmanten Gassen mit <strong>wei\u00dfen H\u00e4uschen mit blauen Fensterl\u00e4den<\/strong> der Inselhauptstadt. Hier k\u00f6nnen Sie auch die Kirche Saint-Philibert und das ber\u00fchmte Hotel Jacobsen entdecken. Auch die anderen D\u00f6rfer in der N\u00e4he erwarten Sie: La Gu\u00e9rini\u00e8re, Barb\u00e2tre, L'Herbaudi\u00e8re und L'\u00c9pine.<\/p>\n<\/div><figure class=\"wp-block-media-text__media\"><img loading=\"lazy\" decoding=\"async\" width=\"1024\" height=\"683\" src=\"https:\/\/www.campingvaldevie.fr\/wp-content\/uploads\/2023\/12\/bois-de-la-chaise-noirmoutier.jpg\" alt=\"bois de la chaise noirmoutier\" class=\"wp-image-23005 size-full\" srcset=\"https:\/\/www.campingvaldevie.fr\/wp-content\/uploads\/2023\/12\/bois-de-la-chaise-noirmoutier.jpg 1024w, https:\/\/www.campingvaldevie.fr\/wp-content\/uploads\/2023\/12\/bois-de-la-chaise-noirmoutier-300x200.jpg 300w, https:\/\/www.campingvaldevie.fr\/wp-content\/uploads\/2023\/12\/bois-de-la-chaise-noirmoutier-768x512.jpg 768w\" sizes=\"auto, (max-width: 1024px) 100vw, 1024px\" \/><\/figure><\/div>\n\n\n\n<div style=\"height:30px\" aria-hidden=\"true\" class=\"wp-block-spacer\"><\/div>\n\n\n\n<div class=\"wp-block-media-text is-stacked-on-mobile\" style=\"grid-template-columns:40% auto\"><figure class=\"wp-block-media-text__media\"><img loading=\"lazy\" decoding=\"async\" width=\"1024\" height=\"683\" src=\"https:\/\/www.campingvaldevie.fr\/wp-content\/uploads\/2023\/12\/passage-du-gois-noirmoutier.jpg\" alt=\"passage du gois noirmoutier\" class=\"wp-image-23009 size-full\" srcset=\"https:\/\/www.campingvaldevie.fr\/wp-content\/uploads\/2023\/12\/passage-du-gois-noirmoutier.jpg 1024w, https:\/\/www.campingvaldevie.fr\/wp-content\/uploads\/2023\/12\/passage-du-gois-noirmoutier-300x200.jpg 300w, https:\/\/www.campingvaldevie.fr\/wp-content\/uploads\/2023\/12\/passage-du-gois-noirmoutier-768x512.jpg 768w\" sizes=\"auto, (max-width: 1024px) 100vw, 1024px\" \/><\/figure><div class=\"wp-block-media-text__content\">\n<h3 class=\"wp-block-heading\">Der Hafen von L'Herbaudi\u00e8re<\/h3>\n\n\n\n<p class=\"translation-block\">Dieser Hafen befindet sich im Norden der<strong> Insel Noirmoutier,<\/strong> es handelt sich um den <strong>ersten in der Vend\u00e9e angelegten Yachthafen<\/strong>. Wenn Sie Lust auf eine kleine Kreuzfahrt haben, sind Sie hier an der richtigen Stelle. L'Herbaudi\u00e8re beherbergt auch einen Fischereihafen sowie zahlreiche kleine Einkaufsl\u00e4den und Restaurants, in denen Sie die Gelegenheit haben, <strong>die Bonnotte<\/strong>, die auf der Insel angebaute Kartoffel, zu probieren.<\/p>\n\n\n\n<h2 class=\"wp-block-heading has-text-align-left\">Noirmoutier: Zoom auf die Passage du Gois\u00a0<\/h2>\n\n\n\n<p class=\"translation-block\">Diese 4 km lange, legend\u00e4re <strong>Fahrbahn<\/strong> erm\u00f6glicht es, die Insel Noirmoutier vom Festland aus bei Ebbe zu erreichen. <strong>Die \u00dcberquerung dieser Stra\u00dfe<\/strong> geh\u00f6rt zu den Vorzeigeaktivit\u00e4ten in Noirmoutier. Die erst k\u00fcrzlich als <strong>\"Site d'int\u00e9r\u00eat national et patrimonial\"<\/strong> eingestufte Passage du Gois verbindet bei Ebbe das Festland mit der <strong>Insel Noirmoutier<\/strong>. Es ist ein einzigartiger Ort in Europa und ein Sonnenuntergang \u00fcber dem Gois ist ein au\u00dfergew\u00f6hnlicher Moment... Sch\u00f6ne Fotos sind garantiert!<\/p>\n<\/div><\/div>\n\n\n\n<div style=\"height:30px\" aria-hidden=\"true\" class=\"wp-block-spacer\"><\/div>\n\n\n\n<div class=\"wp-block-media-text has-media-on-the-right is-stacked-on-mobile\" style=\"grid-template-columns:auto 40%\"><div class=\"wp-block-media-text__content\">\n<p class=\"translation-block\">Die Passage du Gois ist ber\u00fchmt f\u00fcr ihren<strong> Reichtum an Venusmuscheln, Herzmuscheln und wilden Austern<\/strong>. Das Angeln zu Fu\u00df hat hier Tradition! Sie k\u00f6nnen mit dem Auto dorthin fahren und auf der Sandbank parken. Allerdings sollten Sie sich vor den Gezeiten in Acht nehmen, <strong>informieren Sie sich vorher <\/strong>an den Anzeigetafeln auf beiden Seiten der Passage. Jedes Jahr lassen mehrere Touristen ihr Auto im Meer stehen, weil sie vom steigenden Wasser \u00fcberrascht wurden!<\/p>\n\n\n\n<p>Im Juni sollten Sie den ber\u00fchmten \"Lauf gegen das Meer\" nicht verpassen. Seit 1987 gibt es einen Wettbewerb, \"Les foul\u00e9es du Gois\", (au\u00dferhalb der Veranstaltung, die 30 professionellen L\u00e4ufern vorbehalten ist), der Tausende von Amateuren und Zuschauern zusammenbringt!<\/p>\n\n\n\n<p class=\"translation-block\">Die Tour de France 2018 hat diese \u00dcberquerung in den Vordergrund gestellt. Unbedingt entdecken, bei Ihrem Besuch auf <strong>der Insel Noirmoutier<\/strong>!<\/p>\n<\/div><figure class=\"wp-block-media-text__media\"><img loading=\"lazy\" decoding=\"async\" width=\"1024\" height=\"683\" src=\"https:\/\/www.campingvaldevie.fr\/wp-content\/uploads\/2023\/12\/visite-noirmoutier.jpg\" alt=\"besuch schwarzmoutier\" class=\"wp-image-23013 size-full\" srcset=\"https:\/\/www.campingvaldevie.fr\/wp-content\/uploads\/2023\/12\/visite-noirmoutier.jpg 1024w, https:\/\/www.campingvaldevie.fr\/wp-content\/uploads\/2023\/12\/visite-noirmoutier-300x200.jpg 300w, https:\/\/www.campingvaldevie.fr\/wp-content\/uploads\/2023\/12\/visite-noirmoutier-768x512.jpg 768w\" sizes=\"auto, (max-width: 1024px) 100vw, 1024px\" \/><\/figure><\/div>","protected":false},"excerpt":{"rendered":"<p>L\u2019\u00eele de Noirmoutier : station de vill\u00e9giature d\u2019exception en Vend\u00e9e En venant du continent et juste apr\u00e8s avoir pass\u00e9 le pont de Noirmoutier ou bien encore le passage du Gois, vous trouverez cette respectueuse \u00eele ! Dans le golfe de Gascogne, l\u2019\u00eele de Noirmoutier repr\u00e9sente un site de vill\u00e9giature des plus agr\u00e9ables \u00e0 l\u2019ouest de [&hellip;]<\/p>\n","protected":false},"author":1,"featured_media":0,"parent":20275,"menu_order":0,"comment_status":"closed","ping_status":"closed","template":"","meta":{"_seopress_robots_primary_cat":"","_seopress_titles_title":"L&#039;\u00eele de Noirmoutier et le passage du Gois - Camping Vend\u00e9e","_seopress_titles_desc":"Une journ\u00e9e sur l\u2019ile et vous revenez d\u00e9pays\u00e9, vous pourrez y pratiquer de belles balades \u00e0 v\u00e9lo sur la digue","_seopress_robots_index":"","footnotes":""},"class_list":["post-1384","page","type-page","status-publish","hentry"],"_links":{"self":[{"href":"https:\/\/www.campingvaldevie.fr\/de\/wp-json\/wp\/v2\/pages\/1384","targetHints":{"allow":["GET"]}}],"collection":[{"href":"https:\/\/www.campingvaldevie.fr\/de\/wp-json\/wp\/v2\/pages"}],"about":[{"href":"https:\/\/www.campingvaldevie.fr\/de\/wp-json\/wp\/v2\/types\/page"}],"author":[{"embeddable":true,"href":"https:\/\/www.campingvaldevie.fr\/de\/wp-json\/wp\/v2\/users\/1"}],"replies":[{"embeddable":true,"href":"https:\/\/www.campingvaldevie.fr\/de\/wp-json\/wp\/v2\/comments?post=1384"}],"version-history":[{"count":6,"href":"https:\/\/www.campingvaldevie.fr\/de\/wp-json\/wp\/v2\/pages\/1384\/revisions"}],"predecessor-version":[{"id":23018,"href":"https:\/\/www.campingvaldevie.fr\/de\/wp-json\/wp\/v2\/pages\/1384\/revisions\/23018"}],"up":[{"embeddable":true,"href":"https:\/\/www.campingvaldevie.fr\/de\/wp-json\/wp\/v2\/pages\/20275"}],"wp:attachment":[{"href":"https:\/\/www.campingvaldevie.fr\/de\/wp-json\/wp\/v2\/media?parent=1384"}],"curies":[{"name":"wp","href":"https:\/\/api.w.org\/{rel}","templated":true}]}}