{"id":1553,"date":"2018-01-15T16:13:16","date_gmt":"2018-01-15T15:13:16","guid":{"rendered":"https:\/\/www.campingvaldevie.fr\/?page_id=1553"},"modified":"2025-06-02T15:48:57","modified_gmt":"2025-06-02T13:48:57","slug":"camping-apremont","status":"publish","type":"page","link":"https:\/\/www.campingvaldevie.fr\/de\/camping-apremont\/","title":{"rendered":"Ihr Campingurlaub in der N\u00e4he von Apremont"},"content":{"rendered":"<p class=\"has-text-align-center\"><a href=\"\/de\/tourismus-vendee\/tourismus-apremont\/\"><strong>Apremont<\/strong><\/a>&nbsp;ist eine charmante Kleinstadt in der N\u00e4he von Mach\u00e9 und Saint-Gilles-Croix-de-Vie in der Vend\u00e9e. Eingebettet in ein<strong> gr\u00fcnes Schmuckk\u00e4stchen<\/strong> und durchquert von der <strong>Fluss Das Leben<\/strong>Die Gemeinde hat ein<strong> sehr beruhigende Umgebung<\/strong>. Es ist das beste Reiseziel, um <strong>Traumurlaub<\/strong>. Wenn Sie Komfort, Abenteuer und Geselligkeit miteinander verbinden wollen, setzen Sie auf den <strong>campingplatz in der N\u00e4he von Apremont<\/strong>&nbsp;! Ideal gelegen, 6,5 Kilometer von Apremont entfernt, ist die Einrichtung <a href=\"\/de\/\">Val-de-Vie in der Vend\u00e9e<\/a> bietet Ihnen einen <strong>4-Sterne-Service<\/strong> f\u00fcr einen unvergesslichen Aufenthalt.<\/p>\n\n\n\n<h2 class=\"wp-block-heading has-text-align-center\"><strong>Entdecken Sie den 4-Sterne-Campingplatz in der N\u00e4he von Apremont<\/strong><\/h2>\n\n\n\n<div class=\"wp-block-columns are-vertically-aligned-center is-layout-flex wp-container-core-columns-is-layout-9d6595d7 wp-block-columns-is-layout-flex\">\n<div class=\"wp-block-column is-vertically-aligned-center is-layout-flow wp-block-column-is-layout-flow\" style=\"flex-basis:35%\">\n<figure class=\"wp-block-image size-large is-style-default\"><img loading=\"lazy\" decoding=\"async\" width=\"1024\" height=\"683\" src=\"https:\/\/www.campingvaldevie.fr\/wp-content\/uploads\/2022\/12\/lac-apremont-1024x683.jpg\" alt=\"See von Apremont\" class=\"wp-image-20331\" srcset=\"https:\/\/www.campingvaldevie.fr\/wp-content\/uploads\/2022\/12\/lac-apremont-1024x683.jpg 1024w, https:\/\/www.campingvaldevie.fr\/wp-content\/uploads\/2022\/12\/lac-apremont-300x200.jpg 300w, https:\/\/www.campingvaldevie.fr\/wp-content\/uploads\/2022\/12\/lac-apremont-768x512.jpg 768w, https:\/\/www.campingvaldevie.fr\/wp-content\/uploads\/2022\/12\/lac-apremont.jpg 1200w\" sizes=\"auto, (max-width: 1024px) 100vw, 1024px\" \/><\/figure>\n<\/div>\n\n\n\n<div class=\"wp-block-column is-vertically-aligned-center is-layout-flow wp-block-column-is-layout-flow\" style=\"flex-basis:66.66%\">\n<p>Das in Westfrankreich gelegene <strong>Campingplatz in der N\u00e4he von Apremont<\/strong> in der Vend\u00e9e, bietet einen <strong>High-End-Service<\/strong>. Laut den Meinungen tausender Urlauber ist es eines der <strong>beste Campingpl\u00e4tze<\/strong> in der Region Pays de la Loire, vor allem dank seiner herzlichen und famili\u00e4ren Atmosph\u00e4re, seiner Lage inmitten der Natur und seines Swimmingpools. W\u00e4hrend Ihres Aufenthalts werden Sie unvergessliche Momente mit Ihren Lieben in seiner&nbsp;<a href=\"\/de\/der-pool\/\">\u00fcberdachtes und beheiztes Schwimmbad<\/a>.<\/p>\n\n\n\n<p>Die <strong>campingplatz in der N\u00e4he von Apremont<\/strong> das Val-de-Vie bietet Ihnen verschiedene&nbsp;<strong>Aktivit\u00e4ten und Animationen<\/strong> f\u00fcr alle. Ihre Kinder k\u00f6nnen verschiedene Spiele ausprobieren: Trampolin, Tischfu\u00dfball, Spielsportarten im Freien... Sie haben auch die Gelegenheit, an vielen unterhaltsamen Veranstaltungen im Freien teilzunehmen: Boule-Wettbewerb, Wachtelfest, Seefest...<\/p>\n\n\n\n<p>Bei den Unterk\u00fcnften stehen Ihnen verschiedene Modelle von Mobilheimen, Chalets, Zeltpl\u00e4tzen usw. zur Verf\u00fcgung. Egal f\u00fcr welche Art von Unterkunft Sie sich entscheiden, das <a href=\"\/de\/redaktionell\/last-minute-angebote-ruhiger-campingplatz-vendee\/\">Preis bleibt einer der wettbewerbsf\u00e4higsten<\/a> unter den Optionen f\u00fcr Ferienunterk\u00fcnfte in Frankreich. Dar\u00fcber hinaus profitieren Sie von einem sicheren Parkplatz, kostenlosem WLAN und gestalteten Au\u00dfenbereichen...<\/p>\n<\/div>\n<\/div>\n\n\n\n<div style=\"height:30px\" aria-hidden=\"true\" class=\"wp-block-spacer\"><\/div>\n\n\n\n<div class=\"wp-block-columns is-layout-flex wp-container-core-columns-is-layout-9d6595d7 wp-block-columns-is-layout-flex\">\n<div class=\"wp-block-column is-layout-flow wp-block-column-is-layout-flow\">\n<h2 class=\"wp-block-heading has-text-align-center\"><strong>Buchen Sie Ihre Ferienunterkunft auf dem Campingplatz<\/strong><\/h2>\n\n\n\n<p>Diese<strong> 4-Sterne-Campingplatz in der N\u00e4he von Apremont<\/strong> setzt in <a href=\"\/de\/unterkunfte\/\">Vermietung mehrere Arten von Unterk\u00fcnften<\/a> Mobilheim, Lodge-Zelt, ausgestattetes Chalet, schattiger Stellplatz... Denken Sie daran, die Bewertungen zu lesen, um die richtige Wahl zu treffen!<\/p>\n\n\n\n<p>F\u00fcr das Mobilheim im Besonderen gilt, dass es m\u00f6bliert und mit einer K\u00fcche, einem Wohnzimmer, einem Badezimmer und etwa 2 Schlafzimmern ausgestattet ist. Im Au\u00dfenbereich verf\u00fcgen einige Unterk\u00fcnfte \u00fcber eine Terrasse und einen Jacuzzi.<\/p>\n\n\n\n<details>\n<summary>Lesen Sie mehr<\/summary>\n<p>Die Unterk\u00fcnfte des <strong>campingplatz in der N\u00e4he von Apremont<\/strong> werden kategorisiert in <strong>3 Bereiche<\/strong> :\n<ul><li>Die <strong>Premiumbereich<\/strong> vereint die <strong>luxuri\u00f6se Unterk\u00fcnfte<\/strong> mit einer Fl\u00e4che von 30 m\u00b2 bis 43 m\u00b2 wie das Zelt premium lodge. Es verf\u00fcgt \u00fcber eine Fl\u00e4che von 32 m\u00b2 und eine hochwertige Ausstattung (ger\u00e4umige Terrasse, <strong>privates Spa<\/strong>Gartenm\u00f6bel...).<\/li>\n<li>Die <strong>Komfortbereich<\/strong> sammelt die <strong>komfortable Unterk\u00fcnfte<\/strong>Es gibt viele verschiedene Arten von Mobilheimen, wie z. B. das Komfort-Mobilheim. Mit einer Fl\u00e4che von 26 m\u00b2 bis 40 m\u00b2 bieten die Mobilheime Platz f\u00fcr 4 bis 8 Personen.<\/li>\n<li>Die <strong>Standardsortiment<\/strong> bietet einen <strong>zufriedenstellender Komfort<\/strong>. Dies gilt f\u00fcr das Mobilheim Standard mit seinen 26 m\u00b2 und 2 Schlafzimmern.<\/li><\/ul>\n<\/p>\n<\/details>\n\n\n\n<div class=\"wp-block-columns is-layout-flex wp-container-core-columns-is-layout-9d6595d7 wp-block-columns-is-layout-flex\">\n<div class=\"wp-block-column is-layout-flow wp-block-column-is-layout-flow\" style=\"flex-basis:33.33%\">\n<div class=\"wp-block-create-block-sev-encartsimplebg aligncenter\"><aside class=\"encart-simplebg-sev small\"><a href=\"\/de\/unterkunfte\/#sev-gamme-standard\" class=\"d-flex flex-column align-items-center\"><div class=\"encart-title\"><span>Standardsortiment ab 199\u20ac pro Woche<\/span><\/div><img decoding=\"async\" src=\"https:\/\/www.campingvaldevie.fr\/wp-content\/uploads\/2022\/03\/standard.jpg\" alt=\"Mobilheim Standardsortiment\"\/><button class=\"btn\"><\/button><\/a><\/aside><\/div>\n<\/div>\n\n\n\n<div class=\"wp-block-column is-layout-flow wp-block-column-is-layout-flow\" style=\"flex-basis:66.66%\">\n<div class=\"wp-block-create-block-sev-encartsimplebg\"><aside class=\"encart-simplebg-sev small\"><a href=\"\/de\/unterkunfte\/#sev-gamme-confort\" class=\"d-flex flex-column align-items-center\"><div class=\"encart-title\"><span>Comfort range ab 269\u20ac pro Woche<\/span><\/div><img decoding=\"async\" src=\"https:\/\/www.campingvaldevie.fr\/wp-content\/uploads\/2020\/12\/IMG_2469.jpg\" alt=\"Wohnzimmer\"\/><button class=\"btn\"><\/button><\/a><\/aside><\/div>\n<\/div>\n<\/div>\n\n\n\n<div class=\"wp-block-columns is-layout-flex wp-container-core-columns-is-layout-9d6595d7 wp-block-columns-is-layout-flex\">\n<div class=\"wp-block-column is-layout-flow wp-block-column-is-layout-flow\" style=\"flex-basis:66.66%\">\n<div class=\"wp-block-create-block-sev-encartsimplebg\"><aside class=\"encart-simplebg-sev small\"><a href=\"\/de\/unterkunfte\/#sev-gamme-premium\" class=\"d-flex flex-column align-items-center\"><div class=\"encart-title\"><span>Premiumsortiment ab 379\u20ac pro Woche<\/span><\/div><img decoding=\"async\" src=\"https:\/\/www.campingvaldevie.fr\/wp-content\/uploads\/2022\/07\/meilleur-petit-camping-saint-gilles-croix-de-vie.png\" alt=\"Bester kleiner Campingplatz Saint Gilles croix de Vie\"\/><button class=\"btn\"><\/button><\/a><\/aside><\/div>\n<\/div>\n\n\n\n<div class=\"wp-block-column is-layout-flow wp-block-column-is-layout-flow\" style=\"flex-basis:33.33%\">\n<div class=\"wp-block-create-block-sev-encartsimplebg\"><aside class=\"encart-simplebg-sev small\"><a href=\"\/de\/standort\/\" class=\"d-flex flex-column align-items-center\"><div class=\"encart-title\"><span>Stellplatz ab 100\u20ac pro Woche<\/span><\/div><img decoding=\"async\" src=\"https:\/\/www.campingvaldevie.fr\/wp-content\/uploads\/2019\/11\/emplacement-camping-taille-humaine-vendee.jpg\" alt=\"\u00fcberschaubarer Campingplatz in der Vend\u00e9e\"\/><button class=\"btn\"><\/button><\/a><\/aside><\/div>\n<\/div>\n<\/div>\n\n\n\n<div class=\"wp-block-buttons alignwide is-layout-flex wp-block-buttons-is-layout-flex\">\n<div class=\"wp-block-button aligncenter\"><a class=\"wp-block-button__link wp-element-button\" href=\"\/de\/unterkunfte\/\">Entdecken Sie die Unterk\u00fcnfte<\/a><\/div>\n<\/div>\n<\/div>\n<\/div>\n\n\n\n<div style=\"height:30px\" aria-hidden=\"true\" class=\"wp-block-spacer\"><\/div>\n\n\n\n<div class=\"wp-block-media-text alignfull has-media-on-the-right is-stacked-on-mobile is-vertically-aligned-center is-style-default\" style=\"grid-template-columns:auto 56%\"><div class=\"wp-block-media-text__content\">\n<h2 class=\"wp-block-heading has-text-align-left has-text-color\" style=\"color:#000000\"><strong>Ihr Campingplatz mit Schwimmbad in der N\u00e4he von Apremont<\/strong><\/h2>\n\n\n\n<p>Viele Campingpl\u00e4tze verf\u00fcgen \u00fcber einen Swimmingpool. Der <strong>Campingplatz Apremont<\/strong> in der Vend\u00e9e hebt sich dank der Option <a href=\"\/de\/der-pool\/\">\u00fcberdachtes und beheiztes Schwimmbad<\/a> (28\u00b0C). So k\u00f6nnen Gro\u00df und Klein planschen und sich in einem<strong>&nbsp;gesch\u00fctzter Wasserbereich<\/strong>. Der Pool befindet sich nur wenige Schritte von Ihrem Mobilheim entfernt und ist unter der Woche und am Wochenende von 10:00 bis 19:30 Uhr ge\u00f6ffnet, unabh\u00e4ngig von der Jahreszeit oder dem Wetter. Allerdings ist er zwischen 12:30 und 13:00 Uhr wegen Desinfektion geschlossen.<\/p>\n\n\n\n<p>Es stehen Ihnen alle Einrichtungen zur Verf\u00fcgung, die Sie ben\u00f6tigen, um Ihren Aufenthalt in <strong>campingplatz in der N\u00e4he von Apremont<\/strong> in der Vend\u00e9e. Hier k\u00f6nnen Sie sich so angenehme Momente der Entspannung g\u00f6nnen wie in der <strong>Strand<\/strong>. Au\u00dferdem profitieren Sie von <strong>Liegest\u00fchle <\/strong>und angrenzenden Terrassen, um Ihren Komfort zu gew\u00e4hrleisten.<\/p>\n\n\n\n<div class=\"wp-block-buttons is-layout-flex wp-block-buttons-is-layout-flex\">\n<div class=\"wp-block-button\"><a class=\"wp-block-button__link wp-element-button\" href=\"\/de\/der-pool\/\">Entdecke den Pool<\/a><\/div>\n<\/div>\n<\/div><figure class=\"wp-block-media-text__media\"><img loading=\"lazy\" decoding=\"async\" width=\"1024\" height=\"768\" src=\"https:\/\/www.campingvaldevie.fr\/wp-content\/uploads\/2022\/11\/piscine-couverte-et-chauffee-4.jpg\" alt=\"schwimmbad camping gruppenunterkunft vend\u00e9e\" class=\"wp-image-20113 size-full\" srcset=\"https:\/\/www.campingvaldevie.fr\/wp-content\/uploads\/2022\/11\/piscine-couverte-et-chauffee-4.jpg 1024w, https:\/\/www.campingvaldevie.fr\/wp-content\/uploads\/2022\/11\/piscine-couverte-et-chauffee-4-300x225.jpg 300w, https:\/\/www.campingvaldevie.fr\/wp-content\/uploads\/2022\/11\/piscine-couverte-et-chauffee-4-768x576.jpg 768w\" sizes=\"auto, (max-width: 1024px) 100vw, 1024px\" \/><\/figure><\/div>\n\n\n\n<div style=\"height:30px\" aria-hidden=\"true\" class=\"wp-block-spacer\"><\/div>\n\n\n\n<figure class=\"wp-block-gallery alignwide has-nested-images columns-default is-cropped wp-block-gallery-1 is-layout-flex wp-block-gallery-is-layout-flex\">\n<figure class=\"wp-block-image size-full\"><img loading=\"lazy\" decoding=\"async\" width=\"767\" height=\"717\" data-id=\"19687\" src=\"https:\/\/www.campingvaldevie.fr\/wp-content\/uploads\/2022\/11\/piscine-valdevie.png\" alt=\"Pool\" class=\"wp-image-19687\" srcset=\"https:\/\/www.campingvaldevie.fr\/wp-content\/uploads\/2022\/11\/piscine-valdevie.png 767w, https:\/\/www.campingvaldevie.fr\/wp-content\/uploads\/2022\/11\/piscine-valdevie-300x280.png 300w\" sizes=\"auto, (max-width: 767px) 100vw, 767px\" \/><\/figure>\n\n\n\n<figure class=\"wp-block-image size-large\"><img loading=\"lazy\" decoding=\"async\" width=\"1024\" height=\"576\" data-id=\"7543\" src=\"https:\/\/www.campingvaldevie.fr\/wp-content\/uploads\/2020\/12\/tente-lodge-COTTON-1024x576.jpg\" alt=\"\" class=\"wp-image-7543\" srcset=\"https:\/\/www.campingvaldevie.fr\/wp-content\/uploads\/2020\/12\/tente-lodge-COTTON-1024x576.jpg 1024w, https:\/\/www.campingvaldevie.fr\/wp-content\/uploads\/2020\/12\/tente-lodge-COTTON-300x169.jpg 300w, https:\/\/www.campingvaldevie.fr\/wp-content\/uploads\/2020\/12\/tente-lodge-COTTON-768x432.jpg 768w, https:\/\/www.campingvaldevie.fr\/wp-content\/uploads\/2020\/12\/tente-lodge-COTTON-1536x864.jpg 1536w, https:\/\/www.campingvaldevie.fr\/wp-content\/uploads\/2020\/12\/tente-lodge-COTTON.jpg 1920w\" sizes=\"auto, (max-width: 1024px) 100vw, 1024px\" \/><\/figure>\n<\/figure>\n\n\n\n<div style=\"height:30px\" aria-hidden=\"true\" class=\"wp-block-spacer\"><\/div>\n\n\n\n<div class=\"wp-block-media-text alignfull is-stacked-on-mobile is-vertically-aligned-center is-image-fill-element is-style-default\" style=\"grid-template-columns:56% auto\"><figure class=\"wp-block-media-text__media\"><img loading=\"lazy\" decoding=\"async\" width=\"1024\" height=\"768\" src=\"https:\/\/www.campingvaldevie.fr\/wp-content\/uploads\/2022\/11\/116126317_293508091899316_6098317041213719654_n-1024x768.jpg\" alt=\"gruppenempfang auf dem campingplatz\" class=\"wp-image-20181 size-full\" style=\"object-position:50% 50%\" srcset=\"https:\/\/www.campingvaldevie.fr\/wp-content\/uploads\/2022\/11\/116126317_293508091899316_6098317041213719654_n-1024x768.jpg 1024w, https:\/\/www.campingvaldevie.fr\/wp-content\/uploads\/2022\/11\/116126317_293508091899316_6098317041213719654_n-300x225.jpg 300w, https:\/\/www.campingvaldevie.fr\/wp-content\/uploads\/2022\/11\/116126317_293508091899316_6098317041213719654_n-768x576.jpg 768w, https:\/\/www.campingvaldevie.fr\/wp-content\/uploads\/2022\/11\/116126317_293508091899316_6098317041213719654_n.jpg 1125w\" sizes=\"auto, (max-width: 1024px) 100vw, 1024px\" \/><\/figure><div class=\"wp-block-media-text__content\">\n<h2 class=\"wp-block-heading has-text-align-left has-text-color\" style=\"color:#000000\"><strong><strong>Ein Familiencampingplatz in der N\u00e4he von Apremont in der Vend\u00e9e<\/strong><\/strong><\/h2>\n\n\n\n<p>Die <strong>4-Sterne-Campingplatz in der N\u00e4he von Apremont<\/strong> ist die<a href=\"\/de\/familiencamping-vendee\/\">Familienbetrieb<\/a> ideal f\u00fcr das Verbringen von <strong>Traumurlaub<\/strong>. Es bietet einen Rahmen speziell <strong>familienfreundlich<\/strong>. Er befindet sich inmitten der Natur und beherbergt mehrere Wanderwege. Die Waldspazierg\u00e4nge sind eine hervorragende Gelegenheit, um gemeinsame <strong>sch\u00f6ne Momente mit Ihren Kindern<\/strong>. Au\u00dferdem k\u00f6nnen sie sich mit anderen gleichaltrigen Kindern treffen, verschiedene Spiele spielen und Freundschaften schlie\u00dfen. Dadurch bleibt ihnen Zeit, sich im Spa oder am Pool zu entspannen.<\/p>\n\n\n\n<p>Die <strong><a href=\"\/de\/tourismus-vendee\/apremont-see\/\">Apremont-See<\/a><\/strong> befindet sich in der N\u00e4he des Campingplatzes. Dieser besitzt eine<strong> f\u00fcr Familien eingerichteter Strand<\/strong>. Sie k\u00f6nnen Kanu- und Bootsfahrten unternehmen oder die H\u00fcpfburgen auf dem Wasser nutzen...<\/p>\n<\/div><\/div>\n\n\n\n<div style=\"height:30px\" aria-hidden=\"true\" class=\"wp-block-spacer\"><\/div>\n\n\n\n<div class=\"wp-block-media-text alignfull has-media-on-the-right is-stacked-on-mobile is-vertically-aligned-center is-style-default\" style=\"grid-template-columns:auto 56%\"><div class=\"wp-block-media-text__content\">\n<h2 class=\"wp-block-heading has-text-align-left has-text-color\" style=\"color:#000000\"><strong><strong><strong><strong><strong>Apremont in der Vend\u00e9e entdecken<\/strong><\/strong><\/strong><\/strong><\/strong><\/h2>\n\n\n\n<p>Die<strong> <\/strong><a href=\"https:\/\/www.campingvaldevie.fr\/de\/camping-see-vendee\/\">campingplatz am see in der Vend\u00e9e<\/a><strong>  <\/strong>profitiert dank seiner N\u00e4he zur Stadt von einer ausgezeichneten geografischen Lage. In der Tat k\u00f6nnen Sie leicht mehrere <a rel=\"noreferrer noopener\" href=\"https:\/\/www.france-voyage.com\/villes-villages\/apremont-33896.htm\" target=\"_blank\">Sehensw\u00fcrdigkeiten und Freizeitorte<\/a>:<\/p>\n\n\n\n<ul class=\"wp-block-list\">\n<li>Die&nbsp;<strong>Schloss Apremont<\/strong> geh\u00f6rt zu den bekanntesten Sehensw\u00fcrdigkeiten der Stadt. Erbaut auf dem Felsen \u00fcber<strong> Das Leben<\/strong>Dieses wundersch\u00f6ne Geb\u00e4ude ist einen Besuch wert.<\/li>\n\n\n\n<li>Die Nachbarschaft <strong>Saint-Samson <\/strong>Die Stadt hat sch\u00f6ne Gassen mit kleinen alten H\u00e4usern.<\/li>\n\n\n\n<li>Die<strong> Apremont-See<\/strong> eignet sich f\u00fcr verschiedene Aktivit\u00e4ten (Schwimmen, Angeln, Fahrten mit dem Tretboot, Elektroboot...).<\/li>\n\n\n\n<li>L'<strong>St.-Martins-Kirche<\/strong>&nbsp;bietet einen herrlichen Ausblick auf den Fluss, die Kapelle und die T\u00fcrme des Schlosses. Sie ist ber\u00fchmt f\u00fcr ihren 25 Meter hohen Glockenturm...<\/li>\n<\/ul>\n\n\n\n<p>Um von einer au\u00dfergew\u00f6hnlichen Umgebung und der N\u00e4he zur Stadt Apremont zu profitieren, sollten Sie f\u00fcr Ihren n\u00e4chsten Urlaub unbedingt den Campingplatz Val-de-Vie buchen!<\/p>\n\n\n\n<p><a href=\"\/de\/tourismus-vendee\/tourismus-apremont\/\">Mehr erfahren<\/a><\/p>\n<\/div><figure class=\"wp-block-media-text__media\"><img loading=\"lazy\" decoding=\"async\" width=\"1024\" height=\"683\" src=\"https:\/\/www.campingvaldevie.fr\/wp-content\/uploads\/2022\/02\/Apremont2-1024x683.jpg\" alt=\"apremont\" class=\"wp-image-12088 size-full\" srcset=\"https:\/\/www.campingvaldevie.fr\/wp-content\/uploads\/2022\/02\/Apremont2-1024x683.jpg 1024w, https:\/\/www.campingvaldevie.fr\/wp-content\/uploads\/2022\/02\/Apremont2-300x200.jpg 300w, https:\/\/www.campingvaldevie.fr\/wp-content\/uploads\/2022\/02\/Apremont2-768x512.jpg 768w, https:\/\/www.campingvaldevie.fr\/wp-content\/uploads\/2022\/02\/Apremont2.jpg 1200w\" sizes=\"auto, (max-width: 1024px) 100vw, 1024px\" \/><\/figure><\/div>\n\n\n\n<div style=\"height:30px\" aria-hidden=\"true\" class=\"wp-block-spacer\"><\/div>\n\n\n\n<div class=\"wp-block-columns is-layout-flex wp-container-core-columns-is-layout-9d6595d7 wp-block-columns-is-layout-flex\">\n<div class=\"wp-block-column is-layout-flow wp-block-column-is-layout-flow\">\n<div class=\"wp-block-buttons is-layout-flex wp-block-buttons-is-layout-flex\">\n<div class=\"wp-block-button aligncenter\"><a class=\"wp-block-button__link wp-element-button\" href=\"https:\/\/bookingpremium.secureholiday.net\/fr\/10284\/\" target=\"_blank\" rel=\"noreferrer noopener\">Buchen Sie<\/a><\/div>\n<\/div>\n<\/div>\n\n\n\n<div class=\"wp-block-column is-layout-flow wp-block-column-is-layout-flow\">\n<div class=\"wp-block-buttons is-layout-flex wp-block-buttons-is-layout-flex\">\n<div class=\"wp-block-button aligncenter\"><a class=\"wp-block-button__link wp-element-button\" href=\"\/de\/kontakt\/\">Kontaktieren Sie uns<\/a><\/div>\n<\/div>\n<\/div>\n<\/div>\n\n\n\n<div class=\"wp-block-group\"><div class=\"wp-block-group__inner-container is-layout-constrained wp-block-group-is-layout-constrained\">\n<h2 class=\"wp-block-heading has-text-align-center\">Entdecken Sie auch<\/h2>\n\n\n\n<div class=\"wp-block-columns is-layout-flex wp-container-core-columns-is-layout-9d6595d7 wp-block-columns-is-layout-flex\">\n<div class=\"wp-block-column is-layout-flow wp-block-column-is-layout-flow\">\n<div class=\"wp-block-cover is-light has-small-font-size\" style=\"min-height:350px;aspect-ratio:unset;\"><img loading=\"lazy\" decoding=\"async\" width=\"1200\" height=\"800\" class=\"wp-block-cover__image-background wp-image-20331\" alt=\"See von Apremont\" src=\"https:\/\/www.campingvaldevie.fr\/wp-content\/uploads\/2022\/12\/lac-apremont.jpg\" data-object-fit=\"cover\" srcset=\"https:\/\/www.campingvaldevie.fr\/wp-content\/uploads\/2022\/12\/lac-apremont.jpg 1200w, https:\/\/www.campingvaldevie.fr\/wp-content\/uploads\/2022\/12\/lac-apremont-300x200.jpg 300w, https:\/\/www.campingvaldevie.fr\/wp-content\/uploads\/2022\/12\/lac-apremont-1024x683.jpg 1024w, https:\/\/www.campingvaldevie.fr\/wp-content\/uploads\/2022\/12\/lac-apremont-768x512.jpg 768w\" sizes=\"auto, (max-width: 1200px) 100vw, 1200px\" \/><span aria-hidden=\"true\" class=\"wp-block-cover__background has-background-dim\"><\/span><div class=\"wp-block-cover__inner-container is-layout-flow wp-block-cover-is-layout-flow\">\n<p class=\"has-text-align-center has-large-font-size\"><a href=\"https:\/\/www.campingvaldevie.fr\/de\/camping-proche-commequiers\/\">Campingplatz Commequiers<\/a><\/p>\n<\/div><\/div>\n<\/div>\n\n\n\n<div class=\"wp-block-column is-layout-flow wp-block-column-is-layout-flow\">\n<div class=\"wp-block-cover is-light has-small-font-size\" style=\"min-height:350px;aspect-ratio:unset;\"><img loading=\"lazy\" decoding=\"async\" width=\"1200\" height=\"800\" class=\"wp-block-cover__image-background wp-image-20298\" alt=\"Tourismus aizenay\" src=\"https:\/\/www.campingvaldevie.fr\/wp-content\/uploads\/2022\/12\/tourisme-aizenay.jpg\" data-object-fit=\"cover\" srcset=\"https:\/\/www.campingvaldevie.fr\/wp-content\/uploads\/2022\/12\/tourisme-aizenay.jpg 1200w, https:\/\/www.campingvaldevie.fr\/wp-content\/uploads\/2022\/12\/tourisme-aizenay-300x200.jpg 300w, https:\/\/www.campingvaldevie.fr\/wp-content\/uploads\/2022\/12\/tourisme-aizenay-1024x683.jpg 1024w, https:\/\/www.campingvaldevie.fr\/wp-content\/uploads\/2022\/12\/tourisme-aizenay-768x512.jpg 768w\" sizes=\"auto, (max-width: 1200px) 100vw, 1200px\" \/><span aria-hidden=\"true\" class=\"wp-block-cover__background has-background-dim\"><\/span><div class=\"wp-block-cover__inner-container is-layout-flow wp-block-cover-is-layout-flow\">\n<p class=\"has-text-align-center has-large-font-size\"><a href=\"\/de\/camping-la-roche-sur-yon\/\">Campingplatz La Roche-sur-Yon<\/a><\/p>\n<\/div><\/div>\n<\/div>\n\n\n\n<div class=\"wp-block-column is-layout-flow wp-block-column-is-layout-flow\">\n<div class=\"wp-block-cover has-small-font-size\" style=\"min-height:350px;aspect-ratio:unset;\"><img loading=\"lazy\" decoding=\"async\" width=\"700\" height=\"466\" class=\"wp-block-cover__image-background wp-image-18902\" alt=\"Urlaub Kleiner Campingplatz in der N\u00e4he von Br\u00e9tignolles sur Mer\" src=\"https:\/\/www.campingvaldevie.fr\/wp-content\/uploads\/2022\/09\/vacances-petit-camping-proche-bretignolles-sur-mer.jpg\" data-object-fit=\"cover\" srcset=\"https:\/\/www.campingvaldevie.fr\/wp-content\/uploads\/2022\/09\/vacances-petit-camping-proche-bretignolles-sur-mer.jpg 700w, https:\/\/www.campingvaldevie.fr\/wp-content\/uploads\/2022\/09\/vacances-petit-camping-proche-bretignolles-sur-mer-300x200.jpg 300w\" sizes=\"auto, (max-width: 700px) 100vw, 700px\" \/><span aria-hidden=\"true\" class=\"wp-block-cover__background has-background-dim\"><\/span><div class=\"wp-block-cover__inner-container is-layout-flow wp-block-cover-is-layout-flow\">\n<p class=\"has-text-align-center has-large-font-size\"><a href=\"\/de\/camping-bretignolles-sur-mer\/\">Campingplatz Bretignolles<\/a><\/p>\n<\/div><\/div>\n<\/div>\n<\/div>\n<\/div><\/div>","protected":false},"excerpt":{"rendered":"<p>Apremont&nbsp;est une petite ville charmante situ\u00e9e \u00e0 proximit\u00e9 de Mach\u00e9 et de&nbsp;Saint-Gilles-Croix-de-Vie en Vend\u00e9e. Nich\u00e9e dans un \u00e9crin de verdure et travers\u00e9e par la rivi\u00e8re La Vie, la commune&nbsp;arbore un cadre tr\u00e8s apaisant. C\u2019est la meilleure destination pour passer des vacances de r\u00eave. Si vous voulez allier confort, aventure et convivialit\u00e9, misez sur le camping [&hellip;]<\/p>\n","protected":false},"author":1,"featured_media":0,"parent":0,"menu_order":0,"comment_status":"closed","ping_status":"closed","template":"","meta":{"_seopress_robots_primary_cat":"","_seopress_titles_title":"Camping pr\u00e8s d\u2019Apremont : Vacances inoubliables en Vend\u00e9e","_seopress_titles_desc":"Profitez d'un s\u00e9jour de r\u00eave dans un camping 4 \u00e9toiles situ\u00e9 en Vend\u00e9e. H\u00e9bergements tout confort avec spa privatif, activit\u00e9s et services pour des vacances r\u00e9ussies","_seopress_robots_index":"","footnotes":""},"class_list":["post-1553","page","type-page","status-publish","hentry"],"_links":{"self":[{"href":"https:\/\/www.campingvaldevie.fr\/de\/wp-json\/wp\/v2\/pages\/1553","targetHints":{"allow":["GET"]}}],"collection":[{"href":"https:\/\/www.campingvaldevie.fr\/de\/wp-json\/wp\/v2\/pages"}],"about":[{"href":"https:\/\/www.campingvaldevie.fr\/de\/wp-json\/wp\/v2\/types\/page"}],"author":[{"embeddable":true,"href":"https:\/\/www.campingvaldevie.fr\/de\/wp-json\/wp\/v2\/users\/1"}],"replies":[{"embeddable":true,"href":"https:\/\/www.campingvaldevie.fr\/de\/wp-json\/wp\/v2\/comments?post=1553"}],"version-history":[{"count":17,"href":"https:\/\/www.campingvaldevie.fr\/de\/wp-json\/wp\/v2\/pages\/1553\/revisions"}],"predecessor-version":[{"id":26482,"href":"https:\/\/www.campingvaldevie.fr\/de\/wp-json\/wp\/v2\/pages\/1553\/revisions\/26482"}],"wp:attachment":[{"href":"https:\/\/www.campingvaldevie.fr\/de\/wp-json\/wp\/v2\/media?parent=1553"}],"curies":[{"name":"wp","href":"https:\/\/api.w.org\/{rel}","templated":true}]}}