{"id":1556,"date":"2018-01-15T16:15:40","date_gmt":"2018-01-15T15:15:40","guid":{"rendered":"https:\/\/www.campingvaldevie.fr\/?page_id=1556"},"modified":"2024-12-17T15:44:40","modified_gmt":"2024-12-17T14:44:40","slug":"wanderwege-vendee","status":"publish","type":"page","link":"https:\/\/www.campingvaldevie.fr\/de\/chemins-randonnee-vendee\/","title":{"rendered":"Zahlreiche Wanderwege rund um den Campingplatz"},"content":{"rendered":"<p>Ob Wandern, Radfahren mit der Familie und f\u00fcr die Sportlicheren Running oder Mountainbiken, der Campingplatz ist <strong>ideal gelegen<\/strong>, in der N\u00e4he des <a href=\"https:\/\/www.campingvaldevie.fr\/de\/tourismus-vendee\/tourismus-apremont\/\" data-type=\"page\" data-id=\"1553\">See von Apremont<\/a>Wenn Sie sich auf den Weg machen, gelangen Sie schnell zum Ufer des Sees, wo sich die verschiedenen Wege befinden.<\/p>\n\n\n\n<p class=\"translation-block\">Hier werden Sie sich wohlf\u00fchlen, <strong>nah an der Natur<\/strong>! ....<\/p>\n\n\n\n<p>Die verschiedenen Routen k\u00f6nnen Sie an der Rezeption oder auch auf der Website des Fremdenverkehrsamtes einsehen.<\/p>\n\n\n\n<p>Greifen Sie auf die Websites der Wanderrouten von unserem <a href=\"\/de\/\">Campingplatz Val de Vie<\/a> :<\/p>\n\n\n\n<ul class=\"wp-block-list\">\n<li><a href=\"https:\/\/www.tourisme-vie-et-boulogne.fr\/balades-a-pied\/\" target=\"_blank\" rel=\"noreferrer noopener\">Die verschiedenen Wanderrouten<\/a><\/li>\n\n\n\n<li><a href=\"https:\/\/www.cirkwi.com\/fr\/circuit\/664315-mache-les-rives-de-la-vie\" target=\"_blank\" rel=\"noreferrer noopener\">Rundgang \"Les rives de la Vie\" in Mach\u00e9<\/a><\/li>\n\n\n\n<li><a rel=\"noreferrer noopener\" href=\"https:\/\/www.campingvaldevie.fr\/wp-content\/uploads\/2018\/01\/cartereseaudepartemental_85.pdf\" target=\"_blank\">Laden Sie die Karte der Fahrradtouren in der Vend\u00e9e herunter<\/a><\/li>\n<\/ul>\n\n\n\n<h2 class=\"wp-block-heading\">Fotogalerie<\/h2>\n\n\n\t\t\t<div id=\"sevgallery-2010399378\" class=\"sev-diaporama sev-diaporama-portfolio\">\n\t\t\t<div class=\"row\">\n\n\t\t\t\n\t\t\t\t\n\t\t\t\t<div class=\"sev-diaporama-portfolio-item col-12 col-sm  col-shrink\">\n\t\t\t\t\t<a href=\"https:\/\/www.campingvaldevie.fr\/wp-content\/uploads\/2022\/02\/camping-randonnee-bocage-vendeen-IMG_7720-1200.jpg\" data-lightbox=\"sevgallery-2010399378\" style=\"background-image: url(https:\/\/www.campingvaldevie.fr\/wp-content\/uploads\/2022\/02\/camping-randonnee-bocage-vendeen-IMG_7720-1200.jpg)\">\n\t\t\t\t\t\t<img decoding=\"async\" src=\"https:\/\/www.campingvaldevie.fr\/wp-content\/uploads\/2022\/02\/camping-randonnee-bocage-vendeen-IMG_7720-1200.jpg\" alt=\"Pfad in der N\u00e4he des Campingplatzes\" loading=\"lazy\">\n\t\t\t\t\t<\/a>\n\t\t\t\t<\/div>\n\n\t\t\t\t\n\t\t\t\t\t\t\t\t\t\t\t\n\t\t\t\t\n\t\t\t\t<div class=\"sev-diaporama-portfolio-item col-12 col-sm\">\n\t\t\t\t\t<a href=\"https:\/\/www.campingvaldevie.fr\/wp-content\/uploads\/2022\/02\/randonnee-IMG_2199.jpg\" data-lightbox=\"sevgallery-2010399378\" style=\"background-image: url(https:\/\/www.campingvaldevie.fr\/wp-content\/uploads\/2022\/02\/randonnee-IMG_2199.jpg)\">\n\t\t\t\t\t\t<img decoding=\"async\" src=\"https:\/\/www.campingvaldevie.fr\/wp-content\/uploads\/2022\/02\/randonnee-IMG_2199.jpg\" alt=\"Wanderwege in der Umgebung des Campingplatzes\" loading=\"lazy\">\n\t\t\t\t\t<\/a>\n\t\t\t\t<\/div>\n\n\t\t\t\t\n\t\t\t\t\t\t\t\t\t\t\t\n\t\t\t\t\n\t\t\t\t<div class=\"sev-diaporama-portfolio-item col-12 col-sm  col-grow\">\n\t\t\t\t\t<a href=\"https:\/\/www.campingvaldevie.fr\/wp-content\/uploads\/2022\/02\/randonnee-IMG_3166.jpg\" data-lightbox=\"sevgallery-2010399378\" style=\"background-image: url(https:\/\/www.campingvaldevie.fr\/wp-content\/uploads\/2022\/02\/randonnee-IMG_3166.jpg)\">\n\t\t\t\t\t\t<img decoding=\"async\" src=\"https:\/\/www.campingvaldevie.fr\/wp-content\/uploads\/2022\/02\/randonnee-IMG_3166.jpg\" alt=\"wandern in der N\u00e4he des Campingplatzes\" loading=\"lazy\">\n\t\t\t\t\t<\/a>\n\t\t\t\t<\/div>\n\n\t\t\t\t\t\t\t\t\t<div class=\"w-100\"><\/div>\n\t\t\t\t\t\t\t\t\t\n\t\t\t\t\t\t\t\t\t\t\t\n\t\t\t\t\n\t\t\t\t<div class=\"sev-diaporama-portfolio-item col-12 col-sm\">\n\t\t\t\t\t<a href=\"https:\/\/www.campingvaldevie.fr\/wp-content\/uploads\/2022\/02\/randonnee-IMG_6969-2.jpg\" data-lightbox=\"sevgallery-2010399378\" style=\"background-image: url(https:\/\/www.campingvaldevie.fr\/wp-content\/uploads\/2022\/02\/randonnee-IMG_6969-2.jpg)\">\n\t\t\t\t\t\t<img decoding=\"async\" src=\"https:\/\/www.campingvaldevie.fr\/wp-content\/uploads\/2022\/02\/randonnee-IMG_6969-2.jpg\" alt=\"Wanderwege in der N\u00e4he des Campingplatzes\" loading=\"lazy\">\n\t\t\t\t\t<\/a>\n\t\t\t\t<\/div>\n\n\t\t\t\t\n\t\t\t\t\t\t\t\t\t\t\t\n\t\t\t\t\n\t\t\t\t<div class=\"sev-diaporama-portfolio-item col-12 col-sm  col-shrink\">\n\t\t\t\t\t<a href=\"https:\/\/www.campingvaldevie.fr\/wp-content\/uploads\/2022\/02\/randonnee-IMG_7647.jpg\" data-lightbox=\"sevgallery-2010399378\" style=\"background-image: url(https:\/\/www.campingvaldevie.fr\/wp-content\/uploads\/2022\/02\/randonnee-IMG_7647.jpg)\">\n\t\t\t\t\t\t<img decoding=\"async\" src=\"https:\/\/www.campingvaldevie.fr\/wp-content\/uploads\/2022\/02\/randonnee-IMG_7647.jpg\" alt=\"Wanderwege in der Vend\u00e9e\" loading=\"lazy\">\n\t\t\t\t\t<\/a>\n\t\t\t\t<\/div>\n\n\t\t\t\t\n\t\t\t\t\t\t\t\t\t\t\t\n\t\t\t\t\n\t\t\t\t<div class=\"sev-diaporama-portfolio-item col-12 col-sm\">\n\t\t\t\t\t<a href=\"https:\/\/www.campingvaldevie.fr\/wp-content\/uploads\/2022\/02\/rocher-mervent-IMG_6670.jpg\" data-lightbox=\"sevgallery-2010399378\" style=\"background-image: url(https:\/\/www.campingvaldevie.fr\/wp-content\/uploads\/2022\/02\/rocher-mervent-IMG_6670.jpg)\">\n\t\t\t\t\t\t<img decoding=\"async\" src=\"https:\/\/www.campingvaldevie.fr\/wp-content\/uploads\/2022\/02\/rocher-mervent-IMG_6670.jpg\" alt=\"Wanderwege in der N\u00e4he des Campingplatzes\" loading=\"lazy\">\n\t\t\t\t\t<\/a>\n\t\t\t\t<\/div>\n\n\t\t\t\t\t\t\t\t\t<div class=\"w-100\"><\/div>\n\t\t\t\t\t\t\t\t\t\n\t\t\t\t\t\t\t\t\t\t\t\t\t\t<\/div>\n\t\t\t<\/div>\n\n\t\t\t<script>\n\t\t\tjQuery(function($) {\n\n\t\t\t\tvar marginPortfolio = function() {\n\n\t\t\t\t\tvar $diapo          = $('#sevgallery-2010399378');\n\t\t\t\t\tvar container_width = $diapo.parent().outerWidth();\n\t\t\t\t\tvar side            = ( $(window).innerWidth() - container_width ) \/ 2;\n\n\t\t\t\t\t$diapo.css( {\n\t\t\t\t\t\t'margin-left': '-' + side + 'px',\n\t\t\t\t\t\t'margin-right': '-' + side + 'px',\n\t\t\t\t\t} );\n\t\t\t\t};\n\n\t\t\t\t$( window ).resize( function() {\n\t\t\t\t\tmarginPortfolio();\n\t\t\t\t} );\n\t\t\t\tmarginPortfolio();\n\t\t\t});\n\t\t\t<\/script>","protected":false},"excerpt":{"rendered":"<p>Que ce soit pour la marche, pour la balade \u00e0 v\u00e9lo en famille et pour les plus sportifs running, ou bien du VTT, le camping est id\u00e9alement situ\u00e9, \u00e0 proximit\u00e9 du Lac d\u2019Apremont, vous avez tr\u00e8s rapidement acc\u00e8s au bord du Lac&nbsp;o\u00f9 se trouve les diff\u00e9rents chemins ! Vous vous y sentirez bien, proche de [&hellip;]<\/p>\n","protected":false},"author":1,"featured_media":0,"parent":0,"menu_order":0,"comment_status":"closed","ping_status":"closed","template":"","meta":{"_seopress_robots_primary_cat":"","_seopress_titles_title":"De nombreux chemins de randonn\u00e9es autour du camping en Vend\u00e9e","_seopress_titles_desc":"Profitez du cadre naturel qui entoure le camping en Vend\u00e9e pour partir faire de belles randonn\u00e9es","_seopress_robots_index":"","footnotes":""},"class_list":["post-1556","page","type-page","status-publish","hentry"],"_links":{"self":[{"href":"https:\/\/www.campingvaldevie.fr\/de\/wp-json\/wp\/v2\/pages\/1556","targetHints":{"allow":["GET"]}}],"collection":[{"href":"https:\/\/www.campingvaldevie.fr\/de\/wp-json\/wp\/v2\/pages"}],"about":[{"href":"https:\/\/www.campingvaldevie.fr\/de\/wp-json\/wp\/v2\/types\/page"}],"author":[{"embeddable":true,"href":"https:\/\/www.campingvaldevie.fr\/de\/wp-json\/wp\/v2\/users\/1"}],"replies":[{"embeddable":true,"href":"https:\/\/www.campingvaldevie.fr\/de\/wp-json\/wp\/v2\/comments?post=1556"}],"version-history":[{"count":12,"href":"https:\/\/www.campingvaldevie.fr\/de\/wp-json\/wp\/v2\/pages\/1556\/revisions"}],"predecessor-version":[{"id":26137,"href":"https:\/\/www.campingvaldevie.fr\/de\/wp-json\/wp\/v2\/pages\/1556\/revisions\/26137"}],"wp:attachment":[{"href":"https:\/\/www.campingvaldevie.fr\/de\/wp-json\/wp\/v2\/media?parent=1556"}],"curies":[{"name":"wp","href":"https:\/\/api.w.org\/{rel}","templated":true}]}}