{"id":15966,"date":"2022-05-09T09:58:27","date_gmt":"2022-05-09T07:58:27","guid":{"rendered":"https:\/\/www.campingvaldevie.fr\/puy-du-fou\/"},"modified":"2022-05-09T09:58:31","modified_gmt":"2022-05-09T07:58:31","slug":"puy-du-fou","status":"publish","type":"page","link":"https:\/\/www.campingvaldevie.fr\/de\/puy-du-fou\/","title":{"rendered":"Puy du Fou"},"content":{"rendered":"<h2 class=\"wp-block-heading\" id=\"le-grand-parc-et-la-cinescenie-en-vendee\">Der Grand Parc und die Cinesc\u00e9nie in der Vend\u00e9e<\/h2>\n\n<p>Puy du Fou liegt inmitten eines jahrhundertealten Waldes und ist ein einzigartiger Ort, um einen unvergesslichen Aufenthalt mit der Familie oder mit Freunden zu erleben. <strong>Gro\u00dfartige Shows<\/strong>, <strong>authentische<\/strong> D\u00f6rfer und <strong>ungew\u00f6hnliche<\/strong> Hotels katapultieren Sie durch die Jahrhunderte und sorgen f\u00fcr ein Erlebnis, das Sie nie vergessen werden.<\/p>\n\n<h2 class=\"wp-block-heading\" id=\"le-plus-grand-parc-d-europe-a-quelques-kilometres-du-camping\">Der gr\u00f6\u00dfte Park Europas nur wenige Kilometer vom Campingplatz entfernt<\/h2>\n\n<p>Verlassen Sie das 21. Jahrhundert und machen Sie sich auf den Weg ins Abenteuer!<\/p>\n\n<p>Wir bieten Ihnen auch den Kartenverkauf an.<\/p>\n\n<p>Website: <a rel=\"noreferrer noopener\" href=\"http:\/\/www.puydufou.com\" data-type=\"URL\" data-id=\"www.puydufou.com\" target=\"_blank\">www.puydufou.com<\/a><\/p>\n\n<h2 class=\"wp-block-heading\">Fotogalerie<\/h2>\n\t\t\t<div id=\"sevgallery-536402058\" class=\"sev-diaporama sev-diaporama-portfolio\">\n\t\t\t<div class=\"row\">\n\n\t\t\t\n\t\t\t\t\n\t\t\t\t<div class=\"sev-diaporama-portfolio-item col-12 col-sm  col-shrink\">\n\t\t\t\t\t<a href=\"https:\/\/www.campingvaldevie.fr\/wp-content\/uploads\/2018\/01\/Copyright_Puy_du_Fou_Vendee_Expansion_Vikings-Copier.jpg\" data-lightbox=\"sevgallery-536402058\" style=\"background-image: url(https:\/\/www.campingvaldevie.fr\/wp-content\/uploads\/2018\/01\/Copyright_Puy_du_Fou_Vendee_Expansion_Vikings-Copier.jpg)\">\n\t\t\t\t\t\t<img decoding=\"async\" src=\"https:\/\/www.campingvaldevie.fr\/wp-content\/uploads\/2018\/01\/Copyright_Puy_du_Fou_Vendee_Expansion_Vikings-Copier.jpg\" alt=\"Puy du fou\" loading=\"lazy\">\n\t\t\t\t\t<\/a>\n\t\t\t\t<\/div>\n\n\t\t\t\t\n\t\t\t\t\t\t\t\t\t\t\t\n\t\t\t\t\n\t\t\t\t<div class=\"sev-diaporama-portfolio-item col-12 col-sm  col-shrink\">\n\t\t\t\t\t<a href=\"https:\/\/www.campingvaldevie.fr\/wp-content\/uploads\/2018\/01\/bal-des-oiseaux-fantomes-puy-du-fou.jpg\" data-lightbox=\"sevgallery-536402058\" style=\"background-image: url(https:\/\/www.campingvaldevie.fr\/wp-content\/uploads\/2018\/01\/bal-des-oiseaux-fantomes-puy-du-fou.jpg)\">\n\t\t\t\t\t\t<img decoding=\"async\" src=\"https:\/\/www.campingvaldevie.fr\/wp-content\/uploads\/2018\/01\/bal-des-oiseaux-fantomes-puy-du-fou.jpg\" alt=\"Puy du fou\" loading=\"lazy\">\n\t\t\t\t\t<\/a>\n\t\t\t\t<\/div>\n\n\t\t\t\t\n\t\t\t\t\t\t\t\t\t\t\t\n\t\t\t\t\n\t\t\t\t<div class=\"sev-diaporama-portfolio-item col-12 col-sm  col-grow\">\n\t\t\t\t\t<a href=\"https:\/\/www.campingvaldevie.fr\/wp-content\/uploads\/2018\/01\/Copyright_Puy_du_Fou_Vendee_Expansion_Bal-des-oiseaux-fantomes-Copier.jpg\" data-lightbox=\"sevgallery-536402058\" style=\"background-image: url(https:\/\/www.campingvaldevie.fr\/wp-content\/uploads\/2018\/01\/Copyright_Puy_du_Fou_Vendee_Expansion_Bal-des-oiseaux-fantomes-Copier.jpg)\">\n\t\t\t\t\t\t<img decoding=\"async\" src=\"https:\/\/www.campingvaldevie.fr\/wp-content\/uploads\/2018\/01\/Copyright_Puy_du_Fou_Vendee_Expansion_Bal-des-oiseaux-fantomes-Copier.jpg\" alt=\"Puy du fou\" loading=\"lazy\">\n\t\t\t\t\t<\/a>\n\t\t\t\t<\/div>\n\n\t\t\t\t\t\t\t\t\t<div class=\"w-100\"><\/div>\n\t\t\t\t\t\t\t\t\t\n\t\t\t\t\t\t\t\t\t\t\t\n\t\t\t\t\n\t\t\t\t<div class=\"sev-diaporama-portfolio-item col-12 col-sm  col-shrink\">\n\t\t\t\t\t<a href=\"https:\/\/www.campingvaldevie.fr\/wp-content\/uploads\/2018\/01\/Copyright_Puy_du_Fou_Vendee_Expansion_Mousquetaire-Copier.jpg\" data-lightbox=\"sevgallery-536402058\" style=\"background-image: url(https:\/\/www.campingvaldevie.fr\/wp-content\/uploads\/2018\/01\/Copyright_Puy_du_Fou_Vendee_Expansion_Mousquetaire-Copier.jpg)\">\n\t\t\t\t\t\t<img decoding=\"async\" src=\"https:\/\/www.campingvaldevie.fr\/wp-content\/uploads\/2018\/01\/Copyright_Puy_du_Fou_Vendee_Expansion_Mousquetaire-Copier.jpg\" alt=\"Puy du fou\" loading=\"lazy\">\n\t\t\t\t\t<\/a>\n\t\t\t\t<\/div>\n\n\t\t\t\t\n\t\t\t\t\t\t\t\t\t\t\t\n\t\t\t\t\n\t\t\t\t<div class=\"sev-diaporama-portfolio-item col-12 col-sm  col-shrink\">\n\t\t\t\t\t<a href=\"https:\/\/www.campingvaldevie.fr\/wp-content\/uploads\/2018\/01\/Copyright_Puy_du_Fou_Vendee_Expansion_Cinescenie-Copier.jpg\" data-lightbox=\"sevgallery-536402058\" style=\"background-image: url(https:\/\/www.campingvaldevie.fr\/wp-content\/uploads\/2018\/01\/Copyright_Puy_du_Fou_Vendee_Expansion_Cinescenie-Copier.jpg)\">\n\t\t\t\t\t\t<img decoding=\"async\" src=\"https:\/\/www.campingvaldevie.fr\/wp-content\/uploads\/2018\/01\/Copyright_Puy_du_Fou_Vendee_Expansion_Cinescenie-Copier.jpg\" alt=\"Puy du fou\" loading=\"lazy\">\n\t\t\t\t\t<\/a>\n\t\t\t\t<\/div>\n\n\t\t\t\t\n\t\t\t\t\t\t\t\t\t\t\t\t\t\t<\/div>\n\t\t\t<\/div>\n\n\t\t\t<script>\n\t\t\tjQuery(function($) {\n\n\t\t\t\tvar marginPortfolio = function() {\n\n\t\t\t\t\tvar $diapo          = $('#sevgallery-536402058');\n\t\t\t\t\tvar container_width = $diapo.parent().outerWidth();\n\t\t\t\t\tvar side            = ( $(window).innerWidth() - container_width ) \/ 2;\n\n\t\t\t\t\t$diapo.css( {\n\t\t\t\t\t\t'margin-left': '-' + side + 'px',\n\t\t\t\t\t\t'margin-right': '-' + side + 'px',\n\t\t\t\t\t} );\n\t\t\t\t};\n\n\t\t\t\t$( window ).resize( function() {\n\t\t\t\t\tmarginPortfolio();\n\t\t\t\t} );\n\t\t\t\tmarginPortfolio();\n\t\t\t});\n\t\t\t<\/script>","protected":false},"excerpt":{"rendered":"<p>Der Grand Parc und die Cinesc\u00e9nie in der Vend\u00e9e Puy du Fou liegt inmitten eines jahrhundertealten Waldes und ist ein einzigartiger Ort, um einen unvergesslichen Aufenthalt mit der Familie oder mit Freunden zu erleben. Gro\u00dfartige Shows, authentische D\u00f6rfer und ungew\u00f6hnliche Hotels katapultieren Sie durch die Jahrhunderte und sorgen f\u00fcr ein Erlebnis, das Sie nie vergessen [&hellip;]<\/p>\n","protected":false},"author":1,"featured_media":0,"parent":0,"menu_order":0,"comment_status":"closed","ping_status":"closed","template":"","meta":{"_seopress_robots_primary_cat":"","_seopress_titles_title":"Camping puy du fou ganzj\u00e4hrig ge\u00f6ffnet vend\u00e9e","_seopress_titles_desc":"Der Campingplatz Le Val de Vie ist das ganze Jahr \u00fcber ge\u00f6ffnet. Er ist eine M\u00f6glichkeit, in der Vend\u00e9e zu \u00fcbernachten, in dem Departement, das den Puy du Fou beherbergt.","_seopress_robots_index":"","footnotes":""},"class_list":["post-15966","page","type-page","status-publish","hentry"],"_links":{"self":[{"href":"https:\/\/www.campingvaldevie.fr\/de\/wp-json\/wp\/v2\/pages\/15966","targetHints":{"allow":["GET"]}}],"collection":[{"href":"https:\/\/www.campingvaldevie.fr\/de\/wp-json\/wp\/v2\/pages"}],"about":[{"href":"https:\/\/www.campingvaldevie.fr\/de\/wp-json\/wp\/v2\/types\/page"}],"author":[{"embeddable":true,"href":"https:\/\/www.campingvaldevie.fr\/de\/wp-json\/wp\/v2\/users\/1"}],"replies":[{"embeddable":true,"href":"https:\/\/www.campingvaldevie.fr\/de\/wp-json\/wp\/v2\/comments?post=15966"}],"version-history":[{"count":1,"href":"https:\/\/www.campingvaldevie.fr\/de\/wp-json\/wp\/v2\/pages\/15966\/revisions"}],"predecessor-version":[{"id":15972,"href":"https:\/\/www.campingvaldevie.fr\/de\/wp-json\/wp\/v2\/pages\/15966\/revisions\/15972"}],"wp:attachment":[{"href":"https:\/\/www.campingvaldevie.fr\/de\/wp-json\/wp\/v2\/media?parent=15966"}],"curies":[{"name":"wp","href":"https:\/\/api.w.org\/{rel}","templated":true}]}}