{"id":20243,"date":"2022-12-05T09:34:50","date_gmt":"2022-12-05T08:34:50","guid":{"rendered":"https:\/\/www.campingvaldevie.fr\/?page_id=20243"},"modified":"2024-07-23T14:39:38","modified_gmt":"2024-07-23T12:39:38","slug":"camping-la-roche-sur-yon","status":"publish","type":"page","link":"https:\/\/www.campingvaldevie.fr\/de\/camping-la-roche-sur-yon\/","title":{"rendered":"Buchen Sie Ihren Urlaub auf einem Campingplatz in der N\u00e4he von La Roche-sur-Yon"},"content":{"rendered":"<h2 class=\"wp-block-heading has-text-align-center\"><strong>Entdecken Sie den Campingplatz Val de Vie in der N\u00e4he von La Roche-sur-Yon<\/strong><\/h2>\n\n\n\n<div class=\"wp-block-columns is-layout-flex wp-container-core-columns-is-layout-9d6595d7 wp-block-columns-is-layout-flex\">\n<div class=\"wp-block-column is-vertically-aligned-center is-layout-flow wp-block-column-is-layout-flow\" style=\"flex-basis:35%\">\n<figure class=\"wp-block-image size-large\"><img loading=\"lazy\" decoding=\"async\" width=\"1024\" height=\"993\" src=\"https:\/\/www.campingvaldevie.fr\/wp-content\/uploads\/2022\/12\/camping-val-de-vie-1-1024x993.png\" alt=\"camping la roche sur yon\" class=\"wp-image-20256\" srcset=\"https:\/\/www.campingvaldevie.fr\/wp-content\/uploads\/2022\/12\/camping-val-de-vie-1-1024x993.png 1024w, https:\/\/www.campingvaldevie.fr\/wp-content\/uploads\/2022\/12\/camping-val-de-vie-1-300x291.png 300w, https:\/\/www.campingvaldevie.fr\/wp-content\/uploads\/2022\/12\/camping-val-de-vie-1-768x744.png 768w, https:\/\/www.campingvaldevie.fr\/wp-content\/uploads\/2022\/12\/camping-val-de-vie-1.png 1371w\" sizes=\"auto, (max-width: 1024px) 100vw, 1024px\" \/><\/figure>\n<\/div>\n\n\n\n<div class=\"wp-block-column is-layout-flow wp-block-column-is-layout-flow\" style=\"flex-basis:66.66%\">\n<p>Brauchen Sie Erholung und verbringen Sie <strong>Ferien <\/strong>heiter in einer idyllischen Umgebung? Die <a href=\"https:\/\/www.campingvaldevie.fr\/de\/\"><strong>Campingplatz<\/strong> <strong>in der Vend\u00e9e<\/strong><\/a> ist das Val de Vie die richtige Adresse f\u00fcr Sie. Es liegt in <strong>Vend\u00e9e<\/strong>, \u00e0 <strong>N\u00e4he <\/strong>der Stadt <strong><a href=\"\/de\/tourismus-vendee\/la-roche-sur-yon\/\">La Roche sur Yon<\/a><\/strong>Dies <strong>4-Sterne-Zeltplatz<\/strong> vereint alle Zutaten, um eine perfekte Oase der Ruhe zu schaffen, in der man sich vom Alltag ablenken kann.  Hier k\u00f6nnen Sie zahlreiche Dienstleistungen in Anspruch nehmen, wie z. B. Internetanschluss, Snackbar oder die <strong>Vermietung <\/strong>von Grillgut.<\/p>\n\n\n\n<p>Ihre <strong>Familie <\/strong>wird keine Zeit haben, sich mit den verschiedenen Einrichtungen vor Ort zu langweilen, darunter eine <strong>beheiztes und \u00fcberdachtes Schwimmbad<\/strong>. Die <strong>Campingplatz in der N\u00e4he von La Roche sur Yon<\/strong> umfasst auch mehrere <strong>Spiele<\/strong> wie das Trampolin oder die H\u00e4ngebr\u00fccke, zur Freude der <strong>Kinder<\/strong>.<\/p>\n\n\n\n<p>Urlauber k\u00f6nnen sich in <strong>Unterk\u00fcnfte<\/strong> cocooning, voll ausgestattet und mit mehreren Schlafzimmern. Sie werden optimalen Komfort und ruhige N\u00e4chte genie\u00dfen, wenn Sie in einem <strong>mobil<\/strong>-<strong>home<\/strong> oder in einem <strong>Chalet <\/strong>mit einer Terrasse. Dar\u00fcber hinaus sind die <strong>Animationen<\/strong> fehlt es nicht an <strong>Campingpl\u00e4tze <\/strong>wie Val de Vie. Sportwettbewerbe, Weinproben, Schatzsuche oder Musikquiz bestimmen den Rhythmus Ihrer Reise. <strong>Ferien <\/strong>im Herzen der <strong>Vend\u00e9e<\/strong>. Dar\u00fcber hinaus ist der <strong>Campingplatz in der N\u00e4he von La Roche sur Yon <\/strong>erm\u00f6glicht zahlreiche touristische Aktivit\u00e4ten.&nbsp;<\/p>\n<\/div>\n<\/div>\n\n\n\n<div style=\"height:30px\" aria-hidden=\"true\" class=\"wp-block-spacer\"><\/div>\n\n\n\n<div class=\"wp-block-columns is-layout-flex wp-container-core-columns-is-layout-9d6595d7 wp-block-columns-is-layout-flex\">\n<div class=\"wp-block-column is-layout-flow wp-block-column-is-layout-flow\">\n<h2 class=\"wp-block-heading has-text-align-center\"><strong>Entdecken Sie die Unterk\u00fcnfte des Campingplatzes<\/strong><\/h2>\n\n\n\n<p>Die <strong>Campingplatz <\/strong>Val de Vie, in <strong>Vend\u00e9e <\/strong>in der N\u00e4he von <strong>La Roche sur Yon, <\/strong>empf\u00e4ngt Sie mit offenen Armen mit seinen <strong>Unterk\u00fcnfte <\/strong>von hoher Qualit\u00e4t. Sie haben die Wahl zwischen verschiedenen Arten von Unterk\u00fcnften, dem <strong>mobil<\/strong>-<strong>home<\/strong>Die meisten Menschen, die sich in einem Land aufhalten, haben keine Ahnung, was sie tun.<\/p>\n\n\n\n<details>\n<summary>Lesen Sie mehr<\/summary>\n<p>Sie k\u00f6nnen die <strong>Vermietung <\/strong>eines <strong>mobil<\/strong>-home<strong> <\/strong>einfach oder mit eigenem Whirlpool, um maximalen Komfort zu bieten. Die Unterk\u00fcnfte umfassen 2 bis 3 <strong>Zimmer<\/strong>Sie k\u00f6nnen zwischen 4 und 8 Personen beherbergen. Sie verf\u00fcgen \u00fcber alle notwendigen Einrichtungen f\u00fcr einen <strong>Aufenthalt <\/strong>traumhaft sch\u00f6nem Haus. Die K\u00fcche, das Badezimmer und das Wohnzimmer sind voll ausgestattet.Die <strong>Vermietung <\/strong>d'<strong>Hosting <\/strong>beinhaltet auch eine <strong>\u00fcberdachte Terrasse<\/strong> und andere Annehmlichkeiten. Die Unterk\u00fcnfte der <strong>Campingpl\u00e4tze <\/strong>mit <strong>Kinderclub <\/strong>wie Val de Vie verf\u00fcgen \u00fcber <strong>Zimmer <\/strong>Eltern und Zimmer f\u00fcr die Kleinen. Hinzu kommen die <strong>Animationen <\/strong>verschiedene, die <strong>Pool <\/strong>beheizt oder die&nbsp; <strong>N\u00e4he <\/strong>Einkaufsm\u00f6glichkeiten, alles zusammen macht Val de Vie zu einem idealen Ort, um einen gelungenen Urlaub zu verbringen.&nbsp;<\/p>\n<\/details>\n\n\n\n<div class=\"wp-block-columns is-layout-flex wp-container-core-columns-is-layout-9d6595d7 wp-block-columns-is-layout-flex\">\n<div class=\"wp-block-column is-layout-flow wp-block-column-is-layout-flow\" style=\"flex-basis:33.33%\">\n<div class=\"wp-block-create-block-sev-encartsimplebg aligncenter\"><aside class=\"encart-simplebg-sev small\"><a href=\"\/de\/unterkunfte\/#sev-gamme-standard\" class=\"d-flex flex-column align-items-center\"><div class=\"encart-title\"><span>Standardsortiment ab 199\u20ac pro Woche<\/span><\/div><img decoding=\"async\" src=\"https:\/\/www.campingvaldevie.fr\/wp-content\/uploads\/2022\/03\/standard.jpg\" alt=\"Mobilheim Standardsortiment\"\/><button class=\"btn\"><\/button><\/a><\/aside><\/div>\n<\/div>\n\n\n\n<div class=\"wp-block-column is-layout-flow wp-block-column-is-layout-flow\" style=\"flex-basis:66.66%\">\n<div class=\"wp-block-create-block-sev-encartsimplebg\"><aside class=\"encart-simplebg-sev small\"><a href=\"\/de\/unterkunfte\/#sev-gamme-confort\" class=\"d-flex flex-column align-items-center\"><div class=\"encart-title\"><span>Comfort range ab 269\u20ac pro Woche<\/span><\/div><img decoding=\"async\" src=\"https:\/\/www.campingvaldevie.fr\/wp-content\/uploads\/2020\/12\/IMG_2469.jpg\" alt=\"Wohnzimmer\"\/><button class=\"btn\"><\/button><\/a><\/aside><\/div>\n<\/div>\n<\/div>\n\n\n\n<div class=\"wp-block-columns is-layout-flex wp-container-core-columns-is-layout-9d6595d7 wp-block-columns-is-layout-flex\">\n<div class=\"wp-block-column is-layout-flow wp-block-column-is-layout-flow\" style=\"flex-basis:66.66%\">\n<div class=\"wp-block-create-block-sev-encartsimplebg\"><aside class=\"encart-simplebg-sev small\"><a href=\"\/de\/unterkunfte\/#sev-gamme-premium\" class=\"d-flex flex-column align-items-center\"><div class=\"encart-title\"><span>Premiumsortiment ab 379\u20ac pro Woche<\/span><\/div><img decoding=\"async\" src=\"https:\/\/www.campingvaldevie.fr\/wp-content\/uploads\/2022\/07\/meilleur-petit-camping-saint-gilles-croix-de-vie.png\" alt=\"Bester kleiner Campingplatz Saint Gilles croix de Vie\"\/><button class=\"btn\"><\/button><\/a><\/aside><\/div>\n<\/div>\n\n\n\n<div class=\"wp-block-column is-layout-flow wp-block-column-is-layout-flow\" style=\"flex-basis:33.33%\">\n<div class=\"wp-block-create-block-sev-encartsimplebg\"><aside class=\"encart-simplebg-sev small\"><a href=\"\/de\/standort\/\" class=\"d-flex flex-column align-items-center\"><div class=\"encart-title\"><span>Stellplatz ab 100\u20ac pro Woche<\/span><\/div><img decoding=\"async\" src=\"https:\/\/www.campingvaldevie.fr\/wp-content\/uploads\/2019\/11\/emplacement-camping-taille-humaine-vendee.jpg\" alt=\"\u00fcberschaubarer Campingplatz in der Vend\u00e9e\"\/><button class=\"btn\"><\/button><\/a><\/aside><\/div>\n<\/div>\n<\/div>\n\n\n\n<div class=\"wp-block-buttons alignwide is-layout-flex wp-block-buttons-is-layout-flex\">\n<div class=\"wp-block-button aligncenter\"><a class=\"wp-block-button__link wp-element-button\" href=\"\/de\/unterkunfte\/\">Entdecken Sie die Unterk\u00fcnfte<\/a><\/div>\n<\/div>\n<\/div>\n<\/div>\n\n\n\n<div style=\"height:30px\" aria-hidden=\"true\" class=\"wp-block-spacer\"><\/div>\n\n\n\n<div class=\"wp-block-media-text alignfull has-media-on-the-right is-stacked-on-mobile is-vertically-aligned-center is-image-fill is-style-default\" style=\"grid-template-columns:auto 56%\"><div class=\"wp-block-media-text__content\">\n<h2 class=\"wp-block-heading has-text-align-left has-text-color\" style=\"color:#000000\"><strong><strong>Das Schwimmbad auf dem Campingplatz in der N\u00e4he von La Roche sur Yon<\/strong><\/strong><\/h2>\n\n\n\n<p>Am\u00fcsieren Sie sich in <strong>Familie <\/strong>oder unter Freunden in der <strong>Pool <\/strong>\u00fcberdachte und beheizte vom <strong>4-Sterne-Campingplatz Val de Vie<\/strong> \u00e0 <strong>Vend\u00e9e<\/strong>in der N\u00e4he von <strong>La Roche sur Yon<\/strong>. Genie\u00dfen Sie eine unvergessliche Zeit der Entspannung in diesem <strong>Raum <\/strong>gesch\u00fctzt, watend in der <strong>Pool <\/strong>oder auf den Liegest\u00fchlen faulenzen. Au\u00dferdem ist die Lage in <strong>Vend\u00e9e <\/strong>in der N\u00e4he von <strong>La Roche sur Yon, <\/strong>des Campingplatzes<strong> <\/strong>macht es zu einem strategischen Standort, um das Departement zu besuchen. Sie k\u00f6nnen die <strong>Loire-Land<\/strong>Wenn Sie sich bis zu den <strong>Sables d'Olonne <\/strong>oder im <strong>Park Puy du Fou<\/strong>. Entspannen Sie sich nach der Besichtigung in der<strong>Wasserraum <\/strong>beheizt.<\/p>\n\n\n\n<div class=\"wp-block-buttons is-layout-flex wp-block-buttons-is-layout-flex\">\n<div class=\"wp-block-button\"><a class=\"wp-block-button__link wp-element-button\" href=\"\/de\/der-pool\/\">Entdecke den Pool<\/a><\/div>\n<\/div>\n<\/div><figure class=\"wp-block-media-text__media\" style=\"background-image:url(https:\/\/www.campingvaldevie.fr\/wp-content\/uploads\/2022\/11\/piscine-couverte-et-chauffee-4.jpg);background-position:45% 78%\"><img loading=\"lazy\" decoding=\"async\" width=\"1024\" height=\"768\" src=\"https:\/\/www.campingvaldevie.fr\/wp-content\/uploads\/2022\/11\/piscine-couverte-et-chauffee-4.jpg\" alt=\"camping la roche sur yon: wasserbereich\" class=\"wp-image-20113 size-full\" srcset=\"https:\/\/www.campingvaldevie.fr\/wp-content\/uploads\/2022\/11\/piscine-couverte-et-chauffee-4.jpg 1024w, https:\/\/www.campingvaldevie.fr\/wp-content\/uploads\/2022\/11\/piscine-couverte-et-chauffee-4-300x225.jpg 300w, https:\/\/www.campingvaldevie.fr\/wp-content\/uploads\/2022\/11\/piscine-couverte-et-chauffee-4-768x576.jpg 768w\" sizes=\"auto, (max-width: 1024px) 100vw, 1024px\" \/><\/figure><\/div>\n\n\n\n<div style=\"height:30px\" aria-hidden=\"true\" class=\"wp-block-spacer\"><\/div>\n\n\n\n<figure class=\"wp-block-gallery alignwide has-nested-images columns-default is-cropped wp-block-gallery-1 is-layout-flex wp-block-gallery-is-layout-flex\">\n<figure class=\"wp-block-image size-large\"><img loading=\"lazy\" decoding=\"async\" width=\"767\" height=\"717\" data-id=\"19691\" src=\"https:\/\/www.campingvaldevie.fr\/wp-content\/uploads\/2022\/11\/camping-piscine-valdevie.png\" alt=\"Pool\" class=\"wp-image-19691\" srcset=\"https:\/\/www.campingvaldevie.fr\/wp-content\/uploads\/2022\/11\/camping-piscine-valdevie.png 767w, https:\/\/www.campingvaldevie.fr\/wp-content\/uploads\/2022\/11\/camping-piscine-valdevie-300x280.png 300w\" sizes=\"auto, (max-width: 767px) 100vw, 767px\" \/><\/figure>\n\n\n\n<figure class=\"wp-block-image size-full\"><img loading=\"lazy\" decoding=\"async\" width=\"700\" height=\"394\" data-id=\"18894\" src=\"https:\/\/www.campingvaldevie.fr\/wp-content\/uploads\/2022\/09\/location-petit-camping-proche-bretignolles-sur-mer.jpg\" alt=\"vermietung mobilheim la roche sur yon\" class=\"wp-image-18894\" srcset=\"https:\/\/www.campingvaldevie.fr\/wp-content\/uploads\/2022\/09\/location-petit-camping-proche-bretignolles-sur-mer.jpg 700w, https:\/\/www.campingvaldevie.fr\/wp-content\/uploads\/2022\/09\/location-petit-camping-proche-bretignolles-sur-mer-300x169.jpg 300w\" sizes=\"auto, (max-width: 700px) 100vw, 700px\" \/><\/figure>\n<\/figure>\n\n\n\n<div style=\"height:30px\" aria-hidden=\"true\" class=\"wp-block-spacer\"><\/div>\n\n\n\n<div class=\"wp-block-media-text alignfull is-stacked-on-mobile is-vertically-aligned-center is-image-fill is-style-default\" style=\"grid-template-columns:56% auto\"><figure class=\"wp-block-media-text__media\" style=\"background-image:url(https:\/\/www.campingvaldevie.fr\/wp-content\/uploads\/2022\/02\/Pique-niquePontdelaSalaireIl.jpg);background-position:50% 50%\"><img loading=\"lazy\" decoding=\"async\" width=\"1024\" height=\"682\" src=\"https:\/\/www.campingvaldevie.fr\/wp-content\/uploads\/2022\/02\/Pique-niquePontdelaSalaireIl.jpg\" alt=\"camping la roche sur yon\" class=\"wp-image-12077 size-full\" srcset=\"https:\/\/www.campingvaldevie.fr\/wp-content\/uploads\/2022\/02\/Pique-niquePontdelaSalaireIl.jpg 1024w, https:\/\/www.campingvaldevie.fr\/wp-content\/uploads\/2022\/02\/Pique-niquePontdelaSalaireIl-300x200.jpg 300w, https:\/\/www.campingvaldevie.fr\/wp-content\/uploads\/2022\/02\/Pique-niquePontdelaSalaireIl-768x512.jpg 768w\" sizes=\"auto, (max-width: 1024px) 100vw, 1024px\" \/><\/figure><div class=\"wp-block-media-text__content\">\n<h2 class=\"wp-block-heading has-text-align-left has-text-color\" style=\"color:#000000\"><strong><strong><strong>Ein Familiencampingplatz inmitten der Natur<\/strong><\/strong><\/strong><\/h2>\n\n\n\n<p>Die <strong>4-Sterne-Campingplatz in der N\u00e4he von La Roche sur Yon<\/strong>liegt in <strong>Vend\u00e9e<\/strong> unter <strong>Herz <\/strong>der <strong>Natur<\/strong>. Es befindet sich in der N\u00e4he des <a href=\"\/de\/camping-apremont\/\">Apremont-See<\/a>Hier k\u00f6nnen Sie viele Aktivit\u00e4ten mit Ihren Kindern unternehmen. <strong>Kinder <\/strong>wie Angeln oder Tretbootfahren. Schwingen Sie sich auf Ihr Fahrrad und erkunden Sie die Vend\u00e9e wie z.B. :&nbsp; <strong>Talmont, Saint Julien des Landes<\/strong>,<strong> Saint Jean de Monts<\/strong>,<strong> Saint Hilaire de Riez <\/strong>oder die <strong>Sables d'Olonne mit seinem Stadtzentrum <\/strong>charmant.<\/p>\n\n\n\n<p>Die <strong>Campingplatz Val de Vie<\/strong> ist ein <a href=\"\/de\/familiencamping-vendee\/\">Familiencampingplatz in der Vend\u00e9e<\/a> die Ihnen den Rahmen von <strong>Leben <\/strong>ideal f\u00fcr das Verbringen von <strong>Ferien <\/strong>in einer Umgebung, in der das Gr\u00fcn vorherrscht. Wenn Sie immer noch an der Magie dieser Orte zweifeln, schauen Sie sich die <strong>Meinung <\/strong>der Familien, die dort bereits einen <strong>Aufenthalt<\/strong>. Die <strong>Campingplatz in der N\u00e4he von La Roche sur Yon <\/strong>hat alle Tr\u00fcmpfe in der Hand, um Ihnen <strong>Ferien <\/strong>der Ausnahme.&nbsp;<\/p>\n<\/div><\/div>\n\n\n\n<div style=\"height:30px\" aria-hidden=\"true\" class=\"wp-block-spacer\"><\/div>\n\n\n\n<div class=\"wp-block-media-text alignfull has-media-on-the-right is-stacked-on-mobile is-vertically-aligned-center is-image-fill is-style-default\" style=\"grid-template-columns:auto 56%\"><div class=\"wp-block-media-text__content\">\n<h2 class=\"wp-block-heading has-text-align-left has-text-color\" style=\"color:#000000\"><strong><strong><strong>Entdecken Sie La Roche-sur-Yon<\/strong><\/strong><\/strong><\/h2>\n\n\n\n<p>Die <strong>Roche-sur-Yon<\/strong>in <strong>Vend\u00e9e, <\/strong>ist eine Gemeinde in <strong>Frankreich <\/strong>die eine Vielzahl von Freizeitaktivit\u00e4ten und Sehensw\u00fcrdigkeiten anbieten. Buchen Sie eine <strong>vermietung von mobilheimen in der n\u00e4he von la Roche-sur-Yon<\/strong> in einem der <strong>Campingpl\u00e4tze <\/strong>in der N\u00e4he, um diese Region nach Lust und Laune zu erkunden. Es gibt zahlreiche Aktivit\u00e4ten, die Sie dort unternehmen k\u00f6nnen:<\/p>\n\n\n\n<ul class=\"wp-block-list\">\n<li>Besuch des <strong><a href=\"\/de\/freizeitparks\/le-puy-du-fou\/\">Park Puy du Fou<\/a><\/strong> und seine <strong>Spiele<\/strong> f\u00fcr <strong>Kinder <\/strong>und f\u00fcr die Gro\u00dfen oder vom <strong>Zentrum <\/strong>Wassersport<strong>\u00a0<\/strong>;<\/li>\n\n\n\n<li>Fallschirmspringen ;<\/li>\n\n\n\n<li>Karting ;<\/li>\n\n\n\n<li>Fahrt im Hei\u00dfluftballon ;<\/li>\n\n\n\n<li>Besuch von kulturellen Einrichtungen wie dem Messegel\u00e4nde <strong>La Roche sur Yon&nbsp;<\/strong>;<\/li>\n\n\n\n<li>Nautische Aktivit\u00e4ten im Meer<\/li>\n\n\n\n<li>Spaziergang am Strand<\/li>\n\n\n\n<li>usw.&nbsp;<\/li>\n<\/ul>\n\n\n\n<p>Lassen Sie sich <strong>Sportaktivit\u00e4ten<\/strong>In der Region gibt es eine Vielzahl von kulturellen und erlebnisorientierten Angeboten. <strong>Vend\u00e9e<\/strong>. Vergessen Sie nicht, eine Unterkunft in einem der <strong>campingpl\u00e4tze in der N\u00e4he von La Roche-sur-Yon<\/strong> um sie in vollen Z\u00fcgen genie\u00dfen zu k\u00f6nnen. Achten Sie darauf, dass Sie alle <strong>Infos <\/strong>die vor der Buchung notwendig sind, wie <strong>Meinung<\/strong>die Anzahl der<strong>Sterne<\/strong>Die <strong>Preis <\/strong>oder das Vorhandensein von <strong>Club <\/strong>kinder. Diese Infos finden Sie auf der Website des<strong>'<\/strong><a rel=\"noreferrer noopener\" href=\"https:\/\/www.destination-larochesuryon.fr\/\" target=\"_blank\"><strong>Fremdenverkehrsamt von La Roche-sur -Yon<\/strong>.<\/a>&nbsp; Le Val de Vie geh\u00f6rt zu den Campingpl\u00e4tzen<strong> <\/strong>von <strong>Vend\u00e9e <\/strong>ideal gelegen, um das Departement zu besuchen, wie die sch\u00f6ne Stadt <strong>Saint-Hilaire-de-Riez<\/strong>Die ber\u00fchmte Stadt der <strong>Sables d'Olonne<\/strong> oder <strong>Saint-Gilles-Croix-de-Vie<\/strong> und f\u00fcr die Abenteurer unter Ihnen, erkunden Sie die Pays de la Loire, mit Aktivit\u00e4ten \u00e0 la <strong>Karte <\/strong>um die ganze Familie gl\u00fccklich zu machen. Sein Vorteil ist, dass er<strong>anzeigen <\/strong>kleine Preise, damit Sie einen <strong>Aufenthalt<\/strong> Traum zu einem g\u00fcnstigen Preis.<\/p>\n<\/div><figure class=\"wp-block-media-text__media\" style=\"background-image:url(https:\/\/www.campingvaldevie.fr\/wp-content\/uploads\/2018\/01\/la-roche-sur-yon-1024x683.jpg);background-position:50% 50%\"><img loading=\"lazy\" decoding=\"async\" width=\"1024\" height=\"683\" src=\"https:\/\/www.campingvaldevie.fr\/wp-content\/uploads\/2018\/01\/la-roche-sur-yon-1024x683.jpg\" alt=\"la-roche-sur-yon\" class=\"wp-image-1615 size-full\" srcset=\"https:\/\/www.campingvaldevie.fr\/wp-content\/uploads\/2018\/01\/la-roche-sur-yon-1024x683.jpg 1024w, https:\/\/www.campingvaldevie.fr\/wp-content\/uploads\/2018\/01\/la-roche-sur-yon-300x200.jpg 300w, https:\/\/www.campingvaldevie.fr\/wp-content\/uploads\/2018\/01\/la-roche-sur-yon-768x512.jpg 768w, https:\/\/www.campingvaldevie.fr\/wp-content\/uploads\/2018\/01\/la-roche-sur-yon.jpg 1200w\" sizes=\"auto, (max-width: 1024px) 100vw, 1024px\" \/><\/figure><\/div>\n\n\n\n<div style=\"height:50px\" aria-hidden=\"true\" class=\"wp-block-spacer\"><\/div>\n\n\n\n<div class=\"wp-block-columns is-layout-flex wp-container-core-columns-is-layout-9d6595d7 wp-block-columns-is-layout-flex\">\n<div class=\"wp-block-column is-layout-flow wp-block-column-is-layout-flow\">\n<div class=\"wp-block-buttons is-layout-flex wp-block-buttons-is-layout-flex\">\n<div class=\"wp-block-button aligncenter\"><a class=\"wp-block-button__link wp-element-button\" href=\"https:\/\/bookingpremium.secureholiday.net\/fr\/10284\/\" target=\"_blank\" rel=\"noreferrer noopener\">Buchen Sie<\/a><\/div>\n<\/div>\n<\/div>\n\n\n\n<div class=\"wp-block-column is-layout-flow wp-block-column-is-layout-flow\">\n<div class=\"wp-block-buttons is-layout-flex wp-block-buttons-is-layout-flex\">\n<div class=\"wp-block-button aligncenter\"><a class=\"wp-block-button__link wp-element-button\" href=\"\/de\/kontakt\/\">Kontaktieren Sie uns<\/a><\/div>\n<\/div>\n<\/div>\n<\/div>\n\n\n\n<div style=\"height:50px\" aria-hidden=\"true\" class=\"wp-block-spacer\"><\/div>\n\n\n\n<div class=\"wp-block-group\"><div class=\"wp-block-group__inner-container is-layout-constrained wp-block-group-is-layout-constrained\">\n<h2 class=\"wp-block-heading has-text-align-center\">Entdecken Sie auch<\/h2>\n\n\n\n<div class=\"wp-block-columns is-layout-flex wp-container-core-columns-is-layout-9d6595d7 wp-block-columns-is-layout-flex\">\n<div class=\"wp-block-column is-layout-flow wp-block-column-is-layout-flow\">\n<div class=\"wp-block-cover is-light has-small-font-size\" style=\"min-height:350px;aspect-ratio:unset;\"><span aria-hidden=\"true\" class=\"wp-block-cover__background has-background-dim\"><\/span><img loading=\"lazy\" decoding=\"async\" width=\"1200\" height=\"800\" class=\"wp-block-cover__image-background wp-image-20331\" alt=\"See von Apremont\" src=\"https:\/\/www.campingvaldevie.fr\/wp-content\/uploads\/2022\/12\/lac-apremont.jpg\" data-object-fit=\"cover\" srcset=\"https:\/\/www.campingvaldevie.fr\/wp-content\/uploads\/2022\/12\/lac-apremont.jpg 1200w, https:\/\/www.campingvaldevie.fr\/wp-content\/uploads\/2022\/12\/lac-apremont-300x200.jpg 300w, https:\/\/www.campingvaldevie.fr\/wp-content\/uploads\/2022\/12\/lac-apremont-1024x683.jpg 1024w, https:\/\/www.campingvaldevie.fr\/wp-content\/uploads\/2022\/12\/lac-apremont-768x512.jpg 768w\" sizes=\"auto, (max-width: 1200px) 100vw, 1200px\" \/><div class=\"wp-block-cover__inner-container is-layout-flow wp-block-cover-is-layout-flow\">\n<p class=\"has-text-align-center has-large-font-size\"><a href=\"\/de\/camping-apremont\/\">Campingplatz Apremont<\/a><\/p>\n<\/div><\/div>\n<\/div>\n\n\n\n<div class=\"wp-block-column is-layout-flow wp-block-column-is-layout-flow\">\n<div class=\"wp-block-cover is-light has-small-font-size\" style=\"min-height:350px;aspect-ratio:unset;\"><span aria-hidden=\"true\" class=\"wp-block-cover__background has-background-dim\"><\/span><img loading=\"lazy\" decoding=\"async\" width=\"1200\" height=\"800\" class=\"wp-block-cover__image-background wp-image-20298\" alt=\"Tourismus aizenay\" src=\"https:\/\/www.campingvaldevie.fr\/wp-content\/uploads\/2022\/12\/tourisme-aizenay.jpg\" data-object-fit=\"cover\" srcset=\"https:\/\/www.campingvaldevie.fr\/wp-content\/uploads\/2022\/12\/tourisme-aizenay.jpg 1200w, https:\/\/www.campingvaldevie.fr\/wp-content\/uploads\/2022\/12\/tourisme-aizenay-300x200.jpg 300w, https:\/\/www.campingvaldevie.fr\/wp-content\/uploads\/2022\/12\/tourisme-aizenay-1024x683.jpg 1024w, https:\/\/www.campingvaldevie.fr\/wp-content\/uploads\/2022\/12\/tourisme-aizenay-768x512.jpg 768w\" sizes=\"auto, (max-width: 1200px) 100vw, 1200px\" \/><div class=\"wp-block-cover__inner-container is-layout-flow wp-block-cover-is-layout-flow\">\n<p class=\"has-text-align-center has-large-font-size\"><a href=\"\/de\/camping-aizenay\/\">Campingplatz Aizenay<\/a><\/p>\n<\/div><\/div>\n<\/div>\n\n\n\n<div class=\"wp-block-column is-layout-flow wp-block-column-is-layout-flow\">\n<div class=\"wp-block-cover has-small-font-size\" style=\"min-height:350px;aspect-ratio:unset;\"><span aria-hidden=\"true\" class=\"wp-block-cover__background has-background-dim\"><\/span><img loading=\"lazy\" decoding=\"async\" width=\"700\" height=\"466\" class=\"wp-block-cover__image-background wp-image-18902\" alt=\"Urlaub Kleiner Campingplatz in der N\u00e4he von Br\u00e9tignolles sur Mer\" src=\"https:\/\/www.campingvaldevie.fr\/wp-content\/uploads\/2022\/09\/vacances-petit-camping-proche-bretignolles-sur-mer.jpg\" data-object-fit=\"cover\" srcset=\"https:\/\/www.campingvaldevie.fr\/wp-content\/uploads\/2022\/09\/vacances-petit-camping-proche-bretignolles-sur-mer.jpg 700w, https:\/\/www.campingvaldevie.fr\/wp-content\/uploads\/2022\/09\/vacances-petit-camping-proche-bretignolles-sur-mer-300x200.jpg 300w\" sizes=\"auto, (max-width: 700px) 100vw, 700px\" \/><div class=\"wp-block-cover__inner-container is-layout-flow wp-block-cover-is-layout-flow\">\n<p class=\"has-text-align-center has-large-font-size\"><a href=\"\/de\/camping-bretignolles-sur-mer\/\">Campingplatz Bretignolles<\/a><\/p>\n<\/div><\/div>\n<\/div>\n<\/div>\n<\/div><\/div>","protected":false},"excerpt":{"rendered":"<p>D\u00e9couvrez le camping Val de Vie pr\u00e8s de La Roche-sur-Yon Besoin de vous ressourcer et de passer des vacances sereines dans un cadre idyllique ? Le camping en Vend\u00e9e le Val de Vie est l\u2019adresse qu\u2019il vous faut. Situ\u00e9 en Vend\u00e9e, \u00e0 proximit\u00e9 de la ville de La Roche sur Yon, ce camping 4 \u00e9toiles [&hellip;]<\/p>\n","protected":false},"author":4,"featured_media":0,"parent":0,"menu_order":0,"comment_status":"closed","ping_status":"closed","template":"","meta":{"_seopress_robots_primary_cat":"","_seopress_titles_title":"Camping 4 \u00e9toiles proche de la Roche-sur-Yon en Vend\u00e9e","_seopress_titles_desc":"Vous cherchez une location de vacances en camping pr\u00e8s de la Roche-sur-Yon ? Notre camping vous propose des mobil-homes aux meilleurs prix. R\u00e9servez maintenant !","_seopress_robots_index":"","footnotes":""},"class_list":["post-20243","page","type-page","status-publish","hentry"],"_links":{"self":[{"href":"https:\/\/www.campingvaldevie.fr\/de\/wp-json\/wp\/v2\/pages\/20243","targetHints":{"allow":["GET"]}}],"collection":[{"href":"https:\/\/www.campingvaldevie.fr\/de\/wp-json\/wp\/v2\/pages"}],"about":[{"href":"https:\/\/www.campingvaldevie.fr\/de\/wp-json\/wp\/v2\/types\/page"}],"author":[{"embeddable":true,"href":"https:\/\/www.campingvaldevie.fr\/de\/wp-json\/wp\/v2\/users\/4"}],"replies":[{"embeddable":true,"href":"https:\/\/www.campingvaldevie.fr\/de\/wp-json\/wp\/v2\/comments?post=20243"}],"version-history":[{"count":24,"href":"https:\/\/www.campingvaldevie.fr\/de\/wp-json\/wp\/v2\/pages\/20243\/revisions"}],"predecessor-version":[{"id":25141,"href":"https:\/\/www.campingvaldevie.fr\/de\/wp-json\/wp\/v2\/pages\/20243\/revisions\/25141"}],"wp:attachment":[{"href":"https:\/\/www.campingvaldevie.fr\/de\/wp-json\/wp\/v2\/media?parent=20243"}],"curies":[{"name":"wp","href":"https:\/\/api.w.org\/{rel}","templated":true}]}}