{"id":20277,"date":"2022-12-06T20:02:12","date_gmt":"2022-12-06T19:02:12","guid":{"rendered":"https:\/\/www.campingvaldevie.fr\/?page_id=20277"},"modified":"2024-07-24T11:09:34","modified_gmt":"2024-07-24T09:09:34","slug":"tourismus-challans","status":"publish","type":"page","link":"https:\/\/www.campingvaldevie.fr\/de\/tourisme-vendee\/tourisme-challans\/","title":{"rendered":"Besichtigung von Challans, Top 10 der besten Sehensw\u00fcrdigkeiten"},"content":{"rendered":"<p><strong>Challans<\/strong> ist eine kleine Gemeinde in <strong>Vend\u00e9e<\/strong>am <strong>Pays de la Loire<\/strong>. Nahe am Meer und mit vielen Sehensw\u00fcrdigkeiten ist es der ideale Ort, um seinen Urlaub auf einem Campingplatz in der N\u00e4he von Challans zu verbringen. Au\u00dferdem k\u00f6nnen Sie dort eine Vielzahl von Aktivit\u00e4ten unternehmen. Zoom auf eine Auswahl von Orten, die Sie nicht verpassen sollten in <strong>Challans<\/strong>.\u00a0<\/p>\n\n\n\n<div class=\"wp-block-media-text alignfull has-media-on-the-right is-stacked-on-mobile is-vertically-aligned-center is-style-default\" style=\"grid-template-columns:auto 40%\"><div class=\"wp-block-media-text__content\">\n<h2 class=\"wp-block-heading\">Historische St\u00e4tten oder Denkm\u00e4ler<\/h2>\n\n\n\n<p>Challans verf\u00fcgt \u00fcber ein reiches kulturelles Erbe. Zu den ber\u00fchmten Orten, die man besuchen kann, geh\u00f6ren :<\/p>\n\n\n\n<ol class=\"wp-block-list\">\n<li><strong>Das Schloss La V\u00e9rie<\/strong><\/li>\n<\/ol>\n\n\n\n<p>Es handelt sich um ein Schloss, dessen Bau auf das 9. Jahrhundert zur\u00fcckgeht. Das sch\u00f6ne Geb\u00e4ude wurde 1886 im von der Renaissance inspirierten Stil restauriert. Im Jahr 1990 wurde das Ch\u00e2teau de la V\u00e9rie in ein Hotel umgewandelt. Seine Fassaden sowie die D\u00e4cher sind als historische Denkm\u00e4ler eingetragen.&nbsp;<\/p>\n\n\n\n<ol class=\"wp-block-list\" start=\"2\">\n<li><strong>Das Kriegsdenkmal<\/strong><\/li>\n<\/ol>\n\n\n\n<p>Auf diesem Denkmal sind die Namen der im Kampf gefallenen Helden eingraviert. Es wurde 1992 aufgestellt. W\u00e4hrend Ihres Urlaubs sollten Sie unbedingt einen Blick auf dieses Denkmal werfen, das sich vor dem Fremdenverkehrsamt von Challans befindet.&nbsp;<\/p>\n\n\n\n<ol class=\"wp-block-list\" start=\"3\">\n<li><strong>commanderie de coudrie<\/strong><\/li>\n<\/ol>\n\n\n\n<p>Die als historisches Volksdenkmal klassifizierte Commanderie de Coudrie befindet sich unweit des Dorfes La Flocelli\u00e8re in Challans. Sie ist ein Templerorden, der die Geschichte der Vorfahren von Challandais und der religi\u00f6sen Orden des Mittelalters erz\u00e4hlt. Wenn Sie diesen Ort besuchen, erleben Sie die Zeit des Mittelalters wieder, w\u00e4hrend Sie sich dank der verschiedenen Animationen auf spielerische Weise weiterbilden.&nbsp;<\/p>\n\n\n\n<ol class=\"wp-block-list\" start=\"4\">\n<li><strong>Die Eisenwarenhandlung Bailly<\/strong><\/li>\n<\/ol>\n\n\n\n<p>Dieses alte Geb\u00e4ude ist ein bemerkenswertes Element des Kulturerbes von Challand. Es wurde 1892 gegr\u00fcndet und seitdem haben es die aufeinanderfolgenden Gesch\u00e4ftsf\u00fchrer verstanden, seine Fassade zu bewahren und zu erhalten.<\/p>\n<\/div><figure class=\"wp-block-media-text__media\"><img loading=\"lazy\" decoding=\"async\" width=\"1024\" height=\"683\" src=\"https:\/\/www.campingvaldevie.fr\/wp-content\/uploads\/2022\/12\/chateau-challans-1024x683.jpg\" alt=\"schloss von challans\" class=\"wp-image-20344 size-large\" srcset=\"https:\/\/www.campingvaldevie.fr\/wp-content\/uploads\/2022\/12\/chateau-challans-1024x683.jpg 1024w, https:\/\/www.campingvaldevie.fr\/wp-content\/uploads\/2022\/12\/chateau-challans-300x200.jpg 300w, https:\/\/www.campingvaldevie.fr\/wp-content\/uploads\/2022\/12\/chateau-challans-768x512.jpg 768w, https:\/\/www.campingvaldevie.fr\/wp-content\/uploads\/2022\/12\/chateau-challans.jpg 1200w\" sizes=\"auto, (max-width: 1024px) 100vw, 1024px\" \/><\/figure><\/div>\n\n\n\n<div style=\"height:30px\" aria-hidden=\"true\" class=\"wp-block-spacer\"><\/div>\n\n\n\n<div class=\"wp-block-media-text alignfull is-stacked-on-mobile is-vertically-aligned-center is-style-default\" style=\"grid-template-columns:40% auto\"><figure class=\"wp-block-media-text__media\"><img loading=\"lazy\" decoding=\"async\" width=\"1024\" height=\"683\" src=\"https:\/\/www.campingvaldevie.fr\/wp-content\/uploads\/2022\/12\/bowling-challans-1024x683.jpg\" alt=\"aktivit\u00e4ten challans\" class=\"wp-image-20348 size-full\" srcset=\"https:\/\/www.campingvaldevie.fr\/wp-content\/uploads\/2022\/12\/bowling-challans-1024x683.jpg 1024w, https:\/\/www.campingvaldevie.fr\/wp-content\/uploads\/2022\/12\/bowling-challans-300x200.jpg 300w, https:\/\/www.campingvaldevie.fr\/wp-content\/uploads\/2022\/12\/bowling-challans-768x512.jpg 768w, https:\/\/www.campingvaldevie.fr\/wp-content\/uploads\/2022\/12\/bowling-challans.jpg 1200w\" sizes=\"auto, (max-width: 1024px) 100vw, 1024px\" \/><\/figure><div class=\"wp-block-media-text__content\">\n<h2 class=\"wp-block-heading\">Die Spielr\u00e4ume<\/h2>\n\n\n\n<p>In Challans mangelt es nicht an Orten f\u00fcr Freizeitaktivit\u00e4ten aller Art. Sie haben eine gro\u00dfe Auswahl an Aktivit\u00e4ten an Orten wie :<\/p>\n\n\n\n<ol class=\"wp-block-list\" start=\"5\">\n<li><strong>Das Martini Racing Kart<\/strong><\/li>\n<\/ol>\n\n\n\n<p>Diese 700 m lange Kartbahn macht alle gl\u00fccklich, die den Nervenkitzel lieben. Hier k\u00f6nnen Sie mit der Familie oder mit Freunden herkommen und Spa\u00df haben, indem Sie auf der Strecke fahren. Das Besondere an diesem Ort ist, dass Geselligkeit, Entspannung sowie Sicherheit im Vordergrund stehen. So k\u00f6nnen Sie einen qualitativ hochwertigen Moment in Gesellschaft Ihrer Lieben verbringen.&nbsp;<\/p>\n\n\n\n<ol class=\"wp-block-list\" start=\"6\">\n<li><strong>Bowling Le Nagada<\/strong><\/li>\n<\/ol>\n\n\n\n<p>Es handelt sich um einen Spielbereich, der Folgendes umfasst:<\/p>\n\n\n\n<ul class=\"wp-block-list\">\n<li>8 Bowlingbahnen,<\/li>\n\n\n\n<li>Billardtische,<\/li>\n\n\n\n<li>eine Bar,&nbsp;<\/li>\n\n\n\n<li>ein Arkadensaal,&nbsp;<\/li>\n\n\n\n<li>usw.&nbsp;<\/li>\n<\/ul>\n\n\n\n<p>Es ist ein familienfreundlicher Ort, an dem Sie mit Ihren Kindern Spa\u00df haben k\u00f6nnen, im Herzen der Vend\u00e9e.&nbsp;<\/p>\n<\/div><\/div>\n\n\n\n<div style=\"height:30px\" aria-hidden=\"true\" class=\"wp-block-spacer\"><\/div>\n\n\n\n<div class=\"wp-block-media-text alignfull has-media-on-the-right is-stacked-on-mobile is-vertically-aligned-center is-style-default\" style=\"grid-template-columns:auto 40%\"><div class=\"wp-block-media-text__content\">\n<ol class=\"wp-block-list\" start=\"7\">\n<li><strong>L'\u00eele aux jeux Challans&nbsp;<\/strong><\/li>\n<\/ol>\n\n\n\n<p>Die Spielinsel ist ein Familienfreizeitpark, der einen Kinderspielplatz umfasst. Die Spielger\u00e4te, \u00fcber die sie verf\u00fcgt, sind zahlreich und sorgen f\u00fcr viel Spa\u00df bei Gro\u00df und Klein :<\/p>\n\n\n\n<ul class=\"wp-block-list\">\n<li>die aufblasbaren Spiele,&nbsp;<\/li>\n\n\n\n<li>das B\u00e4llebad,&nbsp;<\/li>\n\n\n\n<li>Gesellschaftsspiele,&nbsp;<\/li>\n\n\n\n<li>Dreir\u00e4der,<\/li>\n\n\n\n<li>den Tischfu\u00dfball,<\/li>\n\n\n\n<li>das Trampolin,<\/li>\n\n\n\n<li>usw.&nbsp;<\/li>\n<\/ul>\n\n\n\n<p>Der Spielplatz erstreckt sich \u00fcber 800 m<sup>2<\/sup>. Sie k\u00f6nnen auch von kostenlosem WLAN profitieren. Au\u00dferdem gibt es einen Barbereich, in dem Sie Ihren Durst l\u00f6schen k\u00f6nnen.&nbsp;<\/p>\n\n\n\n<ol class=\"wp-block-list\" start=\"8\">\n<li><strong>Der Sov Ki Peu<\/strong><\/li>\n<\/ol>\n\n\n\n<p>Dieses Space-Game-Zentrum bietet Ihnen einen echten Moment des Abenteuers und der guten Laune. Das Ziel eines Escape Games ist es, in weniger als 60 Minuten aus einem Raum zu entkommen, in dem Sie eingesperrt sind. Das Spiel wird in Teams von 2 bis 6 Spielern gespielt. Sie brauchen Logik, Kooperation, Beobachtungsgabe und Kombinationsgabe, um erfolgreich zu sein. Sov Ki Peu bietet auch eine <em>Umfrage in der Stadt<\/em>In diesem Spiel geht es darum, durch die Stra\u00dfen zu laufen und verschiedene Stadtteile zu entdecken. Dein Team besteht aus 3 bis 6 Spielern, mit denen du R\u00e4tsel l\u00f6sen musst, um den Weg zu finden und die Aufgabe zu erf\u00fcllen.&nbsp;<\/p>\n\n\n\n<ol class=\"wp-block-list\" start=\"9\">\n<li><strong>Planete Racing<\/strong><\/li>\n<\/ol>\n\n\n\n<p>Sind Sie ein Liebhaber von Wassersportarten? Entdecken Sie dank Planete racing die Freuden des Jetskifahrens. Dieser gesellige Ort befindet sich in einer au\u00dfergew\u00f6hnlichen Umgebung von 33 ha. Er ruht auf einem S\u00fc\u00dfwassersee mit einem Sandstrand und einer Inselatmosph\u00e4re. Sie k\u00f6nnen hier auch 20-min\u00fctige E-Cross-Fahrten auf Pfaden oder 10-min\u00fctige Sessions auf Cross-Gel\u00e4nde machen.&nbsp;<\/p>\n<\/div><figure class=\"wp-block-media-text__media\"><img loading=\"lazy\" decoding=\"async\" width=\"1024\" height=\"683\" src=\"https:\/\/www.campingvaldevie.fr\/wp-content\/uploads\/2022\/12\/platene-racing-1024x683.jpg\" alt=\"planete racing challans\" class=\"wp-image-20352 size-full\" srcset=\"https:\/\/www.campingvaldevie.fr\/wp-content\/uploads\/2022\/12\/platene-racing-1024x683.jpg 1024w, https:\/\/www.campingvaldevie.fr\/wp-content\/uploads\/2022\/12\/platene-racing-300x200.jpg 300w, https:\/\/www.campingvaldevie.fr\/wp-content\/uploads\/2022\/12\/platene-racing-768x512.jpg 768w, https:\/\/www.campingvaldevie.fr\/wp-content\/uploads\/2022\/12\/platene-racing.jpg 1200w\" sizes=\"auto, (max-width: 1024px) 100vw, 1024px\" \/><\/figure><\/div>\n\n\n\n<div class=\"wp-block-group\"><div class=\"wp-block-group__inner-container is-layout-constrained wp-block-group-is-layout-constrained\">\n<h2 class=\"wp-block-heading has-text-align-center\">Entdecken Sie auch<\/h2>\n\n\n\n<div class=\"wp-block-columns is-layout-flex wp-container-core-columns-is-layout-9d6595d7 wp-block-columns-is-layout-flex\">\n<div class=\"wp-block-column is-layout-flow wp-block-column-is-layout-flow\">\n<div class=\"wp-block-cover is-light has-small-font-size\" style=\"min-height:350px;aspect-ratio:unset;\"><span aria-hidden=\"true\" class=\"wp-block-cover__background has-background-dim\"><\/span><img loading=\"lazy\" decoding=\"async\" width=\"1200\" height=\"800\" class=\"wp-block-cover__image-background wp-image-20331\" alt=\"See von Apremont\" src=\"https:\/\/www.campingvaldevie.fr\/wp-content\/uploads\/2022\/12\/lac-apremont.jpg\" data-object-fit=\"cover\" srcset=\"https:\/\/www.campingvaldevie.fr\/wp-content\/uploads\/2022\/12\/lac-apremont.jpg 1200w, https:\/\/www.campingvaldevie.fr\/wp-content\/uploads\/2022\/12\/lac-apremont-300x200.jpg 300w, https:\/\/www.campingvaldevie.fr\/wp-content\/uploads\/2022\/12\/lac-apremont-1024x683.jpg 1024w, https:\/\/www.campingvaldevie.fr\/wp-content\/uploads\/2022\/12\/lac-apremont-768x512.jpg 768w\" sizes=\"auto, (max-width: 1200px) 100vw, 1200px\" \/><div class=\"wp-block-cover__inner-container is-layout-flow wp-block-cover-is-layout-flow\">\n<p class=\"has-text-align-center has-large-font-size\"><a href=\"\/de\/tourismus-vendee\/tourismus-apremont\/\">Apremont<\/a><\/p>\n<\/div><\/div>\n<\/div>\n\n\n\n<div class=\"wp-block-column is-layout-flow wp-block-column-is-layout-flow\">\n<div class=\"wp-block-cover is-light has-small-font-size\" style=\"min-height:350px;aspect-ratio:unset;\"><span aria-hidden=\"true\" class=\"wp-block-cover__background has-background-dim\"><\/span><img loading=\"lazy\" decoding=\"async\" width=\"1200\" height=\"800\" class=\"wp-block-cover__image-background wp-image-20298\" alt=\"Tourismus aizenay\" src=\"https:\/\/www.campingvaldevie.fr\/wp-content\/uploads\/2022\/12\/tourisme-aizenay.jpg\" data-object-fit=\"cover\" srcset=\"https:\/\/www.campingvaldevie.fr\/wp-content\/uploads\/2022\/12\/tourisme-aizenay.jpg 1200w, https:\/\/www.campingvaldevie.fr\/wp-content\/uploads\/2022\/12\/tourisme-aizenay-300x200.jpg 300w, https:\/\/www.campingvaldevie.fr\/wp-content\/uploads\/2022\/12\/tourisme-aizenay-1024x683.jpg 1024w, https:\/\/www.campingvaldevie.fr\/wp-content\/uploads\/2022\/12\/tourisme-aizenay-768x512.jpg 768w\" sizes=\"auto, (max-width: 1200px) 100vw, 1200px\" \/><div class=\"wp-block-cover__inner-container is-layout-flow wp-block-cover-is-layout-flow\">\n<p class=\"has-text-align-center has-large-font-size\"><a href=\"\/de\/tourismus-vendee\/la-roche-sur-yon\/\">La Roche-sur-Yon<\/a><\/p>\n<\/div><\/div>\n<\/div>\n\n\n\n<div class=\"wp-block-column is-layout-flow wp-block-column-is-layout-flow\">\n<div class=\"wp-block-cover is-light has-small-font-size\" style=\"min-height:350px;aspect-ratio:unset;\"><span aria-hidden=\"true\" class=\"wp-block-cover__background has-background-dim\"><\/span><img loading=\"lazy\" decoding=\"async\" width=\"471\" height=\"456\" class=\"wp-block-cover__image-background wp-image-20294\" alt=\"\" src=\"https:\/\/www.campingvaldevie.fr\/wp-content\/uploads\/2022\/12\/visiter-aizenay.jpg\" data-object-fit=\"cover\" srcset=\"https:\/\/www.campingvaldevie.fr\/wp-content\/uploads\/2022\/12\/visiter-aizenay.jpg 471w, https:\/\/www.campingvaldevie.fr\/wp-content\/uploads\/2022\/12\/visiter-aizenay-300x290.jpg 300w\" sizes=\"auto, (max-width: 471px) 100vw, 471px\" \/><div class=\"wp-block-cover__inner-container is-layout-flow wp-block-cover-is-layout-flow\">\n<p class=\"has-text-align-center has-large-font-size\"><a href=\"\/de\/tourismus-vendee\/tourismus-aizenay\/\">Aizenay<\/a><\/p>\n<\/div><\/div>\n<\/div>\n<\/div>\n<\/div><\/div>","protected":false},"excerpt":{"rendered":"<p>Challans est une petite commune de Vend\u00e9e, au Pays de la Loire. Proche de la mer et ayant de nombreux sites touristiques, c\u2019est l\u2019endroit id\u00e9al pour passer ses vacances dans un camping pr\u00e8s de Challans. En outre, vous pouvez y effectuer une multitude d\u2019activit\u00e9s. Zoom sur une s\u00e9lection des endroits \u00e0 ne pas rater \u00e0 [&hellip;]<\/p>\n","protected":false},"author":4,"featured_media":0,"parent":20275,"menu_order":0,"comment_status":"closed","ping_status":"closed","template":"","meta":{"_seopress_robots_primary_cat":"","_seopress_titles_title":"Visiter Challans top activit\u00e9s - Camping Val de Vie Vend\u00e9e","_seopress_titles_desc":"Challans, petite commune de Vend\u00e9e, au Pays de la Loire, est id\u00e9ale pour des vacances dans un camping pr\u00e8s de la mer, offrant de nombreuses activit\u00e9s.","_seopress_robots_index":"","footnotes":""},"class_list":["post-20277","page","type-page","status-publish","hentry"],"_links":{"self":[{"href":"https:\/\/www.campingvaldevie.fr\/de\/wp-json\/wp\/v2\/pages\/20277","targetHints":{"allow":["GET"]}}],"collection":[{"href":"https:\/\/www.campingvaldevie.fr\/de\/wp-json\/wp\/v2\/pages"}],"about":[{"href":"https:\/\/www.campingvaldevie.fr\/de\/wp-json\/wp\/v2\/types\/page"}],"author":[{"embeddable":true,"href":"https:\/\/www.campingvaldevie.fr\/de\/wp-json\/wp\/v2\/users\/4"}],"replies":[{"embeddable":true,"href":"https:\/\/www.campingvaldevie.fr\/de\/wp-json\/wp\/v2\/comments?post=20277"}],"version-history":[{"count":9,"href":"https:\/\/www.campingvaldevie.fr\/de\/wp-json\/wp\/v2\/pages\/20277\/revisions"}],"predecessor-version":[{"id":25739,"href":"https:\/\/www.campingvaldevie.fr\/de\/wp-json\/wp\/v2\/pages\/20277\/revisions\/25739"}],"up":[{"embeddable":true,"href":"https:\/\/www.campingvaldevie.fr\/de\/wp-json\/wp\/v2\/pages\/20275"}],"wp:attachment":[{"href":"https:\/\/www.campingvaldevie.fr\/de\/wp-json\/wp\/v2\/media?parent=20277"}],"curies":[{"name":"wp","href":"https:\/\/api.w.org\/{rel}","templated":true}]}}