{"id":20279,"date":"2022-12-06T18:51:06","date_gmt":"2022-12-06T17:51:06","guid":{"rendered":"https:\/\/www.campingvaldevie.fr\/?page_id=20279"},"modified":"2024-12-17T15:43:04","modified_gmt":"2024-12-17T14:43:04","slug":"camping-aizenay","status":"publish","type":"page","link":"https:\/\/www.campingvaldevie.fr\/de\/camping-aizenay\/","title":{"rendered":"Buchen Sie Ihren Urlaub auf einem Campingplatz in der N\u00e4he von Aizenay"},"content":{"rendered":"<h2 class=\"wp-block-heading has-text-align-center\"><strong><strong>Entdecken Sie den Campingplatz Val de Vie in der N\u00e4he von Aizena<\/strong><\/strong>y<\/h2>\n\n\n\n<div class=\"wp-block-columns is-layout-flex wp-container-core-columns-is-layout-9d6595d7 wp-block-columns-is-layout-flex\">\n<div class=\"wp-block-column is-vertically-aligned-center is-layout-flow wp-block-column-is-layout-flow\" style=\"flex-basis:35%\">\n<figure class=\"wp-block-image size-full is-style-default\"><img loading=\"lazy\" decoding=\"async\" width=\"471\" height=\"456\" src=\"https:\/\/www.campingvaldevie.fr\/wp-content\/uploads\/2022\/12\/visiter-aizenay.jpg\" alt=\"\" class=\"wp-image-20294\" srcset=\"https:\/\/www.campingvaldevie.fr\/wp-content\/uploads\/2022\/12\/visiter-aizenay.jpg 471w, https:\/\/www.campingvaldevie.fr\/wp-content\/uploads\/2022\/12\/visiter-aizenay-300x290.jpg 300w\" sizes=\"auto, (max-width: 471px) 100vw, 471px\" \/><\/figure>\n<\/div>\n\n\n\n<div class=\"wp-block-column is-layout-flow wp-block-column-is-layout-flow\" style=\"flex-basis:66.66%\">\n<p>Verbringen Sie <strong>Ferien <\/strong>denkw\u00fcrdige in der <strong>4-Sterne-Campingplatz Val de Vie<\/strong>in den <strong>Pays de la Loire<\/strong>in der N\u00e4he der <strong>Wald von Aizenay<\/strong>. Diese <a href=\"\/de\/\"><strong>camping in der Vend\u00e9e <\/strong><\/a>umfasst alle notwendigen Einrichtungen, um Ihnen einen <strong>Komfort <\/strong>optimal w\u00e4hrend deiner <strong>Aufenthalt<\/strong>. Sie k\u00f6nnen eine <strong>Vermietung von Unterk\u00fcnften <\/strong>als ein <strong>mobil<\/strong>-<strong>home<\/strong> oder ein Lodge-Zelt.<\/p>\n\n\n\n<p>Durch den Aufenthalt in diesem <strong>campingplatz in der N\u00e4he von Aizenay<\/strong>Die <strong>Kinder <\/strong>werden begeistert sein, in der<strong>Spielplatz <\/strong>wo es unter anderem eine Schaukel, ein Trampolin, eine Wanne mit <strong>Sand<\/strong>und viele andere. Einer der Tr\u00fcmpfe von Val de Vie ist das Vorhandensein einer <strong>beheiztes und \u00fcberdachtes Schwimmbad<\/strong> Auch wenn es regnet, k\u00f6nnen Sie sich mit den verschiedenen Angeboten, die es in der Stadt gibt, nicht langweilen. <strong>Animationen<\/strong> dass diese Einrichtung <strong>4 Sterne <\/strong>f\u00fcr Sie bereith\u00e4lt. Ihre <strong>Ferien <\/strong>werden von verschiedenen <strong>Aktivit\u00e4ten <\/strong>wie Schatzsuchen, animierte Abende mit externen Rednern, Boule-Wettbewerbe etc. Dar\u00fcber hinaus ist dieser <a href=\"\/de\/camping-la-roche-sur-yon\/\">Campingplatz in der N\u00e4he von La Roche-Sur-Yon<\/a> und <strong>Apremont <\/strong>bietet Zugang zu zahlreichen touristischen Aktivit\u00e4ten.<\/p>\n<\/div>\n<\/div>\n\n\n\n<div style=\"height:30px\" aria-hidden=\"true\" class=\"wp-block-spacer\"><\/div>\n\n\n\n<div class=\"wp-block-columns is-layout-flex wp-container-core-columns-is-layout-9d6595d7 wp-block-columns-is-layout-flex\">\n<div class=\"wp-block-column is-layout-flow wp-block-column-is-layout-flow\">\n<h2 class=\"wp-block-heading has-text-align-center\"><strong>Entdecken Sie die Unterk\u00fcnfte des Campingplatzes<\/strong><\/h2>\n\n\n\n<p>Genie\u00dfen Sie einen unvergesslichen Aufenthalt im <strong>Campingplatz Val de Vie in der N\u00e4he des Waldes von Aizenay <\/strong>dank einer <a href=\"\/de\/kleiner-hochklassiger-campingplatz-vendee\/\"><strong>vermietung von hochklassigen unterk\u00fcnften<\/strong><\/a>. Unter anderem haben Sie die <strong>einfache Vermietung von Mobilheimen<\/strong> oder mit Spa f\u00fcr mehr <strong>Komfort<\/strong>. Alle Unterk\u00fcnfte der <strong>4-Sterne-Campingpl\u00e4tze<\/strong> sind m\u00f6bliert und ausgestattet, mit <strong>Zimmer <\/strong>komfortabel, ein <strong>Wohnzimmer<\/strong>Es gibt ein Badezimmer und eine K\u00fcche. Diese verf\u00fcgt \u00fcber die unerl\u00e4sslichen Ausstattungen wie <strong>K\u00fchlschrank<\/strong>am <strong>Mikrowelle <\/strong>oder die <strong>Kaffeemaschine<\/strong>.<\/p>\n\n\n\n<details>\n<summary>Lesen Sie mehr<\/summary>\n<p>Die <strong>mobil<\/strong> home bietet 3 bis 4 <strong>Zimmer<\/strong>Das Haus bietet Platz f\u00fcr 4 bis 8 Personen. Zus\u00e4tzlich zu den Einrichtungen wie <strong>K\u00fchlschrank<\/strong> oder die <strong>Kaffeemaschine<\/strong>am <strong>Mobilheim<\/strong> premium genie\u00dft auch eine <strong>Terrasse<\/strong> und einem <strong>Garten<\/strong>. Au\u00dferdem k\u00f6nnen Sie auf eine <strong>Platz<\/strong> von <strong>Parkplatz<\/strong>. Beachten Sie, dass eine <strong>beheizter Pool<\/strong> sowie verschiedene <strong>Spiele<\/strong> und <strong>Animationen<\/strong> vervollst\u00e4ndigen diese Leistungen, um Ihre <strong>Ferien<\/strong>.<\/p>\n<\/details>\n\n\n\n<div class=\"wp-block-columns is-layout-flex wp-container-core-columns-is-layout-9d6595d7 wp-block-columns-is-layout-flex\">\n<div class=\"wp-block-column is-layout-flow wp-block-column-is-layout-flow\" style=\"flex-basis:33.33%\">\n<div class=\"wp-block-create-block-sev-encartsimplebg aligncenter\"><aside class=\"encart-simplebg-sev small\"><a href=\"\/de\/unterkunfte\/#sev-gamme-standard\" class=\"d-flex flex-column align-items-center\"><div class=\"encart-title\"><span>Standardsortiment ab 199\u20ac pro Woche<\/span><\/div><img decoding=\"async\" src=\"https:\/\/www.campingvaldevie.fr\/wp-content\/uploads\/2022\/03\/standard.jpg\" alt=\"Mobilheim Standardsortiment\"\/><button class=\"btn\"><\/button><\/a><\/aside><\/div>\n<\/div>\n\n\n\n<div class=\"wp-block-column is-layout-flow wp-block-column-is-layout-flow\" style=\"flex-basis:66.66%\">\n<div class=\"wp-block-create-block-sev-encartsimplebg\"><aside class=\"encart-simplebg-sev small\"><a href=\"\/de\/unterkunfte\/#sev-gamme-confort\" class=\"d-flex flex-column align-items-center\"><div class=\"encart-title\"><span>Comfort range ab 269\u20ac pro Woche<\/span><\/div><img decoding=\"async\" src=\"https:\/\/www.campingvaldevie.fr\/wp-content\/uploads\/2020\/12\/IMG_2469.jpg\" alt=\"Wohnzimmer\"\/><button class=\"btn\"><\/button><\/a><\/aside><\/div>\n<\/div>\n<\/div>\n\n\n\n<div class=\"wp-block-columns is-layout-flex wp-container-core-columns-is-layout-9d6595d7 wp-block-columns-is-layout-flex\">\n<div class=\"wp-block-column is-layout-flow wp-block-column-is-layout-flow\" style=\"flex-basis:66.66%\">\n<div class=\"wp-block-create-block-sev-encartsimplebg\"><aside class=\"encart-simplebg-sev small\"><a href=\"\/de\/unterkunfte\/#sev-gamme-premium\" class=\"d-flex flex-column align-items-center\"><div class=\"encart-title\"><span>Premiumsortiment ab 379\u20ac pro Woche<\/span><\/div><img decoding=\"async\" src=\"https:\/\/www.campingvaldevie.fr\/wp-content\/uploads\/2022\/07\/meilleur-petit-camping-saint-gilles-croix-de-vie.png\" alt=\"Bester kleiner Campingplatz Saint Gilles croix de Vie\"\/><button class=\"btn\"><\/button><\/a><\/aside><\/div>\n<\/div>\n\n\n\n<div class=\"wp-block-column is-layout-flow wp-block-column-is-layout-flow\" style=\"flex-basis:33.33%\">\n<div class=\"wp-block-create-block-sev-encartsimplebg\"><aside class=\"encart-simplebg-sev small\"><a href=\"\/de\/standort\/\" class=\"d-flex flex-column align-items-center\"><div class=\"encart-title\"><span>Stellplatz ab 100\u20ac pro Woche<\/span><\/div><img decoding=\"async\" src=\"https:\/\/www.campingvaldevie.fr\/wp-content\/uploads\/2019\/11\/emplacement-camping-taille-humaine-vendee.jpg\" alt=\"\u00fcberschaubarer Campingplatz in der Vend\u00e9e\"\/><button class=\"btn\"><\/button><\/a><\/aside><\/div>\n<\/div>\n<\/div>\n\n\n\n<div class=\"wp-block-buttons alignwide is-layout-flex wp-block-buttons-is-layout-flex\">\n<div class=\"wp-block-button aligncenter\"><a class=\"wp-block-button__link wp-element-button\" href=\"\/de\/unterkunfte\/\">Entdecken Sie die Unterk\u00fcnfte<\/a><\/div>\n<\/div>\n<\/div>\n<\/div>\n\n\n\n<div style=\"height:30px\" aria-hidden=\"true\" class=\"wp-block-spacer\"><\/div>\n\n\n\n<div class=\"wp-block-media-text alignfull has-media-on-the-right is-stacked-on-mobile is-vertically-aligned-center is-style-default\" style=\"grid-template-columns:auto 56%\"><div class=\"wp-block-media-text__content\">\n<h2 class=\"wp-block-heading has-text-align-left has-text-color\" style=\"color:#000000\"><strong><strong><strong>Das Schwimmbad auf dem Campingplatz in der N\u00e4he von Aizenay<\/strong><\/strong><\/strong><\/h2>\n\n\n\n<p>Die <strong>beheiztes und \u00fcberdachtes Schwimmbad auf dem Campingplatz in der N\u00e4he von Aizenay <\/strong>geh\u00f6rt zu seinen gr\u00f6\u00dften St\u00e4rken. Sie k\u00f6nnen in diesem <strong>Wasserraum <\/strong>gesch\u00fctzten Bereich oder faulenzen Sie auf den Liegest\u00fchlen, in <strong>Vend\u00e9e <\/strong>im Herzen der <strong>Pays de la Loire<\/strong>. Wenn Sie z\u00f6gern, Ihre <strong>Ferien <\/strong>in dieser Art von <strong>Campingplatz<\/strong>Die <strong>Meinung <\/strong>von Familien, die sich dort bereits aufgehalten haben. Die Erfahrungsberichte und <strong>Meinung<\/strong> sind sich einig \u00fcber die Qualit\u00e4t der Dienstleistungen dieser Einrichtung in <strong>Vermietung <\/strong>von <strong>vend\u00e9e <\/strong>in der <strong>Land<\/strong> der <strong>loire<\/strong>. Seine 4 <strong>Sterne <\/strong>sind mehr als verdient.<\/p>\n\n\n\n<div class=\"wp-block-buttons is-layout-flex wp-block-buttons-is-layout-flex\">\n<div class=\"wp-block-button\"><a class=\"wp-block-button__link wp-element-button\" href=\"\/de\/der-pool\/\">Entdecke den Pool<\/a><\/div>\n<\/div>\n<\/div><figure class=\"wp-block-media-text__media\"><img loading=\"lazy\" decoding=\"async\" width=\"1024\" height=\"768\" src=\"https:\/\/www.campingvaldevie.fr\/wp-content\/uploads\/2022\/11\/piscine-couverte-et-chauffee-4.jpg\" alt=\"schwimmbad camping gruppenunterkunft vend\u00e9e\" class=\"wp-image-20113 size-full\" srcset=\"https:\/\/www.campingvaldevie.fr\/wp-content\/uploads\/2022\/11\/piscine-couverte-et-chauffee-4.jpg 1024w, https:\/\/www.campingvaldevie.fr\/wp-content\/uploads\/2022\/11\/piscine-couverte-et-chauffee-4-300x225.jpg 300w, https:\/\/www.campingvaldevie.fr\/wp-content\/uploads\/2022\/11\/piscine-couverte-et-chauffee-4-768x576.jpg 768w\" sizes=\"auto, (max-width: 1024px) 100vw, 1024px\" \/><\/figure><\/div>\n\n\n\n<div style=\"height:30px\" aria-hidden=\"true\" class=\"wp-block-spacer\"><\/div>\n\n\n\n<figure class=\"wp-block-gallery alignwide has-nested-images columns-default is-cropped wp-block-gallery-1 is-layout-flex wp-block-gallery-is-layout-flex\">\n<figure class=\"wp-block-image size-full\"><img loading=\"lazy\" decoding=\"async\" width=\"767\" height=\"717\" data-id=\"19687\" src=\"https:\/\/www.campingvaldevie.fr\/wp-content\/uploads\/2022\/11\/piscine-valdevie.png\" alt=\"Pool\" class=\"wp-image-19687\" srcset=\"https:\/\/www.campingvaldevie.fr\/wp-content\/uploads\/2022\/11\/piscine-valdevie.png 767w, https:\/\/www.campingvaldevie.fr\/wp-content\/uploads\/2022\/11\/piscine-valdevie-300x280.png 300w\" sizes=\"auto, (max-width: 767px) 100vw, 767px\" \/><\/figure>\n\n\n\n<figure class=\"wp-block-image size-large\"><img loading=\"lazy\" decoding=\"async\" width=\"1024\" height=\"576\" data-id=\"7543\" src=\"https:\/\/www.campingvaldevie.fr\/wp-content\/uploads\/2020\/12\/tente-lodge-COTTON-1024x576.jpg\" alt=\"\" class=\"wp-image-7543\" srcset=\"https:\/\/www.campingvaldevie.fr\/wp-content\/uploads\/2020\/12\/tente-lodge-COTTON-1024x576.jpg 1024w, https:\/\/www.campingvaldevie.fr\/wp-content\/uploads\/2020\/12\/tente-lodge-COTTON-300x169.jpg 300w, https:\/\/www.campingvaldevie.fr\/wp-content\/uploads\/2020\/12\/tente-lodge-COTTON-768x432.jpg 768w, https:\/\/www.campingvaldevie.fr\/wp-content\/uploads\/2020\/12\/tente-lodge-COTTON-1536x864.jpg 1536w, https:\/\/www.campingvaldevie.fr\/wp-content\/uploads\/2020\/12\/tente-lodge-COTTON.jpg 1920w\" sizes=\"auto, (max-width: 1024px) 100vw, 1024px\" \/><\/figure>\n<\/figure>\n\n\n\n<div style=\"height:30px\" aria-hidden=\"true\" class=\"wp-block-spacer\"><\/div>\n\n\n\n<div class=\"wp-block-media-text alignfull is-stacked-on-mobile is-vertically-aligned-center is-image-fill-element is-style-default\" style=\"grid-template-columns:56% auto\"><figure class=\"wp-block-media-text__media\"><img loading=\"lazy\" decoding=\"async\" width=\"800\" height=\"533\" src=\"https:\/\/www.campingvaldevie.fr\/wp-content\/uploads\/2018\/01\/camping-familial.jpg\" alt=\"\" class=\"wp-image-1693 size-full\" style=\"object-position:50% 50%\" srcset=\"https:\/\/www.campingvaldevie.fr\/wp-content\/uploads\/2018\/01\/camping-familial.jpg 800w, https:\/\/www.campingvaldevie.fr\/wp-content\/uploads\/2018\/01\/camping-familial-300x200.jpg 300w, https:\/\/www.campingvaldevie.fr\/wp-content\/uploads\/2018\/01\/camping-familial-768x512.jpg 768w\" sizes=\"auto, (max-width: 800px) 100vw, 800px\" \/><\/figure><div class=\"wp-block-media-text__content\">\n<h2 class=\"wp-block-heading has-text-align-left has-text-color\" style=\"color:#000000\"><strong><strong><strong><strong>Ein Familiencampingplatz am Rande des Waldes von Aizenay<\/strong><\/strong><\/strong><\/strong><\/h2>\n\n\n\n<p>Buchen Sie einen <strong>Hosting <\/strong>in der <strong>Campingplatz Val de Vie in der N\u00e4he des Waldes von Aizenay <\/strong>um der Natur so nah wie m\u00f6glich zu sein. Erleben Sie <strong>Ferien <\/strong>angenehm und heiter in einem <strong>Leben <\/strong>durchdrungen von Gr\u00fcn. Wenn Sie gerne in <strong>Wald<\/strong>Dies <strong>Campingplatz <\/strong>ist genau das Richtige f\u00fcr Sie. Seine Lage macht es zu einem ausgezeichneten Ausgangspunkt f\u00fcr Besichtigungen des <strong>Pays de la Loire<\/strong>. Wenn Sie noch weiter gehen, k\u00f6nnen Sie sogar sch\u00f6ne Str\u00e4nde von <strong>Sand <\/strong>Ende in der N\u00e4he von<strong>Aizenay<\/strong>.<\/p>\n\n\n\n<p>Zus\u00e4tzlich zu dieser <strong>N\u00e4he <\/strong>mit der Natur, den <strong>Campingpl\u00e4tze <\/strong>wie Val de Vie bieten modernste Dienstleistungen und Einrichtungen. Auf <strong>Platz<\/strong>profitieren Sie von der <strong>wifi <\/strong>oder einer <strong>Pool <\/strong>beheizten Garten. Nach einem Spaziergang durch die <strong>Wald <\/strong>mit Ihren <strong>Kinder<\/strong>Entspannen Sie sich in den <strong>Zimmer <\/strong>mit allem Komfort von <strong>Mobilheime<\/strong>. Sie k\u00f6nnen sich von der Wanderung erholen, indem Sie <strong>Wald <\/strong>indem Sie sich im <strong>Wohnzimmer<\/strong>am <strong>Garten <\/strong>oder in der<strong>Raum <\/strong>erhitzt von der <strong>Pool<\/strong>. Der Rahmen dieser Einrichtung 4 <strong>Sterne <\/strong>befindet sich im Herzen von <strong>Vend\u00e9e<\/strong>in der <strong>Pays de la Loire, ist<\/strong> die Entspannung und Gelassenheit f\u00f6rdert. Verbinden Sie sich wieder mit der Umwelt dank dieses <strong>Aufenthalt <\/strong>in der N\u00e4he der <strong>Wald von Aizenay<\/strong>.<\/p>\n<\/div><\/div>\n\n\n\n<div style=\"height:30px\" aria-hidden=\"true\" class=\"wp-block-spacer\"><\/div>\n\n\n\n<div class=\"wp-block-media-text alignfull has-media-on-the-right is-stacked-on-mobile is-vertically-aligned-center is-image-fill-element is-style-default\" style=\"grid-template-columns:auto 56%\"><div class=\"wp-block-media-text__content\">\n<h2 class=\"wp-block-heading has-text-align-left has-text-color\" style=\"color:#000000\"><strong><strong><strong><strong>Besuchen Sie Aizenay<\/strong><\/strong><\/strong><\/strong><\/h2>\n\n\n\n<p>Es ist wichtig zu wissen, dass der <strong>Campingplatz mit Swimmingpool liegt in der N\u00e4he des Waldes von Aizenay.<\/strong>. Es ist somit ein strategischer Ort f\u00fcr den Besuch des <strong>Pays de la Loire<\/strong>, insbesondere <strong>Aizenay<\/strong>. Genie\u00dfen Sie Ihren <strong>Aufenthalt <\/strong>um die Umgebung zu erkunden. Wenn Sie von der Besichtigung m\u00fcde sind, entspannen Sie sich in der <strong>Pool <\/strong>oder auf dem Liegestuhl seiner <strong>Terrasse<\/strong>. Sehensw\u00fcrdigkeiten und Aktivit\u00e4ten, die Sie w\u00e4hrend Ihrer <strong>Ferien<\/strong> \u00e0 <strong>vend\u00e9e <\/strong>nicht fehlen:<\/p>\n\n\n\n<ul class=\"wp-block-list\">\n<li>die <strong>Park les Engoulevents du sud<\/strong>am Rande der <strong>Wald<\/strong>Es gibt eine Reihe von Aktivit\u00e4ten, die sich an Kinder und Erwachsene richten,<\/li>\n\n\n\n<li>das Littoral Bowling,<\/li>\n\n\n\n<li>das Schloss von Apremont,<\/li>\n\n\n\n<li>den Hochseilgarten,<\/li>\n\n\n\n<li>usw.&nbsp;<\/li>\n<\/ul>\n\n\n\n<p>Sie k\u00f6nnen auch die<a href=\"https:\/\/www.aizenay.fr\/\" target=\"_blank\" rel=\"noreferrer noopener\"><strong>Tourismusb\u00fcro von Aizenay<\/strong><\/a> f\u00fcr weitere Details.\u00a0<\/p>\n\n\n\n<p>Um in vollen Z\u00fcgen zu genie\u00dfen <a href=\"\/de\/tourismus-vendee\/tourismus-aizenay\/\">von Aizenay<\/a>eine <strong>Vermietung von Unterk\u00fcnften <\/strong>in einem der <strong>Campingpl\u00e4tze <\/strong>nahestehenden Personen. Die <strong>camping Val de vie<\/strong> ist der perfekte Ort, an dem Sie <strong>Mobilheime<\/strong> nach Ihrem Wunsch, je nach Anzahl der Personen oder Ihrem Budget.&nbsp;<\/p>\n<\/div><figure class=\"wp-block-media-text__media\"><img loading=\"lazy\" decoding=\"async\" width=\"1024\" height=\"683\" src=\"https:\/\/www.campingvaldevie.fr\/wp-content\/uploads\/2022\/12\/tourisme-aizenay-1024x683.jpg\" alt=\"Tourismus aizenay\" class=\"wp-image-20298 size-full\" style=\"object-position:50% 50%\" srcset=\"https:\/\/www.campingvaldevie.fr\/wp-content\/uploads\/2022\/12\/tourisme-aizenay-1024x683.jpg 1024w, https:\/\/www.campingvaldevie.fr\/wp-content\/uploads\/2022\/12\/tourisme-aizenay-300x200.jpg 300w, https:\/\/www.campingvaldevie.fr\/wp-content\/uploads\/2022\/12\/tourisme-aizenay-768x512.jpg 768w, https:\/\/www.campingvaldevie.fr\/wp-content\/uploads\/2022\/12\/tourisme-aizenay.jpg 1200w\" sizes=\"auto, (max-width: 1024px) 100vw, 1024px\" \/><\/figure><\/div>\n\n\n\n<div style=\"height:50px\" aria-hidden=\"true\" class=\"wp-block-spacer\"><\/div>\n\n\n\n<div class=\"wp-block-columns is-layout-flex wp-container-core-columns-is-layout-9d6595d7 wp-block-columns-is-layout-flex\">\n<div class=\"wp-block-column is-layout-flow wp-block-column-is-layout-flow\">\n<div class=\"wp-block-buttons is-layout-flex wp-block-buttons-is-layout-flex\">\n<div class=\"wp-block-button aligncenter\"><a class=\"wp-block-button__link wp-element-button\" href=\"https:\/\/bookingpremium.secureholiday.net\/fr\/10284\/\" target=\"_blank\" rel=\"noreferrer noopener\">Buchen Sie<\/a><\/div>\n<\/div>\n<\/div>\n\n\n\n<div class=\"wp-block-column is-layout-flow wp-block-column-is-layout-flow\">\n<div class=\"wp-block-buttons is-layout-flex wp-block-buttons-is-layout-flex\">\n<div class=\"wp-block-button aligncenter\"><a class=\"wp-block-button__link wp-element-button\" href=\"\/de\/kontakt\/\">Kontaktieren Sie uns<\/a><\/div>\n<\/div>\n<\/div>\n<\/div>\n\n\n\n<div class=\"wp-block-group\"><div class=\"wp-block-group__inner-container is-layout-constrained wp-block-group-is-layout-constrained\">\n<h2 class=\"wp-block-heading has-text-align-center\">Entdecken Sie auch<\/h2>\n\n\n\n<div class=\"wp-block-columns is-layout-flex wp-container-core-columns-is-layout-9d6595d7 wp-block-columns-is-layout-flex\">\n<div class=\"wp-block-column is-layout-flow wp-block-column-is-layout-flow\">\n<div class=\"wp-block-cover is-light has-small-font-size\" style=\"min-height:350px;aspect-ratio:unset;\"><span aria-hidden=\"true\" class=\"wp-block-cover__background has-background-dim\"><\/span><img loading=\"lazy\" decoding=\"async\" width=\"1200\" height=\"800\" class=\"wp-block-cover__image-background wp-image-20331\" alt=\"See von Apremont\" src=\"https:\/\/www.campingvaldevie.fr\/wp-content\/uploads\/2022\/12\/lac-apremont.jpg\" data-object-fit=\"cover\" srcset=\"https:\/\/www.campingvaldevie.fr\/wp-content\/uploads\/2022\/12\/lac-apremont.jpg 1200w, https:\/\/www.campingvaldevie.fr\/wp-content\/uploads\/2022\/12\/lac-apremont-300x200.jpg 300w, https:\/\/www.campingvaldevie.fr\/wp-content\/uploads\/2022\/12\/lac-apremont-1024x683.jpg 1024w, https:\/\/www.campingvaldevie.fr\/wp-content\/uploads\/2022\/12\/lac-apremont-768x512.jpg 768w\" sizes=\"auto, (max-width: 1200px) 100vw, 1200px\" \/><div class=\"wp-block-cover__inner-container is-layout-flow wp-block-cover-is-layout-flow\">\n<p class=\"has-text-align-center has-large-font-size\"><a href=\"\/de\/camping-apremont\/\">Campingplatz Apremont<\/a><\/p>\n<\/div><\/div>\n<\/div>\n\n\n\n<div class=\"wp-block-column is-layout-flow wp-block-column-is-layout-flow\">\n<div class=\"wp-block-cover is-light has-small-font-size\" style=\"min-height:350px;aspect-ratio:unset;\"><span aria-hidden=\"true\" class=\"wp-block-cover__background has-background-dim\"><\/span><img loading=\"lazy\" decoding=\"async\" width=\"1200\" height=\"800\" class=\"wp-block-cover__image-background wp-image-20298\" alt=\"Tourismus aizenay\" src=\"https:\/\/www.campingvaldevie.fr\/wp-content\/uploads\/2022\/12\/tourisme-aizenay.jpg\" data-object-fit=\"cover\" srcset=\"https:\/\/www.campingvaldevie.fr\/wp-content\/uploads\/2022\/12\/tourisme-aizenay.jpg 1200w, https:\/\/www.campingvaldevie.fr\/wp-content\/uploads\/2022\/12\/tourisme-aizenay-300x200.jpg 300w, https:\/\/www.campingvaldevie.fr\/wp-content\/uploads\/2022\/12\/tourisme-aizenay-1024x683.jpg 1024w, https:\/\/www.campingvaldevie.fr\/wp-content\/uploads\/2022\/12\/tourisme-aizenay-768x512.jpg 768w\" sizes=\"auto, (max-width: 1200px) 100vw, 1200px\" \/><div class=\"wp-block-cover__inner-container is-layout-flow wp-block-cover-is-layout-flow\">\n<p class=\"has-text-align-center has-large-font-size\"><a href=\"\/de\/camping-la-roche-sur-yon\/\">Campingplatz La Roche-sur-Yon<\/a><\/p>\n<\/div><\/div>\n<\/div>\n\n\n\n<div class=\"wp-block-column is-layout-flow wp-block-column-is-layout-flow\">\n<div class=\"wp-block-cover has-small-font-size\" style=\"min-height:350px;aspect-ratio:unset;\"><span aria-hidden=\"true\" class=\"wp-block-cover__background has-background-dim\"><\/span><img loading=\"lazy\" decoding=\"async\" width=\"700\" height=\"466\" class=\"wp-block-cover__image-background wp-image-18902\" alt=\"Urlaub Kleiner Campingplatz in der N\u00e4he von Br\u00e9tignolles sur Mer\" src=\"https:\/\/www.campingvaldevie.fr\/wp-content\/uploads\/2022\/09\/vacances-petit-camping-proche-bretignolles-sur-mer.jpg\" data-object-fit=\"cover\" srcset=\"https:\/\/www.campingvaldevie.fr\/wp-content\/uploads\/2022\/09\/vacances-petit-camping-proche-bretignolles-sur-mer.jpg 700w, https:\/\/www.campingvaldevie.fr\/wp-content\/uploads\/2022\/09\/vacances-petit-camping-proche-bretignolles-sur-mer-300x200.jpg 300w\" sizes=\"auto, (max-width: 700px) 100vw, 700px\" \/><div class=\"wp-block-cover__inner-container is-layout-flow wp-block-cover-is-layout-flow\">\n<p class=\"has-text-align-center has-large-font-size\"><a href=\"\/de\/camping-bretignolles-sur-mer\/\">Campingplatz Bretignolles<\/a><\/p>\n<\/div><\/div>\n<\/div>\n<\/div>\n<\/div><\/div>","protected":false},"excerpt":{"rendered":"<p>D\u00e9couvrez le camping Val de Vie pr\u00e8s d\u2019Aizenay Passez des vacances m\u00e9morables dans le camping 4 \u00e9toiles Val de Vie, situ\u00e9 dans les Pays de la Loire, pr\u00e8s de la for\u00eat d\u2019Aizenay. Ce camping en Vend\u00e9e comprend tous les \u00e9quipements n\u00e9cessaires pour vous offrir un confort optimal durant votre s\u00e9jour. Vous pouvez prendre une location [&hellip;]<\/p>\n","protected":false},"author":4,"featured_media":0,"parent":0,"menu_order":0,"comment_status":"closed","ping_status":"closed","template":"","meta":{"_seopress_robots_primary_cat":"","_seopress_titles_title":"Camping 4 \u00e9toiles proche d\u2019Aizenay en Vend\u00e9e","_seopress_titles_desc":"Vous cherchez une location de vacances en camping pr\u00e8s d\u2019Aizenay ? Notre camping vous propose des mobil-homes aux meilleurs prix. R\u00e9servez maintenant !","_seopress_robots_index":"","footnotes":""},"class_list":["post-20279","page","type-page","status-publish","hentry"],"_links":{"self":[{"href":"https:\/\/www.campingvaldevie.fr\/de\/wp-json\/wp\/v2\/pages\/20279","targetHints":{"allow":["GET"]}}],"collection":[{"href":"https:\/\/www.campingvaldevie.fr\/de\/wp-json\/wp\/v2\/pages"}],"about":[{"href":"https:\/\/www.campingvaldevie.fr\/de\/wp-json\/wp\/v2\/types\/page"}],"author":[{"embeddable":true,"href":"https:\/\/www.campingvaldevie.fr\/de\/wp-json\/wp\/v2\/users\/4"}],"replies":[{"embeddable":true,"href":"https:\/\/www.campingvaldevie.fr\/de\/wp-json\/wp\/v2\/comments?post=20279"}],"version-history":[{"count":11,"href":"https:\/\/www.campingvaldevie.fr\/de\/wp-json\/wp\/v2\/pages\/20279\/revisions"}],"predecessor-version":[{"id":26136,"href":"https:\/\/www.campingvaldevie.fr\/de\/wp-json\/wp\/v2\/pages\/20279\/revisions\/26136"}],"wp:attachment":[{"href":"https:\/\/www.campingvaldevie.fr\/de\/wp-json\/wp\/v2\/media?parent=20279"}],"curies":[{"name":"wp","href":"https:\/\/api.w.org\/{rel}","templated":true}]}}