{"id":20366,"date":"2022-12-07T08:43:14","date_gmt":"2022-12-07T07:43:14","guid":{"rendered":"https:\/\/www.campingvaldevie.fr\/?page_id=20366"},"modified":"2024-02-14T16:56:46","modified_gmt":"2024-02-14T15:56:46","slug":"tourismus-aizenay","status":"publish","type":"page","link":"https:\/\/www.campingvaldevie.fr\/de\/tourisme-vendee\/tourisme-aizenay\/","title":{"rendered":"Tourismus in Aizenay, was es zu sehen und zu besichtigen gibt"},"content":{"rendered":"<p><strong>Aizenay <\/strong>bietet eine der interessantesten Sightseeing-Touren an, die Sie von Ihrem <a href=\"\/de\/\">camping in der Vend\u00e9e<\/a>in den <strong>Pays de la Loire<\/strong>. Diese Stadt ist f\u00fcr ihr reiches Erbe und ihre Kultur bekannt. Sie ist ein ideales Reiseziel, um vom Alltag abzuschalten oder eine Odyssee zu machen. Zoom auf die Orte, die Sie unbedingt sehen m\u00fcssen und <strong>besuchen in der N\u00e4he von Aizenay<\/strong>.<\/p>\n\n\n\n<div class=\"wp-block-media-text alignfull has-media-on-the-right is-stacked-on-mobile is-vertically-aligned-center is-style-default\" style=\"grid-template-columns:auto 40%\"><div class=\"wp-block-media-text__content\">\n<h2 class=\"wp-block-heading\">Der Garten von Loriot in Venansault&nbsp;<\/h2>\n\n\n\n<p>Es handelt sich um einen anglo-chinesischen \u00d6kopark, der sich im <strong>Herz der Vend\u00e9e<\/strong>. Hier sind einige Strecken, die Sie in diesem 5 Hektar gro\u00dfen Garten nicht verpassen sollten:<\/p>\n\n\n\n<ol class=\"wp-block-list\">\n<li><strong>Die Seerosen- und Lotusbecken<\/strong><\/li>\n<\/ol>\n\n\n\n<p>Die Teiche umfassen etwa 60 verschiedene Arten von bunten Seerosen, die Sie in eine Welt voller Sch\u00f6nheit und Exotik eintauchen lassen.&nbsp;&nbsp;<\/p>\n\n\n\n<ol class=\"wp-block-list\" start=\"2\">\n<li><strong>Auf dem Drachenpfad<\/strong><\/li>\n<\/ol>\n\n\n\n<p>Verpassen Sie nicht die Dauerausstellung \u00fcber Clemenceaus Reise nach S\u00fcdasien. Dort finden Sie zwei mythologische G\u00e4nse, die die Stadt Pegu sowie die unaufl\u00f6sliche Freundschaft zwischen ihm und Claude MONET symbolisieren.<\/p>\n\n\n\n<ol class=\"wp-block-list\" start=\"3\">\n<li><strong>Das Bambusetum&nbsp;<\/strong><\/li>\n<\/ol>\n\n\n\n<p>Dieser Ort hat viele B\u00e4nke, auf denen du sitzen kannst, um die K\u00fchle im Schatten der Bambusb\u00e4ume zu genie\u00dfen.&nbsp;&nbsp;<\/p>\n\n\n\n<ol class=\"wp-block-list\" start=\"4\">\n<li><strong>Japan<\/strong><\/li>\n<\/ol>\n\n\n\n<p>Erkunden Sie den \"Wald der Mondprinzessin\" und versuchen Sie, die 34 R\u00e4tsel des \"M\u00e4rchens vom alten Bambusschneider\" zu l\u00f6sen.&nbsp;&nbsp;<\/p>\n\n\n\n<p>Um die Region in aller Ruhe zu erkunden, sollten Sie Ihren Urlaub in einem <strong>Campingplatz in der N\u00e4he von Aizenay<\/strong>.&nbsp;<\/p>\n<\/div><figure class=\"wp-block-media-text__media\"><img loading=\"lazy\" decoding=\"async\" width=\"622\" height=\"415\" src=\"https:\/\/www.campingvaldevie.fr\/wp-content\/uploads\/2022\/12\/bambusetum-aizenay.jpg\" alt=\"bambusetum d&#039;aizenay\" class=\"wp-image-20369 size-full\" srcset=\"https:\/\/www.campingvaldevie.fr\/wp-content\/uploads\/2022\/12\/bambusetum-aizenay.jpg 622w, https:\/\/www.campingvaldevie.fr\/wp-content\/uploads\/2022\/12\/bambusetum-aizenay-300x200.jpg 300w\" sizes=\"auto, (max-width: 622px) 100vw, 622px\" \/><\/figure><\/div>\n\n\n\n<div style=\"height:30px\" aria-hidden=\"true\" class=\"wp-block-spacer\"><\/div>\n\n\n\n<div class=\"wp-block-media-text alignfull is-stacked-on-mobile is-vertically-aligned-center is-style-default\" style=\"grid-template-columns:40% auto\"><figure class=\"wp-block-media-text__media\"><img loading=\"lazy\" decoding=\"async\" width=\"1024\" height=\"768\" src=\"https:\/\/www.campingvaldevie.fr\/wp-content\/uploads\/2024\/02\/95.jpg\" alt=\"\" class=\"wp-image-23804 size-full\" srcset=\"https:\/\/www.campingvaldevie.fr\/wp-content\/uploads\/2024\/02\/95.jpg 1024w, https:\/\/www.campingvaldevie.fr\/wp-content\/uploads\/2024\/02\/95-300x225.jpg 300w, https:\/\/www.campingvaldevie.fr\/wp-content\/uploads\/2024\/02\/95-768x576.jpg 768w\" sizes=\"auto, (max-width: 1024px) 100vw, 1024px\" \/><\/figure><div class=\"wp-block-media-text__content\">\n<h2 class=\"wp-block-heading\">Die Stadt Apremont<\/h2>\n\n\n\n<p>Die Stadt<strong>Apremont in der N\u00e4he von Aizenay<\/strong> birgt eine Vielzahl an unentdeckten Orten, die es zu besuchen gilt:<\/p>\n\n\n\n<ol class=\"wp-block-list\">\n<li><strong>Das Schloss von Apremont<\/strong><\/li>\n<\/ol>\n\n\n\n<p>Es handelt sich um eine Festung mit einem interessanten kulturellen Erbe, das f\u00fcr jedermann zug\u00e4nglich ist. Die Burg erhebt sich majest\u00e4tisch aus dem Tal des Flusses Vie. 30 Minuten vom <strong>K\u00fcste der Vend\u00e9e<\/strong>Es ist ein beliebter Ort f\u00fcr Urlauber, die nach Str\u00e4nden und Sonne suchen. Die Lage macht es zu einem perfekten Ort, um sich weiterzubilden, bevor man sich an den sch\u00f6nen Str\u00e4nden des Landes entspannt. <strong>Str\u00e4nde der Pays de la Loire<\/strong>. Z\u00f6gern Sie nicht zu kommen <a href=\"https:\/\/www.tourisme-vie-et-boulogne.fr\/chateau-apremont\/\" target=\"_blank\" rel=\"noreferrer noopener\"><strong>das Schloss von Apremont besuchen<\/strong><\/a> !<\/p>\n\n\n\n<ol class=\"wp-block-list\" start=\"2\">\n<li><strong>Die Kirche Saint Martin&nbsp;<\/strong><\/li>\n<\/ol>\n\n\n\n<p>Sie zeichnet sich durch ihre H\u00f6he von 20 m sowie durch ihren neogotischen Stil aus. Sie k\u00f6nnen ihre Fassade bereits von au\u00dfen betrachten. Wenn Sie durch das Tor treten, entdecken Sie h\u00fcbsche, ockerfarbene, geschliffene Kirchenschiffe und sch\u00f6ne Glasfenster. Sie besitzt Holzschnitzereien, die an die Taufe Jesu erinnern.&nbsp;<\/p>\n\n\n\n<ol class=\"wp-block-list\" start=\"3\">\n<li><strong>Der Fluss des Lebens<\/strong><\/li>\n<\/ol>\n\n\n\n<p>Es ist das perfekte Reiseziel f\u00fcr die Aus\u00fcbung von <strong>Wassersportaktivit\u00e4ten<\/strong>in <strong>Familie <\/strong>oder in <strong>Paar<\/strong>. Sie k\u00f6nnen im See baden oder sich auf den <strong>Str\u00e4nde <\/strong>in v\u00f6lliger Sicherheit. Eine weitere Aktivit\u00e4t ist das Kanufahren, bei dem Sie dem Rhythmus des Wasserstroms folgen und gleichzeitig die Flora und Fauna der Region erkunden k\u00f6nnen.&nbsp;<\/p>\n\n\n\n<p>Warten Sie nicht l\u00e4nger und buchen Sie in diesem <a href=\"\/de\/camping-aizenay\/\">campingplatz in der N\u00e4he von Aizenay<\/a> !<\/p>\n<\/div><\/div>\n\n\n\n<div class=\"wp-block-group\"><div class=\"wp-block-group__inner-container is-layout-constrained wp-block-group-is-layout-constrained\">\n<h2 class=\"wp-block-heading has-text-align-center\">Entdecken Sie auch<\/h2>\n\n\n\n<div class=\"wp-block-columns is-layout-flex wp-container-core-columns-is-layout-9d6595d7 wp-block-columns-is-layout-flex\">\n<div class=\"wp-block-column is-layout-flow wp-block-column-is-layout-flow\">\n<div class=\"wp-block-cover is-light has-small-font-size\" style=\"min-height:350px;aspect-ratio:unset;\"><span aria-hidden=\"true\" class=\"wp-block-cover__background has-background-dim\"><\/span><img loading=\"lazy\" decoding=\"async\" width=\"1200\" height=\"800\" class=\"wp-block-cover__image-background wp-image-20331\" alt=\"See von Apremont\" src=\"https:\/\/www.campingvaldevie.fr\/wp-content\/uploads\/2022\/12\/lac-apremont.jpg\" data-object-fit=\"cover\" srcset=\"https:\/\/www.campingvaldevie.fr\/wp-content\/uploads\/2022\/12\/lac-apremont.jpg 1200w, https:\/\/www.campingvaldevie.fr\/wp-content\/uploads\/2022\/12\/lac-apremont-300x200.jpg 300w, https:\/\/www.campingvaldevie.fr\/wp-content\/uploads\/2022\/12\/lac-apremont-1024x683.jpg 1024w, https:\/\/www.campingvaldevie.fr\/wp-content\/uploads\/2022\/12\/lac-apremont-768x512.jpg 768w\" sizes=\"auto, (max-width: 1200px) 100vw, 1200px\" \/><div class=\"wp-block-cover__inner-container is-layout-flow wp-block-cover-is-layout-flow\">\n<p class=\"has-text-align-center has-large-font-size\"><a href=\"\/de\/tourismus-vendee\/tourismus-apremont\/\">Apremont<\/a><\/p>\n<\/div><\/div>\n<\/div>\n\n\n\n<div class=\"wp-block-column is-layout-flow wp-block-column-is-layout-flow\">\n<div class=\"wp-block-cover is-light has-small-font-size\" style=\"min-height:350px;aspect-ratio:unset;\"><span aria-hidden=\"true\" class=\"wp-block-cover__background has-background-dim\"><\/span><img loading=\"lazy\" decoding=\"async\" width=\"1200\" height=\"800\" class=\"wp-block-cover__image-background wp-image-20298\" alt=\"Tourismus aizenay\" src=\"https:\/\/www.campingvaldevie.fr\/wp-content\/uploads\/2022\/12\/tourisme-aizenay.jpg\" data-object-fit=\"cover\" srcset=\"https:\/\/www.campingvaldevie.fr\/wp-content\/uploads\/2022\/12\/tourisme-aizenay.jpg 1200w, https:\/\/www.campingvaldevie.fr\/wp-content\/uploads\/2022\/12\/tourisme-aizenay-300x200.jpg 300w, https:\/\/www.campingvaldevie.fr\/wp-content\/uploads\/2022\/12\/tourisme-aizenay-1024x683.jpg 1024w, https:\/\/www.campingvaldevie.fr\/wp-content\/uploads\/2022\/12\/tourisme-aizenay-768x512.jpg 768w\" sizes=\"auto, (max-width: 1200px) 100vw, 1200px\" \/><div class=\"wp-block-cover__inner-container is-layout-flow wp-block-cover-is-layout-flow\">\n<p class=\"has-text-align-center has-large-font-size\"><a href=\"\/de\/tourismus-vendee\/la-roche-sur-yon\/\">La Roche-sur-Yon<\/a><\/p>\n<\/div><\/div>\n<\/div>\n\n\n\n<div class=\"wp-block-column is-layout-flow wp-block-column-is-layout-flow\">\n<div class=\"wp-block-cover has-small-font-size\" style=\"min-height:350px;aspect-ratio:unset;\"><span aria-hidden=\"true\" class=\"wp-block-cover__background has-background-dim\"><\/span><img loading=\"lazy\" decoding=\"async\" width=\"700\" height=\"466\" class=\"wp-block-cover__image-background wp-image-18902\" alt=\"Urlaub Kleiner Campingplatz in der N\u00e4he von Br\u00e9tignolles sur Mer\" src=\"https:\/\/www.campingvaldevie.fr\/wp-content\/uploads\/2022\/09\/vacances-petit-camping-proche-bretignolles-sur-mer.jpg\" data-object-fit=\"cover\" srcset=\"https:\/\/www.campingvaldevie.fr\/wp-content\/uploads\/2022\/09\/vacances-petit-camping-proche-bretignolles-sur-mer.jpg 700w, https:\/\/www.campingvaldevie.fr\/wp-content\/uploads\/2022\/09\/vacances-petit-camping-proche-bretignolles-sur-mer-300x200.jpg 300w\" sizes=\"auto, (max-width: 700px) 100vw, 700px\" \/><div class=\"wp-block-cover__inner-container is-layout-flow wp-block-cover-is-layout-flow\">\n<p class=\"has-text-align-center has-large-font-size\"><a href=\"\/de\/tourismus-vendee\/bretignolles-sur-mer\/\">Bretignolles<\/a><\/p>\n<\/div><\/div>\n<\/div>\n<\/div>\n<\/div><\/div>","protected":false},"excerpt":{"rendered":"<p>Aizenay propose l\u2019un des circuits touristiques les plus int\u00e9ressants accessible depuis votre camping en Vend\u00e9e, dans les Pays de la Loire. Cette ville est connue pour ses richesses patrimoniales et culturelles. C\u2019est une destination id\u00e9ale pour se d\u00e9connecter de la routine quotidienne ou bien faire une odyss\u00e9e. Zoom sur les endroits immanquables que vous devez [&hellip;]<\/p>\n","protected":false},"author":4,"featured_media":0,"parent":20275,"menu_order":0,"comment_status":"closed","ping_status":"closed","template":"","meta":{"_seopress_robots_primary_cat":"","_seopress_titles_title":"Tourisme \u00e0 Aizenay : Guide de Vacances","_seopress_titles_desc":"Partez \u00e0 la d\u00e9couverte des plus beaux sites touristiques d\u2019Aizenay. Nous vous donnons toutes les informations pratiques pour pr\u00e9parer vos vacances sereinement !","_seopress_robots_index":"","footnotes":""},"class_list":["post-20366","page","type-page","status-publish","hentry"],"_links":{"self":[{"href":"https:\/\/www.campingvaldevie.fr\/de\/wp-json\/wp\/v2\/pages\/20366","targetHints":{"allow":["GET"]}}],"collection":[{"href":"https:\/\/www.campingvaldevie.fr\/de\/wp-json\/wp\/v2\/pages"}],"about":[{"href":"https:\/\/www.campingvaldevie.fr\/de\/wp-json\/wp\/v2\/types\/page"}],"author":[{"embeddable":true,"href":"https:\/\/www.campingvaldevie.fr\/de\/wp-json\/wp\/v2\/users\/4"}],"replies":[{"embeddable":true,"href":"https:\/\/www.campingvaldevie.fr\/de\/wp-json\/wp\/v2\/comments?post=20366"}],"version-history":[{"count":7,"href":"https:\/\/www.campingvaldevie.fr\/de\/wp-json\/wp\/v2\/pages\/20366\/revisions"}],"predecessor-version":[{"id":23809,"href":"https:\/\/www.campingvaldevie.fr\/de\/wp-json\/wp\/v2\/pages\/20366\/revisions\/23809"}],"up":[{"embeddable":true,"href":"https:\/\/www.campingvaldevie.fr\/de\/wp-json\/wp\/v2\/pages\/20275"}],"wp:attachment":[{"href":"https:\/\/www.campingvaldevie.fr\/de\/wp-json\/wp\/v2\/media?parent=20366"}],"curies":[{"name":"wp","href":"https:\/\/api.w.org\/{rel}","templated":true}]}}