{"id":20944,"date":"2023-02-27T16:16:04","date_gmt":"2023-02-27T15:16:04","guid":{"rendered":"https:\/\/www.campingvaldevie.fr\/?page_id=20944"},"modified":"2023-11-03T11:03:34","modified_gmt":"2023-11-03T10:03:34","slug":"ferienwohnung-vendee","status":"publish","type":"page","link":"https:\/\/www.campingvaldevie.fr\/de\/gite-vendee\/","title":{"rendered":"Ferienhaus in Vend\u00e9e"},"content":{"rendered":"<p class=\"has-text-align-center\">Die Vend\u00e9e, ein Reiseziel, das dank seiner <strong>Str\u00e4nde<\/strong> und seine <strong>erhabene Landschaften<\/strong>. Sie ist perfekt f\u00fcr <strong>Ferien<\/strong> beim Camping mit der Familie und zwischen <strong>Freunde<\/strong>. Ein Ort voller Charme und Aktivit\u00e4ten nach Wahl, das <a href=\"\/de\/\">Campingplatz Le Val de Vie<\/a> hat einiges zu bieten.&nbsp;<\/p>\n\n\n\n<div class=\"wp-block-columns is-layout-flex wp-container-core-columns-is-layout-9d6595d7 wp-block-columns-is-layout-flex\">\n<div class=\"wp-block-column is-layout-flow wp-block-column-is-layout-flow\">\n<ul class=\"wp-block-list\">\n<li>Kapazit\u00e4t 20 Personen<\/li>\n\n\n\n<li>260m\u00b2 Platz<\/li>\n\n\n\n<li>ein \u00fcberdachter Au\u00dfenpool (von Mai bis September)<\/li>\n\n\n\n<li>ein Spa f\u00fcr 8 Personen<\/li>\n<\/ul>\n<\/div>\n\n\n\n<div class=\"wp-block-column is-layout-flow wp-block-column-is-layout-flow\">\n<ul class=\"wp-block-list\">\n<li>6 Schlafzimmer und 4 B\u00e4der<\/li>\n\n\n\n<li>ein Spielzimmer (Tischfu\u00dfball, Gesellschaftsspiele, Konsole...)<\/li>\n\n\n\n<li>eine gro\u00dfe Terrasse <\/li>\n\n\n\n<li>ein Au\u00dfenbereich von 4200m\u00b2<\/li>\n\n\n\n<li>ein Hallenbad (10\u00d75)<\/li>\n<\/ul>\n<\/div>\n<\/div>\n\n\n\n<div style=\"height:30px\" aria-hidden=\"true\" class=\"wp-block-spacer\"><\/div>\n\n\n\n<div class=\"wp-block-media-text alignwide has-media-on-the-right is-stacked-on-mobile\"><div class=\"wp-block-media-text__content\">\n<h2 class=\"wp-block-heading\">Ein au\u00dfergew\u00f6hnliches Ferienhaus in der Vend\u00e9e mieten<\/h2>\n\n\n\n<p>F\u00fcr Ihre <strong>Familienurlaub<\/strong>Willkommen in einem der <strong>Unterk\u00fcnfte<\/strong> zu den renommiertesten der Vend\u00e9e, wo Sie von freundlichen Gastgebern mit einem L\u00e4cheln empfangen werden. Genie\u00dfen Sie die frische Luft der <strong>Kampagne<\/strong> und dabei alle Annehmlichkeiten einer <strong>Haus<\/strong>. Gelegen in der N\u00e4he von <a href=\"\/de\/tourismus-vendee\/tourismus-apremont\/\">See von Apremont<\/a>am <strong>ferienhaus in Vend\u00e9e<\/strong> von 260 m\u00b2 stellen Sie <strong>im Herzen von<\/strong> die Natur der Vend\u00e9e.&nbsp;<\/p>\n\n\n\n<p>F\u00fcr einen <strong>Aufenthalt<\/strong> gro\u00dfer Komfort, diese ehemalige Scheune in <strong>Vermietung<\/strong> bietet <strong>Zimmer<\/strong> mit <strong>Schlafpl\u00e4tze<\/strong> von hoher Qualit\u00e4t, eine gro\u00dfe <strong>Raum<\/strong> f\u00fcr <strong>begr\u00fc\u00dfen<\/strong> jedermann und eine sch\u00f6n eingerichtete K\u00fcche. In Sachen Freizeitgestaltung haben Sie die Wahl zwischen dem <strong>Spa<\/strong>Die <strong>Pool<\/strong> und den Spielplatz im Freien. Ganz zu schweigen von den Aktivit\u00e4ten, die auf dem Campingplatz (Tischfu\u00dfball, Boule-Wettbewerbe, Seefest...) und in der Umgebung (Wassersport, Schwimmen, Wanderungen, kulturelle Besichtigungen usw.) angeboten werden.<\/p>\n<\/div><figure class=\"wp-block-media-text__media\"><img loading=\"lazy\" decoding=\"async\" width=\"600\" height=\"400\" src=\"https:\/\/www.campingvaldevie.fr\/wp-content\/uploads\/2023\/02\/location-gite-vendee.jpg\" alt=\"vermietung ferienhaus vendee\" class=\"wp-image-20947 size-full\" srcset=\"https:\/\/www.campingvaldevie.fr\/wp-content\/uploads\/2023\/02\/location-gite-vendee.jpg 600w, https:\/\/www.campingvaldevie.fr\/wp-content\/uploads\/2023\/02\/location-gite-vendee-300x200.jpg 300w\" sizes=\"auto, (max-width: 600px) 100vw, 600px\" \/><\/figure><\/div>\n\n\n\n<div style=\"height:30px\" aria-hidden=\"true\" class=\"wp-block-spacer\"><\/div>\n\n\n\n<h2 class=\"wp-block-heading\">Die Preise f\u00fcr die Buchung des Ferienhauses in der Vend\u00e9e<\/h2>\n\n\n\n\n\n<div style=\"height:30px\" aria-hidden=\"true\" class=\"wp-block-spacer\"><\/div>\n\n\n\n<div class=\"wp-block-columns is-layout-flex wp-container-core-columns-is-layout-9d6595d7 wp-block-columns-is-layout-flex\">\n<div class=\"wp-block-column is-layout-flow wp-block-column-is-layout-flow\">\n<figure class=\"wp-block-gallery has-nested-images columns-default is-cropped wp-block-gallery-1 is-layout-flex wp-block-gallery-is-layout-flex\">\n<figure class=\"wp-block-image size-large\"><img loading=\"lazy\" decoding=\"async\" width=\"600\" height=\"400\" data-id=\"20947\" src=\"https:\/\/www.campingvaldevie.fr\/wp-content\/uploads\/2023\/02\/location-gite-vendee.jpg\" alt=\"Zimmer G\u00eete\" class=\"wp-image-20947\" srcset=\"https:\/\/www.campingvaldevie.fr\/wp-content\/uploads\/2023\/02\/location-gite-vendee.jpg 600w, https:\/\/www.campingvaldevie.fr\/wp-content\/uploads\/2023\/02\/location-gite-vendee-300x200.jpg 300w\" sizes=\"auto, (max-width: 600px) 100vw, 600px\" \/><\/figure>\n\n\n\n<figure class=\"wp-block-image size-large\"><img loading=\"lazy\" decoding=\"async\" width=\"600\" height=\"400\" data-id=\"20951\" src=\"https:\/\/www.campingvaldevie.fr\/wp-content\/uploads\/2023\/02\/gite-familial-vendee.jpg\" alt=\"geschlossene Mezzanine G\u00eete\" class=\"wp-image-20951\" srcset=\"https:\/\/www.campingvaldevie.fr\/wp-content\/uploads\/2023\/02\/gite-familial-vendee.jpg 600w, https:\/\/www.campingvaldevie.fr\/wp-content\/uploads\/2023\/02\/gite-familial-vendee-300x200.jpg 300w\" sizes=\"auto, (max-width: 600px) 100vw, 600px\" \/><\/figure>\n\n\n\n<figure class=\"wp-block-image size-large\"><img loading=\"lazy\" decoding=\"async\" width=\"1024\" height=\"768\" data-id=\"21011\" src=\"https:\/\/www.campingvaldevie.fr\/wp-content\/uploads\/2023\/03\/gite-val-de-vie-gd7-1.jpeg\" alt=\"Zimmer G\u00eete\" class=\"wp-image-21011\" srcset=\"https:\/\/www.campingvaldevie.fr\/wp-content\/uploads\/2023\/03\/gite-val-de-vie-gd7-1.jpeg 1024w, https:\/\/www.campingvaldevie.fr\/wp-content\/uploads\/2023\/03\/gite-val-de-vie-gd7-1-300x225.jpeg 300w, https:\/\/www.campingvaldevie.fr\/wp-content\/uploads\/2023\/03\/gite-val-de-vie-gd7-1-768x576.jpeg 768w\" sizes=\"auto, (max-width: 1024px) 100vw, 1024px\" \/><\/figure>\n\n\n\n<figure class=\"wp-block-image size-large\"><img loading=\"lazy\" decoding=\"async\" width=\"563\" height=\"593\" data-id=\"21069\" src=\"https:\/\/www.campingvaldevie.fr\/wp-content\/uploads\/2023\/03\/7b849c_1a27c912c3f7435ea2b45bf481b83ee1_mv2.webp\" alt=\"\" class=\"wp-image-21069\" srcset=\"https:\/\/www.campingvaldevie.fr\/wp-content\/uploads\/2023\/03\/7b849c_1a27c912c3f7435ea2b45bf481b83ee1_mv2.webp 563w, https:\/\/www.campingvaldevie.fr\/wp-content\/uploads\/2023\/03\/7b849c_1a27c912c3f7435ea2b45bf481b83ee1_mv2-285x300.webp 285w\" sizes=\"auto, (max-width: 563px) 100vw, 563px\" \/><\/figure>\n\n\n\n<figure class=\"wp-block-image size-large\"><img loading=\"lazy\" decoding=\"async\" width=\"563\" height=\"593\" data-id=\"21073\" src=\"https:\/\/www.campingvaldevie.fr\/wp-content\/uploads\/2023\/03\/7b849c_4807a488179e4f3a8603bc376f4a05eb_mv2.webp\" alt=\"\" class=\"wp-image-21073\" srcset=\"https:\/\/www.campingvaldevie.fr\/wp-content\/uploads\/2023\/03\/7b849c_4807a488179e4f3a8603bc376f4a05eb_mv2.webp 563w, https:\/\/www.campingvaldevie.fr\/wp-content\/uploads\/2023\/03\/7b849c_4807a488179e4f3a8603bc376f4a05eb_mv2-285x300.webp 285w\" sizes=\"auto, (max-width: 563px) 100vw, 563px\" \/><\/figure>\n\n\n\n<figure class=\"wp-block-image size-large\"><img loading=\"lazy\" decoding=\"async\" width=\"563\" height=\"593\" data-id=\"21077\" src=\"https:\/\/www.campingvaldevie.fr\/wp-content\/uploads\/2023\/03\/7b849c_b3f9ffb1e10c45949fb02405e835537f_mv2.webp\" alt=\"\" class=\"wp-image-21077\" srcset=\"https:\/\/www.campingvaldevie.fr\/wp-content\/uploads\/2023\/03\/7b849c_b3f9ffb1e10c45949fb02405e835537f_mv2.webp 563w, https:\/\/www.campingvaldevie.fr\/wp-content\/uploads\/2023\/03\/7b849c_b3f9ffb1e10c45949fb02405e835537f_mv2-285x300.webp 285w\" sizes=\"auto, (max-width: 563px) 100vw, 563px\" \/><\/figure>\n<\/figure>\n<\/div>\n\n\n\n<div class=\"wp-block-column is-layout-flow wp-block-column-is-layout-flow\">\n<h2 class=\"wp-block-heading\">Entdecken Sie die Unterk\u00fcnfte der Unterkunft&nbsp;<\/h2>\n\n\n\n<p>Um erholsame N\u00e4chte zu verbringen, ist unser <strong>ferienhaus in Vend\u00e9e<\/strong> \u00f6ffnet seine T\u00fcren f\u00fcr Sie und bringt Sie in <strong>Unterk\u00fcnfte<\/strong> von Qualit\u00e4t ausgestattet mit 6 <strong>Zimmer<\/strong> und vier Badezimmer. Der Schlafbereich verspricht Ihnen Komfort wie zu Hause <strong>Haus<\/strong>. Jede <strong>Zimmer<\/strong> hat eine Fl\u00e4che zwischen 17 und 26 m\u00b2 und ist ausgestattet mit <strong>Schlafpl\u00e4tze<\/strong> doppelt und einfach. Aufgrund seiner <strong>Kapazit\u00e4t<\/strong> die von 15 bis 20 Personen reichen, erm\u00f6glicht die Unterkunft der gesamten <strong>Familie<\/strong> oder Gruppen von<strong>Freunde<\/strong> unter demselben Dach zu schlafen. <\/p>\n\n\n\n<p>Bettw\u00e4sche, Bettdecke und Handt\u00fccher werden bereitgestellt. <\/p>\n<\/div>\n<\/div>\n\n\n\n<div style=\"height:30px\" aria-hidden=\"true\" class=\"wp-block-spacer\"><\/div>\n\n\n\n<div class=\"wp-block-media-text alignwide has-media-on-the-right is-stacked-on-mobile\"><div class=\"wp-block-media-text__content\">\n<h2 class=\"wp-block-heading\">Ihr Ferienhaus mit Pool in der Vend\u00e9e&nbsp;<\/h2>\n\n\n\n<p>Um sich zu unterhalten, gibt es zahlreiche Optionen im <strong>ferienhaus in Vend\u00e9e<\/strong>. In diesem Fall l\u00e4sst er Sie von einem Wasserpark mit einem 10m x 5m gro\u00dfen \u00fcberdachten Au\u00dfenpool in der N\u00e4he Ihrer <strong>Vermietung<\/strong>. Sie haben auch die M\u00f6glichkeit, das \u00fcberdachte und beheizte Schwimmbad des Campingplatzes zu nutzen. Ideal zum Planschen und um das milde Klima der Vend\u00e9e zu genie\u00dfen. Noch besser ist es, wenn Gro\u00df und Klein im Wasser planschen und Spa\u00df haben k\u00f6nnen, ohne sich um die Klimaschwankungen k\u00fcmmern zu m\u00fcssen, denn der Pool ist \u00fcberdacht! Nach einem ereignisreichen Tag k\u00f6nnen Sie sich eine kleine Auszeit im Spa auf der 100 m\u00b2 gro\u00dfen Terrasse g\u00f6nnen.<\/p>\n\n\n\n<h2 class=\"wp-block-heading\">Alle Vorteile eines Ferienhauses in der Vend\u00e9e nutzen&nbsp;<\/h2>\n\n\n\n<p>F\u00fcr <strong>Ferien<\/strong> einzigartig in der Vend\u00e9e, verschiedene M\u00f6glichkeiten der<strong>Unterk\u00fcnfte<\/strong> stehen Ihnen zur Verf\u00fcgung. Die <strong>Unterk\u00fcnfte<\/strong> geh\u00f6ren unter anderem dazu. Durch die Wahl der <strong>ferienhaus mieten in Vend\u00e9e<\/strong>Die meisten Sch\u00fclerinnen und Sch\u00fcler sind in der Lage, sich selbst zu helfen. <strong>Haus<\/strong>Sie werden von einem erstklassigen Service und einer privilegierten Lage profitieren. <strong>N\u00e4he<\/strong> vom Meer aus. Ob f\u00fcr <a href=\"\/de\/seminar-vendee\/\">seminare in Vend\u00e9e<\/a>ein Teambuilding oder einfach nur ein <strong>Aufenthalt<\/strong> in <strong>Familie<\/strong>ist dies der perfekte Ort. Die <strong>Zimmer<\/strong>mit seinen <strong>Schlafpl\u00e4tze<\/strong>Die meisten dieser Einrichtungen sind ebenso pr\u00e4chtig wie die anderen. Die Kinder k\u00f6nnen sich entweder in der <strong>Raum<\/strong> Spielplatz oder im Schwimmbad.<\/p>\n<\/div><figure class=\"wp-block-media-text__media\"><img loading=\"lazy\" decoding=\"async\" width=\"700\" height=\"525\" src=\"https:\/\/www.campingvaldevie.fr\/wp-content\/uploads\/2022\/06\/detente-petit-camping-avec-espace-bien-etre-vendee.jpg\" alt=\"Entspannung Kleiner Campingplatz mit Wellnessbereich Vend\u00e9e\" class=\"wp-image-17834 size-full\" srcset=\"https:\/\/www.campingvaldevie.fr\/wp-content\/uploads\/2022\/06\/detente-petit-camping-avec-espace-bien-etre-vendee.jpg 700w, https:\/\/www.campingvaldevie.fr\/wp-content\/uploads\/2022\/06\/detente-petit-camping-avec-espace-bien-etre-vendee-300x225.jpg 300w\" sizes=\"auto, (max-width: 700px) 100vw, 700px\" \/><\/figure><\/div>\n\n\n\n<div style=\"height:30px\" aria-hidden=\"true\" class=\"wp-block-spacer\"><\/div>\n\n\n\n<div class=\"wp-block-media-text alignwide is-stacked-on-mobile\"><figure class=\"wp-block-media-text__media\"><img loading=\"lazy\" decoding=\"async\" width=\"700\" height=\"466\" src=\"https:\/\/www.campingvaldevie.fr\/wp-content\/uploads\/2022\/06\/vacances-petit-camping-avec-espace-bien-etre-vendee.jpg\" alt=\"Urlaub Kleiner Campingplatz mit Wellnessbereich Vend\u00e9e\" class=\"wp-image-17838 size-full\" srcset=\"https:\/\/www.campingvaldevie.fr\/wp-content\/uploads\/2022\/06\/vacances-petit-camping-avec-espace-bien-etre-vendee.jpg 700w, https:\/\/www.campingvaldevie.fr\/wp-content\/uploads\/2022\/06\/vacances-petit-camping-avec-espace-bien-etre-vendee-300x200.jpg 300w\" sizes=\"auto, (max-width: 700px) 100vw, 700px\" \/><\/figure><div class=\"wp-block-media-text__content\">\n<h2 class=\"wp-block-heading\">Urlaub in der Vend\u00e9e, was kann man w\u00e4hrend seines Aufenthalts tun und sehen?<\/h2>\n\n\n\n<p>Im Folgenden finden Sie Ideen f\u00fcr Dinge, die Sie w\u00e4hrend Ihres Aufenthalts im <strong>ferienhaus in Vend\u00e9e<\/strong>&nbsp;:<\/p>\n\n\n\n<h3 class=\"wp-block-heading\"><strong>Die Vend\u00e9e besuchen<\/strong><\/h3>\n\n\n\n<p>Zu den sehenswerten St\u00e4dten im D\u00e9partement Vend\u00e9e geh\u00f6ren :<\/p>\n\n\n\n<ul class=\"wp-block-list\">\n<li>Die <strong>Sables d'Olonne<\/strong>&nbsp;: ein Muss, dieser Touristenort ist bekannt f\u00fcr seine <strong>Strand<\/strong> aus feinem Sand.&nbsp;<\/li>\n\n\n\n<li>L'<strong>Insel<\/strong> de Noirmoutier: ber\u00fchmt f\u00fcr seine wei\u00dfen H\u00e4user mit blauen Fensterl\u00e4den.<\/li>\n\n\n\n<li><strong>Saint-Gilles-Croix-de-Vie<\/strong>&nbsp;: beliebt wegen seines Fischer- und Yachthafens.<\/li>\n\n\n\n<li>Die <strong>Poitevin-Sumpf<\/strong>&nbsp;Es wird auch das \"gr\u00fcne Venedig\" genannt und beeindruckt durch seine au\u00dfergew\u00f6hnlichen Landschaften.&nbsp;<\/li>\n\n\n\n<li>Die <a href=\"https:\/\/www.campingvaldevie.fr\/de\/tourismus-vendee\/la-roche-sur-yon\/\"><strong>Roche-sur-Yon<\/strong><\/a>&nbsp;: bekannt f\u00fcr sein Gest\u00fct und die Pferderennbahn \"Terres-Noires\".<\/li>\n<\/ul>\n\n\n\n<h3 class=\"wp-block-heading\"><strong>Die besten Aktivit\u00e4ten und Attraktionen<\/strong><\/h3>\n\n\n\n<p>Durch das Mieten eines <strong>ferienhaus in Vend\u00e9e<\/strong>Wenn Sie sich f\u00fcr die Schule entscheiden, k\u00f6nnen Sie an verschiedenen Aktivit\u00e4ten teilnehmen, wie z. B. :<\/p>\n\n\n\n<ul class=\"wp-block-list\">\n<li>Vend\u00e9e Globe: Hierbei handelt es sich um ein Segelrennen rund um die Welt.<\/li>\n\n\n\n<li>Die <strong>Puy du Fou<\/strong>&nbsp;: der <strong>Park<\/strong> mit historischen Themen, das Auff\u00fchrungen \u00fcber das Leben im Mittelalter anbietet.&nbsp;<\/li>\n<\/ul>\n\n\n\n<p>Haben Sie Lust, die Vend\u00e9e auf andere Weise zu erkunden und dabei in einer Unterkunft mit bemerkenswertem Komfort zu \u00fcbernachten? Buchen Sie jetzt Ihr <strong>Zimmer<\/strong> unter <strong>Ferienhaus Val de Vie<\/strong>&nbsp;!<\/p>\n<\/div><\/div>","protected":false},"excerpt":{"rendered":"<p>La Vend\u00e9e, une destination invitant au d\u00e9paysement gr\u00e2ce \u00e0 ses plages et ses sublimes paysages. Elle est parfaite pour des vacances en camping en famille et entre amis. Un lieu plein de charme et des activit\u00e9s au choix, le camping Le Val de Vie a de quoi vous satisfaire.&nbsp; Louer un g\u00eete d\u2019exception en Vend\u00e9e [&hellip;]<\/p>\n","protected":false},"author":4,"featured_media":0,"parent":0,"menu_order":0,"comment_status":"closed","ping_status":"closed","template":"","meta":{"_seopress_robots_primary_cat":"","_seopress_titles_title":"","_seopress_titles_desc":"Profitez d&#039;un s\u00e9jour inoubliable en Vend\u00e9e avec le G\u00eete Val de Vie, offrant 6 chambres et une capacit\u00e9 d&#039;accueil de 20 personnes. R\u00e9servez d\u00e8s maintenant !","_seopress_robots_index":"","footnotes":""},"class_list":["post-20944","page","type-page","status-publish","hentry"],"_links":{"self":[{"href":"https:\/\/www.campingvaldevie.fr\/de\/wp-json\/wp\/v2\/pages\/20944","targetHints":{"allow":["GET"]}}],"collection":[{"href":"https:\/\/www.campingvaldevie.fr\/de\/wp-json\/wp\/v2\/pages"}],"about":[{"href":"https:\/\/www.campingvaldevie.fr\/de\/wp-json\/wp\/v2\/types\/page"}],"author":[{"embeddable":true,"href":"https:\/\/www.campingvaldevie.fr\/de\/wp-json\/wp\/v2\/users\/4"}],"replies":[{"embeddable":true,"href":"https:\/\/www.campingvaldevie.fr\/de\/wp-json\/wp\/v2\/comments?post=20944"}],"version-history":[{"count":8,"href":"https:\/\/www.campingvaldevie.fr\/de\/wp-json\/wp\/v2\/pages\/20944\/revisions"}],"predecessor-version":[{"id":22482,"href":"https:\/\/www.campingvaldevie.fr\/de\/wp-json\/wp\/v2\/pages\/20944\/revisions\/22482"}],"wp:attachment":[{"href":"https:\/\/www.campingvaldevie.fr\/de\/wp-json\/wp\/v2\/media?parent=20944"}],"curies":[{"name":"wp","href":"https:\/\/api.w.org\/{rel}","templated":true}]}}