{"id":20958,"date":"2023-02-27T16:30:43","date_gmt":"2023-02-27T15:30:43","guid":{"rendered":"https:\/\/www.campingvaldevie.fr\/?page_id=20958"},"modified":"2023-03-07T11:31:16","modified_gmt":"2023-03-07T10:31:16","slug":"seminar-nantes","status":"publish","type":"page","link":"https:\/\/www.campingvaldevie.fr\/de\/seminaire-nantes\/","title":{"rendered":"Seminar in der N\u00e4he von Nantes in der Vend\u00e9e"},"content":{"rendered":"<p class=\"has-text-align-center\">Um Ihre <strong>Firmenveranstaltungen<\/strong>, insbesondere Ihre <strong>Seminare<\/strong> und Ihre Aktivit\u00e4ten <strong>team building in der N\u00e4he von Nantes<\/strong> in <strong>Bretagne<\/strong>W\u00e4hlen Sie einen <strong>Ort<\/strong> ungew\u00f6hnlich. Gelegen in der <strong>Stadt<\/strong> von Mach\u00e9, dem <a href=\"\/de\/ferienwohnung-vendee\/\">ferienhaus Val de Vie in Vend\u00e9e<\/a> empf\u00e4ngt Sie in einem <strong>Rahmen<\/strong> die zum Nachdenken und zur Konzentration anregen. Nutzen Sie seine wundersch\u00f6ne Umgebung, um die<strong> Teamzusammenhalt<\/strong> von Ihren <strong>Mitarbeiter<\/strong>in einem <a href=\"\/de\/seminar-vendee\/\">Seminar in der Vend\u00e9e<\/a>.<\/p>\n\n\n\n<div style=\"height:30px\" aria-hidden=\"true\" class=\"wp-block-spacer\"><\/div>\n\n\n\n<div class=\"wp-block-columns is-layout-flex wp-container-core-columns-is-layout-9d6595d7 wp-block-columns-is-layout-flex\">\n<div class=\"wp-block-column is-vertically-aligned-center is-layout-flow wp-block-column-is-layout-flow\">\n<figure class=\"wp-block-gallery has-nested-images columns-default is-cropped wp-block-gallery-1 is-layout-flex wp-block-gallery-is-layout-flex\">\n<figure class=\"wp-block-image size-large\"><img loading=\"lazy\" decoding=\"async\" width=\"1024\" height=\"768\" data-id=\"21023\" src=\"https:\/\/www.campingvaldevie.fr\/wp-content\/uploads\/2023\/03\/gite-val-de-vie1_gd-1.jpeg\" alt=\"salon ferienhaus vend\u00e9e\" class=\"wp-image-21023\" srcset=\"https:\/\/www.campingvaldevie.fr\/wp-content\/uploads\/2023\/03\/gite-val-de-vie1_gd-1.jpeg 1024w, https:\/\/www.campingvaldevie.fr\/wp-content\/uploads\/2023\/03\/gite-val-de-vie1_gd-1-300x225.jpeg 300w, https:\/\/www.campingvaldevie.fr\/wp-content\/uploads\/2023\/03\/gite-val-de-vie1_gd-1-768x576.jpeg 768w\" sizes=\"auto, (max-width: 1024px) 100vw, 1024px\" \/><\/figure>\n\n\n\n<figure class=\"wp-block-image size-large\"><img loading=\"lazy\" decoding=\"async\" width=\"1024\" height=\"768\" data-id=\"21015\" src=\"https:\/\/www.campingvaldevie.fr\/wp-content\/uploads\/2023\/03\/gite-val-de-vie-gd15-1.jpeg\" alt=\"Badezimmer\" class=\"wp-image-21015\" srcset=\"https:\/\/www.campingvaldevie.fr\/wp-content\/uploads\/2023\/03\/gite-val-de-vie-gd15-1.jpeg 1024w, https:\/\/www.campingvaldevie.fr\/wp-content\/uploads\/2023\/03\/gite-val-de-vie-gd15-1-300x225.jpeg 300w, https:\/\/www.campingvaldevie.fr\/wp-content\/uploads\/2023\/03\/gite-val-de-vie-gd15-1-768x576.jpeg 768w\" sizes=\"auto, (max-width: 1024px) 100vw, 1024px\" \/><\/figure>\n\n\n\n<figure class=\"wp-block-image size-large\"><img loading=\"lazy\" decoding=\"async\" width=\"600\" height=\"400\" data-id=\"20947\" src=\"https:\/\/www.campingvaldevie.fr\/wp-content\/uploads\/2023\/02\/location-gite-vendee.jpg\" alt=\"Zimmer G\u00eete\" class=\"wp-image-20947\" srcset=\"https:\/\/www.campingvaldevie.fr\/wp-content\/uploads\/2023\/02\/location-gite-vendee.jpg 600w, https:\/\/www.campingvaldevie.fr\/wp-content\/uploads\/2023\/02\/location-gite-vendee-300x200.jpg 300w\" sizes=\"auto, (max-width: 600px) 100vw, 600px\" \/><\/figure>\n\n\n\n<figure class=\"wp-block-image size-large\"><img loading=\"lazy\" decoding=\"async\" width=\"600\" height=\"400\" data-id=\"20951\" src=\"https:\/\/www.campingvaldevie.fr\/wp-content\/uploads\/2023\/02\/gite-familial-vendee.jpg\" alt=\"geschlossene Mezzanine G\u00eete\" class=\"wp-image-20951\" srcset=\"https:\/\/www.campingvaldevie.fr\/wp-content\/uploads\/2023\/02\/gite-familial-vendee.jpg 600w, https:\/\/www.campingvaldevie.fr\/wp-content\/uploads\/2023\/02\/gite-familial-vendee-300x200.jpg 300w\" sizes=\"auto, (max-width: 600px) 100vw, 600px\" \/><\/figure>\n\n\n\n<figure class=\"wp-block-image size-large\"><img loading=\"lazy\" decoding=\"async\" width=\"1024\" height=\"768\" data-id=\"21007\" src=\"https:\/\/www.campingvaldevie.fr\/wp-content\/uploads\/2023\/03\/gite-val-de-vie-gd6-1.jpeg\" alt=\"K\u00fcche g\u00eete\" class=\"wp-image-21007\" srcset=\"https:\/\/www.campingvaldevie.fr\/wp-content\/uploads\/2023\/03\/gite-val-de-vie-gd6-1.jpeg 1024w, https:\/\/www.campingvaldevie.fr\/wp-content\/uploads\/2023\/03\/gite-val-de-vie-gd6-1-300x225.jpeg 300w, https:\/\/www.campingvaldevie.fr\/wp-content\/uploads\/2023\/03\/gite-val-de-vie-gd6-1-768x576.jpeg 768w\" sizes=\"auto, (max-width: 1024px) 100vw, 1024px\" \/><\/figure>\n\n\n\n<figure class=\"wp-block-image size-large\"><img loading=\"lazy\" decoding=\"async\" width=\"1024\" height=\"768\" data-id=\"21011\" src=\"https:\/\/www.campingvaldevie.fr\/wp-content\/uploads\/2023\/03\/gite-val-de-vie-gd7-1.jpeg\" alt=\"Zimmer G\u00eete\" class=\"wp-image-21011\" srcset=\"https:\/\/www.campingvaldevie.fr\/wp-content\/uploads\/2023\/03\/gite-val-de-vie-gd7-1.jpeg 1024w, https:\/\/www.campingvaldevie.fr\/wp-content\/uploads\/2023\/03\/gite-val-de-vie-gd7-1-300x225.jpeg 300w, https:\/\/www.campingvaldevie.fr\/wp-content\/uploads\/2023\/03\/gite-val-de-vie-gd7-1-768x576.jpeg 768w\" sizes=\"auto, (max-width: 1024px) 100vw, 1024px\" \/><\/figure>\n<\/figure>\n<\/div>\n\n\n\n<div class=\"wp-block-column is-vertically-aligned-center is-layout-flow wp-block-column-is-layout-flow\">\n<h2 class=\"wp-block-heading\">Organisieren Sie ein Seminar in diesem Ferienhaus in der N\u00e4he von Nantes<\/h2>\n\n\n\n<p>Sie organisieren einen <strong>Seminar in der N\u00e4he von Nantes<\/strong>  ? Suchen Sie nicht weiter als diesen dynamischen Raum, der so gestaltet wurde, dass er die Veranstaltungen Ihres Teams problemlos aufnehmen kann.<\/p>\n\n\n\n<ul class=\"wp-block-list\">\n<li>Kapazit\u00e4t von 20 Teilnehmern <\/li>\n\n\n\n<li>260 m\u00b2 zu erkundende Fl\u00e4che<\/li>\n\n\n\n<li>Au\u00dfenpool (ge\u00f6ffnet von Mai bis September), von unserem Spa f\u00fcr 8 Personen<\/li>\n\n\n\n<li>6 Schlafzimmer und 4 B\u00e4der<\/li>\n\n\n\n<li>Spielzimmer, in dem du Tischfu\u00dfball oder an der Spielkonsole spielen kannst<\/li>\n\n\n\n<li>gro\u00dfe Terrasse mit Jacuzzi<\/li>\n\n\n\n<li>4200 m\u00b2 zus\u00e4tzliche Au\u00dfenfl\u00e4che <\/li>\n\n\n\n<li>Bereitstellung von Catering oder Mahlzeiten<\/li>\n\n\n\n<li>Hallenbad (10\u00d75)<\/li>\n<\/ul>\n<\/div>\n<\/div>\n\n\n\n<div style=\"height:30px\" aria-hidden=\"true\" class=\"wp-block-spacer\"><\/div>\n\n\n\n<div class=\"wp-block-media-text alignwide has-media-on-the-right is-stacked-on-mobile\"><div class=\"wp-block-media-text__content\">\n<h2 class=\"wp-block-heading\"><strong>Die ideale Unterkunft f\u00fcr Ihr Seminar in der N\u00e4he von Nantes<\/strong><\/h2>\n\n\n\n<p>Ihre <strong>Unternehmen<\/strong> sich in einer (zu) lebhaften Gro\u00dfstadt wie Nantes oder <strong>Paris<\/strong> und Sie m\u00f6chten sich davon f\u00fcr Ihre <strong>Veranstaltungen<\/strong> <strong>Fachleute<\/strong>&nbsp;? Die <strong>Ferienhaus Val de Vie<\/strong> ist ein <strong>Ort<\/strong> au\u00dfergew\u00f6hnliches Haus mit Pool und Whirlpool, in dem Sie das N\u00fctzliche mit dem Angenehmen verbinden k\u00f6nnen. Diese ehemalige Scheune mit einer Fl\u00e4che von 260 m\u00b2 platziert Sie im Herzen einer gro\u00dfz\u00fcgigen und gesch\u00fctzten Natur.<\/p>\n\n\n\n<p>Die Unterkunft verf\u00fcgt \u00fcber einen Wohnraum, der als<strong> Versammlungsraum<\/strong> gewidmet<strong> Seminar in der N\u00e4he von Nantes<\/strong>. Sie ist sowohl ger\u00e4umig, gut dekoriert als auch ausreichend bel\u00fcftet und kann <strong>begr\u00fc\u00dfen<\/strong> zwischen 15 und 20 Personen. Er bietet Ihnen au\u00dferdem eine luxuri\u00f6se Unterkunft f\u00fcr die Dauer der Veranstaltung.<strong> <\/strong>wie ihre <strong>Zimmer<\/strong> mit allem Komfort ausgestattet. Als zus\u00e4tzlichen Bonus bietet Ihnen das Ferienhaus einen schnellen Zugang zur K\u00fcste der Vend\u00e9e und zu den sch\u00f6nsten Orten der Region.<\/p>\n<\/div><figure class=\"wp-block-media-text__media\"><img loading=\"lazy\" decoding=\"async\" width=\"600\" height=\"400\" src=\"https:\/\/www.campingvaldevie.fr\/wp-content\/uploads\/2023\/02\/location-gite-vendee.jpg\" alt=\"\" class=\"wp-image-20947 size-full\" srcset=\"https:\/\/www.campingvaldevie.fr\/wp-content\/uploads\/2023\/02\/location-gite-vendee.jpg 600w, https:\/\/www.campingvaldevie.fr\/wp-content\/uploads\/2023\/02\/location-gite-vendee-300x200.jpg 300w\" sizes=\"auto, (max-width: 600px) 100vw, 600px\" \/><\/figure><\/div>\n\n\n\n<div style=\"height:30px\" aria-hidden=\"true\" class=\"wp-block-spacer\"><\/div>\n\n\n\n<div class=\"wp-block-columns is-layout-flex wp-container-core-columns-is-layout-9d6595d7 wp-block-columns-is-layout-flex\">\n<div class=\"wp-block-column is-vertically-aligned-center is-layout-flow wp-block-column-is-layout-flow\">\n<figure class=\"wp-block-gallery has-nested-images columns-default is-cropped wp-block-gallery-2 is-layout-flex wp-block-gallery-is-layout-flex\">\n<figure class=\"wp-block-image size-full\"><img loading=\"lazy\" decoding=\"async\" width=\"601\" height=\"549\" data-id=\"21043\" src=\"https:\/\/www.campingvaldevie.fr\/wp-content\/uploads\/2023\/03\/image-149-1.png\" alt=\"seminar vend\u00e9e\" class=\"wp-image-21043\" srcset=\"https:\/\/www.campingvaldevie.fr\/wp-content\/uploads\/2023\/03\/image-149-1.png 601w, https:\/\/www.campingvaldevie.fr\/wp-content\/uploads\/2023\/03\/image-149-1-300x274.png 300w\" sizes=\"auto, (max-width: 601px) 100vw, 601px\" \/><\/figure>\n\n\n\n<figure class=\"wp-block-image size-full\"><img loading=\"lazy\" decoding=\"async\" width=\"601\" height=\"549\" data-id=\"21039\" src=\"https:\/\/www.campingvaldevie.fr\/wp-content\/uploads\/2023\/03\/image-146-1.png\" alt=\"wandern vend\u00e9e\" class=\"wp-image-21039\" srcset=\"https:\/\/www.campingvaldevie.fr\/wp-content\/uploads\/2023\/03\/image-146-1.png 601w, https:\/\/www.campingvaldevie.fr\/wp-content\/uploads\/2023\/03\/image-146-1-300x274.png 300w\" sizes=\"auto, (max-width: 601px) 100vw, 601px\" \/><\/figure>\n\n\n\n<figure class=\"wp-block-image size-full\"><img loading=\"lazy\" decoding=\"async\" width=\"601\" height=\"549\" data-id=\"21031\" src=\"https:\/\/www.campingvaldevie.fr\/wp-content\/uploads\/2023\/03\/image-148-1.png\" alt=\"yoga vend\u00e9e\" class=\"wp-image-21031\" srcset=\"https:\/\/www.campingvaldevie.fr\/wp-content\/uploads\/2023\/03\/image-148-1.png 601w, https:\/\/www.campingvaldevie.fr\/wp-content\/uploads\/2023\/03\/image-148-1-300x274.png 300w\" sizes=\"auto, (max-width: 601px) 100vw, 601px\" \/><\/figure>\n\n\n\n<figure class=\"wp-block-image size-full\"><img loading=\"lazy\" decoding=\"async\" width=\"601\" height=\"549\" data-id=\"21056\" src=\"https:\/\/www.campingvaldevie.fr\/wp-content\/uploads\/2023\/03\/team-building-1.png\" alt=\"team building koh\u00e4sion\" class=\"wp-image-21056\" srcset=\"https:\/\/www.campingvaldevie.fr\/wp-content\/uploads\/2023\/03\/team-building-1.png 601w, https:\/\/www.campingvaldevie.fr\/wp-content\/uploads\/2023\/03\/team-building-1-300x274.png 300w\" sizes=\"auto, (max-width: 601px) 100vw, 601px\" \/><\/figure>\n\n\n\n<figure class=\"wp-block-image size-full\"><img loading=\"lazy\" decoding=\"async\" width=\"601\" height=\"549\" data-id=\"21035\" src=\"https:\/\/www.campingvaldevie.fr\/wp-content\/uploads\/2023\/03\/image-147-1.png\" alt=\"paintball vend\u00e9e\" class=\"wp-image-21035\" srcset=\"https:\/\/www.campingvaldevie.fr\/wp-content\/uploads\/2023\/03\/image-147-1.png 601w, https:\/\/www.campingvaldevie.fr\/wp-content\/uploads\/2023\/03\/image-147-1-300x274.png 300w\" sizes=\"auto, (max-width: 601px) 100vw, 601px\" \/><\/figure>\n<\/figure>\n<\/div>\n\n\n\n<div class=\"wp-block-column is-vertically-aligned-center is-layout-flow wp-block-column-is-layout-flow\">\n<h2 class=\"wp-block-heading\"><strong>Profitieren Sie f\u00fcr Ihr Teambuilding in Nantes von einem einzigartigen Ort<\/strong><\/h2>\n\n\n\n<p>Die <strong>Vermietung<\/strong> einer Unterkunft f\u00fcr die<strong>Organisation<\/strong> von Ihrem <strong>seminar\/team building in der N\u00e4he von Nantes<\/strong>ist die M\u00f6glichkeit, Folgendes zu kombinieren <strong>Raumvermietung<\/strong> und Unterbringung. <\/p>\n\n\n\n<p>Val de Vie bietet Ihnen n\u00e4mlich die M\u00f6glichkeit, einige N\u00e4chte vor Ort zu verbringen und gesellige Momente mit Ihren Mitarbeitern zu teilen. Mit den 6 <strong>Zimmer<\/strong>Die K\u00fcche mit Stauraum und die 4 <strong>R\u00e4ume<\/strong> badezimmer, jeder Teilnehmer an <strong>Firmenseminare <\/strong>verf\u00fcgt \u00fcber einen Schlafbereich, der es ihnen erm\u00f6glicht, sich nach einer <strong>Arbeitstag<\/strong>. Und was k\u00f6nnte das Team besser zusammenschwei\u00dfen als entspannende Aktivit\u00e4ten. <\/p>\n\n\n\n<p>Genie\u00dfen Sie auf der 100 m\u00b2 gro\u00dfen Terrasse einen Moment des Wohlbefindens dank des Whirlpools f\u00fcr 8 Personen. Auch das<a href=\"\/de\/der-pool\/\">Wasserbereich mit Au\u00dfenpool<\/a> h\u00e4lt Momente der absoluten Entspannung f\u00fcr Sie bereit, und zwar w\u00e4hrend Ihres gesamten Aufenthaltes. <strong>Veranstaltung<\/strong>.<\/p>\n<\/div>\n<\/div>\n\n\n\n<div style=\"height:30px\" aria-hidden=\"true\" class=\"wp-block-spacer\"><\/div>\n\n\n\n<div class=\"wp-block-media-text alignwide has-media-on-the-right is-stacked-on-mobile\"><div class=\"wp-block-media-text__content\">\n<h2 class=\"wp-block-heading\"><strong>Ideen f\u00fcr Aktivit\u00e4ten in einem Seminar in Nantes<\/strong><\/h2>\n\n\n\n<p>F\u00fcr Ihr <strong>Seminar in der N\u00e4he von Nantes<\/strong> Ihr Team kann sich spielerisch bet\u00e4tigen: Tischfu\u00dfball, Bibliothek, <strong>Spielzimmer<\/strong>, Gesellschaftsspiele und <strong>Au\u00dfenbereich mit eigenem Grundst\u00fcck<\/strong> innerhalb der Unterkunft.<\/p>\n\n\n\n<p>Ein paar Schritte von der Unterkunft entfernt finden Sie auch den <a href=\"\/de\/\">4-Sterne-Campingplatz Val de Vie<\/a> mit einem Bouleplatz und einem Tennisplatz. Es steht Ihnen auch frei, das Au\u00dfengel\u00e4nde der Unterkunft zu nutzen, um eine Olympiade, einen Orientierungslauf, Spiele usw. zu veranstalten. <\/p>\n<\/div><figure class=\"wp-block-media-text__media\"><img loading=\"lazy\" decoding=\"async\" width=\"700\" height=\"525\" src=\"https:\/\/www.campingvaldevie.fr\/wp-content\/uploads\/2021\/10\/sejour-petit-camping-avec-espace-bien-etre-vendee.png\" alt=\"Aufenthalt Kleiner Campingplatz mit Wellnessbereich Vend\u00e9e\" class=\"wp-image-9692 size-full\" srcset=\"https:\/\/www.campingvaldevie.fr\/wp-content\/uploads\/2021\/10\/sejour-petit-camping-avec-espace-bien-etre-vendee.png 700w, https:\/\/www.campingvaldevie.fr\/wp-content\/uploads\/2021\/10\/sejour-petit-camping-avec-espace-bien-etre-vendee-300x225.png 300w\" sizes=\"auto, (max-width: 700px) 100vw, 700px\" \/><\/figure><\/div>\n\n\n\n<div style=\"height:30px\" aria-hidden=\"true\" class=\"wp-block-spacer\"><\/div>\n\n\n\n<div class=\"wp-block-media-text alignwide is-stacked-on-mobile\"><figure class=\"wp-block-media-text__media\"><img loading=\"lazy\" decoding=\"async\" width=\"1024\" height=\"740\" src=\"https:\/\/www.campingvaldevie.fr\/wp-content\/uploads\/2022\/03\/loirisr.png\" alt=\"Freizeitparks in der N\u00e4he des Campingplatzes\" class=\"wp-image-12434 size-full\" srcset=\"https:\/\/www.campingvaldevie.fr\/wp-content\/uploads\/2022\/03\/loirisr.png 1024w, https:\/\/www.campingvaldevie.fr\/wp-content\/uploads\/2022\/03\/loirisr-300x217.png 300w, https:\/\/www.campingvaldevie.fr\/wp-content\/uploads\/2022\/03\/loirisr-768x555.png 768w\" sizes=\"auto, (max-width: 1024px) 100vw, 1024px\" \/><\/figure><div class=\"wp-block-media-text__content\">\n<h2 class=\"wp-block-heading\"><strong>Organisieren Sie ein Teambuilding in der Natur in der N\u00e4he von Nantes<\/strong><\/h2>\n\n\n\n<p>F\u00fcr Ihr <strong>team building in der N\u00e4he von Nantes<\/strong>Dann ist das G\u00eete du Val de Vie die richtige Adresse f\u00fcr Sie. Dank seiner privilegierten Lage in der Vend\u00e9e k\u00f6nnen Sie sich ein <strong>Seminar in der Natur<\/strong> in <strong>R\u00e4ume<\/strong> inspirierend und liebevoll eingerichtet. Es ist der ideale Ort, an dem Sie Ihre <strong>Treffen<\/strong> in der Ruhe, um sich besser zu erholen und mit der Natur zu kommunizieren.<\/p>\n\n\n\n<p>Dar\u00fcber hinaus ist die Mehrheit der <strong>Aktivit\u00e4ten<\/strong> Die in der Unterkunft und auf dem Campingplatz angebotenen Aktivit\u00e4ten sind perfekt, um die <strong>Zusammenhalt<\/strong>&nbsp;Gesellschaftsspiele, Boule, Tennis. In der Umgebung k\u00f6nnen die Teilnehmer sogar <a href=\"https:\/\/www.campingvaldevie.fr\/de\/angeln-in-der-nahe-des-campingplatzes\/\">angeln auf dem Apremont-See<\/a> oder auf den Wanderwegen die Landschaften der <strong>Loire-Atlantique<\/strong>. In Bezug auf die Animationen wird die <strong>Stadt<\/strong> von Nantes hat das Zeug dazu, Ihre Mitarbeiter zu entstressen. <strong>Rallye, Murder Party, Escape Game<\/strong>... An Ablenkungsm\u00f6glichkeiten mangelt es nicht.<\/p>\n\n\n\n<p><\/p>\n<\/div><\/div>\n\n\n\n<div style=\"height:30px\" aria-hidden=\"true\" class=\"wp-block-spacer\"><\/div>\n\n\n\n<p>Organisieren Sie also Ihre <strong>Seminar in der N\u00e4he von Nantes<\/strong> in der Unterkunft Val de Vie, um eine ressourcenst\u00e4rkende Erfahrung zu machen. <strong>Rahmen<\/strong> gr\u00fcn, Hallenbad, Spa, jede Menge Aktivit\u00e4ten, <strong>Raum<\/strong> von <strong>Konferenz<\/strong> in Form eines gro\u00dfen Wohnraums... Erfolgreiche<strong>Veranstaltung<\/strong> garantiert!<\/p>","protected":false},"excerpt":{"rendered":"<p>Pour organiser vos \u00e9v\u00e9nements d\u2019entreprise, notamment vos s\u00e9minaires et vos activit\u00e9s team building pr\u00e8s de Nantes en Bretagne, optez pour un lieu insolite. Situ\u00e9 dans la ville de Mach\u00e9, le g\u00eete Val de Vie en Vend\u00e9e vous accueille dans un cadre propice \u00e0 la r\u00e9flexion et \u00e0 la concentration. Profitez de son magnifique d\u00e9cor pour [&hellip;]<\/p>\n","protected":false},"author":4,"featured_media":0,"parent":0,"menu_order":0,"comment_status":"closed","ping_status":"closed","template":"","meta":{"_seopress_robots_primary_cat":"","_seopress_titles_title":"S\u00e9minaire pr\u00e8s de Nantes en Vend\u00e9e : organisez votre team building","_seopress_titles_desc":"\u00c0 la recherche d&#039;un lieu de s\u00e9minaire \u00e0 proximit\u00e9 de Nantes ? D\u00e9couvrez le G\u00eete Val de Vie en Vend\u00e9e, id\u00e9al pour vos \u00e9v\u00e9nements professionnels. R\u00e9servez d\u00e8s maintenant !","_seopress_robots_index":"","footnotes":""},"class_list":["post-20958","page","type-page","status-publish","hentry"],"_links":{"self":[{"href":"https:\/\/www.campingvaldevie.fr\/de\/wp-json\/wp\/v2\/pages\/20958","targetHints":{"allow":["GET"]}}],"collection":[{"href":"https:\/\/www.campingvaldevie.fr\/de\/wp-json\/wp\/v2\/pages"}],"about":[{"href":"https:\/\/www.campingvaldevie.fr\/de\/wp-json\/wp\/v2\/types\/page"}],"author":[{"embeddable":true,"href":"https:\/\/www.campingvaldevie.fr\/de\/wp-json\/wp\/v2\/users\/4"}],"replies":[{"embeddable":true,"href":"https:\/\/www.campingvaldevie.fr\/de\/wp-json\/wp\/v2\/comments?post=20958"}],"version-history":[{"count":7,"href":"https:\/\/www.campingvaldevie.fr\/de\/wp-json\/wp\/v2\/pages\/20958\/revisions"}],"predecessor-version":[{"id":21154,"href":"https:\/\/www.campingvaldevie.fr\/de\/wp-json\/wp\/v2\/pages\/20958\/revisions\/21154"}],"wp:attachment":[{"href":"https:\/\/www.campingvaldevie.fr\/de\/wp-json\/wp\/v2\/media?parent=20958"}],"curies":[{"name":"wp","href":"https:\/\/api.w.org\/{rel}","templated":true}]}}