{"id":22252,"date":"2023-11-02T14:44:57","date_gmt":"2023-11-02T13:44:57","guid":{"rendered":"https:\/\/www.campingvaldevie.fr\/?page_id=22252"},"modified":"2024-09-04T12:04:41","modified_gmt":"2024-09-04T10:04:41","slug":"kleiner-hochklassiger-campingplatz-vendee","status":"publish","type":"page","link":"https:\/\/www.campingvaldevie.fr\/de\/petit-camping-haut-de-gamme-vendee\/","title":{"rendered":"Top-Campingplatz Vend\u00e9e"},"content":{"rendered":"<p>Suchen Sie einen au\u00dfergew\u00f6hnlichen Ort f\u00fcr Ihren Urlaub mit den Kindern? Eine eher vertrauliche Oase der Ruhe f\u00fcr Ihren Aufenthalt mit der Familie, mit dem Partner oder mit Freunden? Manchmal ist es besser, sich f\u00fcr ein <strong>Luxus-Campingplatz mit hochwertigen Dienstleistungen in der Vend\u00e9e<\/strong> als f\u00fcr eine Einrichtung, die viel verspricht, aber nicht h\u00e4lt, was sie verspricht. Die <a href=\"https:\/\/www.campingvaldevie.fr\/de\/\">camping du Val de Vie in der Vend\u00e9e<\/a> , einer der<strong> sch\u00f6nsten Premium-Campingpl\u00e4tze in Pays de la Loire<\/strong>Die Vend\u00e9e ist eine Einrichtung, die sich an Camper richtet, die Ruhe und Natur suchen. Wenn Sie die Vend\u00e9e wegen all dessen lieben, was sie Ihnen zu bieten hat: feine Sandstr\u00e4nde, paradiesische Landschaften, bezaubernde Natur und typische D\u00f6rfer, dann glauben Sie mir, Sie werden sich w\u00e4hrend Ihres Urlaubs in diesem <strong>4-Sterne-Zeltplatz<\/strong>ein <strong>gehobener Campingplatz im Herzen der Vend\u00e9e<\/strong>.<\/p>\n\n\n\n<div style=\"height:40px\" aria-hidden=\"true\" class=\"wp-block-spacer\"><\/div>\n\n\n\n<div class=\"wp-block-media-text alignwide has-media-on-the-right is-stacked-on-mobile is-image-fill\" style=\"grid-template-columns:auto 30%\"><div class=\"wp-block-media-text__content\">\n<h2 class=\"wp-block-heading has-text-align-left\">Entdecken Sie unsere hochwertigen Unterk\u00fcnfte mit privatem Spa<\/h2>\n\n\n\n<p>In diesem <strong>gehobener Campingplatz in der Vend\u00e9e in der Region Pays de la Loire<\/strong>Sie k\u00f6nnen einen <strong>Mobilheim mit allem Komfort und Qualit\u00e4t<\/strong>. In der Premium-Reihe dieses <strong>gehobener Campingplatz in der Vend\u00e9e<\/strong>Hier finden Sie Mietobjekte der gehobenen Klasse. Sie finden auch <a href=\"\/de\/camping-spa-privatif-vendee\/\"><strong>Mobilheime mit eigenem Whirlpool<\/strong><\/a>. Das Val de Vie ist der ideale Ort, um eine zauberhafte Auszeit in einer friedlichen Umgebung zu erleben. Ihr Aufenthalt wird unvergesslich sein, und das in einer idyllischen Umgebung!<\/p>\n\n\n\n<p>Alle Unterk\u00fcnfte in Mobilheimen, Lodge-Zelten und Chalets von unserem <strong>4-Sterne-Zeltplatz mit Pool<\/strong> verf\u00fcgen \u00fcber eine eigene Terrasse mit Gartenm\u00f6beln. Genie\u00dfen Sie mit Ihrer Familie einen Aperitif oder ein Mittagessen an der frischen Luft!<\/p>\n\n\n\n<p>In diesem kleinen Campingplatz mit <strong>hochklassige vermietung in Vend\u00e9e<\/strong>Diejenigen, die einen traditionellen Urlaub im Zelt oder mit dem Wohnmobil bevorzugen, k\u00f6nnen auch die einfachen Freuden des Lebens auf einem komfortablen Campingplatz genie\u00dfen. Eines ist sicher: Sie werden keine Lust mehr haben, Ihren Alltag hinter sich zu lassen, und Ihren Familienurlaub in Pays de la Loire lieben!<\/p>\n<\/div><figure class=\"wp-block-media-text__media\" style=\"background-image:url(https:\/\/www.campingvaldevie.fr\/wp-content\/uploads\/2021\/09\/location-petit-camping-familial-haut-de-gamme-vendee.jpg);background-position:50% 50%\"><img loading=\"lazy\" decoding=\"async\" width=\"700\" height=\"394\" src=\"https:\/\/www.campingvaldevie.fr\/wp-content\/uploads\/2021\/09\/location-petit-camping-familial-haut-de-gamme-vendee.jpg\" alt=\"vermietung Kleiner gehobener Familiencampingplatz Vend\u00e9e\" class=\"wp-image-9400 size-full\" srcset=\"https:\/\/www.campingvaldevie.fr\/wp-content\/uploads\/2021\/09\/location-petit-camping-familial-haut-de-gamme-vendee.jpg 700w, https:\/\/www.campingvaldevie.fr\/wp-content\/uploads\/2021\/09\/location-petit-camping-familial-haut-de-gamme-vendee-300x169.jpg 300w\" sizes=\"auto, (max-width: 700px) 100vw, 700px\" \/><\/figure><\/div>\n\n\n\n<div style=\"height:40px\" aria-hidden=\"true\" class=\"wp-block-spacer\"><\/div>\n\n\n\n<div class=\"wp-block-media-text alignwide is-stacked-on-mobile is-image-fill\" style=\"grid-template-columns:30% auto\"><figure class=\"wp-block-media-text__media\" style=\"background-image:url(https:\/\/www.campingvaldevie.fr\/wp-content\/uploads\/2023\/02\/piscine-couverte-et-chauffee-4.jpg);background-position:50% 50%\"><img loading=\"lazy\" decoding=\"async\" width=\"700\" height=\"525\" src=\"https:\/\/www.campingvaldevie.fr\/wp-content\/uploads\/2023\/02\/piscine-couverte-et-chauffee-4.jpg\" alt=\"standort mit idealer lage vend\u00e9e\" class=\"wp-image-20832 size-full\" srcset=\"https:\/\/www.campingvaldevie.fr\/wp-content\/uploads\/2023\/02\/piscine-couverte-et-chauffee-4.jpg 700w, https:\/\/www.campingvaldevie.fr\/wp-content\/uploads\/2023\/02\/piscine-couverte-et-chauffee-4-300x225.jpg 300w\" sizes=\"auto, (max-width: 700px) 100vw, 700px\" \/><\/figure><div class=\"wp-block-media-text__content\">\n<h2 class=\"wp-block-heading has-text-align-left\">Die 4-Sterne-Leistungen und -Ausstattung<\/h2>\n\n\n\n<p>Neben dem Aufenthalt in einer komfortablen Unterkunft, die von einem aufmerksamen Personal umgeben ist, bietet dieses wunderbare <strong>gehobener Campingplatz in der Vend\u00e9e<\/strong> bietet ein vielf\u00e4ltiges Angebot an<strong>mit Sternen ausgezeichnete Ausstattung und Leistungen<\/strong> f\u00fcr Sie und Ihre Kinder :<\/p>\n\n\n\n<ul class=\"wp-block-list\">\n<li><strong>Wasserraum<\/strong> : Der Campingplatz verf\u00fcgt \u00fcber einen sch\u00f6nen <a href=\"https:\/\/www.campingvaldevie.fr\/de\/der-pool\/\">Wasserbereich mit beheiztem Pool<\/a> mit 28\u00b0 und \u00fcberdachtem Sonnendach f\u00fcr unvergessliche Momente, egal wie das Wetter ist! Egal, ob Sie also schwimmen wollen, einen <strong>Wassergymnastikkurs<\/strong> oder einfach nur am Wasser liegen, in diesem Wasserpark wurde an alles gedacht, damit Ihr Erlebnis im <strong>gehobener Campingplatz in der Vend\u00e9e<\/strong> oder die besten.<\/li>\n\n\n\n<li><strong>Sportausr\u00fcstungen<\/strong> : Tennisplatz, Boulodrome, Kinderspielplatz, fordern Sie Ihre Freunde und Kinder durch die <strong>Sportwettbewerbe<\/strong> die vom Campingplatz angeboten werden.<\/li>\n\n\n\n<li><strong>Aktivit\u00e4ten<\/strong> : Der Campingplatz bietet die M\u00f6glichkeit, Ihre Kinder am <strong>kinderclub<\/strong> Hier k\u00f6nnen sie an altersgerechten Aktivit\u00e4ten, Spielen und Animationen teilnehmen und dabei neue Freunde finden. W\u00e4hrenddessen k\u00f6nnen die \u00e4lteren Kinder an Verkostungen, Schatzsuchen, einem Musikquiz oder einer Entspannungsbehandlung teilnehmen.<\/li>\n<\/ul>\n\n\n\n<p>Wie Sie sicherlich verstanden haben, ist der<strong> gehobener Campingplatz in der Vend\u00e9e<\/strong> ist sicherlich einer der besten Campingpl\u00e4tze in der Region f\u00fcr einen <strong>Familienaufenthalt in Pays de la Loire<\/strong>Buchen Sie also sofort Ihre Ferienunterkunft in dieser sch\u00f6nen Ecke Frankreichs.<\/p>\n<\/div><\/div>\n\n\n\n<div style=\"height:40px\" aria-hidden=\"true\" class=\"wp-block-spacer\"><\/div>\n\n\n\n<div class=\"wp-block-media-text alignwide has-media-on-the-right is-stacked-on-mobile is-image-fill\" style=\"grid-template-columns:auto 30%\"><div class=\"wp-block-media-text__content\">\n<h2 class=\"wp-block-heading has-text-align-left\">Genie\u00dfen Sie unseren Campingplatz im Herzen der Region Pays de la Loire in der Vend\u00e9e.<\/h2>\n\n\n\n<p>In der Hochsaison wird die Region Pays de la Loire und insbesondere die K\u00fcste der Vend\u00e9e von Urlaubern \u00fcberrannt. Wenn Sie Menschenmassen verabscheuen, empfehlen wir Ihnen, Abstand zu halten. Sie k\u00f6nnen sich zum Beispiel f\u00fcr einen <strong>gehobener Campingplatz in der Vend\u00e9e<\/strong> auf der Seite von <strong>Mach\u00e9<\/strong>mehr im Herzen der Region. Einer der <strong>beste Campingpl\u00e4tze in Vend\u00e9e<\/strong> liegt also etwa 20 Minuten vom Gro\u00dfen Strand entfernt in <strong>Saint-Gilles-Croix-de-Vie<\/strong> und des Hafens von <strong>Saint-Hilaire-de-Riez<\/strong> und weniger als 40 Minuten von Saint-Jean-de-Monts und den <strong>Sables d'Olonne<\/strong>. Die Str\u00e4nde (Strand von Tanchet, Strand von La Par\u00e9e, Strand der Demoiselles...) bleiben also von diesem Feriendomizil aus leicht erreichbar. Nur hier k\u00f6nnen Sie sich entspannen. In dieser speziellen Familienanlage, die Ruhe und Entspannung propagiert, ist kein Stress am Horizont zu sehen.<br><\/p>\n\n\n\n<p>Es ist wichtig zu wissen, dass der <strong>4-Sterne-Anwesen<\/strong>Dies <strong>Luxuscamping<\/strong> an <strong>gehobene Dienstleistungen in der Vend\u00e9e<\/strong> genie\u00dft eine ideale geographische Lage in <strong>Pays de la Loire <\/strong>wenn Sie dieses wundersch\u00f6ne Land mit Ihren Kindern erkunden m\u00f6chten. Die <strong>Gro\u00dfer Park von Puy du Fou<\/strong>, die Stadt der <strong>Roche sur Yon <\/strong>und sein ber\u00fchmtes Nationalgest\u00fct, den Regionalpark Marais Poitevin, das Riesenrad von Saint-Jean-de-Monts, den lebhaften Hafen von Les Sables d'Olonne, die Insel Noirmoutier und die Salzg\u00e4rten, die feinen Sandstr\u00e4nde und die Seekiefernw\u00e4lder - Sie sind hier am richtigen Ort, um all diese Sch\u00e4tze zu entdecken. Innerhalb unseres <strong>gehobener Campingplatz in der Vend\u00e9e<\/strong>Sie werden die<strong>Familienatmosph\u00e4re<\/strong> und <strong>gesellig<\/strong> die dort herrscht. Nach ebenso erfreulichen wie anstrengenden Tagen ist die <strong>Hallenbad<\/strong> des Campingplatzes k\u00f6nnen Sie sich mit der ganzen Familie erfrischen.<br><\/p>\n<\/div><figure class=\"wp-block-media-text__media\" style=\"background-image:url(https:\/\/www.campingvaldevie.fr\/wp-content\/uploads\/2018\/02\/Copyright_A.Lamoureux_Vendee_Expansion_Yeu_port_de_la_meule_6-1024x683.jpg);background-position:81% 48%\"><img loading=\"lazy\" decoding=\"async\" width=\"1024\" height=\"683\" src=\"https:\/\/www.campingvaldevie.fr\/wp-content\/uploads\/2018\/02\/Copyright_A.Lamoureux_Vendee_Expansion_Yeu_port_de_la_meule_6-1024x683.jpg\" alt=\"Port de la Meule Ile d&#039;yeu\" class=\"wp-image-2140 size-full\" srcset=\"https:\/\/www.campingvaldevie.fr\/wp-content\/uploads\/2018\/02\/Copyright_A.Lamoureux_Vendee_Expansion_Yeu_port_de_la_meule_6-1024x683.jpg 1024w, https:\/\/www.campingvaldevie.fr\/wp-content\/uploads\/2018\/02\/Copyright_A.Lamoureux_Vendee_Expansion_Yeu_port_de_la_meule_6-300x200.jpg 300w, https:\/\/www.campingvaldevie.fr\/wp-content\/uploads\/2018\/02\/Copyright_A.Lamoureux_Vendee_Expansion_Yeu_port_de_la_meule_6-768x512.jpg 768w, https:\/\/www.campingvaldevie.fr\/wp-content\/uploads\/2018\/02\/Copyright_A.Lamoureux_Vendee_Expansion_Yeu_port_de_la_meule_6.jpg 1100w\" sizes=\"auto, (max-width: 1024px) 100vw, 1024px\" \/><\/figure><\/div>\n\n\n\n<div style=\"height:40px\" aria-hidden=\"true\" class=\"wp-block-spacer\"><\/div>\n\n\n\n<div class=\"wp-block-media-text alignwide is-stacked-on-mobile is-image-fill\" style=\"grid-template-columns:30% auto\"><figure class=\"wp-block-media-text__media\" style=\"background-image:url(https:\/\/www.campingvaldevie.fr\/wp-content\/uploads\/2022\/06\/vacances-petit-camping-avec-espace-bien-etre-vendee.jpg);background-position:16% 52%\"><img loading=\"lazy\" decoding=\"async\" width=\"700\" height=\"466\" src=\"https:\/\/www.campingvaldevie.fr\/wp-content\/uploads\/2022\/06\/vacances-petit-camping-avec-espace-bien-etre-vendee.jpg\" alt=\"Urlaub Kleiner Campingplatz mit Wellnessbereich Vend\u00e9e\" class=\"wp-image-17838 size-full\" srcset=\"https:\/\/www.campingvaldevie.fr\/wp-content\/uploads\/2022\/06\/vacances-petit-camping-avec-espace-bien-etre-vendee.jpg 700w, https:\/\/www.campingvaldevie.fr\/wp-content\/uploads\/2022\/06\/vacances-petit-camping-avec-espace-bien-etre-vendee-300x200.jpg 300w\" sizes=\"auto, (max-width: 700px) 100vw, 700px\" \/><\/figure><div class=\"wp-block-media-text__content\">\n<h2 class=\"wp-block-heading has-text-align-left\">Aktivit\u00e4ten in der Vend\u00e9e in der N\u00e4he dieses erstklassigen Campingplatzes<\/h2>\n\n\n\n<p>Zur Vervollst\u00e4ndigung Ihres <strong>Luxusaufenthalt<\/strong> auf unserem 4-Sterne-Campingplatz in der Vend\u00e9e und <a href=\"\/de\/tourismus-vendee\/\">die Vend\u00e9e entdecken<\/a>Hier sind unsere Empfehlungen f\u00fcr Besichtigungen und Aktivit\u00e4ten, die Sie mit Ihren Kindern unternehmen k\u00f6nnen:<\/p>\n\n\n\n<ul class=\"wp-block-list\">\n<li><a href=\"https:\/\/www.campingvaldevie.fr\/de\/der-golf-des-fontenelles\/\">der Golfplatz Les Fontenelles<\/a> : Der Golfplatz Les Fontenelles liegt nur 10 Kilometer vom Campingplatz entfernt in Richtung <strong>Saint Gilles Croix-de-Vie<\/strong> und von <strong>Bretignolles-sur-Mer<\/strong>. Entdecken Sie diesen 18-Loch-Parcours, der Ihnen auf einer L\u00e4nge von \u00fcber 6 Kilometern eine angenehme Abfolge von Wasserhindernissen, Strandkiefern und Eichen bietet. Als Partner des Golfplatzes Les Fontenelles ist unser <strong>premium camping in der Vend\u00e9e<\/strong> bietet Ihnen <strong>g\u00fcnstigere Tarife<\/strong> f\u00fcr Kurse und Entdeckerpauschalen.<\/li>\n\n\n\n<li><strong>die Thalassos<\/strong> Thalassos: Sie finden Thalassos in St\u00e4dten am Meer, wie z. B. Thalasso C\u00f4te Ouest in den <strong>Sables d'Olonne<\/strong> mit Blick auf das Meer. Die<strong> Sables d'Olonne<\/strong> sind auch Austragungsort der Vend\u00e9e Globe, einer internationalen Segelregatta, die alle vier Jahre stattfindet. Sie k\u00f6nnen auch ein Wellnesscenter in <strong>La Roche-sur-Yon<\/strong> oder in <strong>Challans<\/strong>.<\/li>\n\n\n\n<li><strong>authentische D\u00f6rfer besuchen<\/strong> Saint-Gilles-Croix-de-Vie, eine charmante Stadt am Meer mit einem alten Hafen, oder das Dorf Commequiers k\u00f6nnen Sie mit Ihrer Familie w\u00e4hrend Ihres Aufenthalts in Frankreich besuchen. <strong>gehobener Campingplatz in der Vend\u00e9e<\/strong>.<\/li>\n\n\n\n<li><strong>das Schloss von Apremont<\/strong> : Der Besuch des <strong>Renaissanceschloss von Apremont<\/strong> ist unserer Meinung nach ein Muss. Einige werden vielleicht z\u00f6gern, aber dieser hat einen unbestreitbaren Charme, der die Stadt, die er \u00fcberragt, durchdringt. Wir wollen nicht zu tief in seine Geschichte eintauchen, aber die F\u00fchrung war hervorragend und wir empfehlen sie Ihnen. Die positiven Kommentare anderer Enthusiasten zeigen deutlich, dass es sich um eine ausgezeichnete Wahl unter den Sehensw\u00fcrdigkeiten in der Region Pays de la Loire handelt!<\/li>\n<\/ul>\n<\/div><\/div>\n\n\n\n<div style=\"height:40px\" aria-hidden=\"true\" class=\"wp-block-spacer\"><\/div>","protected":false},"excerpt":{"rendered":"<p>Vous cherchez un endroit qui sort de l\u2019ordinaire pour vos vacances avec les enfants ? Un havre de paix plut\u00f4t confidentiel pour votre s\u00e9jour en famille, en couple ou entre amis ? Parfois, il vaut mieux opter pour un camping de luxe aux services haut de gamme en Vend\u00e9e que pour un \u00e9tablissement qui en [&hellip;]<\/p>\n","protected":false},"author":4,"featured_media":0,"parent":0,"menu_order":0,"comment_status":"closed","ping_status":"closed","template":"","meta":{"_seopress_robots_primary_cat":"","_seopress_titles_title":"Camping haut de gamme en Vend\u00e9e 4 \u00e9toiles avec location spa privatif","_seopress_titles_desc":"D\u00e9couvrez le camping Val de Vie avec location de mobil-homes avec spa privatif ! Des vacances haut de gamme dans un camping en pleine nature !","_seopress_robots_index":"","footnotes":""},"class_list":["post-22252","page","type-page","status-publish","hentry"],"_links":{"self":[{"href":"https:\/\/www.campingvaldevie.fr\/de\/wp-json\/wp\/v2\/pages\/22252","targetHints":{"allow":["GET"]}}],"collection":[{"href":"https:\/\/www.campingvaldevie.fr\/de\/wp-json\/wp\/v2\/pages"}],"about":[{"href":"https:\/\/www.campingvaldevie.fr\/de\/wp-json\/wp\/v2\/types\/page"}],"author":[{"embeddable":true,"href":"https:\/\/www.campingvaldevie.fr\/de\/wp-json\/wp\/v2\/users\/4"}],"replies":[{"embeddable":true,"href":"https:\/\/www.campingvaldevie.fr\/de\/wp-json\/wp\/v2\/comments?post=22252"}],"version-history":[{"count":5,"href":"https:\/\/www.campingvaldevie.fr\/de\/wp-json\/wp\/v2\/pages\/22252\/revisions"}],"predecessor-version":[{"id":25874,"href":"https:\/\/www.campingvaldevie.fr\/de\/wp-json\/wp\/v2\/pages\/22252\/revisions\/25874"}],"wp:attachment":[{"href":"https:\/\/www.campingvaldevie.fr\/de\/wp-json\/wp\/v2\/media?parent=22252"}],"curies":[{"name":"wp","href":"https:\/\/api.w.org\/{rel}","templated":true}]}}