{"id":22259,"date":"2023-11-02T15:09:43","date_gmt":"2023-11-02T14:09:43","guid":{"rendered":"https:\/\/www.campingvaldevie.fr\/?page_id=22259"},"modified":"2023-11-03T10:49:46","modified_gmt":"2023-11-03T09:49:46","slug":"campingplatz-mit-schwimmbad-saint-gilles-croix-de-vie","status":"publish","type":"page","link":"https:\/\/www.campingvaldevie.fr\/de\/camping-saint-gilles-croix-de-vie\/camping-avec-piscine-saint-gilles-croix-de-vie\/","title":{"rendered":"Campingplatz in der N\u00e4he von Saint Gilles Croix de Vie mit Schwimmbad"},"content":{"rendered":"<p>Das Val de Vie ist ein<strong> Campingplatz mit Schwimmbad in der N\u00e4he von Saint Gilles Croix de Vie<\/strong>. Zugegeben, wenn man auf einem Campingplatz buchen m\u00f6chte, ist das Hauptkriterium f\u00fcr die meisten Familien die Frage, ob es einen Swimmingpool gibt oder nicht. Willkommen auf diesem <a href=\"\/de\/camping-saint-gilles-croix-de-vie\/\">campingplatz in der N\u00e4he von Saint Gilles Croix de Vie<\/a> !<\/p>\n\n\n\n<div style=\"height:40px\" aria-hidden=\"true\" class=\"wp-block-spacer\"><\/div>\n\n\n\n<div class=\"wp-block-media-text has-media-on-the-right is-stacked-on-mobile\" style=\"grid-template-columns:auto 40%\"><div class=\"wp-block-media-text__content\">\n<h2 class=\"wp-block-heading has-text-align-left\">Entdecken Sie diesen Campingplatz mit Schwimmbad<\/h2>\n\n\n\n<p>Beginnen wir bereits damit, Ihnen die Situation des <a href=\"\/de\/\">camping le Val de Vie<\/a>. Diese 4-Sterne-Unterkunft hat das Gl\u00fcck, nur wenige Minuten entfernt zu liegen von <a href=\"\/de\/tourismus-vendee\/saint-gilles-croix-de-vie\/\">Saint Gilles Croix de Vie<\/a>. Letzteres ist einer der bekanntesten Badeorte an der K\u00fcste der Vend\u00e9e mit den <strong>Sables d'Olonne<\/strong> oder die <strong>Tranche sur Mer<\/strong>. Vor Ort findest du alles, was du f\u00fcr einen Traumurlaub brauchst. Ob auf dem Campingplatz oder im Herzen der Stadt, es wird Ihnen an nichts fehlen. Sie werden sich in den authentischen Charme dieses Ferienortes verlieben. Sein Jachthafen, sein Fischereihafen, seine Str\u00e4nde... Hier ist ein Vorgeschmack auf das, was Sie bei Ihren Fahrradtouren entdecken k\u00f6nnen.<\/p>\n<\/div><figure class=\"wp-block-media-text__media\"><img loading=\"lazy\" decoding=\"async\" width=\"700\" height=\"317\" src=\"https:\/\/www.campingvaldevie.fr\/wp-content\/uploads\/2020\/04\/camping-avec-piscine-couverte-proche-de-challans.jpg\" alt=\"Campingplatz mit Hallenbad in der N\u00e4he von Challans\" class=\"wp-image-6132 size-full\" srcset=\"https:\/\/www.campingvaldevie.fr\/wp-content\/uploads\/2020\/04\/camping-avec-piscine-couverte-proche-de-challans.jpg 700w, https:\/\/www.campingvaldevie.fr\/wp-content\/uploads\/2020\/04\/camping-avec-piscine-couverte-proche-de-challans-300x136.jpg 300w\" sizes=\"auto, (max-width: 700px) 100vw, 700px\" \/><\/figure><\/div>\n\n\n\n<div style=\"height:40px\" aria-hidden=\"true\" class=\"wp-block-spacer\"><\/div>\n\n\n\n<div class=\"wp-block-media-text is-stacked-on-mobile\" style=\"grid-template-columns:40% auto\"><figure class=\"wp-block-media-text__media\"><img loading=\"lazy\" decoding=\"async\" width=\"1024\" height=\"683\" src=\"https:\/\/www.campingvaldevie.fr\/wp-content\/uploads\/2019\/08\/plage-boisvinet-saint-gilles-croix-de-vie-IMG_1134-1024x683.jpg\" alt=\"Strand von Saint Gilles Croix de Vie\" class=\"wp-image-4853 size-full\" srcset=\"https:\/\/www.campingvaldevie.fr\/wp-content\/uploads\/2019\/08\/plage-boisvinet-saint-gilles-croix-de-vie-IMG_1134-1024x683.jpg 1024w, https:\/\/www.campingvaldevie.fr\/wp-content\/uploads\/2019\/08\/plage-boisvinet-saint-gilles-croix-de-vie-IMG_1134-300x200.jpg 300w, https:\/\/www.campingvaldevie.fr\/wp-content\/uploads\/2019\/08\/plage-boisvinet-saint-gilles-croix-de-vie-IMG_1134-768x512.jpg 768w, https:\/\/www.campingvaldevie.fr\/wp-content\/uploads\/2019\/08\/plage-boisvinet-saint-gilles-croix-de-vie-IMG_1134-1536x1024.jpg 1536w, https:\/\/www.campingvaldevie.fr\/wp-content\/uploads\/2019\/08\/plage-boisvinet-saint-gilles-croix-de-vie-IMG_1134-2048x1365.jpg 2048w\" sizes=\"auto, (max-width: 1024px) 100vw, 1024px\" \/><\/figure><div class=\"wp-block-media-text__content\">\n<h2 class=\"wp-block-heading has-text-align-left\">Entdecken Sie die Umgebung des Campingplatzes Val de Vie<\/h2>\n\n\n\n<p>Vor den Toren des Campingplatzes finden Sie zahlreiche Radwege. In der Vend\u00e9e gibt es fast 1800 km davon. So k\u00f6nnen Sie die Region leicht entdecken und gleichzeitig das sch\u00f6ne Wetter genie\u00dfen! Sie k\u00f6nnen den Strand so oft genie\u00dfen, wie Sie m\u00f6chten. Sie k\u00f6nnen aber auch in die <strong>Pool auf dem Campingplatz in der N\u00e4he von Saint Gilles Croix de Vie.<\/strong> Sie werden es genie\u00dfen, sich in klarem, temperiertem Wasser abk\u00fchlen zu k\u00f6nnen. Dieser Urlaub wird ein wahres Gl\u00fcck sein: in Ruhe und Frieden auf andere Gedanken kommen zu k\u00f6nnen.<\/p>\n\n\n\n<p>Buchen Sie schnell Ihr Mobilheim in diesem <strong>kleiner Familiencampingplatz mit Schwimmbad in der N\u00e4he von Saint Gilles Croix de Vie<\/strong>. Sie werden begeistert von Ihrem Aufenthalt zur\u00fcckkehren und nur einen Wunsch haben: Ihren Urlaub zu wiederholen.<\/p>\n<\/div><\/div>\n\n\n\n<div style=\"height:40px\" aria-hidden=\"true\" class=\"wp-block-spacer\"><\/div>\n\n\n\n<p>Entdecken Sie auch :<\/p>\n\n\n\n<ul class=\"wp-block-list\">\n<li><a href=\"\/de\/camping-saint-gilles-croix-de-vie\/mobilheim\/\">vermietung mobilheim in der N\u00e4he von Saint Gilles Croix de Vie<\/a><\/li>\n\n\n\n<li><a href=\"\/de\/camping-saint-gilles-croix-de-vie\/familiencampingplatz-saint-gilles-croix-de-vie\/\">Familien-Campingplatz in der N\u00e4he von Saint Gilles Croix de Vie<\/a><\/li>\n\n\n\n<li><a href=\"\/de\/camping-saint-gilles-croix-de-vie\/camping-billig-ruhig-nah-saint-gilles-croix-de-vie\/\">g\u00fcnstiger Campingplatz in der N\u00e4he von Saint Gilles Croix de Vie<\/a><\/li>\n\n\n\n<li><a href=\"\/de\/camping-saint-gilles-croix-de-vie\/camping-mit-stellplatz-in-der-nahe-von-saint-gilles-croix-de-vie\/\">Stellpl\u00e4tze auf dem Campingplatz in der N\u00e4he von Saint Gilles Croix de Vie<\/a><\/li>\n\n\n\n<li><a href=\"\/de\/camping-saint-gilles-croix-de-vie\/last-minute-angebote-saint-gilles-croix-de-vie\/\">Last-Minute-Angebote auf diesem Campingplatz in der N\u00e4he von Saint Gilles Croix de Vie<\/a><\/li>\n<\/ul>","protected":false},"excerpt":{"rendered":"<p>Le Val de Vie est un camping avec piscine situ\u00e9 pr\u00e8s de Saint Gilles Croix de Vie. Il faut avouer que lorsque l\u2019on souhaite r\u00e9server au sein d\u2019un camping le crit\u00e8re principal de la majorit\u00e9 des familles, est de savoir s\u2019il y aura une piscine ou non. Bienvenue dans ce camping pr\u00e8s de Saint Gilles [&hellip;]<\/p>\n","protected":false},"author":4,"featured_media":0,"parent":21135,"menu_order":0,"comment_status":"closed","ping_status":"closed","template":"","meta":{"_seopress_robots_primary_cat":"","_seopress_titles_title":"Camping proche Saint Gilles Croix de Vie avec piscine en Vend\u00e9e (85)","_seopress_titles_desc":"Passez un s\u00e9jour inoubliable au sein d&#039;un petit camping familial avec piscine pr\u00e8s de des plages de Saint Gilles Croix de Vie.","_seopress_robots_index":"","footnotes":""},"class_list":["post-22259","page","type-page","status-publish","hentry"],"_links":{"self":[{"href":"https:\/\/www.campingvaldevie.fr\/de\/wp-json\/wp\/v2\/pages\/22259","targetHints":{"allow":["GET"]}}],"collection":[{"href":"https:\/\/www.campingvaldevie.fr\/de\/wp-json\/wp\/v2\/pages"}],"about":[{"href":"https:\/\/www.campingvaldevie.fr\/de\/wp-json\/wp\/v2\/types\/page"}],"author":[{"embeddable":true,"href":"https:\/\/www.campingvaldevie.fr\/de\/wp-json\/wp\/v2\/users\/4"}],"replies":[{"embeddable":true,"href":"https:\/\/www.campingvaldevie.fr\/de\/wp-json\/wp\/v2\/comments?post=22259"}],"version-history":[{"count":6,"href":"https:\/\/www.campingvaldevie.fr\/de\/wp-json\/wp\/v2\/pages\/22259\/revisions"}],"predecessor-version":[{"id":22452,"href":"https:\/\/www.campingvaldevie.fr\/de\/wp-json\/wp\/v2\/pages\/22259\/revisions\/22452"}],"up":[{"embeddable":true,"href":"https:\/\/www.campingvaldevie.fr\/de\/wp-json\/wp\/v2\/pages\/21135"}],"wp:attachment":[{"href":"https:\/\/www.campingvaldevie.fr\/de\/wp-json\/wp\/v2\/media?parent=22259"}],"curies":[{"name":"wp","href":"https:\/\/api.w.org\/{rel}","templated":true}]}}