{"id":22265,"date":"2023-11-02T15:16:04","date_gmt":"2023-11-02T14:16:04","guid":{"rendered":"https:\/\/www.campingvaldevie.fr\/?page_id=22265"},"modified":"2024-05-21T10:06:38","modified_gmt":"2024-05-21T08:06:38","slug":"familiencampingplatz-saint-gilles-croix-de-vie","status":"publish","type":"page","link":"https:\/\/www.campingvaldevie.fr\/de\/camping-saint-gilles-croix-de-vie\/camping-familial-saint-gilles-croix-de-vie\/","title":{"rendered":"Ihr Aufenthalt auf einem Familiencampingplatz in der N\u00e4he von Saint-Gilles-Croix-de-Vie"},"content":{"rendered":"<p>Die <strong>Vend\u00e9e<\/strong> ist eine Region in Frankreich, die durch ihre wundersch\u00f6ne K\u00fcste, ihre abwechslungsreichen Landschaften und ihre einzigartige Lebensqualit\u00e4t besticht. Dieses Departement reizt Sie f\u00fcr Ihre n\u00e4chsten <strong>Familienurlaub<\/strong> ? Sehen Sie sich schon zwischen Strand, Outdoor-Aktivit\u00e4ten und Wasserspa\u00df wechseln? Dann entdecken Sie unseren <a href=\"\/de\/\"><strong>Campingplatz Le Val de Vie in der Vend\u00e9e<\/strong><\/a>Ein Campingplatz in Mach\u00e9, <strong>nur 26 km entfernt<\/strong> des sch\u00f6nen Badeortes Saint-Gilles-Croix-de-Vie!<\/p>\n\n\n\n<div style=\"height:40px\" aria-hidden=\"true\" class=\"wp-block-spacer\"><\/div>\n\n\n\n<h2 class=\"wp-block-heading has-text-align-center\">Unsere hochwertigen Unterk\u00fcnfte f\u00fcr Ihren Aufenthalt in Saint-Gilles-Croix-de-Vie<\/h2>\n\n\n\n<div style=\"height:42px\" aria-hidden=\"true\" class=\"wp-block-spacer\"><\/div>\n\n\n\n<div class=\"wp-block-media-text has-media-on-the-right is-stacked-on-mobile is-image-fill\" style=\"grid-template-columns:auto 40%\"><div class=\"wp-block-media-text__content\">\n<h3 class=\"wp-block-heading has-text-align-left\">Mobilheime mit allem Komfort<\/h3>\n\n\n\n<p>Sie m\u00f6chten einen Urlaub in <strong>Familiencampingplatz in der N\u00e4he von Saint-Gilles-Croix-de-Vie<\/strong> so komfortabel wie m\u00f6glich sein? Dann werden Sie von unserem Campingplatz und seinen<strong> <\/strong><a href=\"\/de\/camping-saint-gilles-croix-de-vie\/mobilheim\/\"><strong>3 Baureihen hochwertiger Mobilheime<\/strong><\/a> ! Entscheiden Sie sich bei Ihrem Urlaub f\u00fcr die Standard-, die Komfort- oder die Premiumklasse.\u00a0<\/p>\n\n\n\n<p>Unser <strong>Standard-Mobilheim <\/strong>bietet Ihnen einen angenehmen Komfort. Es ist mit allen Annehmlichkeiten ausgestattet und verf\u00fcgt \u00fcber eine angenehme Terrasse mit Blick auf den Park des Anwesens. Wenn Sie sich w\u00e4hrend Ihres Aufenthalts mehr Komfort w\u00fcnschen, k\u00f6nnen Sie sich auf der Terrasse entspannen. <strong>Familienurlaub in der Vend\u00e9e<\/strong>buchen Sie stattdessen einen <strong>Mobilheim der Komfortklasse<\/strong>. Es ist ger\u00e4umiger und wirkt mit seinem zeitgen\u00f6ssischen Design auch gem\u00fctlicher. Schlie\u00dflich sind unsere <strong>Premium-Mobilheime<\/strong> sind die ideale Option f\u00fcr einen Urlaub in <a href=\"\/de\/camping-saint-gilles-croix-de-vie\/\"><strong>campingplatz in der N\u00e4he von Saint-Gilles-Croix-de-Vie<\/strong><\/a> von hoher Qualit\u00e4t. Sie wohnen in einem neuen, ger\u00e4umigen Mobilheim mit einer raffinierten und gem\u00fctlichen Dekoration.<\/p>\n<\/div><figure class=\"wp-block-media-text__media\" style=\"background-image:url(https:\/\/www.campingvaldevie.fr\/wp-content\/uploads\/2023\/03\/IMG_05051-scaled-1-1024x768-1.jpg);background-position:50% 50%\"><img loading=\"lazy\" decoding=\"async\" width=\"700\" height=\"525\" src=\"https:\/\/www.campingvaldevie.fr\/wp-content\/uploads\/2023\/03\/IMG_05051-scaled-1-1024x768-1.jpg\" alt=\"mobilheim beste bewertung kleiner campingplatz vend\u00e9e\" class=\"wp-image-21217 size-full\" srcset=\"https:\/\/www.campingvaldevie.fr\/wp-content\/uploads\/2023\/03\/IMG_05051-scaled-1-1024x768-1.jpg 700w, https:\/\/www.campingvaldevie.fr\/wp-content\/uploads\/2023\/03\/IMG_05051-scaled-1-1024x768-1-300x225.jpg 300w\" sizes=\"auto, (max-width: 700px) 100vw, 700px\" \/><\/figure><\/div>\n\n\n\n<div style=\"height:40px\" aria-hidden=\"true\" class=\"wp-block-spacer\"><\/div>\n\n\n\n<div class=\"wp-block-media-text is-stacked-on-mobile is-image-fill\" style=\"grid-template-columns:40% auto\"><figure class=\"wp-block-media-text__media\" style=\"background-image:url(https:\/\/www.campingvaldevie.fr\/wp-content\/uploads\/2024\/02\/chambre-parentale-1024x682.jpeg);background-position:50% 50%\"><img loading=\"lazy\" decoding=\"async\" width=\"1024\" height=\"682\" src=\"https:\/\/www.campingvaldevie.fr\/wp-content\/uploads\/2024\/02\/chambre-parentale-1024x682.jpeg\" alt=\"Elternschlafzimmer\" class=\"wp-image-24066 size-full\" srcset=\"https:\/\/www.campingvaldevie.fr\/wp-content\/uploads\/2024\/02\/chambre-parentale-1024x682.jpeg 1024w, https:\/\/www.campingvaldevie.fr\/wp-content\/uploads\/2024\/02\/chambre-parentale-300x200.jpeg 300w, https:\/\/www.campingvaldevie.fr\/wp-content\/uploads\/2024\/02\/chambre-parentale-768x512.jpeg 768w, https:\/\/www.campingvaldevie.fr\/wp-content\/uploads\/2024\/02\/chambre-parentale-1536x1023.jpeg 1536w, https:\/\/www.campingvaldevie.fr\/wp-content\/uploads\/2024\/02\/chambre-parentale.jpeg 1920w\" sizes=\"auto, (max-width: 1024px) 100vw, 1024px\" \/><\/figure><div class=\"wp-block-media-text__content\">\n<p>Egal, welches Mobilheim Sie f\u00fcr Ihre <strong>Familienurlaub in der Vend\u00e9e<\/strong>Er wird ausgestattet mit <strong>ruhige Zimmer <\/strong>(2 bis 3 Schlafzimmer), 1 bis 2 gut eingerichtete Badezimmer mit Stauraum sowie eine voll ausgestattete K\u00fcche. F\u00fcr gesellige Stunden mit der Familie k\u00f6nnen Sie es sich in unserem Ess- und Wohnbereich gem\u00fctlich machen oder die Sonne der Vend\u00e9e von der Terrasse aus genie\u00dfen.<strong> Holzterrasse Ihres Mobilheims<\/strong>Sie haben einen sch\u00f6nen Blick auf den bewaldeten Park unseres Campingplatzes.\u00a0<\/p>\n<\/div><\/div>\n\n\n\n<div style=\"height:40px\" aria-hidden=\"true\" class=\"wp-block-spacer\"><\/div>\n\n\n\n<div class=\"wp-block-media-text has-media-on-the-right is-stacked-on-mobile is-image-fill\" style=\"grid-template-columns:auto 40%\"><div class=\"wp-block-media-text__content\">\n<h3 class=\"wp-block-heading has-text-align-left\">Unsere Campingpl\u00e4tze f\u00fcr Naturfreaks<\/h3>\n\n\n\n<p>Sie bevorzugen den<strong> traditioneller Campingplatz<\/strong> ? Lieben Sie es, die Nacht im Zelt oder in Ihrem Wohnmobil oder Wohnwagen zu verbringen? Z\u00f6gern Sie nicht und treffen Sie die Wahl des Stellplatzes f\u00fcr Ihren Urlaub in <strong>Familiencampingplatz in der N\u00e4he von Saint-Gilles-Croix-de-Vie<\/strong> !&nbsp;<\/p>\n\n\n\n<p>Das gro\u00dfe Plus unserer Stellpl\u00e4tze? Sie w\u00e4hlen den<a href=\"\/de\/camping-saint-gilles-croix-de-vie\/camping-mit-stellplatz-in-der-nahe-von-saint-gilles-croix-de-vie\/\">Standort in der N\u00e4he von Saint-Gilles-Croix-de-Vie<\/a> perfekt f\u00fcr Sie<strong> <\/strong>je nach Ihren Bed\u00fcrfnissen: mit oder ohne Strom, mit oder ohne Sanit\u00e4ranlagen, f\u00fcr eine Person, f\u00fcr sechs Personen usw. Ein Stellplatz ist die ideale L\u00f6sung, wenn Sie Ihre Ferien in einer Stadt verbringen m\u00f6chten, in der Sie sich wohlf\u00fchlen. <strong>naturnaher Urlaub<\/strong> !<\/p>\n<\/div><figure class=\"wp-block-media-text__media\" style=\"background-image:url(https:\/\/www.campingvaldevie.fr\/wp-content\/uploads\/2019\/11\/emplacement-camping-authentique-vendee.jpg);background-position:50% 50%\"><img loading=\"lazy\" decoding=\"async\" width=\"700\" height=\"468\" src=\"https:\/\/www.campingvaldevie.fr\/wp-content\/uploads\/2019\/11\/emplacement-camping-authentique-vendee.jpg\" alt=\"Stellplatz auf einem Campingplatz in der Vend\u00e9e\" class=\"wp-image-5702 size-full\" srcset=\"https:\/\/www.campingvaldevie.fr\/wp-content\/uploads\/2019\/11\/emplacement-camping-authentique-vendee.jpg 700w, https:\/\/www.campingvaldevie.fr\/wp-content\/uploads\/2019\/11\/emplacement-camping-authentique-vendee-300x201.jpg 300w\" sizes=\"auto, (max-width: 700px) 100vw, 700px\" \/><\/figure><\/div>\n\n\n\n<div style=\"height:40px\" aria-hidden=\"true\" class=\"wp-block-spacer\"><\/div>\n\n\n\n<div class=\"wp-block-media-text is-stacked-on-mobile is-image-fill\" style=\"grid-template-columns:40% auto\"><figure class=\"wp-block-media-text__media\" style=\"background-image:url(https:\/\/www.campingvaldevie.fr\/wp-content\/uploads\/2022\/07\/sejour-location-meilleur-petit-camping-saint-gilles-croix-de-vie.png);background-position:50% 50%\"><img loading=\"lazy\" decoding=\"async\" width=\"700\" height=\"525\" src=\"https:\/\/www.campingvaldevie.fr\/wp-content\/uploads\/2022\/07\/sejour-location-meilleur-petit-camping-saint-gilles-croix-de-vie.png\" alt=\"Aufenthalt Bester kleiner Campingplatz Saint Gilles croix de Vie\" class=\"wp-image-18220 size-full\" srcset=\"https:\/\/www.campingvaldevie.fr\/wp-content\/uploads\/2022\/07\/sejour-location-meilleur-petit-camping-saint-gilles-croix-de-vie.png 700w, https:\/\/www.campingvaldevie.fr\/wp-content\/uploads\/2022\/07\/sejour-location-meilleur-petit-camping-saint-gilles-croix-de-vie-300x225.png 300w\" sizes=\"auto, (max-width: 700px) 100vw, 700px\" \/><\/figure><div class=\"wp-block-media-text__content\">\n<h2 class=\"wp-block-heading has-text-align-left\">Ein Campingplatz mit Schwimmbad f\u00fcr die ganze Familie<\/h2>\n\n\n\n<p>Wenn es eine k\u00f6nigliche Infrastruktur w\u00e4hrend der Sommerferien gibt, dann ist es der Pool! Und das Gute daran ist, dass unser <strong>Familiencampingplatz in der N\u00e4he von Saint-Gilles-Croix-de-Vie <\/strong>beherbergt einen sch\u00f6nen Pool!<\/p>\n\n\n\n<p>Es ist eine <a href=\"https:\/\/www.campingvaldevie.fr\/de\/camping-saint-gilles-croix-de-vie\/camping-mit-stellplatz-in-der-nahe-von-saint-gilles-croix-de-vie\/\" data-type=\"page\" data-id=\"22278\"><strong>beheiztes und \u00fcberdachtes Schwimmbad<\/strong><\/a><strong> <\/strong>das Sie w\u00e4hrend Ihres Familienurlaubs in der Vend\u00e9e erwartet, mit einer angenehmen Terrasse mit Liegest\u00fchlen. Sie werden es genie\u00dfen, ein paar Bahnen in der <strong>erhitztes Wasser<\/strong> bevor Sie sich eine willkommene Siesta auf einem <strong>transat am Wasser<\/strong>. Und wenn das sch\u00f6ne Wetter w\u00e4hrend Ihres Aufenthalts in der Vend\u00e9e nicht mitspielt, ist das auch kein Problem; dank der<strong> Hallenbad<\/strong>Wenn Sie sich in der N\u00e4he der Schule befinden, k\u00f6nnen Sie weiterhin schwimmen gehen.<\/p>\n<\/div><\/div>\n\n\n\n<div style=\"height:40px\" aria-hidden=\"true\" class=\"wp-block-spacer\"><\/div>\n\n\n\n<div class=\"wp-block-media-text has-media-on-the-right is-stacked-on-mobile is-image-fill\" style=\"grid-template-columns:auto 40%\"><div class=\"wp-block-media-text__content\">\n<h2 class=\"wp-block-heading has-text-align-left\">Eine breite Palette an spielerischen und abwechslungsreichen Aktivit\u00e4ten<\/h2>\n\n\n\n<p>Wir versichern Ihnen <strong>Aktivurlaub in der Vend\u00e9e<\/strong> ! In der Tat ist unser <strong>Familiencampingplatz in der N\u00e4he von Saint-Gilles-Croix-de-Vie<\/strong> bietet Ihnen <strong>hochwertige Infrastruktur und Sportaktivit\u00e4ten<\/strong>. W\u00e4hrend deines Urlaubs kannst du zwischen Boule- und Tenniswettbewerben wechseln, an Wassergymnastik und Tanzkursen teilnehmen. Mit Ihren Kindern k\u00f6nnen Sie Tischtennis oder Tischfu\u00dfball spielen.<\/p>\n\n\n\n<p>Auf der Seite der Aktivit\u00e4ten ist das Schl\u00fcsselwort <strong>Geselligkeit<\/strong> : Wir laden Sie einmal pro Woche zu einem <strong>Begr\u00fc\u00dfungsgetr\u00e4nk<\/strong> damit Sie die anderen Urlauber kennenlernen k\u00f6nnen, und wir bieten Ihnen verschiedene Kostproben an. Am Abend hei\u00dft es dann: Lachen und gute Laune mit der ganzen Familie! Auf dem Programm stehen Konzerte, Zaubershows oder auch Themenessen und Musikquiz.&nbsp;<\/p>\n\n\n\n<p>Ihre Kinder werden sich in unserem <a href=\"\/de\/familiencamping-vendee\/\"><strong>Familiencampingplatz in der Vend\u00e9e<\/strong><\/a> Sie haben w\u00e4hrend Ihres gesamten Aufenthaltes in der Vend\u00e9e Zugang zum<strong>Spielplatz <\/strong>unseres Campingplatzes und k\u00f6nnen an <strong>Schnitzeljagden<\/strong>.<\/p>\n<\/div><figure class=\"wp-block-media-text__media\" style=\"background-image:url(https:\/\/www.campingvaldevie.fr\/wp-content\/uploads\/2022\/01\/DSC01680jeux.jpg);background-position:50% 50%\"><img loading=\"lazy\" decoding=\"async\" width=\"1024\" height=\"768\" src=\"https:\/\/www.campingvaldevie.fr\/wp-content\/uploads\/2022\/01\/DSC01680jeux.jpg\" alt=\"vermietung stellplatz familiencamping\" class=\"wp-image-10334 size-full\" srcset=\"https:\/\/www.campingvaldevie.fr\/wp-content\/uploads\/2022\/01\/DSC01680jeux.jpg 1024w, https:\/\/www.campingvaldevie.fr\/wp-content\/uploads\/2022\/01\/DSC01680jeux-300x225.jpg 300w, https:\/\/www.campingvaldevie.fr\/wp-content\/uploads\/2022\/01\/DSC01680jeux-768x576.jpg 768w\" sizes=\"auto, (max-width: 1024px) 100vw, 1024px\" \/><\/figure><\/div>\n\n\n\n<div style=\"height:40px\" aria-hidden=\"true\" class=\"wp-block-spacer\"><\/div>\n\n\n\n<div class=\"wp-block-media-text is-stacked-on-mobile is-image-fill\" style=\"grid-template-columns:40% auto\"><figure class=\"wp-block-media-text__media\" style=\"background-image:url(https:\/\/www.campingvaldevie.fr\/wp-content\/uploads\/2018\/01\/snack-bar.jpg);background-position:50% 50%\"><img loading=\"lazy\" decoding=\"async\" width=\"700\" height=\"619\" src=\"https:\/\/www.campingvaldevie.fr\/wp-content\/uploads\/2018\/01\/snack-bar.jpg\" alt=\"Snackbar des Campingplatzes\" class=\"wp-image-1815 size-full\" srcset=\"https:\/\/www.campingvaldevie.fr\/wp-content\/uploads\/2018\/01\/snack-bar.jpg 700w, https:\/\/www.campingvaldevie.fr\/wp-content\/uploads\/2018\/01\/snack-bar-300x265.jpg 300w\" sizes=\"auto, (max-width: 700px) 100vw, 700px\" \/><\/figure><div class=\"wp-block-media-text__content\">\n<h2 class=\"wp-block-heading has-text-align-left\">Zahlreiche Dienstleistungen f\u00fcr einen optimalen Campingurlaub<\/h2>\n\n\n\n<p>Unser <strong>Familiencampingplatz in der N\u00e4he von Saint-Gilles-Croix-de-Vie<\/strong> wollte Ihren Aufenthalt in der Vend\u00e9e so angenehm wie m\u00f6glich gestalten. Deshalb stellen wir Ihnen Folgendes zur Verf\u00fcgung<strong> eine ganze Reihe von Dienstleistungen<\/strong> :&nbsp;<\/p>\n\n\n\n<ul class=\"wp-block-list\">\n<li>Grillvermietung ;<\/li>\n\n\n\n<li>Vermietung von Babybett und Hochstuhl ;<\/li>\n\n\n\n<li>W\u00e4scherei ;\u00a0<\/li>\n\n\n\n<li>Snackbar ;<\/li>\n\n\n\n<li>Lebensmittelgesch\u00e4ft ;\u00a0<\/li>\n\n\n\n<li>Ausleihe von B\u00fcchern ;\u00a0<\/li>\n\n\n\n<li>Wifi auf dem gesamten Campingplatz ;\u00a0<\/li>\n\n\n\n<li>Und noch viele weitere Dienstleistungen f\u00fcr einen optimalen Familienurlaub!<\/li>\n<\/ul>\n<\/div><\/div>\n\n\n\n<div style=\"height:40px\" aria-hidden=\"true\" class=\"wp-block-spacer\"><\/div>\n\n\n\n<h2 class=\"wp-block-heading has-text-align-center\">Ihr Aufenthalt in der N\u00e4he von Saint-Gilles-Croix-de-Vie<\/h2>\n\n\n\n<p>Ihr Aufenthalt in <strong>Familiencampingplatz in der N\u00e4he von Saint-Gilles-Croix-de-Vie <\/strong>wird die Gelegenheit f\u00fcr Sie und Ihre Kinder sein, sich auf den Weg zu machen, um die sch\u00f6nsten Orte dieser Region Frankreichs zu entdecken!&nbsp;<\/p>\n\n\n\n<p>Gehen Sie zuerst los und besuchen Sie <strong>Saint-Gilles-Croix-de-Vie<\/strong>. Diese Stadt ist nicht nur f\u00fcr ihre Sandstr\u00e4nde und ihren lebhaften Fischerhafen bekannt, sondern auch f\u00fcr ihre bezaubernde Strandpromenade. Setzen Sie Ihren Spaziergang fort mit dem Besuch von <strong>Saint-Hilaire-de-Riez<\/strong>Die Region ist gepr\u00e4gt von weiten Str\u00e4nden, Salzg\u00e4rten und Pinienw\u00e4ldern, die zum Wandern und Radfahren einladen.&nbsp;<\/p>\n\n\n\n<p>Begeben Sie sich dann zu <strong>Saint-Jean-de-Monts<\/strong>Die Stadt ist beliebt f\u00fcr ihren langen Sandstrand, ihre Radwege und ihren Golfplatz am Ozean. W\u00e4hrend Ihres Urlaubs in <strong>Familiencampingplatz in der N\u00e4he von Saint-Gilles-Croix-de-Vie<\/strong>Verpassen Sie auch nicht <strong>Les Sables d'Olonne<\/strong>Die Stadt ist ber\u00fchmt f\u00fcr die Austragung der Vend\u00e9e Globe und bekannt f\u00fcr ihren Jachthafen, den zentralen Strand und das Viertel Ile Penotte. 18 km von Les Sables d'Olonne entfernt befindet sich <strong>Br\u00e9tignolles-sur-Mer<\/strong>. Diese Stadt in der Vend\u00e9e zieht mit ihren Surf-, Segel- und Paddle-Spots Wassersportler an.<\/p>\n\n\n\n<p>Beenden Sie schlie\u00dflich Ihren Besuch in der Vend\u00e9e mit einem Besuch in<strong> Brem-sur-Mer<\/strong>. Besuchen Sie die St.-Nikolaus-Kirche und planen Sie eine Weinprobe mit lokalen Weinen in den Weinbergen.<br>Bereiten Sie sich auf einen sch\u00f6nen Familienurlaub in unserem <strong>Familiencampingplatz in der N\u00e4he von Saint-Gilles-Croix-de-Vie&nbsp;<\/strong>!<\/p>","protected":false},"excerpt":{"rendered":"<p>La Vend\u00e9e est une r\u00e9gion de France qui s\u00e9duit par son littoral de toute beaut\u00e9, ses paysages vari\u00e9s et sa qualit\u00e9 de vie unique. Ce d\u00e9partement vous tente pour vos prochaines vacances en famille ? Vous vous voyez d\u00e9j\u00e0 alterner entre plage, activit\u00e9s de plein air et loisirs nautiques ? Alors d\u00e9couvrez notre camping Le [&hellip;]<\/p>\n","protected":false},"author":4,"featured_media":0,"parent":21135,"menu_order":0,"comment_status":"closed","ping_status":"closed","template":"","meta":{"_seopress_robots_primary_cat":"","_seopress_titles_title":"Camping familial proche Saint Gilles Croix de Vie en Vend\u00e9e (85)","_seopress_titles_desc":"Nous souhaitions dessiner le portrait robot du camping id\u00e9al pour les familles et proche de Saint Gilles Croix de Vie.","_seopress_robots_index":"","footnotes":""},"class_list":["post-22265","page","type-page","status-publish","hentry"],"_links":{"self":[{"href":"https:\/\/www.campingvaldevie.fr\/de\/wp-json\/wp\/v2\/pages\/22265","targetHints":{"allow":["GET"]}}],"collection":[{"href":"https:\/\/www.campingvaldevie.fr\/de\/wp-json\/wp\/v2\/pages"}],"about":[{"href":"https:\/\/www.campingvaldevie.fr\/de\/wp-json\/wp\/v2\/types\/page"}],"author":[{"embeddable":true,"href":"https:\/\/www.campingvaldevie.fr\/de\/wp-json\/wp\/v2\/users\/4"}],"replies":[{"embeddable":true,"href":"https:\/\/www.campingvaldevie.fr\/de\/wp-json\/wp\/v2\/comments?post=22265"}],"version-history":[{"count":9,"href":"https:\/\/www.campingvaldevie.fr\/de\/wp-json\/wp\/v2\/pages\/22265\/revisions"}],"predecessor-version":[{"id":25025,"href":"https:\/\/www.campingvaldevie.fr\/de\/wp-json\/wp\/v2\/pages\/22265\/revisions\/25025"}],"up":[{"embeddable":true,"href":"https:\/\/www.campingvaldevie.fr\/de\/wp-json\/wp\/v2\/pages\/21135"}],"wp:attachment":[{"href":"https:\/\/www.campingvaldevie.fr\/de\/wp-json\/wp\/v2\/media?parent=22265"}],"curies":[{"name":"wp","href":"https:\/\/api.w.org\/{rel}","templated":true}]}}