{"id":22271,"date":"2023-11-02T15:21:09","date_gmt":"2023-11-02T14:21:09","guid":{"rendered":"https:\/\/www.campingvaldevie.fr\/?page_id=22271"},"modified":"2024-07-24T09:36:19","modified_gmt":"2024-07-24T07:36:19","slug":"camping-billig-ruhig-nah-saint-gilles-croix-de-vie","status":"publish","type":"page","link":"https:\/\/www.campingvaldevie.fr\/de\/camping-saint-gilles-croix-de-vie\/camping-pas-cher-calme-proche-saint-gilles-croix-de-vie\/","title":{"rendered":"G\u00fcnstiger und ruhiger Campingplatz in der N\u00e4he von Saint Gilles Croix de Vie"},"content":{"rendered":"<p>Wenn ich den <strong>camping le Val de Vie<\/strong>w\u00fcrde ich sagen, dass es ein Ort ist <strong>Ruhe<\/strong> und gesellige Atmosph\u00e4re. Diese <strong>g\u00fcnstiger Campingplatz in der N\u00e4he von Saint Gilles Croix de Vie<\/strong> genie\u00dft eine ideale Lage. Tats\u00e4chlich ist der <a href=\"\/de\/camping-saint-gilles-croix-de-vie\/\">4-Sterne-Campingplatz ist in der N\u00e4he von Saint Gilles Croix de Vie<\/a>. Der Badeort mit tausend und einem Pluspunkt. Sie werden feststellen, dass man diese Stadt testen muss, um sie zu lieben. Das Verlassen des Campingplatzes wird Ihnen schwerer fallen, als Sie denken, denn Ihre <strong>Ferien<\/strong> werden angenehm gewesen sein.<\/p>\n\n\n\n<div style=\"height:40px\" aria-hidden=\"true\" class=\"wp-block-spacer\"><\/div>\n\n\n\n<div class=\"wp-block-media-text has-media-on-the-right is-stacked-on-mobile is-image-fill\" style=\"grid-template-columns:auto 40%\"><div class=\"wp-block-media-text__content\">\n<h2 class=\"wp-block-heading has-text-align-left\">Kleine Preise in einer entr\u00fcckten Umgebung<\/h2>\n\n\n\n<p>Lassen Sie sich von mir vorstellen <strong>die Einrichtung<\/strong>Der Campingplatz ist f\u00fcr mich der beste Ort, um sich zu erholen und an sich selbst zu denken. Zu Beginn werden Sie von den Besitzern des Campingplatzes herzlich willkommen gehei\u00dfen. \u00c9lodie und Nicolas freuen sich jedes Jahr auf Urlauber, die die Gegend erkunden und Zeit mit der Familie verbringen m\u00f6chten. Hier sind die Schlagworte: Ruhe, Frieden und Entspannung. Man muss sagen, dass der Rahmen f\u00fcr diese Art von Programm ziemlich g\u00fcnstig ist!<\/p>\n<\/div><figure class=\"wp-block-media-text__media\" style=\"background-image:url(https:\/\/www.campingvaldevie.fr\/wp-content\/uploads\/2019\/06\/saint-gilles-croix-de-vie-IMG_3963-1024x768.jpg);background-position:50% 50%\"><img loading=\"lazy\" decoding=\"async\" width=\"1024\" height=\"768\" src=\"https:\/\/www.campingvaldevie.fr\/wp-content\/uploads\/2019\/06\/saint-gilles-croix-de-vie-IMG_3963-1024x768.jpg\" alt=\"ruhiger und g\u00fcnstiger campingplatz in der n\u00e4he von st. gilles croix de vie\" class=\"wp-image-4726 size-full\" srcset=\"https:\/\/www.campingvaldevie.fr\/wp-content\/uploads\/2019\/06\/saint-gilles-croix-de-vie-IMG_3963-1024x768.jpg 1024w, https:\/\/www.campingvaldevie.fr\/wp-content\/uploads\/2019\/06\/saint-gilles-croix-de-vie-IMG_3963-300x225.jpg 300w, https:\/\/www.campingvaldevie.fr\/wp-content\/uploads\/2019\/06\/saint-gilles-croix-de-vie-IMG_3963-768x576.jpg 768w, https:\/\/www.campingvaldevie.fr\/wp-content\/uploads\/2019\/06\/saint-gilles-croix-de-vie-IMG_3963-1536x1152.jpg 1536w, https:\/\/www.campingvaldevie.fr\/wp-content\/uploads\/2019\/06\/saint-gilles-croix-de-vie-IMG_3963-2048x1536.jpg 2048w\" sizes=\"auto, (max-width: 1024px) 100vw, 1024px\" \/><\/figure><\/div>\n\n\n\n<div style=\"height:40px\" aria-hidden=\"true\" class=\"wp-block-spacer\"><\/div>\n\n\n\n<div class=\"wp-block-media-text is-stacked-on-mobile is-image-fill\"><figure class=\"wp-block-media-text__media\" style=\"background-image:url(https:\/\/www.campingvaldevie.fr\/wp-content\/uploads\/2019\/06\/saint-gilles-croix-de-vie-IMG_5486.jpg);background-position:50% 50%\"><img loading=\"lazy\" decoding=\"async\" width=\"800\" height=\"533\" src=\"https:\/\/www.campingvaldevie.fr\/wp-content\/uploads\/2019\/06\/saint-gilles-croix-de-vie-IMG_5486.jpg\" alt=\"jachthafen von st. gilles croix de vie\" class=\"wp-image-4727 size-full\" srcset=\"https:\/\/www.campingvaldevie.fr\/wp-content\/uploads\/2019\/06\/saint-gilles-croix-de-vie-IMG_5486.jpg 800w, https:\/\/www.campingvaldevie.fr\/wp-content\/uploads\/2019\/06\/saint-gilles-croix-de-vie-IMG_5486-300x200.jpg 300w, https:\/\/www.campingvaldevie.fr\/wp-content\/uploads\/2019\/06\/saint-gilles-croix-de-vie-IMG_5486-768x512.jpg 768w\" sizes=\"auto, (max-width: 800px) 100vw, 800px\" \/><\/figure><div class=\"wp-block-media-text__content\">\n<h2 class=\"wp-block-heading has-text-align-left\">Vermietung von Mobilheimen und Hallenbad<\/h2>\n\n\n\n<p>Eingebettet in eine kleine gr\u00fcne Oase, werden Sie sich beim Schlendern durch die Alleen von der sanften Atmosph\u00e4re tragen lassen, die im Val de Vie herrscht. Um allen Familien einen Urlaub zu erm\u00f6glichen, der diesen Namen auch verdient, hat das <strong>g\u00fcnstiger Campingplatz in der N\u00e4he von Saint Gilles Croix de Vie<\/strong>bietet <a href=\"\/de\/camping-saint-gilles-croix-de-vie\/mobilheim\/\">Mobilheime<\/a> nicht teuer sind. Sie m\u00fcssen nur auf der Website der Einrichtung Ihre Wahl treffen. Um auf dem H\u00f6hepunkt der Entspannung zu sein, bietet der <strong>Campingplatz<\/strong> stellt Ihnen zur Verf\u00fcgung <a href=\"\/de\/camping-saint-gilles-croix-de-vie\/campingplatz-mit-schwimmbad-saint-gilles-croix-de-vie\/\">ein beheizter Au\u00dfenpool<\/a>. Sie k\u00f6nnen nachmittags bei herrlichem Sonnenschein schwimmen oder auf den Liegest\u00fchlen rund um das Becken ein Nickerchen machen.<\/p>\n\n\n\n<p>Mit Sicherheit werden Sie diesen Ort nicht mehr verlassen wollen <a href=\"\/de\/\">4-Sterne-Campingplatz in der Vend\u00e9e<\/a>. Profitieren Sie ohne weitere Verz\u00f6gerung von den Preisen dieses <strong>g\u00fcnstiger Campingplatz in der N\u00e4he von Saint Gilles Croix de Vie.<\/strong> F\u00fcr Reservierungen k\u00f6nnen Sie die Nummer 02 51 93 19 69 w\u00e4hlen.<\/p>\n\n\n\n<p>Entdecken Sie auch :<\/p>\n\n\n\n<ul class=\"wp-block-list\">\n<li><a href=\"\/de\/camping-saint-gilles-croix-de-vie\/familiencampingplatz-saint-gilles-croix-de-vie\/\">Familien-Campingplatz in der N\u00e4he von Saint Gilles Croix de Vie<\/a><\/li>\n\n\n\n<li><a href=\"\/de\/camping-saint-gilles-croix-de-vie\/camping-mit-stellplatz-in-der-nahe-von-saint-gilles-croix-de-vie\/\">Stellpl\u00e4tze auf dem Campingplatz in der N\u00e4he von Saint Gilles Croix de Vie<\/a><\/li>\n\n\n\n<li><a href=\"\/de\/camping-saint-gilles-croix-de-vie\/last-minute-angebote-saint-gilles-croix-de-vie\/\">Last-Minute-Angebote auf diesem Campingplatz in der N\u00e4he von Saint Gilles Croix de Vie<\/a><\/li>\n<\/ul>\n<\/div><\/div>","protected":false},"excerpt":{"rendered":"<p>Si je devais qualifier le camping le Val de Vie, je dirais que c\u2019est un lieu calme et convivial. Ce camping pas cher pr\u00e8s de Saint Gilles Croix de Vie jouit d\u2019une situation id\u00e9ale. En effet, le camping 4 \u00e9toiles est pr\u00e8s de Saint Gilles Croix de Vie. La station baln\u00e9aire aux mille et un [&hellip;]<\/p>\n","protected":false},"author":4,"featured_media":0,"parent":21135,"menu_order":0,"comment_status":"closed","ping_status":"closed","template":"","meta":{"_seopress_robots_primary_cat":"","_seopress_titles_title":"Camping pas cher et calme - Saint Gilles Croix de Vie Vend\u00e9e (85)","_seopress_titles_desc":"Camping calme et pas cher situ\u00e9 pr\u00e8s de Saint Gilles Croix de Vie. Venez prendre du bon temps dans ce camping au coeur de la nature.","_seopress_robots_index":"","footnotes":""},"class_list":["post-22271","page","type-page","status-publish","hentry"],"_links":{"self":[{"href":"https:\/\/www.campingvaldevie.fr\/de\/wp-json\/wp\/v2\/pages\/22271","targetHints":{"allow":["GET"]}}],"collection":[{"href":"https:\/\/www.campingvaldevie.fr\/de\/wp-json\/wp\/v2\/pages"}],"about":[{"href":"https:\/\/www.campingvaldevie.fr\/de\/wp-json\/wp\/v2\/types\/page"}],"author":[{"embeddable":true,"href":"https:\/\/www.campingvaldevie.fr\/de\/wp-json\/wp\/v2\/users\/4"}],"replies":[{"embeddable":true,"href":"https:\/\/www.campingvaldevie.fr\/de\/wp-json\/wp\/v2\/comments?post=22271"}],"version-history":[{"count":7,"href":"https:\/\/www.campingvaldevie.fr\/de\/wp-json\/wp\/v2\/pages\/22271\/revisions"}],"predecessor-version":[{"id":25737,"href":"https:\/\/www.campingvaldevie.fr\/de\/wp-json\/wp\/v2\/pages\/22271\/revisions\/25737"}],"up":[{"embeddable":true,"href":"https:\/\/www.campingvaldevie.fr\/de\/wp-json\/wp\/v2\/pages\/21135"}],"wp:attachment":[{"href":"https:\/\/www.campingvaldevie.fr\/de\/wp-json\/wp\/v2\/media?parent=22271"}],"curies":[{"name":"wp","href":"https:\/\/api.w.org\/{rel}","templated":true}]}}