{"id":22284,"date":"2023-11-02T15:31:16","date_gmt":"2023-11-02T14:31:16","guid":{"rendered":"https:\/\/www.campingvaldevie.fr\/?page_id=22284"},"modified":"2024-07-24T09:40:43","modified_gmt":"2024-07-24T07:40:43","slug":"last-minute-angebote-saint-gilles-croix-de-vie","status":"publish","type":"page","link":"https:\/\/www.campingvaldevie.fr\/de\/camping-saint-gilles-croix-de-vie\/offres-derniere-minute-saint-gilles-croix-de-vie\/","title":{"rendered":"Last-Minute-Angebote Saint Gilles Croix de Vie"},"content":{"rendered":"<p>Entdecken Sie den <a href=\"\/de\/camping-saint-gilles-croix-de-vie\/\">camping le Val de Vie in der N\u00e4he von Saint Gilles Croix de Vie<\/a>. Eine Struktur <strong>4 Sterne<\/strong> an der K\u00fcste der Vend\u00e9e gelegen. Eine authentische Einrichtung f\u00fcr einen unkomplizierten Urlaub in Begleitung Ihrer Lieben. F\u00fcr Sp\u00e4tentschlossene, die ihren Urlaub im letzten Moment buchen, bietet das <strong>campingplatz in der N\u00e4he von Saint Gilles Croix de Vie<\/strong> bietet <strong>Last-Minute-Angebote<\/strong>. Um keine zu verpassen, besuchen Sie regelm\u00e4\u00dfig ihre Website. So k\u00f6nnen Sie alle Vorteile der Einrichtung entdecken.<\/p>\n\n\n\n<div style=\"height:40px\" aria-hidden=\"true\" class=\"wp-block-spacer\"><\/div>\n\n\n\n<div class=\"wp-block-media-text has-media-on-the-right is-stacked-on-mobile is-image-fill\" style=\"grid-template-columns:auto 40%\"><div class=\"wp-block-media-text__content\">\n<h2 class=\"wp-block-heading has-text-align-left\">Last-Minute-Angebot auf diesem Campingplatz mit Schwimmbad<\/h2>\n\n\n\n<p>Seine Lage l\u00e4sst einen tr\u00e4umen. Wenn Sie Ruhe und Frieden lieben, dann werden Sie begeistert sein. Wenn Sie diesen Campingplatz f\u00fcr Ihren Sommerurlaub w\u00e4hlen, k\u00f6nnen Sie sowohl die Umgebung zum Spazierengehen und Angeln als auch die nur wenige Minuten entfernten Sandstr\u00e4nde zum Flanieren nutzen. Nutzen Sie auch das Schwimmbad des Campingplatzes. <a href=\"\/de\/camping-saint-gilles-croix-de-vie\/campingplatz-mit-schwimmbad-saint-gilles-croix-de-vie\/\">campingplatz in der N\u00e4he von Saint Gilles Croix de Vie<\/a>.<\/p>\n<\/div><figure class=\"wp-block-media-text__media\" style=\"background-image:url(https:\/\/www.campingvaldevie.fr\/wp-content\/uploads\/2022\/10\/piscine-1-1024x280.png);background-position:50% 50%\"><img loading=\"lazy\" decoding=\"async\" width=\"1024\" height=\"280\" src=\"https:\/\/www.campingvaldevie.fr\/wp-content\/uploads\/2022\/10\/piscine-1-1024x280.png\" alt=\"campingplatz mit schwimmbad vend\u00e9e\" class=\"wp-image-19257 size-full\" srcset=\"https:\/\/www.campingvaldevie.fr\/wp-content\/uploads\/2022\/10\/piscine-1-1024x280.png 1024w, https:\/\/www.campingvaldevie.fr\/wp-content\/uploads\/2022\/10\/piscine-1-300x82.png 300w, https:\/\/www.campingvaldevie.fr\/wp-content\/uploads\/2022\/10\/piscine-1-768x210.png 768w, https:\/\/www.campingvaldevie.fr\/wp-content\/uploads\/2022\/10\/piscine-1.png 1050w\" sizes=\"auto, (max-width: 1024px) 100vw, 1024px\" \/><\/figure><\/div>\n\n\n\n<div style=\"height:40px\" aria-hidden=\"true\" class=\"wp-block-spacer\"><\/div>\n\n\n\n<div class=\"wp-block-media-text is-stacked-on-mobile is-image-fill\"><figure class=\"wp-block-media-text__media\" style=\"background-image:url(https:\/\/www.campingvaldevie.fr\/wp-content\/uploads\/2022\/05\/IMG_8242.jpg);background-position:16% 50%\"><img loading=\"lazy\" decoding=\"async\" width=\"640\" height=\"480\" src=\"https:\/\/www.campingvaldevie.fr\/wp-content\/uploads\/2022\/05\/IMG_8242.jpg\" alt=\"\" class=\"wp-image-17201 size-full\" srcset=\"https:\/\/www.campingvaldevie.fr\/wp-content\/uploads\/2022\/05\/IMG_8242.jpg 640w, https:\/\/www.campingvaldevie.fr\/wp-content\/uploads\/2022\/05\/IMG_8242-300x225.jpg 300w\" sizes=\"auto, (max-width: 640px) 100vw, 640px\" \/><\/figure><div class=\"wp-block-media-text__content\">\n<h2 class=\"wp-block-heading has-text-align-left\">Gehen Sie auf Entdeckungsreise in der Vend\u00e9e<\/h2>\n\n\n\n<p>Die Vend\u00e9e ist ein sehr touristisches Departement, das jedes Jahr viele Urlauber anzieht. Warten Sie nicht zu lange und genie\u00dfen Sie die <strong>Last-Minute-Angebote des Campingplatzes<\/strong> in der N\u00e4he von <a href=\"https:\/\/www.campingvaldevie.fr\/de\/tourismus-vendee\/saint-gilles-croix-de-vie\/\">Saint Gilles Croix de Vie<\/a>. Sie sind nicht davor gefeit, dass alle <a href=\"\/de\/camping-saint-gilles-croix-de-vie\/mobilheim\/\">Vermietung von Mobilheimen<\/a> vollst\u00e4ndig sind. Sie k\u00f6nnen jetzt aus verschiedenen Unterk\u00fcnften die f\u00fcr Sie passende ausw\u00e4hlen. Diese sind komplett ausgestattet. Ob kleine oder gro\u00dfe Familie, Sie werden auf jeden Fall das Richtige finden. Das Einzige, an das Sie denken m\u00fcssen, wenn Sie Ihr Zuhause verlassen, ist Ihre Sommerkleidung und Ihr Badeanzug.<\/p>\n\n\n\n<p>Im Val de Vie werden Sie sich nicht langweilen. Ein beheiztes Schwimmbad steht Ihnen zur Verf\u00fcgung, damit Sie die Sonne der Vend\u00e9e genie\u00dfen k\u00f6nnen. Ansonsten bereiten die Animationsteams unter der Woche Aktivit\u00e4ten f\u00fcr Gro\u00df und Klein vor. Sie freuen sich schon auf die Ferien? Dann nutzen Sie die <strong>Last-Minute-Angebote des Campingplatzes in der N\u00e4he von Saint Gilles Croix de Vie<\/strong>. Kontaktieren Sie den Empfang unter 02 51 93 19 69.<\/p>\n\n\n\n<p>Entdecken Sie auch :<\/p>\n\n\n\n<ul class=\"wp-block-list\">\n<li><a href=\"\/de\/camping-saint-gilles-croix-de-vie\/familiencampingplatz-saint-gilles-croix-de-vie\/\">Familien-Campingplatz in der N\u00e4he von Saint Gilles Croix de Vie<\/a><\/li>\n\n\n\n<li><a href=\"\/de\/camping-saint-gilles-croix-de-vie\/camping-billig-ruhig-nah-saint-gilles-croix-de-vie\/\">g\u00fcnstiger Campingplatz in der N\u00e4he von Saint Gilles Croix de Vie<\/a><\/li>\n\n\n\n<li><a href=\"\/de\/camping-saint-gilles-croix-de-vie\/camping-mit-stellplatz-in-der-nahe-von-saint-gilles-croix-de-vie\/\">Stellpl\u00e4tze auf dem Campingplatz in der N\u00e4he von Saint Gilles Croix de Vie<\/a><\/li>\n<\/ul>\n<\/div><\/div>","protected":false},"excerpt":{"rendered":"<p>D\u00e9couvrez le camping le Val de Vie pr\u00e8s de Saint Gilles Croix de Vie. Une structure 4 \u00e9toiles situ\u00e9e sur le littoral vend\u00e9en. Un \u00e9tablissement authentique pour des vacances en toute simplicit\u00e9 accompagn\u00e9 de vos proches. Pour les retardataires qui r\u00e9servent leurs vacances au dernier moment, le camping pr\u00e8s de Saint Gilles Croix de Vie [&hellip;]<\/p>\n","protected":false},"author":4,"featured_media":0,"parent":21135,"menu_order":0,"comment_status":"closed","ping_status":"closed","template":"","meta":{"_seopress_robots_primary_cat":"","_seopress_titles_title":"Vacances offres derni\u00e8re minute - Saint Gilles Croix de Vie","_seopress_titles_desc":"Vous attendez les vacances avec impatiente\u00a0? Alors, profitez des offres de derni\u00e8res minutes du camping pr\u00e8s de Saint Gilles Croix de Vie.","_seopress_robots_index":"","footnotes":""},"class_list":["post-22284","page","type-page","status-publish","hentry"],"_links":{"self":[{"href":"https:\/\/www.campingvaldevie.fr\/de\/wp-json\/wp\/v2\/pages\/22284","targetHints":{"allow":["GET"]}}],"collection":[{"href":"https:\/\/www.campingvaldevie.fr\/de\/wp-json\/wp\/v2\/pages"}],"about":[{"href":"https:\/\/www.campingvaldevie.fr\/de\/wp-json\/wp\/v2\/types\/page"}],"author":[{"embeddable":true,"href":"https:\/\/www.campingvaldevie.fr\/de\/wp-json\/wp\/v2\/users\/4"}],"replies":[{"embeddable":true,"href":"https:\/\/www.campingvaldevie.fr\/de\/wp-json\/wp\/v2\/comments?post=22284"}],"version-history":[{"count":7,"href":"https:\/\/www.campingvaldevie.fr\/de\/wp-json\/wp\/v2\/pages\/22284\/revisions"}],"predecessor-version":[{"id":25741,"href":"https:\/\/www.campingvaldevie.fr\/de\/wp-json\/wp\/v2\/pages\/22284\/revisions\/25741"}],"up":[{"embeddable":true,"href":"https:\/\/www.campingvaldevie.fr\/de\/wp-json\/wp\/v2\/pages\/21135"}],"wp:attachment":[{"href":"https:\/\/www.campingvaldevie.fr\/de\/wp-json\/wp\/v2\/media?parent=22284"}],"curies":[{"name":"wp","href":"https:\/\/api.w.org\/{rel}","templated":true}]}}