{"id":22297,"date":"2023-11-02T15:59:39","date_gmt":"2023-11-02T14:59:39","guid":{"rendered":"https:\/\/www.campingvaldevie.fr\/?page_id=22297"},"modified":"2023-11-03T10:53:33","modified_gmt":"2023-11-03T09:53:33","slug":"kleiner-campingplatz-mit-schwimmbad-challans","status":"publish","type":"page","link":"https:\/\/www.campingvaldevie.fr\/de\/camping-4-etoiles-pres-de-challans\/petit-camping-avec-piscine-challans\/","title":{"rendered":"Campingplatz mit Schwimmbad in der N\u00e4he von Challans"},"content":{"rendered":"<p>Ruhe und Gelassenheit in einer einzigen Einrichtung? Le Val de Vie ist ein <a href=\"\/de\/4-sterne-campingplatz-in-der-nahe-von-challans\/\">4-Sterne-Campingplatz in der N\u00e4he von Challans<\/a> das sich in einer nat\u00fcrlichen und gesch\u00fctzten Umgebung befindet. Hier nimmt man sich Zeit f\u00fcr sich selbst und genie\u00dft einfache Momente in Gesellschaft seiner Lieben. Verbringen Sie ein paar erholsame Tage in diesem <strong>kleiner Campingplatz mit Pool in der N\u00e4he von Challans.<\/strong><\/p>\n\n\n\n<div style=\"height:40px\" aria-hidden=\"true\" class=\"wp-block-spacer\"><\/div>\n\n\n\n<div class=\"wp-block-media-text has-media-on-the-right is-stacked-on-mobile is-image-fill\" style=\"grid-template-columns:auto 40%\"><div class=\"wp-block-media-text__content\">\n<h2 class=\"wp-block-heading has-text-align-left\">Entdecken Sie unseren Campingplatz mit Schwimmbad in der N\u00e4he von Challans<\/h2>\n\n\n\n<p>Sie haben das Gl\u00fcck, ganz in der N\u00e4he der Str\u00e4nde der Vend\u00e9e zu sein und gleichzeitig die Ruhe des kleinen Dorfes Mach\u00e9 zu genie\u00dfen. H\u00e4tten Sie sich f\u00fcr eine Unterkunft in Les Sables d'Olonne oder Saint Gilles Croix de Vie entschieden, m\u00fcssten Sie den Touristenstrom und die Konzerte bis in die fr\u00fchen Morgenstunden ertragen. In c<strong>amping le Val de Vie<\/strong>Das einzige Ger\u00e4usch, das Sie h\u00f6ren, ist das Zwitschern der V\u00f6gel. Was k\u00f6nnte angenehmer sein? Die Eigent\u00fcmer, \u00c9lodie und Nicolas, bereiten Ihnen einen sehr herzlichen Empfang. Wenn Sie ein paar Tage in Le Val de Vie verbracht haben, werden Sie keine Lust mehr haben, nach Hause zu gehen.<\/p>\n<\/div><figure class=\"wp-block-media-text__media\" style=\"background-image:url(https:\/\/www.campingvaldevie.fr\/wp-content\/uploads\/2023\/02\/piscine-couverte-et-chauffee-4.jpg);background-position:50% 50%\"><img loading=\"lazy\" decoding=\"async\" width=\"700\" height=\"525\" src=\"https:\/\/www.campingvaldevie.fr\/wp-content\/uploads\/2023\/02\/piscine-couverte-et-chauffee-4.jpg\" alt=\"standort mit idealer lage vend\u00e9e\" class=\"wp-image-20832 size-full\" srcset=\"https:\/\/www.campingvaldevie.fr\/wp-content\/uploads\/2023\/02\/piscine-couverte-et-chauffee-4.jpg 700w, https:\/\/www.campingvaldevie.fr\/wp-content\/uploads\/2023\/02\/piscine-couverte-et-chauffee-4-300x225.jpg 300w\" sizes=\"auto, (max-width: 700px) 100vw, 700px\" \/><\/figure><\/div>\n\n\n\n<div style=\"height:40px\" aria-hidden=\"true\" class=\"wp-block-spacer\"><\/div>\n\n\n\n<div class=\"wp-block-media-text is-stacked-on-mobile is-image-fill\" style=\"grid-template-columns:40% auto\"><figure class=\"wp-block-media-text__media\" style=\"background-image:url(https:\/\/www.campingvaldevie.fr\/wp-content\/uploads\/2021\/05\/piscine-location-mobil-home-avec-spa-proche-saint-gilles-croix-de-vie.jpg);background-position:50% 50%\"><img loading=\"lazy\" decoding=\"async\" width=\"700\" height=\"700\" src=\"https:\/\/www.campingvaldevie.fr\/wp-content\/uploads\/2021\/05\/piscine-location-mobil-home-avec-spa-proche-saint-gilles-croix-de-vie.jpg\" alt=\"Schwimmbad Vermietung Mobilheim mit Spa in der N\u00e4he von Saint Gilles Croix de Vie\" class=\"wp-image-8714 size-full\" srcset=\"https:\/\/www.campingvaldevie.fr\/wp-content\/uploads\/2021\/05\/piscine-location-mobil-home-avec-spa-proche-saint-gilles-croix-de-vie.jpg 700w, https:\/\/www.campingvaldevie.fr\/wp-content\/uploads\/2021\/05\/piscine-location-mobil-home-avec-spa-proche-saint-gilles-croix-de-vie-300x300.jpg 300w, https:\/\/www.campingvaldevie.fr\/wp-content\/uploads\/2021\/05\/piscine-location-mobil-home-avec-spa-proche-saint-gilles-croix-de-vie-150x150.jpg 150w\" sizes=\"auto, (max-width: 700px) 100vw, 700px\" \/><\/figure><div class=\"wp-block-media-text__content\">\n<h2 class=\"wp-block-heading has-text-align-left\">Ein beheiztes Hallenbad zur Freude aller<\/h2>\n\n\n\n<p>In diesem<strong> kleiner Campingplatz in der N\u00e4he von Challans<\/strong>gibt es alles, was man braucht, um sich zu am\u00fcsieren. Die <a href=\"https:\/\/www.campingvaldevie.fr\/de\/der-pool\/\"><strong>Pool<\/strong><\/a> wird der Lieblingsort der Kleinsten, aber auch der Erwachsenen sein. Wie sch\u00f6n ist es, bei 29 \u00b0C im k\u00fchlen Wasser zu baden! Ein Wochenende oder mehrere Wochen lang k\u00f6nnen Sie hier mit Ihren Lieben eine gute Zeit verbringen. Sie werden es zu sch\u00e4tzen wissen, wenn Sie sich alle zusammen auf einen Drink im <a href=\"\/de\/\">Campingplatz Val de Vie<\/a>. An nichts mehr denken und den Augenblick genie\u00dfen - das ist wahres Gl\u00fcck!<\/p>\n\n\n\n<p>Um Ruhe und Gelassenheit zu finden, buchen Sie ein paar Tage Entspannung in diesem <strong>kleiner Campingplatz mit Pool in der N\u00e4he von Challans<\/strong>. Ihre ganze kleine Familie wird es lieben. Nutzen Sie Ihren Aufenthalt, um die Region zu erkunden und auf den Radwegen, die Ihnen in <a href=\"\/de\/tourismus-vendee\/tourismus-challans\/\">Challans<\/a>. Rufen Sie unter 02 51 93 19 69 an.<\/p>\n\n\n\n<p>Entdecken Sie auch :<\/p>\n\n\n\n<ul class=\"wp-block-list\">\n<li><a href=\"\/de\/4-sterne-campingplatz-in-der-nahe-von-challans\/vermietung-mobilheim-challans\/\">die Vermietung von Mobilheimen in der N\u00e4he von Challans<\/a><\/li>\n\n\n\n<li><a href=\"\/de\/4-sterne-campingplatz-in-der-nahe-von-challans\/camping-last-minute-challans\/\">Last-Minute-Angebote in der N\u00e4he von Challans<\/a><\/li>\n\n\n\n<li><a href=\"\/de\/4-sterne-campingplatz-in-der-nahe-von-challans\/camping-fischerei-challans\/\">camping angeln in der N\u00e4he von Challans<\/a><\/li>\n\n\n\n<li><a href=\"\/de\/4-sterne-campingplatz-in-der-nahe-von-challans\/camping-calme-et-nature-challans\/\">ruhiger und naturnaher Campingplatz in der N\u00e4he von Challans<\/a><\/li>\n\n\n\n<li><a href=\"\/de\/4-sterne-campingplatz-in-der-nahe-von-challans\/camping-mit-stellplatz-challans\/\">campingpl\u00e4tze in der N\u00e4he von Challans<\/a><\/li>\n<\/ul>\n<\/div><\/div>","protected":false},"excerpt":{"rendered":"<p>Le calme et la s\u00e9r\u00e9nit\u00e9 dans un seul et m\u00eame \u00e9tablissement ? Le Val de Vie est un camping 4 \u00e9toiles pr\u00e8s de Challans situ\u00e9 dans un cadre naturel et pr\u00e9serv\u00e9. Ici on prend du temps pour soi et on profite des moments simples en compagnie de ses proches. Venez passer quelques jours reposant dans [&hellip;]<\/p>\n","protected":false},"author":4,"featured_media":0,"parent":22290,"menu_order":0,"comment_status":"closed","ping_status":"closed","template":"","meta":{"_seopress_robots_primary_cat":"","_seopress_titles_title":"Camping avec piscine pr\u00e8s de Challans en Vend\u00e9e (85)","_seopress_titles_desc":"D\u00e9couvrez la Vend\u00e9e en louant un mobil home dans ce petit camping avec piscine situ\u00e9 pr\u00e8s de Challans. Un site naturel et arbor\u00e9 pour des vacances r\u00e9ussies","_seopress_robots_index":"","footnotes":""},"class_list":["post-22297","page","type-page","status-publish","hentry"],"_links":{"self":[{"href":"https:\/\/www.campingvaldevie.fr\/de\/wp-json\/wp\/v2\/pages\/22297","targetHints":{"allow":["GET"]}}],"collection":[{"href":"https:\/\/www.campingvaldevie.fr\/de\/wp-json\/wp\/v2\/pages"}],"about":[{"href":"https:\/\/www.campingvaldevie.fr\/de\/wp-json\/wp\/v2\/types\/page"}],"author":[{"embeddable":true,"href":"https:\/\/www.campingvaldevie.fr\/de\/wp-json\/wp\/v2\/users\/4"}],"replies":[{"embeddable":true,"href":"https:\/\/www.campingvaldevie.fr\/de\/wp-json\/wp\/v2\/comments?post=22297"}],"version-history":[{"count":8,"href":"https:\/\/www.campingvaldevie.fr\/de\/wp-json\/wp\/v2\/pages\/22297\/revisions"}],"predecessor-version":[{"id":22465,"href":"https:\/\/www.campingvaldevie.fr\/de\/wp-json\/wp\/v2\/pages\/22297\/revisions\/22465"}],"up":[{"embeddable":true,"href":"https:\/\/www.campingvaldevie.fr\/de\/wp-json\/wp\/v2\/pages\/22290"}],"wp:attachment":[{"href":"https:\/\/www.campingvaldevie.fr\/de\/wp-json\/wp\/v2\/media?parent=22297"}],"curies":[{"name":"wp","href":"https:\/\/api.w.org\/{rel}","templated":true}]}}