{"id":22303,"date":"2023-11-02T16:30:22","date_gmt":"2023-11-02T15:30:22","guid":{"rendered":"https:\/\/www.campingvaldevie.fr\/?page_id=22303"},"modified":"2024-07-24T09:35:42","modified_gmt":"2024-07-24T07:35:42","slug":"vermietung-mobilheim-challans","status":"publish","type":"page","link":"https:\/\/www.campingvaldevie.fr\/de\/camping-4-etoiles-pres-de-challans\/location-mobil-home-challans\/","title":{"rendered":"Mobilheimvermietung Challans"},"content":{"rendered":"<p>Unsere Familie hat sich in eine kleine Stadt namens Challans verliebt, genauer gesagt in das <a href=\"\/de\/4-sterne-campingplatz-in-der-nahe-von-challans\/\">Campingplatz Le Val de Vie in der N\u00e4he von Challans<\/a>. Wir haben seit einigen Jahren auf diesem Campingplatz die sch\u00f6nsten Ferien in <strong>Vermietung von Mobilheimen<\/strong>. Die entspannte, famili\u00e4re und gesellige Atmosph\u00e4re des Campingplatzes hat uns sofort begeistert. Was wir sch\u00e4tzen, ist die N\u00e4he zu <a href=\"\/de\/tourismus-vendee\/tourismus-challans\/\"><strong>Challans<\/strong><\/a>In der Regel ist die <strong>Hallenbad<\/strong> und die Animationen vor Ort.<\/p>\n\n\n\n<div style=\"height:40px\" aria-hidden=\"true\" class=\"wp-block-spacer\"><\/div>\n\n\n\n<div class=\"wp-block-media-text has-media-on-the-right is-stacked-on-mobile is-image-fill\" style=\"grid-template-columns:auto 40%\"><div class=\"wp-block-media-text__content\">\n<h2 class=\"wp-block-heading has-text-align-left\">Ausstattung der Mobilheime Challans<\/h2>\n\n\n\n<p>Jedes Jahr erm\u00f6glichen uns die Einrichtungen des Campingplatzes, einen echten Urlaub auf dem Campingplatz zu genie\u00dfen. Teilen Sie Momente der Entspannung und des Spa\u00dfes mit der Familie in der <strong>Hallenbad<\/strong> und beheizten Pool des Campingplatzes. Sie k\u00f6nnen von verschiedenen Aktivit\u00e4ten\/Animationen auf dem Campingplatz oder in der Umgebung profitieren. Petanque-Wettbewerbe, Weinproben, Wassergymnastik, Tanzeinf\u00fchrungen und viele andere Aktivit\u00e4ten werden Ihnen angeboten. Kommen Sie in <strong>vermietung von mobilheimen in Challans<\/strong> um einen Ort der Entspannung f\u00fcr die ganze Familie zu entdecken. Au\u00dferdem k\u00f6nnen Kinder, die gerne Spa\u00df haben und aktiv sind, den Spielplatz, das Trampolin, die Riesenpower4 und den Tischkicker entdecken.<\/p>\n<\/div><figure class=\"wp-block-media-text__media\" style=\"background-image:url(https:\/\/www.campingvaldevie.fr\/wp-content\/uploads\/2021\/04\/location-mobil-home-piscine-couverte-challans.png);background-position:50% 50%\"><img loading=\"lazy\" decoding=\"async\" width=\"700\" height=\"394\" src=\"https:\/\/www.campingvaldevie.fr\/wp-content\/uploads\/2021\/04\/location-mobil-home-piscine-couverte-challans.png\" alt=\"Vermietung Mobilheim Hallenbad Challans\" class=\"wp-image-8614 size-full\" srcset=\"https:\/\/www.campingvaldevie.fr\/wp-content\/uploads\/2021\/04\/location-mobil-home-piscine-couverte-challans.png 700w, https:\/\/www.campingvaldevie.fr\/wp-content\/uploads\/2021\/04\/location-mobil-home-piscine-couverte-challans-300x169.png 300w\" sizes=\"auto, (max-width: 700px) 100vw, 700px\" \/><\/figure><\/div>\n\n\n\n<div style=\"height:40px\" aria-hidden=\"true\" class=\"wp-block-spacer\"><\/div>\n\n\n\n<div class=\"wp-block-media-text is-stacked-on-mobile is-image-fill\" style=\"grid-template-columns:40% auto\"><figure class=\"wp-block-media-text__media\" style=\"background-image:url(https:\/\/www.campingvaldevie.fr\/wp-content\/uploads\/2022\/12\/lac-apremont-1024x683.jpg);background-position:50% 50%\"><img loading=\"lazy\" decoding=\"async\" width=\"1024\" height=\"683\" src=\"https:\/\/www.campingvaldevie.fr\/wp-content\/uploads\/2022\/12\/lac-apremont-1024x683.jpg\" alt=\"See von Apremont\" class=\"wp-image-20331 size-full\" srcset=\"https:\/\/www.campingvaldevie.fr\/wp-content\/uploads\/2022\/12\/lac-apremont-1024x683.jpg 1024w, https:\/\/www.campingvaldevie.fr\/wp-content\/uploads\/2022\/12\/lac-apremont-300x200.jpg 300w, https:\/\/www.campingvaldevie.fr\/wp-content\/uploads\/2022\/12\/lac-apremont-768x512.jpg 768w, https:\/\/www.campingvaldevie.fr\/wp-content\/uploads\/2022\/12\/lac-apremont.jpg 1200w\" sizes=\"auto, (max-width: 1024px) 100vw, 1024px\" \/><\/figure><div class=\"wp-block-media-text__content\">\n<h2 class=\"wp-block-heading has-text-align-left\">In der N\u00e4he von Challans<\/h2>\n\n\n\n<p>Die <a href=\"\/de\/\">Campingplatz Val de Vie<\/a> gef\u00e4llt uns auch wegen seiner idealen N\u00e4he zur Umgebung. In der N\u00e4he des Campingplatzes finden Sie den See von Apremont, sein Schloss und seine Freizeitanlage. Auf dem See, der nur 2 Minuten zu Fu\u00df vom Campingplatz entfernt ist, k\u00f6nnen Sie die Natur bei sch\u00f6nen Spazierg\u00e4ngen und leckeren Picknicks genie\u00dfen. Gehen Sie zum Freizeitzentrum, um Kanu zu fahren oder einfach nur zu baden und den feinen Sand zu genie\u00dfen. Besuchen Sie schlie\u00dflich das Schloss von Apremont und seine Umgebung, um der Geschichte ganz nahe zu kommen. F\u00fcr Fahrradliebhaber gibt es in der N\u00e4he des Campingplatzes zahlreiche Radwege, die Sie zu diesen Zielen f\u00fchren.<\/p>\n<\/div><\/div>\n\n\n\n<div style=\"height:40px\" aria-hidden=\"true\" class=\"wp-block-spacer\"><\/div>\n\n\n\n<p>Machen Sie es also wie wir und packen Sie Ihre Koffer f\u00fcr einen Urlaub in <strong>Vermietung von Mobilheimen<\/strong> mit <strong>Hallenbad in Challans<\/strong>. F\u00fcr weitere Informationen oder eine Reservierung kontaktieren Sie uns unter 02 51 93 19 69.<\/p>\n\n\n\n<p>Entdecken Sie auch :<\/p>\n\n\n\n<ul class=\"wp-block-list\">\n<li><a href=\"\/de\/4-sterne-campingplatz-in-der-nahe-von-challans\/vermietung-mobilheim-challans\/\">die Vermietung von Mobilheimen in der N\u00e4he von Challans<\/a><\/li>\n\n\n\n<li><a href=\"\/de\/4-sterne-campingplatz-in-der-nahe-von-challans\/camping-last-minute-challans\/\">Last-Minute-Angebote in der N\u00e4he von Challans<\/a><\/li>\n\n\n\n<li><a href=\"\/de\/4-sterne-campingplatz-in-der-nahe-von-challans\/camping-fischerei-challans\/\">camping angeln in der N\u00e4he von Challans<\/a><\/li>\n\n\n\n<li><a href=\"\/de\/4-sterne-campingplatz-in-der-nahe-von-challans\/camping-calme-et-nature-challans\/\">ruhiger und naturnaher Campingplatz in der N\u00e4he von Challans<\/a><\/li>\n\n\n\n<li><a href=\"\/de\/4-sterne-campingplatz-in-der-nahe-von-challans\/camping-mit-stellplatz-challans\/\">campingpl\u00e4tze in der N\u00e4he von Challans<\/a><\/li>\n\n\n\n<li><a href=\"\/de\/4-sterne-campingplatz-in-der-nahe-von-challans\/kleiner-campingplatz-mit-schwimmbad-challans\/\">Schwimmbad auf dem Campingplatz in der N\u00e4he von Challans<\/a><\/li>\n<\/ul>","protected":false},"excerpt":{"rendered":"<p>Notre famille est tomb\u00e9e amoureuse d\u2019une petite ville nomm\u00e9e Challans et plus pr\u00e9cis\u00e9ment du camping Le Val de Vie \u00e0 proximit\u00e9 de Challans. Nous avons depuis quelques ann\u00e9es, dans ce camping, pass\u00e9 les plus belles vacances en location de mobil home. L\u2019ambiance d\u00e9tendue, familiale et conviviale du camping nous a imm\u00e9diatement s\u00e9duite. Ce que nous [&hellip;]<\/p>\n","protected":false},"author":4,"featured_media":0,"parent":22290,"menu_order":0,"comment_status":"closed","ping_status":"closed","template":"","meta":{"_seopress_robots_primary_cat":"","_seopress_titles_title":"Location mobil home pr\u00e8s de Challans - Camping 4 \u00e9toiles en Vend\u00e9e","_seopress_titles_desc":"Alors faites comme nous, pr\u00e9parez vos valises pour des vacances en location de mobil home avec piscine couverte \u00e0 Challans.","_seopress_robots_index":"","footnotes":""},"class_list":["post-22303","page","type-page","status-publish","hentry"],"_links":{"self":[{"href":"https:\/\/www.campingvaldevie.fr\/de\/wp-json\/wp\/v2\/pages\/22303","targetHints":{"allow":["GET"]}}],"collection":[{"href":"https:\/\/www.campingvaldevie.fr\/de\/wp-json\/wp\/v2\/pages"}],"about":[{"href":"https:\/\/www.campingvaldevie.fr\/de\/wp-json\/wp\/v2\/types\/page"}],"author":[{"embeddable":true,"href":"https:\/\/www.campingvaldevie.fr\/de\/wp-json\/wp\/v2\/users\/4"}],"replies":[{"embeddable":true,"href":"https:\/\/www.campingvaldevie.fr\/de\/wp-json\/wp\/v2\/comments?post=22303"}],"version-history":[{"count":9,"href":"https:\/\/www.campingvaldevie.fr\/de\/wp-json\/wp\/v2\/pages\/22303\/revisions"}],"predecessor-version":[{"id":25736,"href":"https:\/\/www.campingvaldevie.fr\/de\/wp-json\/wp\/v2\/pages\/22303\/revisions\/25736"}],"up":[{"embeddable":true,"href":"https:\/\/www.campingvaldevie.fr\/de\/wp-json\/wp\/v2\/pages\/22290"}],"wp:attachment":[{"href":"https:\/\/www.campingvaldevie.fr\/de\/wp-json\/wp\/v2\/media?parent=22303"}],"curies":[{"name":"wp","href":"https:\/\/api.w.org\/{rel}","templated":true}]}}