{"id":22314,"date":"2023-11-02T16:39:44","date_gmt":"2023-11-02T15:39:44","guid":{"rendered":"https:\/\/www.campingvaldevie.fr\/?page_id=22314"},"modified":"2023-11-03T11:00:45","modified_gmt":"2023-11-03T10:00:45","slug":"bester-preis-campingplatz-in-der-nahe-von-challans","status":"publish","type":"page","link":"https:\/\/www.campingvaldevie.fr\/de\/camping-4-etoiles-pres-de-challans\/meilleur-prix-camping-proche-challans\/","title":{"rendered":"Bester Preis Campingplatz in der N\u00e4he von Challans"},"content":{"rendered":"<p>Einige von Ihnen verbinden den Urlaub mit folgenden Begriffen: Strand und Faulenzen, Aperitif und Sonnenbaden. Andere wiederum m\u00f6chten, dass jeder Tag anders ist und viele \u00dcberraschungen mit sich bringt. F\u00fcr sie ist es unm\u00f6glich, den Urlaub in ritualisierter Form zu erleben. Wenn Sie sich in dieser kurzen Beschreibung wiederfinden, sollten Sie Ihren Urlaub nicht in einem Camping Club an der K\u00fcste buchen. Sie werden dort ungl\u00fccklich sein. Sie k\u00f6nnen sich jedoch f\u00fcr den <strong><a href=\"\/de\/4-sterne-campingplatz-in-der-nahe-von-challans\/\">Campingplatz in der N\u00e4he von Challans<\/a> <\/strong>der die<strong> besten Preise.<\/strong><\/p>\n\n\n\n<div style=\"height:40px\" aria-hidden=\"true\" class=\"wp-block-spacer\"><\/div>\n\n\n\n<div class=\"wp-block-media-text has-media-on-the-right is-stacked-on-mobile is-image-fill\" style=\"grid-template-columns:auto 40%\"><div class=\"wp-block-media-text__content\">\n<p>Sie werden an einem strategischen Ort platziert, um <a href=\"\/de\/tourismus-vendee\/\"><strong>das Gebiet der Vend\u00e9e entdecken<\/strong><\/a> ohne sich ausschlie\u00dflich auf die Str\u00e4nde zu konzentrieren, f\u00fcr die sie ber\u00fchmt ist.<br>Sie erreichen den Park Puy du Fou in einer Stunde; das ist ein absolutes Muss. Dieser Park wurde mit zahlreichen Preisen ausgezeichnet und man muss zugeben, dass die angebotenen Shows grandios sind. Und was soll man \u00fcber die Cinesc\u00e9nie sagen, die Ihnen eine Zeitreise in die Vergangenheit erm\u00f6glicht und Ihnen die Geschichte der Vend\u00e9e n\u00e4her bringt?<br>Wenn Sie die Natur lieben, bietet sich ein Ausflug in die Marais Poitevin an. Hier k\u00f6nnen Sie eine erstaunliche Flora und Fauna entdecken. Wir empfehlen Ihnen, eine kleine Bootsfahrt zu unternehmen, um diesen bukolischen Ort, den man das Gr\u00fcne Venedig nennt, zu entdecken.<\/p>\n<\/div><figure class=\"wp-block-media-text__media\" style=\"background-image:url(https:\/\/www.campingvaldevie.fr\/wp-content\/uploads\/2022\/09\/location-meilleur-petit-camping-proche-challans.jpg);background-position:50% 50%\"><img loading=\"lazy\" decoding=\"async\" width=\"700\" height=\"525\" src=\"https:\/\/www.campingvaldevie.fr\/wp-content\/uploads\/2022\/09\/location-meilleur-petit-camping-proche-challans.jpg\" alt=\"Vermietung Bester kleiner Campingplatz in der N\u00e4he von Challans\" class=\"wp-image-18871 size-full\" srcset=\"https:\/\/www.campingvaldevie.fr\/wp-content\/uploads\/2022\/09\/location-meilleur-petit-camping-proche-challans.jpg 700w, https:\/\/www.campingvaldevie.fr\/wp-content\/uploads\/2022\/09\/location-meilleur-petit-camping-proche-challans-300x225.jpg 300w\" sizes=\"auto, (max-width: 700px) 100vw, 700px\" \/><\/figure><\/div>\n\n\n\n<div style=\"height:40px\" aria-hidden=\"true\" class=\"wp-block-spacer\"><\/div>\n\n\n\n<div class=\"wp-block-media-text is-stacked-on-mobile is-image-fill\" style=\"grid-template-columns:40% auto\"><figure class=\"wp-block-media-text__media\" style=\"background-image:url(https:\/\/www.campingvaldevie.fr\/wp-content\/uploads\/2022\/09\/vacances-meilleur-petit-camping-proche-challans.jpg);background-position:50% 50%\"><img loading=\"lazy\" decoding=\"async\" width=\"700\" height=\"466\" src=\"https:\/\/www.campingvaldevie.fr\/wp-content\/uploads\/2022\/09\/vacances-meilleur-petit-camping-proche-challans.jpg\" alt=\"Urlaub Bester kleiner Campingplatz in der N\u00e4he von Challans\" class=\"wp-image-18875 size-full\" srcset=\"https:\/\/www.campingvaldevie.fr\/wp-content\/uploads\/2022\/09\/vacances-meilleur-petit-camping-proche-challans.jpg 700w, https:\/\/www.campingvaldevie.fr\/wp-content\/uploads\/2022\/09\/vacances-meilleur-petit-camping-proche-challans-300x200.jpg 300w\" sizes=\"auto, (max-width: 700px) 100vw, 700px\" \/><\/figure><div class=\"wp-block-media-text__content\">\n<p>Wenn Sie von einem Tag zur\u00fcckkehren, der so sch\u00f6n war, wie er auch anstrengend sein kann, werden Sie es genie\u00dfen, wieder den <a href=\"\/de\/\">Campingplatz Val de Vie in Mach\u00e9<\/a>. Neben dem Angebot der <strong>beste Preise Campingpl\u00e4tze in der N\u00e4he von Challans<\/strong>Hier finden Sie eine erholsame Umgebung. Diese <strong>g\u00fcnstiger Campingplatz in der N\u00e4he von Challans<\/strong> verf\u00fcgt \u00fcber makellose Unterk\u00fcnfte und stellt Ihnen ein beheiztes Schwimmbad zur Verf\u00fcgung. Das Hotel liegt 20 Minuten von den Str\u00e4nden entfernt, sodass Sie die K\u00fcste der Vend\u00e9e leicht erkunden und Les Sables d'Olonne oder den Hafen von Saint Gilles Croix de Vie besuchen k\u00f6nnen. F\u00fcr einen perfekten Urlaub empfehlen wir Ihnen, einen Tag zu buchen, um mit dem Boot zur Ile d'Yeu zu segeln. Sie werden diese Insel mit dem Fahrrad umrunden und ich kann Ihnen versichern, dass Sie sich Ihr ganzes Leben lang daran erinnern werden.<\/p>\n<\/div><\/div>\n\n\n\n<div style=\"height:40px\" aria-hidden=\"true\" class=\"wp-block-spacer\"><\/div>\n\n\n\n<div class=\"wp-block-media-text has-media-on-the-right is-stacked-on-mobile is-image-fill\" style=\"grid-template-columns:auto 40%\"><div class=\"wp-block-media-text__content\">\n<p>Mehr zu diesem <strong>Campingplatz in der N\u00e4he von Challans<\/strong> der sich r\u00fchmen kann, die <strong>besten Preise,<\/strong> besuchen Sie ab sofort ihre Website. Sie k\u00f6nnen sie auch telefonisch unter 02 51 93 19 69 erreichen.<\/p>\n\n\n\n<div class=\"wp-block-buttons is-content-justification-center is-layout-flex wp-container-core-buttons-is-layout-16018d1d wp-block-buttons-is-layout-flex\">\n<div class=\"wp-block-button\"><a class=\"wp-block-button__link wp-element-button\" href=\"\/de\/tourismus-vendee\/tourismus-challans\/\">Challans besuchen<\/a><\/div>\n<\/div>\n\n\n\n<p>Entdecken Sie auch :<\/p>\n\n\n\n<ul class=\"wp-block-list\">\n<li><a href=\"\/de\/4-sterne-campingplatz-in-der-nahe-von-challans\/vermietung-mobilheim-challans\/\">die Vermietung von Mobilheimen in der N\u00e4he von Challans<\/a><\/li>\n\n\n\n<li><a href=\"\/de\/4-sterne-campingplatz-in-der-nahe-von-challans\/camping-last-minute-challans\/\">Last-Minute-Angebote in der N\u00e4he von Challans<\/a><\/li>\n\n\n\n<li><a href=\"\/de\/4-sterne-campingplatz-in-der-nahe-von-challans\/camping-fischerei-challans\/\">camping angeln in der N\u00e4he von Challans<\/a><\/li>\n\n\n\n<li><a href=\"\/de\/4-sterne-campingplatz-in-der-nahe-von-challans\/camping-calme-et-nature-challans\/\">ruhiger und naturnaher Campingplatz in der N\u00e4he von Challans<\/a><\/li>\n\n\n\n<li><a href=\"\/de\/4-sterne-campingplatz-in-der-nahe-von-challans\/camping-mit-stellplatz-challans\/\">campingpl\u00e4tze in der N\u00e4he von Challans<\/a><\/li>\n\n\n\n<li><a href=\"\/de\/4-sterne-campingplatz-in-der-nahe-von-challans\/kleiner-campingplatz-mit-schwimmbad-challans\/\">das Schwimmbad auf dem Campingplatz in der N\u00e4he von Challans<\/a><\/li>\n<\/ul>\n<\/div><figure class=\"wp-block-media-text__media\" style=\"background-image:url(https:\/\/www.campingvaldevie.fr\/wp-content\/uploads\/2022\/09\/meilleur-petit-camping-proche-challans.jpg);background-position:50% 50%\"><img loading=\"lazy\" decoding=\"async\" width=\"700\" height=\"526\" src=\"https:\/\/www.campingvaldevie.fr\/wp-content\/uploads\/2022\/09\/meilleur-petit-camping-proche-challans.jpg\" alt=\"Bester kleiner Campingplatz in der N\u00e4he von Challans\" class=\"wp-image-18863 size-full\" srcset=\"https:\/\/www.campingvaldevie.fr\/wp-content\/uploads\/2022\/09\/meilleur-petit-camping-proche-challans.jpg 700w, https:\/\/www.campingvaldevie.fr\/wp-content\/uploads\/2022\/09\/meilleur-petit-camping-proche-challans-300x225.jpg 300w\" sizes=\"auto, (max-width: 700px) 100vw, 700px\" \/><\/figure><\/div>","protected":false},"excerpt":{"rendered":"<p>Si certains d\u2019entre vous associent les vacances aux termes suivants\u00a0: plage et farniente, ap\u00e9ro et bronzage. D\u2019autres au contraire souhaitent que chaque jour soit diff\u00e9rent, qu\u2019il apporte son lot de surprises. Impossible pour eux de vivre les vacances de fa\u00e7on ritualis\u00e9e. Si vous vous retrouvez dans cette courte description, inutile de r\u00e9server votre s\u00e9jour dans [&hellip;]<\/p>\n","protected":false},"author":4,"featured_media":0,"parent":22290,"menu_order":0,"comment_status":"closed","ping_status":"closed","template":"","meta":{"_seopress_robots_primary_cat":"","_seopress_titles_title":"Camping pas cher proche Challans - Location au meilleur prix","_seopress_titles_desc":"Vous souhaitez en savoir plus sur ce camping proche de Challans qui affiche les meilleurs prix, rendez-vous d\u00e8s maintenant sur leur site Internet","_seopress_robots_index":"","footnotes":""},"class_list":["post-22314","page","type-page","status-publish","hentry"],"_links":{"self":[{"href":"https:\/\/www.campingvaldevie.fr\/de\/wp-json\/wp\/v2\/pages\/22314","targetHints":{"allow":["GET"]}}],"collection":[{"href":"https:\/\/www.campingvaldevie.fr\/de\/wp-json\/wp\/v2\/pages"}],"about":[{"href":"https:\/\/www.campingvaldevie.fr\/de\/wp-json\/wp\/v2\/types\/page"}],"author":[{"embeddable":true,"href":"https:\/\/www.campingvaldevie.fr\/de\/wp-json\/wp\/v2\/users\/4"}],"replies":[{"embeddable":true,"href":"https:\/\/www.campingvaldevie.fr\/de\/wp-json\/wp\/v2\/comments?post=22314"}],"version-history":[{"count":9,"href":"https:\/\/www.campingvaldevie.fr\/de\/wp-json\/wp\/v2\/pages\/22314\/revisions"}],"predecessor-version":[{"id":22480,"href":"https:\/\/www.campingvaldevie.fr\/de\/wp-json\/wp\/v2\/pages\/22314\/revisions\/22480"}],"up":[{"embeddable":true,"href":"https:\/\/www.campingvaldevie.fr\/de\/wp-json\/wp\/v2\/pages\/22290"}],"wp:attachment":[{"href":"https:\/\/www.campingvaldevie.fr\/de\/wp-json\/wp\/v2\/media?parent=22314"}],"curies":[{"name":"wp","href":"https:\/\/api.w.org\/{rel}","templated":true}]}}