{"id":22324,"date":"2023-11-02T16:58:13","date_gmt":"2023-11-02T15:58:13","guid":{"rendered":"https:\/\/www.campingvaldevie.fr\/?page_id=22324"},"modified":"2023-11-03T10:53:04","modified_gmt":"2023-11-03T09:53:04","slug":"camping-calme-et-nature-challans","status":"publish","type":"page","link":"https:\/\/www.campingvaldevie.fr\/de\/camping-4-etoiles-pres-de-challans\/camping-calme-et-nature-challans\/","title":{"rendered":"Campingplatz Ruhe und Natur Challans"},"content":{"rendered":"<p>Lassen Sie sich von Ihrem Instinkt leiten und buchen Sie Ihren n\u00e4chsten Urlaub auf einem Campingplatz, der zu Ihnen passt. Sie suchen den <strong>Ruhe<\/strong> im Herzen der <strong>Natur?<\/strong> Dann ist der <a href=\"\/de\/4-sterne-campingplatz-in-der-nahe-von-challans\/\"><strong>camping le Val de Vie in der N\u00e4he von Challans<\/strong><\/a> verspricht Ihnen einen unvergesslichen Urlaub. Die Besitzer dieser Unterkunft werden alles daf\u00fcr tun, dass Sie sich hier wie zu Hause f\u00fchlen.<\/p>\n\n\n\n<div style=\"height:40px\" aria-hidden=\"true\" class=\"wp-block-spacer\"><\/div>\n\n\n\n<div class=\"wp-block-media-text has-media-on-the-right is-stacked-on-mobile is-image-fill\" style=\"grid-template-columns:auto 40%\"><div class=\"wp-block-media-text__content\">\n<p>Der Vorteil des <a href=\"\/de\/\">camping le Val de Vie<\/a>Sie werden sich nicht im Herzen eines \u00fcberf\u00fcllten Badeortes wiederfinden. Sie befinden sich etwas abseits der K\u00fcste und k\u00f6nnen die Ruhe genie\u00dfen. Aber auch den Gesang der V\u00f6gel und die zahlreichen Wanderwege. Ein Urlaub fernab von allem, inmitten einer unber\u00fchrten Natur. Um mehr \u00fcber die vielen Dinge zu erfahren, die es in der Umgebung der Einrichtung zu entdecken gibt, k\u00f6nnen Sie sich auf deren Website informieren. Alles ist perfekt detailliert und wird Ihnen Lust machen, dieses wundersch\u00f6ne Departement zu besuchen.<\/p>\n\n\n\n<p>Neben den vielen Dingen, die man in der Umgebung unternehmen kann, gibt es auch in diesem Zentrum einiges zu tun.<strong>amping Ruhe und Natur in Challans<\/strong>. Die mit B\u00e4umen und Blumen bepflanzten Alleen machen Ihre Spazierg\u00e4nge zum beheizten Swimmingpool noch angenehmer. Der Pool wurde vor kurzem von den Eigent\u00fcmern \u00fcberdacht. So genie\u00dfen Sie noch mehr Komfort beim Schwimmen. Rundherum finden Sie Liegest\u00fchle, damit Sie die Sonne so gut wie m\u00f6glich genie\u00dfen k\u00f6nnen. Tags\u00fcber k\u00f6nnen Sie von der Snackbar, der Bar, dem Spielplatz und den zahlreichen Animationen, die die Teams f\u00fcr Sie vorbereiten, profitieren. Ja, zwischen den Aktivit\u00e4ten auf dem Campingplatz und allem, was die Vend\u00e9e an \u00dcberraschungen f\u00fcr Sie bereith\u00e4lt, werden Sie sich nicht eine Minute langweilen!<\/p>\n<\/div><figure class=\"wp-block-media-text__media\" style=\"background-image:url(https:\/\/www.campingvaldevie.fr\/wp-content\/uploads\/2020\/07\/camping-calme-et-nature-challans.jpg);background-position:50% 49%\"><img loading=\"lazy\" decoding=\"async\" width=\"700\" height=\"525\" src=\"https:\/\/www.campingvaldevie.fr\/wp-content\/uploads\/2020\/07\/camping-calme-et-nature-challans.jpg\" alt=\"Moment der Entspannung\" class=\"wp-image-6432 size-full\" srcset=\"https:\/\/www.campingvaldevie.fr\/wp-content\/uploads\/2020\/07\/camping-calme-et-nature-challans.jpg 700w, https:\/\/www.campingvaldevie.fr\/wp-content\/uploads\/2020\/07\/camping-calme-et-nature-challans-300x225.jpg 300w\" sizes=\"auto, (max-width: 700px) 100vw, 700px\" \/><\/figure><\/div>\n\n\n\n<div style=\"height:40px\" aria-hidden=\"true\" class=\"wp-block-spacer\"><\/div>\n\n\n\n<div class=\"wp-block-media-text is-stacked-on-mobile is-image-fill\" style=\"grid-template-columns:40% auto\"><figure class=\"wp-block-media-text__media\" style=\"background-image:url(https:\/\/www.campingvaldevie.fr\/wp-content\/uploads\/2020\/07\/location-camping-calme-et-nature-challans.jpg);background-position:50% 50%\"><img loading=\"lazy\" decoding=\"async\" width=\"700\" height=\"700\" src=\"https:\/\/www.campingvaldevie.fr\/wp-content\/uploads\/2020\/07\/location-camping-calme-et-nature-challans.jpg\" alt=\"Privates Spa\" class=\"wp-image-6434 size-full\" srcset=\"https:\/\/www.campingvaldevie.fr\/wp-content\/uploads\/2020\/07\/location-camping-calme-et-nature-challans.jpg 700w, https:\/\/www.campingvaldevie.fr\/wp-content\/uploads\/2020\/07\/location-camping-calme-et-nature-challans-300x300.jpg 300w, https:\/\/www.campingvaldevie.fr\/wp-content\/uploads\/2020\/07\/location-camping-calme-et-nature-challans-150x150.jpg 150w\" sizes=\"auto, (max-width: 700px) 100vw, 700px\" \/><\/figure><div class=\"wp-block-media-text__content\">\n<p>Worauf warten Sie also noch, um zu buchen? Die Teams warten nur auf Sie, um Ihren Urlaub in guter Laune und Geselligkeit zu verbringen. Rufen Sie unter 02 51 93 19 69 an und freuen Sie sich auf einen Urlaub in diesem <strong>ruhiger und naturnaher Campingplatz in Challans<\/strong>.<\/p>\n\n\n\n<div class=\"wp-block-buttons is-content-justification-center is-layout-flex wp-container-core-buttons-is-layout-16018d1d wp-block-buttons-is-layout-flex\">\n<div class=\"wp-block-button\"><a class=\"wp-block-button__link wp-element-button\" href=\"\/de\/tourismus-vendee\/tourismus-challans\/\">Challans besuchen<\/a><\/div>\n<\/div>\n\n\n\n<p>Entdecken Sie auch :<\/p>\n\n\n\n<ul class=\"wp-block-list\">\n<li><a href=\"\/de\/4-sterne-campingplatz-in-der-nahe-von-challans\/vermietung-mobilheim-challans\/\">die Vermietung von Mobilheimen in der N\u00e4he von Challans<\/a><\/li>\n\n\n\n<li><a href=\"\/de\/4-sterne-campingplatz-in-der-nahe-von-challans\/camping-last-minute-challans\/\">Last-Minute-Angebote in der N\u00e4he von Challans<\/a><\/li>\n\n\n\n<li><a href=\"\/de\/4-sterne-campingplatz-in-der-nahe-von-challans\/camping-fischerei-challans\/\">camping angeln in der N\u00e4he von Challans<\/a><\/li>\n\n\n\n<li><a href=\"\/de\/4-sterne-campingplatz-in-der-nahe-von-challans\/camping-calme-et-nature-challans\/\">ruhiger und naturnaher Campingplatz in der N\u00e4he von Challans<\/a><\/li>\n\n\n\n<li><a href=\"\/de\/4-sterne-campingplatz-in-der-nahe-von-challans\/camping-mit-stellplatz-challans\/\">campingpl\u00e4tze in der N\u00e4he von Challans<\/a><\/li>\n\n\n\n<li><a href=\"\/de\/4-sterne-campingplatz-in-der-nahe-von-challans\/kleiner-campingplatz-mit-schwimmbad-challans\/\">Schwimmbad auf dem Campingplatz in der N\u00e4he von Challans<\/a><\/li>\n<\/ul>\n<\/div><\/div>","protected":false},"excerpt":{"rendered":"<p>Laissez-vous guider par votre instinct et r\u00e9servez vos prochaines vacances dans un camping qui vous correspond. Vous recherchez le calme au coeur de la nature ? Alors le camping le Val de Vie pr\u00e8s de Challans vous promet des vacances inoubliables. Les propri\u00e9taires de cet \u00e9tablissement feront tout pour que vous vous sentiez ici comme [&hellip;]<\/p>\n","protected":false},"author":4,"featured_media":0,"parent":22290,"menu_order":0,"comment_status":"closed","ping_status":"closed","template":"","meta":{"_seopress_robots_primary_cat":"","_seopress_titles_title":"Camping calme et au coeur de la nature \u00e0 Challans","_seopress_titles_desc":"Si vous recherchez le calme au coeur de la nature, alors le camping le Val de Vie \u00e0 Challans vous promet des vacances inoubliables.","_seopress_robots_index":"","footnotes":""},"class_list":["post-22324","page","type-page","status-publish","hentry"],"_links":{"self":[{"href":"https:\/\/www.campingvaldevie.fr\/de\/wp-json\/wp\/v2\/pages\/22324","targetHints":{"allow":["GET"]}}],"collection":[{"href":"https:\/\/www.campingvaldevie.fr\/de\/wp-json\/wp\/v2\/pages"}],"about":[{"href":"https:\/\/www.campingvaldevie.fr\/de\/wp-json\/wp\/v2\/types\/page"}],"author":[{"embeddable":true,"href":"https:\/\/www.campingvaldevie.fr\/de\/wp-json\/wp\/v2\/users\/4"}],"replies":[{"embeddable":true,"href":"https:\/\/www.campingvaldevie.fr\/de\/wp-json\/wp\/v2\/comments?post=22324"}],"version-history":[{"count":8,"href":"https:\/\/www.campingvaldevie.fr\/de\/wp-json\/wp\/v2\/pages\/22324\/revisions"}],"predecessor-version":[{"id":22463,"href":"https:\/\/www.campingvaldevie.fr\/de\/wp-json\/wp\/v2\/pages\/22324\/revisions\/22463"}],"up":[{"embeddable":true,"href":"https:\/\/www.campingvaldevie.fr\/de\/wp-json\/wp\/v2\/pages\/22290"}],"wp:attachment":[{"href":"https:\/\/www.campingvaldevie.fr\/de\/wp-json\/wp\/v2\/media?parent=22324"}],"curies":[{"name":"wp","href":"https:\/\/api.w.org\/{rel}","templated":true}]}}