{"id":22329,"date":"2023-11-02T17:02:32","date_gmt":"2023-11-02T16:02:32","guid":{"rendered":"https:\/\/www.campingvaldevie.fr\/?page_id=22329"},"modified":"2023-11-03T10:52:28","modified_gmt":"2023-11-03T09:52:28","slug":"camping-fischerei-challans","status":"publish","type":"page","link":"https:\/\/www.campingvaldevie.fr\/de\/camping-4-etoiles-pres-de-challans\/camping-peche-challans\/","title":{"rendered":"Camping Angeln Challans"},"content":{"rendered":"<p>Ihr liebstes Hobby ist zweifellos das Angeln. Wie Sie w\u00e4hlen viele Familien eine Einrichtung mitten in der Natur, in der sie ihrer Lieblingsbesch\u00e4ftigung nachgehen k\u00f6nnen. <a href=\"\/de\/4-sterne-campingplatz-in-der-nahe-von-challans\/\"><strong>In der N\u00e4he von Challans, ein Campingplatz<\/strong><\/a> authentisch und famili\u00e4r erwartet Sie: das <a href=\"\/de\/\">Val de Vie<\/a>. Der perfekte Ort f\u00fcr <a href=\"\/de\/angeln-in-der-nahe-des-campingplatzes\/\"><strong>angeln<\/strong> <\/a>und um sich mit der Familie zu treffen.<\/p>\n\n\n\n<div style=\"height:40px\" aria-hidden=\"true\" class=\"wp-block-spacer\"><\/div>\n\n\n\n<div class=\"wp-block-media-text has-media-on-the-right is-stacked-on-mobile is-image-fill\" style=\"grid-template-columns:auto 40%\"><div class=\"wp-block-media-text__content\">\n<p>Im Val de Vie tun die Mitarbeiter alles, um Ihnen einen angenehmen Aufenthalt zu erm\u00f6glichen. Ihr Ziel ist es, dass es Ihnen an nichts fehlt und dass Sie sich so wohl wie zu Hause f\u00fchlen. Daf\u00fcr bieten sie Ihnen qualitativ hochwertige Unterk\u00fcnfte mit allem Komfort. Die Mobilheime sind ger\u00e4umig und verf\u00fcgen alle \u00fcber eine Terrasse, auf der Sie die Sonne so gut wie m\u00f6glich genie\u00dfen k\u00f6nnen. Es ist m\u00f6glich, dass Sie die gehobene Klasse anstreben. Auch hier haben die Eigent\u00fcmer genau das Richtige f\u00fcr Sie!<\/p>\n\n\n\n<p>Tats\u00e4chlich ist das Val de Vie zwar ein <strong>Campingplatz<\/strong> inmitten der Natur ideal f\u00fcr die Aus\u00fcbung von <strong>Angeln in der N\u00e4he von Challans,<\/strong> finden Sie luxuri\u00f6se Unterk\u00fcnfte. Brandneue Mobilheime mit eigenem Whirlpool und m\u00f6blierter Terrasse. 2 Schlafzimmer, 2 Badezimmer! Mehr braucht es nicht, um Ihre ganze kleine Familie zu begeistern. Nach einem leckeren Mittagessen auf Ihrer Terrasse k\u00f6nnen Sie endlich Ihrem Lieblingshobby nachgehen: dem Angeln. Ganz in der N\u00e4he befindet sich der See von Apremont. Ob Baden, Angeln oder Kanufahren, ein verr\u00fcckter Nachmittag inmitten des allgegenw\u00e4rtigen Gr\u00fcns erwartet Sie.<\/p>\n<\/div><figure class=\"wp-block-media-text__media\" style=\"background-image:url(https:\/\/www.campingvaldevie.fr\/wp-content\/uploads\/2022\/01\/lac_peche.jpg);background-position:50% 50%\"><img loading=\"lazy\" decoding=\"async\" width=\"800\" height=\"534\" src=\"https:\/\/www.campingvaldevie.fr\/wp-content\/uploads\/2022\/01\/lac_peche.jpg\" alt=\"camping im Herzen der Natur in der Vend\u00e9e\" class=\"wp-image-10338 size-full\" srcset=\"https:\/\/www.campingvaldevie.fr\/wp-content\/uploads\/2022\/01\/lac_peche.jpg 800w, https:\/\/www.campingvaldevie.fr\/wp-content\/uploads\/2022\/01\/lac_peche-300x200.jpg 300w, https:\/\/www.campingvaldevie.fr\/wp-content\/uploads\/2022\/01\/lac_peche-768x513.jpg 768w\" sizes=\"auto, (max-width: 800px) 100vw, 800px\" \/><\/figure><\/div>\n\n\n\n<div style=\"height:40px\" aria-hidden=\"true\" class=\"wp-block-spacer\"><\/div>\n\n\n\n<div class=\"wp-block-media-text is-stacked-on-mobile is-image-fill\" style=\"grid-template-columns:40% auto\"><figure class=\"wp-block-media-text__media\" style=\"background-image:url(https:\/\/www.campingvaldevie.fr\/wp-content\/uploads\/2020\/06\/randonnee-jeudi13mai-IMG_6091-1024x683.jpg);background-position:50% 50%\"><img loading=\"lazy\" decoding=\"async\" width=\"1024\" height=\"683\" src=\"https:\/\/www.campingvaldevie.fr\/wp-content\/uploads\/2020\/06\/randonnee-jeudi13mai-IMG_6091-1024x683.jpg\" alt=\"Wanderwege\" class=\"wp-image-6385 size-full\" srcset=\"https:\/\/www.campingvaldevie.fr\/wp-content\/uploads\/2020\/06\/randonnee-jeudi13mai-IMG_6091-1024x683.jpg 1024w, https:\/\/www.campingvaldevie.fr\/wp-content\/uploads\/2020\/06\/randonnee-jeudi13mai-IMG_6091-300x200.jpg 300w, https:\/\/www.campingvaldevie.fr\/wp-content\/uploads\/2020\/06\/randonnee-jeudi13mai-IMG_6091-768x512.jpg 768w, https:\/\/www.campingvaldevie.fr\/wp-content\/uploads\/2020\/06\/randonnee-jeudi13mai-IMG_6091.jpg 1200w\" sizes=\"auto, (max-width: 1024px) 100vw, 1024px\" \/><\/figure><div class=\"wp-block-media-text__content\">\n<p>F\u00fcr diejenigen, die das traditionelle Camping bevorzugen, bietet der Campingplatz auch sch\u00f6n gepflegte Stellpl\u00e4tze. Warten Sie nicht zu lange mit Ihrer Reservierung, wenn Sie sich sicher sind, dass Sie hier Ihren Urlaub verbringen m\u00f6chten. Sie erreichen die Teams dieses<strong> camping angeln in der N\u00e4he von Challans<\/strong> per Telefon unter 02 51 93 19 69.<\/p>\n\n\n\n<div class=\"wp-block-buttons is-content-justification-center is-layout-flex wp-container-core-buttons-is-layout-16018d1d wp-block-buttons-is-layout-flex\">\n<div class=\"wp-block-button\"><a class=\"wp-block-button__link wp-element-button\" href=\"\/de\/tourismus-vendee\/tourismus-challans\/\">Challans besuchen<\/a><\/div>\n<\/div>\n\n\n\n<p>Entdecken Sie auch :<\/p>\n\n\n\n<ul class=\"wp-block-list\">\n<li><a href=\"\/de\/4-sterne-campingplatz-in-der-nahe-von-challans\/vermietung-mobilheim-challans\/\">die Vermietung von Mobilheimen in der N\u00e4he von Challans<\/a><\/li>\n\n\n\n<li><a href=\"\/de\/4-sterne-campingplatz-in-der-nahe-von-challans\/camping-last-minute-challans\/\">Last-Minute-Angebote in der N\u00e4he von Challans<\/a><\/li>\n\n\n\n<li><a href=\"\/de\/4-sterne-campingplatz-in-der-nahe-von-challans\/camping-fischerei-challans\/\">camping angeln in der N\u00e4he von Challans<\/a><\/li>\n\n\n\n<li><a href=\"\/de\/4-sterne-campingplatz-in-der-nahe-von-challans\/camping-calme-et-nature-challans\/\">ruhiger und naturnaher Campingplatz in der N\u00e4he von Challans<\/a><\/li>\n\n\n\n<li><a href=\"\/de\/4-sterne-campingplatz-in-der-nahe-von-challans\/camping-mit-stellplatz-challans\/\">campingpl\u00e4tze in der N\u00e4he von Challans<\/a><\/li>\n\n\n\n<li><a href=\"\/de\/4-sterne-campingplatz-in-der-nahe-von-challans\/kleiner-campingplatz-mit-schwimmbad-challans\/\">Schwimmbad auf dem Campingplatz in der N\u00e4he von Challans<\/a><\/li>\n<\/ul>\n<\/div><\/div>","protected":false},"excerpt":{"rendered":"<p>Votre passe-temps favori c\u2019est incontestablement la p\u00eache. Comme vous, beaucoup de familles choisissent un \u00e9tablissement au c\u0153ur de la nature dans lequel elles pourront pratiquer leur activit\u00e9 favorite. Pr\u00e8s de Challans, un camping authentique et familial vous attend&nbsp;: le Val de Vie. L\u2019endroit id\u00e9al pour p\u00eacher et pour se retrouver en famille. Au Val de [&hellip;]<\/p>\n","protected":false},"author":4,"featured_media":0,"parent":22290,"menu_order":0,"comment_status":"closed","ping_status":"closed","template":"","meta":{"_seopress_robots_primary_cat":"","_seopress_titles_title":"Camping p\u00eache Challans en Vend\u00e9e","_seopress_titles_desc":"Vous pouvez joindre les \u00e9quipes de ce camping p\u00eache pr\u00e8s de Challans par t\u00e9l\u00e9phone au 02 51 93 19 69. A vous les vacances de r\u00eave !","_seopress_robots_index":"","footnotes":""},"class_list":["post-22329","page","type-page","status-publish","hentry"],"_links":{"self":[{"href":"https:\/\/www.campingvaldevie.fr\/de\/wp-json\/wp\/v2\/pages\/22329","targetHints":{"allow":["GET"]}}],"collection":[{"href":"https:\/\/www.campingvaldevie.fr\/de\/wp-json\/wp\/v2\/pages"}],"about":[{"href":"https:\/\/www.campingvaldevie.fr\/de\/wp-json\/wp\/v2\/types\/page"}],"author":[{"embeddable":true,"href":"https:\/\/www.campingvaldevie.fr\/de\/wp-json\/wp\/v2\/users\/4"}],"replies":[{"embeddable":true,"href":"https:\/\/www.campingvaldevie.fr\/de\/wp-json\/wp\/v2\/comments?post=22329"}],"version-history":[{"count":8,"href":"https:\/\/www.campingvaldevie.fr\/de\/wp-json\/wp\/v2\/pages\/22329\/revisions"}],"predecessor-version":[{"id":22461,"href":"https:\/\/www.campingvaldevie.fr\/de\/wp-json\/wp\/v2\/pages\/22329\/revisions\/22461"}],"up":[{"embeddable":true,"href":"https:\/\/www.campingvaldevie.fr\/de\/wp-json\/wp\/v2\/pages\/22290"}],"wp:attachment":[{"href":"https:\/\/www.campingvaldevie.fr\/de\/wp-json\/wp\/v2\/media?parent=22329"}],"curies":[{"name":"wp","href":"https:\/\/api.w.org\/{rel}","templated":true}]}}