{"id":22344,"date":"2023-11-03T09:24:38","date_gmt":"2023-11-03T08:24:38","guid":{"rendered":"https:\/\/www.campingvaldevie.fr\/?page_id=22344"},"modified":"2024-07-24T09:35:00","modified_gmt":"2024-07-24T07:35:00","slug":"campingplatz-mit-schwimmbad-bretignolles-sur-mer","status":"publish","type":"page","link":"https:\/\/www.campingvaldevie.fr\/de\/camping-bretignolles-sur-mer\/camping-avec-piscine-bretignolles-sur-mer\/","title":{"rendered":"Campingplatz mit Schwimmbad Br\u00e9tignolles sur Mer"},"content":{"rendered":"<div class=\"wp-block-media-text has-media-on-the-right is-stacked-on-mobile is-image-fill\" style=\"grid-template-columns:auto 40%\"><div class=\"wp-block-media-text__content\">\n<h2 class=\"wp-block-heading has-text-align-left\">Willkommen auf dem Campingplatz Val de Vie<\/h2>\n\n\n\n<p>Man kann Stunden oder sogar Tage damit verbringen, alles zu vergleichen. Es ist wahr, dass wir alle auf der Suche nach dem <strong>bester Preis<\/strong>. Aber am besten ist es, wenn man sich mit einem <strong>Campingplatz mit Schwimmbad in Br\u00e9tignolles sur Mer<\/strong>. Also ja, Sie k\u00f6nnen das Netz durchforsten und einige Zeit dort verbringen, oder Sie k\u00f6nnen mir vertrauen. Ich werde Ihnen eine wunderbare Adresse nennen, die Ihnen einen unvergesslichen Aufenthalt in einem <a href=\"\/de\/camping-bretignolles-sur-mer\/\">campingplatz in der N\u00e4he von Br\u00e9tignolles-sur-mer<\/a>.<\/p>\n<\/div><figure class=\"wp-block-media-text__media\" style=\"background-image:url(https:\/\/www.campingvaldevie.fr\/wp-content\/uploads\/2018\/04\/bretignollessme-1024x683.jpg);background-position:50% 50%\"><img loading=\"lazy\" decoding=\"async\" width=\"1024\" height=\"683\" src=\"https:\/\/www.campingvaldevie.fr\/wp-content\/uploads\/2018\/04\/bretignollessme-1024x683.jpg\" alt=\"strand von br\u00e9tignolles sur mer in der n\u00e4he des campingplatzes\" class=\"wp-image-2898 size-full\" srcset=\"https:\/\/www.campingvaldevie.fr\/wp-content\/uploads\/2018\/04\/bretignollessme-1024x683.jpg 1024w, https:\/\/www.campingvaldevie.fr\/wp-content\/uploads\/2018\/04\/bretignollessme-300x200.jpg 300w, https:\/\/www.campingvaldevie.fr\/wp-content\/uploads\/2018\/04\/bretignollessme-768x512.jpg 768w, https:\/\/www.campingvaldevie.fr\/wp-content\/uploads\/2018\/04\/bretignollessme.jpg 1200w\" sizes=\"auto, (max-width: 1024px) 100vw, 1024px\" \/><\/figure><\/div>\n\n\n\n<div style=\"height:40px\" aria-hidden=\"true\" class=\"wp-block-spacer\"><\/div>\n\n\n\n<div class=\"wp-block-media-text is-stacked-on-mobile is-image-fill\" style=\"grid-template-columns:40% auto\"><figure class=\"wp-block-media-text__media\" style=\"background-image:url(https:\/\/www.campingvaldevie.fr\/wp-content\/uploads\/2022\/10\/piscine-1-1024x280.png);background-position:50% 50%\"><img loading=\"lazy\" decoding=\"async\" width=\"1024\" height=\"280\" src=\"https:\/\/www.campingvaldevie.fr\/wp-content\/uploads\/2022\/10\/piscine-1-1024x280.png\" alt=\"campingplatz mit schwimmbad vend\u00e9e\" class=\"wp-image-19257 size-full\" srcset=\"https:\/\/www.campingvaldevie.fr\/wp-content\/uploads\/2022\/10\/piscine-1-1024x280.png 1024w, https:\/\/www.campingvaldevie.fr\/wp-content\/uploads\/2022\/10\/piscine-1-300x82.png 300w, https:\/\/www.campingvaldevie.fr\/wp-content\/uploads\/2022\/10\/piscine-1-768x210.png 768w, https:\/\/www.campingvaldevie.fr\/wp-content\/uploads\/2022\/10\/piscine-1.png 1050w\" sizes=\"auto, (max-width: 1024px) 100vw, 1024px\" \/><\/figure><div class=\"wp-block-media-text__content\">\n<h2 class=\"wp-block-heading has-text-align-left\">Ein beheiztes und \u00fcberdachtes Schwimmbad in der N\u00e4he von Br\u00e9tignolles sur mer<\/h2>\n\n\n\n<p>Die <a href=\"https:\/\/www.campingvaldevie.fr\/de\/\">Campingplatz Val de Vie<\/a> bietet die<strong> beste Preise<\/strong> zum Aufenthalt in seinem <strong>Campingplatz mit Schwimmbad in Br\u00e9tignolles sur Mer<\/strong>. Sie sind nur wenige Kilometer von den wundersch\u00f6nen <strong>Str\u00e4nde der Vend\u00e9e<\/strong> und seiner ber\u00fchmten K\u00fcste des Lichts. Aber dar\u00fcber hinaus werden Sie von einer au\u00dfergew\u00f6hnlichen Umgebung profitieren. Mit anderen Worten: Sie werden sich in einer Oase des Friedens befinden, in der N\u00e4he des <strong>Apremont-See<\/strong>. Momente der Entspannung werden hier reichlich vorhanden sein. Sie k\u00f6nnen angeln, mit dem Tretboot oder dem Elektroboot fahren. Und nicht zu vergessen die Freizeitparks oder die Minigolfanlage in der Umgebung.<\/p>\n<\/div><\/div>\n\n\n\n<div style=\"height:40px\" aria-hidden=\"true\" class=\"wp-block-spacer\"><\/div>\n\n\n\n<div class=\"wp-block-media-text has-media-on-the-right is-stacked-on-mobile is-image-fill\" style=\"grid-template-columns:auto 40%\"><div class=\"wp-block-media-text__content\">\n<h2 class=\"wp-block-heading has-text-align-left\">Ein ruhiger und famili\u00e4rer Campingplatz mit Schwimmbad<\/h2>\n\n\n\n<p>Wenn Sie sich f\u00fcr den Campingplatz Val de Vie entscheiden, setzen Sie auf den besten Preis. Einen fairen und angemessenen Preis, der zu Ihren W\u00fcnschen passt, sich nebenbei etwas Gutes zu g\u00f6nnen. Denn es ist klar, dass Sie nicht Ihren gesamten Aufenthalt in diesem <strong>Campingplatz mit Pool<\/strong>. Sie werden Lust haben zu entdecken <a href=\"https:\/\/www.campingvaldevie.fr\/de\/tourismus-vendee\/bretignolles-sur-mer\/\">Br\u00e9tignolles sur Mer<\/a> und seine Umgebung. Vertrauen Sie also Elodie und Nicolas, die Sie in ihrem kleinen St\u00fcck Paradies erwarten. Genie\u00dfen Sie eine entspannte, famili\u00e4re und gesellige Atmosph\u00e4re in der Vend\u00e9e.<\/p>\n\n\n\n<p>Entscheiden Sie sich f\u00fcr einen unvergesslichen Urlaub im <a href=\"\/de\/camping-bretignolles-sur-mer\/familiencamping\/\">Familiencampingplatz in der N\u00e4he von Br\u00e9tignolles-sur-mer<\/a> den Campingplatz Val de Vie. Zwischen den Einrichtungen, den Animationen und dem Komfort der Unterk\u00fcnfte werden Sie auf Ihre Kosten kommen. Diese 3-Sterne-Anlage wird Gro\u00df und Klein begeistern. Weitere Informationen finden Sie auf ihrer Internetseite oder unter 02 51 93 19 69. Zum Schluss bleibt Ihnen nur noch, diese Nummer zu w\u00e4hlen und sich die<strong> beste Preise<\/strong> ! Aber vor allem: Auf zu einem Traumurlaub in diesem <strong>Campingplatz mit Pool in der N\u00e4he von Br\u00e9tignolles sur Mer<\/strong>.<\/p>\n\n\n\n<p>Entdecken Sie auch :<\/p>\n\n\n\n<ul class=\"wp-block-list\">\n<li><a href=\"\/de\/camping-bretignolles-sur-mer\/unterkunft-in-der-nahe-von-bretignolles-sur-mer\/\">Vermietung von Mobilheimen und Stellpl\u00e4tzen in der N\u00e4he von Br\u00e9tignolles sur mer<\/a><\/li>\n\n\n\n<li><a href=\"https:\/\/www.campingvaldevie.fr\/de\/redaktionell\/guter-plan-camping-nahe-bretignolles-sur-mer\/\">g\u00fcnstiger Campingplatz in der N\u00e4he von Br\u00e9tignolles sur mer<\/a><\/li>\n<\/ul>\n<\/div><figure class=\"wp-block-media-text__media\" style=\"background-image:url(https:\/\/www.campingvaldevie.fr\/wp-content\/uploads\/2022\/11\/piscine-couverte-et-chauffee-4.jpg);background-position:79% 77%\"><img loading=\"lazy\" decoding=\"async\" width=\"1024\" height=\"768\" src=\"https:\/\/www.campingvaldevie.fr\/wp-content\/uploads\/2022\/11\/piscine-couverte-et-chauffee-4.jpg\" alt=\"schwimmbad camping gruppenunterkunft vend\u00e9e\" class=\"wp-image-20113 size-full\" srcset=\"https:\/\/www.campingvaldevie.fr\/wp-content\/uploads\/2022\/11\/piscine-couverte-et-chauffee-4.jpg 1024w, https:\/\/www.campingvaldevie.fr\/wp-content\/uploads\/2022\/11\/piscine-couverte-et-chauffee-4-300x225.jpg 300w, https:\/\/www.campingvaldevie.fr\/wp-content\/uploads\/2022\/11\/piscine-couverte-et-chauffee-4-768x576.jpg 768w\" sizes=\"auto, (max-width: 1024px) 100vw, 1024px\" \/><\/figure><\/div>","protected":false},"excerpt":{"rendered":"<p>Bienvenue au camping Val de Vie On peut passer des heures, voire des jours, \u00e0 tout comparer. Il est vrai que nous sommes tous \u00e0 la recherche du meilleur prix. Mais de pr\u00e9f\u00e9rence autant se faire plaisir avec un camping avec piscine \u00e0 Br\u00e9tignolles sur Mer. Alors oui, vous pouvez scruter la toile et y [&hellip;]<\/p>\n","protected":false},"author":4,"featured_media":0,"parent":22336,"menu_order":0,"comment_status":"closed","ping_status":"closed","template":"","meta":{"_seopress_robots_primary_cat":"","_seopress_titles_title":"Camping avec piscine couverte chauff\u00e9e - Br\u00e9tignolles sur Mer","_seopress_titles_desc":"A vous les meilleurs prix ! Mais surtout : \u00e0 vous les vacances de r\u00eave dans ce camping avec piscine pr\u00e8s de Br\u00e9tignolles sur Mer.","_seopress_robots_index":"","footnotes":""},"class_list":["post-22344","page","type-page","status-publish","hentry"],"_links":{"self":[{"href":"https:\/\/www.campingvaldevie.fr\/de\/wp-json\/wp\/v2\/pages\/22344","targetHints":{"allow":["GET"]}}],"collection":[{"href":"https:\/\/www.campingvaldevie.fr\/de\/wp-json\/wp\/v2\/pages"}],"about":[{"href":"https:\/\/www.campingvaldevie.fr\/de\/wp-json\/wp\/v2\/types\/page"}],"author":[{"embeddable":true,"href":"https:\/\/www.campingvaldevie.fr\/de\/wp-json\/wp\/v2\/users\/4"}],"replies":[{"embeddable":true,"href":"https:\/\/www.campingvaldevie.fr\/de\/wp-json\/wp\/v2\/comments?post=22344"}],"version-history":[{"count":7,"href":"https:\/\/www.campingvaldevie.fr\/de\/wp-json\/wp\/v2\/pages\/22344\/revisions"}],"predecessor-version":[{"id":25735,"href":"https:\/\/www.campingvaldevie.fr\/de\/wp-json\/wp\/v2\/pages\/22344\/revisions\/25735"}],"up":[{"embeddable":true,"href":"https:\/\/www.campingvaldevie.fr\/de\/wp-json\/wp\/v2\/pages\/22336"}],"wp:attachment":[{"href":"https:\/\/www.campingvaldevie.fr\/de\/wp-json\/wp\/v2\/media?parent=22344"}],"curies":[{"name":"wp","href":"https:\/\/api.w.org\/{rel}","templated":true}]}}