{"id":22350,"date":"2023-11-03T09:28:19","date_gmt":"2023-11-03T08:28:19","guid":{"rendered":"https:\/\/www.campingvaldevie.fr\/?page_id=22350"},"modified":"2024-03-18T10:52:32","modified_gmt":"2024-03-18T09:52:32","slug":"unterkunft-in-der-nahe-von-bretignolles-sur-mer","status":"publish","type":"page","link":"https:\/\/www.campingvaldevie.fr\/de\/camping-bretignolles-sur-mer\/hebergement-proche-bretignolles-sur-mer\/","title":{"rendered":"Mobilheim- und Stellplatzvermietung in der N\u00e4he von Br\u00e9tignolles sur Mer"},"content":{"rendered":"<p>Es gibt zwei Arten von Urlaubern. Diejenigen, denen Komfort wichtig ist, und diejenigen, die lieber in Kontakt mit der Natur sind. Da wir beide gleicherma\u00dfen lieben, finden Sie bei uns sowohl Unterk\u00fcnfte als auch Stellpl\u00e4tze. Denn unser <a href=\"\/de\/camping-bretignolles-sur-mer\/\"><strong>Campingplatz in der N\u00e4he von Br\u00e9tignolles sur Mer<\/strong><\/a> denkt an alle Menschen. Es wird also <strong>Standorte,<\/strong> der <strong>Mobilheime<\/strong> und Chalets, um alle Familien zufrieden zu stellen.<\/p>\n\n\n\n<div style=\"height:40px\" aria-hidden=\"true\" class=\"wp-block-spacer\"><\/div>\n\n\n\n<div class=\"wp-block-media-text has-media-on-the-right is-stacked-on-mobile is-image-fill\" style=\"grid-template-columns:auto 40%\"><div class=\"wp-block-media-text__content\">\n<p>Wenn unser <a href=\"\/de\/\">camping in der Vend\u00e9e<\/a> Der Grund, warum dieser Ort so viele Menschen anzieht, ist sicherlich seine Lage. Sie werden begeistert sein, dass Sie mitten in der Natur und doch in der N\u00e4he der Str\u00e4nde sind. Dar\u00fcber hinaus ist unsere geografische Lage strategisch g\u00fcnstig. Von unserer Unterkunft aus k\u00f6nnen Sie problemlos ber\u00fchmte Badeorte erreichen, wie z. B. <a href=\"\/de\/tourismus-vendee\/bretignolles-sur-mer\/\"><strong>Br\u00e9tignolles sur Mer<\/strong><\/a>. Sie k\u00f6nnen aber auch die Freizeitparks wie den ber\u00fchmten Puy du Fou oder das Miniaturdorf erkunden.<\/p>\n\n\n\n<p>Denn ja, man darf nicht vergessen, dass man bei der Buchung eines <strong>Standort<\/strong> in unserem <strong>Campingplatz<\/strong> gewinnen Sie in jeder Hinsicht. Erstens geht das Urlaubsbudget nicht vollst\u00e4ndig f\u00fcr die Unterkunft drauf. Sie k\u00f6nnen sich also etwas g\u00f6nnen und zum Beispiel in einem Restaurant mit Blick auf das Meer essen gehen. Denn es w\u00e4re eine Schande, so nah an Br\u00e9tignolles sur Mer zu sein und nicht die exquisiten Produkte aus dem Meer und der Region zu genie\u00dfen.<\/p>\n<\/div><figure class=\"wp-block-media-text__media\" style=\"background-image:url(https:\/\/www.campingvaldevie.fr\/wp-content\/uploads\/2018\/01\/DSC03068-1024x685.jpg);background-position:50% 50%\"><img loading=\"lazy\" decoding=\"async\" width=\"1024\" height=\"685\" src=\"https:\/\/www.campingvaldevie.fr\/wp-content\/uploads\/2018\/01\/DSC03068-1024x685.jpg\" alt=\"Zeltpl\u00e4tze Campingplatz Val de Vie in der Vend\u00e9e\" class=\"wp-image-1325 size-full\" srcset=\"https:\/\/www.campingvaldevie.fr\/wp-content\/uploads\/2018\/01\/DSC03068-1024x685.jpg 1024w, https:\/\/www.campingvaldevie.fr\/wp-content\/uploads\/2018\/01\/DSC03068-300x201.jpg 300w, https:\/\/www.campingvaldevie.fr\/wp-content\/uploads\/2018\/01\/DSC03068-768x514.jpg 768w, https:\/\/www.campingvaldevie.fr\/wp-content\/uploads\/2018\/01\/DSC03068.jpg 1200w\" sizes=\"auto, (max-width: 1024px) 100vw, 1024px\" \/><\/figure><\/div>\n\n\n\n<div style=\"height:40px\" aria-hidden=\"true\" class=\"wp-block-spacer\"><\/div>\n\n\n\n<div class=\"wp-block-media-text is-stacked-on-mobile is-image-fill\" style=\"grid-template-columns:40% auto\"><figure class=\"wp-block-media-text__media\" style=\"background-image:url(https:\/\/www.campingvaldevie.fr\/wp-content\/uploads\/2018\/01\/bretignolles-1024x683.jpg);background-position:50% 50%\"><img loading=\"lazy\" decoding=\"async\" width=\"1024\" height=\"683\" src=\"https:\/\/www.campingvaldevie.fr\/wp-content\/uploads\/2018\/01\/bretignolles-1024x683.jpg\" alt=\"Bretignolles sur mer\" class=\"wp-image-1627 size-full\" srcset=\"https:\/\/www.campingvaldevie.fr\/wp-content\/uploads\/2018\/01\/bretignolles-1024x683.jpg 1024w, https:\/\/www.campingvaldevie.fr\/wp-content\/uploads\/2018\/01\/bretignolles-300x200.jpg 300w, https:\/\/www.campingvaldevie.fr\/wp-content\/uploads\/2018\/01\/bretignolles-768x512.jpg 768w, https:\/\/www.campingvaldevie.fr\/wp-content\/uploads\/2018\/01\/bretignolles.jpg 1200w\" sizes=\"auto, (max-width: 1024px) 100vw, 1024px\" \/><\/figure><div class=\"wp-block-media-text__content\">\n<p>Z\u00f6gern Sie nicht l\u00e4nger und buchen Sie in unserem <strong>Campingplatz mit Stellplatz in der N\u00e4he von Br\u00e9tignolles sur Mer<\/strong>. Sie werden dank einer ruhigen, famili\u00e4ren und freundlichen Atmosph\u00e4re in eine entspannte Atmosph\u00e4re eintauchen. Au\u00dferdem werden wir alles tun, um Sie so gut wie m\u00f6glich zufrieden zu stellen und Ihren Urlaub unvergesslich zu machen. Weitere Informationen erhalten Sie unter 02 51 93 19 69 oder 07 87 00 15 61. Wir freuen uns darauf, Sie zu empfangen ...<\/p>\n\n\n\n<p>Elodie &amp; Nicolas<\/p>\n\n\n\n<p>Entdecken Sie auch :<\/p>\n\n\n\n<ul class=\"wp-block-list\">\n<li><a href=\"\/de\/camping-bretignolles-sur-mer\/campingplatz-mit-schwimmbad-bretignolles-sur-mer\/\">campingplatz mit schwimmbad in der n\u00e4he von Br\u00e9tignolles sur mer<\/a><\/li>\n\n\n\n<li><a href=\"https:\/\/www.campingvaldevie.fr\/de\/redaktionell\/guter-plan-camping-nahe-bretignolles-sur-mer\/\">g\u00fcnstiger Campingplatz in der N\u00e4he von Br\u00e9tignolles sur mer<\/a><\/li>\n\n\n\n<li><a href=\"\/de\/camping-bretignolles-sur-mer\/familiencamping\/\">Familiencampingplatz in der N\u00e4he von Br\u00e9tignolles-sur-mer<\/a><\/li>\n<\/ul>\n<\/div><\/div>","protected":false},"excerpt":{"rendered":"<p>Il existe deux types de vacanciers. Ceux pour qui le confort est primordial et ceux qui pr\u00e9f\u00e8rent \u00eatre au contact de la nature. Comme nous aimons autant les uns que les autres, vous trouverez aussi bien des h\u00e9bergements que des emplacements chez nous. En effet, notre camping&nbsp;situ\u00e9 proche de Br\u00e9tignolles sur Mer pense \u00e0 tout [&hellip;]<\/p>\n","protected":false},"author":4,"featured_media":0,"parent":22336,"menu_order":0,"comment_status":"closed","ping_status":"closed","template":"","meta":{"_seopress_robots_primary_cat":"","_seopress_titles_title":"Location mobil home et emplacements pr\u00e8s de Bretignolles sur mer","_seopress_titles_desc":"Notre camping le Val de Vie situ\u00e9 proche de Br\u00e9tignolles sur Mer pense \u00e0 tout le monde. Il y aura donc des emplacements et des h\u00e9bergements.","_seopress_robots_index":"","footnotes":""},"class_list":["post-22350","page","type-page","status-publish","hentry"],"_links":{"self":[{"href":"https:\/\/www.campingvaldevie.fr\/de\/wp-json\/wp\/v2\/pages\/22350","targetHints":{"allow":["GET"]}}],"collection":[{"href":"https:\/\/www.campingvaldevie.fr\/de\/wp-json\/wp\/v2\/pages"}],"about":[{"href":"https:\/\/www.campingvaldevie.fr\/de\/wp-json\/wp\/v2\/types\/page"}],"author":[{"embeddable":true,"href":"https:\/\/www.campingvaldevie.fr\/de\/wp-json\/wp\/v2\/users\/4"}],"replies":[{"embeddable":true,"href":"https:\/\/www.campingvaldevie.fr\/de\/wp-json\/wp\/v2\/comments?post=22350"}],"version-history":[{"count":4,"href":"https:\/\/www.campingvaldevie.fr\/de\/wp-json\/wp\/v2\/pages\/22350\/revisions"}],"predecessor-version":[{"id":24379,"href":"https:\/\/www.campingvaldevie.fr\/de\/wp-json\/wp\/v2\/pages\/22350\/revisions\/24379"}],"up":[{"embeddable":true,"href":"https:\/\/www.campingvaldevie.fr\/de\/wp-json\/wp\/v2\/pages\/22336"}],"wp:attachment":[{"href":"https:\/\/www.campingvaldevie.fr\/de\/wp-json\/wp\/v2\/media?parent=22350"}],"curies":[{"name":"wp","href":"https:\/\/api.w.org\/{rel}","templated":true}]}}