{"id":22483,"date":"2023-11-03T11:14:34","date_gmt":"2023-11-03T10:14:34","guid":{"rendered":"https:\/\/www.campingvaldevie.fr\/?page_id=22483"},"modified":"2024-07-24T09:31:09","modified_gmt":"2024-07-24T07:31:09","slug":"camping-fischfang-vendee","status":"publish","type":"page","link":"https:\/\/www.campingvaldevie.fr\/de\/camping-peche-vendee\/","title":{"rendered":"Camping Angeln Vend\u00e9e: \u00dcben Sie Ihr Lieblingshobby auf unserem Campingplatz aus!"},"content":{"rendered":"<p>Angelfreunde, unser Campingplatz, ideal gelegen in der N\u00e4he von <strong>beste Angelspots in der Vend\u00e9e<\/strong>in der Region Pays de la Loire ist der ideale Ort f\u00fcr Ihren Urlaub!  Warten Sie nicht l\u00e4nger und buchen Sie Ihren Aufenthalt in unserem <strong>camping angeln in der Vend\u00e9e<\/strong> ! Informieren Sie sich \u00fcber die Details unseres Angebots.<\/p>\n\n\n\n<div style=\"height:40px\" aria-hidden=\"true\" class=\"wp-block-spacer\"><\/div>\n\n\n\n<div class=\"wp-block-media-text has-media-on-the-right is-stacked-on-mobile is-image-fill\" style=\"grid-template-columns:auto 40%\"><div class=\"wp-block-media-text__content\">\n<h2 class=\"wp-block-heading has-text-align-left\">Unser Angelcampingplatz in der Vend\u00e9e empf\u00e4ngt Sie f\u00fcr die Aus\u00fcbung des Angelsports<\/h2>\n\n\n\n<p>Lassen Sie sich von der einladenden und warmen Ausstrahlung unseres <strong>camping angeln in der Vend\u00e9e<\/strong>Hier werden Sie in einem Mobilheim untergebracht, das \u00fcber alle notwendigen Annehmlichkeiten verf\u00fcgt. <\/p>\n\n\n\n<p>Wenn Sie nach mehr streben <strong>N\u00e4he zur Natur<\/strong>Dann entscheiden Sie sich f\u00fcr einen Stellplatz inmitten unseres bewaldeten Parks. Unsere Stellpl\u00e4tze sind sehr angenehm, da sie von viel Gr\u00fcn umgeben sind.<\/p>\n<\/div><figure class=\"wp-block-media-text__media\" style=\"background-image:url(https:\/\/www.campingvaldevie.fr\/wp-content\/uploads\/2022\/12\/lac-apremont-1024x683.jpg);background-position:50% 50%\"><img loading=\"lazy\" decoding=\"async\" width=\"1024\" height=\"683\" src=\"https:\/\/www.campingvaldevie.fr\/wp-content\/uploads\/2022\/12\/lac-apremont-1024x683.jpg\" alt=\"See von Apremont\" class=\"wp-image-20331 size-full\" srcset=\"https:\/\/www.campingvaldevie.fr\/wp-content\/uploads\/2022\/12\/lac-apremont-1024x683.jpg 1024w, https:\/\/www.campingvaldevie.fr\/wp-content\/uploads\/2022\/12\/lac-apremont-300x200.jpg 300w, https:\/\/www.campingvaldevie.fr\/wp-content\/uploads\/2022\/12\/lac-apremont-768x512.jpg 768w, https:\/\/www.campingvaldevie.fr\/wp-content\/uploads\/2022\/12\/lac-apremont.jpg 1200w\" sizes=\"auto, (max-width: 1024px) 100vw, 1024px\" \/><\/figure><\/div>\n\n\n\n<div style=\"height:40px\" aria-hidden=\"true\" class=\"wp-block-spacer\"><\/div>\n\n\n\n<div class=\"wp-block-media-text is-stacked-on-mobile is-image-fill\" style=\"grid-template-columns:40% auto\"><figure class=\"wp-block-media-text__media\" style=\"background-image:url(https:\/\/www.campingvaldevie.fr\/wp-content\/uploads\/2018\/03\/empl-1024x768.jpg);background-position:50% 50%\"><img loading=\"lazy\" decoding=\"async\" width=\"1024\" height=\"768\" src=\"https:\/\/www.campingvaldevie.fr\/wp-content\/uploads\/2018\/03\/empl-1024x768.jpg\" alt=\"ger\u00e4umige Lage des Campingplatzes in der Vend\u00e9e\" class=\"wp-image-2774 size-full\" srcset=\"https:\/\/www.campingvaldevie.fr\/wp-content\/uploads\/2018\/03\/empl-1024x768.jpg 1024w, https:\/\/www.campingvaldevie.fr\/wp-content\/uploads\/2018\/03\/empl-300x225.jpg 300w, https:\/\/www.campingvaldevie.fr\/wp-content\/uploads\/2018\/03\/empl-768x576.jpg 768w, https:\/\/www.campingvaldevie.fr\/wp-content\/uploads\/2018\/03\/empl.jpg 1200w\" sizes=\"auto, (max-width: 1024px) 100vw, 1024px\" \/><\/figure><div class=\"wp-block-media-text__content\">\n<p>Die gute Nachricht ist, dass sich unser 4-Sterne-Campingplatz in der Region Pays de la Loire auf Natur reimt! Unser <a href=\"https:\/\/www.campingvaldevie.fr\/de\/camping-see-vendee\/\" data-type=\"page\" data-id=\"22504\"><strong>Naturcampingplatz in der Vend\u00e9e<\/strong><\/a> ist in der Tat sehr gr\u00fcn. Sie k\u00f6nnen die Natur von der Terrasse Ihres Mobilheims aus genie\u00dfen, von Ihrem <a href=\"\/de\/standort\/\">campingplatz in Vend\u00e9e<\/a>Sie k\u00f6nnen sich aber auch auf den Wegen und rund um unseren Campingplatz aufhalten.\u00a0\u00a0<\/p>\n\n\n\n<p>Dank des Komforts unserer Mobilheime, der Privatsph\u00e4re unserer Stellpl\u00e4tze und der umfassenden Palette an Dienstleistungen, die Ihnen zur Verf\u00fcgung stehen, k\u00f6nnen Sie w\u00e4hrend Ihres Aufenthalts in unserem <a href=\"\/de\/\"><strong>camping in der Vend\u00e9e<\/strong><\/a>, <strong>sich in aller Ruhe Ihrer Leidenschaft widmen: dem Angeln<\/strong>. Sie werden n\u00e4mlich von Ihrem <a href=\"\/de\/unterkunfte\/\">vermietung von mobilheimen in der Vend\u00e9e<\/a> oder von Ihrem Stellplatz aus, ganz in der N\u00e4he der besten Angelpl\u00e4tze der Vend\u00e9e. Und Sie k\u00f6nnen auch mit der ganzen Familie von unserem Schwimmbad und den auf unserem Campingplatz angebotenen Animationen profitieren.<\/p>\n<\/div><\/div>\n\n\n\n<div style=\"height:40px\" aria-hidden=\"true\" class=\"wp-block-spacer\"><\/div>\n\n\n\n<div class=\"wp-block-media-text has-media-on-the-right is-stacked-on-mobile is-image-fill\" style=\"grid-template-columns:auto 40%\"><div class=\"wp-block-media-text__content\">\n<h2 class=\"wp-block-heading\">Wo kann man in der N\u00e4he unseres Campingplatzes angeln?<\/h2>\n\n\n\n<p>Anglerfreunde, es wird Sie freuen zu h\u00f6ren, dass unser <a href=\"\/de\/familiencamping-vendee\/\">Familiencampingplatz in der Vend\u00e9e<\/a> befindet sich nur wenige Schritte vom <strong>See von Apremont,<\/strong> in der Region Pays de la Loire! Wenn Sie mit Ihrer Familie die Tour de France der Campingpl\u00e4tze am See machen, ist unser Campingplatz genau das Richtige f\u00fcr Sie.<\/p>\n\n\n\n<p>Nach Meinung von Angelfreunden ist dies ein idealer Campingplatz! Der Lac d'Apremont eignet sich zum Angeln, aber auch zum Paddeln oder Tretbootfahren mit der Familie oder Freunden und f\u00fcr andere Wassersportarten, und nat\u00fcrlich zum Baden und f\u00fcr Wasserspiele, zus\u00e4tzlich zur <a href=\"\/de\/der-pool\/\" data-type=\"page\" data-id=\"22290\">Schwimmbad unseres Campingplatzes in der Vend\u00e9e<\/a>.<\/p>\n<\/div><figure class=\"wp-block-media-text__media\" style=\"background-image:url(https:\/\/www.campingvaldevie.fr\/wp-content\/uploads\/2021\/05\/peche-en-bord-de-lac-IMG_9887.jpg);background-position:50% 50%\"><img loading=\"lazy\" decoding=\"async\" width=\"1000\" height=\"667\" src=\"https:\/\/www.campingvaldevie.fr\/wp-content\/uploads\/2021\/05\/peche-en-bord-de-lac-IMG_9887.jpg\" alt=\"Apremont-See, ideal zum Schwimmen in der N\u00e4he des Campingplatzes\" class=\"wp-image-8808 size-full\" srcset=\"https:\/\/www.campingvaldevie.fr\/wp-content\/uploads\/2021\/05\/peche-en-bord-de-lac-IMG_9887.jpg 1000w, https:\/\/www.campingvaldevie.fr\/wp-content\/uploads\/2021\/05\/peche-en-bord-de-lac-IMG_9887-300x200.jpg 300w, https:\/\/www.campingvaldevie.fr\/wp-content\/uploads\/2021\/05\/peche-en-bord-de-lac-IMG_9887-768x512.jpg 768w\" sizes=\"auto, (max-width: 1000px) 100vw, 1000px\" \/><\/figure><\/div>\n\n\n\n<div style=\"height:40px\" aria-hidden=\"true\" class=\"wp-block-spacer\"><\/div>\n\n\n\n<div class=\"wp-block-media-text is-stacked-on-mobile is-image-fill\" style=\"grid-template-columns:40% auto\"><figure class=\"wp-block-media-text__media\" style=\"background-image:url(https:\/\/www.campingvaldevie.fr\/wp-content\/uploads\/2021\/05\/lac-apremont.jpg);background-position:50% 50%\"><img loading=\"lazy\" decoding=\"async\" width=\"1024\" height=\"576\" src=\"https:\/\/www.campingvaldevie.fr\/wp-content\/uploads\/2021\/05\/lac-apremont.jpg\" alt=\"Idealer See zum Schwimmen\" class=\"wp-image-8803 size-full\" srcset=\"https:\/\/www.campingvaldevie.fr\/wp-content\/uploads\/2021\/05\/lac-apremont.jpg 1024w, https:\/\/www.campingvaldevie.fr\/wp-content\/uploads\/2021\/05\/lac-apremont-300x169.jpg 300w, https:\/\/www.campingvaldevie.fr\/wp-content\/uploads\/2021\/05\/lac-apremont-768x432.jpg 768w\" sizes=\"auto, (max-width: 1024px) 100vw, 1024px\" \/><\/figure><div class=\"wp-block-media-text__content\">\n<p>Der Lac d'Apremont ist einer der gr\u00f6\u00dften Seen in der Vend\u00e9e. Sie werden es lieben, dort <strong>lange Angelnachmittage <\/strong>w\u00e4hrend Ihres Campingurlaubs und f\u00fchren Sie Ihre Kinder in das Angeln ein; er bietet n\u00e4mlich hervorragende Angelbedingungen. Je nach Jahreszeit und Bedingungen k\u00f6nnen Sie Hecht, Zander, Barsch, Karpfen, Rotauge und Brasse angeln. Der See eignet sich nicht nur hervorragend zum Angeln, sondern ist auch ein herrlicher Naturraum und eine echte Oase f\u00fcr einen erholsamen Urlaub.&nbsp;<\/p>\n\n\n\n<p>Wenn Sie gerne in Seen angeln, besuchen Sie auch den <strong>Jaunay-See <\/strong>w\u00e4hrend Ihres Urlaubs auf dem Campingplatz. Dieser See liegt 24 Minuten von unserem 4-Sterne-Campingplatz entfernt und befindet sich in einem Naturschutzgebiet. Der Lac de Jaunay zeichnet sich durch seine <strong>ruhigen Gew\u00e4ssern und seinen von Vegetation ges\u00e4umten Ufern<\/strong>Er bietet eine friedliche Umgebung zum Angeln und f\u00fcr Aktivit\u00e4ten mit Kindern im Freien. Hier k\u00f6nnen Sie die gleichen Fische angeln wie im Lac d'Apremont.<\/p>\n<\/div><\/div>\n\n\n\n<div style=\"height:40px\" aria-hidden=\"true\" class=\"wp-block-spacer\"><\/div>\n\n\n\n<div class=\"wp-block-media-text has-media-on-the-right is-stacked-on-mobile is-image-fill\" style=\"grid-template-columns:auto 40%\"><div class=\"wp-block-media-text__content\">\n<p>Wenn Sie Surfcasting oder Bootsangeln bevorzugen, dann gehen Sie zu <strong>an den Str\u00e4nden der Vend\u00e9e<\/strong>. Unser 4-Sterne-Campingplatz in der Region Pays de la Loire liegt nur 30 Minuten von der K\u00fcste entfernt. Die n\u00e4chstgelegenen Str\u00e4nde sind die von Saint-Hilaire-de-Riez. Etwas weiter s\u00fcdlich liegt Les Sables d'Olonne. <strong>Mieten Sie ein Boot<\/strong> und fahren Sie zum Hochseefischen. Vielleicht bringen Sie Seebarsch, Makrele, Goldbrasse, Zackenbarsch, Seezunge, Scholle und Rochen mit nach Hause. <\/p>\n\n\n\n<p>Wenn Sie lieber <strong>Surfcasting betreiben<\/strong>Wenn Sie vom Strand aus am Meer angeln, kommen Sie vielleicht mit einer Meerbarbe, einer Nadel, einem Meeraal, Sardellen oder einer Meer\u00e4sche in Ihr Mietmobilheim zur\u00fcck. In der K\u00fcche des Mobilheims auf unserem 4-Sterne-Campingplatz haben Sie genug zu kochen!<\/p>\n<\/div><figure class=\"wp-block-media-text__media\" style=\"background-image:url(https:\/\/www.campingvaldevie.fr\/wp-content\/uploads\/2022\/02\/Photo-plage-du-veillon-P1320230.jpg);background-position:50% 50%\"><img loading=\"lazy\" decoding=\"async\" width=\"1022\" height=\"768\" src=\"https:\/\/www.campingvaldevie.fr\/wp-content\/uploads\/2022\/02\/Photo-plage-du-veillon-P1320230.jpg\" alt=\"Strand von Veillon\" class=\"wp-image-12036 size-full\" srcset=\"https:\/\/www.campingvaldevie.fr\/wp-content\/uploads\/2022\/02\/Photo-plage-du-veillon-P1320230.jpg 1022w, https:\/\/www.campingvaldevie.fr\/wp-content\/uploads\/2022\/02\/Photo-plage-du-veillon-P1320230-300x225.jpg 300w, https:\/\/www.campingvaldevie.fr\/wp-content\/uploads\/2022\/02\/Photo-plage-du-veillon-P1320230-768x577.jpg 768w\" sizes=\"auto, (max-width: 1022px) 100vw, 1022px\" \/><\/figure><\/div>\n\n\n\n<div style=\"height:40px\" aria-hidden=\"true\" class=\"wp-block-spacer\"><\/div>\n\n\n\n<p>Buchen Sie Ihr klassisches Mobilheim oder <a href=\"\/de\/camping-spa-privatif-vendee\/\">Mobilheim mit Jacuzzi und Spa in der Vend\u00e9e<\/a> und bereiten Sie sich auf einen traumhaften Aufenthalt in unserem <strong>Angelcamping in der Vend\u00e9e <\/strong>mit beheiztem Hallenbad und einem Park mit B\u00e4umen in der Region Pays de la Loire im Nordwesten Frankreichs! Kontaktieren Sie uns, um mehr \u00fcber unser Angebot, die Preise pro Woche, unsere Aktivit\u00e4ten und Spiele und unsere Dienstleistungen zu erfahren.<\/p>","protected":false},"excerpt":{"rendered":"<p>Amateurs de p\u00eache, notre camping, id\u00e9alement situ\u00e9 \u00e0 proximit\u00e9 des meilleurs spots de p\u00eache de Vend\u00e9e, en r\u00e9gion Pays de la Loire, sera le lieu id\u00e9al pour vos vacances !&nbsp; N\u2019attendez plus pour r\u00e9server votre s\u00e9jour dans notre camping p\u00eache de Vend\u00e9e ! D\u00e9couvrez les d\u00e9tails de notre offre. Notre camping p\u00eache de Vend\u00e9e vous [&hellip;]<\/p>\n","protected":false},"author":4,"featured_media":0,"parent":0,"menu_order":0,"comment_status":"closed","ping_status":"closed","template":"","meta":{"_seopress_robots_primary_cat":"","_seopress_titles_title":"Camping p\u00eache Vend\u00e9e : Camping pr\u00e8s des meilleurs spots de p\u00eache","_seopress_titles_desc":"Vous recherchez un camping id\u00e9al pour la p\u00eache en Vend\u00e9e ? D\u00e9couvrez le n\u00f4tre ! Entour\u00e9 de nature et pr\u00e8s des meilleurs spots de p\u00eache !","_seopress_robots_index":"","footnotes":""},"class_list":["post-22483","page","type-page","status-publish","hentry"],"_links":{"self":[{"href":"https:\/\/www.campingvaldevie.fr\/de\/wp-json\/wp\/v2\/pages\/22483","targetHints":{"allow":["GET"]}}],"collection":[{"href":"https:\/\/www.campingvaldevie.fr\/de\/wp-json\/wp\/v2\/pages"}],"about":[{"href":"https:\/\/www.campingvaldevie.fr\/de\/wp-json\/wp\/v2\/types\/page"}],"author":[{"embeddable":true,"href":"https:\/\/www.campingvaldevie.fr\/de\/wp-json\/wp\/v2\/users\/4"}],"replies":[{"embeddable":true,"href":"https:\/\/www.campingvaldevie.fr\/de\/wp-json\/wp\/v2\/comments?post=22483"}],"version-history":[{"count":3,"href":"https:\/\/www.campingvaldevie.fr\/de\/wp-json\/wp\/v2\/pages\/22483\/revisions"}],"predecessor-version":[{"id":25147,"href":"https:\/\/www.campingvaldevie.fr\/de\/wp-json\/wp\/v2\/pages\/22483\/revisions\/25147"}],"wp:attachment":[{"href":"https:\/\/www.campingvaldevie.fr\/de\/wp-json\/wp\/v2\/media?parent=22483"}],"curies":[{"name":"wp","href":"https:\/\/api.w.org\/{rel}","templated":true}]}}