{"id":24162,"date":"2024-03-07T13:53:04","date_gmt":"2024-03-07T12:53:04","guid":{"rendered":"https:\/\/www.campingvaldevie.fr\/?page_id=24162"},"modified":"2024-07-24T09:41:14","modified_gmt":"2024-07-24T07:41:14","slug":"familiencamping","status":"publish","type":"page","link":"https:\/\/www.campingvaldevie.fr\/de\/camping-bretignolles-sur-mer\/camping-familial\/","title":{"rendered":"Familien-Campingplatz in der N\u00e4he von Br\u00e9tignolles-sur-Mer"},"content":{"rendered":"<p>Sie haben f\u00fcr Ihren n\u00e4chsten Familienurlaub ein Auge auf die Vend\u00e9e geworfen? Sie k\u00f6nnen es kaum erwarten, die Sch\u00f6nheiten von Br\u00e9tignolles-sur-Mer, Les Sables d'Olonne, Saint-Jean-de-Monts, Saint-Hilaire-de-Riez oder Talmont-Saint-Hilaire zu entdecken? Dann warten Sie nicht l\u00e4nger, sondern buchen Sie Ihren Aufenthalt in unserem <strong>Familiencampingplatz in der N\u00e4he von Br\u00e9tignolles-sur-Mer<\/strong>ein <a href=\"\/de\/camping-bretignolles-sur-mer\/\">4-Sterne-Campingplatz in der N\u00e4he von Br\u00e9tignolles-sur-Mer<\/a> der sich in der Stadt Mach\u00e9 befindet.<\/p>\n\n\n\n<div style=\"height:40px\" aria-hidden=\"true\" class=\"wp-block-spacer\"><\/div>\n\n\n\n<div class=\"wp-block-media-text has-media-on-the-right is-stacked-on-mobile is-image-fill\" style=\"grid-template-columns:auto 40%\"><div class=\"wp-block-media-text__content\">\n<h2 class=\"wp-block-heading has-text-align-left\">Ihre Unterkunft mit allem Komfort in der N\u00e4he von Br\u00e9tignolles-sur-Mer<\/h2>\n\n\n\n<p>Nichts ist besser als ein Mobilheim f\u00fcr <strong>Familienurlaub im Zeichen von Komfort und Qualit\u00e4t<\/strong> ! Mit einer Fl\u00e4che von 26 bis 43 m<sup>2<\/sup>In unseren Mobilheimen k\u00f6nnen bis zu 8 Personen untergebracht werden.<\/p>\n\n\n\n<p>W\u00e4hlen Sie je nach Ihren Erwartungen Ihre Mobilheimreihe aus den 3 Reihen, die Ihnen unser<strong> spezieller Familiencampingplatz in der N\u00e4he von Br\u00e9tignolles-sur-Mer<\/strong> : das Mobilheim Premium, das Mobilheim Komfort und das Mobilheim Standard.<\/p>\n\n\n\n<p>Die<strong> Mobilheim Standard<\/strong> ist perfekt f\u00fcr einen preisg\u00fcnstigen Familienurlaub. Wenn Sie mehr Platz und Komfort w\u00fcnschen, entscheiden Sie sich f\u00fcr eine Unterkunft in der <strong>Comfort-Reihe<\/strong>. Schlie\u00dflich k\u00f6nnen Sie durch die Buchung eines <strong>Mobilheim Premium<\/strong>Sie werden in einer neuen oder neueren Unterkunft wohnen.<\/p>\n<\/div><figure class=\"wp-block-media-text__media\" style=\"background-image:url(https:\/\/www.campingvaldevie.fr\/wp-content\/uploads\/2022\/09\/location-petit-camping-proche-bretignolles-sur-mer.jpg);background-position:72% 48%\"><img loading=\"lazy\" decoding=\"async\" width=\"700\" height=\"394\" src=\"https:\/\/www.campingvaldevie.fr\/wp-content\/uploads\/2022\/09\/location-petit-camping-proche-bretignolles-sur-mer.jpg\" alt=\"vermietung Kleiner Campingplatz in der N\u00e4he von Br\u00e9tignolles sur Mer\" class=\"wp-image-18894 size-full\" srcset=\"https:\/\/www.campingvaldevie.fr\/wp-content\/uploads\/2022\/09\/location-petit-camping-proche-bretignolles-sur-mer.jpg 700w, https:\/\/www.campingvaldevie.fr\/wp-content\/uploads\/2022\/09\/location-petit-camping-proche-bretignolles-sur-mer-300x169.jpg 300w\" sizes=\"auto, (max-width: 700px) 100vw, 700px\" \/><\/figure><\/div>\n\n\n\n<div style=\"height:40px\" aria-hidden=\"true\" class=\"wp-block-spacer\"><\/div>\n\n\n\n<div class=\"wp-block-media-text is-stacked-on-mobile is-image-fill\" style=\"grid-template-columns:40% auto\"><figure class=\"wp-block-media-text__media\" style=\"background-image:url(https:\/\/www.campingvaldevie.fr\/wp-content\/uploads\/2024\/02\/chambre-parentale-1024x682.jpeg);background-position:70% 57%\"><img loading=\"lazy\" decoding=\"async\" width=\"1024\" height=\"682\" src=\"https:\/\/www.campingvaldevie.fr\/wp-content\/uploads\/2024\/02\/chambre-parentale-1024x682.jpeg\" alt=\"Elternschlafzimmer\" class=\"wp-image-24066 size-full\" srcset=\"https:\/\/www.campingvaldevie.fr\/wp-content\/uploads\/2024\/02\/chambre-parentale-1024x682.jpeg 1024w, https:\/\/www.campingvaldevie.fr\/wp-content\/uploads\/2024\/02\/chambre-parentale-300x200.jpeg 300w, https:\/\/www.campingvaldevie.fr\/wp-content\/uploads\/2024\/02\/chambre-parentale-768x512.jpeg 768w, https:\/\/www.campingvaldevie.fr\/wp-content\/uploads\/2024\/02\/chambre-parentale-1536x1023.jpeg 1536w, https:\/\/www.campingvaldevie.fr\/wp-content\/uploads\/2024\/02\/chambre-parentale.jpeg 1920w\" sizes=\"auto, (max-width: 1024px) 100vw, 1024px\" \/><\/figure><div class=\"wp-block-media-text__content\">\n<p>Innerhalb Ihres <a href=\"\/de\/camping-bretignolles-sur-mer\/unterkunft-in-der-nahe-von-bretignolles-sur-mer\/\">Mobilheim in der N\u00e4he von Br\u00e9tignolles-sur-Mer<\/a>:\u00a0<\/p>\n\n\n\n<ul class=\"wp-block-list\">\n<li>Ruhige und komfortable Zimmer (zwischen 2 und 3 Zimmern) ;&nbsp;<\/li>\n\n\n\n<li>Ein funktionelles Badezimmer mit Stauraum (einige Mobilheime sind mit 2 Badezimmern ausgestattet) ;&nbsp;<\/li>\n\n\n\n<li>Ein geselliger Essbereich ;&nbsp;<\/li>\n\n\n\n<li>Eine ausgestattete K\u00fcche ;&nbsp;<\/li>\n\n\n\n<li>Eine Holzterrasse mit Blick auf den Park des Anwesens.<\/li>\n<\/ul>\n\n\n\n<p>Kurz gesagt, in Ihrer zuk\u00fcnftigen Miete unseres <strong>Familiencampingplatz in der N\u00e4he von Br\u00e9tignolles-sur-Mer<\/strong>Sie und Ihre Kinder werden einen qualitativ hochwertigen Aufenthalt verbringen, bei dem es Ihnen an nichts fehlen wird!&nbsp;<\/p>\n\n\n\n<p>Sind Sie eher ein traditioneller Campingurlauber und bevorzugen Stellpl\u00e4tze f\u00fcr Zelte, Wohnmobile oder Wohnwagen? Buchen Sie stattdessen einen unserer <strong>ger\u00e4umige, von Natur umgebene Stellpl\u00e4tze<\/strong> !<\/p>\n<\/div><\/div>\n\n\n\n<div style=\"height:40px\" aria-hidden=\"true\" class=\"wp-block-spacer\"><\/div>\n\n\n\n<div class=\"wp-block-columns is-layout-flex wp-container-core-columns-is-layout-9d6595d7 wp-block-columns-is-layout-flex\">\n<div class=\"wp-block-column is-layout-flow wp-block-column-is-layout-flow\" style=\"flex-basis:33.33%\">\n<div class=\"wp-block-create-block-sev-encartsimplebg aligncenter\"><aside class=\"encart-simplebg-sev small\"><a href=\"\/de\/unterkunfte\/#sev-gamme-standard\" class=\"d-flex flex-column align-items-center\"><div class=\"encart-title\"><span>Standardsortiment ab 199\u20ac pro Woche<\/span><\/div><img decoding=\"async\" src=\"https:\/\/www.campingvaldevie.fr\/wp-content\/uploads\/2022\/03\/standard.jpg\" alt=\"Mobilheim Standardsortiment\"\/><button class=\"btn\"><\/button><\/a><\/aside><\/div>\n<\/div>\n\n\n\n<div class=\"wp-block-column is-layout-flow wp-block-column-is-layout-flow\" style=\"flex-basis:66.66%\">\n<div class=\"wp-block-create-block-sev-encartsimplebg\"><aside class=\"encart-simplebg-sev small\"><a href=\"\/de\/unterkunfte\/#sev-gamme-confort\" class=\"d-flex flex-column align-items-center\"><div class=\"encart-title\"><span>Comfort range ab 269\u20ac pro Woche<\/span><\/div><img decoding=\"async\" src=\"https:\/\/www.campingvaldevie.fr\/wp-content\/uploads\/2020\/12\/IMG_2469.jpg\" alt=\"Wohnzimmer\"\/><button class=\"btn\"><\/button><\/a><\/aside><\/div>\n<\/div>\n<\/div>\n\n\n\n<div class=\"wp-block-columns is-layout-flex wp-container-core-columns-is-layout-9d6595d7 wp-block-columns-is-layout-flex\">\n<div class=\"wp-block-column is-layout-flow wp-block-column-is-layout-flow\" style=\"flex-basis:66.66%\">\n<div class=\"wp-block-create-block-sev-encartsimplebg\"><aside class=\"encart-simplebg-sev small\"><a href=\"\/de\/unterkunfte\/#sev-gamme-premium\" class=\"d-flex flex-column align-items-center\"><div class=\"encart-title\"><span>Premiumsortiment ab 379\u20ac pro Woche<\/span><\/div><img decoding=\"async\" src=\"https:\/\/www.campingvaldevie.fr\/wp-content\/uploads\/2022\/07\/meilleur-petit-camping-saint-gilles-croix-de-vie.png\" alt=\"Bester kleiner Campingplatz Saint Gilles croix de Vie\"\/><button class=\"btn\"><\/button><\/a><\/aside><\/div>\n<\/div>\n\n\n\n<div class=\"wp-block-column is-layout-flow wp-block-column-is-layout-flow\" style=\"flex-basis:33.33%\">\n<div class=\"wp-block-create-block-sev-encartsimplebg\"><aside class=\"encart-simplebg-sev small\"><a href=\"\/de\/standort\/\" class=\"d-flex flex-column align-items-center\"><div class=\"encart-title\"><span>Stellplatz ab 100\u20ac pro Woche<\/span><\/div><img decoding=\"async\" src=\"https:\/\/www.campingvaldevie.fr\/wp-content\/uploads\/2019\/11\/emplacement-camping-taille-humaine-vendee.jpg\" alt=\"\u00fcberschaubarer Campingplatz in der Vend\u00e9e\"\/><button class=\"btn\"><\/button><\/a><\/aside><\/div>\n<\/div>\n<\/div>\n\n\n\n<div class=\"wp-block-buttons alignwide is-layout-flex wp-block-buttons-is-layout-flex\">\n<div class=\"wp-block-button aligncenter\"><a class=\"wp-block-button__link wp-element-button\" href=\"\/de\/unterkunfte\/\">Entdecken Sie die Unterk\u00fcnfte<\/a><\/div>\n<\/div>\n\n\n\n<div style=\"height:40px\" aria-hidden=\"true\" class=\"wp-block-spacer\"><\/div>\n\n\n\n<div class=\"wp-block-media-text has-media-on-the-right is-stacked-on-mobile is-image-fill\" style=\"grid-template-columns:auto 40%\"><div class=\"wp-block-media-text__content\">\n<h2 class=\"wp-block-heading has-text-align-left\">Ein Campingplatz mit Schwimmbad vor den Toren von Br\u00e9tignolles-sur-Mer<\/h2>\n\n\n\n<p>Gute Nachrichten f\u00fcr alle Freunde des Wasservergn\u00fcgens: Unser <strong>famili\u00e4rer 4-Sterne-Campingplatz ganz in der N\u00e4he von Br\u00e9tignolles-sur-Mer<\/strong> verf\u00fcgt \u00fcber einen Swimmingpool!&nbsp;<\/p>\n\n\n\n<p>Diese <strong>Pool ist \u00fcberdacht und beheizt<\/strong>Das bedeutet, dass Sie w\u00e4hrend Ihres gesamten Urlaubs bei jedem Wetter baden k\u00f6nnen.&nbsp;<\/p>\n\n\n\n<p>Sie werden es genie\u00dfen, w\u00e4hrend Ihres Familienaufenthalts die<strong>erhitztes Wasser<\/strong> unseres Schwimmbads, um Brustschwimmen oder Kraulschwimmen zu betreiben. Die Kinder vergn\u00fcgen sich bei<strong> Wasserspiele <\/strong>mit ihren neuen Urlaubsfreunden, w\u00e4hrend die j\u00fcngeren Kinder in der <strong>Planschbecken<\/strong>.&nbsp;<\/p>\n\n\n\n<p>Nach der Anstrengung folgt die St\u00e4rkung! In unserem <a href=\"\/de\/camping-bretignolles-sur-mer\/campingplatz-mit-schwimmbad-bretignolles-sur-mer\/\">Campingplatz mit Pool in der N\u00e4he von Br\u00e9tignolles-sur-Mer<\/a>Am Rand des Pools stehen Liegest\u00fchle f\u00fcr Sie bereit. Machen Sie es sich im \u00fcberdachten Bereich oder auf der Terrasse gem\u00fctlich.<strong> Au\u00dfenterrasse<\/strong> f\u00fcr eine wohlverdiente Siesta unter der Sonne der Vend\u00e9e.<\/p>\n<\/div><figure class=\"wp-block-media-text__media\" style=\"background-image:url(https:\/\/www.campingvaldevie.fr\/wp-content\/uploads\/2022\/09\/sejour-petit-camping-proche-bretignolles-sur-mer.jpg);background-position:50% 50%\"><img loading=\"lazy\" decoding=\"async\" width=\"700\" height=\"525\" src=\"https:\/\/www.campingvaldevie.fr\/wp-content\/uploads\/2022\/09\/sejour-petit-camping-proche-bretignolles-sur-mer.jpg\" alt=\"Aufenthalt Kleiner Campingplatz in der N\u00e4he von Br\u00e9tignolles sur Mer\" class=\"wp-image-18898 size-full\" srcset=\"https:\/\/www.campingvaldevie.fr\/wp-content\/uploads\/2022\/09\/sejour-petit-camping-proche-bretignolles-sur-mer.jpg 700w, https:\/\/www.campingvaldevie.fr\/wp-content\/uploads\/2022\/09\/sejour-petit-camping-proche-bretignolles-sur-mer-300x225.jpg 300w\" sizes=\"auto, (max-width: 700px) 100vw, 700px\" \/><\/figure><\/div>\n\n\n\n<div style=\"height:40px\" aria-hidden=\"true\" class=\"wp-block-spacer\"><\/div>\n\n\n\n<figure class=\"wp-block-gallery alignwide has-nested-images columns-default is-cropped wp-block-gallery-1 is-layout-flex wp-block-gallery-is-layout-flex\">\n<figure class=\"wp-block-image size-full\"><img loading=\"lazy\" decoding=\"async\" width=\"767\" height=\"717\" data-id=\"19691\" src=\"https:\/\/www.campingvaldevie.fr\/wp-content\/uploads\/2022\/11\/camping-piscine-valdevie.png\" alt=\"Wasserspiel Val de Vie\" class=\"wp-image-19691\" srcset=\"https:\/\/www.campingvaldevie.fr\/wp-content\/uploads\/2022\/11\/camping-piscine-valdevie.png 767w, https:\/\/www.campingvaldevie.fr\/wp-content\/uploads\/2022\/11\/camping-piscine-valdevie-300x280.png 300w\" sizes=\"auto, (max-width: 767px) 100vw, 767px\" \/><\/figure>\n\n\n\n<figure class=\"wp-block-image size-full\"><img loading=\"lazy\" decoding=\"async\" width=\"700\" height=\"525\" data-id=\"18871\" src=\"https:\/\/www.campingvaldevie.fr\/wp-content\/uploads\/2022\/09\/location-meilleur-petit-camping-proche-challans.jpg\" alt=\"Vermietung Bester kleiner Campingplatz in der N\u00e4he von Challans\" class=\"wp-image-18871\" srcset=\"https:\/\/www.campingvaldevie.fr\/wp-content\/uploads\/2022\/09\/location-meilleur-petit-camping-proche-challans.jpg 700w, https:\/\/www.campingvaldevie.fr\/wp-content\/uploads\/2022\/09\/location-meilleur-petit-camping-proche-challans-300x225.jpg 300w\" sizes=\"auto, (max-width: 700px) 100vw, 700px\" \/><\/figure>\n<\/figure>\n\n\n\n<div style=\"height:40px\" aria-hidden=\"true\" class=\"wp-block-spacer\"><\/div>\n\n\n\n<div class=\"wp-block-media-text has-media-on-the-right is-stacked-on-mobile is-image-fill\" style=\"grid-template-columns:auto 40%\"><div class=\"wp-block-media-text__content\">\n<h2 class=\"wp-block-heading has-text-align-left\">Ein Familiencampingplatz mit einem breiten Angebot an Animationen und Aktivit\u00e4ten<\/h2>\n\n\n\n<p>Eines ist sicher: Sie werden sich w\u00e4hrend Ihres Urlaubs in der Vend\u00e9e nicht langweilen! Unsere <strong>Familiencampingplatz in der N\u00e4he von Br\u00e9tignolles-sur-Mer<\/strong> h\u00e4lt n\u00e4mlich ein erfreuliches <strong>Aktivit\u00e4tenprogramm<\/strong> die Eltern und Kinder gleicherma\u00dfen begeistern werden:&nbsp;<\/p>\n\n\n\n<ul class=\"wp-block-list\">\n<li>Boule-Wettbewerbe und verschiedene Sportwettbewerbe ;&nbsp;<\/li>\n\n\n\n<li>Begr\u00fc\u00dfungsaperitif ;&nbsp;<\/li>\n\n\n\n<li>Wassergymnastikkurse ;&nbsp;<\/li>\n\n\n\n<li>Schatzsuche ;&nbsp;<\/li>\n\n\n\n<li>Tanzen ;&nbsp;<\/li>\n\n\n\n<li>Musikquiz ;&nbsp;<\/li>\n\n\n\n<li>Kostproben ;&nbsp;<\/li>\n\n\n\n<li>Tennis ;<\/li>\n\n\n\n<li>Abendunterhaltung (Konzert, Show, Zauberei und Themenessen...)<\/li>\n\n\n\n<li>Und viele andere Dinge!<\/li>\n<\/ul>\n\n\n\n<p>Au\u00dferdem k\u00f6nnen sich die Kinder im<strong>Spielplatz <\/strong>f\u00fcr Kinder w\u00e4hrend Ihrer gesamten <strong>Familienaufenthalt in der Vend\u00e9e<\/strong>.<\/p>\n<\/div><figure class=\"wp-block-media-text__media\" style=\"background-image:url(https:\/\/www.campingvaldevie.fr\/wp-content\/uploads\/2024\/02\/46.jpg);background-position:39% 54%\"><img loading=\"lazy\" decoding=\"async\" width=\"1024\" height=\"768\" src=\"https:\/\/www.campingvaldevie.fr\/wp-content\/uploads\/2024\/02\/46.jpg\" alt=\"\" class=\"wp-image-23767 size-full\" srcset=\"https:\/\/www.campingvaldevie.fr\/wp-content\/uploads\/2024\/02\/46.jpg 1024w, https:\/\/www.campingvaldevie.fr\/wp-content\/uploads\/2024\/02\/46-300x225.jpg 300w, https:\/\/www.campingvaldevie.fr\/wp-content\/uploads\/2024\/02\/46-768x576.jpg 768w\" sizes=\"auto, (max-width: 1024px) 100vw, 1024px\" \/><\/figure><\/div>\n\n\n\n<div style=\"height:40px\" aria-hidden=\"true\" class=\"wp-block-spacer\"><\/div>\n\n\n\n<div class=\"wp-block-media-text is-stacked-on-mobile is-image-fill\" style=\"grid-template-columns:40% auto\"><figure class=\"wp-block-media-text__media\" style=\"background-image:url(https:\/\/www.campingvaldevie.fr\/wp-content\/uploads\/2022\/09\/vacances-petit-camping-proche-bretignolles-sur-mer.jpg);background-position:50% 50%\"><img loading=\"lazy\" decoding=\"async\" width=\"700\" height=\"466\" src=\"https:\/\/www.campingvaldevie.fr\/wp-content\/uploads\/2022\/09\/vacances-petit-camping-proche-bretignolles-sur-mer.jpg\" alt=\"Urlaub Kleiner Campingplatz in der N\u00e4he von Br\u00e9tignolles sur Mer\" class=\"wp-image-18902 size-full\" srcset=\"https:\/\/www.campingvaldevie.fr\/wp-content\/uploads\/2022\/09\/vacances-petit-camping-proche-bretignolles-sur-mer.jpg 700w, https:\/\/www.campingvaldevie.fr\/wp-content\/uploads\/2022\/09\/vacances-petit-camping-proche-bretignolles-sur-mer-300x200.jpg 300w\" sizes=\"auto, (max-width: 700px) 100vw, 700px\" \/><\/figure><div class=\"wp-block-media-text__content\">\n<h2 class=\"wp-block-heading has-text-align-left\">Buchen Sie Ihren Familien-Campingurlaub in der N\u00e4he von Br\u00e9tignolles-sur-Mer<\/h2>\n\n\n\n<p>Sie sind von unserem Campingplatz f\u00fcr Ihren n\u00e4chsten Urlaub mit den Kindern begeistert? Dann warten Sie nicht l\u00e4nger und buchen Sie Ihren Aufenthalt!&nbsp;<\/p>\n\n\n\n<p>Sie haben eine Frage zu unserem <a href=\"https:\/\/www.campingvaldevie.fr\/de\/\">4-Sterne-Campingplatz in der Vend\u00e9e<\/a> (Preis des Aufenthalts, Animationen und Aktivit\u00e4ten, Spielplatz, Dienstleistungen, N\u00e4he zum Strand...)? Sie m\u00f6chten unsere Meinung zu den Sehensw\u00fcrdigkeiten in der Vend\u00e9e (Les Sables d'Olonne, Br\u00e9tignolles-sur-Mer, Saint-Hilaire-de-Riez, Talmont-Saint-Hilaire ...)? Z\u00f6gern Sie nicht, uns zu kontaktieren; die Zufriedenheit unserer Urlauber ist unsere Priorit\u00e4t!&nbsp;<\/p>\n\n\n\n<p>Was ist unser Ziel? Dass Sie einen unvergesslichen Aufenthalt in unserem<strong> Familiencampingplatz in der N\u00e4he von Br\u00e9tignolles-sur-Mer <\/strong>!&nbsp;<\/p>\n<\/div><\/div>\n\n\n\n<div style=\"height:40px\" aria-hidden=\"true\" class=\"wp-block-spacer\"><\/div>\n\n\n\n<h2 class=\"wp-block-heading has-text-align-center\">Meinung eines Urlaubers<\/h2>\n\n\n\n<p><em>Wie die meisten Urlauber schaue ich mir oft die Bewertungen an, bevor ich mich f\u00fcr einen Campingplatz entscheide. Was unseren n\u00e4chsten Urlaub betrifft, habe ich mich f\u00fcr einen <strong>Campingplatz<\/strong> mit den <strong>beste Bewertungen in Br\u00e9tignolles sur Mer in Frankreich<\/strong>.<\/em><\/p>\n\n\n\n<p><em>Sie m\u00fcssen sich nur selbst davon \u00fcberzeugen, dass der <strong>camping le Val de Vie in der N\u00e4he von Br\u00e9tignolles sur Mer<\/strong> h\u00e4lt die besten Bewertungen. Als ich das gesehen habe, habe ich keine Sekunde gez\u00f6gert, bevor ich eine Ferienwohnung gebucht habe. Egal ob auf einer der Plattformen: Tripadvisor, Zoover, Google oder Facebook, die Bewertungen sind alle positiv. Eine Einstimmigkeit, die den Unterschied macht. W\u00e4ren die Meinungen n\u00e4mlich gr\u00f6\u00dftenteils schlecht gewesen, h\u00e4tte ich sicherlich nicht gebucht und mir einen anderen Campingplatz gesucht. Ich vertraue den Meinungen der G\u00e4ste viel mehr als dem, was ich auf der Website des Campingplatzes sehe.<\/em><\/p>\n\n\n\n<p><em>Ich buchte also eine Woche in einem Mobilheim f\u00fcr f\u00fcnf Personen mit unseren Kindern. Wenn ich mir die Fotos anschaue, sieht die Unterkunft modern und hochwertig aus. Ich kann es kaum erwarten zu sehen, ob sie der Wahrheit entsprechen. Es gibt ein Schlafzimmer mit einem Doppelbett und ein weiteres mit drei Einzelbetten, von denen eines ein Etagenbett ist. Das Wohnzimmer sieht ger\u00e4umig aus, sodass wir uns nicht st\u00e4ndig gegenseitig auf die F\u00fc\u00dfe treten werden. Auch wenn ich glaube, dass wir dort nur wenig Zeit verbringen werden und unser Lieblingsplatz die Holzterrasse neben dem Mobilheim sein wird. Ich stelle mir schon vor, wie wir uns bei einem Glas und ein paar Leckereien \u00fcber alles und nichts unterhalten.<\/em><\/p>\n\n\n\n<p>- Erz\u00e4hlung der Familie C - -<\/p>\n\n\n\n<p>Entdecken Sie auch :<\/p>\n\n\n\n<ul class=\"wp-block-list\">\n<li><a href=\"https:\/\/www.campingvaldevie.fr\/de\/redaktionell\/guter-plan-camping-nahe-bretignolles-sur-mer\/\">g\u00fcnstiger Campingplatz in der N\u00e4he von Br\u00e9tignolles sur mer<\/a><\/li>\n<\/ul>","protected":false},"excerpt":{"rendered":"<p>Vous avez jet\u00e9 votre d\u00e9volu sur la Vend\u00e9e pour vos prochaines vacances en famille ? Vous avez h\u00e2te de d\u00e9couvrir les beaut\u00e9s de Br\u00e9tignolles-sur-Mer, des Sables d\u2019Olonne, de Saint-Jean-de-Monts, de Saint-Hilaire-de-Riez ou encore de Talmont-Saint-Hilaire ?Alors n\u2019attendez plus pour r\u00e9server votre s\u00e9jour dans notre camping familial \u00e0 proximit\u00e9 de Br\u00e9tignolles-sur-Mer, un camping 4 \u00e9toiles pr\u00e8s [&hellip;]<\/p>\n","protected":false},"author":4,"featured_media":0,"parent":22336,"menu_order":0,"comment_status":"closed","ping_status":"closed","template":"","meta":{"_seopress_robots_primary_cat":"","_seopress_titles_title":"Camping familial pr\u00e8s de Br\u00e9tignolles-sur-Mer en Vend\u00e9e","_seopress_titles_desc":"D\u00e9couvrez notre camping familial 4 \u00e9toiles pr\u00e8s de Br\u00e9tignolles-sur-Mer, Vend\u00e9e. Profitez d'un s\u00e9jour tout confort en mobil-home ou emplacement traditionnel avec piscine chauff\u00e9e, animations et activit\u00e9s pour tous.","_seopress_robots_index":"","footnotes":""},"class_list":["post-24162","page","type-page","status-publish","hentry"],"_links":{"self":[{"href":"https:\/\/www.campingvaldevie.fr\/de\/wp-json\/wp\/v2\/pages\/24162","targetHints":{"allow":["GET"]}}],"collection":[{"href":"https:\/\/www.campingvaldevie.fr\/de\/wp-json\/wp\/v2\/pages"}],"about":[{"href":"https:\/\/www.campingvaldevie.fr\/de\/wp-json\/wp\/v2\/types\/page"}],"author":[{"embeddable":true,"href":"https:\/\/www.campingvaldevie.fr\/de\/wp-json\/wp\/v2\/users\/4"}],"replies":[{"embeddable":true,"href":"https:\/\/www.campingvaldevie.fr\/de\/wp-json\/wp\/v2\/comments?post=24162"}],"version-history":[{"count":1,"href":"https:\/\/www.campingvaldevie.fr\/de\/wp-json\/wp\/v2\/pages\/24162\/revisions"}],"predecessor-version":[{"id":24165,"href":"https:\/\/www.campingvaldevie.fr\/de\/wp-json\/wp\/v2\/pages\/24162\/revisions\/24165"}],"up":[{"embeddable":true,"href":"https:\/\/www.campingvaldevie.fr\/de\/wp-json\/wp\/v2\/pages\/22336"}],"wp:attachment":[{"href":"https:\/\/www.campingvaldevie.fr\/de\/wp-json\/wp\/v2\/media?parent=24162"}],"curies":[{"name":"wp","href":"https:\/\/api.w.org\/{rel}","templated":true}]}}