{"id":25071,"date":"2024-06-17T11:53:07","date_gmt":"2024-06-17T09:53:07","guid":{"rendered":"https:\/\/www.campingvaldevie.fr\/?page_id=25071"},"modified":"2024-07-24T10:46:02","modified_gmt":"2024-07-24T08:46:02","slug":"apremont-see","status":"publish","type":"page","link":"https:\/\/www.campingvaldevie.fr\/de\/tourisme-vendee\/lac-apremont\/","title":{"rendered":"Entdecken Sie den See von Apremont in der Vend\u00e9e"},"content":{"rendered":"<p>Die Vend\u00e9e, die f\u00fcr ihre wundersch\u00f6nen Landschaften und ihr reiches Kulturerbe bekannt ist, beherbergt ein Naturjuwel: den <strong>See von Apremont<\/strong>. Eingebettet im Herzen der Region bietet dieser See eine Vielzahl von Aktivit\u00e4ten f\u00fcr die <strong>Naturliebhaber <\/strong>und Familien auf der Suche nach Entspannung w\u00e4hrend ihres Urlaubs in <a href=\"\/de\/\">4-Sterne-Campingplatz in der Vend\u00e9e<\/a>. In diesem Artikel laden wir Sie ein, die Wunder des <strong>Apremont-See<\/strong> !<\/p>\n\n\n\n<div class=\"wp-block-media-text alignfull has-media-on-the-right is-stacked-on-mobile is-vertically-aligned-center is-style-default\" style=\"grid-template-columns:auto 40%\"><div class=\"wp-block-media-text__content\">\n<h2 class=\"wp-block-heading has-text-align-left\">Ein au\u00dfergew\u00f6hnlicher Naturstandort<\/h2>\n\n\n\n<p>Die <strong>Apremont-See<\/strong>Der durch einen Staudamm am Fluss Vie entstandene Park erstreckt sich \u00fcber 177 Hektar. Dieses Gebiet ist ein beliebter Ort f\u00fcr Outdoor-Fans. Sie k\u00f6nnen sich verschiedenen <strong>Wassersportaktivit\u00e4ten<\/strong> wie Kanu fahren, Paddeln oder auch Baden. Die Ufer des <strong>Apremont-See<\/strong> sind auch ideal f\u00fcr Familienspazierg\u00e4nge, Picknicks oder einfach nur, um die Ruhe der Umgebung zu genie\u00dfen.<\/p>\n<\/div><figure class=\"wp-block-media-text__media\"><img loading=\"lazy\" decoding=\"async\" width=\"640\" height=\"424\" src=\"https:\/\/www.campingvaldevie.fr\/wp-content\/uploads\/2024\/06\/lac-apremont.jpg\" alt=\"Apremont-See\" class=\"wp-image-25075 size-large\" srcset=\"https:\/\/www.campingvaldevie.fr\/wp-content\/uploads\/2024\/06\/lac-apremont.jpg 640w, https:\/\/www.campingvaldevie.fr\/wp-content\/uploads\/2024\/06\/lac-apremont-300x199.jpg 300w\" sizes=\"auto, (max-width: 640px) 100vw, 640px\" \/><\/figure><\/div>\n\n\n\n<div style=\"height:30px\" aria-hidden=\"true\" class=\"wp-block-spacer\"><\/div>\n\n\n\n<div class=\"wp-block-media-text alignfull is-stacked-on-mobile is-vertically-aligned-center is-style-default\" style=\"grid-template-columns:40% auto\"><figure class=\"wp-block-media-text__media\"><img loading=\"lazy\" decoding=\"async\" width=\"640\" height=\"424\" src=\"https:\/\/www.campingvaldevie.fr\/wp-content\/uploads\/2024\/06\/peche-lac-apremont.jpg\" alt=\"Angeln Apremont-See\" class=\"wp-image-25080 size-full\" srcset=\"https:\/\/www.campingvaldevie.fr\/wp-content\/uploads\/2024\/06\/peche-lac-apremont.jpg 640w, https:\/\/www.campingvaldevie.fr\/wp-content\/uploads\/2024\/06\/peche-lac-apremont-300x199.jpg 300w\" sizes=\"auto, (max-width: 640px) 100vw, 640px\" \/><\/figure><div class=\"wp-block-media-text__content\">\n<h2 class=\"wp-block-heading has-text-align-left\">Aktivit\u00e4ten am See von Apremont<\/h2>\n\n\n\n<p>F\u00fcr passionierte Angler ist der<strong> Apremont-See <\/strong>ist ein wahres Paradies, besonders ber\u00fchmt f\u00fcr die <strong>Angeln<\/strong> auf Karpfen zu konzentrieren. Mit einer gro\u00dfen Vielfalt an Fischen ist dieser Ort perfekt, um ruhige Tage am Wasser zu verbringen. Wenn Sie nach einem <a href=\"\/de\/camping-fischfang-vendee\/\">campingplatz mit fischteich in der Vend\u00e9e<\/a>Unser Freilufthotel ist der ideale Ort, um Angelvergn\u00fcgen und Komfort miteinander zu verbinden.<\/p>\n<\/div><\/div>\n\n\n\n<div style=\"height:30px\" aria-hidden=\"true\" class=\"wp-block-spacer\"><\/div>\n\n\n\n<div class=\"wp-block-media-text alignfull has-media-on-the-right is-stacked-on-mobile is-vertically-aligned-center is-style-default\" style=\"grid-template-columns:auto 40%\"><div class=\"wp-block-media-text__content\">\n<h2 class=\"wp-block-heading\">Entdeckungstouren mit dem Fahrrad und Wanderungen<\/h2>\n\n\n\n<p>Die Region um den <strong>Apremont-See<\/strong> ist ideal f\u00fcr <strong>Fahrrad<\/strong> und von <strong>Wanderungen<\/strong>. Auf zahlreichen Wanderwegen und Rundwegen k\u00f6nnen Sie die abwechslungsreichen Landschaften der Vend\u00e9e entdecken. Eine beliebte Route ist der Rundweg von Saint-Palluau nach Aizenay, der durch bukolische D\u00f6rfer und Landschaften f\u00fchrt. Diese Strecken bieten herrliche Ausblicke auf die Landschaft der Vend\u00e9e und eignen sich perfekt f\u00fcr einen Erkundungstag w\u00e4hrend Ihres Urlaubs in <a href=\"\/de\/camping-see-vendee\/\">campingplatz mit see in der Vend\u00e9e<\/a>.<\/p>\n<\/div><figure class=\"wp-block-media-text__media\"><img loading=\"lazy\" decoding=\"async\" width=\"640\" height=\"424\" src=\"https:\/\/www.campingvaldevie.fr\/wp-content\/uploads\/2024\/06\/randonnee-lac-apremont.jpg\" alt=\"wanderung apremont-see\" class=\"wp-image-25084 size-full\" srcset=\"https:\/\/www.campingvaldevie.fr\/wp-content\/uploads\/2024\/06\/randonnee-lac-apremont.jpg 640w, https:\/\/www.campingvaldevie.fr\/wp-content\/uploads\/2024\/06\/randonnee-lac-apremont-300x199.jpg 300w\" sizes=\"auto, (max-width: 640px) 100vw, 640px\" \/><\/figure><\/div>\n\n\n\n<div style=\"height:30px\" aria-hidden=\"true\" class=\"wp-block-spacer\"><\/div>\n\n\n\n<div class=\"wp-block-media-text alignfull is-stacked-on-mobile is-vertically-aligned-center is-style-default\" style=\"grid-template-columns:40% auto\"><figure class=\"wp-block-media-text__media\"><img loading=\"lazy\" decoding=\"async\" width=\"1024\" height=\"682\" src=\"https:\/\/www.campingvaldevie.fr\/wp-content\/uploads\/2018\/02\/dunes-saint-jean-de-monts-IMG_4427-1024x682.jpg\" alt=\"Saint jean de monts\" class=\"wp-image-1902 size-full\" srcset=\"https:\/\/www.campingvaldevie.fr\/wp-content\/uploads\/2018\/02\/dunes-saint-jean-de-monts-IMG_4427-1024x682.jpg 1024w, https:\/\/www.campingvaldevie.fr\/wp-content\/uploads\/2018\/02\/dunes-saint-jean-de-monts-IMG_4427-300x200.jpg 300w, https:\/\/www.campingvaldevie.fr\/wp-content\/uploads\/2018\/02\/dunes-saint-jean-de-monts-IMG_4427-768x512.jpg 768w, https:\/\/www.campingvaldevie.fr\/wp-content\/uploads\/2018\/02\/dunes-saint-jean-de-monts-IMG_4427.jpg 1100w\" sizes=\"auto, (max-width: 1024px) 100vw, 1024px\" \/><\/figure><div class=\"wp-block-media-text__content\">\n<h2 class=\"wp-block-heading\">Die Umgebung des Apremont-Sees erkunden<\/h2>\n\n\n\n<p>Neben dem <strong>Apremont-See<\/strong>Die Region ist voll von Sehensw\u00fcrdigkeiten, die es in unserer Umgebung zu entdecken gilt. <a href=\"\/de\/familiencamping-vendee\/\">Familiencampingplatz in der Vend\u00e9e<\/a>. Verpassen Sie nicht den Besuch des <strong>Schloss Apremont<\/strong>Ein historisches Denkmal mit Blick auf den See. Die <strong>Kapelle von Palluau<\/strong> und die reizvollen Wanderwege rund um die Fl\u00fcsse Vie und Loire sind ebenfalls ein Muss. Nutzen Sie Ihren Aufenthalt, um die <strong>D\u00f6rfer<\/strong> von Saint-Gervais und Saint-Jean-de-Monts, oder auch die<strong> Str\u00e4nde an der K\u00fcste der Vend\u00e9e<\/strong>wie Les Sables d'Olonne. Unsere <a href=\"\/de\/der-pool\/\">campingplatz in der Vend\u00e9e mit schwimmbad<\/a> erm\u00f6glicht Ihnen auch eine Wasserpause nach Ihren Erkundungstagen.<\/p>\n<\/div><\/div>\n\n\n\n<div style=\"height:30px\" aria-hidden=\"true\" class=\"wp-block-spacer\"><\/div>\n\n\n\n<div class=\"wp-block-media-text alignfull has-media-on-the-right is-stacked-on-mobile is-vertically-aligned-center is-style-default\" style=\"grid-template-columns:auto 40%\"><div class=\"wp-block-media-text__content\">\n<h2 class=\"wp-block-heading\">Kulturerbe und lokale Traditionen<\/h2>\n\n\n\n<p>Nach einem Tag im <strong>Apremont-See<\/strong>Erkunden Sie weiter die <strong>Vend\u00e9e,<\/strong> ein Land, das reich an Geschichte und Traditionen ist. Der Bau des Staudamms und das Wassermanagement des Sees sind Zeugnisse des lokalen Einfallsreichtums. Die Furt des Lebens und die alten gepflasterten Stra\u00dfen sind Symbole dieses reichen Erbes. Bei der Erkundung der Pfade und Stra\u00dfen w\u00e4hrend Ihres Urlaubs in unserem <a href=\"\/de\/\">Campingplatz in Mach\u00e9<\/a>Wenn Sie sich in der N\u00e4he der Stadt aufhalten, werden Sie eine Region entdecken, in der jeder Stein eine Geschichte erz\u00e4hlt.<br>Die <strong>Apremont-See<\/strong> ist ein unumg\u00e4ngliches Ziel f\u00fcr alle, die sich inmitten der Natur der Vend\u00e9e erholen m\u00f6chten. Indem Sie sich f\u00fcr eine <a href=\"\/de\/unterkunfte\/\">vermietung mobilheim in Vend\u00e9e <\/a>auf unserem Campingplatz haben Sie die Gewissheit, dass ein <strong>hochwertige Unterkunft<\/strong> und einen leichten Zugang zu allen Aktivit\u00e4ten, die dieser wundersch\u00f6ne <strong>Apremont-See<\/strong> !<\/p>\n<\/div><figure class=\"wp-block-media-text__media\"><img loading=\"lazy\" decoding=\"async\" width=\"768\" height=\"768\" src=\"https:\/\/www.campingvaldevie.fr\/wp-content\/uploads\/2024\/01\/20190616-174840-resized-Verre-Curieux.jpg\" alt=\"CC Vend\u00e9e Tourismus\" class=\"wp-image-23523 size-full\" srcset=\"https:\/\/www.campingvaldevie.fr\/wp-content\/uploads\/2024\/01\/20190616-174840-resized-Verre-Curieux.jpg 768w, https:\/\/www.campingvaldevie.fr\/wp-content\/uploads\/2024\/01\/20190616-174840-resized-Verre-Curieux-300x300.jpg 300w, https:\/\/www.campingvaldevie.fr\/wp-content\/uploads\/2024\/01\/20190616-174840-resized-Verre-Curieux-150x150.jpg 150w\" sizes=\"auto, (max-width: 768px) 100vw, 768px\" \/><\/figure><\/div>\n\n\n\n<div style=\"height:30px\" aria-hidden=\"true\" class=\"wp-block-spacer\"><\/div>\n\n\n\n<div class=\"wp-block-group\"><div class=\"wp-block-group__inner-container is-layout-constrained wp-block-group-is-layout-constrained\">\n<h2 class=\"wp-block-heading has-text-align-center\">Entdecken Sie auch<\/h2>\n\n\n\n<div class=\"wp-block-columns is-layout-flex wp-container-core-columns-is-layout-9d6595d7 wp-block-columns-is-layout-flex\">\n<div class=\"wp-block-column is-layout-flow wp-block-column-is-layout-flow\">\n<div class=\"wp-block-cover has-small-font-size\" style=\"min-height:350px;aspect-ratio:unset;\"><span aria-hidden=\"true\" class=\"wp-block-cover__background has-background-dim\"><\/span><img loading=\"lazy\" decoding=\"async\" width=\"700\" height=\"466\" class=\"wp-block-cover__image-background wp-image-18902\" alt=\"Urlaub Kleiner Campingplatz in der N\u00e4he von Br\u00e9tignolles sur Mer\" src=\"https:\/\/www.campingvaldevie.fr\/wp-content\/uploads\/2022\/09\/vacances-petit-camping-proche-bretignolles-sur-mer.jpg\" data-object-fit=\"cover\" srcset=\"https:\/\/www.campingvaldevie.fr\/wp-content\/uploads\/2022\/09\/vacances-petit-camping-proche-bretignolles-sur-mer.jpg 700w, https:\/\/www.campingvaldevie.fr\/wp-content\/uploads\/2022\/09\/vacances-petit-camping-proche-bretignolles-sur-mer-300x200.jpg 300w\" sizes=\"auto, (max-width: 700px) 100vw, 700px\" \/><div class=\"wp-block-cover__inner-container is-layout-flow wp-block-cover-is-layout-flow\">\n<p class=\"has-text-align-center has-large-font-size\"><a href=\"\/de\/tourismus-vendee\/bretignolles-sur-mer\/\">Bretignolles sur mer<\/a><\/p>\n<\/div><\/div>\n<\/div>\n\n\n\n<div class=\"wp-block-column is-layout-flow wp-block-column-is-layout-flow\">\n<div class=\"wp-block-cover has-small-font-size\" style=\"min-height:350px;aspect-ratio:unset;\"><span aria-hidden=\"true\" class=\"wp-block-cover__background has-background-dim\"><\/span><img loading=\"lazy\" decoding=\"async\" width=\"1200\" height=\"800\" class=\"wp-block-cover__image-background wp-image-11804\" alt=\"die Tiere auf dem Platz\" src=\"https:\/\/www.campingvaldevie.fr\/wp-content\/uploads\/2022\/02\/Bestiaire-la-roche-sur-yon-IMG_1826-1.jpg\" data-object-fit=\"cover\" srcset=\"https:\/\/www.campingvaldevie.fr\/wp-content\/uploads\/2022\/02\/Bestiaire-la-roche-sur-yon-IMG_1826-1.jpg 1200w, https:\/\/www.campingvaldevie.fr\/wp-content\/uploads\/2022\/02\/Bestiaire-la-roche-sur-yon-IMG_1826-1-300x200.jpg 300w, https:\/\/www.campingvaldevie.fr\/wp-content\/uploads\/2022\/02\/Bestiaire-la-roche-sur-yon-IMG_1826-1-1024x683.jpg 1024w, https:\/\/www.campingvaldevie.fr\/wp-content\/uploads\/2022\/02\/Bestiaire-la-roche-sur-yon-IMG_1826-1-768x512.jpg 768w\" sizes=\"auto, (max-width: 1200px) 100vw, 1200px\" \/><div class=\"wp-block-cover__inner-container is-layout-flow wp-block-cover-is-layout-flow\">\n<p class=\"has-text-align-center has-large-font-size\"><a href=\"https:\/\/www.campingvaldevie.fr\/de\/tourismus-vendee\/la-roche-sur-yon\/\" data-type=\"page\" data-id=\"1382\">La Roche-sur-Yon<\/a><\/p>\n<\/div><\/div>\n<\/div>\n\n\n\n<div class=\"wp-block-column is-layout-flow wp-block-column-is-layout-flow\">\n<div class=\"wp-block-cover is-light has-small-font-size\" style=\"min-height:350px;aspect-ratio:unset;\"><span aria-hidden=\"true\" class=\"wp-block-cover__background has-background-dim\"><\/span><img loading=\"lazy\" decoding=\"async\" width=\"1200\" height=\"800\" class=\"wp-block-cover__image-background wp-image-20298\" alt=\"Tourismus aizenay\" src=\"https:\/\/www.campingvaldevie.fr\/wp-content\/uploads\/2022\/12\/tourisme-aizenay.jpg\" data-object-fit=\"cover\" srcset=\"https:\/\/www.campingvaldevie.fr\/wp-content\/uploads\/2022\/12\/tourisme-aizenay.jpg 1200w, https:\/\/www.campingvaldevie.fr\/wp-content\/uploads\/2022\/12\/tourisme-aizenay-300x200.jpg 300w, https:\/\/www.campingvaldevie.fr\/wp-content\/uploads\/2022\/12\/tourisme-aizenay-1024x683.jpg 1024w, https:\/\/www.campingvaldevie.fr\/wp-content\/uploads\/2022\/12\/tourisme-aizenay-768x512.jpg 768w\" sizes=\"auto, (max-width: 1200px) 100vw, 1200px\" \/><div class=\"wp-block-cover__inner-container is-layout-flow wp-block-cover-is-layout-flow\">\n<p class=\"has-text-align-center has-large-font-size\"><a href=\"\/de\/tourismus-vendee\/tourismus-aizenay\/\">Aizenay<\/a><\/p>\n<\/div><\/div>\n<\/div>\n<\/div>\n<\/div><\/div>","protected":false},"excerpt":{"rendered":"<p>La Vend\u00e9e, r\u00e9put\u00e9e pour ses magnifiques paysages et son riche patrimoine, abrite un joyau naturel : le Lac d&rsquo;Apremont. Nich\u00e9 au c\u0153ur de la r\u00e9gion, ce lac offre une multitude d&rsquo;activit\u00e9s pour les amoureux de la nature et les familles en qu\u00eate de d\u00e9tente pendant leurs vacances en camping 4 \u00e9toiles en Vend\u00e9e. Dans cet [&hellip;]<\/p>\n","protected":false},"author":4,"featured_media":0,"parent":20275,"menu_order":0,"comment_status":"closed","ping_status":"closed","template":"","meta":{"_seopress_robots_primary_cat":"","_seopress_titles_title":"","_seopress_titles_desc":"Le Lac d'Apremont, joyau naturel de la Vend\u00e9e, propose diverses activit\u00e9s pour les amoureux de nature et les familles en qu\u00eate de d\u00e9tente pendant leurs vacances camping.","_seopress_robots_index":"","footnotes":""},"class_list":["post-25071","page","type-page","status-publish","hentry"],"_links":{"self":[{"href":"https:\/\/www.campingvaldevie.fr\/de\/wp-json\/wp\/v2\/pages\/25071","targetHints":{"allow":["GET"]}}],"collection":[{"href":"https:\/\/www.campingvaldevie.fr\/de\/wp-json\/wp\/v2\/pages"}],"about":[{"href":"https:\/\/www.campingvaldevie.fr\/de\/wp-json\/wp\/v2\/types\/page"}],"author":[{"embeddable":true,"href":"https:\/\/www.campingvaldevie.fr\/de\/wp-json\/wp\/v2\/users\/4"}],"replies":[{"embeddable":true,"href":"https:\/\/www.campingvaldevie.fr\/de\/wp-json\/wp\/v2\/comments?post=25071"}],"version-history":[{"count":3,"href":"https:\/\/www.campingvaldevie.fr\/de\/wp-json\/wp\/v2\/pages\/25071\/revisions"}],"predecessor-version":[{"id":25757,"href":"https:\/\/www.campingvaldevie.fr\/de\/wp-json\/wp\/v2\/pages\/25071\/revisions\/25757"}],"up":[{"embeddable":true,"href":"https:\/\/www.campingvaldevie.fr\/de\/wp-json\/wp\/v2\/pages\/20275"}],"wp:attachment":[{"href":"https:\/\/www.campingvaldevie.fr\/de\/wp-json\/wp\/v2\/media?parent=25071"}],"curies":[{"name":"wp","href":"https:\/\/api.w.org\/{rel}","templated":true}]}}