{"id":25889,"date":"2025-09-22T14:51:40","date_gmt":"2025-09-22T12:51:40","guid":{"rendered":"https:\/\/www.campingvaldevie.fr\/?page_id=25889"},"modified":"2026-04-15T23:09:55","modified_gmt":"2026-04-15T21:09:55","slug":"aktivitaten-bretignolles-sur-mer","status":"publish","type":"page","link":"https:\/\/www.campingvaldevie.fr\/de\/activitees-bretignolles-sur-mer\/","title":{"rendered":"Top-Aktivit\u00e4ten in Bretignolles-sur-Mer"},"content":{"rendered":"<p>Zwischen <strong>Les Sables d'Olonne<\/strong> und <strong>Saint-Gilles-Croix-de-Vie<\/strong>befindet sich <strong>Bretignolles-sur-Mer<\/strong>,<strong> <\/strong>eine kleine Perle der <strong>C\u00f4te de Lumi\u00e8re (K\u00fcste des Lichts)<\/strong>. Mit ihrem Label <strong>Qualit\u00e4t des Tourismus<\/strong> und seiner entspannten Atmosph\u00e4re ist diese <strong>Badeort<\/strong> zeichnet sich durch seine wundersch\u00f6nen Str\u00e4nde, sein Kulturerbe und seine hochwertige Infrastruktur aus. Haben Sie Lust, die Vorz\u00fcge dieser charmanten Stadt zu entdecken? Dann sollten Sie wissen, dass Ihr <a href=\"https:\/\/www.campingvaldevie.fr\/de\/\">4-Sterne-Campingplatz in der Vend\u00e9e<\/a>, <strong>Val de Vie<\/strong>, ist 25 km entfernt!<br><\/p>\n\n\n\n<div style=\"height:30px\" aria-hidden=\"true\" class=\"wp-block-spacer\"><\/div>\n\n\n\n<div class=\"wp-block-media-text is-stacked-on-mobile is-image-fill-element\"><figure class=\"wp-block-media-text__media\"><img loading=\"lazy\" decoding=\"async\" width=\"1024\" height=\"683\" src=\"https:\/\/www.campingvaldevie.fr\/wp-content\/uploads\/2022\/02\/Bretignolles-sur-mer-IMG_1570-1024x683.jpg\" alt=\"Strand von Br\u00e9tignolles sur Mer\" class=\"wp-image-11896 size-full\" style=\"object-position:50% 50%\" srcset=\"https:\/\/www.campingvaldevie.fr\/wp-content\/uploads\/2022\/02\/Bretignolles-sur-mer-IMG_1570-1024x683.jpg 1024w, https:\/\/www.campingvaldevie.fr\/wp-content\/uploads\/2022\/02\/Bretignolles-sur-mer-IMG_1570-300x200.jpg 300w, https:\/\/www.campingvaldevie.fr\/wp-content\/uploads\/2022\/02\/Bretignolles-sur-mer-IMG_1570-768x512.jpg 768w, https:\/\/www.campingvaldevie.fr\/wp-content\/uploads\/2022\/02\/Bretignolles-sur-mer-IMG_1570.jpg 1200w\" sizes=\"auto, (max-width: 1024px) 100vw, 1024px\" \/><\/figure><div class=\"wp-block-media-text__content\">\n<h2 class=\"wp-block-heading\"><strong>Das Wichtigste, was Sie vor einem Besuch in Bretignolles-sur-Mer beachten sollten<\/strong><\/h2>\n\n\n\n<ul class=\"wp-block-list\">\n<li><strong>Abwechslungsreiche Str\u00e4nde<\/strong> : wilde Buchten (Sauzaie), Familienstr\u00e4nde (Par\u00e9e), Wassersport (Normandeli\u00e8re, Dunes).<\/li>\n\n\n\n<li><strong>Gleitsportarten<\/strong> : Surfen, Kitesurfen, Bodyboard - Station mit G\u00fctesiegel <em>Surfstadt 2025<\/em>.<\/li>\n\n\n\n<li><strong>Spazierg\u00e4nge in der Natur<\/strong> : K\u00fcstenpfad, D\u00fcnen von Sauzaie und Gach\u00e8re (Natura 2000), Radwege der V\u00e9lodyss\u00e9e.<\/li>\n\n\n\n<li><strong>Kulturerbe<\/strong> : Dolmen de la Pierre Lev\u00e9e, Felsen Sainte V\u00e9ronique, Kirche Notre-Dame, Museum Vend\u00e9e Miniature.<\/li>\n\n\n\n<li><strong>Familienunterhaltung<\/strong> : Skatepark, Minigolf, Jahrmarkt und authentische Atmosph\u00e4re in den Stadtvierteln.<\/li>\n\n\n\n<li><strong>Lokale Gastronomie<\/strong> : M\u00e4rkte und gute Restaurants mit Blick auf den Ozean.<\/li>\n\n\n\n<li><strong>Festliche Veranstaltungen<\/strong> : Festival La 7\u00e8me Vague, La D\u00e9ferlante, Rock'n Beer, Sommernachtsmarkt.<\/li>\n<\/ul>\n<\/div><\/div>\n\n\n\n<div style=\"height:30px\" aria-hidden=\"true\" class=\"wp-block-spacer\"><\/div>\n\n\n\n<div class=\"wp-block-media-text has-media-on-the-right is-stacked-on-mobile is-image-fill-element\"><div class=\"wp-block-media-text__content\">\n<h2 class=\"wp-block-heading\"><strong>Str\u00e4nde, Wellen und Wassersport!<\/strong><\/h2>\n\n\n\n<p>Die K\u00fcste von <strong>Bretignolles-sur-Mer<\/strong> ist eine Einladung zum Faulenzen und zu Abenteuern. Die Str\u00e4nde sind vielf\u00e4ltig und jeder hat seinen eigenen Charakter.<\/p>\n\n\n\n<p>Bevorzugen Sie wilde Buchten? Besuchen Sie die <strong>Strand der<\/strong> <strong>Sauzaie<\/strong> ! F\u00fcr Familien ist die <strong>Strand von La Par\u00e9e<\/strong> ist mit seiner friedlichen Atmosph\u00e4re ideal. Die <strong>Normandeli\u00e8re<\/strong> und der <strong>Sumpf Girard<\/strong> sind ideal f\u00fcr Wassersport oder zum Angeln.Sie fragen sich vielleicht <strong>was kann man in Bretignolles-sur-Mer unternehmen, um einen Nervenkitzel zu erleben<\/strong> ? Versuchen Sie es mit einem Surf-, Kitesurf- oder Bodyboardkurs! Die langen <strong>Str\u00e4nde von Les Dunes 1 und 2<\/strong> sind perfekt f\u00fcr diese Art von Aktivit\u00e4ten. Beachten Sie \u00fcbrigens, dass der Ort das Label <strong>Stadt zum Surfen<\/strong> im Jahr 2025.<\/p>\n<\/div><figure class=\"wp-block-media-text__media\"><img loading=\"lazy\" decoding=\"async\" width=\"1024\" height=\"683\" src=\"https:\/\/www.campingvaldevie.fr\/wp-content\/uploads\/2022\/02\/plage-de-la-paree-bretignolles-sur-mer-IMG_5419-1024x683.jpg\" alt=\"plage-de-la-paree-bretignolles-sur-mer\" class=\"wp-image-14453 size-full\" style=\"object-position:50% 50%\" srcset=\"https:\/\/www.campingvaldevie.fr\/wp-content\/uploads\/2022\/02\/plage-de-la-paree-bretignolles-sur-mer-IMG_5419-1024x683.jpg 1024w, https:\/\/www.campingvaldevie.fr\/wp-content\/uploads\/2022\/02\/plage-de-la-paree-bretignolles-sur-mer-IMG_5419-300x200.jpg 300w, https:\/\/www.campingvaldevie.fr\/wp-content\/uploads\/2022\/02\/plage-de-la-paree-bretignolles-sur-mer-IMG_5419-768x512.jpg 768w, https:\/\/www.campingvaldevie.fr\/wp-content\/uploads\/2022\/02\/plage-de-la-paree-bretignolles-sur-mer-IMG_5419.jpg 1200w\" sizes=\"auto, (max-width: 1024px) 100vw, 1024px\" \/><\/figure><\/div>\n\n\n\n<div style=\"height:30px\" aria-hidden=\"true\" class=\"wp-block-spacer\"><\/div>\n\n\n\n<div class=\"wp-block-media-text is-stacked-on-mobile is-image-fill-element\"><figure class=\"wp-block-media-text__media\"><img loading=\"lazy\" decoding=\"async\" width=\"1024\" height=\"683\" src=\"https:\/\/www.campingvaldevie.fr\/wp-content\/uploads\/2022\/02\/pistes-cyclables-bretignolles-sur-mer-IMG_9111-1024x683.jpg\" alt=\"Spaziergang auf der Corniche von Br\u00e9tignolles sur Mer\" class=\"wp-image-11905 size-full\" style=\"object-position:50% 50%\" srcset=\"https:\/\/www.campingvaldevie.fr\/wp-content\/uploads\/2022\/02\/pistes-cyclables-bretignolles-sur-mer-IMG_9111-1024x683.jpg 1024w, https:\/\/www.campingvaldevie.fr\/wp-content\/uploads\/2022\/02\/pistes-cyclables-bretignolles-sur-mer-IMG_9111-300x200.jpg 300w, https:\/\/www.campingvaldevie.fr\/wp-content\/uploads\/2022\/02\/pistes-cyclables-bretignolles-sur-mer-IMG_9111-768x512.jpg 768w, https:\/\/www.campingvaldevie.fr\/wp-content\/uploads\/2022\/02\/pistes-cyclables-bretignolles-sur-mer-IMG_9111.jpg 1200w\" sizes=\"auto, (max-width: 1024px) 100vw, 1024px\" \/><\/figure><div class=\"wp-block-media-text__content\">\n<h2 class=\"wp-block-heading\"><strong>Wandern und in die Natur eintauchen<\/strong><\/h2>\n\n\n\n<p>Lieben Sie die Natur und lange Spazierg\u00e4nge? Ziehen Sie Ihre Turnschuhe w\u00e4hrend Ihrer <strong>Urlaub in der Vend\u00e9e<\/strong> !<\/p>\n\n\n\n<p>Die <strong>Wanderungen in Bretignolles-sur-Mer <\/strong>halten viele \u00dcberraschungen f\u00fcr Sie bereit. Sie k\u00f6nnen zu Fu\u00df auf dem <strong>K\u00fcstenpfad<\/strong>. Entlang der K\u00fcste ist der Anblick der Wellen, die gegen die Felsen schlagen, magisch.<\/p>\n\n\n\n<p>Vergessen Sie nicht, einen Abstecher nach <strong>die D\u00fcnen von La Sauzaie und La Gach\u00e8re<\/strong>. In diesen gro\u00dfen, klassifizierten<strong> Natura 2000<\/strong>In dieser Region gibt es eine einzigartige Flora und Fauna.<\/p>\n\n\n\n<p>Aber das ist noch nicht alles! Die Stadt hat auch das Siegel <strong>Startseite Fahrrad<\/strong>. Sie k\u00f6nnen Routen von der <strong>V\u00e9lodyss\u00e9e<\/strong>. Wir empfehlen Ihnen den, der die K\u00fcste mit dem Zentrum der Stadt verbindet.<\/p>\n<\/div><\/div>\n\n\n\n<div style=\"height:30px\" aria-hidden=\"true\" class=\"wp-block-spacer\"><\/div>\n\n\n\n<div class=\"wp-block-media-text has-media-on-the-right is-stacked-on-mobile is-image-fill-element\"><div class=\"wp-block-media-text__content\">\n<h2 class=\"wp-block-heading\"><strong>Eine Reise durch die Geschichte<\/strong><\/h2>\n\n\n\n<p><strong>Was man in Bretignolles-sur-Mer unternehmen kann, um das Kulturerbe zu entdecken<\/strong> ? Hier sind einige Ideen :<\/p>\n\n\n\n<ul class=\"wp-block-list\">\n<li><strong>Der Dolmen de la Pierre Lev\u00e9e in Soubise<\/strong> : Dieses Denkmal, das den Spitznamen \"Teufelsstein\" tr\u00e4gt, stammt aus der Jungsteinzeit! Es befindet sich in der Rue du Dolmen.<\/li>\n\n\n\n<li><strong>Die Stele im Marais Girard<\/strong> : Diese St\u00e4tte erinnert an die Geschichte der Corniche, die 1954 erbaut wurde. Sie finden sie in der Avenue de la Grande Roche.<\/li>\n\n\n\n<li><strong>Der Felsen der Heiligen Veronika<\/strong> : Dieser 6,5 m hohe Monolith verleiht der Bucht La Corque einen einzigartigen Charakter. Er befindet sich in La Par\u00e9e.<\/li>\n\n\n\n<li><strong>Die Kirche Notre-Dame de l'Assomption<\/strong> : Bewundern Sie ihre sch\u00f6ne Statue und die bemerkenswerte Orgel in der Rue du Clocher.<\/li>\n\n\n\n<li><strong>Vend\u00e9e Miniature<\/strong> : Tauchen Sie ein in ein Dorf in der Vend\u00e9e um 1900! Eine minuti\u00f6se Rekonstruktion, die Sie in der Rue du Pr\u00e9gneau 50 entdecken k\u00f6nnen. Dies ist einer der Lieblingsorte derjenigen, die Bretignolles-sur-Mer besuchen!<\/li>\n<\/ul>\n<\/div><figure class=\"wp-block-media-text__media\"><img loading=\"lazy\" decoding=\"async\" width=\"600\" height=\"450\" src=\"https:\/\/www.campingvaldevie.fr\/wp-content\/uploads\/2023\/11\/chateau-beaumarche-bretignolless-sur-mer.jpg\" alt=\"chateau-beaumarche-bretignolless-sur-mer\" class=\"wp-image-22646 size-full\" style=\"object-position:50% 50%\" srcset=\"https:\/\/www.campingvaldevie.fr\/wp-content\/uploads\/2023\/11\/chateau-beaumarche-bretignolless-sur-mer.jpg 600w, https:\/\/www.campingvaldevie.fr\/wp-content\/uploads\/2023\/11\/chateau-beaumarche-bretignolless-sur-mer-300x225.jpg 300w\" sizes=\"auto, (max-width: 600px) 100vw, 600px\" \/><\/figure><\/div>\n\n\n\n<div style=\"height:30px\" aria-hidden=\"true\" class=\"wp-block-spacer\"><\/div>\n\n\n\n<div class=\"wp-block-media-text is-stacked-on-mobile is-image-fill-element\"><figure class=\"wp-block-media-text__media\"><img loading=\"lazy\" decoding=\"async\" width=\"700\" height=\"525\" src=\"https:\/\/www.campingvaldevie.fr\/wp-content\/uploads\/2022\/09\/sejour-petit-camping-proche-bretignolles-sur-mer.jpg\" alt=\"Aufenthalt Kleiner Campingplatz in der N\u00e4he von Br\u00e9tignolles sur Mer\" class=\"wp-image-18901 size-full\" style=\"object-position:50% 50%\" srcset=\"https:\/\/www.campingvaldevie.fr\/wp-content\/uploads\/2022\/09\/sejour-petit-camping-proche-bretignolles-sur-mer.jpg 700w, https:\/\/www.campingvaldevie.fr\/wp-content\/uploads\/2022\/09\/sejour-petit-camping-proche-bretignolles-sur-mer-300x225.jpg 300w\" sizes=\"auto, (max-width: 700px) 100vw, 700px\" \/><\/figure><div class=\"wp-block-media-text__content\">\n<h2 class=\"wp-block-heading\"><strong><strong>Unterhaltung und Nervenkitzel<\/strong><\/strong><\/h2>\n\n\n\n<p>Sie suchen nach <strong>Aktivit\u00e4ten in Bretignolles-sur-Mer <\/strong>die die ganze Familie unterhalten?<\/p>\n\n\n\n<p>Schlendern Sie zu Beginn durch die verschiedenen <strong>Nachbarschaften<\/strong>. Sie haben die Wahl zwischen<strong> die Surfatmosph\u00e4re in La Sauzaie<\/strong>, <strong>die famili\u00e4re Atmosph\u00e4re in Marais Girard<\/strong>und <strong>la Par\u00e9e und sein sommerlicher Charakter<\/strong>.<\/p>\n\n\n\n<p>Dann gibt es noch den <strong>Skate Park des Morini\u00e8res<\/strong>. Dieser Ort wird Kinder und sogar Erwachsene begeistern! Er verf\u00fcgt \u00fcber 2 Rampen und 3 Hindernisse.<\/p>\n<\/div><\/div>\n\n\n\n<div class=\"wp-block-media-text has-media-on-the-right is-stacked-on-mobile is-image-fill-element\"><div class=\"wp-block-media-text__content\">\n<h2 class=\"wp-block-heading\"><strong><strong>Verkostung von Geschm\u00e4ckern aus der Vend\u00e9e<\/strong><\/strong><\/h2>\n\n\n\n<p>Ihre <strong>Aufenthalt in der Vend\u00e9e <\/strong>w\u00e4re nicht vollst\u00e4ndig ohne ein Festmahl! Die lokale Gastronomie ist ein Genuss.<\/p>\n\n\n\n<p>Leitung<strong> die M\u00e4rkte in Bretignolles-sur-Mer<\/strong>, wie der <strong>des Halles<\/strong>Die meisten Sch\u00fclerinnen und Sch\u00fcler haben die M\u00f6glichkeit, in einem Restaurant zu essen, um die Produkte der Region zu entdecken. <strong>K\u00e4se<\/strong>, <strong>Fischrillettes<\/strong>, <strong>pr\u00e9fou<\/strong>... Ihr Gaumen wird es lieben!<\/p>\n\n\n\n<p>Um die Atmosph\u00e4re der Stadt und die lokalen Spezialit\u00e4ten in vollen Z\u00fcgen zu genie\u00dfen, k\u00f6nnen Sie sich auch auf der Terrasse eines <strong>Restaurant am Meer<\/strong>. Dies ist der perfekte Ort, um ein gutes Essen zu genie\u00dfen und einen <strong>Sonnenuntergang in Bretignolles-sur-Mer<\/strong> ! Einige Restaurants sind sehr beliebt, z. B. <strong>Die Osselins<\/strong> und seine Gew\u00fcrzk\u00fcche, <strong>Das Yoyo<\/strong> und seine freundliche Atmosph\u00e4re oder<strong>Les Brisants<\/strong> und seine Gourmet-Tafel. Um noch weiter zu gehen, entdecken Sie unsere Auswahl der besten <a href=\"https:\/\/www.campingvaldevie.fr\/de\/blog\/restaurants-in-bretignolles\/\">Restaurants in Br\u00e9tignolles<\/a>.<\/p>\n<\/div><figure class=\"wp-block-media-text__media\"><img loading=\"lazy\" decoding=\"async\" width=\"683\" height=\"1024\" src=\"https:\/\/www.campingvaldevie.fr\/wp-content\/uploads\/2025\/09\/Degustation-fromage-vendeennes-683x1024.jpg\" alt=\"K\u00e4severkostung in der Vend\u00e9e\" class=\"wp-image-26610 size-full\" style=\"object-position:50% 50%\" srcset=\"https:\/\/www.campingvaldevie.fr\/wp-content\/uploads\/2025\/09\/Degustation-fromage-vendeennes-683x1024.jpg 683w, https:\/\/www.campingvaldevie.fr\/wp-content\/uploads\/2025\/09\/Degustation-fromage-vendeennes-200x300.jpg 200w, https:\/\/www.campingvaldevie.fr\/wp-content\/uploads\/2025\/09\/Degustation-fromage-vendeennes-768x1152.jpg 768w, https:\/\/www.campingvaldevie.fr\/wp-content\/uploads\/2025\/09\/Degustation-fromage-vendeennes-1024x1536.jpg 1024w, https:\/\/www.campingvaldevie.fr\/wp-content\/uploads\/2025\/09\/Degustation-fromage-vendeennes-1365x2048.jpg 1365w, https:\/\/www.campingvaldevie.fr\/wp-content\/uploads\/2025\/09\/Degustation-fromage-vendeennes-8x12.jpg 8w, https:\/\/www.campingvaldevie.fr\/wp-content\/uploads\/2025\/09\/Degustation-fromage-vendeennes-scaled.jpg 1707w\" sizes=\"auto, (max-width: 683px) 100vw, 683px\" \/><\/figure><\/div>\n\n\n\n<div class=\"wp-block-media-text is-stacked-on-mobile is-image-fill-element\"><figure class=\"wp-block-media-text__media\"><img loading=\"lazy\" decoding=\"async\" width=\"1024\" height=\"1024\" src=\"https:\/\/www.campingvaldevie.fr\/wp-content\/uploads\/2022\/02\/activites-et-animations-9-1024x1024.jpg\" alt=\"aktivit\u00e4ten-und-animationen\" class=\"wp-image-14351 size-full\" style=\"object-position:50% 50%\" srcset=\"https:\/\/www.campingvaldevie.fr\/wp-content\/uploads\/2022\/02\/activites-et-animations-9-1024x1024.jpg 1024w, https:\/\/www.campingvaldevie.fr\/wp-content\/uploads\/2022\/02\/activites-et-animations-9-300x300.jpg 300w, https:\/\/www.campingvaldevie.fr\/wp-content\/uploads\/2022\/02\/activites-et-animations-9-150x150.jpg 150w, https:\/\/www.campingvaldevie.fr\/wp-content\/uploads\/2022\/02\/activites-et-animations-9-768x767.jpg 768w, https:\/\/www.campingvaldevie.fr\/wp-content\/uploads\/2022\/02\/activites-et-animations-9.jpg 1080w\" sizes=\"auto, (max-width: 1024px) 100vw, 1024px\" \/><\/figure><div class=\"wp-block-media-text__content\">\n<h2 class=\"wp-block-heading\"><strong><strong><strong>Festliche Veranstaltungen das ganze Jahr \u00fcber<\/strong><\/strong><\/strong><\/h2>\n\n\n\n<p>Das Leben in <strong>Bretignolles-sur-Mer <\/strong>wird das ganze Jahr \u00fcber von zahlreichen Veranstaltungen belebt. Diese Feierlichkeiten ziehen Tausende von Besuchern an.<\/p>\n\n\n\n<ul class=\"wp-block-list\">\n<li>Lust auf Musik? Das Festival <strong>Die 7. Welle<\/strong> ist ein unumg\u00e4nglicher Termin! Er findet am Himmelfahrtswochenende statt.<\/li>\n\n\n\n<li>Bevorzugen Sie die Kunst der Stra\u00dfe? Verpassen Sie nicht <strong>Die Brandung<\/strong> im Fr\u00fchling und Sommer!<\/li>\n\n\n\n<li>Im Juli findet das Festival <strong>Rock'n Beer<\/strong> ist kostenlos und perfekt f\u00fcr Spa\u00df unter Erwachsenen.<\/li>\n\n\n\n<li>Und um die Sommerabende in Bretignolles-sur-Mer zu einem wahren Zauber zu machen, gehen Sie zum <strong>Nachtmarkt<\/strong> ! Er findet im Juli und August am Donnerstagabend auf dem Place de la Par\u00e9e statt.<\/li>\n<\/ul>\n\n\n\n<p>Lust, all diese <strong>Aktivit\u00e4ten<\/strong> nur wenige Schritte von einer hochwertigen Unterkunft entfernt? Bleiben Sie in unserem<strong> Campingplatz Val de Vie <\/strong>in Mach\u00e9! Ihre <a href=\"https:\/\/www.campingvaldevie.fr\/de\/unterkunfte\/\">Mobilheim in der Vend\u00e9e<\/a> erwartet Sie eine 30-min\u00fctige Fahrt von Bretignolles-sur-Mer entfernt. <strong>Schnell buchen<\/strong> und erleben Sie einen unvergesslichen Urlaub!<\/p>\n<\/div><\/div>","protected":false},"excerpt":{"rendered":"<p>Entre Les Sables d&rsquo;Olonne et Saint-Gilles-Croix-de-Vie, se trouve Bretignolles-sur-Mer, une petite perle de la C\u00f4te de Lumi\u00e8re. Avec son label Qualit\u00e9 Tourisme et son ambiance d\u00e9tendue, cette station baln\u00e9aire se distingue par ses magnifiques plages, son patrimoine et ses infrastructures de qualit\u00e9. Envie de d\u00e9couvrir les atouts de cette charmante ville ? Sachez que votre [&hellip;]<\/p>\n","protected":false},"author":2,"featured_media":0,"parent":0,"menu_order":0,"comment_status":"closed","ping_status":"closed","template":"","meta":{"_seopress_robots_primary_cat":"","_seopress_titles_title":"S\u00e9jour en Vend\u00e9e : que faire \u00e0 Bretignolles-sur-Mer ?","_seopress_titles_desc":"D\u00e9couvrez les activit\u00e9s \u00e0 faire \u00e0 Bretignolles-sur-Mer, entre plages, spots de surf, balades nature et patrimoine unique. La garantie d\u2019un joli programme de vacances en Vend\u00e9e !","_seopress_robots_index":"","footnotes":""},"class_list":["post-25889","page","type-page","status-publish","hentry"],"_links":{"self":[{"href":"https:\/\/www.campingvaldevie.fr\/de\/wp-json\/wp\/v2\/pages\/25889","targetHints":{"allow":["GET"]}}],"collection":[{"href":"https:\/\/www.campingvaldevie.fr\/de\/wp-json\/wp\/v2\/pages"}],"about":[{"href":"https:\/\/www.campingvaldevie.fr\/de\/wp-json\/wp\/v2\/types\/page"}],"author":[{"embeddable":true,"href":"https:\/\/www.campingvaldevie.fr\/de\/wp-json\/wp\/v2\/users\/2"}],"replies":[{"embeddable":true,"href":"https:\/\/www.campingvaldevie.fr\/de\/wp-json\/wp\/v2\/comments?post=25889"}],"version-history":[{"count":32,"href":"https:\/\/www.campingvaldevie.fr\/de\/wp-json\/wp\/v2\/pages\/25889\/revisions"}],"predecessor-version":[{"id":26759,"href":"https:\/\/www.campingvaldevie.fr\/de\/wp-json\/wp\/v2\/pages\/25889\/revisions\/26759"}],"wp:attachment":[{"href":"https:\/\/www.campingvaldevie.fr\/de\/wp-json\/wp\/v2\/media?parent=25889"}],"curies":[{"name":"wp","href":"https:\/\/api.w.org\/{rel}","templated":true}]}}