{"id":26566,"date":"2025-09-22T11:08:11","date_gmt":"2025-09-22T09:08:11","guid":{"rendered":"https:\/\/www.campingvaldevie.fr\/?page_id=26566"},"modified":"2025-09-22T11:29:49","modified_gmt":"2025-09-22T09:29:49","slug":"camping-beaulieu-sous-la-roche","status":"publish","type":"page","link":"https:\/\/www.campingvaldevie.fr\/de\/camping-beaulieu-sous-la-roche\/","title":{"rendered":"Camping in der N\u00e4he von Beaulieu-sous-la-Roche"},"content":{"rendered":"<p class=\"has-text-align-center\">Lust auf Urlaub in der Vend\u00e9e, zwischen Natur und Authentizit\u00e4t? Willkommen in unserem <a href=\"https:\/\/www.campingvaldevie.fr\/de\/\">4-Sterne-Campingplatz in der Vend\u00e9e<\/a> ! Nur 13 Kilometer von Beaulieu-sous-la-Roche entfernt befindet sich unser Campingplatz in einer nat\u00fcrlichen und famili\u00e4ren Umgebung. Wir versprechen Ihnen Entspannung, Komfort und Geselligkeit. Ger\u00e4umige Stellpl\u00e4tze, voll ausgestattete Mobilheime, beheiztes Hallenbad, Animationen f\u00fcr alle... hier ist alles f\u00fcr einen gelungenen Urlaub vereint.<\/p>\n\n\n\n<p class=\"has-text-align-center\">Ob zu zweit, mit der Familie oder mit Freunden - bereiten Sie sich darauf vor, eine der sch\u00f6nsten Ecken der Vend\u00e9e zu entdecken.<\/p>\n\n\n\n<div style=\"height:30px\" aria-hidden=\"true\" class=\"wp-block-spacer\"><\/div>\n\n\n\n<div class=\"wp-block-columns is-layout-flex wp-container-core-columns-is-layout-9d6595d7 wp-block-columns-is-layout-flex\">\n<div class=\"wp-block-column is-layout-flow wp-block-column-is-layout-flow\">\n<h2 class=\"wp-block-heading has-text-align-center\"><strong><strong>\u00dcbernachten Sie in unseren Unterk\u00fcnften inmitten der Natur<\/strong><\/strong><\/h2>\n\n\n\n<p>Im Herzen einer nat\u00fcrlichen und ruhigen Umgebung, neben dem See von Apremont und 20 Minuten von den Str\u00e4nden entfernt, liegt unser <a href=\"https:\/\/www.campingvaldevie.fr\/de\/familiencamping-vendee\/\">Familiencampingplatz in der Vend\u00e9e<\/a> bietet Ihnen Unterk\u00fcnfte f\u00fcr jeden Urlaubsstil.<\/p>\n\n\n\n<p><strong>Die nackten Stellpl\u00e4tze<\/strong> empfangen Zelte, Wohnwagen und Wohnmobile auf ger\u00e4umigen Parzellen, die durch Hecken voneinander getrennt sind, um Ihre Privatsph\u00e4re zu sch\u00fctzen. Genie\u00dfen Sie schattige Stellpl\u00e4tze mit unbegrenztem Zugang zu stets einwandfreien Sanit\u00e4ranlagen. Es stehen mehrere Optionen zur Verf\u00fcgung:<\/p>\n\n\n\n<details>\n<summary>Lesen Sie mehr<\/summary>\n<ul>\n \t<li><strong>Komfort-Paket<\/strong> : Strom 10A, 2 Personen, 1 Fahrzeug.<\/li>\n \t<li><strong>Premium-Paket Freecamp Guinguette<\/strong> : Parzelle von 150 m\u00b2 mit ausgestatteter H\u00fctte (K\u00fcche, Badezimmer, WC).<\/li>\n \t<li><strong>Pauschale Etappe<\/strong> f\u00fcr Wanderer oder Wohnmobile, ideal f\u00fcr einen praktischen Zwischenstopp.<\/li>\n<\/ul>\n<p>F\u00fcr diejenigen, die sich mehr Komfort w\u00fcnschen, entdecken Sie unsere <a href=\"https:\/\/www.campingvaldevie.fr\/de\/unterkunfte\/\">Mobilheime in der Vend\u00e9e<\/a><strong> voll ausgestattet<\/strong>Diese Unterk\u00fcnfte sind mit 2 oder 3 Schlafzimmern verf\u00fcgbar. Jede Unterkunft verf\u00fcgt \u00fcber ein gem\u00fctliches Wohnzimmer, eine funktionelle K\u00fcche, ein Badezimmer und eine Terrasse, auf der Sie die frische Luft genie\u00dfen k\u00f6nnen. Einige Modelle verf\u00fcgen sogar \u00fcber einen privaten Whirlpool f\u00fcr einen Aufenthalt im Zeichen der Entspannung.<\/p>\n\n<p>Lust auf Reisen mit leichtem Gep\u00e4ck oder auf einen Premium-Aufenthalt? Unser <strong>campingplatz in der N\u00e4he von Beaulieu-sous-la-Roche<\/strong> wird Ihre W\u00fcnsche erf\u00fcllen.<\/p>\n<\/details>\n\n\n\n<div class=\"wp-block-columns is-layout-flex wp-container-core-columns-is-layout-9d6595d7 wp-block-columns-is-layout-flex\">\n<div class=\"wp-block-column is-layout-flow wp-block-column-is-layout-flow\" style=\"flex-basis:33.33%\">\n<div class=\"wp-block-create-block-sev-encartsimplebg aligncenter\"><aside class=\"encart-simplebg-sev small\"><a href=\"\/de\/unterkunfte\/#sev-gamme-standard\" class=\"d-flex flex-column align-items-center\"><div class=\"encart-title\"><span>Standardsortiment ab 199\u20ac pro Woche<\/span><\/div><img decoding=\"async\" src=\"https:\/\/www.campingvaldevie.fr\/wp-content\/uploads\/2022\/03\/standard.jpg\" alt=\"Mobilheim Standardsortiment\"\/><button class=\"btn\"><\/button><\/a><\/aside><\/div>\n<\/div>\n\n\n\n<div class=\"wp-block-column is-layout-flow wp-block-column-is-layout-flow\" style=\"flex-basis:66.66%\">\n<div class=\"wp-block-create-block-sev-encartsimplebg\"><aside class=\"encart-simplebg-sev small\"><a href=\"\/de\/unterkunfte\/#sev-gamme-confort\" class=\"d-flex flex-column align-items-center\"><div class=\"encart-title\"><span>Comfort range ab 269\u20ac pro Woche<\/span><\/div><img decoding=\"async\" src=\"https:\/\/www.campingvaldevie.fr\/wp-content\/uploads\/2020\/12\/IMG_2469.jpg\" alt=\"Wohnzimmer\"\/><button class=\"btn\"><\/button><\/a><\/aside><\/div>\n<\/div>\n<\/div>\n\n\n\n<div class=\"wp-block-columns is-layout-flex wp-container-core-columns-is-layout-9d6595d7 wp-block-columns-is-layout-flex\">\n<div class=\"wp-block-column is-layout-flow wp-block-column-is-layout-flow\" style=\"flex-basis:66.66%\">\n<div class=\"wp-block-create-block-sev-encartsimplebg\"><aside class=\"encart-simplebg-sev small\"><a href=\"\/de\/unterkunfte\/#sev-gamme-premium\" class=\"d-flex flex-column align-items-center\"><div class=\"encart-title\"><span>Premiumsortiment ab 379\u20ac pro Woche<\/span><\/div><img decoding=\"async\" src=\"https:\/\/www.campingvaldevie.fr\/wp-content\/uploads\/2022\/07\/meilleur-petit-camping-saint-gilles-croix-de-vie.png\" alt=\"Bester kleiner Campingplatz Saint Gilles croix de Vie\"\/><button class=\"btn\"><\/button><\/a><\/aside><\/div>\n<\/div>\n\n\n\n<div class=\"wp-block-column is-layout-flow wp-block-column-is-layout-flow\" style=\"flex-basis:33.33%\">\n<div class=\"wp-block-create-block-sev-encartsimplebg\"><aside class=\"encart-simplebg-sev small\"><a href=\"\/de\/standort\/\" class=\"d-flex flex-column align-items-center\"><div class=\"encart-title\"><span>Stellplatz ab 100\u20ac pro Woche<\/span><\/div><img decoding=\"async\" src=\"https:\/\/www.campingvaldevie.fr\/wp-content\/uploads\/2019\/11\/emplacement-camping-taille-humaine-vendee.jpg\" alt=\"\u00fcberschaubarer Campingplatz in der Vend\u00e9e\"\/><button class=\"btn\"><\/button><\/a><\/aside><\/div>\n<\/div>\n<\/div>\n\n\n\n<div class=\"wp-block-buttons alignwide is-layout-flex wp-block-buttons-is-layout-flex\">\n<div class=\"wp-block-button aligncenter\"><a class=\"wp-block-button__link wp-element-button\" href=\"\/de\/unterkunfte\/\">Entdecken Sie die Unterk\u00fcnfte<\/a><\/div>\n<\/div>\n<\/div>\n<\/div>\n\n\n\n<div style=\"height:30px\" aria-hidden=\"true\" class=\"wp-block-spacer\"><\/div>\n\n\n\n<div class=\"wp-block-media-text alignfull has-media-on-the-right is-stacked-on-mobile is-vertically-aligned-center is-style-default\" style=\"grid-template-columns:auto 56%\"><div class=\"wp-block-media-text__content\">\n<h2 class=\"wp-block-heading has-text-align-left has-text-color\" style=\"color:#000000\"><strong>Wasserspa\u00df auf dem Campingplatz bei Beaulieu-sous-la-Roche<\/strong><\/h2>\n\n\n\n<p>In unserem <strong>camping in der N\u00e4he von Beaulieu-sous-la-Roche<\/strong>Der Wasserbereich ist eine echte Bereicherung f\u00fcr Ihren Urlaub. Genie\u00dfen Sie eine <strong>\u00fcberdachtes und beheiztes Schwimmbad<\/strong>Der Strand ist ideal f\u00fcr erfrischende Momente mit der Familie oder mit Freunden. Egal, wie das Wetter ist, Sie k\u00f6nnen in kristallklarem Wasser baden. <strong>28\u00b0C<\/strong> und genie\u00dfen Sie die Entspannung auf den <strong>Liegest\u00fchle<\/strong> die um den Teich herum angeordnet sind.<\/p>\n\n\n\n<p>Das Becken, das je nach Jahreszeit moduliert werden kann, misst <strong>12 x 8 m<\/strong> f\u00fcr eine Tiefe von <strong>0,80 m bis 1,60 m<\/strong>Dadurch ist er sowohl f\u00fcr Kinder als auch f\u00fcr Erwachsene geeignet. Die Kleinen k\u00f6nnen sicher planschen, w\u00e4hrend die Gr\u00f6\u00dferen schwimmen oder sich entspannen. Zwei angrenzende Terrassen vervollst\u00e4ndigen diesen Bereich, der sich perfekt zum Lesen, Sonnenbaden oder einfach nur zum Genie\u00dfen der Luft der Vend\u00e9e eignet.<\/p>\n\n\n\n<details>\n<summary>Lesen Sie mehr<\/summary>\n<p>Das Team unseres <strong>campingplatz in der N\u00e4he von Beaulieu-sous-la-Roche <\/strong>tut alles, um Ihre Erfahrung angenehm zu gestalten: tadellose Sauberkeit, freundliche Atmosph\u00e4re und Tipps, wie Sie Ihre Tage am besten nutzen k\u00f6nnen.<\/p>\n<p>Ob im Mobilheim, im Zelt oder im Wohnwagen: Der Poolbereich ist so gestaltet, dass er f\u00fcr alle ein Ort der Entspannung und des Vergn\u00fcgens ist.<\/p>\n<\/details>\n\n\n\n<div class=\"wp-block-buttons is-layout-flex wp-block-buttons-is-layout-flex\">\n<div class=\"wp-block-button\"><a class=\"wp-block-button__link wp-element-button\" href=\"\/de\/der-pool\/\">Entdecke den Pool<\/a><\/div>\n<\/div>\n<\/div><figure class=\"wp-block-media-text__media\"><img loading=\"lazy\" decoding=\"async\" width=\"1024\" height=\"768\" src=\"https:\/\/www.campingvaldevie.fr\/wp-content\/uploads\/2022\/11\/piscine-couverte-et-chauffee-4.jpg\" alt=\"Wasserspa\u00df in der N\u00e4he von Beaulieu-sous-la-Roche\" class=\"wp-image-20113 size-full\" srcset=\"https:\/\/www.campingvaldevie.fr\/wp-content\/uploads\/2022\/11\/piscine-couverte-et-chauffee-4.jpg 1024w, https:\/\/www.campingvaldevie.fr\/wp-content\/uploads\/2022\/11\/piscine-couverte-et-chauffee-4-300x225.jpg 300w, https:\/\/www.campingvaldevie.fr\/wp-content\/uploads\/2022\/11\/piscine-couverte-et-chauffee-4-768x576.jpg 768w\" sizes=\"auto, (max-width: 1024px) 100vw, 1024px\" \/><\/figure><\/div>\n\n\n\n<div style=\"height:30px\" aria-hidden=\"true\" class=\"wp-block-spacer\"><\/div>\n\n\n\n<figure class=\"wp-block-gallery alignwide has-nested-images columns-default is-cropped wp-block-gallery-1 is-layout-flex wp-block-gallery-is-layout-flex\">\n<figure class=\"wp-block-image size-full\"><img loading=\"lazy\" decoding=\"async\" width=\"767\" height=\"717\" data-id=\"19687\" src=\"https:\/\/www.campingvaldevie.fr\/wp-content\/uploads\/2022\/11\/piscine-valdevie.png\" alt=\"Campingplatz mit Schwimmbad in Beaulieu-sous-la-Roche\" class=\"wp-image-19687\" srcset=\"https:\/\/www.campingvaldevie.fr\/wp-content\/uploads\/2022\/11\/piscine-valdevie.png 767w, https:\/\/www.campingvaldevie.fr\/wp-content\/uploads\/2022\/11\/piscine-valdevie-300x280.png 300w\" sizes=\"auto, (max-width: 767px) 100vw, 767px\" \/><\/figure>\n\n\n\n<figure class=\"wp-block-image size-large\"><img loading=\"lazy\" decoding=\"async\" width=\"1024\" height=\"576\" data-id=\"7543\" src=\"https:\/\/www.campingvaldevie.fr\/wp-content\/uploads\/2020\/12\/tente-lodge-COTTON-1024x576.jpg\" alt=\"campingplatz in der N\u00e4he von Beaulieu-sous-la-Roche\" class=\"wp-image-7543\" srcset=\"https:\/\/www.campingvaldevie.fr\/wp-content\/uploads\/2020\/12\/tente-lodge-COTTON-1024x576.jpg 1024w, https:\/\/www.campingvaldevie.fr\/wp-content\/uploads\/2020\/12\/tente-lodge-COTTON-300x169.jpg 300w, https:\/\/www.campingvaldevie.fr\/wp-content\/uploads\/2020\/12\/tente-lodge-COTTON-768x432.jpg 768w, https:\/\/www.campingvaldevie.fr\/wp-content\/uploads\/2020\/12\/tente-lodge-COTTON-1536x864.jpg 1536w, https:\/\/www.campingvaldevie.fr\/wp-content\/uploads\/2020\/12\/tente-lodge-COTTON.jpg 1920w\" sizes=\"auto, (max-width: 1024px) 100vw, 1024px\" \/><\/figure>\n<\/figure>\n\n\n\n<div style=\"height:30px\" aria-hidden=\"true\" class=\"wp-block-spacer\"><\/div>\n\n\n\n<div class=\"wp-block-media-text alignfull is-stacked-on-mobile is-vertically-aligned-center is-image-fill-element is-style-default\" style=\"grid-template-columns:56% auto\"><figure class=\"wp-block-media-text__media\"><img loading=\"lazy\" decoding=\"async\" width=\"1024\" height=\"768\" src=\"https:\/\/www.campingvaldevie.fr\/wp-content\/uploads\/2022\/11\/116126317_293508091899316_6098317041213719654_n-1024x768.jpg\" alt=\"Aufenthalt mit allem Komfort in Beaulieu-sous-la-Roche\" class=\"wp-image-20181 size-full\" style=\"object-position:50% 50%\" srcset=\"https:\/\/www.campingvaldevie.fr\/wp-content\/uploads\/2022\/11\/116126317_293508091899316_6098317041213719654_n-1024x768.jpg 1024w, https:\/\/www.campingvaldevie.fr\/wp-content\/uploads\/2022\/11\/116126317_293508091899316_6098317041213719654_n-300x225.jpg 300w, https:\/\/www.campingvaldevie.fr\/wp-content\/uploads\/2022\/11\/116126317_293508091899316_6098317041213719654_n-768x576.jpg 768w, https:\/\/www.campingvaldevie.fr\/wp-content\/uploads\/2022\/11\/116126317_293508091899316_6098317041213719654_n.jpg 1125w\" sizes=\"auto, (max-width: 1024px) 100vw, 1024px\" \/><\/figure><div class=\"wp-block-media-text__content\">\n<h2 class=\"wp-block-heading has-text-align-left has-text-color\" style=\"color:#000000\"><strong>Dienstleistungen und Aktivit\u00e4ten f\u00fcr einen Aufenthalt mit allem Komfort<\/strong><\/h2>\n\n\n\n<p>In unserem <strong>campingplatz in der N\u00e4he von Beaulieu-sous-la-Roche<\/strong>Jedes Detail ist darauf ausgerichtet, Ihren Urlaub zu erleichtern und ihn unvergesslich zu machen. Genie\u00dfen Sie eine <strong>Wifi-Verbindung<\/strong> auf dem gesamten Campingplatz, von einer <strong>komplette W\u00e4scherei<\/strong> und der <strong>Vermietung von praktischer Ausr\u00fcstung<\/strong> : Grills, K\u00fchlschr\u00e4nke, Babybetten, Hochst\u00fchle. F\u00fcr Ihre Mahlzeiten steht Ihnen ein <strong>Snackbar<\/strong> und eine <strong>Lebensmittelgesch\u00e4ft<\/strong> bieten Ihnen Gerichte zum Mitnehmen, kalte Getr\u00e4nke, Eis, Brot und Geb\u00e4ck an.<\/p>\n\n\n\n<p>Was die Freizeitgestaltung betrifft, so finden Gro\u00df und Klein etwas, das ihnen Spa\u00df macht. Neben der <strong>\u00fcberdachtes und beheiztes Schwimmbad<\/strong>Der Campingplatz verf\u00fcgt \u00fcber einen <strong>Home-Ball-Bereich<\/strong>einer <strong>Trampolin<\/strong>Es gibt eine H\u00e4ngebr\u00fccke, Rutschen, Schaukeln, Boule, Tischtennis, Tischfu\u00dfball und Shuffleboard. Tierliebhaber werden die <strong>Mini-Bauernhof<\/strong>Die Kinder haben die M\u00f6glichkeit, sich in der Schule zu treffen, um sich mit anderen Kindern auszutauschen.<\/p>\n\n\n\n<p>Machen Sie es sich nach Ihren Aktivit\u00e4ten im <strong>Bar mit Terrasse<\/strong> f\u00fcr einen geselligen Moment gegen\u00fcber dem Pool. Im Sommer bietet die Snackbar jeden Abend einen Service vor Ort oder zum Mitnehmen an. Am Morgen finden Sie Ihren <strong>frisches Brot<\/strong> und genie\u00dfen Sie einen <strong>Schlemmerfr\u00fchst\u00fcck<\/strong> auf Bestellung.<\/p>\n\n\n\n<p>Alles ist so zusammengestellt, dass Ihr Aufenthalt in unserem <strong>campingplatz neben Beaulieu-sous-la-Roche<\/strong> einfach, praktisch und unterhaltsam in einer famili\u00e4ren und herzlichen Atmosph\u00e4re ist.<\/p>\n<\/div><\/div>\n\n\n\n<div style=\"height:30px\" aria-hidden=\"true\" class=\"wp-block-spacer\"><\/div>\n\n\n\n<div class=\"wp-block-media-text alignfull has-media-on-the-right is-stacked-on-mobile is-vertically-aligned-center is-style-default\" style=\"grid-template-columns:auto 56%\"><div class=\"wp-block-media-text__content\">\n<h2 class=\"wp-block-heading has-text-align-left has-text-color\" style=\"color:#000000\"><strong><strong><strong><strong><strong><strong>Was kann man w\u00e4hrend eines Campingurlaubs in der N\u00e4he von Beaulieu-sous-la-Roche unternehmen?<\/strong><\/strong><\/strong><\/strong><\/strong><\/strong><\/h2>\n\n\n\n<p>Aufenthalt in unserem <strong>campingplatz in der N\u00e4he von Beaulieu-sous-la-Roche<\/strong>Die Lage der Unterkunft ist ideal, um die Vend\u00e9e und ihre Sch\u00e4tze zu entdecken. Nur 13 Kilometer von <strong>Beaulieu-sous-la-Roche<\/strong>In diesem charmanten Dorf in der Vend\u00e9e k\u00f6nnen Sie durch die malerischen Gassen schlendern, die Kunsthandwerkerateliers bewundern und am Lac du Jaunay oder Lac d'Apremont entlang spazieren, die sich perfekt f\u00fcr eine Pause in der Natur oder eine Angelpartie eignen.<\/p>\n\n\n\n<p>Aber nicht nur das:<\/p>\n\n\n\n<details>\n<summary>Lesen Sie mehr<\/summary>\n<ul>\n \t<li><strong>F\u00fcr Radfahrer<\/strong> : Zahlreiche Radwege durchziehen die Region. Schwingen Sie sich auf Ihr Zweirad und erkunden Sie die h\u00fcgelige Landschaft und die kleinen Gemeinden, die typisch f\u00fcr die Region Pays de la Loire sind.<\/li>\n \t<li><strong>Lust auf Strand<\/strong> : Badeorte wie <strong>Br\u00e9tignolles-sur-Mer<\/strong>, <strong>Saint-Gilles-Croix-de-Vie<\/strong>, <strong>Les Sables-d'Olonne<\/strong> oder <strong>Saint-Jean-de-Monts<\/strong> sind nur 20 bis 30 Minuten entfernt. Dort finden Sie lange Sandstr\u00e4nde, lebhafte M\u00e4rkte und Wassersportm\u00f6glichkeiten.<\/li>\n \t<li><strong>St\u00e4dtische Ausfl\u00fcge<\/strong> : gehen Sie auf Entdeckungsreise <strong>La Roche-sur-Yon<\/strong> oder <strong>Nantes<\/strong>Die Stadt ist ideal f\u00fcr Shopping, Kulturerbe und Gastronomie.<\/li>\n<\/ul>\n<strong>Unverzichtbar<\/strong> : der Themenpark <strong>Puy du Fou<\/strong>In der etwa eine Autostunde entfernten Stadt Bukarest k\u00f6nnen Sie in gro\u00dfartige Shows und einzigartige historische Rekonstruktionen eintauchen.\n<p>Egal, ob Sie sportlich, neugierig oder auf der Suche nach Erholung sind, unser <strong>camping in der N\u00e4he von Beaulieu-sous-la-Roche<\/strong> ist ein guter Ausgangspunkt f\u00fcr einen abwechslungsreichen und entdeckungsreichen Urlaub.<\/p>\n<\/details>\n\n\n\n<div style=\"height:15px\" aria-hidden=\"true\" class=\"wp-block-spacer\"><\/div>\n\n\n\n<p><a href=\"\/de\/tourismus-vendee\/tourismus-apremont\/\">Mehr erfahren<\/a><\/p>\n<\/div><figure class=\"wp-block-media-text__media\"><img loading=\"lazy\" decoding=\"async\" width=\"1024\" height=\"683\" src=\"https:\/\/www.campingvaldevie.fr\/wp-content\/uploads\/2022\/02\/Apremont2-1024x683.jpg\" alt=\"Was kann man auf einem Campingplatz in der N\u00e4he von Beaulieu-sous-la-Roche unternehmen?\" class=\"wp-image-12088 size-full\" srcset=\"https:\/\/www.campingvaldevie.fr\/wp-content\/uploads\/2022\/02\/Apremont2-1024x683.jpg 1024w, https:\/\/www.campingvaldevie.fr\/wp-content\/uploads\/2022\/02\/Apremont2-300x200.jpg 300w, https:\/\/www.campingvaldevie.fr\/wp-content\/uploads\/2022\/02\/Apremont2-768x512.jpg 768w, https:\/\/www.campingvaldevie.fr\/wp-content\/uploads\/2022\/02\/Apremont2.jpg 1200w\" sizes=\"auto, (max-width: 1024px) 100vw, 1024px\" \/><\/figure><\/div>\n\n\n\n<div style=\"height:30px\" aria-hidden=\"true\" class=\"wp-block-spacer\"><\/div>\n\n\n\n<div class=\"wp-block-columns is-layout-flex wp-container-core-columns-is-layout-9d6595d7 wp-block-columns-is-layout-flex\">\n<div class=\"wp-block-column is-layout-flow wp-block-column-is-layout-flow\">\n<div class=\"wp-block-buttons is-layout-flex wp-block-buttons-is-layout-flex\">\n<div class=\"wp-block-button aligncenter\"><a class=\"wp-block-button__link wp-element-button\" href=\"https:\/\/bookingpremium.secureholiday.net\/fr\/10284\/\" target=\"_blank\" rel=\"noreferrer noopener\">Buchen Sie<\/a><\/div>\n<\/div>\n<\/div>\n\n\n\n<div class=\"wp-block-column is-layout-flow wp-block-column-is-layout-flow\">\n<div class=\"wp-block-buttons is-layout-flex wp-block-buttons-is-layout-flex\">\n<div class=\"wp-block-button aligncenter\"><a class=\"wp-block-button__link wp-element-button\" href=\"\/de\/kontakt\/\">Kontaktieren Sie uns<\/a><\/div>\n<\/div>\n<\/div>\n<\/div>\n\n\n\n<div class=\"wp-block-group\"><div class=\"wp-block-group__inner-container is-layout-constrained wp-block-group-is-layout-constrained\">\n<h2 class=\"wp-block-heading has-text-align-center\">Entdecken Sie auch<\/h2>\n\n\n\n<div class=\"wp-block-columns is-layout-flex wp-container-core-columns-is-layout-9d6595d7 wp-block-columns-is-layout-flex\">\n<div class=\"wp-block-column is-layout-flow wp-block-column-is-layout-flow\">\n<div class=\"wp-block-cover is-light has-small-font-size\" style=\"min-height:350px;aspect-ratio:unset;\"><img loading=\"lazy\" decoding=\"async\" width=\"1200\" height=\"800\" class=\"wp-block-cover__image-background wp-image-20331\" alt=\"See von Apremont\" src=\"https:\/\/www.campingvaldevie.fr\/wp-content\/uploads\/2022\/12\/lac-apremont.jpg\" data-object-fit=\"cover\" srcset=\"https:\/\/www.campingvaldevie.fr\/wp-content\/uploads\/2022\/12\/lac-apremont.jpg 1200w, https:\/\/www.campingvaldevie.fr\/wp-content\/uploads\/2022\/12\/lac-apremont-300x200.jpg 300w, https:\/\/www.campingvaldevie.fr\/wp-content\/uploads\/2022\/12\/lac-apremont-1024x683.jpg 1024w, https:\/\/www.campingvaldevie.fr\/wp-content\/uploads\/2022\/12\/lac-apremont-768x512.jpg 768w\" sizes=\"auto, (max-width: 1200px) 100vw, 1200px\" \/><span aria-hidden=\"true\" class=\"wp-block-cover__background has-background-dim\"><\/span><div class=\"wp-block-cover__inner-container is-layout-flow wp-block-cover-is-layout-flow\">\n<p class=\"has-text-align-center has-large-font-size\"><a href=\"https:\/\/www.campingvaldevie.fr\/de\/camping-proche-commequiers\/\">Campingplatz Commequiers<\/a><\/p>\n<\/div><\/div>\n<\/div>\n\n\n\n<div class=\"wp-block-column is-layout-flow wp-block-column-is-layout-flow\">\n<div class=\"wp-block-cover is-light has-small-font-size\" style=\"min-height:350px;aspect-ratio:unset;\"><img loading=\"lazy\" decoding=\"async\" width=\"1200\" height=\"800\" class=\"wp-block-cover__image-background wp-image-20298\" alt=\"Tourismus aizenay\" src=\"https:\/\/www.campingvaldevie.fr\/wp-content\/uploads\/2022\/12\/tourisme-aizenay.jpg\" data-object-fit=\"cover\" srcset=\"https:\/\/www.campingvaldevie.fr\/wp-content\/uploads\/2022\/12\/tourisme-aizenay.jpg 1200w, https:\/\/www.campingvaldevie.fr\/wp-content\/uploads\/2022\/12\/tourisme-aizenay-300x200.jpg 300w, https:\/\/www.campingvaldevie.fr\/wp-content\/uploads\/2022\/12\/tourisme-aizenay-1024x683.jpg 1024w, https:\/\/www.campingvaldevie.fr\/wp-content\/uploads\/2022\/12\/tourisme-aizenay-768x512.jpg 768w\" sizes=\"auto, (max-width: 1200px) 100vw, 1200px\" \/><span aria-hidden=\"true\" class=\"wp-block-cover__background has-background-dim\"><\/span><div class=\"wp-block-cover__inner-container is-layout-flow wp-block-cover-is-layout-flow\">\n<p class=\"has-text-align-center has-large-font-size\"><a href=\"\/de\/camping-la-roche-sur-yon\/\">Campingplatz La Roche-sur-Yon<\/a><\/p>\n<\/div><\/div>\n<\/div>\n\n\n\n<div class=\"wp-block-column is-layout-flow wp-block-column-is-layout-flow\">\n<div class=\"wp-block-cover has-small-font-size\" style=\"min-height:350px;aspect-ratio:unset;\"><img loading=\"lazy\" decoding=\"async\" width=\"700\" height=\"466\" class=\"wp-block-cover__image-background wp-image-18902\" alt=\"Urlaub Kleiner Campingplatz in der N\u00e4he von Br\u00e9tignolles sur Mer\" src=\"https:\/\/www.campingvaldevie.fr\/wp-content\/uploads\/2022\/09\/vacances-petit-camping-proche-bretignolles-sur-mer.jpg\" data-object-fit=\"cover\" srcset=\"https:\/\/www.campingvaldevie.fr\/wp-content\/uploads\/2022\/09\/vacances-petit-camping-proche-bretignolles-sur-mer.jpg 700w, https:\/\/www.campingvaldevie.fr\/wp-content\/uploads\/2022\/09\/vacances-petit-camping-proche-bretignolles-sur-mer-300x200.jpg 300w\" sizes=\"auto, (max-width: 700px) 100vw, 700px\" \/><span aria-hidden=\"true\" class=\"wp-block-cover__background has-background-dim\"><\/span><div class=\"wp-block-cover__inner-container is-layout-flow wp-block-cover-is-layout-flow\">\n<p class=\"has-text-align-center has-large-font-size\"><a href=\"\/de\/camping-bretignolles-sur-mer\/\">Campingplatz Bretignolles<\/a><\/p>\n<\/div><\/div>\n<\/div>\n<\/div>\n<\/div><\/div>","protected":false},"excerpt":{"rendered":"<p>Envie de vacances en Vend\u00e9e, entre nature et authenticit\u00e9 ? Bienvenue dans notre camping 4 \u00e9toiles en Vend\u00e9e ! \u00c0 seulement 13 kilom\u00e8tres de Beaulieu-sous-la-Roche notre camping est install\u00e9 dans un cadre naturel et familial. Nous vous promettons d\u00e9tente, confort et convivialit\u00e9. Emplacements spacieux, mobil-homes tout \u00e9quip\u00e9s, piscine couverte et chauff\u00e9e, animations pour tous\u2026 ici, [&hellip;]<\/p>\n","protected":false},"author":2,"featured_media":0,"parent":0,"menu_order":0,"comment_status":"closed","ping_status":"closed","template":"","meta":{"_seopress_robots_primary_cat":"","_seopress_titles_title":"Camping pr\u00e8s de Beaulieu-sous-la-Roche","_seopress_titles_desc":"S\u00e9journez dans notre camping proche de Beaulieu-sous-la-Roche : emplacements, mobil-homes, piscine couverte et activit\u00e9s pour toute la famille.","_seopress_robots_index":"","footnotes":""},"class_list":["post-26566","page","type-page","status-publish","hentry"],"_links":{"self":[{"href":"https:\/\/www.campingvaldevie.fr\/de\/wp-json\/wp\/v2\/pages\/26566","targetHints":{"allow":["GET"]}}],"collection":[{"href":"https:\/\/www.campingvaldevie.fr\/de\/wp-json\/wp\/v2\/pages"}],"about":[{"href":"https:\/\/www.campingvaldevie.fr\/de\/wp-json\/wp\/v2\/types\/page"}],"author":[{"embeddable":true,"href":"https:\/\/www.campingvaldevie.fr\/de\/wp-json\/wp\/v2\/users\/2"}],"replies":[{"embeddable":true,"href":"https:\/\/www.campingvaldevie.fr\/de\/wp-json\/wp\/v2\/comments?post=26566"}],"version-history":[{"count":10,"href":"https:\/\/www.campingvaldevie.fr\/de\/wp-json\/wp\/v2\/pages\/26566\/revisions"}],"predecessor-version":[{"id":26582,"href":"https:\/\/www.campingvaldevie.fr\/de\/wp-json\/wp\/v2\/pages\/26566\/revisions\/26582"}],"wp:attachment":[{"href":"https:\/\/www.campingvaldevie.fr\/de\/wp-json\/wp\/v2\/media?parent=26566"}],"curies":[{"name":"wp","href":"https:\/\/api.w.org\/{rel}","templated":true}]}}