{"id":4915,"date":"2019-08-29T22:50:44","date_gmt":"2019-08-29T20:50:44","guid":{"rendered":"https:\/\/www.campingvaldevie.fr\/?page_id=4915"},"modified":"2019-08-29T22:50:44","modified_gmt":"2019-08-29T20:50:44","slug":"antrag-auf-datenzugriff","status":"publish","type":"page","link":"https:\/\/www.campingvaldevie.fr\/de\/demande-dacces-aux-donnees\/","title":{"rendered":"Antrag auf Datenzugriff"},"content":{"rendered":"<form action=\"\" class=\"form-contact form-accesdonnees\" role=\"form\" method=\"post\" data-trp-original-action=\"\">\n\t\t\t\t<p>\n\t\t\t\t\tUm auf Ihre pers&ouml;nlichen Daten zuzugreifen, sie zu &auml;ndern oder zu l&ouml;schen, f&uuml;llen Sie bitte dieses Formular aus. &lt;strong&gt; so genau wie m&ouml;glich &lt;\/strong&gt; aus.\t\t\t\t\t\n\t\t\t\t<\/p>\n\t\t\t\t<div class=\"form-row\">\n\n\t\t\t\t\t<div class=\"form-group col-md-6\">\n\t\t\t\t\t\t<label class=\"col-form-label\" for=\"contact-nom\">Name *<\/label>\n\t\t\t\t\t\t<input type=\"text\" id=\"contact-nom\" name=\"nom\" class=\"form-control\" value=\"\" required>\n\t\t\t\t\t\t<span class=\"help-block\"><\/span>\n\t\t\t\t\t<\/div>\n\n\t\t\t\t\t<div class=\"form-group col-md-6\">\n\t\t\t\t\t\t<label class=\"col-form-label\" for=\"contact-prenom\">Vorname *<\/label>\n\t\t\t\t\t\t<input type=\"text\" id=\"contact-prenom\" name=\"prenom\" class=\"form-control\" value=\"\" required>\n\t\t\t\t\t\t<span class=\"help-block\"><\/span>\n\t\t\t\t\t<\/div>\n\n\t\t\t\t<\/div>\n\t\t\t\t<div class=\"form-row\">\n\n\t\t\t\t\t<div class=\"form-group col-md-12\">\n\t\t\t\t\t\t<label class=\"col-form-label\" for=\"contact-email\">E-Mail *<\/label>\n\t\t\t\t\t\t<input type=\"email\" name=\"email\" id=\"contact-email\" class=\"form-control\" value=\"\" required>\n\t\t\t\t\t\t<span class=\"help-block\"><\/span>\n\t\t\t\t\t<\/div>\n\n\t\t\t\t<\/div>\n\t\t\t\t<div class=\"form-group\">\n\t\t\t\t\t<label class=\"col-form-label\" for=\"contact-msg\">Geben Sie Ihre Anfrage an *<\/label>\n\t\t\t\t\t<textarea name=\"msg\" id=\"contact-msg\" class=\"form-control\" rows=\"3\" required><\/textarea>\n\t\t\t\t\t<span class=\"help-block\"><\/span>\n\t\t\t\t<\/div>\n\n\t\t\t\t<div class=\"d-flex form-group flex-wrap\" required>\n\t\t\t\t\t<div class=\"form-check\">\n\t\t\t\t\t\t\n\t\t\t\t\t\t<input type=\"checkbox\" class=\"form-check-input\" id=\"contact-rgpd\" name=\"rgpd\">\n\t\t\t\t\t\t<label class=\"col-form-label pt-0\" for=\"contact-rgpd\">\n\t\t\t\t\t\t\tDurch das Absenden dieses Formulars erkl\u00e4re ich mich damit einverstanden, dass die eingegebenen Informationen im Zusammenhang mit dem Antrag auf Zugang, \u00c4nderung oder L\u00f6schung meiner pers\u00f6nlichen Daten ausgewertet werden *\n\t\t\t\t\t\t<\/label>\n\t\t\t\t\t\t<span class=\"help-block\"><\/span>\n\t\t\t\t\t<\/div>\n\t\t\t\t<\/div>\n\n\t\t\t\t<div class=\"form-group contact-texte-container\">\n\t\t\t\t\t<input type=\"text\" class=\"contact-texte\" name=\"texte\" value=\"\">\n\t\t\t\t<\/div>\n\n\t\t\t\t<div class=\"form-group text-center\">\n\t\t\t\t\t<input type=\"hidden\" name=\"nonce\" value=\"7750980da0\">\n\t\t\t\t\t<button type=\"submit\" name=\"submit\" class=\"btn btn-default\">Senden Sie<\/button>\n\t\t\t\t<\/div>\n\n\t\t\t\t<p><small>*Pflichtfeld<\/small><\/p>\n\t\t\t<input type=\"hidden\" name=\"trp-form-language\" value=\"de\"\/><\/form>","protected":false},"excerpt":{"rendered":"","protected":false},"author":1,"featured_media":0,"parent":0,"menu_order":0,"comment_status":"closed","ping_status":"closed","template":"","meta":{"_seopress_robots_primary_cat":"","_seopress_titles_title":"","_seopress_titles_desc":"","_seopress_robots_index":"","footnotes":""},"class_list":["post-4915","page","type-page","status-publish","hentry"],"_links":{"self":[{"href":"https:\/\/www.campingvaldevie.fr\/de\/wp-json\/wp\/v2\/pages\/4915","targetHints":{"allow":["GET"]}}],"collection":[{"href":"https:\/\/www.campingvaldevie.fr\/de\/wp-json\/wp\/v2\/pages"}],"about":[{"href":"https:\/\/www.campingvaldevie.fr\/de\/wp-json\/wp\/v2\/types\/page"}],"author":[{"embeddable":true,"href":"https:\/\/www.campingvaldevie.fr\/de\/wp-json\/wp\/v2\/users\/1"}],"replies":[{"embeddable":true,"href":"https:\/\/www.campingvaldevie.fr\/de\/wp-json\/wp\/v2\/comments?post=4915"}],"version-history":[{"count":0,"href":"https:\/\/www.campingvaldevie.fr\/de\/wp-json\/wp\/v2\/pages\/4915\/revisions"}],"wp:attachment":[{"href":"https:\/\/www.campingvaldevie.fr\/de\/wp-json\/wp\/v2\/media?parent=4915"}],"curies":[{"name":"wp","href":"https:\/\/api.w.org\/{rel}","templated":true}]}}