{"id":7171,"date":"2012-11-12T22:37:42","date_gmt":"2012-11-12T21:37:42","guid":{"rendered":"https:\/\/www.campingvaldevie.fr\/camping-3-etoiles-ouvert-a-lannee-val-de-vie-vendee\/"},"modified":"2026-02-17T14:58:30","modified_gmt":"2026-02-17T13:58:30","slug":"camping-3-sterne-geoffnet-in-lannee-val-de-vie-vendee","status":"publish","type":"page","link":"https:\/\/www.campingvaldevie.fr\/de\/camping-3-etoiles-ouvert-a-lannee-val-de-vie-vendee\/","title":{"rendered":"Home"},"content":{"rendered":"<div class=\"wp-block-columns is-layout-flex wp-container-core-columns-is-layout-9d6595d7 wp-block-columns-is-layout-flex\">\n<div class=\"wp-block-column is-layout-flow wp-block-column-is-layout-flow\">\n<div class=\"wp-block-create-block-sev-encartsimplebg\"><aside class=\"encart-simplebg-sev small\"><a href=\"https:\/\/www.campingvaldevie.fr\/en\/our-commitments\/\" class=\"d-flex flex-column align-items-center\"><div class=\"encart-title\"><span>Gem\u00fctszustand der Campsite und unsere Verpflichtungen<\/span><\/div><img decoding=\"async\" src=\"https:\/\/www.campingvaldevie.fr\/wp-content\/uploads\/2022\/02\/activites-et-animations-14.jpg\" alt=\"lebhaftes Camping in der Vend\u00e9e\"\/><button class=\"btn\"><\/button><\/a><\/aside><\/div>\n<\/div>\n\n\n\n<div class=\"wp-block-column is-layout-flow wp-block-column-is-layout-flow\">\n<div class=\"wp-block-create-block-sev-encartsimplebg\"><aside class=\"encart-simplebg-sev small\"><a href=\"https:\/\/www.campingvaldevie.fr\/en\/the-advantages-of-the-campsite\/\" class=\"d-flex flex-column align-items-center\"><div class=\"encart-title\"><span>Gute Gr\u00fcnde, um zum Campsite zu kommen<\/span><\/div><img decoding=\"async\" src=\"https:\/\/www.campingvaldevie.fr\/wp-content\/uploads\/2022\/03\/bonne-riason.png\" alt=\"\"\/><button class=\"btn\"><\/button><\/a><\/aside><\/div>\n<\/div>\n<\/div>\n\n\n\n<h1 class=\"wp-block-heading\" id=\"flower-camping-3-etoiles-le-val-de-vie-en-vendee\">Flower Camping 3 stars le Val de Vie in Vend\u00e9e<\/h1>\n\n\n\n<div class=\"wp-block-columns is-layout-flex wp-container-core-columns-is-layout-9d6595d7 wp-block-columns-is-layout-flex\">\n<div class=\"wp-block-column is-layout-flow wp-block-column-is-layout-flow\">\n<p>Elodie &amp; Nicolas werden Sie in einem <strong>authentisches Setting<\/strong> und in einem <strong>entspannt<\/strong>, <strong>family <\/strong>und <strong>friendly<\/strong> atmosphere.<\/p>\n\n\n\n<p>In einer idealen Umgebung, <strong>im Herzen der<\/strong> Vend\u00e9e <strong>Natur<\/strong>Die Lage des Campingplatzes erm\u00f6glicht Ihnen den schnellen Zugang zu einer Vielzahl von touristischen, Freizeit- und Sportaktivit\u00e4ten... den ganzen Reichtum der Vend\u00e9e.<br>You will be able to take advantage of its <a href=\"https:\/\/www.campingvaldevie.fr\/en\/covered-and-heated-swimming-pool\/\" data-type=\"page\" data-id=\"1363\">\u00fcberdachter und beheizter Swimmingpool<\/a>Sie werden von den Veranstaltungen auf dem Platz und in der Umgebung (Bowling-Wettbewerb, Quail-Festival, See-Festival) und dem milden Klima der Vend\u00e9e begeistert sein.<br>Kinder werden den Spielplatz, das Trampolin, Tischfu\u00dfball, Outdoor-Fitness, Power 4 giant in v\u00f6lliger Sicherheit genie\u00dfen.<\/p>\n\n\n\n<p>Kommen Sie also und entspannen Sie sich in seinem <strong>ZEN-Bereich<\/strong>Mit seinen Premium-Mobilheimen und Jacuzzis unter dem Gesang der V\u00f6gel!<\/p>\n<\/div>\n\n\n\n<div class=\"wp-block-column is-layout-flow wp-block-column-is-layout-flow\">\n<p>Der 2 ha gro\u00dfe Campingplatz liegt in der N\u00e4he des Sees von Apremont, kommen Sie und genie\u00dfen Sie seine Ruhe, um Ihre Batterien aufzuladen, zu schwimmen, zu fischen oder Tretboote, Minigolf, Elektroboote... auszuprobieren.<\/p>\n\n\n\n<p>Sie k\u00f6nnen sich auch an den Str\u00e4nden von <a href=\"https:\/\/www.campingvaldevie.fr\/en\/st-gilles-croix-de-vie\/\">Saint Gilles Croix de Vie<\/a> oder Bretignolles sur Mer f\u00fcr die n\u00e4chstgelegene (20 min) oder indem Sie ein wenig weiterziehen k\u00f6nnen Sie entdecken <a href=\"https:\/\/www.campingvaldevie.fr\/en\/st-jean-de-monts\/\">Saint Jean de Monts<\/a>, <a href=\"https:\/\/www.campingvaldevie.fr\/en\/les-sables-d-olonne\/\">the Sables d'Olonne<\/a> (45 min), die <a href=\"https:\/\/www.campingvaldevie.fr\/en\/puy-du-fou\/\">Puy du Fou<\/a> (1 Stunde), etc...<\/p>\n\n\n\n<p>W\u00e4hlen Sie wie unsere 24 Einwohner, ob Sie sich auf einem der 49 ger\u00e4umigen, von Hecken begrenzten Grundst\u00fccke mit einer Fl\u00e4che von 2 Hektar entspannen oder den Komfort unserer 18 sch\u00f6nen Mobilheime oder unserer voll ausgestatteten Chalets bevorzugen m\u00f6chten.<\/p>\n\n\n\n<p>Der Campsite ist von April 4th bis September 30th 2022 ge\u00f6ffnet.<\/p>\n\n\n\n<p>Looking forward to it....<\/p>\n<\/div>\n<\/div>\n\n\n<div class=\"wp-block-image\">\n<figure class=\"aligncenter size-large is-resized\"><img decoding=\"async\" src=\"https:\/\/www.campingvaldevie.fr\/wp-content\/uploads\/2022\/02\/logo-bleu-1024x486.png\" alt=\"\" class=\"wp-image-10527\" style=\"width:250px\"\/><\/figure>\n<\/div>\n\n\n<p class=\"h1-like\" id=\"camping\">Ein Tauchgang in das Herz unserer Val de Vie-Campsite<\/p>\n\n\n\n<div class=\"wp-block-columns is-layout-flex wp-container-core-columns-is-layout-9d6595d7 wp-block-columns-is-layout-flex\">\n<div class=\"wp-block-column is-layout-flow wp-block-column-is-layout-flow\" style=\"flex-basis:33.33%\">\n<div class=\"wp-block-create-block-sev-encartsimplebg\"><aside class=\"encart-simplebg-sev small\"><a href=\"https:\/\/www.campingvaldevie.fr\/en\/leisure-services\/\" class=\"d-flex flex-column align-items-center\"><div class=\"encart-title\"><span>Rezeption &amp; Service, Snackbar<\/span><\/div><img decoding=\"async\" src=\"https:\/\/www.campingvaldevie.fr\/wp-content\/uploads\/2022\/05\/reception.png\" alt=\"\"\/><button class=\"btn\"><\/button><\/a><\/aside><\/div>\n<\/div>\n\n\n\n<div class=\"wp-block-column is-layout-flow wp-block-column-is-layout-flow\" style=\"flex-basis:66.66%\">\n<div class=\"wp-block-create-block-sev-encartsimplebg\"><aside class=\"encart-simplebg-sev small\"><a href=\"https:\/\/www.campingvaldevie.fr\/en\/covered-and-heated-swimming-pool\/\" class=\"d-flex flex-column align-items-center\"><div class=\"encart-title\"><span>Das Hallenschwimmbad und die Animationen<\/span><\/div><img decoding=\"async\" src=\"https:\/\/www.campingvaldevie.fr\/wp-content\/uploads\/2022\/05\/piscine.png\" alt=\"\"\/><button class=\"btn\"><\/button><\/a><\/aside><\/div>\n<\/div>\n<\/div>\n\n\n\n<div class=\"wp-block-columns is-layout-flex wp-container-core-columns-is-layout-9d6595d7 wp-block-columns-is-layout-flex\">\n<div class=\"wp-block-column is-layout-flow wp-block-column-is-layout-flow\" style=\"flex-basis:66.66%\">\n<div class=\"wp-block-create-block-sev-encartsimplebg\"><aside class=\"encart-simplebg-sev small\"><a href=\"https:\/\/www.campingvaldevie.fr\/en\/group-formula\/\" class=\"d-flex flex-column align-items-center\"><div class=\"encart-title\"><span>Entdecken Sie unsere Gruppenpakete<\/span><\/div><img decoding=\"async\" src=\"https:\/\/www.campingvaldevie.fr\/wp-content\/uploads\/2018\/05\/groupe-canoe.jpg\" alt=\"\"\/><button class=\"btn\"><\/button><\/a><\/aside><\/div>\n<\/div>\n\n\n\n<div class=\"wp-block-column is-layout-flow wp-block-column-is-layout-flow\" style=\"flex-basis:33.33%\">\n<div class=\"wp-block-create-block-sev-encartsimplebg\"><aside class=\"encart-simplebg-sev small\"><a href=\"https:\/\/www.campingvaldevie.fr\/en\/photo-gallery\/\" class=\"d-flex flex-column align-items-center\"><div class=\"encart-title\"><span>Foto- &amp; Videogalerie<\/span><\/div><img decoding=\"async\" src=\"https:\/\/www.campingvaldevie.fr\/wp-content\/uploads\/2022\/01\/petit-camping-nature-vendee.jpg\" alt=\"Kleiner Naturcampingplatz Vend\u00e9e\"\/><button class=\"btn\"><\/button><\/a><\/aside><\/div>\n<\/div>\n<\/div>\n\n\n\n<p class=\"h1-like\" id=\"location\">Entdecken Sie unsere Mieten  <br>anchored in a privileged environment<\/p>\n\n\n\n<div class=\"wp-block-columns is-layout-flex wp-container-core-columns-is-layout-9d6595d7 wp-block-columns-is-layout-flex\">\n<div class=\"wp-block-column is-layout-flow wp-block-column-is-layout-flow\" style=\"flex-basis:33.33%\">\n<div class=\"wp-block-create-block-sev-encartsimplebg\"><aside class=\"encart-simplebg-sev small\"><a href=\"https:\/\/www.campingvaldevie.fr\/en\/accommodation\/\" class=\"d-flex flex-column align-items-center\"><div class=\"encart-title\"><span>Standardbereich<\/span><\/div><img decoding=\"async\" src=\"https:\/\/www.campingvaldevie.fr\/wp-content\/uploads\/2022\/03\/standard.jpg\" alt=\"\"\/><button class=\"btn\"><\/button><\/a><\/aside><\/div>\n<\/div>\n\n\n\n<div class=\"wp-block-column is-layout-flow wp-block-column-is-layout-flow\" style=\"flex-basis:66.66%\">\n<div class=\"wp-block-create-block-sev-encartsimplebg\"><aside class=\"encart-simplebg-sev small\"><a href=\"https:\/\/www.campingvaldevie.fr\/en\/accommodation\/\" class=\"d-flex flex-column align-items-center\"><div class=\"encart-title\"><span>Comfort range<\/span><\/div><img decoding=\"async\" src=\"https:\/\/www.campingvaldevie.fr\/wp-content\/uploads\/2020\/12\/IMG_2472.jpg\" alt=\"Ausstellung\"\/><button class=\"btn\"><\/button><\/a><\/aside><\/div>\n<\/div>\n<\/div>\n\n\n\n<div class=\"wp-block-columns is-layout-flex wp-container-core-columns-is-layout-9d6595d7 wp-block-columns-is-layout-flex\">\n<div class=\"wp-block-column is-layout-flow wp-block-column-is-layout-flow\" style=\"flex-basis:66.66%\">\n<div class=\"wp-block-create-block-sev-encartsimplebg\"><aside class=\"encart-simplebg-sev small\"><a href=\"https:\/\/www.campingvaldevie.fr\/en\/accommodation\/\" class=\"d-flex flex-column align-items-center\"><div class=\"encart-title\"><span>Premium-Bereich<\/span><\/div><img decoding=\"async\" src=\"https:\/\/www.campingvaldevie.fr\/wp-content\/uploads\/2022\/03\/IMG_06251-1920x1080-1.jpg\" alt=\"\"\/><button class=\"btn\"><\/button><\/a><\/aside><\/div>\n<\/div>\n\n\n\n<div class=\"wp-block-column is-layout-flow wp-block-column-is-layout-flow\" style=\"flex-basis:33.33%\">\n<div class=\"wp-block-create-block-sev-encartsimplebg\"><aside class=\"encart-simplebg-sev small\"><a href=\"https:\/\/www.campingvaldevie.fr\/en\/pitches\/\" class=\"d-flex flex-column align-items-center\"><div class=\"encart-title\"><span>Vermietungen<\/span><\/div><img decoding=\"async\" src=\"https:\/\/www.campingvaldevie.fr\/wp-content\/uploads\/2022\/05\/IMG_8242.jpg\" alt=\"\"\/><button class=\"btn\"><\/button><\/a><\/aside><\/div>\n<\/div>\n<\/div>\n\n\n\n<div style=\"height:65px\" aria-hidden=\"true\" class=\"wp-block-spacer\"><\/div>\n\n\n\n<div class=\"wp-block-cover alignfull is-light\" style=\"min-height:250px;aspect-ratio:unset;\"><img loading=\"lazy\" decoding=\"async\" width=\"1920\" height=\"700\" class=\"wp-block-cover__image-background wp-image-12292\" alt=\"\" src=\"https:\/\/www.campingvaldevie.fr\/wp-content\/uploads\/2022\/03\/fondvdv.png\" style=\"object-position:49% 66%\" data-object-fit=\"cover\" data-object-position=\"49% 66%\" srcset=\"https:\/\/www.campingvaldevie.fr\/wp-content\/uploads\/2022\/03\/fondvdv.png 1920w, https:\/\/www.campingvaldevie.fr\/wp-content\/uploads\/2022\/03\/fondvdv-300x109.png 300w, https:\/\/www.campingvaldevie.fr\/wp-content\/uploads\/2022\/03\/fondvdv-1024x373.png 1024w, https:\/\/www.campingvaldevie.fr\/wp-content\/uploads\/2022\/03\/fondvdv-768x280.png 768w, https:\/\/www.campingvaldevie.fr\/wp-content\/uploads\/2022\/03\/fondvdv-1536x560.png 1536w\" sizes=\"auto, (max-width: 1920px) 100vw, 1920px\" \/><span aria-hidden=\"true\" class=\"wp-block-cover__background has-background-dim-20 has-background-dim\"><\/span><div class=\"wp-block-cover__inner-container is-layout-flow wp-block-cover-is-layout-flow\">\n<p class=\"has-text-align-center has-large-font-size\"><\/p>\n<\/div><\/div>\n\n\n\n<p class=\"h1-like\" id=\"experiences\">In Val de Vie erwartet Sie ein k\u00f6stlicher Cocktail aus Erlebnissen!<\/p>\n\n\n\n<div class=\"wp-block-columns is-layout-flex wp-container-core-columns-is-layout-9d6595d7 wp-block-columns-is-layout-flex\">\n<div class=\"wp-block-column is-layout-flow wp-block-column-is-layout-flow\">\n<div class=\"wp-block-create-block-sev-encartsimplebg\"><aside class=\"encart-simplebg-sev small\"><a href=\"https:\/\/www.campingvaldevie.fr\/de\/experience-zen-detente\/\" class=\"d-flex flex-column align-items-center\"><div class=\"encart-title\"><span>100% Zen- und Entspannungserlebnis<\/span><\/div><img decoding=\"async\" src=\"https:\/\/www.campingvaldevie.fr\/wp-content\/uploads\/2021\/10\/sejour-petit-camping-avec-espace-bien-etre-vendee.png\" alt=\"Aufenthalt Kleiner Campingplatz mit Wellnessbereich Vend\u00e9e\"\/><button class=\"btn\"><\/button><\/a><\/aside><\/div>\n<\/div>\n\n\n\n<div class=\"wp-block-column is-layout-flow wp-block-column-is-layout-flow\">\n<div class=\"wp-block-create-block-sev-encartsimplebg\"><aside class=\"encart-simplebg-sev small\"><a href=\"https:\/\/www.campingvaldevie.fr\/en\/100-nature-experience\/\" class=\"d-flex flex-column align-items-center\"><div class=\"encart-title\"><span>100% nature experience<\/span><\/div><img decoding=\"async\" src=\"https:\/\/www.campingvaldevie.fr\/wp-content\/uploads\/2018\/11\/randonnee-IMG_2199.jpg\" alt=\"Wanderwege in der N\u00e4he des Campingplatzes\"\/><button class=\"btn\"><\/button><\/a><\/aside><\/div>\n<\/div>\n\n\n\n<div class=\"wp-block-column is-layout-flow wp-block-column-is-layout-flow\">\n<div class=\"wp-block-create-block-sev-encartsimplebg\"><aside class=\"encart-simplebg-sev small\"><a href=\"https:\/\/www.campingvaldevie.fr\/en\/curious-family-experiences\/\" class=\"d-flex flex-column align-items-center\"><div class=\"encart-title\"><span>100% neugieriges Familienerlebnis<\/span><\/div><img decoding=\"async\" src=\"https:\/\/www.campingvaldevie.fr\/wp-content\/uploads\/2022\/02\/activites-et-animations-15.jpg\" alt=\"Familiencampingplatz in der Vend\u00e9e\"\/><button class=\"btn\"><\/button><\/a><\/aside><\/div>\n<\/div>\n<\/div>\n\n\n\n<p class=\"h1-like\" id=\"decouvrir\">Entdecken Sie die Vend\u00e9e auf andere Weise!<\/p>\n\n\n\n<div class=\"wp-block-columns is-layout-flex wp-container-core-columns-is-layout-9d6595d7 wp-block-columns-is-layout-flex\">\n<div class=\"wp-block-column is-layout-flow wp-block-column-is-layout-flow\" style=\"flex-basis:33.33%\">\n<div class=\"wp-block-create-block-sev-encartsimplebg\"><aside class=\"encart-simplebg-sev small\"><a href=\"https:\/\/www.campingvaldevie.fr\/en\/location\/\" class=\"d-flex flex-column align-items-center\"><div class=\"encart-title\"><span>Besichtigungen und Ausfl\u00fcge<\/span><\/div><img decoding=\"async\" src=\"https:\/\/www.campingvaldevie.fr\/wp-content\/uploads\/2018\/02\/ile-d-yeu-vieux-chateau.jpg\" alt=\"le vieux chateau ile d&#039;yeu\"\/><button class=\"btn\"><\/button><\/a><\/aside><\/div>\n<\/div>\n\n\n\n<div class=\"wp-block-column is-layout-flow wp-block-column-is-layout-flow\" style=\"flex-basis:66.66%\">\n<div class=\"wp-block-create-block-sev-encartsimplebg\"><aside class=\"encart-simplebg-sev small\"><a href=\"https:\/\/www.campingvaldevie.fr\/en\/situation\/\" class=\"d-flex flex-column align-items-center\"><div class=\"encart-title\"><span>In der N\u00e4he des Campingplatzes<\/span><\/div><img decoding=\"async\" src=\"https:\/\/www.campingvaldevie.fr\/wp-content\/uploads\/2018\/01\/chateau-dapremont.jpg\" alt=\"schloss von apremont\"\/><button class=\"btn\"><\/button><\/a><\/aside><\/div>\n<\/div>\n<\/div>\n\n\n\n<div class=\"wp-block-columns is-layout-flex wp-container-core-columns-is-layout-9d6595d7 wp-block-columns-is-layout-flex\">\n<div class=\"wp-block-column is-layout-flow wp-block-column-is-layout-flow\" style=\"flex-basis:66.66%\">\n<div class=\"wp-block-create-block-sev-encartsimplebg\"><aside class=\"encart-simplebg-sev small\"><a href=\"https:\/\/www.campingvaldevie.fr\/en\/the-seaside-resorts-of-the-vendee\/\" class=\"d-flex flex-column align-items-center\"><div class=\"encart-title\"><span>Entdecken Sie die besten Schwimmstellen, Angeln und viele andere \u00dcberraschungen<\/span><\/div><img decoding=\"async\" src=\"https:\/\/www.campingvaldevie.fr\/wp-content\/uploads\/2022\/02\/plage-de-la-paree-bretignolles-sur-mer-IMG_9904.jpg\" alt=\"Strand von Br\u00e9tignolles sur Mer\"\/><button class=\"btn\"><\/button><\/a><\/aside><\/div>\n<\/div>\n\n\n\n<div class=\"wp-block-column is-layout-flow wp-block-column-is-layout-flow\" style=\"flex-basis:33.33%\">\n<div class=\"wp-block-create-block-sev-encartsimplebg\"><aside class=\"encart-simplebg-sev small\"><a href=\"https:\/\/www.campingvaldevie.fr\/en\/leisure-parks\/\" class=\"d-flex flex-column align-items-center\"><div class=\"encart-title\"><span>Freizeitaktivit\u00e4ten in einem Chaos!  <\/span><\/div><img decoding=\"async\" src=\"https:\/\/www.campingvaldevie.fr\/wp-content\/uploads\/2022\/03\/loirisr.png\" alt=\"Freizeitparks in der N\u00e4he des Campingplatzes\"\/><button class=\"btn\"><\/button><\/a><\/aside><\/div>\n<\/div>\n<\/div>","protected":false},"excerpt":{"rendered":"<p>Flower Camping 3 stars le Val de Vie in Vend\u00e9e Elodie &amp; Nicolas will welcome you in an authentic setting and in a relaxed, family and friendly atmosphere. In an ideal environment, in the heart of the Vend\u00e9e nature, the location of the campsite allows you to quickly access a multitude of tourist, recreational or [&hellip;]<\/p>\n","protected":false},"author":1,"featured_media":0,"parent":0,"menu_order":0,"comment_status":"open","ping_status":"closed","template":"","meta":{"_seopress_robots_primary_cat":"","_seopress_titles_title":"Campsite open all year round in Vend\u00e9e - Le Val de Vie","_seopress_titles_desc":"The 3 star campsite Val de Vie in Vend\u00e9e is open all year round and offers you to stay or spend authentic and family vacations near the lake of Apremont in Mach\u00e9.","_seopress_robots_index":"","footnotes":""},"class_list":["post-7171","page","type-page","status-publish","hentry"],"_links":{"self":[{"href":"https:\/\/www.campingvaldevie.fr\/de\/wp-json\/wp\/v2\/pages\/7171","targetHints":{"allow":["GET"]}}],"collection":[{"href":"https:\/\/www.campingvaldevie.fr\/de\/wp-json\/wp\/v2\/pages"}],"about":[{"href":"https:\/\/www.campingvaldevie.fr\/de\/wp-json\/wp\/v2\/types\/page"}],"author":[{"embeddable":true,"href":"https:\/\/www.campingvaldevie.fr\/de\/wp-json\/wp\/v2\/users\/1"}],"replies":[{"embeddable":true,"href":"https:\/\/www.campingvaldevie.fr\/de\/wp-json\/wp\/v2\/comments?post=7171"}],"version-history":[{"count":17,"href":"https:\/\/www.campingvaldevie.fr\/de\/wp-json\/wp\/v2\/pages\/7171\/revisions"}],"predecessor-version":[{"id":26704,"href":"https:\/\/www.campingvaldevie.fr\/de\/wp-json\/wp\/v2\/pages\/7171\/revisions\/26704"}],"wp:attachment":[{"href":"https:\/\/www.campingvaldevie.fr\/de\/wp-json\/wp\/v2\/media?parent=7171"}],"curies":[{"name":"wp","href":"https:\/\/api.w.org\/{rel}","templated":true}]}}