{"id":7249,"date":"2018-02-02T12:33:20","date_gmt":"2018-02-02T11:33:20","guid":{"rendered":"https:\/\/www.campingvaldevie.fr\/principales-animations-mache\/"},"modified":"2022-05-09T09:58:18","modified_gmt":"2022-05-09T07:58:18","slug":"die-wichtigsten-ereignisse-in-mache","status":"publish","type":"page","link":"https:\/\/www.campingvaldevie.fr\/de\/the-main-events-in-mache\/","title":{"rendered":"Mach\u00e9"},"content":{"rendered":"<div class=\"wp-block-columns is-layout-flex wp-container-core-columns-is-layout-9d6595d7 wp-block-columns-is-layout-flex\">\n<div class=\"wp-block-column is-layout-flow wp-block-column-is-layout-flow\">\n<h2 class=\"wp-block-heading\" id=\"les-principales-animations-sur-mache\">Die wichtigsten Ereignisse in Mach\u00e9<\/h2>\n\n\n\n<p>Das Festivalkomitee und die Vereine von M\u00e2ch\u00e9 sind sehr dynamisch und bieten viele Animationen und Festlichkeiten an!<\/p>\n\n\n\n<p>In chronologischer Reihenfolge:<\/p>\n\n\n\n<ul class=\"wp-block-list\"><li>Motocross von Mach\u00e9 am April 8 in La Sigoni\u00e8re<\/li><li>Pferdefestival am 3. Juni in La Marchandi\u00e8re<\/li><li>Quail Festival July 29 at the Water Mill<\/li><li>Lake Festival am 15. August in der Wasserm\u00fchle mit einer Feuerwerksshow zum Abschluss<\/li><li>The Gourmet walk at the bignon on the road to Apremont<\/li><\/ul>\n\n\n<p>Dies sind die wichtigsten, Sie k\u00f6nnen auf die Website der Stadthalle gehen, wo viele andere Termine vorgeschlagen werden...<\/p>\n<\/div>\n\n\n\n<div class=\"wp-block-column is-layout-flow wp-block-column-is-layout-flow\">\n<h2 class=\"wp-block-heading\" id=\"la-peche-sur-le-lac-a-2-mn-du-camping\">Angeln am See 2 Minuten vom Campingplatz entfernt<\/h2>\n\n\n\n<p>Sie k\u00f6nnen an diesem au\u00dfergew\u00f6hnlichen Ort, der zu den sch\u00f6nsten der Welt geh\u00f6rt, in Ruhe angeln.<strong> hohe Angelpl\u00e4tze des Departements<\/strong>. The accessibility is very easy, you will live good moments of fishing by boat, in float-tube or from the edge.<\/p>\n\n\n\n<p>Aufgrund der Vielfalt der Angelpl\u00e4tze, des Reichtums der Fischpopulation und der gro\u00dfen Fl\u00e4che des Sees werden zahlreiche Angelmethoden praktiziert.<br\/>Am Grund des Wassers befinden sich Ruinen, aber auch Brunnen, die Fische beherbergen k\u00f6nnen.<\/p>\n\n\n\n<p>Eine Rampe wird bereitgestellt, um die <strong>boats <\/strong>(nicht motorisiert). Der Campingplatz befindet sich fast direkt am Ufer des Sees.<\/p>\n\n\n\n<p>F\u00fcr weitere Informationen oder um Ihre Angelkarte zu erhalten: www.tourisme-vie-et-boulogne.fr<\/p>\n<\/div>\n<\/div>\n\n<div class=\"wp-block-media-text alignwide is-stacked-on-mobile\" style=\"grid-template-columns:30% auto\"><figure class=\"wp-block-media-text__media\"><img loading=\"lazy\" decoding=\"async\" width=\"676\" height=\"557\" src=\"https:\/\/www.campingvaldevie.fr\/wp-content\/uploads\/2022\/02\/lamaison-des-delices.jpg\" alt=\"\" class=\"wp-image-11831 size-full\" srcset=\"https:\/\/www.campingvaldevie.fr\/wp-content\/uploads\/2022\/02\/lamaison-des-delices.jpg 676w, https:\/\/www.campingvaldevie.fr\/wp-content\/uploads\/2022\/02\/lamaison-des-delices-300x247.jpg 300w\" sizes=\"auto, (max-width: 676px) 100vw, 676px\" \/><\/figure><div class=\"wp-block-media-text__content\">\n<h2 class=\"wp-block-heading\" id=\"biscuiterie-la-maison-des-delices\">Cookie factory \" Das Haus der K\u00f6stlichkeiten<\/h2>\n\n\n\n<p>Kommen Sie und besuchen Sie kostenlos die handwerkliche Keksfabrik \"La maison des d\u00e9lices\", die sich nur wenige Schritte vom Campingplatz entfernt befindet.<\/p>\n\n\n\n<p>It will allow you to <strong>titillate your taste buds<\/strong> durch Beobachtung der Herstellung von Keksen, Kuchen, Schinken, Karamellcremes und Eiscremes.<\/p>\n\n\n\n<p>Tasting afterwards versichert...<\/p>\n\n\n\n<p><a href=\"http:\/\/www.lamaisondesdelices.com\" target=\"_blank\" rel=\"noreferrer noopener\">www.lamaisondesdelices.com<\/a><\/p>\n<\/div><\/div>\n\t\t\t<div id=\"sevgallery-1659881597\" class=\"sev-diaporama sev-diaporama-portfolio\">\n\t\t\t<div class=\"row\">\n\n\t\t\t\n\t\t\t\t\n\t\t\t\t<div class=\"sev-diaporama-portfolio-item col-12 col-sm  col-grow\">\n\t\t\t\t\t<a href=\"https:\/\/www.campingvaldevie.fr\/wp-content\/uploads\/2021\/08\/peche-en-bord-de-lac-IMG_9887.jpg\" data-lightbox=\"sevgallery-1659881597\" style=\"background-image: url(https:\/\/www.campingvaldevie.fr\/wp-content\/uploads\/2021\/08\/peche-en-bord-de-lac-IMG_9887.jpg)\">\n\t\t\t\t\t\t<img decoding=\"async\" src=\"https:\/\/www.campingvaldevie.fr\/wp-content\/uploads\/2021\/08\/peche-en-bord-de-lac-IMG_9887.jpg\" alt=\"Angeln auf dem See von Apremont\" loading=\"lazy\">\n\t\t\t\t\t<\/a>\n\t\t\t\t<\/div>\n\n\t\t\t\t\n\t\t\t\t\t\t\t\t\t\t\t\n\t\t\t\t\n\t\t\t\t<div class=\"sev-diaporama-portfolio-item col-12 col-sm  col-grow\">\n\t\t\t\t\t<a href=\"https:\/\/www.campingvaldevie.fr\/wp-content\/uploads\/2024\/02\/23.jpg\" data-lightbox=\"sevgallery-1659881597\" style=\"background-image: url(https:\/\/www.campingvaldevie.fr\/wp-content\/uploads\/2024\/02\/23.jpg)\">\n\t\t\t\t\t\t<img decoding=\"async\" src=\"https:\/\/www.campingvaldevie.fr\/wp-content\/uploads\/2024\/02\/23.jpg\" alt=\"\" loading=\"lazy\">\n\t\t\t\t\t<\/a>\n\t\t\t\t<\/div>\n\n\t\t\t\t\n\t\t\t\t\t\t\t\t\t\t\t\n\t\t\t\t\n\t\t\t\t<div class=\"sev-diaporama-portfolio-item col-12 col-sm  col-shrink\">\n\t\t\t\t\t<a href=\"https:\/\/www.campingvaldevie.fr\/wp-content\/uploads\/2024\/02\/17.jpg\" data-lightbox=\"sevgallery-1659881597\" style=\"background-image: url(https:\/\/www.campingvaldevie.fr\/wp-content\/uploads\/2024\/02\/17.jpg)\">\n\t\t\t\t\t\t<img decoding=\"async\" src=\"https:\/\/www.campingvaldevie.fr\/wp-content\/uploads\/2024\/02\/17.jpg\" alt=\"\" loading=\"lazy\">\n\t\t\t\t\t<\/a>\n\t\t\t\t<\/div>\n\n\t\t\t\t\t\t\t\t\t<div class=\"w-100\"><\/div>\n\t\t\t\t\t\t\t\t\t\n\t\t\t\t\t\t\t\t\t\t\t\t\t\t<\/div>\n\t\t\t<\/div>\n\n\t\t\t<script>\n\t\t\tjQuery(function($) {\n\n\t\t\t\tvar marginPortfolio = function() {\n\n\t\t\t\t\tvar $diapo          = $('#sevgallery-1659881597');\n\t\t\t\t\tvar container_width = $diapo.parent().outerWidth();\n\t\t\t\t\tvar side            = ( $(window).innerWidth() - container_width ) \/ 2;\n\n\t\t\t\t\t$diapo.css( {\n\t\t\t\t\t\t'margin-left': '-' + side + 'px',\n\t\t\t\t\t\t'margin-right': '-' + side + 'px',\n\t\t\t\t\t} );\n\t\t\t\t};\n\n\t\t\t\t$( window ).resize( function() {\n\t\t\t\t\tmarginPortfolio();\n\t\t\t\t} );\n\t\t\t\tmarginPortfolio();\n\t\t\t});\n\t\t\t<\/script>","protected":false},"excerpt":{"rendered":"<p>The main events in Mach\u00e9 The festival committee and the associations of M\u00e2ch\u00e9 are very dynamic, and propose many animations and festivities! In chronological order: Motocross of Mach\u00e9 on April 8 at La Sigoni\u00e8re Horse festival on June 3rd at La Marchandi\u00e8re Quail Festival July 29 at the Water Mill Lake Festival on August 15 [&hellip;]<\/p>\n","protected":false},"author":1,"featured_media":0,"parent":0,"menu_order":0,"comment_status":"closed","ping_status":"closed","template":"","meta":{"_seopress_robots_primary_cat":"","_seopress_titles_title":"Visit the town of Mach\u00e9 near the campsite in Vend\u00e9e","_seopress_titles_desc":"You can fish quietly on this exceptional site, one of the high places of fishing of the department","_seopress_robots_index":"","footnotes":""},"class_list":["post-7249","page","type-page","status-publish","hentry"],"_links":{"self":[{"href":"https:\/\/www.campingvaldevie.fr\/de\/wp-json\/wp\/v2\/pages\/7249","targetHints":{"allow":["GET"]}}],"collection":[{"href":"https:\/\/www.campingvaldevie.fr\/de\/wp-json\/wp\/v2\/pages"}],"about":[{"href":"https:\/\/www.campingvaldevie.fr\/de\/wp-json\/wp\/v2\/types\/page"}],"author":[{"embeddable":true,"href":"https:\/\/www.campingvaldevie.fr\/de\/wp-json\/wp\/v2\/users\/1"}],"replies":[{"embeddable":true,"href":"https:\/\/www.campingvaldevie.fr\/de\/wp-json\/wp\/v2\/comments?post=7249"}],"version-history":[{"count":2,"href":"https:\/\/www.campingvaldevie.fr\/de\/wp-json\/wp\/v2\/pages\/7249\/revisions"}],"predecessor-version":[{"id":15915,"href":"https:\/\/www.campingvaldevie.fr\/de\/wp-json\/wp\/v2\/pages\/7249\/revisions\/15915"}],"wp:attachment":[{"href":"https:\/\/www.campingvaldevie.fr\/de\/wp-json\/wp\/v2\/media?parent=7249"}],"curies":[{"name":"wp","href":"https:\/\/api.w.org\/{rel}","templated":true}]}}