{"id":7285,"date":"2018-01-15T16:02:57","date_gmt":"2018-01-15T15:02:57","guid":{"rendered":"https:\/\/www.campingvaldevie.fr\/planete-sauvage\/"},"modified":"2022-05-09T09:58:23","modified_gmt":"2022-05-09T07:58:23","slug":"planete-sauvage-magical-world","status":"publish","type":"page","link":"https:\/\/www.campingvaldevie.fr\/de\/planete-sauvage-magical-world\/","title":{"rendered":"Wild Planet"},"content":{"rendered":"<h2 class=\"wp-block-heading\" id=\"bienvenue-dans-l-univers-magique-des-dauphins-et-de-la-faune-sauvage\">Willkommen in der magischen Welt der Delfine und Wildtiere!<\/h2>\n\n<div class=\"wp-block-columns is-layout-flex wp-container-core-columns-is-layout-9d6595d7 wp-block-columns-is-layout-flex\">\n<div class=\"wp-block-column is-layout-flow wp-block-column-is-layout-flow\">\n<p>A <strong>einzigartig<\/strong> experience awaits you at Plan\u00e8te Sauvage - combining the discovery of the most fascinating marine mammals, with the crossing the wild world and its most emblematic animal species.<\/p>\n\n\n\n<p>Go on a world tour and discover more than <strong>1,000 Tiere<\/strong> inmitten eines gesch\u00fctzten Naturgebiets.<\/p>\n<\/div>\n\n\n\n<div class=\"wp-block-column is-layout-flow wp-block-column-is-layout-flow\">\n<p>Plan\u00e8te Sauvage, it's 250 species to observe on <strong>vast plains<\/strong> als ob Sie auf Safari w\u00e4ren. Von den emblematischen S\u00e4ugetieren Afrikas (L\u00f6wen, Elefanten, Giraffen, ...), \u00fcber die Yaks der Mongolei oder die Baribal-B\u00e4ren Amerikas, bis hin zu den au\u00dfergew\u00f6hnlichen Delfinen der Cit\u00e9 Marine, l\u00e4sst Sie Plan\u00e8te Sauvage in ein au\u00dfergew\u00f6hnliches Abenteuer eintauchen!<\/p>\n\n\n\n<p>In der <strong>Fu\u00dfg\u00e4ngerbereich<\/strong>Entdecken Sie \u00fcberraschende kleine Tiere und werden Sie Gast bei einer Gruppe von Makaken im Herzen ihres Waldes!<\/p>\n<\/div>\n<\/div>\n\n<h2 class=\"wp-block-heading\">Fotogalerie<\/h2>\n\t\t\t<div id=\"sevgallery-8076264\" class=\"sev-diaporama sev-diaporama-portfolio\">\n\t\t\t<div class=\"row\">\n\n\t\t\t\n\t\t\t\t\n\t\t\t\t<div class=\"sev-diaporama-portfolio-item col-12 col-sm  col-shrink\">\n\t\t\t\t\t<a href=\"https:\/\/www.campingvaldevie.fr\/wp-content\/uploads\/2018\/01\/planete-sauvage.jpg\" data-lightbox=\"sevgallery-8076264\" style=\"background-image: url(https:\/\/www.campingvaldevie.fr\/wp-content\/uploads\/2018\/01\/planete-sauvage.jpg)\">\n\t\t\t\t\t\t<img decoding=\"async\" src=\"https:\/\/www.campingvaldevie.fr\/wp-content\/uploads\/2018\/01\/planete-sauvage.jpg\" alt=\"Wilder Planet\" loading=\"lazy\">\n\t\t\t\t\t<\/a>\n\t\t\t\t<\/div>\n\n\t\t\t\t\n\t\t\t\t\t\t\t\t\t\t\t\n\t\t\t\t\n\t\t\t\t<div class=\"sev-diaporama-portfolio-item col-12 col-sm  col-grow\">\n\t\t\t\t\t<a href=\"https:\/\/www.campingvaldevie.fr\/wp-content\/uploads\/2018\/02\/planete-sauvage-port-saint-pere-IMG_7665.jpg\" data-lightbox=\"sevgallery-8076264\" style=\"background-image: url(https:\/\/www.campingvaldevie.fr\/wp-content\/uploads\/2018\/02\/planete-sauvage-port-saint-pere-IMG_7665.jpg)\">\n\t\t\t\t\t\t<img decoding=\"async\" src=\"https:\/\/www.campingvaldevie.fr\/wp-content\/uploads\/2018\/02\/planete-sauvage-port-saint-pere-IMG_7665.jpg\" alt=\"Wilder Planet in der N\u00e4he des Campingplatzes\" loading=\"lazy\">\n\t\t\t\t\t<\/a>\n\t\t\t\t<\/div>\n\n\t\t\t\t\n\t\t\t\t\t\t\t\t\t\t\t\n\t\t\t\t\n\t\t\t\t<div class=\"sev-diaporama-portfolio-item col-12 col-sm  col-shrink\">\n\t\t\t\t\t<a href=\"https:\/\/www.campingvaldevie.fr\/wp-content\/uploads\/2018\/02\/planete-sauvage-port-saint-pere-IMG_7784.jpg\" data-lightbox=\"sevgallery-8076264\" style=\"background-image: url(https:\/\/www.campingvaldevie.fr\/wp-content\/uploads\/2018\/02\/planete-sauvage-port-saint-pere-IMG_7784.jpg)\">\n\t\t\t\t\t\t<img decoding=\"async\" src=\"https:\/\/www.campingvaldevie.fr\/wp-content\/uploads\/2018\/02\/planete-sauvage-port-saint-pere-IMG_7784.jpg\" alt=\"Wilder Planet\" loading=\"lazy\">\n\t\t\t\t\t<\/a>\n\t\t\t\t<\/div>\n\n\t\t\t\t\n\t\t\t\t\t\t\t\t\t\t\t\n\t\t\t\t\n\t\t\t\t<div class=\"sev-diaporama-portfolio-item col-12 col-sm\">\n\t\t\t\t\t<a href=\"https:\/\/www.campingvaldevie.fr\/wp-content\/uploads\/2018\/02\/planete-sauvage-port-saint-pere-IMG_7895.jpg\" data-lightbox=\"sevgallery-8076264\" style=\"background-image: url(https:\/\/www.campingvaldevie.fr\/wp-content\/uploads\/2018\/02\/planete-sauvage-port-saint-pere-IMG_7895.jpg)\">\n\t\t\t\t\t\t<img decoding=\"async\" src=\"https:\/\/www.campingvaldevie.fr\/wp-content\/uploads\/2018\/02\/planete-sauvage-port-saint-pere-IMG_7895.jpg\" alt=\"Wilder Planet\" loading=\"lazy\">\n\t\t\t\t\t<\/a>\n\t\t\t\t<\/div>\n\n\t\t\t\t\t\t\t\t\t<div class=\"w-100\"><\/div>\n\t\t\t\t\t\t\t\t\t\n\t\t\t\t\t\t\t\t\t\t\t\n\t\t\t\t\n\t\t\t\t<div class=\"sev-diaporama-portfolio-item col-12 col-sm\">\n\t\t\t\t\t<a href=\"https:\/\/www.campingvaldevie.fr\/wp-content\/uploads\/2018\/02\/planete-sauvage-port-saint-pere-IMG_8174.jpg\" data-lightbox=\"sevgallery-8076264\" style=\"background-image: url(https:\/\/www.campingvaldevie.fr\/wp-content\/uploads\/2018\/02\/planete-sauvage-port-saint-pere-IMG_8174.jpg)\">\n\t\t\t\t\t\t<img decoding=\"async\" src=\"https:\/\/www.campingvaldevie.fr\/wp-content\/uploads\/2018\/02\/planete-sauvage-port-saint-pere-IMG_8174.jpg\" alt=\"Wilder Planet Delphine\" loading=\"lazy\">\n\t\t\t\t\t<\/a>\n\t\t\t\t<\/div>\n\n\t\t\t\t\n\t\t\t\t\t\t\t\t\t\t\t\n\t\t\t\t\n\t\t\t\t<div class=\"sev-diaporama-portfolio-item col-12 col-sm\">\n\t\t\t\t\t<a href=\"https:\/\/www.campingvaldevie.fr\/wp-content\/uploads\/2018\/02\/planete-sauvage-port-saint-pere-IMG_8288.jpg\" data-lightbox=\"sevgallery-8076264\" style=\"background-image: url(https:\/\/www.campingvaldevie.fr\/wp-content\/uploads\/2018\/02\/planete-sauvage-port-saint-pere-IMG_8288.jpg)\">\n\t\t\t\t\t\t<img decoding=\"async\" src=\"https:\/\/www.campingvaldevie.fr\/wp-content\/uploads\/2018\/02\/planete-sauvage-port-saint-pere-IMG_8288.jpg\" alt=\"Wilder Planet\" loading=\"lazy\">\n\t\t\t\t\t<\/a>\n\t\t\t\t<\/div>\n\n\t\t\t\t\n\t\t\t\t\t\t\t\t\t\t\t\n\t\t\t\t\n\t\t\t\t<div class=\"sev-diaporama-portfolio-item col-12 col-sm\">\n\t\t\t\t\t<a href=\"https:\/\/www.campingvaldevie.fr\/wp-content\/uploads\/2018\/02\/planete-sauvage-port-saint-pere-IMG_8634.jpg\" data-lightbox=\"sevgallery-8076264\" style=\"background-image: url(https:\/\/www.campingvaldevie.fr\/wp-content\/uploads\/2018\/02\/planete-sauvage-port-saint-pere-IMG_8634.jpg)\">\n\t\t\t\t\t\t<img decoding=\"async\" src=\"https:\/\/www.campingvaldevie.fr\/wp-content\/uploads\/2018\/02\/planete-sauvage-port-saint-pere-IMG_8634.jpg\" alt=\"Wilder Planet\" loading=\"lazy\">\n\t\t\t\t\t<\/a>\n\t\t\t\t<\/div>\n\n\t\t\t\t\n\t\t\t\t\t\t\t\t\t\t\t\t\t\t<\/div>\n\t\t\t<\/div>\n\n\t\t\t<script>\n\t\t\tjQuery(function($) {\n\n\t\t\t\tvar marginPortfolio = function() {\n\n\t\t\t\t\tvar $diapo          = $('#sevgallery-8076264');\n\t\t\t\t\tvar container_width = $diapo.parent().outerWidth();\n\t\t\t\t\tvar side            = ( $(window).innerWidth() - container_width ) \/ 2;\n\n\t\t\t\t\t$diapo.css( {\n\t\t\t\t\t\t'margin-left': '-' + side + 'px',\n\t\t\t\t\t\t'margin-right': '-' + side + 'px',\n\t\t\t\t\t} );\n\t\t\t\t};\n\n\t\t\t\t$( window ).resize( function() {\n\t\t\t\t\tmarginPortfolio();\n\t\t\t\t} );\n\t\t\t\tmarginPortfolio();\n\t\t\t});\n\t\t\t<\/script>","protected":false},"excerpt":{"rendered":"<p>Welcome to the magical world of dolphins and wildlife! A unique experience awaits you at Plan\u00e8te Sauvage &#8211; combining the discovery of the most fascinating of marine mammals, with the crossing of the wild world and its most emblematic animal species. Go on a world tour and discover more than 1,000 animals in the heart [&hellip;]<\/p>\n","protected":false},"author":1,"featured_media":0,"parent":0,"menu_order":0,"comment_status":"closed","ping_status":"closed","template":"","meta":{"_seopress_robots_primary_cat":"","_seopress_titles_title":"Live a unique experience in the heart of the Plan\u00e8te Sauvage park","_seopress_titles_desc":"Welcome to the magical world of dolphins and wildlife!","_seopress_robots_index":"","footnotes":""},"class_list":["post-7285","page","type-page","status-publish","hentry"],"_links":{"self":[{"href":"https:\/\/www.campingvaldevie.fr\/de\/wp-json\/wp\/v2\/pages\/7285","targetHints":{"allow":["GET"]}}],"collection":[{"href":"https:\/\/www.campingvaldevie.fr\/de\/wp-json\/wp\/v2\/pages"}],"about":[{"href":"https:\/\/www.campingvaldevie.fr\/de\/wp-json\/wp\/v2\/types\/page"}],"author":[{"embeddable":true,"href":"https:\/\/www.campingvaldevie.fr\/de\/wp-json\/wp\/v2\/users\/1"}],"replies":[{"embeddable":true,"href":"https:\/\/www.campingvaldevie.fr\/de\/wp-json\/wp\/v2\/comments?post=7285"}],"version-history":[{"count":2,"href":"https:\/\/www.campingvaldevie.fr\/de\/wp-json\/wp\/v2\/pages\/7285\/revisions"}],"predecessor-version":[{"id":15926,"href":"https:\/\/www.campingvaldevie.fr\/de\/wp-json\/wp\/v2\/pages\/7285\/revisions\/15926"}],"wp:attachment":[{"href":"https:\/\/www.campingvaldevie.fr\/de\/wp-json\/wp\/v2\/media?parent=7285"}],"curies":[{"name":"wp","href":"https:\/\/api.w.org\/{rel}","templated":true}]}}