{"id":7290,"date":"2018-01-10T11:58:35","date_gmt":"2018-01-10T10:58:35","guid":{"rendered":"https:\/\/www.campingvaldevie.fr\/saint-gilles-croix-de-vie\/"},"modified":"2022-05-09T09:58:31","modified_gmt":"2022-05-09T07:58:31","slug":"st-gilles-croix-de-vie","status":"publish","type":"page","link":"https:\/\/www.campingvaldevie.fr\/de\/st-gilles-croix-de-vie\/","title":{"rendered":"Saint-Gilles-Croix-de-Vie"},"content":{"rendered":"<p>A<strong>Fischereihafen <\/strong>bekannt f\u00fcr seine Sardinen, <strong>Saint Gilles Croix de<\/strong> Vie ist heute eines der wichtigsten Zentren der Vend\u00e9e-K\u00fcste. Trotz seines Erfolgs ist es ihm gelungen, seine Seele zu bewahren, die Seele einer warmen und freundlichen Stadt, in der das ganze Jahr \u00fcber eine wahre S\u00fc\u00dfe des Lebens herrscht. Seine feinen Sandstr\u00e4nde, seine alten Viertel, seine f\u00fcnf Wochenm\u00e4rkte, seine charmanten Villen, sein Kasino, seine Angelh\u00e4fen und<strong> Marinas<\/strong> im Herzen der Stadt... alles tr\u00e4gt dazu bei, den authentischen und malerischen Charakter der Stadt zu best\u00e4tigen.<\/p>\n\n<p>Es ist auch in Saint Gilles, dass die<strong>pier<\/strong> befindet, wo Sie mit dem Boot zu den herrlichen <a href=\"https:\/\/www.campingvaldevie.fr\/de\/ile-dyeu\/\">\n  <strong>Yeu Island<\/strong>\n<\/a>...<\/p>\n\n<div class=\"wp-block-media-text alignwide is-stacked-on-mobile is-image-fill\"><figure class=\"wp-block-media-text__media\" style=\"background-image:url(https:\/\/www.campingvaldevie.fr\/wp-content\/uploads\/2022\/03\/saint-gilles-croix-de-vie-eglise-de-saint-gilles-croix-de-vie-DSC_3577.jpg);background-position:50% 50%\"><img loading=\"lazy\" decoding=\"async\" width=\"990\" height=\"660\" src=\"https:\/\/www.campingvaldevie.fr\/wp-content\/uploads\/2022\/03\/saint-gilles-croix-de-vie-eglise-de-saint-gilles-croix-de-vie-DSC_3577.jpg\" alt=\"\" class=\"wp-image-12239 size-full\" srcset=\"https:\/\/www.campingvaldevie.fr\/wp-content\/uploads\/2022\/03\/saint-gilles-croix-de-vie-eglise-de-saint-gilles-croix-de-vie-DSC_3577.jpg 990w, https:\/\/www.campingvaldevie.fr\/wp-content\/uploads\/2022\/03\/saint-gilles-croix-de-vie-eglise-de-saint-gilles-croix-de-vie-DSC_3577-300x200.jpg 300w, https:\/\/www.campingvaldevie.fr\/wp-content\/uploads\/2022\/03\/saint-gilles-croix-de-vie-eglise-de-saint-gilles-croix-de-vie-DSC_3577-768x512.jpg 768w\" sizes=\"auto, (max-width: 990px) 100vw, 990px\" \/><\/figure><div class=\"wp-block-media-text__content\">\n<p id=\"un-peu-d-histoire\"><strong>Ein bisschen Geschichte...<\/strong><\/p>\n\n\n\n<p>Der Ort Saint Gilles wurde erstmals von den R\u00f6mern w\u00e4hrend der Eroberung Galliens durch Julius Caesar besiedelt. Spuren der Existenz von Saint Gilles wurden jedoch erst im 13. Jahrhundert gefunden. In den folgenden Jahrhunderten erlebte die Bev\u00f6lkerung, die sich an der M\u00fcndung des Flusses Vie niedergelassen hatte, eine bedeutende Entwicklung, insbesondere dank eines florierenden Handels (Salz und Weizen) und Hafens. Ende des 16. und Anfang des 17. Jahrhunderts entstand Croix de Vie, das 1690 zur Pfarrei wurde.<\/p>\n\n\n\n<p>Die Vend\u00e9e-Unruhen von 1793 hatten nur geringe Auswirkungen auf die Region. Auf der anderen Seite f\u00fchrte der zweite Aufstand von 1815 zu Auseinandersetzungen zwischen den Giras (Republikaner) und den Croix de Viots (kaisertreu). Louis de la Rochejacquelin, Henri's Bruder, wurde in Croix de Vie ausgemustert und starb in der Schlacht von Les Mattes. Neben dieser ideologischen Trennung zwischen den beiden Gemeinschaften gab es auch eine nat\u00fcrliche Trennung, die der Fluss \"La Vie\" darstellte.<\/p>\n\n\n\n<p>Obwohl sie durch eine \"Furt\" und Boote verbunden waren, die einen seltenen Austausch zwischen den beiden Gemeinden erm\u00f6glichten, wurde erst 1836 eine Br\u00fccke errichtet. Im Jahr 1838 fanden die ersten Transaktionen zwischen den beiden Gemeinden statt, aber es sollte noch bis 1967 dauern, bis die beiden Ufer des Flusses Vie zu Saint Gilles Croix de Vie verschmolzen waren.<\/p>\n<\/div><\/div>\n\n<h2 class=\"wp-block-heading\">Fotogalerie<\/h2>\n\t\t\t<div id=\"sevgallery-341947216\" class=\"sev-diaporama sev-diaporama-portfolio\">\n\t\t\t<div class=\"row\">\n\n\t\t\t\n\t\t\t\t\n\t\t\t\t<div class=\"sev-diaporama-portfolio-item col-12 col-sm  col-shrink\">\n\t\t\t\t\t<a href=\"https:\/\/www.campingvaldevie.fr\/wp-content\/uploads\/2018\/01\/saint-gilles-croix-de-vie.jpg\" data-lightbox=\"sevgallery-341947216\" style=\"background-image: url(https:\/\/www.campingvaldevie.fr\/wp-content\/uploads\/2018\/01\/saint-gilles-croix-de-vie.jpg)\">\n\t\t\t\t\t\t<img decoding=\"async\" src=\"https:\/\/www.campingvaldevie.fr\/wp-content\/uploads\/2018\/01\/saint-gilles-croix-de-vie.jpg\" alt=\"saint-gilles-croix-de-vie\" loading=\"lazy\">\n\t\t\t\t\t<\/a>\n\t\t\t\t<\/div>\n\n\t\t\t\t\n\t\t\t\t\t\t\t\t\t\t\t\n\t\t\t\t\n\t\t\t\t<div class=\"sev-diaporama-portfolio-item col-12 col-sm  col-shrink\">\n\t\t\t\t\t<a href=\"https:\/\/www.campingvaldevie.fr\/wp-content\/uploads\/2018\/02\/saint-gilles-croix-de-vie-IMG_5474.jpg\" data-lightbox=\"sevgallery-341947216\" style=\"background-image: url(https:\/\/www.campingvaldevie.fr\/wp-content\/uploads\/2018\/02\/saint-gilles-croix-de-vie-IMG_5474.jpg)\">\n\t\t\t\t\t\t<img decoding=\"async\" src=\"https:\/\/www.campingvaldevie.fr\/wp-content\/uploads\/2018\/02\/saint-gilles-croix-de-vie-IMG_5474.jpg\" alt=\"saint-gilles-croix-de-vie-IMG\" loading=\"lazy\">\n\t\t\t\t\t<\/a>\n\t\t\t\t<\/div>\n\n\t\t\t\t\n\t\t\t\t\t\t\t\t\t\t\t\n\t\t\t\t\n\t\t\t\t<div class=\"sev-diaporama-portfolio-item col-12 col-sm  col-grow\">\n\t\t\t\t\t<a href=\"https:\/\/www.campingvaldevie.fr\/wp-content\/uploads\/2018\/02\/saint-gilles-croix-de-vie-IMG_5491.jpg\" data-lightbox=\"sevgallery-341947216\" style=\"background-image: url(https:\/\/www.campingvaldevie.fr\/wp-content\/uploads\/2018\/02\/saint-gilles-croix-de-vie-IMG_5491.jpg)\">\n\t\t\t\t\t\t<img decoding=\"async\" src=\"https:\/\/www.campingvaldevie.fr\/wp-content\/uploads\/2018\/02\/saint-gilles-croix-de-vie-IMG_5491.jpg\" alt=\"saint-gilles-croix-de-vie\" loading=\"lazy\">\n\t\t\t\t\t<\/a>\n\t\t\t\t<\/div>\n\n\t\t\t\t\n\t\t\t\t\t\t\t\t\t\t\t\n\t\t\t\t\n\t\t\t\t<div class=\"sev-diaporama-portfolio-item col-12 col-sm\">\n\t\t\t\t\t<a href=\"https:\/\/www.campingvaldevie.fr\/wp-content\/uploads\/2018\/02\/saint-gilles-croix-de-vie-IMG_5582.jpg\" data-lightbox=\"sevgallery-341947216\" style=\"background-image: url(https:\/\/www.campingvaldevie.fr\/wp-content\/uploads\/2018\/02\/saint-gilles-croix-de-vie-IMG_5582.jpg)\">\n\t\t\t\t\t\t<img decoding=\"async\" src=\"https:\/\/www.campingvaldevie.fr\/wp-content\/uploads\/2018\/02\/saint-gilles-croix-de-vie-IMG_5582.jpg\" alt=\"saint-gilles-croix-de-vie\" loading=\"lazy\">\n\t\t\t\t\t<\/a>\n\t\t\t\t<\/div>\n\n\t\t\t\t\t\t\t\t\t<div class=\"w-100\"><\/div>\n\t\t\t\t\t\t\t\t\t\n\t\t\t\t\t\t\t\t\t\t\t\n\t\t\t\t\n\t\t\t\t<div class=\"sev-diaporama-portfolio-item col-12 col-sm  col-grow\">\n\t\t\t\t\t<a href=\"https:\/\/www.campingvaldevie.fr\/wp-content\/uploads\/2018\/02\/saint-gilles-croix-de-vie-IMG_5604.jpg\" data-lightbox=\"sevgallery-341947216\" style=\"background-image: url(https:\/\/www.campingvaldevie.fr\/wp-content\/uploads\/2018\/02\/saint-gilles-croix-de-vie-IMG_5604.jpg)\">\n\t\t\t\t\t\t<img decoding=\"async\" src=\"https:\/\/www.campingvaldevie.fr\/wp-content\/uploads\/2018\/02\/saint-gilles-croix-de-vie-IMG_5604.jpg\" alt=\"saint-gilles-croix-de-vie\" loading=\"lazy\">\n\t\t\t\t\t<\/a>\n\t\t\t\t<\/div>\n\n\t\t\t\t\n\t\t\t\t\t\t\t\t\t\t\t\n\t\t\t\t\n\t\t\t\t<div class=\"sev-diaporama-portfolio-item col-12 col-sm\">\n\t\t\t\t\t<a href=\"https:\/\/www.campingvaldevie.fr\/wp-content\/uploads\/2018\/02\/saint-gilles-croix-de-vie-IMG_5649.jpg\" data-lightbox=\"sevgallery-341947216\" style=\"background-image: url(https:\/\/www.campingvaldevie.fr\/wp-content\/uploads\/2018\/02\/saint-gilles-croix-de-vie-IMG_5649.jpg)\">\n\t\t\t\t\t\t<img decoding=\"async\" src=\"https:\/\/www.campingvaldevie.fr\/wp-content\/uploads\/2018\/02\/saint-gilles-croix-de-vie-IMG_5649.jpg\" alt=\"saint-gilles-croix-de-vie\" loading=\"lazy\">\n\t\t\t\t\t<\/a>\n\t\t\t\t<\/div>\n\n\t\t\t\t\n\t\t\t\t\t\t\t\t\t\t\t\n\t\t\t\t\n\t\t\t\t<div class=\"sev-diaporama-portfolio-item col-12 col-sm  col-grow\">\n\t\t\t\t\t<a href=\"https:\/\/www.campingvaldevie.fr\/wp-content\/uploads\/2018\/02\/saint-gilles-croix-de-vie-IMG_5682.jpg\" data-lightbox=\"sevgallery-341947216\" style=\"background-image: url(https:\/\/www.campingvaldevie.fr\/wp-content\/uploads\/2018\/02\/saint-gilles-croix-de-vie-IMG_5682.jpg)\">\n\t\t\t\t\t\t<img decoding=\"async\" src=\"https:\/\/www.campingvaldevie.fr\/wp-content\/uploads\/2018\/02\/saint-gilles-croix-de-vie-IMG_5682.jpg\" alt=\"saint-gilles-croix-de-vie\" loading=\"lazy\">\n\t\t\t\t\t<\/a>\n\t\t\t\t<\/div>\n\n\t\t\t\t\n\t\t\t\t\t\t\t\t\t\t\t\t\t\t<\/div>\n\t\t\t<\/div>\n\n\t\t\t<script>\n\t\t\tjQuery(function($) {\n\n\t\t\t\tvar marginPortfolio = function() {\n\n\t\t\t\t\tvar $diapo          = $('#sevgallery-341947216');\n\t\t\t\t\tvar container_width = $diapo.parent().outerWidth();\n\t\t\t\t\tvar side            = ( $(window).innerWidth() - container_width ) \/ 2;\n\n\t\t\t\t\t$diapo.css( {\n\t\t\t\t\t\t'margin-left': '-' + side + 'px',\n\t\t\t\t\t\t'margin-right': '-' + side + 'px',\n\t\t\t\t\t} );\n\t\t\t\t};\n\n\t\t\t\t$( window ).resize( function() {\n\t\t\t\t\tmarginPortfolio();\n\t\t\t\t} );\n\t\t\t\tmarginPortfolio();\n\t\t\t});\n\t\t\t<\/script>","protected":false},"excerpt":{"rendered":"<p>Afishing port renowned for its sardines, Saint Gilles Croix de Vie is today one of the major centers of the Vend\u00e9e coastline. In spite of its success, it has managed to preserve its soul, the soul of a warm and welcoming city, where a true sweetness of life reigns all year round. Its fine sandy [&hellip;]<\/p>\n","protected":false},"author":1,"featured_media":0,"parent":0,"menu_order":0,"comment_status":"closed","ping_status":"closed","template":"","meta":{"_seopress_robots_primary_cat":"","_seopress_titles_title":"Campsite open all year round near saint gilles croix de vie","_seopress_titles_desc":"Camping le Val de Vie is located near St Gilles Croix de Vie and offers high quality accommodation  ","_seopress_robots_index":"","footnotes":""},"class_list":["post-7290","page","type-page","status-publish","hentry"],"_links":{"self":[{"href":"https:\/\/www.campingvaldevie.fr\/de\/wp-json\/wp\/v2\/pages\/7290","targetHints":{"allow":["GET"]}}],"collection":[{"href":"https:\/\/www.campingvaldevie.fr\/de\/wp-json\/wp\/v2\/pages"}],"about":[{"href":"https:\/\/www.campingvaldevie.fr\/de\/wp-json\/wp\/v2\/types\/page"}],"author":[{"embeddable":true,"href":"https:\/\/www.campingvaldevie.fr\/de\/wp-json\/wp\/v2\/users\/1"}],"replies":[{"embeddable":true,"href":"https:\/\/www.campingvaldevie.fr\/de\/wp-json\/wp\/v2\/comments?post=7290"}],"version-history":[{"count":2,"href":"https:\/\/www.campingvaldevie.fr\/de\/wp-json\/wp\/v2\/pages\/7290\/revisions"}],"predecessor-version":[{"id":16008,"href":"https:\/\/www.campingvaldevie.fr\/de\/wp-json\/wp\/v2\/pages\/7290\/revisions\/16008"}],"wp:attachment":[{"href":"https:\/\/www.campingvaldevie.fr\/de\/wp-json\/wp\/v2\/media?parent=7290"}],"curies":[{"name":"wp","href":"https:\/\/api.w.org\/{rel}","templated":true}]}}