{"id":12452,"date":"2022-03-10T11:54:45","date_gmt":"2022-03-10T10:54:45","guid":{"rendered":"https:\/\/www.campingvaldevie.fr\/?page_id=12452"},"modified":"2024-07-24T12:05:12","modified_gmt":"2024-07-24T10:05:12","slug":"fishing-near-the-campsite","status":"publish","type":"page","link":"https:\/\/www.campingvaldevie.fr\/en\/la-peche-a-proximite-du-camping\/","title":{"rendered":"Fishing near the campsite"},"content":{"rendered":"<h2 class=\"wp-block-heading\">A fisherman's paradise in the heart of the Vend\u00e9e bocage<\/h2>\n\n\n\n<p class=\"translation-block\">While the <a href=\"\/en\/\" target=\"_self\">Val de Vie<\/a> is known for its natural side, it's also for the <strong>fishing<\/strong> that travellers come to spend a few days here. Our small 4-star campsite is set in the heart of unspoilt nature. Fans of wide open spaces and greenery will feel right at home here. But those who will love our location are first and foremost <strong>fishing enthusiasts.<\/strong> We're just a few minutes from the town of Apremont (two minutes on foot to be precise). And who says Apremont, says <a href=\"https:\/\/www.campingvaldevie.fr\/en\/tourism-vendee\/apremont-tourism\/\" data-type=\"page\" data-id=\"1553\" target=\"_self\">lac d'Apremont<\/a>. The latter is a mecca for fishing in the Vend\u00e9e.<\/p>\n\n\n\n<h2 class=\"wp-block-heading\">One of the largest lakes in the Vend\u00e9e<\/h2>\n\n\n\n<p class=\"translation-block\">The <a href=\"\/en\/tourism-vendee\/lake-apremont\/\" target=\"_self\">Lac d'Apremont<\/a> is a place of relaxation, a haven of peace where the gentle way of life rhymes with calm and tranquillity. Covering an area of 1.67 km\u00b2, you can enjoy a wide range of activities here, but it also offers <strong>excellent fishing conditions<\/strong>.<\/p>\n\n\n\n<p>What better way to take time out for yourself than with this relaxing activity?<br>Fishing is often said to be the ideal way to relieve stress. This outdoor activity has its share of benefits. As a fisherman, you need to be able to sit still for long minutes before something happens, so it's a great time to relax. Get away from it all, give way to your emotions and leave your day-to-day concerns behind. As well as relaxing, fishing is also good for your physical health.<br>So what are you waiting for, get your fishing gear ready and set off for Lac d'Apremont?<\/p>\n\n\n\n<p class=\"translation-block\">&lt;Rod fishing from the shore or from a boat,<\/strong> it's all possible. <br>On Lake Apremont, you'll find many species. You can fish for roach, zander, black bass or carp. Don't hesitate to take a proud photo of yourself with your catch!<\/p>\n\n\n\n<p>So get your rod, bait and seat ready for an unforgettable afternoon of fishing. <\/p>\n\n\n\n<h2 class=\"wp-block-heading\">Fishing on foot<\/h2>\n\n\n\n<p class=\"translation-block\">As the <a href=\"\/en\/camping-apremont\/\" target=\"_self\">camping at Lac d'Apremont<\/a> is close to the beaches of the Vend\u00e9e, you'll be able to go fishing on foot. There are many good spots for this activity. The Boisvinet and Pelle \u00e0 Porteau beaches in Saint Gilles Croix de Vie. At low tide, the rocks are uncovered and give way to shrimp, periwinkles and many other shellfish.<\/strong><br>At Saint Jean de Monts, the large beach will allow you to fish for clams, mussels, oysters and pine nuts.<\/strong><br>High spot for foot fishing in the Vend\u00e9e: the <strong><a href=\"https:\/\/www.campingvaldevie.fr\/en\/tourism-vendee\/ile-de-noirmoutier\/\" data-type=\"page\" data-id=\"1384\" target=\"_self\">passage du Gois<\/a><\/strong>. At low tide, many fishermen gather to scrape the sand and collect clams.<\/p>\n\n\n\n<h2 class=\"wp-block-heading\">Sea fishing<\/h2>\n\n\n\n<p class=\"translation-block\">During your stay at our campsite, try your hand at <strong>sea fishing<\/strong>.<br>Saint Gilles Croix de Vie, a seaside resort known for its pretty fishing port. Many boats set out to sea every day. Some sailors offer you the chance to go out with them to discover their trade, but also to enjoy a nice walk.<\/p>\n\n\n\n<h2 class=\"wp-block-heading\">Photo gallery<\/h2>\n\n\n\t\t\t<div id=\"sevgallery-652837869\" class=\"sev-diaporama sev-diaporama-portfolio\">\n\t\t\t<div class=\"row\">\n\n\t\t\t\n\t\t\t\t\n\t\t\t\t<div class=\"sev-diaporama-portfolio-item col-12 col-sm\">\n\t\t\t\t\t<a href=\"https:\/\/www.campingvaldevie.fr\/wp-content\/uploads\/2022\/02\/HAUT-PECHE.png\" data-lightbox=\"sevgallery-652837869\" style=\"background-image: url(https:\/\/www.campingvaldevie.fr\/wp-content\/uploads\/2022\/02\/HAUT-PECHE.png)\">\n\t\t\t\t\t\t<img decoding=\"async\" src=\"https:\/\/www.campingvaldevie.fr\/wp-content\/uploads\/2022\/02\/HAUT-PECHE.png\" alt=\"campsite near a fishing base in the Vend\u00e9e\" loading=\"lazy\">\n\t\t\t\t\t<\/a>\n\t\t\t\t<\/div>\n\n\t\t\t\t\n\t\t\t\t\t\t\t\t\t\t\t\n\t\t\t\t\n\t\t\t\t<div class=\"sev-diaporama-portfolio-item col-12 col-sm  col-grow\">\n\t\t\t\t\t<a href=\"https:\/\/www.campingvaldevie.fr\/wp-content\/uploads\/2024\/02\/64-essai.jpg\" data-lightbox=\"sevgallery-652837869\" style=\"background-image: url(https:\/\/www.campingvaldevie.fr\/wp-content\/uploads\/2024\/02\/64-essai.jpg)\">\n\t\t\t\t\t\t<img decoding=\"async\" src=\"https:\/\/www.campingvaldevie.fr\/wp-content\/uploads\/2024\/02\/64-essai.jpg\" alt=\"lac d&#039;apremont\" loading=\"lazy\">\n\t\t\t\t\t<\/a>\n\t\t\t\t<\/div>\n\n\t\t\t\t\n\t\t\t\t\t\t\t\t\t\t\t\n\t\t\t\t\n\t\t\t\t<div class=\"sev-diaporama-portfolio-item col-12 col-sm  col-shrink\">\n\t\t\t\t\t<a href=\"https:\/\/www.campingvaldevie.fr\/wp-content\/uploads\/2024\/02\/22.jpg\" data-lightbox=\"sevgallery-652837869\" style=\"background-image: url(https:\/\/www.campingvaldevie.fr\/wp-content\/uploads\/2024\/02\/22.jpg)\">\n\t\t\t\t\t\t<img decoding=\"async\" src=\"https:\/\/www.campingvaldevie.fr\/wp-content\/uploads\/2024\/02\/22.jpg\" alt=\"lac d&#039;apremont\" loading=\"lazy\">\n\t\t\t\t\t<\/a>\n\t\t\t\t<\/div>\n\n\t\t\t\t\n\t\t\t\t\t\t\t\t\t\t\t\n\t\t\t\t\n\t\t\t\t<div class=\"sev-diaporama-portfolio-item col-12 col-sm  col-shrink\">\n\t\t\t\t\t<a href=\"https:\/\/www.campingvaldevie.fr\/wp-content\/uploads\/2024\/02\/90.jpg\" data-lightbox=\"sevgallery-652837869\" style=\"background-image: url(https:\/\/www.campingvaldevie.fr\/wp-content\/uploads\/2024\/02\/90.jpg)\">\n\t\t\t\t\t\t<img decoding=\"async\" src=\"https:\/\/www.campingvaldevie.fr\/wp-content\/uploads\/2024\/02\/90.jpg\" alt=\"\" loading=\"lazy\">\n\t\t\t\t\t<\/a>\n\t\t\t\t<\/div>\n\n\t\t\t\t\t\t\t\t\t<div class=\"w-100\"><\/div>\n\t\t\t\t\t\t\t\t\t\n\t\t\t\t\t\t\t\t\t\t\t\n\t\t\t\t\n\t\t\t\t<div class=\"sev-diaporama-portfolio-item col-12 col-sm\">\n\t\t\t\t\t<a href=\"https:\/\/www.campingvaldevie.fr\/wp-content\/uploads\/2021\/08\/peche-en-bord-de-lac-IMG_9887.jpg\" data-lightbox=\"sevgallery-652837869\" style=\"background-image: url(https:\/\/www.campingvaldevie.fr\/wp-content\/uploads\/2021\/08\/peche-en-bord-de-lac-IMG_9887.jpg)\">\n\t\t\t\t\t\t<img decoding=\"async\" src=\"https:\/\/www.campingvaldevie.fr\/wp-content\/uploads\/2021\/08\/peche-en-bord-de-lac-IMG_9887.jpg\" alt=\"fishing on Lake Apremont\" loading=\"lazy\">\n\t\t\t\t\t<\/a>\n\t\t\t\t<\/div>\n\n\t\t\t\t\n\t\t\t\t\t\t\t\t\t\t\t\n\t\t\t\t\n\t\t\t\t<div class=\"sev-diaporama-portfolio-item col-12 col-sm  col-grow\">\n\t\t\t\t\t<a href=\"https:\/\/www.campingvaldevie.fr\/wp-content\/uploads\/2018\/05\/pecheur.jpg\" data-lightbox=\"sevgallery-652837869\" style=\"background-image: url(https:\/\/www.campingvaldevie.fr\/wp-content\/uploads\/2018\/05\/pecheur.jpg)\">\n\t\t\t\t\t\t<img decoding=\"async\" src=\"https:\/\/www.campingvaldevie.fr\/wp-content\/uploads\/2018\/05\/pecheur.jpg\" alt=\"\" loading=\"lazy\">\n\t\t\t\t\t<\/a>\n\t\t\t\t<\/div>\n\n\t\t\t\t\n\t\t\t\t\t\t\t\t\t\t\t\n\t\t\t\t\n\t\t\t\t<div class=\"sev-diaporama-portfolio-item col-12 col-sm\">\n\t\t\t\t\t<a href=\"https:\/\/www.campingvaldevie.fr\/wp-content\/uploads\/2022\/04\/pecheapied-IMG_5982.jpg\" data-lightbox=\"sevgallery-652837869\" style=\"background-image: url(https:\/\/www.campingvaldevie.fr\/wp-content\/uploads\/2022\/04\/pecheapied-IMG_5982.jpg)\">\n\t\t\t\t\t\t<img decoding=\"async\" src=\"https:\/\/www.campingvaldevie.fr\/wp-content\/uploads\/2022\/04\/pecheapied-IMG_5982.jpg\" alt=\"fishing close to the campsite\" loading=\"lazy\">\n\t\t\t\t\t<\/a>\n\t\t\t\t<\/div>\n\n\t\t\t\t\n\t\t\t\t\t\t\t\t\t\t\t\n\t\t\t\t\n\t\t\t\t<div class=\"sev-diaporama-portfolio-item col-12 col-sm  col-grow\">\n\t\t\t\t\t<a href=\"https:\/\/www.campingvaldevie.fr\/wp-content\/uploads\/2022\/04\/peche-a-pied-vendee-noirmoutier-P1020121.jpg\" data-lightbox=\"sevgallery-652837869\" style=\"background-image: url(https:\/\/www.campingvaldevie.fr\/wp-content\/uploads\/2022\/04\/peche-a-pied-vendee-noirmoutier-P1020121.jpg)\">\n\t\t\t\t\t\t<img decoding=\"async\" src=\"https:\/\/www.campingvaldevie.fr\/wp-content\/uploads\/2022\/04\/peche-a-pied-vendee-noirmoutier-P1020121.jpg\" alt=\"fishing near the campsite\" loading=\"lazy\">\n\t\t\t\t\t<\/a>\n\t\t\t\t<\/div>\n\n\t\t\t\t\t\t\t\t\t<div class=\"w-100\"><\/div>\n\t\t\t\t\t\t\t\t\t\n\t\t\t\t\t\t\t\t\t\t\t\n\t\t\t\t\n\t\t\t\t<div class=\"sev-diaporama-portfolio-item col-12 col-sm  col-shrink\">\n\t\t\t\t\t<a href=\"https:\/\/www.campingvaldevie.fr\/wp-content\/uploads\/2022\/04\/saint-gilles-croix-de-vie-IMG_3896-1.jpg\" data-lightbox=\"sevgallery-652837869\" style=\"background-image: url(https:\/\/www.campingvaldevie.fr\/wp-content\/uploads\/2022\/04\/saint-gilles-croix-de-vie-IMG_3896-1.jpg)\">\n\t\t\t\t\t\t<img decoding=\"async\" src=\"https:\/\/www.campingvaldevie.fr\/wp-content\/uploads\/2022\/04\/saint-gilles-croix-de-vie-IMG_3896-1.jpg\" alt=\"campsite near sea fishing\" loading=\"lazy\">\n\t\t\t\t\t<\/a>\n\t\t\t\t<\/div>\n\n\t\t\t\t\n\t\t\t\t\t\t\t\t\t\t\t\n\t\t\t\t\n\t\t\t\t<div class=\"sev-diaporama-portfolio-item col-12 col-sm  col-grow\">\n\t\t\t\t\t<a href=\"https:\/\/www.campingvaldevie.fr\/wp-content\/uploads\/2024\/02\/91.jpg\" data-lightbox=\"sevgallery-652837869\" style=\"background-image: url(https:\/\/www.campingvaldevie.fr\/wp-content\/uploads\/2024\/02\/91.jpg)\">\n\t\t\t\t\t\t<img decoding=\"async\" src=\"https:\/\/www.campingvaldevie.fr\/wp-content\/uploads\/2024\/02\/91.jpg\" alt=\"\" loading=\"lazy\">\n\t\t\t\t\t<\/a>\n\t\t\t\t<\/div>\n\n\t\t\t\t\n\t\t\t\t\t\t\t\t\t\t\t\t\t\t<\/div>\n\t\t\t<\/div>\n\n\t\t\t<script>\n\t\t\tjQuery(function($) {\n\n\t\t\t\tvar marginPortfolio = function() {\n\n\t\t\t\t\tvar $diapo          = $('#sevgallery-652837869');\n\t\t\t\t\tvar container_width = $diapo.parent().outerWidth();\n\t\t\t\t\tvar side            = ( $(window).innerWidth() - container_width ) \/ 2;\n\n\t\t\t\t\t$diapo.css( {\n\t\t\t\t\t\t'margin-left': '-' + side + 'px',\n\t\t\t\t\t\t'margin-right': '-' + side + 'px',\n\t\t\t\t\t} );\n\t\t\t\t};\n\n\t\t\t\t$( window ).resize( function() {\n\t\t\t\t\tmarginPortfolio();\n\t\t\t\t} );\n\t\t\t\tmarginPortfolio();\n\t\t\t});\n\t\t\t<\/script>","protected":false},"excerpt":{"rendered":"<p>Le paradis des p\u00eacheurs au coeur du bocage vend\u00e9en Si le Val de Vie est connu pour son c\u00f4t\u00e9 nature, c\u2019est aussi pour la p\u00eache que les voyageurs viennent passer quelques jours ici. Notre petit camping 4 \u00e9toiles se trouve au c\u0153ur d\u2019une nature pr\u00e9serv\u00e9. Les f\u00e9rus de grands espaces et de verdure s\u2019y sentiront [&hellip;]<\/p>\n","protected":false},"author":1,"featured_media":0,"parent":0,"menu_order":0,"comment_status":"closed","ping_status":"closed","template":"","meta":{"_seopress_robots_primary_cat":"","_seopress_titles_title":"La p\u00eache \u00e0 proximit\u00e9 du camping - Camping Val de Vie Vend\u00e9e","_seopress_titles_desc":"D\u00e9couvrez le paradis des p\u00eacheurs proche du camping Val de Vie au coeur du bocage vend\u00e9en. P\u00eache en mer, p\u00eache en lac ou rivi\u00e8re de seconde cat\u00e9gorie en Vend\u00e9e !","_seopress_robots_index":"","footnotes":""},"class_list":["post-12452","page","type-page","status-publish","hentry"],"_links":{"self":[{"href":"https:\/\/www.campingvaldevie.fr\/en\/wp-json\/wp\/v2\/pages\/12452","targetHints":{"allow":["GET"]}}],"collection":[{"href":"https:\/\/www.campingvaldevie.fr\/en\/wp-json\/wp\/v2\/pages"}],"about":[{"href":"https:\/\/www.campingvaldevie.fr\/en\/wp-json\/wp\/v2\/types\/page"}],"author":[{"embeddable":true,"href":"https:\/\/www.campingvaldevie.fr\/en\/wp-json\/wp\/v2\/users\/1"}],"replies":[{"embeddable":true,"href":"https:\/\/www.campingvaldevie.fr\/en\/wp-json\/wp\/v2\/comments?post=12452"}],"version-history":[{"count":11,"href":"https:\/\/www.campingvaldevie.fr\/en\/wp-json\/wp\/v2\/pages\/12452\/revisions"}],"predecessor-version":[{"id":25763,"href":"https:\/\/www.campingvaldevie.fr\/en\/wp-json\/wp\/v2\/pages\/12452\/revisions\/25763"}],"wp:attachment":[{"href":"https:\/\/www.campingvaldevie.fr\/en\/wp-json\/wp\/v2\/media?parent=12452"}],"curies":[{"name":"wp","href":"https:\/\/api.w.org\/{rel}","templated":true}]}}