{"id":1382,"date":"2018-01-10T11:58:47","date_gmt":"2018-01-10T10:58:47","guid":{"rendered":"https:\/\/www.campingvaldevie.fr\/?page_id=1382"},"modified":"2023-11-15T10:26:57","modified_gmt":"2023-11-15T09:26:57","slug":"la-roche-sur-yon","status":"publish","type":"page","link":"https:\/\/www.campingvaldevie.fr\/en\/tourisme-vendee\/la-roche-sur-yon\/","title":{"rendered":"La Roche sur Yon"},"content":{"rendered":"<p class=\"translation-block\"><strong>Capital of the Vend\u00e9e<\/strong>, La Roche-sur-Yon is located in western France, in the heart of the Pays de la Loire region. The prefecture of the department of Vend\u00e9e is a <strong>Napoleonic town<\/strong> that appeals for its unique architectural heritage, its many green spaces, its rich cultural life and its constant dynamism.<\/p>\n\n\n\n<p class=\"translation-block\">&lt;Visiting La Roche-sur-Yon<\/strong> is like immersing yourself in a town full of history, taking a cultural trip, relaxing in a green setting and enjoying the friendly, lively atmosphere in the town centre.<\/p>\n\n\n\n<p>An essential part of your stay in our <a href=\"https:\/\/www.campingvaldevie.fr\/en\/\">Vend\u00e9e campsite<\/a> !<\/p>\n\n\n\n<div style=\"height:40px\" aria-hidden=\"true\" class=\"wp-block-spacer\"><\/div>\n\n\n\n<div class=\"wp-block-media-text has-media-on-the-right is-stacked-on-mobile is-image-fill\"><div class=\"wp-block-media-text__content\">\n<h2 class=\"wp-block-heading has-text-align-left\">History of the town of La Roche-sur-Yon<\/h2>\n\n\n\n<p class=\"translation-block\">La Roche-sur-Yon is a town closely linked to Napoleon<\/strong>. This commune, founded by the Romans, was then called Rupes before taking the name La Roche-sur-Yon, in reference to its rocky terrain and the Yon, the river that runs through the Vend\u00e9e.<\/p>\n\n\n\n<p class=\"translation-block\">In 1804, the Emperor, seduced by the strategic position of La Roche-sur-Yon in the Vend\u00e9e, decided to transform it into a <strong>modern town organised around a central square<\/strong>. His aim was to make La Roche-sur-Yon, which had just emerged from ten years of revolution and civil war, the economic revival of the Vend\u00e9e department. Napoleon named the town after himself, as well as the central square, which features a statue of him that still stands today. <br>The town has since reverted to its original name, La Roche-sur-Yon. With a population of nearly 55,000, La Roche-sur-Yon is a major economic, administrative and cultural centre in the Pays de la Loire region.<\/p>\n<\/div><figure class=\"wp-block-media-text__media\" style=\"background-image:url(https:\/\/www.campingvaldevie.fr\/wp-content\/uploads\/2023\/11\/la-roche-sur-yon.jpg);background-position:50% 50%\"><img loading=\"lazy\" decoding=\"async\" width=\"900\" height=\"600\" src=\"https:\/\/www.campingvaldevie.fr\/wp-content\/uploads\/2023\/11\/la-roche-sur-yon.jpg\" alt=\"la roche sur yon\" class=\"wp-image-22529 size-full\" srcset=\"https:\/\/www.campingvaldevie.fr\/wp-content\/uploads\/2023\/11\/la-roche-sur-yon.jpg 900w, https:\/\/www.campingvaldevie.fr\/wp-content\/uploads\/2023\/11\/la-roche-sur-yon-300x200.jpg 300w, https:\/\/www.campingvaldevie.fr\/wp-content\/uploads\/2023\/11\/la-roche-sur-yon-768x512.jpg 768w\" sizes=\"auto, (max-width: 900px) 100vw, 900px\" \/><\/figure><\/div>\n\n\n\n<div style=\"height:40px\" aria-hidden=\"true\" class=\"wp-block-spacer\"><\/div>\n\n\n\n<h2 class=\"wp-block-heading has-text-align-center\">Places not to miss in La Roche sur-Yon<\/h2>\n\n\n\n<div style=\"height:40px\" aria-hidden=\"true\" class=\"wp-block-spacer\"><\/div>\n\n\n\n<div class=\"wp-block-media-text is-stacked-on-mobile is-image-fill\"><figure class=\"wp-block-media-text__media\" style=\"background-image:url(https:\/\/www.campingvaldevie.fr\/wp-content\/uploads\/2023\/11\/place-napoleon-roche-sur-yon.jpg);background-position:50% 50%\"><img loading=\"lazy\" decoding=\"async\" width=\"900\" height=\"600\" src=\"https:\/\/www.campingvaldevie.fr\/wp-content\/uploads\/2023\/11\/place-napoleon-roche-sur-yon.jpg\" alt=\"Place napol\u00e9on la roche sur yon\" class=\"wp-image-22533 size-full\" srcset=\"https:\/\/www.campingvaldevie.fr\/wp-content\/uploads\/2023\/11\/place-napoleon-roche-sur-yon.jpg 900w, https:\/\/www.campingvaldevie.fr\/wp-content\/uploads\/2023\/11\/place-napoleon-roche-sur-yon-300x200.jpg 300w, https:\/\/www.campingvaldevie.fr\/wp-content\/uploads\/2023\/11\/place-napoleon-roche-sur-yon-768x512.jpg 768w\" sizes=\"auto, (max-width: 900px) 100vw, 900px\" \/><\/figure><div class=\"wp-block-media-text__content\">\n<h3 class=\"wp-block-heading\">Place Napol\u00e9on<\/h3>\n\n\n\n<p class=\"translation-block\">It's impossible to visit La Roche-sur-Yon without stopping off at Place Napol\u00e9on. This square, built by the Emperor, is the historic heart of the town. From both a heritage and geographical point of view, the town is structured around this square, where the four main roads linking it to the various towns in the Vend\u00e9e department converge.<\/p>\n\n\n\n<p class=\"translation-block\">In the centre sits the <strong>equestrian statue of Napoleon<\/strong>, inaugurated in 1854 to celebrate the fiftieth anniversary of the creation of La Roche-sur-Yon by Napoleon. A rare statue of the Emperor still standing, it is listed as a <strong>Monuments Historiques<\/strong>.<\/p>\n\n\n\n<p class=\"translation-block\">Stroll along the cobblestones of this huge 2.6-hectare square. You'll pass water basins, planted areas and <strong>hand-operated animal sculptures<\/strong>: crocodile, dromedary or even hippopotamus and ibis.<\/p>\n<\/div><\/div>\n\n\n\n<div style=\"height:40px\" aria-hidden=\"true\" class=\"wp-block-spacer\"><\/div>\n\n\n\n<div class=\"wp-block-media-text has-media-on-the-right is-stacked-on-mobile is-image-fill\"><div class=\"wp-block-media-text__content\">\n<h3 class=\"wp-block-heading\">Saint-Louis church in La Roche-sur-Yon<\/h3>\n\n\n\n<p class=\"translation-block\">Located on Place Napol\u00e9on, this 19th-century church is a listed <strong>Monument Historique<\/strong>. It was built <strong>under the orders of Napoleon<\/strong>.<\/p>\n\n\n\n<p class=\"translation-block\">The distinctive feature of this building in La Roche-sur-Yon is its <strong>neoclassical architecture<\/strong>, inspired by the canons of classical Greek and Roman antiquity: basilical plan, antique-style decoration, columned facade, clean lines, pediment surmounting the facade, carved stone...<\/p>\n\n\n\n<p>Inside, don't miss the trompe-l'\u0153il painted vault, the wooden furniture and the stained glass windows.<\/p>\n<\/div><figure class=\"wp-block-media-text__media\" style=\"background-image:url(https:\/\/www.campingvaldevie.fr\/wp-content\/uploads\/2023\/11\/eglise-saint-louis-roche-sur-yon.jpg);background-position:50% 50%\"><img loading=\"lazy\" decoding=\"async\" width=\"900\" height=\"600\" src=\"https:\/\/www.campingvaldevie.fr\/wp-content\/uploads\/2023\/11\/eglise-saint-louis-roche-sur-yon.jpg\" alt=\"\u00e9glise saint louis la roche sur yon\" class=\"wp-image-22537 size-full\" srcset=\"https:\/\/www.campingvaldevie.fr\/wp-content\/uploads\/2023\/11\/eglise-saint-louis-roche-sur-yon.jpg 900w, https:\/\/www.campingvaldevie.fr\/wp-content\/uploads\/2023\/11\/eglise-saint-louis-roche-sur-yon-300x200.jpg 300w, https:\/\/www.campingvaldevie.fr\/wp-content\/uploads\/2023\/11\/eglise-saint-louis-roche-sur-yon-768x512.jpg 768w\" sizes=\"auto, (max-width: 900px) 100vw, 900px\" \/><\/figure><\/div>\n\n\n\n<div style=\"height:40px\" aria-hidden=\"true\" class=\"wp-block-spacer\"><\/div>\n\n\n\n<div class=\"wp-block-media-text is-stacked-on-mobile is-image-fill\"><figure class=\"wp-block-media-text__media\" style=\"background-image:url(https:\/\/www.campingvaldevie.fr\/wp-content\/uploads\/2023\/11\/maison-renaissance.jpg);background-position:50% 50%\"><img loading=\"lazy\" decoding=\"async\" width=\"900\" height=\"600\" src=\"https:\/\/www.campingvaldevie.fr\/wp-content\/uploads\/2023\/11\/maison-renaissance.jpg\" alt=\"Renaissance house la roche sur yon\" class=\"wp-image-22541 size-full\" srcset=\"https:\/\/www.campingvaldevie.fr\/wp-content\/uploads\/2023\/11\/maison-renaissance.jpg 900w, https:\/\/www.campingvaldevie.fr\/wp-content\/uploads\/2023\/11\/maison-renaissance-300x200.jpg 300w, https:\/\/www.campingvaldevie.fr\/wp-content\/uploads\/2023\/11\/maison-renaissance-768x512.jpg 768w\" sizes=\"auto, (max-width: 900px) 100vw, 900px\" \/><\/figure><div class=\"wp-block-media-text__content\">\n<h3 class=\"wp-block-heading\">The Renaissance House<\/h3>\n\n\n\n<p>Located in the Vieille Horloge district, the Maison Renaissance dates back to 1566. It is therefore <strong>one of the oldest buildings in La Roche-sur-Yon<\/strong>. <\/p>\n\n\n\n<p class=\"translation-block\">This building<strong> of Italian architecture<\/strong>, formerly a private mansion, is now a venue for exhibitions on the history of the town and the region.<\/p>\n\n\n\n<p>On the outside, admire the triangular pediment fa\u00e7ade and stone arch. Inside, take time to admire the imposing granite fireplaces.<\/p>\n<\/div><\/div>\n\n\n\n<div style=\"height:40px\" aria-hidden=\"true\" class=\"wp-block-spacer\"><\/div>\n\n\n\n<div class=\"wp-block-media-text has-media-on-the-right is-stacked-on-mobile is-image-fill\"><div class=\"wp-block-media-text__content\">\n<h3 class=\"wp-block-heading\">The municipal theatre<\/h3>\n\n\n\n<p class=\"translation-block\">This 1846 building in La Roche-sur-Yon is another example of neoclassical architecture in the Vend\u00e9e, with its peristyle fa\u00e7ade featuring columns and pilasters and a triangular pediment.<\/p>\n\n\n\n<p>His <strong>ancient temple <\/strong>will appeal to culture lovers who want to be entertained by a play or a show in the <strong>Italian room<\/strong>.<\/p>\n<\/div><figure class=\"wp-block-media-text__media\" style=\"background-image:url(https:\/\/www.campingvaldevie.fr\/wp-content\/uploads\/2023\/11\/theatre-la-roche-sur-yon.jpg);background-position:50% 50%\"><img loading=\"lazy\" decoding=\"async\" width=\"900\" height=\"600\" src=\"https:\/\/www.campingvaldevie.fr\/wp-content\/uploads\/2023\/11\/theatre-la-roche-sur-yon.jpg\" alt=\"theatre la roche sur yon\" class=\"wp-image-22545 size-full\" srcset=\"https:\/\/www.campingvaldevie.fr\/wp-content\/uploads\/2023\/11\/theatre-la-roche-sur-yon.jpg 900w, https:\/\/www.campingvaldevie.fr\/wp-content\/uploads\/2023\/11\/theatre-la-roche-sur-yon-300x200.jpg 300w, https:\/\/www.campingvaldevie.fr\/wp-content\/uploads\/2023\/11\/theatre-la-roche-sur-yon-768x512.jpg 768w\" sizes=\"auto, (max-width: 900px) 100vw, 900px\" \/><\/figure><\/div>\n\n\n\n<div style=\"height:40px\" aria-hidden=\"true\" class=\"wp-block-spacer\"><\/div>\n\n\n\n<div class=\"wp-block-media-text is-stacked-on-mobile is-image-fill\"><figure class=\"wp-block-media-text__media\" style=\"background-image:url(https:\/\/www.campingvaldevie.fr\/wp-content\/uploads\/2023\/11\/vallee-de-ornee.jpg);background-position:50% 50%\"><img loading=\"lazy\" decoding=\"async\" width=\"900\" height=\"600\" src=\"https:\/\/www.campingvaldevie.fr\/wp-content\/uploads\/2023\/11\/vallee-de-ornee.jpg\" alt=\"ornay valley\" class=\"wp-image-22549 size-full\" srcset=\"https:\/\/www.campingvaldevie.fr\/wp-content\/uploads\/2023\/11\/vallee-de-ornee.jpg 900w, https:\/\/www.campingvaldevie.fr\/wp-content\/uploads\/2023\/11\/vallee-de-ornee-300x200.jpg 300w, https:\/\/www.campingvaldevie.fr\/wp-content\/uploads\/2023\/11\/vallee-de-ornee-768x512.jpg 768w\" sizes=\"auto, (max-width: 900px) 100vw, 900px\" \/><\/figure><div class=\"wp-block-media-text__content\">\n<h3 class=\"wp-block-heading\">The Ornay Valley<\/h3>\n\n\n\n<p class=\"translation-block\">The Ornay is a tributary of the Yon that flows through part of La Roche-sur-Yon. The Vall\u00e9e de l'Ornay, a classified <strong>Espace Naturel Sensible<\/strong>, is a haven of peace where it's great to stroll along the <strong>walking path<\/strong> surrounded by nature, which runs alongside the river.<\/p>\n<\/div><\/div>\n\n\n\n<div style=\"height:40px\" aria-hidden=\"true\" class=\"wp-block-spacer\"><\/div>\n\n\n\n<div class=\"wp-block-media-text has-media-on-the-right is-stacked-on-mobile is-image-fill\"><div class=\"wp-block-media-text__content\">\n<h3 class=\"wp-block-heading\">Lake Moulin-Papon<\/h3>\n\n\n\n<p class=\"translation-block\">To the north of La Roche-sur-Yon, Lac de Moulin-Papon is an extremely pleasant place to take a stroll. Here you can walk or cycle, fish or take part in water sports.<\/p>\n\n\n\n<p>This lake in the Vend\u00e9e <strong>surface area of 90 hectares<\/strong> is a popular destination for the people of the Vend\u00e9e.<\/p>\n<\/div><figure class=\"wp-block-media-text__media\" style=\"background-image:url(https:\/\/www.campingvaldevie.fr\/wp-content\/uploads\/2023\/11\/lac-moulin-papon.jpg);background-position:50% 50%\"><img loading=\"lazy\" decoding=\"async\" width=\"900\" height=\"600\" src=\"https:\/\/www.campingvaldevie.fr\/wp-content\/uploads\/2023\/11\/lac-moulin-papon.jpg\" alt=\"Lake of moulin Papon\" class=\"wp-image-22553 size-full\" srcset=\"https:\/\/www.campingvaldevie.fr\/wp-content\/uploads\/2023\/11\/lac-moulin-papon.jpg 900w, https:\/\/www.campingvaldevie.fr\/wp-content\/uploads\/2023\/11\/lac-moulin-papon-300x200.jpg 300w, https:\/\/www.campingvaldevie.fr\/wp-content\/uploads\/2023\/11\/lac-moulin-papon-768x512.jpg 768w\" sizes=\"auto, (max-width: 900px) 100vw, 900px\" \/><\/figure><\/div>","protected":false},"excerpt":{"rendered":"<p>Capitale de la Vend\u00e9e, La Roche-sur-Yon est situ\u00e9e dans l\u2019ouest de la France, au c\u0153ur de la r\u00e9gion des Pays de la Loire. La pr\u00e9fecture du d\u00e9partement de la Vend\u00e9e est une ville napol\u00e9onienne qui s\u00e9duit par son patrimoine architectural unique, ses nombreux espaces verts, sa vie culturelle riche et son dynamisme constant.&nbsp; Visiter la [&hellip;]<\/p>\n","protected":false},"author":1,"featured_media":0,"parent":20275,"menu_order":0,"comment_status":"closed","ping_status":"closed","template":"","meta":{"_seopress_robots_primary_cat":"","_seopress_titles_title":"D\u00e9couvrez La Roche-sur-Yon : que faire \u00e0 La Roche-sur-Yon ? ","_seopress_titles_desc":"Explorez La Roche-sur-Yon en Vend\u00e9e, une ville alliant charme historique et modernit\u00e9. D\u00e9couvrez ses sites embl\u00e9matiques et activit\u00e9s culturelles.","_seopress_robots_index":"","footnotes":""},"class_list":["post-1382","page","type-page","status-publish","hentry"],"_links":{"self":[{"href":"https:\/\/www.campingvaldevie.fr\/en\/wp-json\/wp\/v2\/pages\/1382","targetHints":{"allow":["GET"]}}],"collection":[{"href":"https:\/\/www.campingvaldevie.fr\/en\/wp-json\/wp\/v2\/pages"}],"about":[{"href":"https:\/\/www.campingvaldevie.fr\/en\/wp-json\/wp\/v2\/types\/page"}],"author":[{"embeddable":true,"href":"https:\/\/www.campingvaldevie.fr\/en\/wp-json\/wp\/v2\/users\/1"}],"replies":[{"embeddable":true,"href":"https:\/\/www.campingvaldevie.fr\/en\/wp-json\/wp\/v2\/comments?post=1382"}],"version-history":[{"count":10,"href":"https:\/\/www.campingvaldevie.fr\/en\/wp-json\/wp\/v2\/pages\/1382\/revisions"}],"predecessor-version":[{"id":22558,"href":"https:\/\/www.campingvaldevie.fr\/en\/wp-json\/wp\/v2\/pages\/1382\/revisions\/22558"}],"up":[{"embeddable":true,"href":"https:\/\/www.campingvaldevie.fr\/en\/wp-json\/wp\/v2\/pages\/20275"}],"wp:attachment":[{"href":"https:\/\/www.campingvaldevie.fr\/en\/wp-json\/wp\/v2\/media?parent=1382"}],"curies":[{"name":"wp","href":"https:\/\/api.w.org\/{rel}","templated":true}]}}