{"id":1519,"date":"2018-01-15T16:02:57","date_gmt":"2018-01-15T15:02:57","guid":{"rendered":"https:\/\/www.campingvaldevie.fr\/?page_id=1519"},"modified":"2024-02-15T09:22:43","modified_gmt":"2024-02-15T08:22:43","slug":"wild-planet","status":"publish","type":"page","link":"https:\/\/www.campingvaldevie.fr\/en\/planete-sauvage\/","title":{"rendered":"Plan\u00e8te Sauvage"},"content":{"rendered":"<h2 class=\"wp-block-heading\" id=\"bienvenue-dans-l-univers-magique-des-dauphins-et-de-la-faune-sauvage\">Welcome to the magical world of dolphins and wildlife!<\/h2>\n\n\n\n<div class=\"wp-block-columns is-layout-flex wp-container-core-columns-is-layout-9d6595d7 wp-block-columns-is-layout-flex\">\n<div class=\"wp-block-column is-layout-flow wp-block-column-is-layout-flow\">\n<p>Don't miss the Plan\u00e8te Sauvage during your stay in France. <a href=\"\/en\/\">camping in Vend\u00e9e<\/a> ! <\/p>\n\n\n\n<p class=\"translation-block\">A unique experience<\/strong> awaits you at Plan\u00e8te Sauvage - combining the discovery of the most fascinating of marine mammals, with a journey through the wild world and its most emblematic animal species.<\/p>\n\n\n\n<p class=\"translation-block\">Take a trip around the world and discover more than <strong>1,000 animals<\/strong> in the heart of a preserved natural area.<\/p>\n<\/div>\n\n\n\n<div class=\"wp-block-column is-layout-flow wp-block-column-is-layout-flow\">\n<p class=\"translation-block\">Plan\u00e8te Sauvage offers 250 species to observe on <strong>vast plains<\/strong>, as if you were on safari. From the emblematic mammals of Africa (lions, elephants, giraffes, etc.), the yaks of Mongolia and the Baribal bears of America, to the extraordinary dolphins of the Cit\u00e9 Marine, Plan\u00e8te Sauvage takes you on an extraordinary adventure!<\/p>\n\n\n\n<p class=\"translation-block\">In the <strong>pedestrianised area<\/strong> discover some surprising little animals and be the guest of a tribe of macaques in the heart of their forest!<\/p>\n\n\n\n<p>We offer ticketing services at our <a href=\"https:\/\/www.campingvaldevie.fr\/en\/\" data-type=\"link\" data-id=\"https:\/\/www.campingvaldevie.fr\/\">https:\/\/www.campingvaldevie.fr\/<\/a><\/p>\n<\/div>\n<\/div>\n\n\n\n<h2 class=\"wp-block-heading\">Photo gallery<\/h2>\n\n\n\t\t\t<div id=\"sevgallery-289636602\" class=\"sev-diaporama sev-diaporama-portfolio\">\n\t\t\t<div class=\"row\">\n\n\t\t\t\n\t\t\t\t\n\t\t\t\t<div class=\"sev-diaporama-portfolio-item col-12 col-sm  col-shrink\">\n\t\t\t\t\t<a href=\"https:\/\/www.campingvaldevie.fr\/wp-content\/uploads\/2018\/01\/planete-sauvage.jpg\" data-lightbox=\"sevgallery-289636602\" style=\"background-image: url(https:\/\/www.campingvaldevie.fr\/wp-content\/uploads\/2018\/01\/planete-sauvage.jpg)\">\n\t\t\t\t\t\t<img decoding=\"async\" src=\"https:\/\/www.campingvaldevie.fr\/wp-content\/uploads\/2018\/01\/planete-sauvage.jpg\" alt=\"Planete sauvage\" loading=\"lazy\">\n\t\t\t\t\t<\/a>\n\t\t\t\t<\/div>\n\n\t\t\t\t\n\t\t\t\t\t\t\t\t\t\t\t\n\t\t\t\t\n\t\t\t\t<div class=\"sev-diaporama-portfolio-item col-12 col-sm  col-shrink\">\n\t\t\t\t\t<a href=\"https:\/\/www.campingvaldevie.fr\/wp-content\/uploads\/2018\/02\/planete-sauvage-port-saint-pere-IMG_7665.jpg\" data-lightbox=\"sevgallery-289636602\" style=\"background-image: url(https:\/\/www.campingvaldevie.fr\/wp-content\/uploads\/2018\/02\/planete-sauvage-port-saint-pere-IMG_7665.jpg)\">\n\t\t\t\t\t\t<img decoding=\"async\" src=\"https:\/\/www.campingvaldevie.fr\/wp-content\/uploads\/2018\/02\/planete-sauvage-port-saint-pere-IMG_7665.jpg\" alt=\"Plan\u00e8te sauvage near the campsite\" loading=\"lazy\">\n\t\t\t\t\t<\/a>\n\t\t\t\t<\/div>\n\n\t\t\t\t\n\t\t\t\t\t\t\t\t\t\t\t\n\t\t\t\t\n\t\t\t\t<div class=\"sev-diaporama-portfolio-item col-12 col-sm  col-grow\">\n\t\t\t\t\t<a href=\"https:\/\/www.campingvaldevie.fr\/wp-content\/uploads\/2018\/02\/planete-sauvage-port-saint-pere-IMG_7784.jpg\" data-lightbox=\"sevgallery-289636602\" style=\"background-image: url(https:\/\/www.campingvaldevie.fr\/wp-content\/uploads\/2018\/02\/planete-sauvage-port-saint-pere-IMG_7784.jpg)\">\n\t\t\t\t\t\t<img decoding=\"async\" src=\"https:\/\/www.campingvaldevie.fr\/wp-content\/uploads\/2018\/02\/planete-sauvage-port-saint-pere-IMG_7784.jpg\" alt=\"Wild Planet\" loading=\"lazy\">\n\t\t\t\t\t<\/a>\n\t\t\t\t<\/div>\n\n\t\t\t\t\n\t\t\t\t\t\t\t\t\t\t\t\n\t\t\t\t\n\t\t\t\t<div class=\"sev-diaporama-portfolio-item col-12 col-sm  col-grow\">\n\t\t\t\t\t<a href=\"https:\/\/www.campingvaldevie.fr\/wp-content\/uploads\/2018\/02\/planete-sauvage-port-saint-pere-IMG_7895.jpg\" data-lightbox=\"sevgallery-289636602\" style=\"background-image: url(https:\/\/www.campingvaldevie.fr\/wp-content\/uploads\/2018\/02\/planete-sauvage-port-saint-pere-IMG_7895.jpg)\">\n\t\t\t\t\t\t<img decoding=\"async\" src=\"https:\/\/www.campingvaldevie.fr\/wp-content\/uploads\/2018\/02\/planete-sauvage-port-saint-pere-IMG_7895.jpg\" alt=\"Wild Planet\" loading=\"lazy\">\n\t\t\t\t\t<\/a>\n\t\t\t\t<\/div>\n\n\t\t\t\t\t\t\t\t\t<div class=\"w-100\"><\/div>\n\t\t\t\t\t\t\t\t\t\n\t\t\t\t\t\t\t\t\t\t\t\n\t\t\t\t\n\t\t\t\t<div class=\"sev-diaporama-portfolio-item col-12 col-sm\">\n\t\t\t\t\t<a href=\"https:\/\/www.campingvaldevie.fr\/wp-content\/uploads\/2018\/02\/planete-sauvage-port-saint-pere-IMG_8174.jpg\" data-lightbox=\"sevgallery-289636602\" style=\"background-image: url(https:\/\/www.campingvaldevie.fr\/wp-content\/uploads\/2018\/02\/planete-sauvage-port-saint-pere-IMG_8174.jpg)\">\n\t\t\t\t\t\t<img decoding=\"async\" src=\"https:\/\/www.campingvaldevie.fr\/wp-content\/uploads\/2018\/02\/planete-sauvage-port-saint-pere-IMG_8174.jpg\" alt=\"Plan\u00e8te sauvage dolphins\" loading=\"lazy\">\n\t\t\t\t\t<\/a>\n\t\t\t\t<\/div>\n\n\t\t\t\t\n\t\t\t\t\t\t\t\t\t\t\t\n\t\t\t\t\n\t\t\t\t<div class=\"sev-diaporama-portfolio-item col-12 col-sm\">\n\t\t\t\t\t<a href=\"https:\/\/www.campingvaldevie.fr\/wp-content\/uploads\/2018\/02\/planete-sauvage-port-saint-pere-IMG_8288.jpg\" data-lightbox=\"sevgallery-289636602\" style=\"background-image: url(https:\/\/www.campingvaldevie.fr\/wp-content\/uploads\/2018\/02\/planete-sauvage-port-saint-pere-IMG_8288.jpg)\">\n\t\t\t\t\t\t<img decoding=\"async\" src=\"https:\/\/www.campingvaldevie.fr\/wp-content\/uploads\/2018\/02\/planete-sauvage-port-saint-pere-IMG_8288.jpg\" alt=\"Wild Planet\" loading=\"lazy\">\n\t\t\t\t\t<\/a>\n\t\t\t\t<\/div>\n\n\t\t\t\t\n\t\t\t\t\t\t\t\t\t\t\t\n\t\t\t\t\n\t\t\t\t<div class=\"sev-diaporama-portfolio-item col-12 col-sm\">\n\t\t\t\t\t<a href=\"https:\/\/www.campingvaldevie.fr\/wp-content\/uploads\/2018\/02\/planete-sauvage-port-saint-pere-IMG_8634.jpg\" data-lightbox=\"sevgallery-289636602\" style=\"background-image: url(https:\/\/www.campingvaldevie.fr\/wp-content\/uploads\/2018\/02\/planete-sauvage-port-saint-pere-IMG_8634.jpg)\">\n\t\t\t\t\t\t<img decoding=\"async\" src=\"https:\/\/www.campingvaldevie.fr\/wp-content\/uploads\/2018\/02\/planete-sauvage-port-saint-pere-IMG_8634.jpg\" alt=\"Wild Planet\" loading=\"lazy\">\n\t\t\t\t\t<\/a>\n\t\t\t\t<\/div>\n\n\t\t\t\t\n\t\t\t\t\t\t\t\t\t\t\t\t\t\t<\/div>\n\t\t\t<\/div>\n\n\t\t\t<script>\n\t\t\tjQuery(function($) {\n\n\t\t\t\tvar marginPortfolio = function() {\n\n\t\t\t\t\tvar $diapo          = $('#sevgallery-289636602');\n\t\t\t\t\tvar container_width = $diapo.parent().outerWidth();\n\t\t\t\t\tvar side            = ( $(window).innerWidth() - container_width ) \/ 2;\n\n\t\t\t\t\t$diapo.css( {\n\t\t\t\t\t\t'margin-left': '-' + side + 'px',\n\t\t\t\t\t\t'margin-right': '-' + side + 'px',\n\t\t\t\t\t} );\n\t\t\t\t};\n\n\t\t\t\t$( window ).resize( function() {\n\t\t\t\t\tmarginPortfolio();\n\t\t\t\t} );\n\t\t\t\tmarginPortfolio();\n\t\t\t});\n\t\t\t<\/script>","protected":false},"excerpt":{"rendered":"<p>Bienvenue dans l\u2019univers magique des dauphins et de la faune sauvage ! Ne manquez pas la Plan\u00e8te Sauvage lors de votre s\u00e9jour en camping en Vend\u00e9e ! Une exp\u00e9rience unique vous attend \u00e0 Plan\u00e8te Sauvage \u2013 m\u00ealant la d\u00e9couverte du plus fascinant des mammif\u00e8res marins, \u00e0 la travers\u00e9e du monde sauvage et de ses plus [&hellip;]<\/p>\n","protected":false},"author":1,"featured_media":0,"parent":0,"menu_order":0,"comment_status":"closed","ping_status":"closed","template":"","meta":{"_seopress_robots_primary_cat":"","_seopress_titles_title":"Vivez une exp\u00e9rience unique au coeur du parc Plan\u00e8te Sauvage","_seopress_titles_desc":"Bienvenue dans l\u2019univers magique des dauphins et de la faune sauvage !","_seopress_robots_index":"","footnotes":""},"class_list":["post-1519","page","type-page","status-publish","hentry"],"_links":{"self":[{"href":"https:\/\/www.campingvaldevie.fr\/en\/wp-json\/wp\/v2\/pages\/1519","targetHints":{"allow":["GET"]}}],"collection":[{"href":"https:\/\/www.campingvaldevie.fr\/en\/wp-json\/wp\/v2\/pages"}],"about":[{"href":"https:\/\/www.campingvaldevie.fr\/en\/wp-json\/wp\/v2\/types\/page"}],"author":[{"embeddable":true,"href":"https:\/\/www.campingvaldevie.fr\/en\/wp-json\/wp\/v2\/users\/1"}],"replies":[{"embeddable":true,"href":"https:\/\/www.campingvaldevie.fr\/en\/wp-json\/wp\/v2\/comments?post=1519"}],"version-history":[{"count":4,"href":"https:\/\/www.campingvaldevie.fr\/en\/wp-json\/wp\/v2\/pages\/1519\/revisions"}],"predecessor-version":[{"id":23841,"href":"https:\/\/www.campingvaldevie.fr\/en\/wp-json\/wp\/v2\/pages\/1519\/revisions\/23841"}],"wp:attachment":[{"href":"https:\/\/www.campingvaldevie.fr\/en\/wp-json\/wp\/v2\/media?parent=1519"}],"curies":[{"name":"wp","href":"https:\/\/api.w.org\/{rel}","templated":true}]}}