{"id":15920,"date":"2022-05-09T09:58:19","date_gmt":"2022-05-09T07:58:19","guid":{"rendered":"https:\/\/www.campingvaldevie.fr\/wilde-planeet\/"},"modified":"2022-05-09T09:58:19","modified_gmt":"2022-05-09T07:58:19","slug":"wilde-planeet","status":"publish","type":"page","link":"https:\/\/www.campingvaldevie.fr\/en\/wilde-planeet\/","title":{"rendered":"Wilde Planeet"},"content":{"rendered":"<h2 class=\"wp-block-heading\" id=\"bienvenue-dans-l-univers-magique-des-dauphins-et-de-la-faune-sauvage\">Welkom in de magische wereld van dolfijnen en wilde dieren!<\/h2>\n\n<div class=\"wp-block-columns is-layout-flex wp-container-core-columns-is-layout-9d6595d7 wp-block-columns-is-layout-flex\">\n<div class=\"wp-block-column is-layout-flow wp-block-column-is-layout-flow\">\n<p>In Plan\u00e8te Sauvage wacht u een <strong>unieke<\/strong> ervaring: de ontdekking van de meest fascinerende zeezoogdieren wordt gecombineerd met een reis door de wilde wereld en haar meest iconische diersoorten.<\/p>\n\n\n\n<p>Maak een reis rond de wereld en ontdek meer dan <strong>1.000 dieren<\/strong> in het hart van een beschermd natuurgebied.<\/p>\n<\/div>\n\n\n\n<div class=\"wp-block-column is-layout-flow wp-block-column-is-layout-flow\">\n<p>Plan\u00e8te Sauvage telt 250 soorten die kunnen worden waargenomen op <strong>uitgestrekte vlaktes<\/strong> die als een safari kunnen worden verkend. Van de emblematische zoogdieren van Afrika (leeuwen, olifanten, giraffen, ...), over de yaks van Mongoli\u00eb of de Baribal-beren van Amerika, tot de buitengewone dolfijnen van de Cit\u00e9 Marine, Plan\u00e8te Sauvage dompelt u onder in een buitengewoon avontuur!<\/p>\n\n\n\n<p>Ontdek in het <strong>voetgangersgebied<\/strong> verrassende kleine dieren en wees te gast bij een stam makaken in het hart van hun woud!<\/p>\n<\/div>\n<\/div>\n\n<h2 class=\"wp-block-heading\">Foto galerij<\/h2>\n\t\t\t<div id=\"sevgallery-1893777175\" class=\"sev-diaporama sev-diaporama-portfolio\">\n\t\t\t<div class=\"row\">\n\n\t\t\t\n\t\t\t\t\n\t\t\t\t<div class=\"sev-diaporama-portfolio-item col-12 col-sm  col-grow\">\n\t\t\t\t\t<a href=\"https:\/\/www.campingvaldevie.fr\/wp-content\/uploads\/2018\/01\/planete-sauvage.jpg\" data-lightbox=\"sevgallery-1893777175\" style=\"background-image: url(https:\/\/www.campingvaldevie.fr\/wp-content\/uploads\/2018\/01\/planete-sauvage.jpg)\">\n\t\t\t\t\t\t<img decoding=\"async\" src=\"https:\/\/www.campingvaldevie.fr\/wp-content\/uploads\/2018\/01\/planete-sauvage.jpg\" alt=\"Planete sauvage\" loading=\"lazy\">\n\t\t\t\t\t<\/a>\n\t\t\t\t<\/div>\n\n\t\t\t\t\n\t\t\t\t\t\t\t\t\t\t\t\n\t\t\t\t\n\t\t\t\t<div class=\"sev-diaporama-portfolio-item col-12 col-sm\">\n\t\t\t\t\t<a href=\"https:\/\/www.campingvaldevie.fr\/wp-content\/uploads\/2018\/02\/planete-sauvage-port-saint-pere-IMG_7665.jpg\" data-lightbox=\"sevgallery-1893777175\" style=\"background-image: url(https:\/\/www.campingvaldevie.fr\/wp-content\/uploads\/2018\/02\/planete-sauvage-port-saint-pere-IMG_7665.jpg)\">\n\t\t\t\t\t\t<img decoding=\"async\" src=\"https:\/\/www.campingvaldevie.fr\/wp-content\/uploads\/2018\/02\/planete-sauvage-port-saint-pere-IMG_7665.jpg\" alt=\"Plan\u00e8te sauvage near the campsite\" loading=\"lazy\">\n\t\t\t\t\t<\/a>\n\t\t\t\t<\/div>\n\n\t\t\t\t\n\t\t\t\t\t\t\t\t\t\t\t\n\t\t\t\t\n\t\t\t\t<div class=\"sev-diaporama-portfolio-item col-12 col-sm  col-shrink\">\n\t\t\t\t\t<a href=\"https:\/\/www.campingvaldevie.fr\/wp-content\/uploads\/2018\/02\/planete-sauvage-port-saint-pere-IMG_7784.jpg\" data-lightbox=\"sevgallery-1893777175\" style=\"background-image: url(https:\/\/www.campingvaldevie.fr\/wp-content\/uploads\/2018\/02\/planete-sauvage-port-saint-pere-IMG_7784.jpg)\">\n\t\t\t\t\t\t<img decoding=\"async\" src=\"https:\/\/www.campingvaldevie.fr\/wp-content\/uploads\/2018\/02\/planete-sauvage-port-saint-pere-IMG_7784.jpg\" alt=\"Wild Planet\" loading=\"lazy\">\n\t\t\t\t\t<\/a>\n\t\t\t\t<\/div>\n\n\t\t\t\t\n\t\t\t\t\t\t\t\t\t\t\t\n\t\t\t\t\n\t\t\t\t<div class=\"sev-diaporama-portfolio-item col-12 col-sm\">\n\t\t\t\t\t<a href=\"https:\/\/www.campingvaldevie.fr\/wp-content\/uploads\/2018\/02\/planete-sauvage-port-saint-pere-IMG_7895.jpg\" data-lightbox=\"sevgallery-1893777175\" style=\"background-image: url(https:\/\/www.campingvaldevie.fr\/wp-content\/uploads\/2018\/02\/planete-sauvage-port-saint-pere-IMG_7895.jpg)\">\n\t\t\t\t\t\t<img decoding=\"async\" src=\"https:\/\/www.campingvaldevie.fr\/wp-content\/uploads\/2018\/02\/planete-sauvage-port-saint-pere-IMG_7895.jpg\" alt=\"Wild Planet\" loading=\"lazy\">\n\t\t\t\t\t<\/a>\n\t\t\t\t<\/div>\n\n\t\t\t\t\t\t\t\t\t<div class=\"w-100\"><\/div>\n\t\t\t\t\t\t\t\t\t\n\t\t\t\t\t\t\t\t\t\t\t\n\t\t\t\t\n\t\t\t\t<div class=\"sev-diaporama-portfolio-item col-12 col-sm  col-grow\">\n\t\t\t\t\t<a href=\"https:\/\/www.campingvaldevie.fr\/wp-content\/uploads\/2018\/02\/planete-sauvage-port-saint-pere-IMG_8174.jpg\" data-lightbox=\"sevgallery-1893777175\" style=\"background-image: url(https:\/\/www.campingvaldevie.fr\/wp-content\/uploads\/2018\/02\/planete-sauvage-port-saint-pere-IMG_8174.jpg)\">\n\t\t\t\t\t\t<img decoding=\"async\" src=\"https:\/\/www.campingvaldevie.fr\/wp-content\/uploads\/2018\/02\/planete-sauvage-port-saint-pere-IMG_8174.jpg\" alt=\"Plan\u00e8te sauvage dolphins\" loading=\"lazy\">\n\t\t\t\t\t<\/a>\n\t\t\t\t<\/div>\n\n\t\t\t\t\n\t\t\t\t\t\t\t\t\t\t\t\n\t\t\t\t\n\t\t\t\t<div class=\"sev-diaporama-portfolio-item col-12 col-sm  col-shrink\">\n\t\t\t\t\t<a href=\"https:\/\/www.campingvaldevie.fr\/wp-content\/uploads\/2018\/02\/planete-sauvage-port-saint-pere-IMG_8288.jpg\" data-lightbox=\"sevgallery-1893777175\" style=\"background-image: url(https:\/\/www.campingvaldevie.fr\/wp-content\/uploads\/2018\/02\/planete-sauvage-port-saint-pere-IMG_8288.jpg)\">\n\t\t\t\t\t\t<img decoding=\"async\" src=\"https:\/\/www.campingvaldevie.fr\/wp-content\/uploads\/2018\/02\/planete-sauvage-port-saint-pere-IMG_8288.jpg\" alt=\"Wild Planet\" loading=\"lazy\">\n\t\t\t\t\t<\/a>\n\t\t\t\t<\/div>\n\n\t\t\t\t\n\t\t\t\t\t\t\t\t\t\t\t\n\t\t\t\t\n\t\t\t\t<div class=\"sev-diaporama-portfolio-item col-12 col-sm\">\n\t\t\t\t\t<a href=\"https:\/\/www.campingvaldevie.fr\/wp-content\/uploads\/2018\/02\/planete-sauvage-port-saint-pere-IMG_8634.jpg\" data-lightbox=\"sevgallery-1893777175\" style=\"background-image: url(https:\/\/www.campingvaldevie.fr\/wp-content\/uploads\/2018\/02\/planete-sauvage-port-saint-pere-IMG_8634.jpg)\">\n\t\t\t\t\t\t<img decoding=\"async\" src=\"https:\/\/www.campingvaldevie.fr\/wp-content\/uploads\/2018\/02\/planete-sauvage-port-saint-pere-IMG_8634.jpg\" alt=\"Wild Planet\" loading=\"lazy\">\n\t\t\t\t\t<\/a>\n\t\t\t\t<\/div>\n\n\t\t\t\t\n\t\t\t\t\t\t\t\t\t\t\t\t\t\t<\/div>\n\t\t\t<\/div>\n\n\t\t\t<script>\n\t\t\tjQuery(function($) {\n\n\t\t\t\tvar marginPortfolio = function() {\n\n\t\t\t\t\tvar $diapo          = $('#sevgallery-1893777175');\n\t\t\t\t\tvar container_width = $diapo.parent().outerWidth();\n\t\t\t\t\tvar side            = ( $(window).innerWidth() - container_width ) \/ 2;\n\n\t\t\t\t\t$diapo.css( {\n\t\t\t\t\t\t'margin-left': '-' + side + 'px',\n\t\t\t\t\t\t'margin-right': '-' + side + 'px',\n\t\t\t\t\t} );\n\t\t\t\t};\n\n\t\t\t\t$( window ).resize( function() {\n\t\t\t\t\tmarginPortfolio();\n\t\t\t\t} );\n\t\t\t\tmarginPortfolio();\n\t\t\t});\n\t\t\t<\/script>","protected":false},"excerpt":{"rendered":"<p>Welkom in de magische wereld van dolfijnen en wilde dieren! In Plan\u00e8te Sauvage wacht u een unieke ervaring: de ontdekking van de meest fascinerende zeezoogdieren wordt gecombineerd met een reis door de wilde wereld en haar meest iconische diersoorten. Maak een reis rond de wereld en ontdek meer dan 1.000 dieren in het hart van [&hellip;]<\/p>\n","protected":false},"author":1,"featured_media":0,"parent":0,"menu_order":0,"comment_status":"closed","ping_status":"closed","template":"","meta":{"_seopress_robots_primary_cat":"","_seopress_titles_title":"Beleef een unieke ervaring in het hart van het Plan\u00e8te Sauvage park","_seopress_titles_desc":"Welkom in de magische wereld van dolfijnen en wilde dieren!","_seopress_robots_index":"","footnotes":""},"class_list":["post-15920","page","type-page","status-publish","hentry"],"_links":{"self":[{"href":"https:\/\/www.campingvaldevie.fr\/en\/wp-json\/wp\/v2\/pages\/15920","targetHints":{"allow":["GET"]}}],"collection":[{"href":"https:\/\/www.campingvaldevie.fr\/en\/wp-json\/wp\/v2\/pages"}],"about":[{"href":"https:\/\/www.campingvaldevie.fr\/en\/wp-json\/wp\/v2\/types\/page"}],"author":[{"embeddable":true,"href":"https:\/\/www.campingvaldevie.fr\/en\/wp-json\/wp\/v2\/users\/1"}],"replies":[{"embeddable":true,"href":"https:\/\/www.campingvaldevie.fr\/en\/wp-json\/wp\/v2\/comments?post=15920"}],"version-history":[{"count":1,"href":"https:\/\/www.campingvaldevie.fr\/en\/wp-json\/wp\/v2\/pages\/15920\/revisions"}],"predecessor-version":[{"id":15922,"href":"https:\/\/www.campingvaldevie.fr\/en\/wp-json\/wp\/v2\/pages\/15920\/revisions\/15922"}],"wp:attachment":[{"href":"https:\/\/www.campingvaldevie.fr\/en\/wp-json\/wp\/v2\/media?parent=15920"}],"curies":[{"name":"wp","href":"https:\/\/api.w.org\/{rel}","templated":true}]}}