{"id":15937,"date":"2022-05-09T09:58:22","date_gmt":"2022-05-09T07:58:22","guid":{"rendered":"https:\/\/www.campingvaldevie.fr\/bretignolles-sur-mer\/"},"modified":"2022-05-09T09:58:23","modified_gmt":"2022-05-09T07:58:23","slug":"bretignolles-sur-mer","status":"publish","type":"page","link":"https:\/\/www.campingvaldevie.fr\/en\/bretignolles-sur-mer\/","title":{"rendered":"Br\u00e9tignolles sur Mer"},"content":{"rendered":"<div class=\"wp-block-columns is-layout-flex wp-container-core-columns-is-layout-9d6595d7 wp-block-columns-is-layout-flex\">\n<div class=\"wp-block-column is-layout-flow wp-block-column-is-layout-flow\">\n<p>Br\u00e9tignolles-sur-Mer ist ein Badeort, der mit fast 12 km \u00fcber einen langen K\u00fcstenstreifen verf\u00fcgt. Dieses Dorf an der K\u00fcste beherbergt zahlreiche Campingpl\u00e4tze. Ihren Ruf in der Region verdankt sie jedoch dem <strong>Surfen<\/strong> sowie ihren Str\u00e4nden: La Sauzaie, Les Dunes 1 und 2 sowie La Gach\u00e8re.<\/p>\n\n\n\n<p><strong>Das Miniaturdorf<\/strong><\/p>\n\n\n\n<p>Vom 1. April bis zum 30. September. Ort der Flucht f\u00fcr eines der <strong>sch\u00f6nsten Miniaturd\u00f6rfer<\/strong> Frankreichs durch die Authentizit\u00e4t der verwendeten Materialien, wo das Detail die Atmosph\u00e4re einer realen Geschichte hervorhebt.<\/p>\n<\/div>\n<\/div>\n\n<div class=\"wp-block-media-text alignwide is-stacked-on-mobile\" style=\"grid-template-columns:40% auto\"><figure class=\"wp-block-media-text__media\"><img decoding=\"async\" src=\"https:\/\/www.campingvaldevie.fr\/wp-content\/uploads\/2022\/03\/eglise-de-bretignolles-sur-mer-IMG_9892-1024x682.jpg\" alt=\"\" class=\"wp-image-12182 size-full\"\/><\/figure><div class=\"wp-block-media-text__content\">\n<p><strong>Kirche Notre Dame de l'Assomption<\/strong><\/p>\n\n\n\n<p>Jahrhunderts besa\u00df die Gemeinde eine kleinere Kirche, die sich nicht weit vom Standort der heutigen Kirche befand. In 1845, it was declared by the Town Council to be too old for repairs and too small for the needs of the stagnant population. So M. Lev\u00eaque, Architekt in Fontenay Le Comte, was entrusted with the renovation. Work began in 1847 and lasted for three years. Einige Elemente der Innenausstattung der alten Kirche wurden wiederverwendet, wie der Hochaltar aus wei\u00dfem Marmor, die Alt\u00e4re der Jungfrau Maria und Johannes des T\u00e4ufers, die Kanzel, das Gest\u00fchl und der gro\u00dfe Christus aus Ulmenholz, ein Werk des Bildhauers Grootaers-Donon aus Nantes. The project to build the decoration was drawn up by Victor Clair, the departmental architect, and was completed between 1850 and 1880. Die Buntglasfenster, die den Heiligen Joseph, den Heiligen Ludwig, die Heilige Johanna von Orleans und das Heilige Herz darstellen, wurden 1926 eingesetzt. They were created by Luc Fournier, a glazier from Tours.<\/p>\n<\/div><\/div>\n\n<h2 class=\"wp-block-heading\">Fotogalerie<\/h2>\n\t\t\t<div id=\"sevgallery-1268696627\" class=\"sev-diaporama sev-diaporama-portfolio\">\n\t\t\t<div class=\"row\">\n\n\t\t\t\n\t\t\t\t\n\t\t\t\t<div class=\"sev-diaporama-portfolio-item col-12 col-sm  col-grow\">\n\t\t\t\t\t<a href=\"https:\/\/www.campingvaldevie.fr\/wp-content\/uploads\/2022\/02\/Bretignolles-sur-mer-banc-face-mer-DSC_2002.jpg\" data-lightbox=\"sevgallery-1268696627\" style=\"background-image: url(https:\/\/www.campingvaldevie.fr\/wp-content\/uploads\/2022\/02\/Bretignolles-sur-mer-banc-face-mer-DSC_2002.jpg)\">\n\t\t\t\t\t\t<img decoding=\"async\" src=\"https:\/\/www.campingvaldevie.fr\/wp-content\/uploads\/2022\/02\/Bretignolles-sur-mer-banc-face-mer-DSC_2002.jpg\" alt=\"swimming spot Br\u00e9tignolles sur Mer\" loading=\"lazy\">\n\t\t\t\t\t<\/a>\n\t\t\t\t<\/div>\n\n\t\t\t\t\n\t\t\t\t\t\t\t\t\t\t\t\n\t\t\t\t\n\t\t\t\t<div class=\"sev-diaporama-portfolio-item col-12 col-sm\">\n\t\t\t\t\t<a href=\"https:\/\/www.campingvaldevie.fr\/wp-content\/uploads\/2022\/02\/Bretignolles-sur-mer-bord-de-mer-corniche-DSC_1859.jpg\" data-lightbox=\"sevgallery-1268696627\" style=\"background-image: url(https:\/\/www.campingvaldevie.fr\/wp-content\/uploads\/2022\/02\/Bretignolles-sur-mer-bord-de-mer-corniche-DSC_1859.jpg)\">\n\t\t\t\t\t\t<img decoding=\"async\" src=\"https:\/\/www.campingvaldevie.fr\/wp-content\/uploads\/2022\/02\/Bretignolles-sur-mer-bord-de-mer-corniche-DSC_1859.jpg\" alt=\"Br\u00e9tignolles sur Mer beach\" loading=\"lazy\">\n\t\t\t\t\t<\/a>\n\t\t\t\t<\/div>\n\n\t\t\t\t\n\t\t\t\t\t\t\t\t\t\t\t\n\t\t\t\t\n\t\t\t\t<div class=\"sev-diaporama-portfolio-item col-12 col-sm  col-shrink\">\n\t\t\t\t\t<a href=\"https:\/\/www.campingvaldevie.fr\/wp-content\/uploads\/2022\/02\/Bretignolles-sur-mer-IMG_1570.jpg\" data-lightbox=\"sevgallery-1268696627\" style=\"background-image: url(https:\/\/www.campingvaldevie.fr\/wp-content\/uploads\/2022\/02\/Bretignolles-sur-mer-IMG_1570.jpg)\">\n\t\t\t\t\t\t<img decoding=\"async\" src=\"https:\/\/www.campingvaldevie.fr\/wp-content\/uploads\/2022\/02\/Bretignolles-sur-mer-IMG_1570.jpg\" alt=\"Br\u00e9tignolles sur Mer beach\" loading=\"lazy\">\n\t\t\t\t\t<\/a>\n\t\t\t\t<\/div>\n\n\t\t\t\t\n\t\t\t\t\t\t\t\t\t\t\t\n\t\t\t\t\n\t\t\t\t<div class=\"sev-diaporama-portfolio-item col-12 col-sm  col-grow\">\n\t\t\t\t\t<a href=\"https:\/\/www.campingvaldevie.fr\/wp-content\/uploads\/2022\/02\/Bretignolles-sur-mer-IMG_2057.jpg\" data-lightbox=\"sevgallery-1268696627\" style=\"background-image: url(https:\/\/www.campingvaldevie.fr\/wp-content\/uploads\/2022\/02\/Bretignolles-sur-mer-IMG_2057.jpg)\">\n\t\t\t\t\t\t<img decoding=\"async\" src=\"https:\/\/www.campingvaldevie.fr\/wp-content\/uploads\/2022\/02\/Bretignolles-sur-mer-IMG_2057.jpg\" alt=\"Br\u00e9tignolles sur Mer beach\" loading=\"lazy\">\n\t\t\t\t\t<\/a>\n\t\t\t\t<\/div>\n\n\t\t\t\t\t\t\t\t\t<div class=\"w-100\"><\/div>\n\t\t\t\t\t\t\t\t\t\n\t\t\t\t\t\t\t\t\t\t\t\n\t\t\t\t\n\t\t\t\t<div class=\"sev-diaporama-portfolio-item col-12 col-sm\">\n\t\t\t\t\t<a href=\"https:\/\/www.campingvaldevie.fr\/wp-content\/uploads\/2022\/02\/Bretignolles-sur-mer-IMG_2144.jpg\" data-lightbox=\"sevgallery-1268696627\" style=\"background-image: url(https:\/\/www.campingvaldevie.fr\/wp-content\/uploads\/2022\/02\/Bretignolles-sur-mer-IMG_2144.jpg)\">\n\t\t\t\t\t\t<img decoding=\"async\" src=\"https:\/\/www.campingvaldevie.fr\/wp-content\/uploads\/2022\/02\/Bretignolles-sur-mer-IMG_2144.jpg\" alt=\"Br\u00e9tignolles sur Mer beach\" loading=\"lazy\">\n\t\t\t\t\t<\/a>\n\t\t\t\t<\/div>\n\n\t\t\t\t\n\t\t\t\t\t\t\t\t\t\t\t\n\t\t\t\t\n\t\t\t\t<div class=\"sev-diaporama-portfolio-item col-12 col-sm\">\n\t\t\t\t\t<a href=\"https:\/\/www.campingvaldevie.fr\/wp-content\/uploads\/2022\/02\/Bretignolles-sur-mer-la-sauzaie-DSC_1820.jpg\" data-lightbox=\"sevgallery-1268696627\" style=\"background-image: url(https:\/\/www.campingvaldevie.fr\/wp-content\/uploads\/2022\/02\/Bretignolles-sur-mer-la-sauzaie-DSC_1820.jpg)\">\n\t\t\t\t\t\t<img decoding=\"async\" src=\"https:\/\/www.campingvaldevie.fr\/wp-content\/uploads\/2022\/02\/Bretignolles-sur-mer-la-sauzaie-DSC_1820.jpg\" alt=\"spotlight on Br\u00e9tignolles sur Mer\" loading=\"lazy\">\n\t\t\t\t\t<\/a>\n\t\t\t\t<\/div>\n\n\t\t\t\t\n\t\t\t\t\t\t\t\t\t\t\t\n\t\t\t\t\n\t\t\t\t<div class=\"sev-diaporama-portfolio-item col-12 col-sm  col-shrink\">\n\t\t\t\t\t<a href=\"https:\/\/www.campingvaldevie.fr\/wp-content\/uploads\/2022\/02\/ecole-de-voile-de-la-normandeliere-bretignolles-sur-mer-IMG_2182.jpg\" data-lightbox=\"sevgallery-1268696627\" style=\"background-image: url(https:\/\/www.campingvaldevie.fr\/wp-content\/uploads\/2022\/02\/ecole-de-voile-de-la-normandeliere-bretignolles-sur-mer-IMG_2182.jpg)\">\n\t\t\t\t\t\t<img decoding=\"async\" src=\"https:\/\/www.campingvaldevie.fr\/wp-content\/uploads\/2022\/02\/ecole-de-voile-de-la-normandeliere-bretignolles-sur-mer-IMG_2182.jpg\" alt=\"spot Br\u00e9tignolles sur Mer\" loading=\"lazy\">\n\t\t\t\t\t<\/a>\n\t\t\t\t<\/div>\n\n\t\t\t\t\n\t\t\t\t\t\t\t\t\t\t\t\n\t\t\t\t\n\t\t\t\t<div class=\"sev-diaporama-portfolio-item col-12 col-sm  col-shrink\">\n\t\t\t\t\t<a href=\"https:\/\/www.campingvaldevie.fr\/wp-content\/uploads\/2022\/02\/pistes-cyclables-bretignolles-sur-mer-IMG_9111.jpg\" data-lightbox=\"sevgallery-1268696627\" style=\"background-image: url(https:\/\/www.campingvaldevie.fr\/wp-content\/uploads\/2022\/02\/pistes-cyclables-bretignolles-sur-mer-IMG_9111.jpg)\">\n\t\t\t\t\t\t<img decoding=\"async\" src=\"https:\/\/www.campingvaldevie.fr\/wp-content\/uploads\/2022\/02\/pistes-cyclables-bretignolles-sur-mer-IMG_9111.jpg\" alt=\"walk on the corniche of Br\u00e9tignolles sur Mer\" loading=\"lazy\">\n\t\t\t\t\t<\/a>\n\t\t\t\t<\/div>\n\n\t\t\t\t\t\t\t\t\t<div class=\"w-100\"><\/div>\n\t\t\t\t\t\t\t\t\t\n\t\t\t\t\t\t\t\t\t\t\t\n\t\t\t\t\n\t\t\t\t<div class=\"sev-diaporama-portfolio-item col-12 col-sm\">\n\t\t\t\t\t<a href=\"https:\/\/www.campingvaldevie.fr\/wp-content\/uploads\/2022\/02\/plage-de-la-paree-bretignolles-sur-mer-IMG_5419.jpg\" data-lightbox=\"sevgallery-1268696627\" style=\"background-image: url(https:\/\/www.campingvaldevie.fr\/wp-content\/uploads\/2022\/02\/plage-de-la-paree-bretignolles-sur-mer-IMG_5419.jpg)\">\n\t\t\t\t\t\t<img decoding=\"async\" src=\"https:\/\/www.campingvaldevie.fr\/wp-content\/uploads\/2022\/02\/plage-de-la-paree-bretignolles-sur-mer-IMG_5419.jpg\" alt=\"Br\u00e9tignolles sur Mer walk\" loading=\"lazy\">\n\t\t\t\t\t<\/a>\n\t\t\t\t<\/div>\n\n\t\t\t\t\n\t\t\t\t\t\t\t\t\t\t\t\n\t\t\t\t\n\t\t\t\t<div class=\"sev-diaporama-portfolio-item col-12 col-sm  col-shrink\">\n\t\t\t\t\t<a href=\"https:\/\/www.campingvaldevie.fr\/wp-content\/uploads\/2022\/02\/plage-de-la-paree-bretignolles-sur-mer-IMG_9904.jpg\" data-lightbox=\"sevgallery-1268696627\" style=\"background-image: url(https:\/\/www.campingvaldevie.fr\/wp-content\/uploads\/2022\/02\/plage-de-la-paree-bretignolles-sur-mer-IMG_9904.jpg)\">\n\t\t\t\t\t\t<img decoding=\"async\" src=\"https:\/\/www.campingvaldevie.fr\/wp-content\/uploads\/2022\/02\/plage-de-la-paree-bretignolles-sur-mer-IMG_9904.jpg\" alt=\"Br\u00e9tignolles sur Mer beach\" loading=\"lazy\">\n\t\t\t\t\t<\/a>\n\t\t\t\t<\/div>\n\n\t\t\t\t\n\t\t\t\t\t\t\t\t\t\t\t\n\t\t\t\t\n\t\t\t\t<div class=\"sev-diaporama-portfolio-item col-12 col-sm  col-grow\">\n\t\t\t\t\t<a href=\"https:\/\/www.campingvaldevie.fr\/wp-content\/uploads\/2022\/03\/VendeeMiniature7.jpg\" data-lightbox=\"sevgallery-1268696627\" style=\"background-image: url(https:\/\/www.campingvaldevie.fr\/wp-content\/uploads\/2022\/03\/VendeeMiniature7.jpg)\">\n\t\t\t\t\t\t<img decoding=\"async\" src=\"https:\/\/www.campingvaldevie.fr\/wp-content\/uploads\/2022\/03\/VendeeMiniature7.jpg\" alt=\"Vend\u00e9e miniature museum\" loading=\"lazy\">\n\t\t\t\t\t<\/a>\n\t\t\t\t<\/div>\n\n\t\t\t\t\n\t\t\t\t\t\t\t\t\t\t\t\n\t\t\t\t\n\t\t\t\t<div class=\"sev-diaporama-portfolio-item col-12 col-sm  col-shrink\">\n\t\t\t\t\t<a href=\"https:\/\/www.campingvaldevie.fr\/wp-content\/uploads\/2022\/03\/VendeeMiniature5.jpg\" data-lightbox=\"sevgallery-1268696627\" style=\"background-image: url(https:\/\/www.campingvaldevie.fr\/wp-content\/uploads\/2022\/03\/VendeeMiniature5.jpg)\">\n\t\t\t\t\t\t<img decoding=\"async\" src=\"https:\/\/www.campingvaldevie.fr\/wp-content\/uploads\/2022\/03\/VendeeMiniature5.jpg\" alt=\"Vend\u00e9e miniature\" loading=\"lazy\">\n\t\t\t\t\t<\/a>\n\t\t\t\t<\/div>\n\n\t\t\t\t\t\t\t\t\t<div class=\"w-100\"><\/div>\n\t\t\t\t\t\t\t\t\t\n\t\t\t\t\t\t\t\t\t\t\t\t\t\t<\/div>\n\t\t\t<\/div>\n\n\t\t\t<script>\n\t\t\tjQuery(function($) {\n\n\t\t\t\tvar marginPortfolio = function() {\n\n\t\t\t\t\tvar $diapo          = $('#sevgallery-1268696627');\n\t\t\t\t\tvar container_width = $diapo.parent().outerWidth();\n\t\t\t\t\tvar side            = ( $(window).innerWidth() - container_width ) \/ 2;\n\n\t\t\t\t\t$diapo.css( {\n\t\t\t\t\t\t'margin-left': '-' + side + 'px',\n\t\t\t\t\t\t'margin-right': '-' + side + 'px',\n\t\t\t\t\t} );\n\t\t\t\t};\n\n\t\t\t\t$( window ).resize( function() {\n\t\t\t\t\tmarginPortfolio();\n\t\t\t\t} );\n\t\t\t\tmarginPortfolio();\n\t\t\t});\n\t\t\t<\/script>","protected":false},"excerpt":{"rendered":"<p>Br\u00e9tignolles-sur-Mer ist ein Badeort, der mit fast 12 km \u00fcber einen langen K\u00fcstenstreifen verf\u00fcgt. Dieses Dorf an der K\u00fcste beherbergt zahlreiche Campingpl\u00e4tze. Ihren Ruf in der Region verdankt sie jedoch dem Surfen sowie ihren Str\u00e4nden: La Sauzaie, Les Dunes 1 und 2 sowie La Gach\u00e8re. Das Miniaturdorf Vom 1. April bis zum 30. September. Ort [&hellip;]<\/p>\n","protected":false},"author":1,"featured_media":0,"parent":0,"menu_order":0,"comment_status":"closed","ping_status":"closed","template":"","meta":{"_seopress_robots_primary_cat":"","_seopress_titles_title":"Campingplatz in der N\u00e4he von Br\u00e9tignolles sur mer ganzj\u00e4hrig ge\u00f6ffnet","_seopress_titles_desc":"Der 3-Sterne-Campingplatz Le Val de Vie liegt in der N\u00e4he von Br\u00e9tignolles sur mer und ist das ganze Jahr \u00fcber ge\u00f6ffnet.","_seopress_robots_index":"","footnotes":""},"class_list":["post-15937","page","type-page","status-publish","hentry"],"_links":{"self":[{"href":"https:\/\/www.campingvaldevie.fr\/en\/wp-json\/wp\/v2\/pages\/15937","targetHints":{"allow":["GET"]}}],"collection":[{"href":"https:\/\/www.campingvaldevie.fr\/en\/wp-json\/wp\/v2\/pages"}],"about":[{"href":"https:\/\/www.campingvaldevie.fr\/en\/wp-json\/wp\/v2\/types\/page"}],"author":[{"embeddable":true,"href":"https:\/\/www.campingvaldevie.fr\/en\/wp-json\/wp\/v2\/users\/1"}],"replies":[{"embeddable":true,"href":"https:\/\/www.campingvaldevie.fr\/en\/wp-json\/wp\/v2\/comments?post=15937"}],"version-history":[{"count":1,"href":"https:\/\/www.campingvaldevie.fr\/en\/wp-json\/wp\/v2\/pages\/15937\/revisions"}],"predecessor-version":[{"id":15938,"href":"https:\/\/www.campingvaldevie.fr\/en\/wp-json\/wp\/v2\/pages\/15937\/revisions\/15938"}],"wp:attachment":[{"href":"https:\/\/www.campingvaldevie.fr\/en\/wp-json\/wp\/v2\/media?parent=15937"}],"curies":[{"name":"wp","href":"https:\/\/api.w.org\/{rel}","templated":true}]}}