{"id":15944,"date":"2022-05-09T09:58:26","date_gmt":"2022-05-09T07:58:26","guid":{"rendered":"https:\/\/www.campingvaldevie.fr\/saint-gilles-croix-de-vie\/"},"modified":"2022-05-09T09:58:31","modified_gmt":"2022-05-09T07:58:31","slug":"saint-gilles-croix-de-vie","status":"publish","type":"page","link":"https:\/\/www.campingvaldevie.fr\/en\/saint-gilles-croix-de-vie\/","title":{"rendered":"Saint-Gilles-Croix-de-Vie"},"content":{"rendered":"<p>Der f\u00fcr seine Sardinen ber\u00fchmte<strong>Fischereihafen <\/strong> <strong>Saint Gilles Croix de Vie<\/strong> ist heute eines der wichtigsten Zentren der K\u00fcste der Vend\u00e9e. Trotz ihres Erfolgs hat sie sich ihre Seele bewahrt, die Seele einer gastfreundlichen und warmherzigen Stadt, in der das ganze Jahr \u00fcber eine echte Lebensfreude herrscht. Die feinen Sandstr\u00e4nde, die alten Viertel, die f\u00fcnf Wochenm\u00e4rkte, die h\u00fcbschen Villen, das Kasino, die Fischer- und<strong> Jachth\u00e4fen<\/strong> im Herzen der Stadt... alles tr\u00e4gt dazu bei, den authentischen und malerischen Charakter der Stadt zu unterstreichen.<\/p>\n\n<p>In Saint Gilles befindet sich auch die<strong>Anlegestelle<\/strong>von der aus Sie mit dem Boot auf die wundersch\u00f6ne <a href=\"https:\/\/www.campingvaldevie.fr\/en\/ile-dyeu\/\">\n  <strong>Yeu Island<\/strong>\n<\/a>...<\/p>\n\n<div class=\"wp-block-media-text alignwide is-stacked-on-mobile is-image-fill\"><figure class=\"wp-block-media-text__media\" style=\"background-image:url(https:\/\/www.campingvaldevie.fr\/wp-content\/uploads\/2022\/03\/saint-gilles-croix-de-vie-eglise-de-saint-gilles-croix-de-vie-DSC_3577.jpg);background-position:50% 50%\"><img loading=\"lazy\" decoding=\"async\" width=\"990\" height=\"660\" src=\"https:\/\/www.campingvaldevie.fr\/wp-content\/uploads\/2022\/03\/saint-gilles-croix-de-vie-eglise-de-saint-gilles-croix-de-vie-DSC_3577.jpg\" alt=\"\" class=\"wp-image-12239 size-full\" srcset=\"https:\/\/www.campingvaldevie.fr\/wp-content\/uploads\/2022\/03\/saint-gilles-croix-de-vie-eglise-de-saint-gilles-croix-de-vie-DSC_3577.jpg 990w, https:\/\/www.campingvaldevie.fr\/wp-content\/uploads\/2022\/03\/saint-gilles-croix-de-vie-eglise-de-saint-gilles-croix-de-vie-DSC_3577-300x200.jpg 300w, https:\/\/www.campingvaldevie.fr\/wp-content\/uploads\/2022\/03\/saint-gilles-croix-de-vie-eglise-de-saint-gilles-croix-de-vie-DSC_3577-768x512.jpg 768w\" sizes=\"auto, (max-width: 990px) 100vw, 990px\" \/><\/figure><div class=\"wp-block-media-text__content\">\n<p id=\"un-peu-d-histoire\"><strong>Ein bisschen Geschichte<\/strong><\/p>\n\n\n\n<p>Der Ort Saint Gilles wurde zun\u00e4chst von den R\u00f6mern besetzt, als Julius C\u00e4sar Gallien eroberte. Spuren der Existenz von Saint Gilles finden sich jedoch erst im 13. In den folgenden Jahrhunderten erlebte die an M\u00fcndung des Vie angesiedelte Bev\u00f6lkerung einen bedeutenden Aufschwung, vor allem dank der florierenden Handels- (Salz und Weizen) und Hafent\u00e4tigkeit. Ende des 16. und Anfang des 17. Jahrhunderts entstand Croix de Vie, das 1690 zur Pfarrei wurde.<\/p>\n\n\n\n<p>Die Unruhen in der Vend\u00e9e im Jahr 1793 betrafen die Region kaum. Im Gegensatz dazu f\u00fchrte der zweite Aufstand von 1815 zu Zusammenst\u00f6\u00dfen zwischen den Giras (Republikanern) und den Viots-Kreuzern (Kronentreuen). Louis de la Rochejacquelin, Henris Bruder, der in Croix de Vie an Land gegangen war, starb w\u00e4hrend der Schlacht von Les Mattes. In addition to this ideological truce between the two locations, there is also a natural truce, created by the river \"La Vie\".<\/p>\n\n\n\n<p>Obwohl sie durch eine \"Furt\" und Boote verbunden waren, die einen seltenen Austausch zwischen den beiden Gemeinden erm\u00f6glichten, dauerte es bis 1836, bis eine Br\u00fccke gebaut wurde. In 1838, the first meetings between the two municipalities took place, but it was not until 1967 that the two towns of Vie and Saint Gilles Croix de Vie merged.<\/p>\n<\/div><\/div>\n\n<h2 class=\"wp-block-heading\">Fotogalerie<\/h2>\n\t\t\t<div id=\"sevgallery-181638326\" class=\"sev-diaporama sev-diaporama-portfolio\">\n\t\t\t<div class=\"row\">\n\n\t\t\t\n\t\t\t\t\n\t\t\t\t<div class=\"sev-diaporama-portfolio-item col-12 col-sm  col-grow\">\n\t\t\t\t\t<a href=\"https:\/\/www.campingvaldevie.fr\/wp-content\/uploads\/2018\/01\/saint-gilles-croix-de-vie.jpg\" data-lightbox=\"sevgallery-181638326\" style=\"background-image: url(https:\/\/www.campingvaldevie.fr\/wp-content\/uploads\/2018\/01\/saint-gilles-croix-de-vie.jpg)\">\n\t\t\t\t\t\t<img decoding=\"async\" src=\"https:\/\/www.campingvaldevie.fr\/wp-content\/uploads\/2018\/01\/saint-gilles-croix-de-vie.jpg\" alt=\"saint-gilles-croix-de-vie\" loading=\"lazy\">\n\t\t\t\t\t<\/a>\n\t\t\t\t<\/div>\n\n\t\t\t\t\n\t\t\t\t\t\t\t\t\t\t\t\n\t\t\t\t\n\t\t\t\t<div class=\"sev-diaporama-portfolio-item col-12 col-sm  col-grow\">\n\t\t\t\t\t<a href=\"https:\/\/www.campingvaldevie.fr\/wp-content\/uploads\/2018\/02\/saint-gilles-croix-de-vie-IMG_5474.jpg\" data-lightbox=\"sevgallery-181638326\" style=\"background-image: url(https:\/\/www.campingvaldevie.fr\/wp-content\/uploads\/2018\/02\/saint-gilles-croix-de-vie-IMG_5474.jpg)\">\n\t\t\t\t\t\t<img decoding=\"async\" src=\"https:\/\/www.campingvaldevie.fr\/wp-content\/uploads\/2018\/02\/saint-gilles-croix-de-vie-IMG_5474.jpg\" alt=\"saint-gilles-croix-de-vie-IMG\" loading=\"lazy\">\n\t\t\t\t\t<\/a>\n\t\t\t\t<\/div>\n\n\t\t\t\t\n\t\t\t\t\t\t\t\t\t\t\t\n\t\t\t\t\n\t\t\t\t<div class=\"sev-diaporama-portfolio-item col-12 col-sm  col-grow\">\n\t\t\t\t\t<a href=\"https:\/\/www.campingvaldevie.fr\/wp-content\/uploads\/2018\/02\/saint-gilles-croix-de-vie-IMG_5491.jpg\" data-lightbox=\"sevgallery-181638326\" style=\"background-image: url(https:\/\/www.campingvaldevie.fr\/wp-content\/uploads\/2018\/02\/saint-gilles-croix-de-vie-IMG_5491.jpg)\">\n\t\t\t\t\t\t<img decoding=\"async\" src=\"https:\/\/www.campingvaldevie.fr\/wp-content\/uploads\/2018\/02\/saint-gilles-croix-de-vie-IMG_5491.jpg\" alt=\"saint-gilles-croix-de-vie\" loading=\"lazy\">\n\t\t\t\t\t<\/a>\n\t\t\t\t<\/div>\n\n\t\t\t\t\n\t\t\t\t\t\t\t\t\t\t\t\n\t\t\t\t\n\t\t\t\t<div class=\"sev-diaporama-portfolio-item col-12 col-sm  col-shrink\">\n\t\t\t\t\t<a href=\"https:\/\/www.campingvaldevie.fr\/wp-content\/uploads\/2018\/02\/saint-gilles-croix-de-vie-IMG_5582.jpg\" data-lightbox=\"sevgallery-181638326\" style=\"background-image: url(https:\/\/www.campingvaldevie.fr\/wp-content\/uploads\/2018\/02\/saint-gilles-croix-de-vie-IMG_5582.jpg)\">\n\t\t\t\t\t\t<img decoding=\"async\" src=\"https:\/\/www.campingvaldevie.fr\/wp-content\/uploads\/2018\/02\/saint-gilles-croix-de-vie-IMG_5582.jpg\" alt=\"saint-gilles-croix-de-vie\" loading=\"lazy\">\n\t\t\t\t\t<\/a>\n\t\t\t\t<\/div>\n\n\t\t\t\t\t\t\t\t\t<div class=\"w-100\"><\/div>\n\t\t\t\t\t\t\t\t\t\n\t\t\t\t\t\t\t\t\t\t\t\n\t\t\t\t\n\t\t\t\t<div class=\"sev-diaporama-portfolio-item col-12 col-sm\">\n\t\t\t\t\t<a href=\"https:\/\/www.campingvaldevie.fr\/wp-content\/uploads\/2018\/02\/saint-gilles-croix-de-vie-IMG_5604.jpg\" data-lightbox=\"sevgallery-181638326\" style=\"background-image: url(https:\/\/www.campingvaldevie.fr\/wp-content\/uploads\/2018\/02\/saint-gilles-croix-de-vie-IMG_5604.jpg)\">\n\t\t\t\t\t\t<img decoding=\"async\" src=\"https:\/\/www.campingvaldevie.fr\/wp-content\/uploads\/2018\/02\/saint-gilles-croix-de-vie-IMG_5604.jpg\" alt=\"saint-gilles-croix-de-vie\" loading=\"lazy\">\n\t\t\t\t\t<\/a>\n\t\t\t\t<\/div>\n\n\t\t\t\t\n\t\t\t\t\t\t\t\t\t\t\t\n\t\t\t\t\n\t\t\t\t<div class=\"sev-diaporama-portfolio-item col-12 col-sm  col-grow\">\n\t\t\t\t\t<a href=\"https:\/\/www.campingvaldevie.fr\/wp-content\/uploads\/2018\/02\/saint-gilles-croix-de-vie-IMG_5649.jpg\" data-lightbox=\"sevgallery-181638326\" style=\"background-image: url(https:\/\/www.campingvaldevie.fr\/wp-content\/uploads\/2018\/02\/saint-gilles-croix-de-vie-IMG_5649.jpg)\">\n\t\t\t\t\t\t<img decoding=\"async\" src=\"https:\/\/www.campingvaldevie.fr\/wp-content\/uploads\/2018\/02\/saint-gilles-croix-de-vie-IMG_5649.jpg\" alt=\"saint-gilles-croix-de-vie\" loading=\"lazy\">\n\t\t\t\t\t<\/a>\n\t\t\t\t<\/div>\n\n\t\t\t\t\n\t\t\t\t\t\t\t\t\t\t\t\n\t\t\t\t\n\t\t\t\t<div class=\"sev-diaporama-portfolio-item col-12 col-sm\">\n\t\t\t\t\t<a href=\"https:\/\/www.campingvaldevie.fr\/wp-content\/uploads\/2018\/02\/saint-gilles-croix-de-vie-IMG_5682.jpg\" data-lightbox=\"sevgallery-181638326\" style=\"background-image: url(https:\/\/www.campingvaldevie.fr\/wp-content\/uploads\/2018\/02\/saint-gilles-croix-de-vie-IMG_5682.jpg)\">\n\t\t\t\t\t\t<img decoding=\"async\" src=\"https:\/\/www.campingvaldevie.fr\/wp-content\/uploads\/2018\/02\/saint-gilles-croix-de-vie-IMG_5682.jpg\" alt=\"saint-gilles-croix-de-vie\" loading=\"lazy\">\n\t\t\t\t\t<\/a>\n\t\t\t\t<\/div>\n\n\t\t\t\t\n\t\t\t\t\t\t\t\t\t\t\t\t\t\t<\/div>\n\t\t\t<\/div>\n\n\t\t\t<script>\n\t\t\tjQuery(function($) {\n\n\t\t\t\tvar marginPortfolio = function() {\n\n\t\t\t\t\tvar $diapo          = $('#sevgallery-181638326');\n\t\t\t\t\tvar container_width = $diapo.parent().outerWidth();\n\t\t\t\t\tvar side            = ( $(window).innerWidth() - container_width ) \/ 2;\n\n\t\t\t\t\t$diapo.css( {\n\t\t\t\t\t\t'margin-left': '-' + side + 'px',\n\t\t\t\t\t\t'margin-right': '-' + side + 'px',\n\t\t\t\t\t} );\n\t\t\t\t};\n\n\t\t\t\t$( window ).resize( function() {\n\t\t\t\t\tmarginPortfolio();\n\t\t\t\t} );\n\t\t\t\tmarginPortfolio();\n\t\t\t});\n\t\t\t<\/script>","protected":false},"excerpt":{"rendered":"<p>Der f\u00fcr seine Sardinen ber\u00fchmteFischereihafen Saint Gilles Croix de Vie ist heute eines der wichtigsten Zentren der K\u00fcste der Vend\u00e9e. Trotz ihres Erfolgs hat sie sich ihre Seele bewahrt, die Seele einer gastfreundlichen und warmherzigen Stadt, in der das ganze Jahr \u00fcber eine echte Lebensfreude herrscht. Die feinen Sandstr\u00e4nde, die alten Viertel, die f\u00fcnf Wochenm\u00e4rkte, [&hellip;]<\/p>\n","protected":false},"author":1,"featured_media":0,"parent":0,"menu_order":0,"comment_status":"closed","ping_status":"closed","template":"","meta":{"_seopress_robots_primary_cat":"","_seopress_titles_title":"Ganzj\u00e4hrig ge\u00f6ffneter campingplatz in der n\u00e4he von saint gilles croix de vie","_seopress_titles_desc":"Der Campingplatz le Val de Vie liegt in der N\u00e4he von St. Gilles Croix de Vie und bietet hochwertige Unterk\u00fcnfte an  ","_seopress_robots_index":"","footnotes":""},"class_list":["post-15944","page","type-page","status-publish","hentry"],"_links":{"self":[{"href":"https:\/\/www.campingvaldevie.fr\/en\/wp-json\/wp\/v2\/pages\/15944","targetHints":{"allow":["GET"]}}],"collection":[{"href":"https:\/\/www.campingvaldevie.fr\/en\/wp-json\/wp\/v2\/pages"}],"about":[{"href":"https:\/\/www.campingvaldevie.fr\/en\/wp-json\/wp\/v2\/types\/page"}],"author":[{"embeddable":true,"href":"https:\/\/www.campingvaldevie.fr\/en\/wp-json\/wp\/v2\/users\/1"}],"replies":[{"embeddable":true,"href":"https:\/\/www.campingvaldevie.fr\/en\/wp-json\/wp\/v2\/comments?post=15944"}],"version-history":[{"count":1,"href":"https:\/\/www.campingvaldevie.fr\/en\/wp-json\/wp\/v2\/pages\/15944\/revisions"}],"predecessor-version":[{"id":15953,"href":"https:\/\/www.campingvaldevie.fr\/en\/wp-json\/wp\/v2\/pages\/15944\/revisions\/15953"}],"wp:attachment":[{"href":"https:\/\/www.campingvaldevie.fr\/en\/wp-json\/wp\/v2\/media?parent=15944"}],"curies":[{"name":"wp","href":"https:\/\/api.w.org\/{rel}","templated":true}]}}