{"id":20366,"date":"2022-12-07T08:43:14","date_gmt":"2022-12-07T07:43:14","guid":{"rendered":"https:\/\/www.campingvaldevie.fr\/?page_id=20366"},"modified":"2024-02-14T16:56:46","modified_gmt":"2024-02-14T15:56:46","slug":"aizenay-tourism","status":"publish","type":"page","link":"https:\/\/www.campingvaldevie.fr\/en\/tourisme-vendee\/tourisme-aizenay\/","title":{"rendered":"Tourism in Aizenay, what to see and visit"},"content":{"rendered":"<p><strong>Aizenay <\/strong>offers one of the most interesting sightseeing tours accessible from your car. <a href=\"\/en\/\">camping in Vend\u00e9e<\/a>in the <strong>Pays de la Loire<\/strong>. The city is renowned for its rich heritage and cultural attractions. It's an ideal destination for a break from the daily grind or an odyssey. Here's a closer look at the unmissable places you need to see and do. <strong>visit near Aizenay<\/strong>.<\/p>\n\n\n\n<div class=\"wp-block-media-text alignfull has-media-on-the-right is-stacked-on-mobile is-vertically-aligned-center is-style-default\" style=\"grid-template-columns:auto 40%\"><div class=\"wp-block-media-text__content\">\n<h2 class=\"wp-block-heading\">The Loriot garden in Venansault&nbsp;<\/h2>\n\n\n\n<p>This is an Anglo-Chinese ecological park located in the <strong>heart of the Vend\u00e9e<\/strong>. Here are a few routes not to be missed in this 5-hectare garden:<\/p>\n\n\n\n<ol class=\"wp-block-list\">\n<li><strong>The water lily and lotus pools<\/strong><\/li>\n<\/ol>\n\n\n\n<p>The ponds feature around 60 varieties of multicoloured water lilies, immersing you in a world of beauty and exoticism.&nbsp;&nbsp;<\/p>\n\n\n\n<ol class=\"wp-block-list\" start=\"2\">\n<li><strong>On the dragon trail<\/strong><\/li>\n<\/ol>\n\n\n\n<p>Don't miss the permanent exhibition about Clemenceau's trip to South Asia. Two mythological geese symbolise the town of Pegou and the unbreakable friendship between Clemenceau and Claude MONET.<\/p>\n\n\n\n<ol class=\"wp-block-list\" start=\"3\">\n<li><strong>Bambusetum&nbsp;<\/strong><\/li>\n<\/ol>\n\n\n\n<p>There are plenty of benches where you can sit and enjoy the cool shade of the bamboo.&nbsp;&nbsp;<\/p>\n\n\n\n<ol class=\"wp-block-list\" start=\"4\">\n<li><strong>Japan<\/strong><\/li>\n<\/ol>\n\n\n\n<p>Explore the \"Forest of the Moon Princess\" and try to solve the 34 riddles in the \"Tale of the Old Bamboo Chopper\".&nbsp;&nbsp;<\/p>\n\n\n\n<p>To explore the region in complete tranquillity, book your holiday in a <strong>campsite near Aizenay<\/strong>.&nbsp;<\/p>\n<\/div><figure class=\"wp-block-media-text__media\"><img loading=\"lazy\" decoding=\"async\" width=\"622\" height=\"415\" src=\"https:\/\/www.campingvaldevie.fr\/wp-content\/uploads\/2022\/12\/bambusetum-aizenay.jpg\" alt=\"bambusetum d&#039;aizenay\" class=\"wp-image-20369 size-full\" srcset=\"https:\/\/www.campingvaldevie.fr\/wp-content\/uploads\/2022\/12\/bambusetum-aizenay.jpg 622w, https:\/\/www.campingvaldevie.fr\/wp-content\/uploads\/2022\/12\/bambusetum-aizenay-300x200.jpg 300w\" sizes=\"auto, (max-width: 622px) 100vw, 622px\" \/><\/figure><\/div>\n\n\n\n<div style=\"height:30px\" aria-hidden=\"true\" class=\"wp-block-spacer\"><\/div>\n\n\n\n<div class=\"wp-block-media-text alignfull is-stacked-on-mobile is-vertically-aligned-center is-style-default\" style=\"grid-template-columns:40% auto\"><figure class=\"wp-block-media-text__media\"><img loading=\"lazy\" decoding=\"async\" width=\"1024\" height=\"768\" src=\"https:\/\/www.campingvaldevie.fr\/wp-content\/uploads\/2024\/02\/95.jpg\" alt=\"\" class=\"wp-image-23804 size-full\" srcset=\"https:\/\/www.campingvaldevie.fr\/wp-content\/uploads\/2024\/02\/95.jpg 1024w, https:\/\/www.campingvaldevie.fr\/wp-content\/uploads\/2024\/02\/95-300x225.jpg 300w, https:\/\/www.campingvaldevie.fr\/wp-content\/uploads\/2024\/02\/95-768x576.jpg 768w\" sizes=\"auto, (max-width: 1024px) 100vw, 1024px\" \/><\/figure><div class=\"wp-block-media-text__content\">\n<h2 class=\"wp-block-heading\">The town of Apremont<\/h2>\n\n\n\n<p>The town of<strong>Apremont near Aizenay<\/strong> There are plenty of unique places to visit:<\/p>\n\n\n\n<ol class=\"wp-block-list\">\n<li><strong>Apremont castle<\/strong><\/li>\n<\/ol>\n\n\n\n<p>It is a fortress with an interesting cultural heritage that is accessible to everyone. The castle stands majestically in the Vie valley. Just 30 minutes from <strong>Vend\u00e9e coastline<\/strong>A popular destination for holidaymakers in search of beaches and sunshine. Its location makes it the perfect place to get an education before relaxing on the beautiful beaches. <strong>Pays de la Loire beaches<\/strong>. Don't hesitate to come <a href=\"https:\/\/www.tourisme-vie-et-boulogne.fr\/chateau-apremont\/\" target=\"_blank\" rel=\"noreferrer noopener\"><strong>visit Apremont castle<\/strong><\/a> !<\/p>\n\n\n\n<ol class=\"wp-block-list\" start=\"2\">\n<li><strong>Saint Martin Church&nbsp;<\/strong><\/li>\n<\/ol>\n\n\n\n<p>It is characterised by its height of 20 m and its neo-Gothic style. You can already admire its fa\u00e7ade from the outside. As you pass through the doorway, you'll discover pretty ochre carved naves and beautiful stained glass windows. The church has wooden sculptures depicting the baptism of Jesus.&nbsp;<\/p>\n\n\n\n<ol class=\"wp-block-list\" start=\"3\">\n<li><strong>The River of Life<\/strong><\/li>\n<\/ol>\n\n\n\n<p>It's the perfect destination for <strong>water activities<\/strong>in <strong>family <\/strong>or in <strong>couple<\/strong>. You can go for a swim in the lake or relax on the <strong>beaches <\/strong>in complete safety. Canoeing is another great activity, allowing you to follow the rhythm of the current while exploring the flora and fauna of the region.&nbsp;<\/p>\n\n\n\n<p>Don't wait any longer and book in this <a href=\"\/en\/camping-aizenay\/\">campsite near Aizenay<\/a> !<\/p>\n<\/div><\/div>\n\n\n\n<div class=\"wp-block-group\"><div class=\"wp-block-group__inner-container is-layout-constrained wp-block-group-is-layout-constrained\">\n<h2 class=\"wp-block-heading has-text-align-center\">Discover also<\/h2>\n\n\n\n<div class=\"wp-block-columns is-layout-flex wp-container-core-columns-is-layout-9d6595d7 wp-block-columns-is-layout-flex\">\n<div class=\"wp-block-column is-layout-flow wp-block-column-is-layout-flow\">\n<div class=\"wp-block-cover is-light has-small-font-size\" style=\"min-height:350px;aspect-ratio:unset;\"><span aria-hidden=\"true\" class=\"wp-block-cover__background has-background-dim\"><\/span><img loading=\"lazy\" decoding=\"async\" width=\"1200\" height=\"800\" class=\"wp-block-cover__image-background wp-image-20331\" alt=\"Lake Apremont\" src=\"https:\/\/www.campingvaldevie.fr\/wp-content\/uploads\/2022\/12\/lac-apremont.jpg\" data-object-fit=\"cover\" srcset=\"https:\/\/www.campingvaldevie.fr\/wp-content\/uploads\/2022\/12\/lac-apremont.jpg 1200w, https:\/\/www.campingvaldevie.fr\/wp-content\/uploads\/2022\/12\/lac-apremont-300x200.jpg 300w, https:\/\/www.campingvaldevie.fr\/wp-content\/uploads\/2022\/12\/lac-apremont-1024x683.jpg 1024w, https:\/\/www.campingvaldevie.fr\/wp-content\/uploads\/2022\/12\/lac-apremont-768x512.jpg 768w\" sizes=\"auto, (max-width: 1200px) 100vw, 1200px\" \/><div class=\"wp-block-cover__inner-container is-layout-flow wp-block-cover-is-layout-flow\">\n<p class=\"has-text-align-center has-large-font-size\"><a href=\"\/en\/tourism-vendee\/apremont-tourism\/\">Apremont<\/a><\/p>\n<\/div><\/div>\n<\/div>\n\n\n\n<div class=\"wp-block-column is-layout-flow wp-block-column-is-layout-flow\">\n<div class=\"wp-block-cover is-light has-small-font-size\" style=\"min-height:350px;aspect-ratio:unset;\"><span aria-hidden=\"true\" class=\"wp-block-cover__background has-background-dim\"><\/span><img loading=\"lazy\" decoding=\"async\" width=\"1200\" height=\"800\" class=\"wp-block-cover__image-background wp-image-20298\" alt=\"aizenay tourism\" src=\"https:\/\/www.campingvaldevie.fr\/wp-content\/uploads\/2022\/12\/tourisme-aizenay.jpg\" data-object-fit=\"cover\" srcset=\"https:\/\/www.campingvaldevie.fr\/wp-content\/uploads\/2022\/12\/tourisme-aizenay.jpg 1200w, https:\/\/www.campingvaldevie.fr\/wp-content\/uploads\/2022\/12\/tourisme-aizenay-300x200.jpg 300w, https:\/\/www.campingvaldevie.fr\/wp-content\/uploads\/2022\/12\/tourisme-aizenay-1024x683.jpg 1024w, https:\/\/www.campingvaldevie.fr\/wp-content\/uploads\/2022\/12\/tourisme-aizenay-768x512.jpg 768w\" sizes=\"auto, (max-width: 1200px) 100vw, 1200px\" \/><div class=\"wp-block-cover__inner-container is-layout-flow wp-block-cover-is-layout-flow\">\n<p class=\"has-text-align-center has-large-font-size\"><a href=\"\/en\/tourism-vendee\/la-roche-sur-yon\/\">La Roche-sur-Yon<\/a><\/p>\n<\/div><\/div>\n<\/div>\n\n\n\n<div class=\"wp-block-column is-layout-flow wp-block-column-is-layout-flow\">\n<div class=\"wp-block-cover has-small-font-size\" style=\"min-height:350px;aspect-ratio:unset;\"><span aria-hidden=\"true\" class=\"wp-block-cover__background has-background-dim\"><\/span><img loading=\"lazy\" decoding=\"async\" width=\"700\" height=\"466\" class=\"wp-block-cover__image-background wp-image-18902\" alt=\"holiday Small campsite near Br\u00e9tignolles sur Mer\" src=\"https:\/\/www.campingvaldevie.fr\/wp-content\/uploads\/2022\/09\/vacances-petit-camping-proche-bretignolles-sur-mer.jpg\" data-object-fit=\"cover\" srcset=\"https:\/\/www.campingvaldevie.fr\/wp-content\/uploads\/2022\/09\/vacances-petit-camping-proche-bretignolles-sur-mer.jpg 700w, https:\/\/www.campingvaldevie.fr\/wp-content\/uploads\/2022\/09\/vacances-petit-camping-proche-bretignolles-sur-mer-300x200.jpg 300w\" sizes=\"auto, (max-width: 700px) 100vw, 700px\" \/><div class=\"wp-block-cover__inner-container is-layout-flow wp-block-cover-is-layout-flow\">\n<p class=\"has-text-align-center has-large-font-size\"><a href=\"\/en\/tourism-vendee\/bretignolles-sur-mer\/\">Bretignolles<\/a><\/p>\n<\/div><\/div>\n<\/div>\n<\/div>\n<\/div><\/div>","protected":false},"excerpt":{"rendered":"<p>Aizenay propose l\u2019un des circuits touristiques les plus int\u00e9ressants accessible depuis votre camping en Vend\u00e9e, dans les Pays de la Loire. Cette ville est connue pour ses richesses patrimoniales et culturelles. C\u2019est une destination id\u00e9ale pour se d\u00e9connecter de la routine quotidienne ou bien faire une odyss\u00e9e. Zoom sur les endroits immanquables que vous devez [&hellip;]<\/p>\n","protected":false},"author":4,"featured_media":0,"parent":20275,"menu_order":0,"comment_status":"closed","ping_status":"closed","template":"","meta":{"_seopress_robots_primary_cat":"","_seopress_titles_title":"Tourisme \u00e0 Aizenay : Guide de Vacances","_seopress_titles_desc":"Partez \u00e0 la d\u00e9couverte des plus beaux sites touristiques d\u2019Aizenay. Nous vous donnons toutes les informations pratiques pour pr\u00e9parer vos vacances sereinement !","_seopress_robots_index":"","footnotes":""},"class_list":["post-20366","page","type-page","status-publish","hentry"],"_links":{"self":[{"href":"https:\/\/www.campingvaldevie.fr\/en\/wp-json\/wp\/v2\/pages\/20366","targetHints":{"allow":["GET"]}}],"collection":[{"href":"https:\/\/www.campingvaldevie.fr\/en\/wp-json\/wp\/v2\/pages"}],"about":[{"href":"https:\/\/www.campingvaldevie.fr\/en\/wp-json\/wp\/v2\/types\/page"}],"author":[{"embeddable":true,"href":"https:\/\/www.campingvaldevie.fr\/en\/wp-json\/wp\/v2\/users\/4"}],"replies":[{"embeddable":true,"href":"https:\/\/www.campingvaldevie.fr\/en\/wp-json\/wp\/v2\/comments?post=20366"}],"version-history":[{"count":7,"href":"https:\/\/www.campingvaldevie.fr\/en\/wp-json\/wp\/v2\/pages\/20366\/revisions"}],"predecessor-version":[{"id":23809,"href":"https:\/\/www.campingvaldevie.fr\/en\/wp-json\/wp\/v2\/pages\/20366\/revisions\/23809"}],"up":[{"embeddable":true,"href":"https:\/\/www.campingvaldevie.fr\/en\/wp-json\/wp\/v2\/pages\/20275"}],"wp:attachment":[{"href":"https:\/\/www.campingvaldevie.fr\/en\/wp-json\/wp\/v2\/media?parent=20366"}],"curies":[{"name":"wp","href":"https:\/\/api.w.org\/{rel}","templated":true}]}}