{"id":20944,"date":"2023-02-27T16:16:04","date_gmt":"2023-02-27T15:16:04","guid":{"rendered":"https:\/\/www.campingvaldevie.fr\/?page_id=20944"},"modified":"2023-11-03T11:03:34","modified_gmt":"2023-11-03T10:03:34","slug":"gite-vendee","status":"publish","type":"page","link":"https:\/\/www.campingvaldevie.fr\/en\/gite-vendee\/","title":{"rendered":"G\u00eete in Vend\u00e9e"},"content":{"rendered":"<p class=\"has-text-align-center\">The Vend\u00e9e, a destination with a change of scenery thanks to its <strong>beaches<\/strong> and its <strong>sublime landscapes<\/strong>. It is perfect for <strong>holidays<\/strong> camping with family and friends <strong>friends<\/strong>. A place full of charm and a choice of activities, the <a href=\"\/en\/\">camping Le Val de Vie<\/a> has something for everyone.&nbsp;<\/p>\n\n\n\n<div class=\"wp-block-columns is-layout-flex wp-container-core-columns-is-layout-9d6595d7 wp-block-columns-is-layout-flex\">\n<div class=\"wp-block-column is-layout-flow wp-block-column-is-layout-flow\">\n<ul class=\"wp-block-list\">\n<li>capacity 20 people<\/li>\n\n\n\n<li>260m\u00b2 of space<\/li>\n\n\n\n<li>a covered outdoor swimming pool (May to September)<\/li>\n\n\n\n<li>a spa for 8 people<\/li>\n<\/ul>\n<\/div>\n\n\n\n<div class=\"wp-block-column is-layout-flow wp-block-column-is-layout-flow\">\n<ul class=\"wp-block-list\">\n<li>6 bedrooms and 4 bathrooms<\/li>\n\n\n\n<li>a games room (table football, board games, consoles, etc.)<\/li>\n\n\n\n<li>a large terrace <\/li>\n\n\n\n<li>a 4200m\u00b2 outdoor area<\/li>\n\n\n\n<li>an indoor swimming pool (10\u00d75)<\/li>\n<\/ul>\n<\/div>\n<\/div>\n\n\n\n<div style=\"height:30px\" aria-hidden=\"true\" class=\"wp-block-spacer\"><\/div>\n\n\n\n<div class=\"wp-block-media-text alignwide has-media-on-the-right is-stacked-on-mobile\"><div class=\"wp-block-media-text__content\">\n<h2 class=\"wp-block-heading\">Rent an exceptional g\u00eete in the Vend\u00e9e<\/h2>\n\n\n\n<p>For your <strong>family holidays<\/strong>welcome to one of <strong>g\u00eetes<\/strong> the most prestigious in the Vend\u00e9e, where friendly hosts welcome you with a smile. Enjoy the fresh air of the <strong>campaign<\/strong> with all the comforts of home <strong>home<\/strong>. Located close to the <a href=\"\/en\/tourism-vendee\/apremont-tourism\/\">Lake Apremont<\/a>the <strong>g\u00eete in Vend\u00e9e<\/strong> of 260 m\u00b2 places you <strong>in the heart of<\/strong> nature in the Vend\u00e9e.&nbsp;<\/p>\n\n\n\n<p>For a <strong>stay<\/strong> comfort, this former barn in <strong>rental<\/strong> offers <strong>rooms<\/strong> with <strong>sleeping arrangements<\/strong> quality, a great <strong>room<\/strong> for <strong>welcome<\/strong> and a beautifully appointed kitchen. In terms of leisure activities, you can choose between <strong>spa<\/strong>the <strong>pool<\/strong> and the outdoor play area. Not to mention all the activities on offer at the campsite (table football, p\u00e9tanque competitions, lake party, etc.) and in the surrounding area (water sports, swimming, hiking, cultural visits, etc.).<\/p>\n<\/div><figure class=\"wp-block-media-text__media\"><img loading=\"lazy\" decoding=\"async\" width=\"600\" height=\"400\" src=\"https:\/\/www.campingvaldevie.fr\/wp-content\/uploads\/2023\/02\/location-gite-vendee.jpg\" alt=\"gite rental vendee\" class=\"wp-image-20947 size-full\" srcset=\"https:\/\/www.campingvaldevie.fr\/wp-content\/uploads\/2023\/02\/location-gite-vendee.jpg 600w, https:\/\/www.campingvaldevie.fr\/wp-content\/uploads\/2023\/02\/location-gite-vendee-300x200.jpg 300w\" sizes=\"auto, (max-width: 600px) 100vw, 600px\" \/><\/figure><\/div>\n\n\n\n<div style=\"height:30px\" aria-hidden=\"true\" class=\"wp-block-spacer\"><\/div>\n\n\n\n<h2 class=\"wp-block-heading\">Rates for booking a g\u00eete in the Vend\u00e9e<\/h2>\n\n\n\n\n\n<div style=\"height:30px\" aria-hidden=\"true\" class=\"wp-block-spacer\"><\/div>\n\n\n\n<div class=\"wp-block-columns is-layout-flex wp-container-core-columns-is-layout-9d6595d7 wp-block-columns-is-layout-flex\">\n<div class=\"wp-block-column is-layout-flow wp-block-column-is-layout-flow\">\n<figure class=\"wp-block-gallery has-nested-images columns-default is-cropped wp-block-gallery-1 is-layout-flex wp-block-gallery-is-layout-flex\">\n<figure class=\"wp-block-image size-large\"><img loading=\"lazy\" decoding=\"async\" width=\"600\" height=\"400\" data-id=\"20947\" src=\"https:\/\/www.campingvaldevie.fr\/wp-content\/uploads\/2023\/02\/location-gite-vendee.jpg\" alt=\"g\u00eete room\" class=\"wp-image-20947\" srcset=\"https:\/\/www.campingvaldevie.fr\/wp-content\/uploads\/2023\/02\/location-gite-vendee.jpg 600w, https:\/\/www.campingvaldevie.fr\/wp-content\/uploads\/2023\/02\/location-gite-vendee-300x200.jpg 300w\" sizes=\"auto, (max-width: 600px) 100vw, 600px\" \/><\/figure>\n\n\n\n<figure class=\"wp-block-image size-large\"><img loading=\"lazy\" decoding=\"async\" width=\"600\" height=\"400\" data-id=\"20951\" src=\"https:\/\/www.campingvaldevie.fr\/wp-content\/uploads\/2023\/02\/gite-familial-vendee.jpg\" alt=\"closed mezzanine g\u00eete\" class=\"wp-image-20951\" srcset=\"https:\/\/www.campingvaldevie.fr\/wp-content\/uploads\/2023\/02\/gite-familial-vendee.jpg 600w, https:\/\/www.campingvaldevie.fr\/wp-content\/uploads\/2023\/02\/gite-familial-vendee-300x200.jpg 300w\" sizes=\"auto, (max-width: 600px) 100vw, 600px\" \/><\/figure>\n\n\n\n<figure class=\"wp-block-image size-large\"><img loading=\"lazy\" decoding=\"async\" width=\"1024\" height=\"768\" data-id=\"21011\" src=\"https:\/\/www.campingvaldevie.fr\/wp-content\/uploads\/2023\/03\/gite-val-de-vie-gd7-1.jpeg\" alt=\"g\u00eete room\" class=\"wp-image-21011\" srcset=\"https:\/\/www.campingvaldevie.fr\/wp-content\/uploads\/2023\/03\/gite-val-de-vie-gd7-1.jpeg 1024w, https:\/\/www.campingvaldevie.fr\/wp-content\/uploads\/2023\/03\/gite-val-de-vie-gd7-1-300x225.jpeg 300w, https:\/\/www.campingvaldevie.fr\/wp-content\/uploads\/2023\/03\/gite-val-de-vie-gd7-1-768x576.jpeg 768w\" sizes=\"auto, (max-width: 1024px) 100vw, 1024px\" \/><\/figure>\n\n\n\n<figure class=\"wp-block-image size-large\"><img loading=\"lazy\" decoding=\"async\" width=\"563\" height=\"593\" data-id=\"21069\" src=\"https:\/\/www.campingvaldevie.fr\/wp-content\/uploads\/2023\/03\/7b849c_1a27c912c3f7435ea2b45bf481b83ee1_mv2.webp\" alt=\"\" class=\"wp-image-21069\" srcset=\"https:\/\/www.campingvaldevie.fr\/wp-content\/uploads\/2023\/03\/7b849c_1a27c912c3f7435ea2b45bf481b83ee1_mv2.webp 563w, https:\/\/www.campingvaldevie.fr\/wp-content\/uploads\/2023\/03\/7b849c_1a27c912c3f7435ea2b45bf481b83ee1_mv2-285x300.webp 285w\" sizes=\"auto, (max-width: 563px) 100vw, 563px\" \/><\/figure>\n\n\n\n<figure class=\"wp-block-image size-large\"><img loading=\"lazy\" decoding=\"async\" width=\"563\" height=\"593\" data-id=\"21073\" src=\"https:\/\/www.campingvaldevie.fr\/wp-content\/uploads\/2023\/03\/7b849c_4807a488179e4f3a8603bc376f4a05eb_mv2.webp\" alt=\"\" class=\"wp-image-21073\" srcset=\"https:\/\/www.campingvaldevie.fr\/wp-content\/uploads\/2023\/03\/7b849c_4807a488179e4f3a8603bc376f4a05eb_mv2.webp 563w, https:\/\/www.campingvaldevie.fr\/wp-content\/uploads\/2023\/03\/7b849c_4807a488179e4f3a8603bc376f4a05eb_mv2-285x300.webp 285w\" sizes=\"auto, (max-width: 563px) 100vw, 563px\" \/><\/figure>\n\n\n\n<figure class=\"wp-block-image size-large\"><img loading=\"lazy\" decoding=\"async\" width=\"563\" height=\"593\" data-id=\"21077\" src=\"https:\/\/www.campingvaldevie.fr\/wp-content\/uploads\/2023\/03\/7b849c_b3f9ffb1e10c45949fb02405e835537f_mv2.webp\" alt=\"\" class=\"wp-image-21077\" srcset=\"https:\/\/www.campingvaldevie.fr\/wp-content\/uploads\/2023\/03\/7b849c_b3f9ffb1e10c45949fb02405e835537f_mv2.webp 563w, https:\/\/www.campingvaldevie.fr\/wp-content\/uploads\/2023\/03\/7b849c_b3f9ffb1e10c45949fb02405e835537f_mv2-285x300.webp 285w\" sizes=\"auto, (max-width: 563px) 100vw, 563px\" \/><\/figure>\n<\/figure>\n<\/div>\n\n\n\n<div class=\"wp-block-column is-layout-flow wp-block-column-is-layout-flow\">\n<h2 class=\"wp-block-heading\">Discover the g\u00eete's accommodation&nbsp;<\/h2>\n\n\n\n<p>For a restful night's sleep, our <strong>g\u00eete in Vend\u00e9e<\/strong> opens its doors to you and provides you with <strong>accommodation<\/strong> quality with 6 <strong>rooms<\/strong> and 4 bathrooms. The sleeping area offers all the comforts of home. <strong>home<\/strong>. Each <strong>room<\/strong> has a surface area of between 17 and 26 m\u00b2, equipped with <strong>sleeping arrangements<\/strong> double and single. Thanks to its <strong>capacity<\/strong> from 15 to 20 people, the g\u00eete can accommodate the whole <strong>family<\/strong> or<strong>friends<\/strong> to sleep under the same roof. <\/p>\n\n\n\n<p>Bed linen, duvet and towels are provided. <\/p>\n<\/div>\n<\/div>\n\n\n\n<div style=\"height:30px\" aria-hidden=\"true\" class=\"wp-block-spacer\"><\/div>\n\n\n\n<div class=\"wp-block-media-text alignwide has-media-on-the-right is-stacked-on-mobile\"><div class=\"wp-block-media-text__content\">\n<h2 class=\"wp-block-heading\">Your g\u00eete rental with swimming pool in the Vend\u00e9e&nbsp;<\/h2>\n\n\n\n<p>For entertainment, there are plenty of options at <strong>g\u00eete in Vend\u00e9e<\/strong>. In this case, you can take advantage of an aquatic area with a 10m x 5m covered outdoor swimming pool close to your <strong>rental<\/strong>. You can also take advantage of the campsite's swimming pool, which is also covered and heated. Ideal for taking a dip and enjoying the mild Vend\u00e9e climate. Better still, young and old alike can splash around and have fun in the water without worrying about the weather, because it's covered! After a busy day, treat yourself to a relaxing break at the spa on the 100 m\u00b2 terrace.<\/p>\n\n\n\n<h2 class=\"wp-block-heading\">Enjoy all the benefits of self-catering in the Vend\u00e9e&nbsp;<\/h2>\n\n\n\n<p>For <strong>holidays<\/strong> unique to the Vend\u00e9e, several<strong>accommodation<\/strong> are within your reach. Visit <strong>g\u00eetes<\/strong> are just some of them. By choosing <strong>g\u00eete rental in Vend\u00e9e<\/strong>beyond the comfort of <strong>home<\/strong>You'll enjoy top-of-the-range services and a privileged location in the heart of the city. <strong>proximity<\/strong> the sea. Whether for <a href=\"\/en\/seminar-vendee\/\">seminars in Vend\u00e9e<\/a>a team building event or simply a <strong>stay<\/strong> at <strong>family<\/strong>This is the place to be. The <strong>rooms<\/strong>with its <strong>sleeping arrangements<\/strong>All are equally sumptuous. For their part, children can enjoy themselves at the <strong>room<\/strong> or at the swimming pool.<\/p>\n<\/div><figure class=\"wp-block-media-text__media\"><img loading=\"lazy\" decoding=\"async\" width=\"700\" height=\"525\" src=\"https:\/\/www.campingvaldevie.fr\/wp-content\/uploads\/2022\/06\/detente-petit-camping-avec-espace-bien-etre-vendee.jpg\" alt=\"relaxation Small campsite with wellness area Vend\u00e9e\" class=\"wp-image-17834 size-full\" srcset=\"https:\/\/www.campingvaldevie.fr\/wp-content\/uploads\/2022\/06\/detente-petit-camping-avec-espace-bien-etre-vendee.jpg 700w, https:\/\/www.campingvaldevie.fr\/wp-content\/uploads\/2022\/06\/detente-petit-camping-avec-espace-bien-etre-vendee-300x225.jpg 300w\" sizes=\"auto, (max-width: 700px) 100vw, 700px\" \/><\/figure><\/div>\n\n\n\n<div style=\"height:30px\" aria-hidden=\"true\" class=\"wp-block-spacer\"><\/div>\n\n\n\n<div class=\"wp-block-media-text alignwide is-stacked-on-mobile\"><figure class=\"wp-block-media-text__media\"><img loading=\"lazy\" decoding=\"async\" width=\"700\" height=\"466\" src=\"https:\/\/www.campingvaldevie.fr\/wp-content\/uploads\/2022\/06\/vacances-petit-camping-avec-espace-bien-etre-vendee.jpg\" alt=\"holidays Small campsite with wellness area Vend\u00e9e\" class=\"wp-image-17838 size-full\" srcset=\"https:\/\/www.campingvaldevie.fr\/wp-content\/uploads\/2022\/06\/vacances-petit-camping-avec-espace-bien-etre-vendee.jpg 700w, https:\/\/www.campingvaldevie.fr\/wp-content\/uploads\/2022\/06\/vacances-petit-camping-avec-espace-bien-etre-vendee-300x200.jpg 300w\" sizes=\"auto, (max-width: 700px) 100vw, 700px\" \/><\/figure><div class=\"wp-block-media-text__content\">\n<h2 class=\"wp-block-heading\">Holiday in the Vend\u00e9e, what to do and see during your stay?<\/h2>\n\n\n\n<p>Here are some ideas for things to do during your stay in the region <strong>g\u00eete in Vend\u00e9e<\/strong>&nbsp;:<\/p>\n\n\n\n<h3 class=\"wp-block-heading\"><strong>Visiting the Vend\u00e9e<\/strong><\/h3>\n\n\n\n<p>Not-to-be-missed towns in the Vend\u00e9e department include :<\/p>\n\n\n\n<ul class=\"wp-block-list\">\n<li>The <strong>Sables d'Olonne<\/strong>&nbsp;A must, this tourist resort is known for its <strong>beach<\/strong> of fine sand.&nbsp;<\/li>\n\n\n\n<li>L'<strong>Island<\/strong> de Noirmoutier: famous for its white houses with blue shutters.<\/li>\n\n\n\n<li><strong>Saint-Gilles-Croix-de-Vie<\/strong>&nbsp;A popular fishing port and marina.<\/li>\n\n\n\n<li>Le <strong>Poitevin marshlands<\/strong>&nbsp;Baptized as the \"Green Venice\", it impresses with its extraordinary landscapes.&nbsp;<\/li>\n\n\n\n<li>La <a href=\"https:\/\/www.campingvaldevie.fr\/en\/tourism-vendee\/la-roche-sur-yon\/\"><strong>Roche-sur-Yon<\/strong><\/a>&nbsp;famous for its Haras and its Terres-Noires racecourse.<\/li>\n<\/ul>\n\n\n\n<h3 class=\"wp-block-heading\"><strong>The best activities and attractions<\/strong><\/h3>\n\n\n\n<p>By renting a <strong>g\u00eete in Vend\u00e9e<\/strong>There are a number of activities on offer, including :<\/p>\n\n\n\n<ul class=\"wp-block-list\">\n<li>The Vend\u00e9e Globe: this is a round-the-world sailing race.<\/li>\n\n\n\n<li>Le <strong>Puy du Fou<\/strong>&nbsp;the <strong>park<\/strong> with historical themes, offering shows about life in the Middle Ages.&nbsp;<\/li>\n<\/ul>\n\n\n\n<p>Would you like to visit the Vend\u00e9e in a different way while staying in remarkably comfortable accommodation? Book your <strong>room<\/strong> at <strong>Val de Vie g\u00eete<\/strong>&nbsp;!<\/p>\n<\/div><\/div>","protected":false},"excerpt":{"rendered":"<p>La Vend\u00e9e, une destination invitant au d\u00e9paysement gr\u00e2ce \u00e0 ses plages et ses sublimes paysages. Elle est parfaite pour des vacances en camping en famille et entre amis. Un lieu plein de charme et des activit\u00e9s au choix, le camping Le Val de Vie a de quoi vous satisfaire.&nbsp; Louer un g\u00eete d\u2019exception en Vend\u00e9e [&hellip;]<\/p>\n","protected":false},"author":4,"featured_media":0,"parent":0,"menu_order":0,"comment_status":"closed","ping_status":"closed","template":"","meta":{"_seopress_robots_primary_cat":"","_seopress_titles_title":"","_seopress_titles_desc":"Profitez d&#039;un s\u00e9jour inoubliable en Vend\u00e9e avec le G\u00eete Val de Vie, offrant 6 chambres et une capacit\u00e9 d&#039;accueil de 20 personnes. R\u00e9servez d\u00e8s maintenant !","_seopress_robots_index":"","footnotes":""},"class_list":["post-20944","page","type-page","status-publish","hentry"],"_links":{"self":[{"href":"https:\/\/www.campingvaldevie.fr\/en\/wp-json\/wp\/v2\/pages\/20944","targetHints":{"allow":["GET"]}}],"collection":[{"href":"https:\/\/www.campingvaldevie.fr\/en\/wp-json\/wp\/v2\/pages"}],"about":[{"href":"https:\/\/www.campingvaldevie.fr\/en\/wp-json\/wp\/v2\/types\/page"}],"author":[{"embeddable":true,"href":"https:\/\/www.campingvaldevie.fr\/en\/wp-json\/wp\/v2\/users\/4"}],"replies":[{"embeddable":true,"href":"https:\/\/www.campingvaldevie.fr\/en\/wp-json\/wp\/v2\/comments?post=20944"}],"version-history":[{"count":8,"href":"https:\/\/www.campingvaldevie.fr\/en\/wp-json\/wp\/v2\/pages\/20944\/revisions"}],"predecessor-version":[{"id":22482,"href":"https:\/\/www.campingvaldevie.fr\/en\/wp-json\/wp\/v2\/pages\/20944\/revisions\/22482"}],"wp:attachment":[{"href":"https:\/\/www.campingvaldevie.fr\/en\/wp-json\/wp\/v2\/media?parent=20944"}],"curies":[{"name":"wp","href":"https:\/\/api.w.org\/{rel}","templated":true}]}}