{"id":21142,"date":"2023-03-06T15:48:52","date_gmt":"2023-03-06T14:48:52","guid":{"rendered":"https:\/\/www.campingvaldevie.fr\/?page_id=21142"},"modified":"2024-07-24T10:22:34","modified_gmt":"2024-07-24T08:22:34","slug":"mobile-home","status":"publish","type":"page","link":"https:\/\/www.campingvaldevie.fr\/en\/camping-saint-gilles-croix-de-vie\/mobil-home\/","title":{"rendered":"Rent a mobile home in Saint-Gilles-Croix-de-Vie"},"content":{"rendered":"<p class=\"has-text-align-center\">The Vend\u00e9e is home to some superb locations, including <a href=\"\/en\/tourism-vendee\/saint-gilles-croix-de-vie\/\">Saint-Gilles-Croix-de-Vie<\/a>. Located near Saint-Hilaire-de-Riez and Saint-Jean-de-Monts, this<strong> seaside resort<\/strong> is surrounded by greenery. This is the <strong>ideal destination<\/strong> if you're looking for a friendly place to spend your holidays. To have the <strong>maximum comfort at a reduced price<\/strong>camping is your best option! Choose to rent a<strong> mobile home in Saint-Gilles-Croix-de-Vie<\/strong> with the <a href=\"\/en\/camping-saint-gilles-croix-de-vie\/\">4-star campsite near Saint-Gilles-Croix-de-Vie<\/a>in the Vend\u00e9e!<\/p>\n\n\n\n<h2 class=\"wp-block-heading has-text-align-center\"><strong><strong><strong>Book your mobile home rental near Saint-Gilles-Croix-de-Vie<\/strong><\/strong><\/strong><\/h2>\n\n\n\n<div class=\"wp-block-columns is-layout-flex wp-container-core-columns-is-layout-9d6595d7 wp-block-columns-is-layout-flex\">\n<div class=\"wp-block-column is-vertically-aligned-center is-layout-flow wp-block-column-is-layout-flow\" style=\"flex-basis:35%\">\n<figure class=\"wp-block-image size-full is-style-default\"><img loading=\"lazy\" decoding=\"async\" width=\"575\" height=\"430\" src=\"https:\/\/www.campingvaldevie.fr\/wp-content\/uploads\/2022\/11\/elite-100-salon-sev-1.jpg\" alt=\"last-minute rentals\" class=\"wp-image-19816\" srcset=\"https:\/\/www.campingvaldevie.fr\/wp-content\/uploads\/2022\/11\/elite-100-salon-sev-1.jpg 575w, https:\/\/www.campingvaldevie.fr\/wp-content\/uploads\/2022\/11\/elite-100-salon-sev-1-300x224.jpg 300w\" sizes=\"auto, (max-width: 575px) 100vw, 575px\" \/><\/figure>\n<\/div>\n\n\n\n<div class=\"wp-block-column is-layout-flow wp-block-column-is-layout-flow\" style=\"flex-basis:66.66%\">\n<p>Le <a href=\"\/en\/\">camping Le Val de Vie<\/a> offers various <a href=\"\/en\/accommodation\/\">mobile home ranges<\/a> close to <strong>Saint-Gilles-Croix-de-Vie<\/strong>&nbsp;premium, comfort, standard. To find the accommodation that's right for you, take a look at the reviews! The choice also depends on your budget and the number of people accompanying you.&nbsp;<\/p>\n\n\n\n<p>Our rentals of <strong>mobile homes in Saint-Gilles-Croix-de-Vie<\/strong> are among the best equipped of all the campsites in the Pays de la Loire! They can offer you <strong>the comfort you're looking for<\/strong>No matter how many nights you spend there. They welcome <strong>4 to 8 people<\/strong> and offer <strong>adapted equipment<\/strong> for young children. They have 2 or 3 bedrooms depending on the surface area, a living room, a kitchen, a bathroom, a terrace...<\/p>\n\n\n\n<p>Concerning <a href=\"\/en\/private-spa-campsite-vendee\/\">mobile homes with spa<\/a>they belong to the <strong>premium range<\/strong>. The number of rooms remains unchanged. However, these accommodations include a <strong>private spa<\/strong> and a <strong>large terrace<\/strong>... They are one of the best options. Gather information and read reviews to help you choose!<\/p>\n<\/div>\n<\/div>\n\n\n\n<div style=\"height:30px\" aria-hidden=\"true\" class=\"wp-block-spacer\"><\/div>\n\n\n\n<div class=\"wp-block-columns is-layout-flex wp-container-core-columns-is-layout-9d6595d7 wp-block-columns-is-layout-flex\">\n<div class=\"wp-block-column is-layout-flow wp-block-column-is-layout-flow\">\n<div class=\"wp-block-columns is-layout-flex wp-container-core-columns-is-layout-9d6595d7 wp-block-columns-is-layout-flex\">\n<div class=\"wp-block-column is-layout-flow wp-block-column-is-layout-flow\" style=\"flex-basis:33.33%\">\n<div class=\"wp-block-create-block-sev-encartsimplebg aligncenter\"><aside class=\"encart-simplebg-sev small\"><a href=\"\/en\/accommodation\/#sev-gamme-standard\" class=\"d-flex flex-column align-items-center\"><div class=\"encart-title\"><span>Standard range from \u20ac199 per week<\/span><\/div><img decoding=\"async\" src=\"https:\/\/www.campingvaldevie.fr\/wp-content\/uploads\/2022\/03\/standard.jpg\" alt=\"standard range mobile home\"\/><button class=\"btn\"><\/button><\/a><\/aside><\/div>\n<\/div>\n\n\n\n<div class=\"wp-block-column is-layout-flow wp-block-column-is-layout-flow\" style=\"flex-basis:66.66%\">\n<div class=\"wp-block-create-block-sev-encartsimplebg\"><aside class=\"encart-simplebg-sev small\"><a href=\"\/en\/accommodation\/#sev-gamme-confort\" class=\"d-flex flex-column align-items-center\"><div class=\"encart-title\"><span>Comfort range from \u20ac269 per week<\/span><\/div><img decoding=\"async\" src=\"https:\/\/www.campingvaldevie.fr\/wp-content\/uploads\/2020\/12\/IMG_2469.jpg\" alt=\"exhibition\"\/><button class=\"btn\"><\/button><\/a><\/aside><\/div>\n<\/div>\n<\/div>\n\n\n\n<div class=\"wp-block-columns is-layout-flex wp-container-core-columns-is-layout-9d6595d7 wp-block-columns-is-layout-flex\">\n<div class=\"wp-block-column is-layout-flow wp-block-column-is-layout-flow\" style=\"flex-basis:66.66%\">\n<div class=\"wp-block-create-block-sev-encartsimplebg\"><aside class=\"encart-simplebg-sev small\"><a href=\"\/en\/accommodation\/#sev-gamme-premium\" class=\"d-flex flex-column align-items-center\"><div class=\"encart-title\"><span>Premium range from \u20ac379 per week<\/span><\/div><img decoding=\"async\" src=\"https:\/\/www.campingvaldevie.fr\/wp-content\/uploads\/2022\/07\/meilleur-petit-camping-saint-gilles-croix-de-vie.png\" alt=\"Best small campsite Saint Gilles croix de Vie\"\/><button class=\"btn\"><\/button><\/a><\/aside><\/div>\n<\/div>\n\n\n\n<div class=\"wp-block-column is-layout-flow wp-block-column-is-layout-flow\" style=\"flex-basis:33.33%\">\n<div class=\"wp-block-create-block-sev-encartsimplebg\"><aside class=\"encart-simplebg-sev small\"><a href=\"\/en\/location\/\" class=\"d-flex flex-column align-items-center\"><div class=\"encart-title\"><span>Pitches from \u20ac100 per week<\/span><\/div><img decoding=\"async\" src=\"https:\/\/www.campingvaldevie.fr\/wp-content\/uploads\/2019\/11\/emplacement-camping-taille-humaine-vendee.jpg\" alt=\"campsite on a human scale in the Vend\u00e9e\"\/><button class=\"btn\"><\/button><\/a><\/aside><\/div>\n<\/div>\n<\/div>\n\n\n\n<div class=\"wp-block-buttons alignwide is-layout-flex wp-block-buttons-is-layout-flex\">\n<div class=\"wp-block-button aligncenter\"><a class=\"wp-block-button__link wp-element-button\" href=\"\/en\/accommodation\/\">Discover the accommodation<\/a><\/div>\n<\/div>\n<\/div>\n<\/div>\n\n\n\n<div style=\"height:30px\" aria-hidden=\"true\" class=\"wp-block-spacer\"><\/div>\n\n\n\n<div class=\"wp-block-media-text alignfull has-media-on-the-right is-stacked-on-mobile is-vertically-aligned-center is-style-default\" style=\"grid-template-columns:auto 56%\"><div class=\"wp-block-media-text__content\">\n<h2 class=\"wp-block-heading has-text-align-left has-text-color\" style=\"color:#000000\"><strong><strong><strong><strong>Enjoy a holiday with your feet in the water<\/strong><\/strong><\/strong><\/strong><\/h2>\n\n\n\n<p>Camping with <strong>mobile home in Saint-Gilles-Croix-de-Vie<\/strong> in the Vend\u00e9e is one of the best campsites in western France! It gives you the chance to spend your <strong>waterfront holidays<\/strong>. You benefit from <strong>aquatic area<\/strong> including a <a href=\"\/en\/the-pool\/\">indoor heated swimming pool<\/a> where you can swim in complete peace of mind. And if you opt for premium accommodation, you'll also have at your disposal a<strong> private spa<\/strong>.<\/p>\n\n\n\n<p>In addition to the aquatic area, the<strong> 4-star campsite <\/strong>is just a few kilometres from the <strong>beach <\/strong>and<strong> La Vie river<\/strong>. Make the most of your stay by visiting these places and practising your favourite sports.<strong> water activities<\/strong> y canoeing, fishing, boat trips, pedalos, electric boats...<\/p>\n\n\n\n<div class=\"wp-block-buttons is-layout-flex wp-block-buttons-is-layout-flex\">\n<div class=\"wp-block-button\"><a class=\"wp-block-button__link wp-element-button\" href=\"\/en\/the-pool\/\">Discover the pool<\/a><\/div>\n<\/div>\n<\/div><figure class=\"wp-block-media-text__media\"><img loading=\"lazy\" decoding=\"async\" width=\"1024\" height=\"768\" src=\"https:\/\/www.campingvaldevie.fr\/wp-content\/uploads\/2022\/11\/piscine-couverte-et-chauffee-4.jpg\" alt=\"swimming pool group campsite vend\u00e9e\" class=\"wp-image-20113 size-full\" srcset=\"https:\/\/www.campingvaldevie.fr\/wp-content\/uploads\/2022\/11\/piscine-couverte-et-chauffee-4.jpg 1024w, https:\/\/www.campingvaldevie.fr\/wp-content\/uploads\/2022\/11\/piscine-couverte-et-chauffee-4-300x225.jpg 300w, https:\/\/www.campingvaldevie.fr\/wp-content\/uploads\/2022\/11\/piscine-couverte-et-chauffee-4-768x576.jpg 768w\" sizes=\"auto, (max-width: 1024px) 100vw, 1024px\" \/><\/figure><\/div>\n\n\n\n<div style=\"height:30px\" aria-hidden=\"true\" class=\"wp-block-spacer\"><\/div>\n\n\n\n<figure class=\"wp-block-gallery alignwide has-nested-images columns-default is-cropped wp-block-gallery-1 is-layout-flex wp-block-gallery-is-layout-flex\">\n<figure class=\"wp-block-image size-full\"><img loading=\"lazy\" decoding=\"async\" width=\"767\" height=\"717\" data-id=\"19687\" src=\"https:\/\/www.campingvaldevie.fr\/wp-content\/uploads\/2022\/11\/piscine-valdevie.png\" alt=\"pool\" class=\"wp-image-19687\" srcset=\"https:\/\/www.campingvaldevie.fr\/wp-content\/uploads\/2022\/11\/piscine-valdevie.png 767w, https:\/\/www.campingvaldevie.fr\/wp-content\/uploads\/2022\/11\/piscine-valdevie-300x280.png 300w\" sizes=\"auto, (max-width: 767px) 100vw, 767px\" \/><\/figure>\n\n\n\n<figure class=\"wp-block-image size-full\"><img loading=\"lazy\" decoding=\"async\" width=\"700\" height=\"525\" data-id=\"18871\" src=\"https:\/\/www.campingvaldevie.fr\/wp-content\/uploads\/2022\/09\/location-meilleur-petit-camping-proche-challans.jpg\" alt=\"rental Best small campsite near Challans\" class=\"wp-image-18871\" srcset=\"https:\/\/www.campingvaldevie.fr\/wp-content\/uploads\/2022\/09\/location-meilleur-petit-camping-proche-challans.jpg 700w, https:\/\/www.campingvaldevie.fr\/wp-content\/uploads\/2022\/09\/location-meilleur-petit-camping-proche-challans-300x225.jpg 300w\" sizes=\"auto, (max-width: 700px) 100vw, 700px\" \/><\/figure>\n<\/figure>\n\n\n\n<div style=\"height:30px\" aria-hidden=\"true\" class=\"wp-block-spacer\"><\/div>\n\n\n\n<div class=\"wp-block-media-text alignfull is-stacked-on-mobile is-vertically-aligned-center is-image-fill is-style-default\" style=\"grid-template-columns:56% auto\"><figure class=\"wp-block-media-text__media\" style=\"background-image:url(https:\/\/www.campingvaldevie.fr\/wp-content\/uploads\/2022\/05\/IMG_8255.jpg);background-position:50% 50%\"><img loading=\"lazy\" decoding=\"async\" width=\"640\" height=\"480\" src=\"https:\/\/www.campingvaldevie.fr\/wp-content\/uploads\/2022\/05\/IMG_8255.jpg\" alt=\"\" class=\"wp-image-17233 size-full\" srcset=\"https:\/\/www.campingvaldevie.fr\/wp-content\/uploads\/2022\/05\/IMG_8255.jpg 640w, https:\/\/www.campingvaldevie.fr\/wp-content\/uploads\/2022\/05\/IMG_8255-300x225.jpg 300w\" sizes=\"auto, (max-width: 640px) 100vw, 640px\" \/><\/figure><div class=\"wp-block-media-text__content\">\n<h2 class=\"wp-block-heading has-text-align-left has-text-color\" style=\"color:#000000\"><strong>All the advantages of your mobile home in a star-rated campsite<\/strong><\/h2>\n\n\n\n<p>Renting a <strong>mobile home near Saint-Gilles-Croix-de-Vie<\/strong> camping offers you a host of advantages. The estate is located in an idyllic setting in the Vend\u00e9e, ideal for recharging your batteries. <strong>in the heart of nature<\/strong>. You also benefit from <strong>top-of-the-range services<\/strong> of the campsite, regardless of the range or size of the <strong>mobile home<\/strong> that you rent. There's also secure parking, free Wi-Fi, an indoor heated swimming pool, a kids' club...<\/p>\n\n\n\n<p>From your <strong>mobile home in Saint-Gilles-Croix-de-Vie<\/strong>The campsite is also close to some superb towns, including Saint-Hilaire-de-Riez, Saint-Jean-de-Monts and Les Sables d'Olonne. Don't miss out on discovering the treasures the Vend\u00e9e has to offer!<\/p>\n<\/div><\/div>\n\n\n\n<div style=\"height:30px\" aria-hidden=\"true\" class=\"wp-block-spacer\"><\/div>\n\n\n\n<div class=\"wp-block-media-text alignfull has-media-on-the-right is-stacked-on-mobile is-vertically-aligned-center is-image-fill is-style-default\" style=\"grid-template-columns:auto 56%\"><div class=\"wp-block-media-text__content\">\n<h2 class=\"wp-block-heading has-text-align-left has-text-color\" style=\"color:#000000\"><strong><strong><strong><strong><strong>Rent a cheap mobile home in Saint-Gilles-Croix-de-Vie<\/strong><\/strong><\/strong><\/strong><\/strong><\/h2>\n\n\n\n<p><strong> <\/strong><\/p>\n\n\n\n<p>By opting for a stay in <strong>mobile home near Saint-Gilles-Croix-de-Vie<\/strong> in the Vend\u00e9e, you can rent the accommodation that best suits your needs. Whatever the length of your holiday.<\/p>\n\n\n\n<p>Get <strong>10% reduction<\/strong> on the price if you rent a mobile home for more than 14 days. This \"long-stay offer\" applies to all ranges. However, it is possible to get other discounts if you choose a <strong>premium mobile home<\/strong>. In this case, thanks to the \"tribu premium\" offer, you pay only <strong>429 euros per week<\/strong> for a stay of 7 nights.<\/p>\n\n\n\n<p>The campsite also offers 'couples deals', with prices varying according to the range of children. <strong>mobile home<\/strong> chosen. Visit <strong>mobile homes<\/strong> from the standard range, for example, benefit from a <a href=\"\/en\/camping-saint-gilles-croix-de-vie\/camping-pas-cher-calme-proche-saint-gilles-croix-de-vie\/\">cheap price<\/a> thanks to<strong>The Standard Couple Offer<\/strong> (199 euros per week). However, this is exclusively for couples. In any case, camping Val-de-Vie's prices are among the cheapest in France.<\/p>\n<\/div><figure class=\"wp-block-media-text__media\" style=\"background-image:url(https:\/\/www.campingvaldevie.fr\/wp-content\/uploads\/2022\/01\/location-petit-camping-nature-vendee.jpg);background-position:50% 50%\"><img loading=\"lazy\" decoding=\"async\" width=\"700\" height=\"525\" src=\"https:\/\/www.campingvaldevie.fr\/wp-content\/uploads\/2022\/01\/location-petit-camping-nature-vendee.jpg\" alt=\"rental Petit camping nature Vend\u00e9e\" class=\"wp-image-10408 size-full\" srcset=\"https:\/\/www.campingvaldevie.fr\/wp-content\/uploads\/2022\/01\/location-petit-camping-nature-vendee.jpg 700w, https:\/\/www.campingvaldevie.fr\/wp-content\/uploads\/2022\/01\/location-petit-camping-nature-vendee-300x225.jpg 300w\" sizes=\"auto, (max-width: 700px) 100vw, 700px\" \/><\/figure><\/div>\n\n\n\n<div style=\"height:30px\" aria-hidden=\"true\" class=\"wp-block-spacer\"><\/div>\n\n\n\n<div class=\"wp-block-media-text alignfull is-stacked-on-mobile is-vertically-aligned-center is-image-fill is-style-default\" style=\"grid-template-columns:56% auto\"><figure class=\"wp-block-media-text__media\" style=\"background-image:url(https:\/\/www.campingvaldevie.fr\/wp-content\/uploads\/2022\/06\/vacances-petit-camping-proche-saint-gilles-croix-de-vie.jpg);background-position:50% 50%\"><img loading=\"lazy\" decoding=\"async\" width=\"700\" height=\"466\" src=\"https:\/\/www.campingvaldevie.fr\/wp-content\/uploads\/2022\/06\/vacances-petit-camping-proche-saint-gilles-croix-de-vie.jpg\" alt=\"holidays Small campsite near Saint Gilles Croix de Vie\" class=\"wp-image-17928 size-full\" srcset=\"https:\/\/www.campingvaldevie.fr\/wp-content\/uploads\/2022\/06\/vacances-petit-camping-proche-saint-gilles-croix-de-vie.jpg 700w, https:\/\/www.campingvaldevie.fr\/wp-content\/uploads\/2022\/06\/vacances-petit-camping-proche-saint-gilles-croix-de-vie-300x200.jpg 300w\" sizes=\"auto, (max-width: 700px) 100vw, 700px\" \/><\/figure><div class=\"wp-block-media-text__content\">\n<h2 class=\"wp-block-heading has-text-align-left has-text-color\" style=\"color:#000000\"><strong><strong><strong><strong><strong><strong>What to do near your rental in Saint-Gilles-Croix-de-Vie<\/strong><\/strong><\/strong><\/strong><\/strong><\/strong><\/h2>\n\n\n\n<p><strong> <\/strong><\/p>\n\n\n\n<p>The Val-de-Vie campsite in the Vend\u00e9e is located 27 km from the seaside town of <strong>Saint-Gilles-Croix-de-Vie<\/strong>. Thanks to its geographical location, holidaymakers have easy access to the best tourist sites:&nbsp;<\/p>\n\n\n\n<ul class=\"wp-block-list\">\n<li>The <a href=\"https:\/\/www.vendee-tourisme.com\/les-vignobles-de-brem\" target=\"_blank\" rel=\"noreferrer noopener\">Brem vineyards<\/a> face the ocean and are among the places not to be missed. This activity gives you the chance to take part in wine tastings and visit wineries.<\/li>\n\n\n\n<li>The <a href=\"https:\/\/www.sainthilairederiez.fr\/les-marais-salants-de-la-vie\/\">Saint-Hilaire-de-Riez salt marshes<\/a> are nestled in a landscape of carnations, stirrups and canals. During your visit, you can learn how to make salt.<\/li>\n\n\n\n<li>The town of <a href=\"https:\/\/www.payssaintgilles-tourisme.fr\/destination\/nos-destinations\/saint-gilles-croix-de-vie\/\" target=\"_blank\" rel=\"noreferrer noopener\">Saint-Gilles-Croix-de-Vie<\/a> is renowned for its restaurants with a wide range of specialities: tapas bars on the Grande Plage, cr\u00eaperies by the sea, traditional brasseries in the town centre, seafood dishes in the marina...<\/li>\n<\/ul>\n\n\n\n<p>To make the most of all the city has to offer during your stay in<strong> mobile home in Saint-Gilles-Croix-de-Vie<\/strong>Book your holiday rental at camping Val-de-Vie now!<\/p>\n<\/div><\/div>\n\n\n\n<div style=\"height:50px\" aria-hidden=\"true\" class=\"wp-block-spacer\"><\/div>\n\n\n\n<div class=\"wp-block-columns is-layout-flex wp-container-core-columns-is-layout-9d6595d7 wp-block-columns-is-layout-flex\">\n<div class=\"wp-block-column is-layout-flow wp-block-column-is-layout-flow\">\n<div class=\"wp-block-buttons is-layout-flex wp-block-buttons-is-layout-flex\">\n<div class=\"wp-block-button aligncenter\"><a class=\"wp-block-button__link wp-element-button\" href=\"https:\/\/bookingpremium.secureholiday.net\/fr\/10284\/\" target=\"_blank\" rel=\"noreferrer noopener\">Book<\/a><\/div>\n<\/div>\n<\/div>\n\n\n\n<div class=\"wp-block-column is-layout-flow wp-block-column-is-layout-flow\">\n<div class=\"wp-block-buttons is-layout-flex wp-block-buttons-is-layout-flex\">\n<div class=\"wp-block-button aligncenter\"><a class=\"wp-block-button__link wp-element-button\" href=\"\/en\/contact\/\">Contact us<\/a><\/div>\n<\/div>\n<\/div>\n<\/div>\n\n\n\n<div class=\"wp-block-group\"><div class=\"wp-block-group__inner-container is-layout-constrained wp-block-group-is-layout-constrained\">\n<h2 class=\"wp-block-heading has-text-align-center\">Discover also<\/h2>\n\n\n\n<div class=\"wp-block-columns is-layout-flex wp-container-core-columns-is-layout-9d6595d7 wp-block-columns-is-layout-flex\">\n<div class=\"wp-block-column is-layout-flow wp-block-column-is-layout-flow\">\n<div class=\"wp-block-cover is-light has-small-font-size\" style=\"min-height:350px;aspect-ratio:unset;\"><span aria-hidden=\"true\" class=\"wp-block-cover__background has-background-dim\"><\/span><img loading=\"lazy\" decoding=\"async\" width=\"1200\" height=\"800\" class=\"wp-block-cover__image-background wp-image-20331\" alt=\"Lake Apremont\" src=\"https:\/\/www.campingvaldevie.fr\/wp-content\/uploads\/2022\/12\/lac-apremont.jpg\" data-object-fit=\"cover\" srcset=\"https:\/\/www.campingvaldevie.fr\/wp-content\/uploads\/2022\/12\/lac-apremont.jpg 1200w, https:\/\/www.campingvaldevie.fr\/wp-content\/uploads\/2022\/12\/lac-apremont-300x200.jpg 300w, https:\/\/www.campingvaldevie.fr\/wp-content\/uploads\/2022\/12\/lac-apremont-1024x683.jpg 1024w, https:\/\/www.campingvaldevie.fr\/wp-content\/uploads\/2022\/12\/lac-apremont-768x512.jpg 768w\" sizes=\"auto, (max-width: 1200px) 100vw, 1200px\" \/><div class=\"wp-block-cover__inner-container is-layout-flow wp-block-cover-is-layout-flow\">\n<p class=\"has-text-align-center has-large-font-size\"><a href=\"\/en\/camping-apremont\/\">Campsite Apremont<\/a><\/p>\n<\/div><\/div>\n<\/div>\n\n\n\n<div class=\"wp-block-column is-layout-flow wp-block-column-is-layout-flow\">\n<div class=\"wp-block-cover is-light has-small-font-size\" style=\"min-height:350px;aspect-ratio:unset;\"><span aria-hidden=\"true\" class=\"wp-block-cover__background has-background-dim\"><\/span><img loading=\"lazy\" decoding=\"async\" width=\"1200\" height=\"800\" class=\"wp-block-cover__image-background wp-image-20298\" alt=\"aizenay tourism\" src=\"https:\/\/www.campingvaldevie.fr\/wp-content\/uploads\/2022\/12\/tourisme-aizenay.jpg\" data-object-fit=\"cover\" srcset=\"https:\/\/www.campingvaldevie.fr\/wp-content\/uploads\/2022\/12\/tourisme-aizenay.jpg 1200w, https:\/\/www.campingvaldevie.fr\/wp-content\/uploads\/2022\/12\/tourisme-aizenay-300x200.jpg 300w, https:\/\/www.campingvaldevie.fr\/wp-content\/uploads\/2022\/12\/tourisme-aizenay-1024x683.jpg 1024w, https:\/\/www.campingvaldevie.fr\/wp-content\/uploads\/2022\/12\/tourisme-aizenay-768x512.jpg 768w\" sizes=\"auto, (max-width: 1200px) 100vw, 1200px\" \/><div class=\"wp-block-cover__inner-container is-layout-flow wp-block-cover-is-layout-flow\">\n<p class=\"has-text-align-center has-large-font-size\"><a href=\"\/en\/camping-la-roche-sur-yon\/\">Campsite La Roche-sur-Yon<\/a><\/p>\n<\/div><\/div>\n<\/div>\n\n\n\n<div class=\"wp-block-column is-layout-flow wp-block-column-is-layout-flow\">\n<div class=\"wp-block-cover has-small-font-size\" style=\"min-height:350px;aspect-ratio:unset;\"><span aria-hidden=\"true\" class=\"wp-block-cover__background has-background-dim\"><\/span><img loading=\"lazy\" decoding=\"async\" width=\"700\" height=\"466\" class=\"wp-block-cover__image-background wp-image-18902\" alt=\"holiday Small campsite near Br\u00e9tignolles sur Mer\" src=\"https:\/\/www.campingvaldevie.fr\/wp-content\/uploads\/2022\/09\/vacances-petit-camping-proche-bretignolles-sur-mer.jpg\" data-object-fit=\"cover\" srcset=\"https:\/\/www.campingvaldevie.fr\/wp-content\/uploads\/2022\/09\/vacances-petit-camping-proche-bretignolles-sur-mer.jpg 700w, https:\/\/www.campingvaldevie.fr\/wp-content\/uploads\/2022\/09\/vacances-petit-camping-proche-bretignolles-sur-mer-300x200.jpg 300w\" sizes=\"auto, (max-width: 700px) 100vw, 700px\" \/><div class=\"wp-block-cover__inner-container is-layout-flow wp-block-cover-is-layout-flow\">\n<p class=\"has-text-align-center has-large-font-size\"><a href=\"\/en\/camping-bretignolles-sur-mer\/\">Campsite Bretignolles<\/a><\/p>\n<\/div><\/div>\n<\/div>\n<\/div>\n<\/div><\/div>","protected":false},"excerpt":{"rendered":"<p>La Vend\u00e9e abrite de superbes endroits, \u00e0 l\u2019instar de Saint-Gilles-Croix-de-Vie. Situ\u00e9e pr\u00e8s de Saint-Hilaire-de-Riez et de Saint-Jean-de-Monts, cette ville baln\u00e9aire s\u2019entoure d\u2019un \u00e9crin de verdure. C\u2019est la destination id\u00e9ale si vous recherchez un lieu convivial o\u00f9 passer vos vacances. Pour avoir le maximum de confort \u00e0 prix r\u00e9duit, le camping est votre meilleure option&nbsp;! Privil\u00e9giez [&hellip;]<\/p>\n","protected":false},"author":4,"featured_media":0,"parent":21135,"menu_order":0,"comment_status":"closed","ping_status":"closed","template":"","meta":{"_seopress_robots_primary_cat":"","_seopress_titles_title":"Location mobil-home \u00e0 Saint-Gilles-Croix-de-Vie - Camping Vend\u00e9e","_seopress_titles_desc":"Location de mobil-homes haut de gamme avec spa \u00e0 Saint Gilles Croix de Vie. Profitez d'un s\u00e9jour convivial en camping, proche des plages et sites touristiques.","_seopress_robots_index":"","footnotes":""},"class_list":["post-21142","page","type-page","status-publish","hentry"],"_links":{"self":[{"href":"https:\/\/www.campingvaldevie.fr\/en\/wp-json\/wp\/v2\/pages\/21142","targetHints":{"allow":["GET"]}}],"collection":[{"href":"https:\/\/www.campingvaldevie.fr\/en\/wp-json\/wp\/v2\/pages"}],"about":[{"href":"https:\/\/www.campingvaldevie.fr\/en\/wp-json\/wp\/v2\/types\/page"}],"author":[{"embeddable":true,"href":"https:\/\/www.campingvaldevie.fr\/en\/wp-json\/wp\/v2\/users\/4"}],"replies":[{"embeddable":true,"href":"https:\/\/www.campingvaldevie.fr\/en\/wp-json\/wp\/v2\/comments?post=21142"}],"version-history":[{"count":9,"href":"https:\/\/www.campingvaldevie.fr\/en\/wp-json\/wp\/v2\/pages\/21142\/revisions"}],"predecessor-version":[{"id":25743,"href":"https:\/\/www.campingvaldevie.fr\/en\/wp-json\/wp\/v2\/pages\/21142\/revisions\/25743"}],"up":[{"embeddable":true,"href":"https:\/\/www.campingvaldevie.fr\/en\/wp-json\/wp\/v2\/pages\/21135"}],"wp:attachment":[{"href":"https:\/\/www.campingvaldevie.fr\/en\/wp-json\/wp\/v2\/media?parent=21142"}],"curies":[{"name":"wp","href":"https:\/\/api.w.org\/{rel}","templated":true}]}}