{"id":22238,"date":"2023-11-02T14:13:11","date_gmt":"2023-11-02T13:13:11","guid":{"rendered":"https:\/\/www.campingvaldevie.fr\/?page_id=22238"},"modified":"2024-07-24T09:33:28","modified_gmt":"2024-07-24T07:33:28","slug":"private-spa-campsite-vendee","status":"publish","type":"page","link":"https:\/\/www.campingvaldevie.fr\/en\/camping-spa-privatif-vendee\/","title":{"rendered":"Campsite Private SPA Vend\u00e9e"},"content":{"rendered":"<div style=\"height:40px\" aria-hidden=\"true\" class=\"wp-block-spacer\"><\/div>\n\n\n\n<div class=\"wp-block-media-text alignwide has-media-on-the-right is-stacked-on-mobile is-image-fill\" style=\"grid-template-columns:auto 30%\"><div class=\"wp-block-media-text__content\">\n<p>For some time now, you've been longing to spend some time together.  Getting together for a weekend would do you a world of good. So you're looking for a <strong>campsite with private SPA<\/strong> in the heart of the <strong>Vend\u00e9e for your holiday rental<\/strong>. You don't particularly want to find yourself in a big seaside resort, you'd rather find yourself in peace and quiet. The Val de Vie campsite, <a href=\"\/en\/\">4-star campsite in Vend\u00e9e<\/a>will be the ideal place! As one of the most<strong> beautiful campsites with private SPA in Vend\u00e9e<\/strong>The Val de Vie campsite offers you a range of <strong>mobile<\/strong>-<strong>homes<\/strong> comfort with a <strong>private spa<\/strong> just a stone's throw from your <strong>rooms<\/strong> and accessible from your <strong>terrace<\/strong>.<\/p>\n<\/div><figure class=\"wp-block-media-text__media\" style=\"background-image:url(https:\/\/www.campingvaldevie.fr\/wp-content\/uploads\/2019\/12\/camping-spa-privatif-vendee.jpg);background-position:67% 62%\"><img loading=\"lazy\" decoding=\"async\" width=\"700\" height=\"515\" src=\"https:\/\/www.campingvaldevie.fr\/wp-content\/uploads\/2019\/12\/camping-spa-privatif-vendee.jpg\" alt=\"private SPA campsite in Vend\u00e9e\" class=\"wp-image-5711 size-full\" srcset=\"https:\/\/www.campingvaldevie.fr\/wp-content\/uploads\/2019\/12\/camping-spa-privatif-vendee.jpg 700w, https:\/\/www.campingvaldevie.fr\/wp-content\/uploads\/2019\/12\/camping-spa-privatif-vendee-300x221.jpg 300w\" sizes=\"auto, (max-width: 700px) 100vw, 700px\" \/><\/figure><\/div>\n\n\n\n<div style=\"height:40px\" aria-hidden=\"true\" class=\"wp-block-spacer\"><\/div>\n\n\n\n<div class=\"wp-block-media-text alignwide is-stacked-on-mobile is-image-fill\" style=\"grid-template-columns:30% auto\"><figure class=\"wp-block-media-text__media\" style=\"background-image:url(https:\/\/www.campingvaldevie.fr\/wp-content\/uploads\/2019\/12\/nouveau-quatier-zen-et-detente-psa.jpg);background-position:41% 54%\"><img loading=\"lazy\" decoding=\"async\" width=\"700\" height=\"492\" src=\"https:\/\/www.campingvaldevie.fr\/wp-content\/uploads\/2019\/12\/nouveau-quatier-zen-et-detente-psa.jpg\" alt=\"new zen and relaxation area SPA\" class=\"wp-image-5712 size-full\" srcset=\"https:\/\/www.campingvaldevie.fr\/wp-content\/uploads\/2019\/12\/nouveau-quatier-zen-et-detente-psa.jpg 700w, https:\/\/www.campingvaldevie.fr\/wp-content\/uploads\/2019\/12\/nouveau-quatier-zen-et-detente-psa-300x211.jpg 300w\" sizes=\"auto, (max-width: 700px) 100vw, 700px\" \/><\/figure><div class=\"wp-block-media-text__content\">\n<h2 class=\"wp-block-heading has-text-align-left\">Discover Val de Vie campsite<\/h2>\n\n\n\n<p>Val de Vie is a <a href=\"\/en\/family-campsite-vendee\/\">small family campsite in the Vend\u00e9e<\/a> located just a few kilometres from the beach, ideal for a <strong>one-week holiday<\/strong> or <strong>a few nights' comfort<\/strong> guaranteed. If you enjoy walking or cycling for hours on end, then you'll love your time here. Everything is designed to make you feel at home. Visit <strong>mobile home rentals with jacuzzi<\/strong> are modern and spacious. With just the two of you, you'll have plenty of space. You'll find everything you need to make your stay a pleasant one. <strong>mobile home with spa<\/strong> is fully equipped. You'll find all the utensils you need to prepare delicious meals in this <a href=\"\/en\/small-top-of-the-range-campsite-vendee\/\">top-of-the-range campsite in the Vend\u00e9e<\/a>.<\/p>\n<\/div><\/div>\n\n\n\n<div style=\"height:40px\" aria-hidden=\"true\" class=\"wp-block-spacer\"><\/div>\n\n\n\n<div class=\"wp-block-media-text alignwide has-media-on-the-right is-stacked-on-mobile is-image-fill\" style=\"grid-template-columns:auto 30%\"><div class=\"wp-block-media-text__content\">\n<h2 class=\"wp-block-heading\">Fully-equipped mobile homes with jacuzzi<\/h2>\n\n\n\n<p>You'll have access to all the campsite facilities. Take advantage of the <a href=\"\/en\/the-pool\/\">the campsite's indoor heated swimming pool<\/a>It's the ideal place to cool off when you don't feel like going to the beach on a hot day, or to warm up on a bad day. In 2020, a new district will be added to the <strong>campsite with spa in Vend\u00e9e<\/strong>.  It consists of <strong>top-of-the-range mobile homes<\/strong> and modern, all with a <strong>Private SPA<\/strong>. Luxury at the heart of <strong>Vend\u00e9e<\/strong>. There's nothing like renting this kind of accommodation to ensure you have a great time. <strong>romantic weekend for two<\/strong>. If there's anything you don't know, our teams will be delighted to help you.<\/p>\n\n\n\n<p>To find out more about <strong>mobile homes with private SPA <\/strong>of this <strong>camping in Vend\u00e9e<\/strong>If you would like to make a reservation, simply contact reception on 02 51 93 19 69.<\/p>\n<\/div><figure class=\"wp-block-media-text__media\" style=\"background-image:url(https:\/\/www.campingvaldevie.fr\/wp-content\/uploads\/2019\/12\/camping-spa-privatif-val-de-vie.jpg);background-position:50% 50%\"><img loading=\"lazy\" decoding=\"async\" width=\"700\" height=\"724\" src=\"https:\/\/www.campingvaldevie.fr\/wp-content\/uploads\/2019\/12\/camping-spa-privatif-val-de-vie.jpg\" alt=\"private SPA campsite in Val de Vie\" class=\"wp-image-5713 size-full\" srcset=\"https:\/\/www.campingvaldevie.fr\/wp-content\/uploads\/2019\/12\/camping-spa-privatif-val-de-vie.jpg 700w, https:\/\/www.campingvaldevie.fr\/wp-content\/uploads\/2019\/12\/camping-spa-privatif-val-de-vie-290x300.jpg 290w\" sizes=\"auto, (max-width: 700px) 100vw, 700px\" \/><\/figure><\/div>\n\n\n\n<div style=\"height:40px\" aria-hidden=\"true\" class=\"wp-block-spacer\"><\/div>\n\n\n\n<div class=\"wp-block-media-text alignwide is-stacked-on-mobile is-image-fill\" style=\"grid-template-columns:30% auto\"><figure class=\"wp-block-media-text__media\" style=\"background-image:url(https:\/\/www.campingvaldevie.fr\/wp-content\/uploads\/2019\/12\/nouveau-quatier-zen-et-detente-psa.jpg);background-position:41% 54%\"><img loading=\"lazy\" decoding=\"async\" width=\"700\" height=\"492\" src=\"https:\/\/www.campingvaldevie.fr\/wp-content\/uploads\/2019\/12\/nouveau-quatier-zen-et-detente-psa.jpg\" alt=\"new zen and relaxation area SPA\" class=\"wp-image-5712 size-full\" srcset=\"https:\/\/www.campingvaldevie.fr\/wp-content\/uploads\/2019\/12\/nouveau-quatier-zen-et-detente-psa.jpg 700w, https:\/\/www.campingvaldevie.fr\/wp-content\/uploads\/2019\/12\/nouveau-quatier-zen-et-detente-psa-300x211.jpg 300w\" sizes=\"auto, (max-width: 700px) 100vw, 700px\" \/><\/figure><div class=\"wp-block-media-text__content\">\n<h2 class=\"wp-block-heading has-text-align-left\">Enjoy a private spa in your mobile home<\/h2>\n\n\n\n<p>A <strong>campsite with a private spa,<\/strong> in your<strong>&nbsp;mobile homes,<\/strong> is great because it gives you the chance to relax in the water and enjoy some quality time away from the hustle and bustle of a beach. A <strong>private spa<\/strong> means you can enjoy a <strong>whirlpool bath, or<\/strong> <strong>jacuzzi,<\/strong> without having to leave their <strong>mobile<\/strong>-<strong>home<\/strong>. This allows them to make the most of their <strong>stay<\/strong> and enjoy an experience of <strong>holidays<\/strong> truly luxurious. What's more, with a <strong>private spa<\/strong>In a spa, customers can enjoy total privacy while enjoying the warmth of the water in their spa, making it the ideal way to relax and de-stress in an environment free from outside influences. Ultimately, a <strong>campsite <\/strong>which offers the opportunity to benefit from <strong>mobile home with private spa in Vend\u00e9e<\/strong> among our various <a href=\"\/en\/accommodation\/\">mobile home rentals in Vend\u00e9e<\/a> is an excellent choice for those looking for a luxurious and tranquil getaway. By staying at our <strong>campsite with spa in Vend\u00e9e&nbsp;<\/strong>you can <a href=\"\/en\/tourism-vendee\/\">visit the Vend\u00e9e<\/a>.<\/p>\n<\/div><\/div>\n\n\n\n<div style=\"height:40px\" aria-hidden=\"true\" class=\"wp-block-spacer\"><\/div>\n\n\n\n<h2 class=\"wp-block-heading has-text-align-center\">Discover our accommodation with spa<\/h2>\n\n\n\n<div style=\"height:20px\" aria-hidden=\"true\" class=\"wp-block-spacer\"><\/div>\n\n\n\n<div class=\"wp-block-columns is-layout-flex wp-container-core-columns-is-layout-9d6595d7 wp-block-columns-is-layout-flex\">\n<div class=\"wp-block-column is-layout-flow wp-block-column-is-layout-flow\">\n<div class=\"wp-block-cover is-light has-small-font-size\" style=\"min-height:350px;aspect-ratio:unset;\"><span aria-hidden=\"true\" class=\"wp-block-cover__background has-background-dim\"><\/span><img loading=\"lazy\" decoding=\"async\" width=\"640\" height=\"480\" class=\"wp-block-cover__image-background wp-image-17217\" alt=\"\" src=\"https:\/\/www.campingvaldevie.fr\/wp-content\/uploads\/2022\/05\/IMG_8250.jpg\" data-object-fit=\"cover\" srcset=\"https:\/\/www.campingvaldevie.fr\/wp-content\/uploads\/2022\/05\/IMG_8250.jpg 640w, https:\/\/www.campingvaldevie.fr\/wp-content\/uploads\/2022\/05\/IMG_8250-300x225.jpg 300w\" sizes=\"auto, (max-width: 640px) 100vw, 640px\" \/><div class=\"wp-block-cover__inner-container is-layout-flow wp-block-cover-is-layout-flow\">\n<p class=\"has-text-align-center has-large-font-size\"><a href=\"https:\/\/www.campingvaldevie.fr\/en\/hosting\/mobil-home-premium-2-bedrooms-1-bathroom-with-spa\/\" data-type=\"link\" data-id=\"https:\/\/www.campingvaldevie.fr\/hebergements\/\">Mobile home Premium 2CH - 1SDB<\/a><\/p>\n<\/div><\/div>\n<\/div>\n\n\n\n<div class=\"wp-block-column is-layout-flow wp-block-column-is-layout-flow\">\n<div class=\"wp-block-cover has-small-font-size\" style=\"min-height:350px;aspect-ratio:unset;\"><span aria-hidden=\"true\" class=\"wp-block-cover__background has-background-dim\"><\/span><img loading=\"lazy\" decoding=\"async\" width=\"1920\" height=\"1080\" class=\"wp-block-cover__image-background wp-image-12395\" alt=\"\" src=\"https:\/\/www.campingvaldevie.fr\/wp-content\/uploads\/2022\/03\/IMG_06251-1920x1080-1.jpg\" style=\"object-position:50% 53%\" data-object-fit=\"cover\" data-object-position=\"50% 53%\" srcset=\"https:\/\/www.campingvaldevie.fr\/wp-content\/uploads\/2022\/03\/IMG_06251-1920x1080-1.jpg 1920w, https:\/\/www.campingvaldevie.fr\/wp-content\/uploads\/2022\/03\/IMG_06251-1920x1080-1-300x169.jpg 300w, https:\/\/www.campingvaldevie.fr\/wp-content\/uploads\/2022\/03\/IMG_06251-1920x1080-1-1024x576.jpg 1024w, https:\/\/www.campingvaldevie.fr\/wp-content\/uploads\/2022\/03\/IMG_06251-1920x1080-1-768x432.jpg 768w, https:\/\/www.campingvaldevie.fr\/wp-content\/uploads\/2022\/03\/IMG_06251-1920x1080-1-1536x864.jpg 1536w\" sizes=\"auto, (max-width: 1920px) 100vw, 1920px\" \/><div class=\"wp-block-cover__inner-container is-layout-flow wp-block-cover-is-layout-flow\">\n<p class=\"has-text-align-center has-large-font-size\"><a href=\"https:\/\/www.campingvaldevie.fr\/en\/hosting\/mobil-home-evasion-premium-2-bedrooms-2-bathrooms-with-spa\/\" data-type=\"page\" data-id=\"1382\">Mobile home Premium 2CH - 2SDB<\/a><\/p>\n<\/div><\/div>\n<\/div>\n\n\n\n<div class=\"wp-block-column is-layout-flow wp-block-column-is-layout-flow\">\n<div class=\"wp-block-cover is-light has-small-font-size\" style=\"min-height:350px;aspect-ratio:unset;\"><span aria-hidden=\"true\" class=\"wp-block-cover__background has-background-dim\"><\/span><img loading=\"lazy\" decoding=\"async\" width=\"890\" height=\"442\" class=\"wp-block-cover__image-background wp-image-9636\" alt=\"\" src=\"https:\/\/www.campingvaldevie.fr\/wp-content\/uploads\/2021\/09\/1-1.png\" data-object-fit=\"cover\" srcset=\"https:\/\/www.campingvaldevie.fr\/wp-content\/uploads\/2021\/09\/1-1.png 890w, https:\/\/www.campingvaldevie.fr\/wp-content\/uploads\/2021\/09\/1-1-300x149.png 300w, https:\/\/www.campingvaldevie.fr\/wp-content\/uploads\/2021\/09\/1-1-768x381.png 768w\" sizes=\"auto, (max-width: 890px) 100vw, 890px\" \/><div class=\"wp-block-cover__inner-container is-layout-flow wp-block-cover-is-layout-flow\">\n<p class=\"has-text-align-center has-large-font-size\"><a href=\"https:\/\/www.campingvaldevie.fr\/en\/hosting\/mobil-home-premium-3-bedrooms-1-bathroom-with-spa-6-persons\/\" data-type=\"link\" data-id=\"https:\/\/www.campingvaldevie.fr\/editorial\/camping-familial-vendee\/\">Mobile home Premium 3CH - 1SDB<\/a><\/p>\n<\/div><\/div>\n<\/div>\n<\/div>\n\n\n\n<div style=\"height:40px\" aria-hidden=\"true\" class=\"wp-block-spacer\"><\/div>\n\n\n\n<div class=\"wp-block-columns is-layout-flex wp-container-core-columns-is-layout-9d6595d7 wp-block-columns-is-layout-flex\">\n<div class=\"wp-block-column is-layout-flow wp-block-column-is-layout-flow\">\n<div class=\"wp-block-cover has-small-font-size\" style=\"min-height:350px;aspect-ratio:unset;\"><span aria-hidden=\"true\" class=\"wp-block-cover__background has-background-dim\"><\/span><img loading=\"lazy\" decoding=\"async\" width=\"2560\" height=\"1920\" class=\"wp-block-cover__image-background wp-image-6295\" alt=\"\" src=\"https:\/\/www.campingvaldevie.fr\/wp-content\/uploads\/2020\/06\/IMG_06301-scaled-1.jpg\" data-object-fit=\"cover\" srcset=\"https:\/\/www.campingvaldevie.fr\/wp-content\/uploads\/2020\/06\/IMG_06301-scaled-1.jpg 2560w, https:\/\/www.campingvaldevie.fr\/wp-content\/uploads\/2020\/06\/IMG_06301-scaled-1-300x225.jpg 300w, https:\/\/www.campingvaldevie.fr\/wp-content\/uploads\/2020\/06\/IMG_06301-scaled-1-1024x768.jpg 1024w, https:\/\/www.campingvaldevie.fr\/wp-content\/uploads\/2020\/06\/IMG_06301-scaled-1-768x576.jpg 768w, https:\/\/www.campingvaldevie.fr\/wp-content\/uploads\/2020\/06\/IMG_06301-scaled-1-1536x1152.jpg 1536w, https:\/\/www.campingvaldevie.fr\/wp-content\/uploads\/2020\/06\/IMG_06301-scaled-1-2048x1536.jpg 2048w\" sizes=\"auto, (max-width: 2560px) 100vw, 2560px\" \/><div class=\"wp-block-cover__inner-container is-layout-flow wp-block-cover-is-layout-flow\">\n<p class=\"has-text-align-center has-large-font-size\"><a href=\"https:\/\/www.campingvaldevie.fr\/en\/hosting\/mobil-home-evasion-premium-3-bedrooms-2-bathrooms-with-spa\/\" data-type=\"link\" data-id=\"https:\/\/www.campingvaldevie.fr\/hebergements\/\">Mobile home Premium 3CH - 2 bathrooms<\/a><\/p>\n<\/div><\/div>\n<\/div>\n\n\n\n<div class=\"wp-block-column is-layout-flow wp-block-column-is-layout-flow\">\n<div class=\"wp-block-cover has-small-font-size\" style=\"min-height:350px;aspect-ratio:unset;\"><span aria-hidden=\"true\" class=\"wp-block-cover__background has-background-dim\"><\/span><img loading=\"lazy\" decoding=\"async\" width=\"640\" height=\"640\" class=\"wp-block-cover__image-background wp-image-8695\" alt=\"\" src=\"https:\/\/www.campingvaldevie.fr\/wp-content\/uploads\/2021\/04\/terasse.jpg\" data-object-fit=\"cover\" srcset=\"https:\/\/www.campingvaldevie.fr\/wp-content\/uploads\/2021\/04\/terasse.jpg 640w, https:\/\/www.campingvaldevie.fr\/wp-content\/uploads\/2021\/04\/terasse-300x300.jpg 300w, https:\/\/www.campingvaldevie.fr\/wp-content\/uploads\/2021\/04\/terasse-150x150.jpg 150w\" sizes=\"auto, (max-width: 640px) 100vw, 640px\" \/><div class=\"wp-block-cover__inner-container is-layout-flow wp-block-cover-is-layout-flow\">\n<p class=\"has-text-align-center has-large-font-size\"><a href=\"https:\/\/www.campingvaldevie.fr\/en\/hosting\/premium-lodge-tent\/\" data-type=\"page\" data-id=\"1382\">Premium Lodge Tent<\/a><\/p>\n<\/div><\/div>\n<\/div>\n\n\n\n<div class=\"wp-block-column is-layout-flow wp-block-column-is-layout-flow\"><\/div>\n<\/div>","protected":false},"excerpt":{"rendered":"<p>Depuis quelques temps vous aspirez \u00e0 passer des moments \u00e0 deux.&nbsp; Vous retrouver le temps d\u2019un week-end vous ferait le plus grand bien. Pour cela, vous recherchez un camping avec SPA privatif au coeur du d\u00e9partement de la Vend\u00e9e pour votre location de vacances. Vous ne voulez pas sp\u00e9cialement vous retrouver dans une grande station [&hellip;]<\/p>\n","protected":false},"author":4,"featured_media":0,"parent":0,"menu_order":0,"comment_status":"closed","ping_status":"closed","template":"","meta":{"_seopress_robots_primary_cat":"","_seopress_titles_title":"Camping mobil home avec jacuzzi et SPA privatif en Vend\u00e9e","_seopress_titles_desc":"Vous recherchez un camping avec location de mobil-homes avec SPA privatif au coeur de la Vend\u00e9e ? Le camping du Val de Vie sera alors le lieu id\u00e9al.","_seopress_robots_index":"","footnotes":""},"class_list":["post-22238","page","type-page","status-publish","hentry"],"_links":{"self":[{"href":"https:\/\/www.campingvaldevie.fr\/en\/wp-json\/wp\/v2\/pages\/22238","targetHints":{"allow":["GET"]}}],"collection":[{"href":"https:\/\/www.campingvaldevie.fr\/en\/wp-json\/wp\/v2\/pages"}],"about":[{"href":"https:\/\/www.campingvaldevie.fr\/en\/wp-json\/wp\/v2\/types\/page"}],"author":[{"embeddable":true,"href":"https:\/\/www.campingvaldevie.fr\/en\/wp-json\/wp\/v2\/users\/4"}],"replies":[{"embeddable":true,"href":"https:\/\/www.campingvaldevie.fr\/en\/wp-json\/wp\/v2\/comments?post=22238"}],"version-history":[{"count":6,"href":"https:\/\/www.campingvaldevie.fr\/en\/wp-json\/wp\/v2\/pages\/22238\/revisions"}],"predecessor-version":[{"id":25733,"href":"https:\/\/www.campingvaldevie.fr\/en\/wp-json\/wp\/v2\/pages\/22238\/revisions\/25733"}],"wp:attachment":[{"href":"https:\/\/www.campingvaldevie.fr\/en\/wp-json\/wp\/v2\/media?parent=22238"}],"curies":[{"name":"wp","href":"https:\/\/api.w.org\/{rel}","templated":true}]}}