{"id":22252,"date":"2023-11-02T14:44:57","date_gmt":"2023-11-02T13:44:57","guid":{"rendered":"https:\/\/www.campingvaldevie.fr\/?page_id=22252"},"modified":"2024-09-04T12:04:41","modified_gmt":"2024-09-04T10:04:41","slug":"small-top-of-the-range-campsite-vendee","status":"publish","type":"page","link":"https:\/\/www.campingvaldevie.fr\/en\/petit-camping-haut-de-gamme-vendee\/","title":{"rendered":"Luxury campsite Vend\u00e9e"},"content":{"rendered":"<p>Are you looking for a place that's out of the ordinary for your holiday with the kids? Or a more private haven of peace for your stay with the family, your partner or your friends? Sometimes it's better to opt for a <strong>luxury campsite with top-of-the-range services in the Vend\u00e9e<\/strong> than for an eye-catching establishment that fails to deliver on its promises. Le <a href=\"https:\/\/www.campingvaldevie.fr\/en\/\">Val de Vie campsite in the Vend\u00e9e<\/a> one of<strong> the most beautiful top-of-the-range campsites in Pays de la Loire<\/strong>is for campers looking for peace and nature. If you love the Vend\u00e9e for all it has to offer: fine sandy beaches, heavenly landscapes, enchanting nature and typical villages, believe me, you'll be in heaven during your holiday at this campsite. <strong>4-star campsite<\/strong>a <strong>top-of-the-range campsite in the heart of the Vend\u00e9e<\/strong>.<\/p>\n\n\n\n<div style=\"height:40px\" aria-hidden=\"true\" class=\"wp-block-spacer\"><\/div>\n\n\n\n<div class=\"wp-block-media-text alignwide has-media-on-the-right is-stacked-on-mobile is-image-fill\" style=\"grid-template-columns:auto 30%\"><div class=\"wp-block-media-text__content\">\n<h2 class=\"wp-block-heading has-text-align-left\">Discover our top-of-the-range accommodation with private spa<\/h2>\n\n\n\n<p>In this <strong>top-of-the-range campsite in the Vend\u00e9e in the Pays de la Loire region<\/strong>you can book a <strong>comfortable, quality mobile home<\/strong>. In the premium range of this <strong>top-of-the-range campsite in the Vend\u00e9e<\/strong>Here you'll find top-of-the-range rentals. You'll also find <a href=\"\/en\/private-spa-campsite-vendee\/\"><strong>mobile homes with private spa<\/strong><\/a>. Val de Vie is the ideal place to enjoy an enchanted interlude in peaceful surroundings. You'll have an unforgettable stay in an idyllic setting!<\/p>\n\n\n\n<p>All mobile home, tent lodge and chalet accommodation on our <strong>4-star campsite with swimming pool<\/strong> have their own terrace with garden furniture. So you can enjoy aperitifs and family lunches in the fresh air!<\/p>\n\n\n\n<p>In this small campsite with <strong>top-of-the-range rentals in the Vend\u00e9e<\/strong>If you're a fan of traditional holidays in a tent or camper van, you can also enjoy the simple pleasures of life on a comfortable camping pitch. One thing's for sure, you won't want to leave your everyday life behind, and you'll love your family holidays in the Pays de la Loire!<\/p>\n<\/div><figure class=\"wp-block-media-text__media\" style=\"background-image:url(https:\/\/www.campingvaldevie.fr\/wp-content\/uploads\/2021\/09\/location-petit-camping-familial-haut-de-gamme-vendee.jpg);background-position:50% 50%\"><img loading=\"lazy\" decoding=\"async\" width=\"700\" height=\"394\" src=\"https:\/\/www.campingvaldevie.fr\/wp-content\/uploads\/2021\/09\/location-petit-camping-familial-haut-de-gamme-vendee.jpg\" alt=\"rental Small upmarket family campsite Vend\u00e9e\" class=\"wp-image-9400 size-full\" srcset=\"https:\/\/www.campingvaldevie.fr\/wp-content\/uploads\/2021\/09\/location-petit-camping-familial-haut-de-gamme-vendee.jpg 700w, https:\/\/www.campingvaldevie.fr\/wp-content\/uploads\/2021\/09\/location-petit-camping-familial-haut-de-gamme-vendee-300x169.jpg 300w\" sizes=\"auto, (max-width: 700px) 100vw, 700px\" \/><\/figure><\/div>\n\n\n\n<div style=\"height:40px\" aria-hidden=\"true\" class=\"wp-block-spacer\"><\/div>\n\n\n\n<div class=\"wp-block-media-text alignwide is-stacked-on-mobile is-image-fill\" style=\"grid-template-columns:30% auto\"><figure class=\"wp-block-media-text__media\" style=\"background-image:url(https:\/\/www.campingvaldevie.fr\/wp-content\/uploads\/2023\/02\/piscine-couverte-et-chauffee-4.jpg);background-position:50% 50%\"><img loading=\"lazy\" decoding=\"async\" width=\"700\" height=\"525\" src=\"https:\/\/www.campingvaldevie.fr\/wp-content\/uploads\/2023\/02\/piscine-couverte-et-chauffee-4.jpg\" alt=\"ideal location vend\u00e9e\" class=\"wp-image-20832 size-full\" srcset=\"https:\/\/www.campingvaldevie.fr\/wp-content\/uploads\/2023\/02\/piscine-couverte-et-chauffee-4.jpg 700w, https:\/\/www.campingvaldevie.fr\/wp-content\/uploads\/2023\/02\/piscine-couverte-et-chauffee-4-300x225.jpg 300w\" sizes=\"auto, (max-width: 700px) 100vw, 700px\" \/><\/figure><div class=\"wp-block-media-text__content\">\n<h2 class=\"wp-block-heading has-text-align-left\">4-star services and facilities<\/h2>\n\n\n\n<p>As well as staying in a comfortable rental surrounded by attentive staff, this marvellous <strong>top-of-the-range campsite in the Vend\u00e9e<\/strong> offers a wide range of<strong>star-rated facilities and services<\/strong> for you and your children:<\/p>\n\n\n\n<ul class=\"wp-block-list\">\n<li><strong>Aquatic area<\/strong> the campsite has a beautiful <a href=\"https:\/\/www.campingvaldevie.fr\/en\/the-pool\/\">aquatic area with heated swimming pool<\/a> 28\u00b0 and covered with an opening roof for unforgettable moments, whatever the weather! So whether you fancy a swim, a spot of sunbathing or an afternoon out on the beach, we've got you covered. <strong>water aerobics<\/strong> or simply lounging by the water, everything in this aquatic area has been designed to ensure that your experience in the water is a memorable one. <strong>top-of-the-range campsite in the Vend\u00e9e<\/strong> is one of the best.<\/li>\n\n\n\n<li><strong>Sports facilities<\/strong> tennis court, bowling green, children's playground, challenge your friends and children to a game of tennis. <strong>sports competitions<\/strong> offered by the campsite.<\/li>\n\n\n\n<li><strong>Activities<\/strong> : the campsite offers the possibility of registering your children at the <strong>club-enfants<\/strong> so they can enjoy activities, games and entertainment suited to their age group, while making new friends. Meanwhile, older children can take part in tastings, treasure hunts, musical quizzes or enjoy a relaxing treatment.<\/li>\n<\/ul>\n\n\n\n<p>As you will no doubt have gathered by now, the<strong> top-of-the-range campsite in the Vend\u00e9e<\/strong> is certainly one of the best campsites in the region for a <strong>family holiday in Pays de la Loire<\/strong>So don't delay in booking your holiday accommodation in this beautiful part of France.<\/p>\n<\/div><\/div>\n\n\n\n<div style=\"height:40px\" aria-hidden=\"true\" class=\"wp-block-spacer\"><\/div>\n\n\n\n<div class=\"wp-block-media-text alignwide has-media-on-the-right is-stacked-on-mobile is-image-fill\" style=\"grid-template-columns:auto 30%\"><div class=\"wp-block-media-text__content\">\n<h2 class=\"wp-block-heading has-text-align-left\">Enjoy our campsite in the heart of the Pays de la Loire region in the Vend\u00e9e<\/h2>\n\n\n\n<p>In high season, the Pays de la Loire region, and more specifically the Vend\u00e9e coastline, is overrun by holidaymakers. If you hate crowds, we advise you to keep your distance. For example, you could opt for a <strong>top-of-the-range campsite in the Vend\u00e9e<\/strong> on the <strong>Mach\u00e9<\/strong>in the heart of the region. One of the <strong>Best campsites in Vend\u00e9e<\/strong> is therefore about twenty minutes from the Grande Plage at <strong>Saint-Gilles-Croix-de-Vie<\/strong> and the port of <strong>Saint-Hilaire-de-Riez<\/strong> and less than 40 minutes from Saint-Jean-de-Monts and the <strong>Sables d'Olonne<\/strong>. The beaches (Plage de Tanchet, Plage de la Par\u00e9e, Plage des Demoiselles, etc.) are all within easy reach of this holiday resort. Only here, you can relax. There's no stress on the horizon at this family-friendly establishment, which is all about calm and relaxation.<br><\/p>\n\n\n\n<p>It is important to know that <strong>4-star estate<\/strong>this <strong>luxury camping<\/strong> at <strong>top-of-the-range services in the Vend\u00e9e<\/strong> enjoys an ideal geographical location in <strong>Pays de la Loire <\/strong>if you want to explore this magnificent region with your children. Visit <strong>Grand Parc du Puy du Fou<\/strong>the city of <strong>Roche sur Yon <\/strong>and its famous national stud farm, the Marais Poitevin regional park, the Ferris wheel at Saint-Jean-de-Monts, the bustling port of Les Sables d'Olonne, the island of Noirmoutier and its salt marshes, fine sandy beaches and maritime pine forests - you've come to the right place to discover all these treasures. At our <strong>top-of-the-range campsite in the Vend\u00e9e<\/strong>you'll love the<strong>family atmosphere<\/strong> and <strong>user-friendly<\/strong> that reigns there. After days that were as exhilarating as they were exhausting, the <strong>indoor swimming pool<\/strong> on the campsite, where you can cool off with the whole family.<br><\/p>\n<\/div><figure class=\"wp-block-media-text__media\" style=\"background-image:url(https:\/\/www.campingvaldevie.fr\/wp-content\/uploads\/2018\/02\/Copyright_A.Lamoureux_Vendee_Expansion_Yeu_port_de_la_meule_6-1024x683.jpg);background-position:81% 48%\"><img loading=\"lazy\" decoding=\"async\" width=\"1024\" height=\"683\" src=\"https:\/\/www.campingvaldevie.fr\/wp-content\/uploads\/2018\/02\/Copyright_A.Lamoureux_Vendee_Expansion_Yeu_port_de_la_meule_6-1024x683.jpg\" alt=\"Port de la Meule Ile d&#039;yeu\" class=\"wp-image-2140 size-full\" srcset=\"https:\/\/www.campingvaldevie.fr\/wp-content\/uploads\/2018\/02\/Copyright_A.Lamoureux_Vendee_Expansion_Yeu_port_de_la_meule_6-1024x683.jpg 1024w, https:\/\/www.campingvaldevie.fr\/wp-content\/uploads\/2018\/02\/Copyright_A.Lamoureux_Vendee_Expansion_Yeu_port_de_la_meule_6-300x200.jpg 300w, https:\/\/www.campingvaldevie.fr\/wp-content\/uploads\/2018\/02\/Copyright_A.Lamoureux_Vendee_Expansion_Yeu_port_de_la_meule_6-768x512.jpg 768w, https:\/\/www.campingvaldevie.fr\/wp-content\/uploads\/2018\/02\/Copyright_A.Lamoureux_Vendee_Expansion_Yeu_port_de_la_meule_6.jpg 1100w\" sizes=\"auto, (max-width: 1024px) 100vw, 1024px\" \/><\/figure><\/div>\n\n\n\n<div style=\"height:40px\" aria-hidden=\"true\" class=\"wp-block-spacer\"><\/div>\n\n\n\n<div class=\"wp-block-media-text alignwide is-stacked-on-mobile is-image-fill\" style=\"grid-template-columns:30% auto\"><figure class=\"wp-block-media-text__media\" style=\"background-image:url(https:\/\/www.campingvaldevie.fr\/wp-content\/uploads\/2022\/06\/vacances-petit-camping-avec-espace-bien-etre-vendee.jpg);background-position:16% 52%\"><img loading=\"lazy\" decoding=\"async\" width=\"700\" height=\"466\" src=\"https:\/\/www.campingvaldevie.fr\/wp-content\/uploads\/2022\/06\/vacances-petit-camping-avec-espace-bien-etre-vendee.jpg\" alt=\"holidays Small campsite with wellness area Vend\u00e9e\" class=\"wp-image-17838 size-full\" srcset=\"https:\/\/www.campingvaldevie.fr\/wp-content\/uploads\/2022\/06\/vacances-petit-camping-avec-espace-bien-etre-vendee.jpg 700w, https:\/\/www.campingvaldevie.fr\/wp-content\/uploads\/2022\/06\/vacances-petit-camping-avec-espace-bien-etre-vendee-300x200.jpg 300w\" sizes=\"auto, (max-width: 700px) 100vw, 700px\" \/><\/figure><div class=\"wp-block-media-text__content\">\n<h2 class=\"wp-block-heading has-text-align-left\">Activities in the Vend\u00e9e close to this top-of-the-range campsite<\/h2>\n\n\n\n<p>To complete your <strong>luxury stay<\/strong> at our 4-star campsite in the Vend\u00e9e <a href=\"\/en\/tourism-vendee\/\">discover the Vend\u00e9e<\/a>Here are our recommendations for visits and activities to do with your children:<\/p>\n\n\n\n<ul class=\"wp-block-list\">\n<li><a href=\"https:\/\/www.campingvaldevie.fr\/en\/fontenelles-golf-course\/\">Les Fontenelles golf course<\/a> The Fontenelles golf course is just 10 kilometres from the campsite on the way to <strong>Saint Gilles Croix-de-Vie<\/strong> and <strong>Bretignolles-sur-Mer<\/strong>. Come and discover this 18-hole course, which offers a pleasant succession of water hazards, maritime pines and oaks over more than 6 kilometres. As a partner of the Fontenelles golf course, our <strong>premium campsite in Vend\u00e9e<\/strong> offers you <strong>more advantageous rates<\/strong> for courses and discovery packages.<\/li>\n\n\n\n<li><strong>thalassos<\/strong> Thalassotherapy: you'll find thalassotherapy centres in seaside towns like the C\u00f4te Ouest thalassotherapy centre in Les Cayes. <strong>Sables d'Olonne<\/strong> facing the sea. The<strong> Sables d'Olonne<\/strong> is also home to the Vend\u00e9e Globe, an international sailing race held every four years. You can also take advantage of the wellness centre at <strong>La Roche-sur-Yon<\/strong> or to <strong>Challans<\/strong>.<\/li>\n\n\n\n<li><strong>visit authentic villages<\/strong> Visit Saint-Gilles-Croix-de-Vie, a charming seaside town with an old port, or the village of Commequiers with your family during your stay in France. <strong>top-of-the-range campsite in the Vend\u00e9e<\/strong>.<\/li>\n\n\n\n<li><strong>Apremont castle<\/strong> The visit by <strong>Renaissance ch\u00e2teau at Apremont<\/strong> is, in our opinion, not to be missed. Some may hesitate, but it has an undeniable charm that permeates the city it overlooks. We don't want to delve too deeply into its history, but the guided tour is excellent and we recommend it. The positive comments from other enthusiasts clearly show that this is an excellent choice of places to visit in the Pays de la Loire region!<\/li>\n<\/ul>\n<\/div><\/div>\n\n\n\n<div style=\"height:40px\" aria-hidden=\"true\" class=\"wp-block-spacer\"><\/div>","protected":false},"excerpt":{"rendered":"<p>Vous cherchez un endroit qui sort de l\u2019ordinaire pour vos vacances avec les enfants ? Un havre de paix plut\u00f4t confidentiel pour votre s\u00e9jour en famille, en couple ou entre amis ? Parfois, il vaut mieux opter pour un camping de luxe aux services haut de gamme en Vend\u00e9e que pour un \u00e9tablissement qui en [&hellip;]<\/p>\n","protected":false},"author":4,"featured_media":0,"parent":0,"menu_order":0,"comment_status":"closed","ping_status":"closed","template":"","meta":{"_seopress_robots_primary_cat":"","_seopress_titles_title":"Camping haut de gamme en Vend\u00e9e 4 \u00e9toiles avec location spa privatif","_seopress_titles_desc":"D\u00e9couvrez le camping Val de Vie avec location de mobil-homes avec spa privatif ! Des vacances haut de gamme dans un camping en pleine nature !","_seopress_robots_index":"","footnotes":""},"class_list":["post-22252","page","type-page","status-publish","hentry"],"_links":{"self":[{"href":"https:\/\/www.campingvaldevie.fr\/en\/wp-json\/wp\/v2\/pages\/22252","targetHints":{"allow":["GET"]}}],"collection":[{"href":"https:\/\/www.campingvaldevie.fr\/en\/wp-json\/wp\/v2\/pages"}],"about":[{"href":"https:\/\/www.campingvaldevie.fr\/en\/wp-json\/wp\/v2\/types\/page"}],"author":[{"embeddable":true,"href":"https:\/\/www.campingvaldevie.fr\/en\/wp-json\/wp\/v2\/users\/4"}],"replies":[{"embeddable":true,"href":"https:\/\/www.campingvaldevie.fr\/en\/wp-json\/wp\/v2\/comments?post=22252"}],"version-history":[{"count":5,"href":"https:\/\/www.campingvaldevie.fr\/en\/wp-json\/wp\/v2\/pages\/22252\/revisions"}],"predecessor-version":[{"id":25874,"href":"https:\/\/www.campingvaldevie.fr\/en\/wp-json\/wp\/v2\/pages\/22252\/revisions\/25874"}],"wp:attachment":[{"href":"https:\/\/www.campingvaldevie.fr\/en\/wp-json\/wp\/v2\/media?parent=22252"}],"curies":[{"name":"wp","href":"https:\/\/api.w.org\/{rel}","templated":true}]}}