{"id":22265,"date":"2023-11-02T15:16:04","date_gmt":"2023-11-02T14:16:04","guid":{"rendered":"https:\/\/www.campingvaldevie.fr\/?page_id=22265"},"modified":"2024-05-21T10:06:38","modified_gmt":"2024-05-21T08:06:38","slug":"family-campsite-saint-gilles-croix-de-vie","status":"publish","type":"page","link":"https:\/\/www.campingvaldevie.fr\/en\/camping-saint-gilles-croix-de-vie\/camping-familial-saint-gilles-croix-de-vie\/","title":{"rendered":"Your family camping holiday near Saint-Gilles-Croix-de-Vie"},"content":{"rendered":"<p>La <strong>Vend\u00e9e<\/strong> is a region of France with a beautiful coastline, varied landscapes and a unique quality of life. If you're interested in this d\u00e9partement for your next <strong>family holidays<\/strong> ? Do you see yourself alternating between the beach, outdoor activities and water sports? Then discover our <a href=\"\/en\/\"><strong>camping Le Val de Vie in Vend\u00e9e<\/strong><\/a>a campsite located in Mach\u00e9, <strong>only 26 km away<\/strong> of the beautiful seaside resort of Saint-Gilles-Croix-de-Vie!<\/p>\n\n\n\n<div style=\"height:40px\" aria-hidden=\"true\" class=\"wp-block-spacer\"><\/div>\n\n\n\n<h2 class=\"wp-block-heading has-text-align-center\">Our quality accommodation for your stay in Saint-Gilles-Croix-de-Vie<\/h2>\n\n\n\n<div style=\"height:42px\" aria-hidden=\"true\" class=\"wp-block-spacer\"><\/div>\n\n\n\n<div class=\"wp-block-media-text has-media-on-the-right is-stacked-on-mobile is-image-fill\" style=\"grid-template-columns:auto 40%\"><div class=\"wp-block-media-text__content\">\n<h3 class=\"wp-block-heading has-text-align-left\">Comfortable mobile homes<\/h3>\n\n\n\n<p>Are you looking for a holiday in <strong>family campsite near Saint-Gilles-Croix-de-Vie<\/strong> to make your stay as comfortable as possible? You're going to love our campsite and its<strong> <\/strong><a href=\"\/en\/camping-saint-gilles-croix-de-vie\/mobile-home\/\"><strong>3 ranges of quality mobile homes<\/strong><\/a> ! Choose from the standard range, the comfort range or the premium range for your holidays.\u00a0<\/p>\n\n\n\n<p>Our <strong>standard mobile home <\/strong>offers a high level of comfort. It has all the amenities and a pleasant terrace overlooking the estate's grounds. If you're looking for greater comfort during your <strong>family holidays in the Vend\u00e9e<\/strong>Instead, book a <strong>comfort range mobile homes<\/strong>. More spacious, it's also cosier with its contemporary design. Finally, our <strong>premium mobile homes<\/strong> are the ideal option for a holiday in <a href=\"\/en\/camping-saint-gilles-croix-de-vie\/\"><strong>campsite near Saint-Gilles-Croix-de-Vie<\/strong><\/a> of the highest quality. You'll be staying in a spacious, recently-built mobile home, decorated in a refined, warm style.<\/p>\n<\/div><figure class=\"wp-block-media-text__media\" style=\"background-image:url(https:\/\/www.campingvaldevie.fr\/wp-content\/uploads\/2023\/03\/IMG_05051-scaled-1-1024x768-1.jpg);background-position:50% 50%\"><img loading=\"lazy\" decoding=\"async\" width=\"700\" height=\"525\" src=\"https:\/\/www.campingvaldevie.fr\/wp-content\/uploads\/2023\/03\/IMG_05051-scaled-1-1024x768-1.jpg\" alt=\"mobil-home best opinion small campsite vend\u00e9e\" class=\"wp-image-21217 size-full\" srcset=\"https:\/\/www.campingvaldevie.fr\/wp-content\/uploads\/2023\/03\/IMG_05051-scaled-1-1024x768-1.jpg 700w, https:\/\/www.campingvaldevie.fr\/wp-content\/uploads\/2023\/03\/IMG_05051-scaled-1-1024x768-1-300x225.jpg 300w\" sizes=\"auto, (max-width: 700px) 100vw, 700px\" \/><\/figure><\/div>\n\n\n\n<div style=\"height:40px\" aria-hidden=\"true\" class=\"wp-block-spacer\"><\/div>\n\n\n\n<div class=\"wp-block-media-text is-stacked-on-mobile is-image-fill\" style=\"grid-template-columns:40% auto\"><figure class=\"wp-block-media-text__media\" style=\"background-image:url(https:\/\/www.campingvaldevie.fr\/wp-content\/uploads\/2024\/02\/chambre-parentale-1024x682.jpeg);background-position:50% 50%\"><img loading=\"lazy\" decoding=\"async\" width=\"1024\" height=\"682\" src=\"https:\/\/www.campingvaldevie.fr\/wp-content\/uploads\/2024\/02\/chambre-parentale-1024x682.jpeg\" alt=\"parental bedroom\" class=\"wp-image-24066 size-full\" srcset=\"https:\/\/www.campingvaldevie.fr\/wp-content\/uploads\/2024\/02\/chambre-parentale-1024x682.jpeg 1024w, https:\/\/www.campingvaldevie.fr\/wp-content\/uploads\/2024\/02\/chambre-parentale-300x200.jpeg 300w, https:\/\/www.campingvaldevie.fr\/wp-content\/uploads\/2024\/02\/chambre-parentale-768x512.jpeg 768w, https:\/\/www.campingvaldevie.fr\/wp-content\/uploads\/2024\/02\/chambre-parentale-1536x1023.jpeg 1536w, https:\/\/www.campingvaldevie.fr\/wp-content\/uploads\/2024\/02\/chambre-parentale.jpeg 1920w\" sizes=\"auto, (max-width: 1024px) 100vw, 1024px\" \/><\/figure><div class=\"wp-block-media-text__content\">\n<p>Whichever mobile home you book for your stay in France <strong>family holidays in the Vend\u00e9e<\/strong>It will be equipped with <strong>quiet rooms <\/strong>(2 or 3 bedrooms), 1 or 2 well-appointed bathrooms with storage and a fully equipped kitchen. For family get-togethers, make yourself comfortable in our lounge\/dining area, or soak up the Vend\u00e9e sunshine from the terrace.<strong> wooden decking for your mobile home<\/strong>overlooking the wooded grounds of our campsite.\u00a0<\/p>\n<\/div><\/div>\n\n\n\n<div style=\"height:40px\" aria-hidden=\"true\" class=\"wp-block-spacer\"><\/div>\n\n\n\n<div class=\"wp-block-media-text has-media-on-the-right is-stacked-on-mobile is-image-fill\" style=\"grid-template-columns:auto 40%\"><div class=\"wp-block-media-text__content\">\n<h3 class=\"wp-block-heading has-text-align-left\">Our campsites for nature lovers<\/h3>\n\n\n\n<p>Do you prefer<strong> traditional campsite<\/strong> ? Do you love spending the night in a tent, motorhome or caravan? Don't hesitate and choose a camping pitch for your holiday in <strong>family campsite near Saint-Gilles-Croix-de-Vie<\/strong> !&nbsp;<\/p>\n\n\n\n<p>The great thing about our locations? You choose the<a href=\"\/en\/camping-saint-gilles-croix-de-vie\/campsite-with-pitch-near-saint-gilles-croix-de-vie\/\">location near Saint-Gilles-Croix-de-Vie<\/a> perfect for you<strong> <\/strong>depending on your needs: with or without electricity, with or without sanitary facilities, for 1 person, for 6 people, etc. A camping pitch is the ideal solution if you want to spend your holidays in the country. <strong>holidays close to nature<\/strong> !<\/p>\n<\/div><figure class=\"wp-block-media-text__media\" style=\"background-image:url(https:\/\/www.campingvaldevie.fr\/wp-content\/uploads\/2019\/11\/emplacement-camping-authentique-vendee.jpg);background-position:50% 50%\"><img loading=\"lazy\" decoding=\"async\" width=\"700\" height=\"468\" src=\"https:\/\/www.campingvaldevie.fr\/wp-content\/uploads\/2019\/11\/emplacement-camping-authentique-vendee.jpg\" alt=\"pitch in a campsite in Vend\u00e9e\" class=\"wp-image-5702 size-full\" srcset=\"https:\/\/www.campingvaldevie.fr\/wp-content\/uploads\/2019\/11\/emplacement-camping-authentique-vendee.jpg 700w, https:\/\/www.campingvaldevie.fr\/wp-content\/uploads\/2019\/11\/emplacement-camping-authentique-vendee-300x201.jpg 300w\" sizes=\"auto, (max-width: 700px) 100vw, 700px\" \/><\/figure><\/div>\n\n\n\n<div style=\"height:40px\" aria-hidden=\"true\" class=\"wp-block-spacer\"><\/div>\n\n\n\n<div class=\"wp-block-media-text is-stacked-on-mobile is-image-fill\" style=\"grid-template-columns:40% auto\"><figure class=\"wp-block-media-text__media\" style=\"background-image:url(https:\/\/www.campingvaldevie.fr\/wp-content\/uploads\/2022\/07\/sejour-location-meilleur-petit-camping-saint-gilles-croix-de-vie.png);background-position:50% 50%\"><img loading=\"lazy\" decoding=\"async\" width=\"700\" height=\"525\" src=\"https:\/\/www.campingvaldevie.fr\/wp-content\/uploads\/2022\/07\/sejour-location-meilleur-petit-camping-saint-gilles-croix-de-vie.png\" alt=\"stay Best small campsite Saint Gilles croix de Vie\" class=\"wp-image-18220 size-full\" srcset=\"https:\/\/www.campingvaldevie.fr\/wp-content\/uploads\/2022\/07\/sejour-location-meilleur-petit-camping-saint-gilles-croix-de-vie.png 700w, https:\/\/www.campingvaldevie.fr\/wp-content\/uploads\/2022\/07\/sejour-location-meilleur-petit-camping-saint-gilles-croix-de-vie-300x225.png 300w\" sizes=\"auto, (max-width: 700px) 100vw, 700px\" \/><\/figure><div class=\"wp-block-media-text__content\">\n<h2 class=\"wp-block-heading has-text-align-left\">A campsite with a swimming pool for all the family<\/h2>\n\n\n\n<p>If there's one facility that's king during the summer holidays, it's the swimming pool! And the good news is that our <strong>family campsite near Saint-Gilles-Croix-de-Vie <\/strong>is home to a beautiful swimming pool!<\/p>\n\n\n\n<p>This is a <a href=\"https:\/\/www.campingvaldevie.fr\/en\/camping-saint-gilles-croix-de-vie\/campsite-with-pitch-near-saint-gilles-croix-de-vie\/\" data-type=\"page\" data-id=\"22278\"><strong>heated and covered swimming pool<\/strong><\/a><strong> <\/strong>that awaits you during your family holidays in the Vend\u00e9e, complete with a pleasant terrace and deckchairs. You can also enjoy a swim in the pool. <strong>heated water<\/strong> before taking a welcome siesta on a sunny terrace. <strong>deckchair by the water<\/strong>. And if the fine weather doesn't arrive during your stay in the Vend\u00e9e, don't worry; thanks to the<strong> indoor swimming pool<\/strong>You can continue to enjoy the pleasures of swimming.<\/p>\n<\/div><\/div>\n\n\n\n<div style=\"height:40px\" aria-hidden=\"true\" class=\"wp-block-spacer\"><\/div>\n\n\n\n<div class=\"wp-block-media-text has-media-on-the-right is-stacked-on-mobile is-image-fill\" style=\"grid-template-columns:auto 40%\"><div class=\"wp-block-media-text__content\">\n<h2 class=\"wp-block-heading has-text-align-left\">A wide range of fun and varied activities<\/h2>\n\n\n\n<p>We provide you with <strong>active holidays in Vend\u00e9e<\/strong> ! Indeed, our <strong>family campsite near Saint-Gilles-Croix-de-Vie<\/strong> offers you <strong>high-quality sports facilities and activities<\/strong>. During your holiday, you can alternate between p\u00e9tanque competitions and tennis matches, or take part in aquagym and dance classes. And you and your children can enjoy a game of table tennis or table football!<\/p>\n\n\n\n<p>In terms of activities, the watchword is <strong>conviviality<\/strong> Once a week, we invite you to a <strong>welcome drink<\/strong> so you can get to know the other holidaymakers, and we'll be offering a variety of tastings. In the evening, it's all about laughter and good humour with the whole family! The programme includes concerts, magic shows, themed meals and musical quizzes.&nbsp;<\/p>\n\n\n\n<p>Your children will be delighted with our <a href=\"\/en\/family-campsite-vendee\/\"><strong>family campsite in the Vend\u00e9e<\/strong><\/a> Throughout your stay in the Vend\u00e9e, they will have access to the<strong>play area <\/strong>of our campsite and will be able to take part <strong>treasure hunts<\/strong>.<\/p>\n<\/div><figure class=\"wp-block-media-text__media\" style=\"background-image:url(https:\/\/www.campingvaldevie.fr\/wp-content\/uploads\/2022\/01\/DSC01680jeux.jpg);background-position:50% 50%\"><img loading=\"lazy\" decoding=\"async\" width=\"1024\" height=\"768\" src=\"https:\/\/www.campingvaldevie.fr\/wp-content\/uploads\/2022\/01\/DSC01680jeux.jpg\" alt=\"family camping pitch rental\" class=\"wp-image-10334 size-full\" srcset=\"https:\/\/www.campingvaldevie.fr\/wp-content\/uploads\/2022\/01\/DSC01680jeux.jpg 1024w, https:\/\/www.campingvaldevie.fr\/wp-content\/uploads\/2022\/01\/DSC01680jeux-300x225.jpg 300w, https:\/\/www.campingvaldevie.fr\/wp-content\/uploads\/2022\/01\/DSC01680jeux-768x576.jpg 768w\" sizes=\"auto, (max-width: 1024px) 100vw, 1024px\" \/><\/figure><\/div>\n\n\n\n<div style=\"height:40px\" aria-hidden=\"true\" class=\"wp-block-spacer\"><\/div>\n\n\n\n<div class=\"wp-block-media-text is-stacked-on-mobile is-image-fill\" style=\"grid-template-columns:40% auto\"><figure class=\"wp-block-media-text__media\" style=\"background-image:url(https:\/\/www.campingvaldevie.fr\/wp-content\/uploads\/2018\/01\/snack-bar.jpg);background-position:50% 50%\"><img loading=\"lazy\" decoding=\"async\" width=\"700\" height=\"619\" src=\"https:\/\/www.campingvaldevie.fr\/wp-content\/uploads\/2018\/01\/snack-bar.jpg\" alt=\"campsite snack bar\" class=\"wp-image-1815 size-full\" srcset=\"https:\/\/www.campingvaldevie.fr\/wp-content\/uploads\/2018\/01\/snack-bar.jpg 700w, https:\/\/www.campingvaldevie.fr\/wp-content\/uploads\/2018\/01\/snack-bar-300x265.jpg 300w\" sizes=\"auto, (max-width: 700px) 100vw, 700px\" \/><\/figure><div class=\"wp-block-media-text__content\">\n<h2 class=\"wp-block-heading has-text-align-left\">A wide range of services for the perfect camping holiday<\/h2>\n\n\n\n<p>Our <strong>family campsite near Saint-Gilles-Croix-de-Vie<\/strong> wanted to make your stay in the Vend\u00e9e as pleasant as possible. This is why we have put at your disposal<strong> a whole range of services<\/strong> :&nbsp;<\/p>\n\n\n\n<ul class=\"wp-block-list\">\n<li>Barbecue hire ;<\/li>\n\n\n\n<li>Cot and high chair hire ;<\/li>\n\n\n\n<li>Laundry ;\u00a0<\/li>\n\n\n\n<li>Snack bar ;<\/li>\n\n\n\n<li>Groceries ;\u00a0<\/li>\n\n\n\n<li>Book loans ;\u00a0<\/li>\n\n\n\n<li>Wifi throughout the campsite;\u00a0<\/li>\n\n\n\n<li>And a whole host of other services for the perfect family holiday!<\/li>\n<\/ul>\n<\/div><\/div>\n\n\n\n<div style=\"height:40px\" aria-hidden=\"true\" class=\"wp-block-spacer\"><\/div>\n\n\n\n<h2 class=\"wp-block-heading has-text-align-center\">Your holiday near Saint-Gilles-Croix-de-Vie<\/h2>\n\n\n\n<p>Your stay in <strong>family campsite near Saint-Gilles-Croix-de-Vie <\/strong>will give you and your children the chance to discover some of the most beautiful places in this part of France!&nbsp;<\/p>\n\n\n\n<p>Start by visiting <strong>Saint-Gilles-Croix-de-Vie<\/strong>. The town is renowned for its fine sandy beaches and lively fishing port, as well as its charming seafront promenade. Continue your tour with a visit to <strong>Saint-Hilaire-de-Riez<\/strong>With its vast beaches, salt marshes and pine forests, it's the perfect place for hiking and cycling.&nbsp;<\/p>\n\n\n\n<p>Then go to <strong>Saint-Jean-de-Monts<\/strong>The town is famous for its long sandy beach, cycle paths and ocean-facing golf course. During your holiday in <strong>family campsite near Saint-Gilles-Croix-de-Vie<\/strong>And don't miss <strong>Les Sables d'Olonne<\/strong>famous for hosting the Vend\u00e9e Globe, and renowned for its marina, central beach and the Ile Penotte district. 18 km from Les Sables d'Olonne is <strong>Br\u00e9tignolles-sur-Mer<\/strong>. This town in the Vend\u00e9e attracts water sports fans with its surf, sailing and paddle spots.<\/p>\n\n\n\n<p>Finally, round off your visit to the Vend\u00e9e with a trip to<strong> Brem-sur-Mer<\/strong>. Visit the church of Saint-Nicolas and sample the local wines in the vineyards.<br>Get ready for a great family holiday in our <strong>family campsite near Saint-Gilles-Croix-de-Vie&nbsp;<\/strong>!<\/p>","protected":false},"excerpt":{"rendered":"<p>La Vend\u00e9e est une r\u00e9gion de France qui s\u00e9duit par son littoral de toute beaut\u00e9, ses paysages vari\u00e9s et sa qualit\u00e9 de vie unique. Ce d\u00e9partement vous tente pour vos prochaines vacances en famille ? Vous vous voyez d\u00e9j\u00e0 alterner entre plage, activit\u00e9s de plein air et loisirs nautiques ? Alors d\u00e9couvrez notre camping Le [&hellip;]<\/p>\n","protected":false},"author":4,"featured_media":0,"parent":21135,"menu_order":0,"comment_status":"closed","ping_status":"closed","template":"","meta":{"_seopress_robots_primary_cat":"","_seopress_titles_title":"Camping familial proche Saint Gilles Croix de Vie en Vend\u00e9e (85)","_seopress_titles_desc":"Nous souhaitions dessiner le portrait robot du camping id\u00e9al pour les familles et proche de Saint Gilles Croix de Vie.","_seopress_robots_index":"","footnotes":""},"class_list":["post-22265","page","type-page","status-publish","hentry"],"_links":{"self":[{"href":"https:\/\/www.campingvaldevie.fr\/en\/wp-json\/wp\/v2\/pages\/22265","targetHints":{"allow":["GET"]}}],"collection":[{"href":"https:\/\/www.campingvaldevie.fr\/en\/wp-json\/wp\/v2\/pages"}],"about":[{"href":"https:\/\/www.campingvaldevie.fr\/en\/wp-json\/wp\/v2\/types\/page"}],"author":[{"embeddable":true,"href":"https:\/\/www.campingvaldevie.fr\/en\/wp-json\/wp\/v2\/users\/4"}],"replies":[{"embeddable":true,"href":"https:\/\/www.campingvaldevie.fr\/en\/wp-json\/wp\/v2\/comments?post=22265"}],"version-history":[{"count":9,"href":"https:\/\/www.campingvaldevie.fr\/en\/wp-json\/wp\/v2\/pages\/22265\/revisions"}],"predecessor-version":[{"id":25025,"href":"https:\/\/www.campingvaldevie.fr\/en\/wp-json\/wp\/v2\/pages\/22265\/revisions\/25025"}],"up":[{"embeddable":true,"href":"https:\/\/www.campingvaldevie.fr\/en\/wp-json\/wp\/v2\/pages\/21135"}],"wp:attachment":[{"href":"https:\/\/www.campingvaldevie.fr\/en\/wp-json\/wp\/v2\/media?parent=22265"}],"curies":[{"name":"wp","href":"https:\/\/api.w.org\/{rel}","templated":true}]}}