{"id":22278,"date":"2023-11-02T15:27:08","date_gmt":"2023-11-02T14:27:08","guid":{"rendered":"https:\/\/www.campingvaldevie.fr\/?page_id=22278"},"modified":"2023-11-03T10:49:59","modified_gmt":"2023-11-03T09:49:59","slug":"campsite-with-pitch-near-saint-gilles-croix-de-vie","status":"publish","type":"page","link":"https:\/\/www.campingvaldevie.fr\/en\/camping-saint-gilles-croix-de-vie\/camping-avec-emplacement-proche-saint-gilles-croix-de-vie\/","title":{"rendered":"Campsite with pitch near Saint Gilles Croix de Vie"},"content":{"rendered":"<p>Discover <strong>Saint Gilles Croix de Vie<\/strong> and its pretty little streets lined with shops. Take a stroll along its charming harbour (a hotbed of sardine fishing) and admire its colourful boats. Its magnificent fine sandy beaches, some of them wild, are ideal for reading and swimming. Its embankment, perfect for a seaside dinner. Does all this sound like a dream come true? Well, it's totally accessible to everyone. Visit <a href=\"\/en\/camping-saint-gilles-croix-de-vie\/\"><strong>le Val de Vie campsite near Saint Gilles Croix de Vie<\/strong><\/a> welcomes you to its <strong>locations<\/strong> spacious.<\/p>\n\n\n\n<div style=\"height:40px\" aria-hidden=\"true\" class=\"wp-block-spacer\"><\/div>\n\n\n\n<div class=\"wp-block-media-text has-media-on-the-right is-stacked-on-mobile is-image-fill\" style=\"grid-template-columns:auto 40%\"><div class=\"wp-block-media-text__content\">\n<h2 class=\"wp-block-heading has-text-align-left\">Find the right location<\/h2>\n\n\n\n<p>Whether you are a <strong>group of friends<\/strong> Whether you've come here to have fun, are a couple looking to recharge your batteries or a family looking for a good time, there's something for everyone in this charming village.<strong> seaside resort<\/strong>. <a href=\"\/en\/tourism-vendee\/saint-gilles-croix-de-vie\/\">Saint Gilles Croix de Vie<\/a> is extremely lively throughout the high season. Concerts, shows, parties... liven up the embankment and the town centre.<\/p>\n<\/div><figure class=\"wp-block-media-text__media\" style=\"background-image:url(https:\/\/www.campingvaldevie.fr\/wp-content\/uploads\/2018\/03\/empl-1024x768.jpg);background-position:50% 50%\"><img loading=\"lazy\" decoding=\"async\" width=\"1024\" height=\"768\" src=\"https:\/\/www.campingvaldevie.fr\/wp-content\/uploads\/2018\/03\/empl-1024x768.jpg\" alt=\"spacious campsite in the Vend\u00e9e\" class=\"wp-image-2774 size-full\" srcset=\"https:\/\/www.campingvaldevie.fr\/wp-content\/uploads\/2018\/03\/empl-1024x768.jpg 1024w, https:\/\/www.campingvaldevie.fr\/wp-content\/uploads\/2018\/03\/empl-300x225.jpg 300w, https:\/\/www.campingvaldevie.fr\/wp-content\/uploads\/2018\/03\/empl-768x576.jpg 768w, https:\/\/www.campingvaldevie.fr\/wp-content\/uploads\/2018\/03\/empl.jpg 1200w\" sizes=\"auto, (max-width: 1024px) 100vw, 1024px\" \/><\/figure><\/div>\n\n\n\n<div style=\"height:40px\" aria-hidden=\"true\" class=\"wp-block-spacer\"><\/div>\n\n\n\n<div class=\"wp-block-media-text is-stacked-on-mobile is-image-fill\" style=\"grid-template-columns:40% auto\"><figure class=\"wp-block-media-text__media\" style=\"background-image:url(https:\/\/www.campingvaldevie.fr\/wp-content\/uploads\/2018\/03\/empla1.jpg);background-position:50% 50%\"><img loading=\"lazy\" decoding=\"async\" width=\"960\" height=\"486\" src=\"https:\/\/www.campingvaldevie.fr\/wp-content\/uploads\/2018\/03\/empla1.jpg\" alt=\"pitch rental at the Saint Gilles Croix de Vie campsite\" class=\"wp-image-2775 size-full\" srcset=\"https:\/\/www.campingvaldevie.fr\/wp-content\/uploads\/2018\/03\/empla1.jpg 960w, https:\/\/www.campingvaldevie.fr\/wp-content\/uploads\/2018\/03\/empla1-300x152.jpg 300w, https:\/\/www.campingvaldevie.fr\/wp-content\/uploads\/2018\/03\/empla1-768x389.jpg 768w\" sizes=\"auto, (max-width: 960px) 100vw, 960px\" \/><\/figure><div class=\"wp-block-media-text__content\">\n<h2 class=\"wp-block-heading has-text-align-left\">Spacious, well-defined areas<\/h2>\n\n\n\n<p>Le <a href=\"\/en\/\">camping le Val de Vie<\/a>offers <strong>locations near Saint Gilles Croix de Vie<\/strong> spacious and delimited for greater privacy. There are activities for both children and adults. You will have access to the <a href=\"\/en\/camping-saint-gilles-croix-de-vie\/campsite-with-swimming-pool-saint-gilles-croix-de-vie\/\">swimming pool at this campsite near Saint Gilles Croix de Vie<\/a>. The <a href=\"\/en\/camping-saint-gilles-croix-de-vie\/camping-pas-cher-calme-proche-saint-gilles-croix-de-vie\/\">low prices offered by the campsite<\/a> to its customers, enabling them to make the most of all the activities in the campsite's surroundings. And God knows there are plenty of them in <strong>Vend\u00e9e<\/strong>.<\/p>\n<\/div><\/div>\n\n\n\n<div style=\"height:40px\" aria-hidden=\"true\" class=\"wp-block-spacer\"><\/div>\n\n\n\n<div class=\"wp-block-media-text has-media-on-the-right is-stacked-on-mobile is-image-fill\" style=\"grid-template-columns:auto 40%\"><div class=\"wp-block-media-text__content\">\n<h2 class=\"wp-block-heading has-text-align-left\">A change of scenery for a week or a weekend<\/h2>\n\n\n\n<p>In fact, this d\u00e9partement is very popular with tourists, which explains the large number of leisure parks located here. A stay in this <strong>campsite with pitch near Saint Gilles Croix de Vie<\/strong> in the mood? A weekend away with friends or family? Contact the campsite reception on 02 51 93 19 69. The owners will give you a warm welcome, and their undeniable desire to make your stay unforgettable.<\/p>\n\n\n\n<p>See also :<\/p>\n\n\n\n<ul class=\"wp-block-list\">\n<li><a href=\"\/en\/camping-saint-gilles-croix-de-vie\/family-campsite-saint-gilles-croix-de-vie\/\">family campsite near Saint Gilles Croix de Vie<\/a><\/li>\n\n\n\n<li><a href=\"\/en\/camping-saint-gilles-croix-de-vie\/last-minute-offers-saint-gilles-croix-de-vie\/\">last minute offers at this campsite near Saint Gilles Croix de Vie<\/a><\/li>\n\n\n\n<li><a href=\"\/en\/camping-saint-gilles-croix-de-vie\/mobile-home\/\">mobile home rental in Saint Gilles Croix de Vie<\/a><\/li>\n<\/ul>\n<\/div><figure class=\"wp-block-media-text__media\" style=\"background-image:url(https:\/\/www.campingvaldevie.fr\/wp-content\/uploads\/2018\/03\/stgillesxvie-1024x682.jpg);background-position:50% 50%\"><img loading=\"lazy\" decoding=\"async\" width=\"1024\" height=\"682\" src=\"https:\/\/www.campingvaldevie.fr\/wp-content\/uploads\/2018\/03\/stgillesxvie-1024x682.jpg\" alt=\"saint gilles croix de vie embankment beach\" class=\"wp-image-2776 size-full\" srcset=\"https:\/\/www.campingvaldevie.fr\/wp-content\/uploads\/2018\/03\/stgillesxvie-1024x682.jpg 1024w, https:\/\/www.campingvaldevie.fr\/wp-content\/uploads\/2018\/03\/stgillesxvie-300x200.jpg 300w, https:\/\/www.campingvaldevie.fr\/wp-content\/uploads\/2018\/03\/stgillesxvie-768x512.jpg 768w, https:\/\/www.campingvaldevie.fr\/wp-content\/uploads\/2018\/03\/stgillesxvie.jpg 1100w\" sizes=\"auto, (max-width: 1024px) 100vw, 1024px\" \/><\/figure><\/div>","protected":false},"excerpt":{"rendered":"<p>D\u00e9couvrez Saint Gilles Croix de Vie et ses jolies petites ruelles bord\u00e9es de magasins. Fl\u00e2nez le long de son charmant port (haut lieu de la p\u00eache \u00e0 la sardine) et admirez ses bateaux haut en couleur. Ses magnifiques plages de sable fin, sauvages pour certaines, id\u00e9ales pour bouquiner et se baigner. Son remblai, parfait pour [&hellip;]<\/p>\n","protected":false},"author":4,"featured_media":0,"parent":21135,"menu_order":0,"comment_status":"closed","ping_status":"closed","template":"","meta":{"_seopress_robots_primary_cat":"","_seopress_titles_title":"Location d&#039;emplacements spacieux au camping Saint Gilles Croix de Vie","_seopress_titles_desc":"R\u00e9servez sans plus tarder votre emplacement spacieux et intime au sein du camping le Val de Vie situ\u00e9 pr\u00e8s de Saint Gilles Croix de Vie","_seopress_robots_index":"","footnotes":""},"class_list":["post-22278","page","type-page","status-publish","hentry"],"_links":{"self":[{"href":"https:\/\/www.campingvaldevie.fr\/en\/wp-json\/wp\/v2\/pages\/22278","targetHints":{"allow":["GET"]}}],"collection":[{"href":"https:\/\/www.campingvaldevie.fr\/en\/wp-json\/wp\/v2\/pages"}],"about":[{"href":"https:\/\/www.campingvaldevie.fr\/en\/wp-json\/wp\/v2\/types\/page"}],"author":[{"embeddable":true,"href":"https:\/\/www.campingvaldevie.fr\/en\/wp-json\/wp\/v2\/users\/4"}],"replies":[{"embeddable":true,"href":"https:\/\/www.campingvaldevie.fr\/en\/wp-json\/wp\/v2\/comments?post=22278"}],"version-history":[{"count":6,"href":"https:\/\/www.campingvaldevie.fr\/en\/wp-json\/wp\/v2\/pages\/22278\/revisions"}],"predecessor-version":[{"id":22453,"href":"https:\/\/www.campingvaldevie.fr\/en\/wp-json\/wp\/v2\/pages\/22278\/revisions\/22453"}],"up":[{"embeddable":true,"href":"https:\/\/www.campingvaldevie.fr\/en\/wp-json\/wp\/v2\/pages\/21135"}],"wp:attachment":[{"href":"https:\/\/www.campingvaldevie.fr\/en\/wp-json\/wp\/v2\/media?parent=22278"}],"curies":[{"name":"wp","href":"https:\/\/api.w.org\/{rel}","templated":true}]}}