{"id":22284,"date":"2023-11-02T15:31:16","date_gmt":"2023-11-02T14:31:16","guid":{"rendered":"https:\/\/www.campingvaldevie.fr\/?page_id=22284"},"modified":"2024-07-24T09:40:43","modified_gmt":"2024-07-24T07:40:43","slug":"last-minute-offers-saint-gilles-croix-de-vie","status":"publish","type":"page","link":"https:\/\/www.campingvaldevie.fr\/en\/camping-saint-gilles-croix-de-vie\/offres-derniere-minute-saint-gilles-croix-de-vie\/","title":{"rendered":"Last minute offers Saint Gilles Croix de Vie"},"content":{"rendered":"<p>Discover the <a href=\"\/en\/camping-saint-gilles-croix-de-vie\/\">camping le Val de Vie near Saint Gilles Croix de Vie<\/a>. A structure <strong>4 stars<\/strong> located on the Vend\u00e9e coast. An authentic establishment for a simple holiday with your loved ones. For latecomers who book their holidays at the last minute, the <strong>campsite near Saint Gilles Croix de Vie<\/strong> offers <strong>last-minute offers<\/strong>. To make sure you don't miss any, visit their website regularly. That way you'll be able to find out all about what's on offer.<\/p>\n\n\n\n<div style=\"height:40px\" aria-hidden=\"true\" class=\"wp-block-spacer\"><\/div>\n\n\n\n<div class=\"wp-block-media-text has-media-on-the-right is-stacked-on-mobile is-image-fill\" style=\"grid-template-columns:auto 40%\"><div class=\"wp-block-media-text__content\">\n<h2 class=\"wp-block-heading has-text-align-left\">Last-minute offer at this campsite with swimming pool<\/h2>\n\n\n\n<p>Its location is the stuff of dreams. If you like peace and quiet, you'll love it. When you choose this campsite for your summer holidays, you'll be able to take advantage of the surrounding area for walks and fishing, as well as the fine sandy beaches just a few minutes away for a stroll. You can also take advantage of the swimming pool at this <a href=\"\/en\/camping-saint-gilles-croix-de-vie\/campsite-with-swimming-pool-saint-gilles-croix-de-vie\/\">campsite near Saint Gilles Croix de Vie<\/a>.<\/p>\n<\/div><figure class=\"wp-block-media-text__media\" style=\"background-image:url(https:\/\/www.campingvaldevie.fr\/wp-content\/uploads\/2022\/10\/piscine-1-1024x280.png);background-position:50% 50%\"><img loading=\"lazy\" decoding=\"async\" width=\"1024\" height=\"280\" src=\"https:\/\/www.campingvaldevie.fr\/wp-content\/uploads\/2022\/10\/piscine-1-1024x280.png\" alt=\"campsite with swimming pool vend\u00e9e\" class=\"wp-image-19257 size-full\" srcset=\"https:\/\/www.campingvaldevie.fr\/wp-content\/uploads\/2022\/10\/piscine-1-1024x280.png 1024w, https:\/\/www.campingvaldevie.fr\/wp-content\/uploads\/2022\/10\/piscine-1-300x82.png 300w, https:\/\/www.campingvaldevie.fr\/wp-content\/uploads\/2022\/10\/piscine-1-768x210.png 768w, https:\/\/www.campingvaldevie.fr\/wp-content\/uploads\/2022\/10\/piscine-1.png 1050w\" sizes=\"auto, (max-width: 1024px) 100vw, 1024px\" \/><\/figure><\/div>\n\n\n\n<div style=\"height:40px\" aria-hidden=\"true\" class=\"wp-block-spacer\"><\/div>\n\n\n\n<div class=\"wp-block-media-text is-stacked-on-mobile is-image-fill\"><figure class=\"wp-block-media-text__media\" style=\"background-image:url(https:\/\/www.campingvaldevie.fr\/wp-content\/uploads\/2022\/05\/IMG_8242.jpg);background-position:16% 50%\"><img loading=\"lazy\" decoding=\"async\" width=\"640\" height=\"480\" src=\"https:\/\/www.campingvaldevie.fr\/wp-content\/uploads\/2022\/05\/IMG_8242.jpg\" alt=\"\" class=\"wp-image-17201 size-full\" srcset=\"https:\/\/www.campingvaldevie.fr\/wp-content\/uploads\/2022\/05\/IMG_8242.jpg 640w, https:\/\/www.campingvaldevie.fr\/wp-content\/uploads\/2022\/05\/IMG_8242-300x225.jpg 300w\" sizes=\"auto, (max-width: 640px) 100vw, 640px\" \/><\/figure><div class=\"wp-block-media-text__content\">\n<h2 class=\"wp-block-heading has-text-align-left\">Discover the Vend\u00e9e<\/h2>\n\n\n\n<p>The Vend\u00e9e is a very popular tourist region, attracting many holidaymakers every year. Don't delay in taking advantage of the <strong>last-minute offers from the campsite<\/strong> near <a href=\"https:\/\/www.campingvaldevie.fr\/en\/tourism-vendee\/saint-gilles-croix-de-vie\/\">Saint Gilles Croix de Vie<\/a>. You are not immune to the fact that all the <a href=\"\/en\/camping-saint-gilles-croix-de-vie\/mobile-home\/\">mobile home rentals<\/a> are complete. You can now choose from a range of accommodation to suit your needs. All fully equipped. Whether you're a small or large family, you're bound to find something to suit you. The only thing you'll need to remember when you leave home is your summer clothes and swimming costume.<\/p>\n\n\n\n<p>At Val de Vie, you'll never be bored. A heated swimming pool is available for you to enjoy the Vend\u00e9e sunshine. Otherwise, during the week, the entertainment teams prepare activities for young and old alike. Are you looking forward to the holidays? Then take advantage of the <strong>last minute offers from the campsite near Saint Gilles Croix de Vie<\/strong>. Contact reception on 02 51 93 19 69.<\/p>\n\n\n\n<p>See also :<\/p>\n\n\n\n<ul class=\"wp-block-list\">\n<li><a href=\"\/en\/camping-saint-gilles-croix-de-vie\/family-campsite-saint-gilles-croix-de-vie\/\">family campsite near Saint Gilles Croix de Vie<\/a><\/li>\n\n\n\n<li><a href=\"\/en\/camping-saint-gilles-croix-de-vie\/camping-pas-cher-calme-proche-saint-gilles-croix-de-vie\/\">cheap camping near Saint Gilles Croix de Vie<\/a><\/li>\n\n\n\n<li><a href=\"\/en\/camping-saint-gilles-croix-de-vie\/campsite-with-pitch-near-saint-gilles-croix-de-vie\/\">camping pitches near Saint Gilles Croix de Vie<\/a><\/li>\n<\/ul>\n<\/div><\/div>","protected":false},"excerpt":{"rendered":"<p>D\u00e9couvrez le camping le Val de Vie pr\u00e8s de Saint Gilles Croix de Vie. Une structure 4 \u00e9toiles situ\u00e9e sur le littoral vend\u00e9en. Un \u00e9tablissement authentique pour des vacances en toute simplicit\u00e9 accompagn\u00e9 de vos proches. Pour les retardataires qui r\u00e9servent leurs vacances au dernier moment, le camping pr\u00e8s de Saint Gilles Croix de Vie [&hellip;]<\/p>\n","protected":false},"author":4,"featured_media":0,"parent":21135,"menu_order":0,"comment_status":"closed","ping_status":"closed","template":"","meta":{"_seopress_robots_primary_cat":"","_seopress_titles_title":"Vacances offres derni\u00e8re minute - Saint Gilles Croix de Vie","_seopress_titles_desc":"Vous attendez les vacances avec impatiente\u00a0? Alors, profitez des offres de derni\u00e8res minutes du camping pr\u00e8s de Saint Gilles Croix de Vie.","_seopress_robots_index":"","footnotes":""},"class_list":["post-22284","page","type-page","status-publish","hentry"],"_links":{"self":[{"href":"https:\/\/www.campingvaldevie.fr\/en\/wp-json\/wp\/v2\/pages\/22284","targetHints":{"allow":["GET"]}}],"collection":[{"href":"https:\/\/www.campingvaldevie.fr\/en\/wp-json\/wp\/v2\/pages"}],"about":[{"href":"https:\/\/www.campingvaldevie.fr\/en\/wp-json\/wp\/v2\/types\/page"}],"author":[{"embeddable":true,"href":"https:\/\/www.campingvaldevie.fr\/en\/wp-json\/wp\/v2\/users\/4"}],"replies":[{"embeddable":true,"href":"https:\/\/www.campingvaldevie.fr\/en\/wp-json\/wp\/v2\/comments?post=22284"}],"version-history":[{"count":7,"href":"https:\/\/www.campingvaldevie.fr\/en\/wp-json\/wp\/v2\/pages\/22284\/revisions"}],"predecessor-version":[{"id":25741,"href":"https:\/\/www.campingvaldevie.fr\/en\/wp-json\/wp\/v2\/pages\/22284\/revisions\/25741"}],"up":[{"embeddable":true,"href":"https:\/\/www.campingvaldevie.fr\/en\/wp-json\/wp\/v2\/pages\/21135"}],"wp:attachment":[{"href":"https:\/\/www.campingvaldevie.fr\/en\/wp-json\/wp\/v2\/media?parent=22284"}],"curies":[{"name":"wp","href":"https:\/\/api.w.org\/{rel}","templated":true}]}}