{"id":22290,"date":"2023-11-02T15:50:33","date_gmt":"2023-11-02T14:50:33","guid":{"rendered":"https:\/\/www.campingvaldevie.fr\/?page_id=22290"},"modified":"2025-09-08T10:48:51","modified_gmt":"2025-09-08T08:48:51","slug":"4-star-campsite-near-challans","status":"publish","type":"page","link":"https:\/\/www.campingvaldevie.fr\/en\/camping-4-etoiles-pres-de-challans\/","title":{"rendered":"4-star campsite near Challans"},"content":{"rendered":"<p>This summer, we're heading to <strong>Vend\u00e9e in the Pays de la Loire region<\/strong>&nbsp;! If you choose this option, you won't regret it! This region is a treasure trove of stunning landscapes, a host of <strong>beaches<\/strong> where you have more than a square metre to spread out your bath towel. Above all, you'll always be close to unspoilt nature, where flora and fauna have pride of place.<\/p>\n\n\n\n<div style=\"height:40px\" aria-hidden=\"true\" class=\"wp-block-spacer\"><\/div>\n\n\n\n<div class=\"wp-block-media-text has-media-on-the-right is-stacked-on-mobile is-image-fill\" style=\"grid-template-columns:auto 40%\"><div class=\"wp-block-media-text__content\">\n<h2 class=\"wp-block-heading has-text-align-left\">A campsite in the heart of nature<\/h2>\n\n\n\n<p>If you're a nature lover, you'll find at the <a href=\"\/en\/\">Val de Vie campsite in the Vend\u00e9e<\/a>a <strong>4-star campsite near Challans <\/strong>in the Pays de la Loire region, a wonderful place where peace and conviviality are values that are cultivated here all year round.<\/p>\n\n\n\n<p>If you're looking to recharge your batteries and recharge your batteries in the fresh air, this is the place to be. From this <strong>4-star campsite on the Challans side <\/strong>In Pays de la Loire, you can take to the cycle paths and footpaths to discover the magnificent countryside. And if you've come all this way, it's undoubtedly to see the ocean, so visit the ports of <strong>Saint Gilles Croix de Vie<\/strong> and <strong>Sables d'Olonne<\/strong>France's heritage. You can also spend a day at the <a href=\"\/en\/leisure-parks\/le-puy-du-fou\/\">Puy du Fou<\/a> or perhaps discover the Marais Poitevin, Saint-Jean-de-Monts, Saint-Hilaire-de-Riez or the Vend\u00e9e islands. There's so much to do...<\/p>\n<\/div><figure class=\"wp-block-media-text__media\" style=\"background-image:url(https:\/\/www.campingvaldevie.fr\/wp-content\/uploads\/2018\/02\/port-des-sables-sortie-bateau-IMG_9584-1024x682.jpg);background-position:50% 50%\"><img loading=\"lazy\" decoding=\"async\" width=\"1024\" height=\"682\" src=\"https:\/\/www.campingvaldevie.fr\/wp-content\/uploads\/2018\/02\/port-des-sables-sortie-bateau-IMG_9584-1024x682.jpg\" alt=\"port-des-sables-boat-exit\" class=\"wp-image-1884 size-full\" srcset=\"https:\/\/www.campingvaldevie.fr\/wp-content\/uploads\/2018\/02\/port-des-sables-sortie-bateau-IMG_9584-1024x682.jpg 1024w, https:\/\/www.campingvaldevie.fr\/wp-content\/uploads\/2018\/02\/port-des-sables-sortie-bateau-IMG_9584-300x200.jpg 300w, https:\/\/www.campingvaldevie.fr\/wp-content\/uploads\/2018\/02\/port-des-sables-sortie-bateau-IMG_9584-768x512.jpg 768w, https:\/\/www.campingvaldevie.fr\/wp-content\/uploads\/2018\/02\/port-des-sables-sortie-bateau-IMG_9584.jpg 1100w\" sizes=\"auto, (max-width: 1024px) 100vw, 1024px\" \/><\/figure><\/div>\n\n\n\n<div style=\"height:40px\" aria-hidden=\"true\" class=\"wp-block-spacer\"><\/div>\n\n\n\n<div class=\"wp-block-media-text is-stacked-on-mobile is-image-fill\" style=\"grid-template-columns:40% auto\"><figure class=\"wp-block-media-text__media\" style=\"background-image:url(https:\/\/www.campingvaldevie.fr\/wp-content\/uploads\/2021\/04\/location-mobil-home-piscine-couverte-challans.png);background-position:62% 51%\"><img loading=\"lazy\" decoding=\"async\" width=\"700\" height=\"394\" src=\"https:\/\/www.campingvaldevie.fr\/wp-content\/uploads\/2021\/04\/location-mobil-home-piscine-couverte-challans.png\" alt=\"mobile home rental covered swimming pool Challans\" class=\"wp-image-8614 size-full\" srcset=\"https:\/\/www.campingvaldevie.fr\/wp-content\/uploads\/2021\/04\/location-mobil-home-piscine-couverte-challans.png 700w, https:\/\/www.campingvaldevie.fr\/wp-content\/uploads\/2021\/04\/location-mobil-home-piscine-couverte-challans-300x169.png 300w\" sizes=\"auto, (max-width: 700px) 100vw, 700px\" \/><\/figure><div class=\"wp-block-media-text__content\">\n<h2 class=\"wp-block-heading has-text-align-left\">Rent a mobile home at the Challans campsite<\/h2>\n\n\n\n<p>Le<strong> 4-star campsite near Challans<\/strong> Val de Vie offers a unique camping experience with its <a href=\"https:\/\/www.campingvaldevie.fr\/en\/accommodation\/\">mobile home rentals<\/a> comfort and <strong>fully equipped<\/strong>. For your stay in the region as a couple, as a family with children or with friends, the holiday estate has the following facilities<strong>spacious, comfortable accommodation<\/strong>2 to 4 bedrooms, sleeping up to 8 people.<\/p>\n\n\n\n<p>Each location has a <strong>fitted kitchen<\/strong> as well as a dining and living area. <strong>private bathroom<\/strong> and at night, the bedrooms have single or double beds and storage space. The majority of mobile homes also have a bathroom. <strong>air conditioning<\/strong>. Finally, you can enjoy the fresh air at any time of day from the <strong>terrace<\/strong> of your mobile home rental.<\/p>\n\n\n\n<p>So book your mobile home rental today at <strong>campsite near Challans<\/strong> to discover all this wonderful place has to offer!<\/p>\n<\/div><\/div>\n\n\n\n<div style=\"height:40px\" aria-hidden=\"true\" class=\"wp-block-spacer\"><\/div>\n\n\n\n<div class=\"wp-block-columns is-layout-flex wp-container-core-columns-is-layout-9d6595d7 wp-block-columns-is-layout-flex\">\n<div class=\"wp-block-column is-layout-flow wp-block-column-is-layout-flow\" style=\"flex-basis:33.33%\">\n<div class=\"wp-block-create-block-sev-encartsimplebg aligncenter\"><aside class=\"encart-simplebg-sev small\"><a href=\"\/en\/accommodation\/#sev-gamme-standard\" class=\"d-flex flex-column align-items-center\"><div class=\"encart-title\"><span>Standard range from \u20ac199 per week<\/span><\/div><img decoding=\"async\" src=\"https:\/\/www.campingvaldevie.fr\/wp-content\/uploads\/2022\/03\/standard.jpg\" alt=\"standard range mobile home\"\/><button class=\"btn\"><\/button><\/a><\/aside><\/div>\n<\/div>\n\n\n\n<div class=\"wp-block-column is-layout-flow wp-block-column-is-layout-flow\" style=\"flex-basis:66.66%\">\n<div class=\"wp-block-create-block-sev-encartsimplebg\"><aside class=\"encart-simplebg-sev small\"><a href=\"\/en\/accommodation\/#sev-gamme-confort\" class=\"d-flex flex-column align-items-center\"><div class=\"encart-title\"><span>Comfort range from \u20ac269 per week<\/span><\/div><img decoding=\"async\" src=\"https:\/\/www.campingvaldevie.fr\/wp-content\/uploads\/2020\/12\/IMG_2469.jpg\" alt=\"exhibition\"\/><button class=\"btn\"><\/button><\/a><\/aside><\/div>\n<\/div>\n<\/div>\n\n\n\n<div class=\"wp-block-columns is-layout-flex wp-container-core-columns-is-layout-9d6595d7 wp-block-columns-is-layout-flex\">\n<div class=\"wp-block-column is-layout-flow wp-block-column-is-layout-flow\" style=\"flex-basis:66.66%\">\n<div class=\"wp-block-create-block-sev-encartsimplebg\"><aside class=\"encart-simplebg-sev small\"><a href=\"\/en\/accommodation\/#sev-gamme-premium\" class=\"d-flex flex-column align-items-center\"><div class=\"encart-title\"><span>Premium range from \u20ac379 per week<\/span><\/div><img decoding=\"async\" src=\"https:\/\/www.campingvaldevie.fr\/wp-content\/uploads\/2022\/07\/meilleur-petit-camping-saint-gilles-croix-de-vie.png\" alt=\"Best small campsite Saint Gilles croix de Vie\"\/><button class=\"btn\"><\/button><\/a><\/aside><\/div>\n<\/div>\n\n\n\n<div class=\"wp-block-column is-layout-flow wp-block-column-is-layout-flow\" style=\"flex-basis:33.33%\">\n<div class=\"wp-block-create-block-sev-encartsimplebg\"><aside class=\"encart-simplebg-sev small\"><a href=\"\/en\/location\/\" class=\"d-flex flex-column align-items-center\"><div class=\"encart-title\"><span>Pitches from \u20ac100 per week<\/span><\/div><img decoding=\"async\" src=\"https:\/\/www.campingvaldevie.fr\/wp-content\/uploads\/2019\/11\/emplacement-camping-taille-humaine-vendee.jpg\" alt=\"campsite on a human scale in the Vend\u00e9e\"\/><button class=\"btn\"><\/button><\/a><\/aside><\/div>\n<\/div>\n<\/div>\n\n\n\n<div class=\"wp-block-buttons alignwide is-layout-flex wp-block-buttons-is-layout-flex\">\n<div class=\"wp-block-button aligncenter\"><a class=\"wp-block-button__link wp-element-button\" href=\"\/en\/accommodation\/\">Discover the accommodation<\/a><\/div>\n<\/div>\n\n\n\n<div style=\"height:40px\" aria-hidden=\"true\" class=\"wp-block-spacer\"><\/div>\n\n\n\n<div class=\"wp-block-media-text has-media-on-the-right is-stacked-on-mobile is-image-fill\" style=\"grid-template-columns:auto 40%\"><div class=\"wp-block-media-text__content\">\n<h2 class=\"wp-block-heading has-text-align-left\">A campsite near Challans with a swimming pool<\/h2>\n\n\n\n<p>Le <strong>camping Challans in Vend\u00e9e<\/strong> offers holidaymakers access to its <strong>wonderful aquatic area<\/strong>. During your holidays, take advantage of the <a href=\"https:\/\/www.campingvaldevie.fr\/en\/the-pool\/\">heated and covered swimming pool<\/a> with an opening glass roof, and deckchairs along the water's edge. Outside, there is a <strong>solarium area<\/strong> to enjoy the region's superb climate. La <strong>campsite swimming pool<\/strong> has a number of advantages:<\/p>\n\n\n\n<ul class=\"wp-block-list\">\n<li>situated in the heart of nature, the panoramic view is perfect for feeling close to the environment<\/li>\n\n\n\n<li>the sunroof means you can enjoy a dip in the Vend\u00e9e sunshine, or during the cooler months, you can take a dip in a heated pool.<\/li>\n\n\n\n<li>you can take part in aquagym classes<\/li>\n<\/ul>\n\n\n\n<p>It's easy to see why this is one of the most popular campsites in the Vend\u00e9e.<\/p>\n<\/div><figure class=\"wp-block-media-text__media\" style=\"background-image:url(https:\/\/www.campingvaldevie.fr\/wp-content\/uploads\/2020\/04\/sejour-camping-avec-piscine-couverte-proche-de-challans.jpg);background-position:50% 50%\"><img loading=\"lazy\" decoding=\"async\" width=\"700\" height=\"525\" src=\"https:\/\/www.campingvaldevie.fr\/wp-content\/uploads\/2020\/04\/sejour-camping-avec-piscine-couverte-proche-de-challans.jpg\" alt=\"camping holiday with indoor swimming pool near Challans\" class=\"wp-image-6133 size-full\" srcset=\"https:\/\/www.campingvaldevie.fr\/wp-content\/uploads\/2020\/04\/sejour-camping-avec-piscine-couverte-proche-de-challans.jpg 700w, https:\/\/www.campingvaldevie.fr\/wp-content\/uploads\/2020\/04\/sejour-camping-avec-piscine-couverte-proche-de-challans-300x225.jpg 300w\" sizes=\"auto, (max-width: 700px) 100vw, 700px\" \/><\/figure><\/div>\n\n\n\n<div style=\"height:40px\" aria-hidden=\"true\" class=\"wp-block-spacer\"><\/div>\n\n\n\n<figure class=\"wp-block-gallery alignwide has-nested-images columns-default is-cropped wp-block-gallery-1 is-layout-flex wp-block-gallery-is-layout-flex\">\n<figure class=\"wp-block-image size-full\"><img loading=\"lazy\" decoding=\"async\" width=\"767\" height=\"717\" data-id=\"19691\" src=\"https:\/\/www.campingvaldevie.fr\/wp-content\/uploads\/2022\/11\/camping-piscine-valdevie.png\" alt=\"aquatic game val de vie\" class=\"wp-image-19691\" srcset=\"https:\/\/www.campingvaldevie.fr\/wp-content\/uploads\/2022\/11\/camping-piscine-valdevie.png 767w, https:\/\/www.campingvaldevie.fr\/wp-content\/uploads\/2022\/11\/camping-piscine-valdevie-300x280.png 300w\" sizes=\"auto, (max-width: 767px) 100vw, 767px\" \/><\/figure>\n\n\n\n<figure class=\"wp-block-image size-full\"><img loading=\"lazy\" decoding=\"async\" width=\"700\" height=\"525\" data-id=\"18871\" src=\"https:\/\/www.campingvaldevie.fr\/wp-content\/uploads\/2022\/09\/location-meilleur-petit-camping-proche-challans.jpg\" alt=\"rental Best small campsite near Challans\" class=\"wp-image-18871\" srcset=\"https:\/\/www.campingvaldevie.fr\/wp-content\/uploads\/2022\/09\/location-meilleur-petit-camping-proche-challans.jpg 700w, https:\/\/www.campingvaldevie.fr\/wp-content\/uploads\/2022\/09\/location-meilleur-petit-camping-proche-challans-300x225.jpg 300w\" sizes=\"auto, (max-width: 700px) 100vw, 700px\" \/><\/figure>\n<\/figure>\n\n\n\n<div style=\"height:40px\" aria-hidden=\"true\" class=\"wp-block-spacer\"><\/div>\n\n\n\n<div class=\"wp-block-media-text is-stacked-on-mobile is-image-fill\"><figure class=\"wp-block-media-text__media\" style=\"background-image:url(https:\/\/www.campingvaldevie.fr\/wp-content\/uploads\/2018\/01\/cartedevendee.jpg);background-position:50% 50%\"><img loading=\"lazy\" decoding=\"async\" width=\"912\" height=\"652\" src=\"https:\/\/www.campingvaldevie.fr\/wp-content\/uploads\/2018\/01\/cartedevendee.jpg\" alt=\"map of the vend\u00e9e\" class=\"wp-image-1494 size-full\" srcset=\"https:\/\/www.campingvaldevie.fr\/wp-content\/uploads\/2018\/01\/cartedevendee.jpg 912w, https:\/\/www.campingvaldevie.fr\/wp-content\/uploads\/2018\/01\/cartedevendee-300x214.jpg 300w, https:\/\/www.campingvaldevie.fr\/wp-content\/uploads\/2018\/01\/cartedevendee-768x549.jpg 768w\" sizes=\"auto, (max-width: 912px) 100vw, 912px\" \/><\/figure><div class=\"wp-block-media-text__content\">\n<h2 class=\"wp-block-heading has-text-align-left\">A haven of peace close to the beaches<\/h2>\n\n\n\n<p>The advantage to <strong>camping Le Val de Vie near Challans<\/strong>is that you will be at the crossroads of all activities, at <strong>15 minutes from the beach<\/strong>1 hour from the Puy du Fou or the Marais Poitevin, yet far from the summer crowds along the coast. <\/p>\n\n\n\n<p>For more information about this 4-star campsite and the things to do in the area, visit <a href=\"https:\/\/www.gochallansgois.fr\/\" target=\"_blank\" rel=\"noreferrer noopener\">Challans<\/a>Take the time to visit their website <a href=\"https:\/\/www.campingvaldevie.fr\/en\/\">www.campingvaldevie.fr<\/a> or call 02 51 93 19 69.<\/p>\n\n\n\n<div class=\"wp-block-buttons is-content-justification-center is-layout-flex wp-container-core-buttons-is-layout-16018d1d wp-block-buttons-is-layout-flex\">\n<div class=\"wp-block-button\"><a class=\"wp-block-button__link wp-element-button\" href=\"\/en\/tourism-vendee\/challans-tourism\/\">Our recommendations for visiting Challans<\/a><\/div>\n<\/div>\n<\/div><\/div>\n\n\n\n<div style=\"height:40px\" aria-hidden=\"true\" class=\"wp-block-spacer\"><\/div>\n\n\n\n<h2 class=\"wp-block-heading has-text-align-center\">The opinions of our valued holidaymakers<\/h2>\n\n\n\n<div class=\"wp-block-columns is-layout-flex wp-container-core-columns-is-layout-9d6595d7 wp-block-columns-is-layout-flex\">\n<div class=\"wp-block-column is-layout-flow wp-block-column-is-layout-flow\">\n<p>\"After a stay at the Val de Vie campsite, I've decided to give you my opinion, as I think it's the best campsite near Challans in France. I stayed here with my wife and two children aged 10 and 12. We all loved it. <strong>4-star campsite near Challans<\/strong>.<\/p>\n\n\n\n<h3 class=\"wp-block-heading has-text-align-left\">A PEACEFUL BREAK NEAR CHALLANS<\/h3>\n\n\n\n<p>What first appealed to us was the situation of the <strong>campsite near Challans<\/strong>. We were staying in a quiet place close to the beaches of the Vend\u00e9e in this <a href=\"https:\/\/www.campingvaldevie.fr\/wp-content\/uploads\/2020\/12\/camping-calme-et-nature-challans.jpg\" target=\"_blank\" rel=\"noreferrer noopener\">nature campsite near Challans<\/a>. A real plus, we were able to enjoy the peace and quiet, unlike the big seaside resorts which are often packed with people. We were able to visit some of them, such as Les Sables d'Olonne, Saint Jean de Monts and Noirmoutier. Resorts that, I agree, have an incomparable charm. We took full advantage of the coastal beaches and their fine sand.<\/p>\n\n\n\n<h3 class=\"wp-block-heading has-text-align-left\">ACTIVITIES FOR ALL THE FAMILY<\/h3>\n\n\n\n<p>As well as the beautiful scenery around the campsite, we also spent a lot of time in the pool area. The fact that the pool is heated meant we could enjoy it every day. It was a real pleasure to swim in the clear, refreshing water. The deckchairs all around the pool were perfect for drying off in the sun and getting some colour. In addition to the swimming pool at the campsite near Challans, the owners of the campsite organise some entertainment during the day and in the evening. The campsite corresponded perfectly to our idea of a holiday. That's why I've decided to leave you my opinion and tell you that, for me, this campsite was the perfect choice. <strong>camping is the best of <\/strong><strong>Challans<\/strong>.<\/p>\n\n\n\n<p>We have no regrets about our stay, the whole family loved it. We're sure that in a few years' time we'll be coming back to stay in one of the fully-equipped mobile homes on this site. <strong>4-star campsite near Challans<\/strong>. If you book and spend your holidays in the Val de Vie, please leave your opinion and tell me if you found it to be the best place to stay. <strong>the best campsite in Challans<\/strong>. \"<\/p>\n\n\n\n<p>- Story by Louis F -<\/p>\n<\/div>\n\n\n\n<div class=\"wp-block-column is-layout-flow wp-block-column-is-layout-flow\">\n<p>\"For me, the 4-star Val de Vie campsite is one of the best in the world. <strong>Best campsites around Challans<\/strong>. I stayed here a few years ago and have nothing but fond memories. Everything was perfect, from the welcome to the mobile home and the facilities, we were not disappointed once. After reading this, all you'll want to do is book your rental at camping le Val de Vie and enjoy such a memorable holiday.<\/p>\n\n\n\n<h2 class=\"wp-block-heading has-text-align-left\">A CAMPSITE IN THE HEART OF THE VEND\u00c9E<\/h2>\n\n\n\n<p>Unlike other campsites, the one that I find the best is located at <strong>Challans<\/strong>. A real haven of peace, far from the big seaside resorts that are overrun by holidaymakers in high season. We were in peace and quiet, in a wooded setting with a holiday atmosphere. When we arrived we received a warm welcome from the owners, who made us feel very welcome and at ease. They immediately guided us to our mobile home near Challans, which is very modern and has a terrace. There were no neighbours and all the plots were perfectly maintained.<\/p>\n\n\n\n<h2 class=\"wp-block-heading has-text-align-left\">EQUIPMENT FOR THE WHOLE FAMILY<\/h2>\n\n\n\n<p>The whole family had an unforgettable holiday. There was something for everyone. The children loved the pool. They had a blast while we read on the deckchairs under the sun. During the day and in the evening, the staff prepared entertainment and activities for us. They were always there for us, even when we had questions. They were the ones who gave us information on things to do and see around the campsite.<\/p>\n\n\n\n<p>Since my holiday at camping la Val de Vie I've been to other campsites, but I haven't found a better one than the one near Challans. I thought it was important to leave you my opinion so that you too can enjoy an exceptional holiday.<\/p>\n\n\n\n<p>- Story by Aline C -<\/p>\n<\/div>\n<\/div>\n\n\n\n<p>Read also :<\/p>\n\n\n\n<ul class=\"wp-block-list\">\n<li><a href=\"\/en\/4-star-campsite-near-challans\/small-campsite-with-swimming-pool-challans\/\">cheap camping near Challans<\/a><\/li>\n\n\n\n<li><a href=\"\/en\/4-star-campsite-near-challans\/campsite-with-pitch-challans\/\">pitches in campsites near Challans<\/a><\/li>\n\n\n\n<li><a href=\"\/en\/4-star-campsite-near-challans\/last-minute-camping-challans\/\">last minute offers at this campsite near Challans<\/a><\/li>\n\n\n\n<li><a href=\"\/en\/4-star-campsite-near-challans\/camping-peche-challans\/\">fishing campsite near Challans<\/a><\/li>\n<\/ul>","protected":false},"excerpt":{"rendered":"<p>Cet \u00e9t\u00e9, direction la Vend\u00e9e dans les Pays de la Loire&nbsp;! Si vous avez choisi cette option vous ne le regretterez pas ! Ce territoire rec\u00e8le de nombreux tr\u00e9sors, des paysages grandioses, des plages o\u00f9 vous avez plus d\u2019un m\u00b2 pour \u00e9tendre votre serviette de bain. Surtout, vous serez constamment \u00e0 proximit\u00e9 d\u2019une nature pr\u00e9serv\u00e9e [&hellip;]<\/p>\n","protected":false},"author":2,"featured_media":0,"parent":0,"menu_order":0,"comment_status":"closed","ping_status":"closed","template":"","meta":{"_seopress_robots_primary_cat":"","_seopress_titles_title":"Camping pr\u00e8s de Challans en Vend\u00e9e (85) dans camping 4 \u00e9toiles","_seopress_titles_desc":"Si vous \u00eates des amoureux de la nature, vous trouverez au camping Val de Vie, un camping 4 \u00e9toiles proche de Challans est fait pour vous","_seopress_robots_index":"","footnotes":""},"class_list":["post-22290","page","type-page","status-publish","hentry"],"_links":{"self":[{"href":"https:\/\/www.campingvaldevie.fr\/en\/wp-json\/wp\/v2\/pages\/22290","targetHints":{"allow":["GET"]}}],"collection":[{"href":"https:\/\/www.campingvaldevie.fr\/en\/wp-json\/wp\/v2\/pages"}],"about":[{"href":"https:\/\/www.campingvaldevie.fr\/en\/wp-json\/wp\/v2\/types\/page"}],"author":[{"embeddable":true,"href":"https:\/\/www.campingvaldevie.fr\/en\/wp-json\/wp\/v2\/users\/2"}],"replies":[{"embeddable":true,"href":"https:\/\/www.campingvaldevie.fr\/en\/wp-json\/wp\/v2\/comments?post=22290"}],"version-history":[{"count":9,"href":"https:\/\/www.campingvaldevie.fr\/en\/wp-json\/wp\/v2\/pages\/22290\/revisions"}],"predecessor-version":[{"id":25143,"href":"https:\/\/www.campingvaldevie.fr\/en\/wp-json\/wp\/v2\/pages\/22290\/revisions\/25143"}],"wp:attachment":[{"href":"https:\/\/www.campingvaldevie.fr\/en\/wp-json\/wp\/v2\/media?parent=22290"}],"curies":[{"name":"wp","href":"https:\/\/api.w.org\/{rel}","templated":true}]}}