{"id":22303,"date":"2023-11-02T16:30:22","date_gmt":"2023-11-02T15:30:22","guid":{"rendered":"https:\/\/www.campingvaldevie.fr\/?page_id=22303"},"modified":"2024-07-24T09:35:42","modified_gmt":"2024-07-24T07:35:42","slug":"mobile-home-rental-challans","status":"publish","type":"page","link":"https:\/\/www.campingvaldevie.fr\/en\/camping-4-etoiles-pres-de-challans\/location-mobil-home-challans\/","title":{"rendered":"Mobile home rental Challans"},"content":{"rendered":"<p>Our family fell in love with a small town called Challans, and more specifically with the <a href=\"\/en\/4-star-campsite-near-challans\/\">camping Le Val de Vie near Challans<\/a>. For several years now, we have spent some of the best holidays in the world at this campsite. <strong>mobile home rental<\/strong>. We were immediately won over by the relaxed, family-friendly atmosphere of the campsite. What we really like is the proximity of <a href=\"\/en\/tourism-vendee\/challans-tourism\/\"><strong>Challans<\/strong><\/a>equipment such as the <strong>indoor swimming pool<\/strong> and on-site entertainment.<\/p>\n\n\n\n<div style=\"height:40px\" aria-hidden=\"true\" class=\"wp-block-spacer\"><\/div>\n\n\n\n<div class=\"wp-block-media-text has-media-on-the-right is-stacked-on-mobile is-image-fill\" style=\"grid-template-columns:auto 40%\"><div class=\"wp-block-media-text__content\">\n<h2 class=\"wp-block-heading has-text-align-left\">Mobile home equipment Challans<\/h2>\n\n\n\n<p>Every year, the campsite's facilities allow us to enjoy a real holiday right on the campsite. Share moments of relaxation and fun with your family in the <strong>indoor swimming pool<\/strong> the campsite's heated pool. You'll be able to enjoy a range of activities on the campsite and in the surrounding area. Petanque competitions, wine tasting, aquagym, dance initiation and many other activities will be on offer. Come and enjoy <strong>mobile home rental in Challans<\/strong> to discover a relaxing space for all the family. Children who like to have fun and be active can discover the playground, trampoline, giant power 4 and table football.<\/p>\n<\/div><figure class=\"wp-block-media-text__media\" style=\"background-image:url(https:\/\/www.campingvaldevie.fr\/wp-content\/uploads\/2021\/04\/location-mobil-home-piscine-couverte-challans.png);background-position:50% 50%\"><img loading=\"lazy\" decoding=\"async\" width=\"700\" height=\"394\" src=\"https:\/\/www.campingvaldevie.fr\/wp-content\/uploads\/2021\/04\/location-mobil-home-piscine-couverte-challans.png\" alt=\"mobile home rental covered swimming pool Challans\" class=\"wp-image-8614 size-full\" srcset=\"https:\/\/www.campingvaldevie.fr\/wp-content\/uploads\/2021\/04\/location-mobil-home-piscine-couverte-challans.png 700w, https:\/\/www.campingvaldevie.fr\/wp-content\/uploads\/2021\/04\/location-mobil-home-piscine-couverte-challans-300x169.png 300w\" sizes=\"auto, (max-width: 700px) 100vw, 700px\" \/><\/figure><\/div>\n\n\n\n<div style=\"height:40px\" aria-hidden=\"true\" class=\"wp-block-spacer\"><\/div>\n\n\n\n<div class=\"wp-block-media-text is-stacked-on-mobile is-image-fill\" style=\"grid-template-columns:40% auto\"><figure class=\"wp-block-media-text__media\" style=\"background-image:url(https:\/\/www.campingvaldevie.fr\/wp-content\/uploads\/2022\/12\/lac-apremont-1024x683.jpg);background-position:50% 50%\"><img loading=\"lazy\" decoding=\"async\" width=\"1024\" height=\"683\" src=\"https:\/\/www.campingvaldevie.fr\/wp-content\/uploads\/2022\/12\/lac-apremont-1024x683.jpg\" alt=\"Lake Apremont\" class=\"wp-image-20331 size-full\" srcset=\"https:\/\/www.campingvaldevie.fr\/wp-content\/uploads\/2022\/12\/lac-apremont-1024x683.jpg 1024w, https:\/\/www.campingvaldevie.fr\/wp-content\/uploads\/2022\/12\/lac-apremont-300x200.jpg 300w, https:\/\/www.campingvaldevie.fr\/wp-content\/uploads\/2022\/12\/lac-apremont-768x512.jpg 768w, https:\/\/www.campingvaldevie.fr\/wp-content\/uploads\/2022\/12\/lac-apremont.jpg 1200w\" sizes=\"auto, (max-width: 1024px) 100vw, 1024px\" \/><\/figure><div class=\"wp-block-media-text__content\">\n<h2 class=\"wp-block-heading has-text-align-left\">Near Challans<\/h2>\n\n\n\n<p>Le <a href=\"\/en\/\">camping Val de Vie<\/a> we also like its ideal proximity to the surrounding area. Close to the campsite you'll find Lake Apremont, its castle and its leisure centre. At the lake, just a 2-minute walk from the campsite, you can get back to nature and enjoy lovely walks and delicious picnics. Visit the leisure centre for canoeing or simply to swim and enjoy the fine sand. Finally, if you want to get to grips with history, visit Apremont castle and the surrounding area. If you're a keen cyclist, there are plenty of cycle paths close to the campsite to take you to these destinations.<\/p>\n<\/div><\/div>\n\n\n\n<div style=\"height:40px\" aria-hidden=\"true\" class=\"wp-block-spacer\"><\/div>\n\n\n\n<p>So do what we do and pack your bags for a holiday in <strong>mobile home rental<\/strong> with <strong>indoor swimming pool in Challans<\/strong>. For more information or to make a reservation, please contact us on 02 51 93 19 69.<\/p>\n\n\n\n<p>See also :<\/p>\n\n\n\n<ul class=\"wp-block-list\">\n<li><a href=\"\/en\/4-star-campsite-near-challans\/mobile-home-rental-challans\/\">mobile home rental near Challans<\/a><\/li>\n\n\n\n<li><a href=\"\/en\/4-star-campsite-near-challans\/last-minute-camping-challans\/\">last-minute deals near Challans<\/a><\/li>\n\n\n\n<li><a href=\"\/en\/4-star-campsite-near-challans\/camping-peche-challans\/\">fishing campsite near Challans<\/a><\/li>\n\n\n\n<li><a href=\"\/en\/4-star-campsite-near-challans\/calm-and-nature-campsite-challans\/\">quiet, natural campsite near Challans<\/a><\/li>\n\n\n\n<li><a href=\"\/en\/4-star-campsite-near-challans\/campsite-with-pitch-challans\/\">locations near Challans<\/a><\/li>\n\n\n\n<li><a href=\"\/en\/4-star-campsite-near-challans\/small-campsite-with-swimming-pool-challans\/\">swimming pool at the campsite near Challans<\/a><\/li>\n<\/ul>","protected":false},"excerpt":{"rendered":"<p>Notre famille est tomb\u00e9e amoureuse d\u2019une petite ville nomm\u00e9e Challans et plus pr\u00e9cis\u00e9ment du camping Le Val de Vie \u00e0 proximit\u00e9 de Challans. Nous avons depuis quelques ann\u00e9es, dans ce camping, pass\u00e9 les plus belles vacances en location de mobil home. L\u2019ambiance d\u00e9tendue, familiale et conviviale du camping nous a imm\u00e9diatement s\u00e9duite. Ce que nous [&hellip;]<\/p>\n","protected":false},"author":4,"featured_media":0,"parent":22290,"menu_order":0,"comment_status":"closed","ping_status":"closed","template":"","meta":{"_seopress_robots_primary_cat":"","_seopress_titles_title":"Location mobil home pr\u00e8s de Challans - Camping 4 \u00e9toiles en Vend\u00e9e","_seopress_titles_desc":"Alors faites comme nous, pr\u00e9parez vos valises pour des vacances en location de mobil home avec piscine couverte \u00e0 Challans.","_seopress_robots_index":"","footnotes":""},"class_list":["post-22303","page","type-page","status-publish","hentry"],"_links":{"self":[{"href":"https:\/\/www.campingvaldevie.fr\/en\/wp-json\/wp\/v2\/pages\/22303","targetHints":{"allow":["GET"]}}],"collection":[{"href":"https:\/\/www.campingvaldevie.fr\/en\/wp-json\/wp\/v2\/pages"}],"about":[{"href":"https:\/\/www.campingvaldevie.fr\/en\/wp-json\/wp\/v2\/types\/page"}],"author":[{"embeddable":true,"href":"https:\/\/www.campingvaldevie.fr\/en\/wp-json\/wp\/v2\/users\/4"}],"replies":[{"embeddable":true,"href":"https:\/\/www.campingvaldevie.fr\/en\/wp-json\/wp\/v2\/comments?post=22303"}],"version-history":[{"count":9,"href":"https:\/\/www.campingvaldevie.fr\/en\/wp-json\/wp\/v2\/pages\/22303\/revisions"}],"predecessor-version":[{"id":25736,"href":"https:\/\/www.campingvaldevie.fr\/en\/wp-json\/wp\/v2\/pages\/22303\/revisions\/25736"}],"up":[{"embeddable":true,"href":"https:\/\/www.campingvaldevie.fr\/en\/wp-json\/wp\/v2\/pages\/22290"}],"wp:attachment":[{"href":"https:\/\/www.campingvaldevie.fr\/en\/wp-json\/wp\/v2\/media?parent=22303"}],"curies":[{"name":"wp","href":"https:\/\/api.w.org\/{rel}","templated":true}]}}